{"id":4010,"date":"2025-11-21T11:13:33","date_gmt":"2025-11-21T09:13:33","guid":{"rendered":"https:\/\/medinstrus.lt\/?post_type=product&#038;p=4010"},"modified":"2025-11-21T11:33:41","modified_gmt":"2025-11-21T09:33:41","slug":"zulu-2h-copy","status":"publish","type":"product","link":"https:\/\/medinstrus.lt\/es\/producto\/zulu-2h-copy\/","title":{"rendered":"Zul\u00fa 2H (Copy)"},"content":{"rendered":"<p><strong>Caracter\u00edsticas principales:<\/strong><\/p>\n<ul>\n<li><strong>Soporte para Instrumentos Pesados:<\/strong> Dise\u00f1ado para soportar instrumentos de diagn\u00f3stico pesados como el OCT, proporcionando estabilidad y seguridad.<\/li>\n<li><strong>Tablero Deslizante y Giratorio:<\/strong> El tablero de la mesa puede deslizarse y girar, bloque\u00e1ndose frente al paciente para un acceso \u00f3ptimo y facilidad de uso.<\/li>\n<li><strong>Flexibilidad est\u00e9tica:<\/strong> Elige entre una variedad de colores para las piezas met\u00e1licas, la silla y el tablero de la mesa para que combinen con la decoraci\u00f3n de tu consulta y mejoren su aspecto profesional.<\/li>\n<\/ul>\n<p><strong>Adaptaci\u00f3n y personalizaci\u00f3n:<\/strong><\/p>\n<p>Cada unidad de la serie Zulu ofrece amplias opciones de personalizaci\u00f3n para garantizar que encajen perfectamente en el entorno de tu consulta. Puedes elegir entre varios colores para las piezas met\u00e1licas, la silla y el tablero, lo que te permite crear una unidad que refleje el estilo de tu consulta y mejore su aspecto profesional. <\/p>\n<p>Adem\u00e1s, el dise\u00f1o ergon\u00f3mico de los sillones y las superficies de trabajo garantiza la comodidad tanto de los pacientes como de los facultativos, contribuyendo a un proceso de examen m\u00e1s agradable y eficiente. Los sistemas integrados de gesti\u00f3n de cables ayudan a mantener un espacio de trabajo limpio y organizado, reduciendo el desorden y mejorando la seguridad. <\/p>\n<p><strong>\u00bfPor qu\u00e9 elegir la serie Zulu?<\/strong><\/p>\n<ul>\n<li><strong>Flujo de trabajo mejorado:<\/strong> El dise\u00f1o ergon\u00f3mico y modular de la serie Zulu mejora la eficiencia del flujo de trabajo, lo que permite a los facultativos realizar las exploraciones con mayor eficacia.<\/li>\n<li><strong>Confort para el paciente:<\/strong> Los sillones ajustables para pacientes y las superficies de trabajo bien dise\u00f1adas garantizan la m\u00e1xima comodidad para los pacientes durante su visita.<\/li>\n<li><strong>Personalizaci\u00f3n:<\/strong> La posibilidad de personalizar cada unidad para adaptarla a necesidades espec\u00edficas convierte a la serie Zulu en un complemento vers\u00e1til para cualquier consulta oftalmol\u00f3gica.<\/li>\n<li><strong>Aspecto profesional:<\/strong> El dise\u00f1o elegante y moderno de la serie Zulu contribuye a crear un entorno profesional y acogedor en la consulta.<\/li>\n<\/ul>\n<p>Eleva la atenci\u00f3n a tus pacientes y la eficiencia operativa con la serie Zulu, que ofrece funcionalidad avanzada y opciones de dise\u00f1o personalizadas para satisfacer las necesidades \u00fanicas de tu consulta oftalmol\u00f3gica.<\/p>\n","protected":false},"excerpt":{"rendered":"<p><strong>Unidad de refracci\u00f3n Zulu 2H<\/strong><\/p>\n<p>La Zulu 2H est\u00e1 dise\u00f1ada espec\u00edficamente para consultas que utilizan instrumentos pesados, como el TCO. Dispone de tableros deslizantes y giratorios que se pueden bloquear delante del paciente, garantizando estabilidad y facilidad de uso. <\/p>\n","protected":false},"featured_media":4044,"comment_status":"closed","ping_status":"closed","template":"","meta":{"_acf_changed":false},"product_brand":[],"product_cat":[162],"product_tag":[331],"class_list":{"0":"post-4010","1":"product","2":"type-product","3":"status-publish","4":"has-post-thumbnail","6":"product_cat-unidades-de-refraccion","7":"product_tag-puesto-de-trabajo-oftalmologico","9":"first","10":"instock","11":"shipping-taxable","12":"product-type-simple"},"acf":[],"gallery_images":[4031,4032,4033,4034,4035,4036,4037],"yoast_head":"<!-- This site is optimized with the Yoast SEO Premium plugin v27.4 (Yoast SEO v27.4) - https:\/\/yoast.com\/product\/yoast-seo-premium-wordpress\/ -->\n<title>Zul\u00fa 2H (Copy) - Medinstrus<\/title>\n<meta name=\"robots\" content=\"index, follow, max-snippet:-1, max-image-preview:large, max-video-preview:-1\" \/>\n<link rel=\"canonical\" href=\"https:\/\/medinstrus.lt\/es\/producto\/zulu-2h-copy\/\" \/>\n<meta property=\"og:locale\" content=\"es_ES\" \/>\n<meta property=\"og:type\" content=\"article\" \/>\n<meta property=\"og:title\" content=\"Zul\u00fa 2H (Copy)\" \/>\n<meta property=\"og:description\" content=\"Unidad de refracci\u00f3n Zulu 2H La Zulu 2H est\u00e1 dise\u00f1ada espec\u00edficamente para consultas que utilizan instrumentos pesados, como el TCO. Dispone de tableros deslizantes y giratorios que se pueden bloquear delante del paciente, garantizando estabilidad y facilidad de uso.\" \/>\n<meta property=\"og:url\" content=\"https:\/\/medinstrus.lt\/es\/producto\/zulu-2h-copy\/\" \/>\n<meta property=\"og:site_name\" content=\"Medinstrus\" \/>\n<meta property=\"article:publisher\" content=\"https:\/\/www.facebook.com\/medinstrus\/\" \/>\n<meta property=\"article:modified_time\" content=\"2025-11-21T09:33:41+00:00\" \/>\n<meta property=\"og:image\" content=\"https:\/\/medinstrus.lt\/wp-content\/uploads\/2025\/11\/Zulu-1_E-53-white.jpg\" \/>\n\t<meta property=\"og:image:width\" content=\"1365\" \/>\n\t<meta property=\"og:image:height\" content=\"2048\" \/>\n\t<meta property=\"og:image:type\" content=\"image\/jpeg\" \/>\n<meta name=\"twitter:card\" content=\"summary_large_image\" \/>\n<meta name=\"twitter:label1\" content=\"Tiempo de lectura\" \/>\n\t<meta name=\"twitter:data1\" content=\"2 minutos\" \/>\n<script type=\"application\/ld+json\" class=\"yoast-schema-graph\">{\"@context\":\"https:\\\/\\\/schema.org\",\"@graph\":[{\"@type\":\"WebPage\",\"@id\":\"https:\\\/\\\/medinstrus.lt\\\/es\\\/producto\\\/zulu-2h-copy\\\/\",\"url\":\"https:\\\/\\\/medinstrus.lt\\\/es\\\/producto\\\/zulu-2h-copy\\\/\",\"name\":\"Zul\u00fa 2H (Copy) - Medinstrus\",\"isPartOf\":{\"@id\":\"https:\\\/\\\/medinstrus.lt\\\/es\\\/#website\"},\"primaryImageOfPage\":{\"@id\":\"https:\\\/\\\/medinstrus.lt\\\/es\\\/producto\\\/zulu-2h-copy\\\/#primaryimage\"},\"image\":{\"@id\":\"https:\\\/\\\/medinstrus.lt\\\/es\\\/producto\\\/zulu-2h-copy\\\/#primaryimage\"},\"thumbnailUrl\":\"https:\\\/\\\/medinstrus.lt\\\/wp-content\\\/uploads\\\/2025\\\/11\\\/Medinstrus-99-whitebg.jpg\",\"datePublished\":\"2025-11-21T09:13:33+00:00\",\"dateModified\":\"2025-11-21T09:33:41+00:00\",\"breadcrumb\":{\"@id\":\"https:\\\/\\\/medinstrus.lt\\\/es\\\/producto\\\/zulu-2h-copy\\\/#breadcrumb\"},\"inLanguage\":\"es\",\"potentialAction\":[{\"@type\":\"ReadAction\",\"target\":[\"https:\\\/\\\/medinstrus.lt\\\/es\\\/producto\\\/zulu-2h-copy\\\/\"]}]},{\"@type\":\"ImageObject\",\"inLanguage\":\"es\",\"@id\":\"https:\\\/\\\/medinstrus.lt\\\/es\\\/producto\\\/zulu-2h-copy\\\/#primaryimage\",\"url\":\"https:\\\/\\\/medinstrus.lt\\\/wp-content\\\/uploads\\\/2025\\\/11\\\/Medinstrus-99-whitebg.jpg\",\"contentUrl\":\"https:\\\/\\\/medinstrus.lt\\\/wp-content\\\/uploads\\\/2025\\\/11\\\/Medinstrus-99-whitebg.jpg\",\"width\":1365,\"height\":2048},{\"@type\":\"BreadcrumbList\",\"@id\":\"https:\\\/\\\/medinstrus.lt\\\/es\\\/producto\\\/zulu-2h-copy\\\/#breadcrumb\",\"itemListElement\":[{\"@type\":\"ListItem\",\"position\":1,\"name\":\"Home\",\"item\":\"https:\\\/\\\/medinstrus.lt\\\/es\\\/pagina-de-inicio\\\/\"},{\"@type\":\"ListItem\",\"position\":2,\"name\":\"Tienda\",\"item\":\"https:\\\/\\\/medinstrus.lt\\\/es\\\/tienda\\\/\"},{\"@type\":\"ListItem\",\"position\":3,\"name\":\"Unidades de refracci\u00f3n\",\"item\":\"https:\\\/\\\/medinstrus.lt\\\/es\\\/product-category\\\/unidades-de-refraccion\\\/\"},{\"@type\":\"ListItem\",\"position\":4,\"name\":\"Zul\u00fa 2H (Copy)\"}]},{\"@type\":\"WebSite\",\"@id\":\"https:\\\/\\\/medinstrus.lt\\\/es\\\/#website\",\"url\":\"https:\\\/\\\/medinstrus.lt\\\/es\\\/\",\"name\":\"https:\\\/\\\/medinstrus.com\\\/\",\"description\":\"Simplicity combined with functionality.\",\"publisher\":{\"@id\":\"https:\\\/\\\/medinstrus.lt\\\/es\\\/#organization\"},\"potentialAction\":[{\"@type\":\"SearchAction\",\"target\":{\"@type\":\"EntryPoint\",\"urlTemplate\":\"https:\\\/\\\/medinstrus.lt\\\/es\\\/?s={search_term_string}\"},\"query-input\":{\"@type\":\"PropertyValueSpecification\",\"valueRequired\":true,\"valueName\":\"search_term_string\"}}],\"inLanguage\":\"es\"},{\"@type\":\"Organization\",\"@id\":\"https:\\\/\\\/medinstrus.lt\\\/es\\\/#organization\",\"name\":\"Medinstrus\",\"url\":\"https:\\\/\\\/medinstrus.lt\\\/es\\\/\",\"logo\":{\"@type\":\"ImageObject\",\"inLanguage\":\"es\",\"@id\":\"https:\\\/\\\/medinstrus.lt\\\/es\\\/#\\\/schema\\\/logo\\\/image\\\/\",\"url\":\"https:\\\/\\\/medinstrus.lt\\\/wp-content\\\/uploads\\\/2025\\\/02\\\/Medinstrus-v1.png\",\"contentUrl\":\"https:\\\/\\\/medinstrus.lt\\\/wp-content\\\/uploads\\\/2025\\\/02\\\/Medinstrus-v1.png\",\"width\":723,\"height\":96,\"caption\":\"Medinstrus\"},\"image\":{\"@id\":\"https:\\\/\\\/medinstrus.lt\\\/es\\\/#\\\/schema\\\/logo\\\/image\\\/\"},\"sameAs\":[\"https:\\\/\\\/www.facebook.com\\\/medinstrus\\\/\",\"https:\\\/\\\/www.instagram.com\\\/Medinstrus\"]}]}<\/script>\n<!-- \/ Yoast SEO Premium plugin. -->","yoast_head_json":{"title":"Zul\u00fa 2H (Copy) - Medinstrus","robots":{"index":"index","follow":"follow","max-snippet":"max-snippet:-1","max-image-preview":"max-image-preview:large","max-video-preview":"max-video-preview:-1"},"canonical":"https:\/\/medinstrus.lt\/es\/producto\/zulu-2h-copy\/","og_locale":"es_ES","og_type":"article","og_title":"Zul\u00fa 2H (Copy)","og_description":"Unidad de refracci\u00f3n Zulu 2H La Zulu 2H est\u00e1 dise\u00f1ada espec\u00edficamente para consultas que utilizan instrumentos pesados, como el TCO. Dispone de tableros deslizantes y giratorios que se pueden bloquear delante del paciente, garantizando estabilidad y facilidad de uso.","og_url":"https:\/\/medinstrus.lt\/es\/producto\/zulu-2h-copy\/","og_site_name":"Medinstrus","article_publisher":"https:\/\/www.facebook.com\/medinstrus\/","article_modified_time":"2025-11-21T09:33:41+00:00","og_image":[{"width":1365,"height":2048,"url":"https:\/\/medinstrus.lt\/wp-content\/uploads\/2025\/11\/Zulu-1_E-53-white.jpg","type":"image\/jpeg"}],"twitter_card":"summary_large_image","twitter_misc":{"Tiempo de lectura":"2 minutos"},"schema":{"@context":"https:\/\/schema.org","@graph":[{"@type":"WebPage","@id":"https:\/\/medinstrus.lt\/es\/producto\/zulu-2h-copy\/","url":"https:\/\/medinstrus.lt\/es\/producto\/zulu-2h-copy\/","name":"Zul\u00fa 2H (Copy) - Medinstrus","isPartOf":{"@id":"https:\/\/medinstrus.lt\/es\/#website"},"primaryImageOfPage":{"@id":"https:\/\/medinstrus.lt\/es\/producto\/zulu-2h-copy\/#primaryimage"},"image":{"@id":"https:\/\/medinstrus.lt\/es\/producto\/zulu-2h-copy\/#primaryimage"},"thumbnailUrl":"https:\/\/medinstrus.lt\/wp-content\/uploads\/2025\/11\/Medinstrus-99-whitebg.jpg","datePublished":"2025-11-21T09:13:33+00:00","dateModified":"2025-11-21T09:33:41+00:00","breadcrumb":{"@id":"https:\/\/medinstrus.lt\/es\/producto\/zulu-2h-copy\/#breadcrumb"},"inLanguage":"es","potentialAction":[{"@type":"ReadAction","target":["https:\/\/medinstrus.lt\/es\/producto\/zulu-2h-copy\/"]}]},{"@type":"ImageObject","inLanguage":"es","@id":"https:\/\/medinstrus.lt\/es\/producto\/zulu-2h-copy\/#primaryimage","url":"https:\/\/medinstrus.lt\/wp-content\/uploads\/2025\/11\/Medinstrus-99-whitebg.jpg","contentUrl":"https:\/\/medinstrus.lt\/wp-content\/uploads\/2025\/11\/Medinstrus-99-whitebg.jpg","width":1365,"height":2048},{"@type":"BreadcrumbList","@id":"https:\/\/medinstrus.lt\/es\/producto\/zulu-2h-copy\/#breadcrumb","itemListElement":[{"@type":"ListItem","position":1,"name":"Home","item":"https:\/\/medinstrus.lt\/es\/pagina-de-inicio\/"},{"@type":"ListItem","position":2,"name":"Tienda","item":"https:\/\/medinstrus.lt\/es\/tienda\/"},{"@type":"ListItem","position":3,"name":"Unidades de refracci\u00f3n","item":"https:\/\/medinstrus.lt\/es\/product-category\/unidades-de-refraccion\/"},{"@type":"ListItem","position":4,"name":"Zul\u00fa 2H (Copy)"}]},{"@type":"WebSite","@id":"https:\/\/medinstrus.lt\/es\/#website","url":"https:\/\/medinstrus.lt\/es\/","name":"https:\/\/medinstrus.com\/","description":"Simplicity combined with functionality.","publisher":{"@id":"https:\/\/medinstrus.lt\/es\/#organization"},"potentialAction":[{"@type":"SearchAction","target":{"@type":"EntryPoint","urlTemplate":"https:\/\/medinstrus.lt\/es\/?s={search_term_string}"},"query-input":{"@type":"PropertyValueSpecification","valueRequired":true,"valueName":"search_term_string"}}],"inLanguage":"es"},{"@type":"Organization","@id":"https:\/\/medinstrus.lt\/es\/#organization","name":"Medinstrus","url":"https:\/\/medinstrus.lt\/es\/","logo":{"@type":"ImageObject","inLanguage":"es","@id":"https:\/\/medinstrus.lt\/es\/#\/schema\/logo\/image\/","url":"https:\/\/medinstrus.lt\/wp-content\/uploads\/2025\/02\/Medinstrus-v1.png","contentUrl":"https:\/\/medinstrus.lt\/wp-content\/uploads\/2025\/02\/Medinstrus-v1.png","width":723,"height":96,"caption":"Medinstrus"},"image":{"@id":"https:\/\/medinstrus.lt\/es\/#\/schema\/logo\/image\/"},"sameAs":["https:\/\/www.facebook.com\/medinstrus\/","https:\/\/www.instagram.com\/Medinstrus"]}]}},"_links":{"self":[{"href":"https:\/\/medinstrus.lt\/es\/wp-json\/wp\/v2\/product\/4010","targetHints":{"allow":["GET"]}}],"collection":[{"href":"https:\/\/medinstrus.lt\/es\/wp-json\/wp\/v2\/product"}],"about":[{"href":"https:\/\/medinstrus.lt\/es\/wp-json\/wp\/v2\/types\/product"}],"replies":[{"embeddable":true,"href":"https:\/\/medinstrus.lt\/es\/wp-json\/wp\/v2\/comments?post=4010"}],"wp:featuredmedia":[{"embeddable":true,"href":"https:\/\/medinstrus.lt\/es\/wp-json\/wp\/v2\/media\/4044"}],"wp:attachment":[{"href":"https:\/\/medinstrus.lt\/es\/wp-json\/wp\/v2\/media?parent=4010"}],"wp:term":[{"taxonomy":"product_brand","embeddable":true,"href":"https:\/\/medinstrus.lt\/es\/wp-json\/wp\/v2\/product_brand?post=4010"},{"taxonomy":"product_cat","embeddable":true,"href":"https:\/\/medinstrus.lt\/es\/wp-json\/wp\/v2\/product_cat?post=4010"},{"taxonomy":"product_tag","embeddable":true,"href":"https:\/\/medinstrus.lt\/es\/wp-json\/wp\/v2\/product_tag?post=4010"}],"curies":[{"name":"wp","href":"https:\/\/api.w.org\/{rel}","templated":true}]}}