{"id":3565,"date":"2024-04-23T11:00:57","date_gmt":"2024-04-23T08:00:57","guid":{"rendered":"https:\/\/medinstrus.lt\/product\/drone-4\/"},"modified":"2024-04-23T11:00:57","modified_gmt":"2024-04-23T08:00:57","slug":"drone-4","status":"publish","type":"product","link":"https:\/\/medinstrus.lt\/es\/producto\/drone-4\/","title":{"rendered":"Drone 4"},"content":{"rendered":"<p><strong><strong>Caracter\u00edsticas principales:<\/strong><\/strong><\/p>\n<ul>\n<li><strong><strong>Capacidad multiinstrumento avanzada: <\/strong><\/strong>El DRONE 4 admite hasta 4 instrumentos en el tablero, junto con un brazo for\u00f3ptero y un proyector, lo que permite realizar ex\u00e1menes oculares completos con facilidad.<\/li>\n<li><strong>Excelencia ergon\u00f3mica: <\/strong>Dise\u00f1ada pensando en la comodidad del paciente y del profesional, la unidad incorpora un sill\u00f3n ajustable para el paciente e iluminaci\u00f3n integrada y regulable para realizar exploraciones precisas.<\/li>\n<li><strong>Personalizaci\u00f3n asombrosa: <\/strong>Personaliza tu DRONE 4 con diversas opciones de color para las piezas met\u00e1licas, la silla y el tablero. Crea una unidad que refleje el estilo de tu consulta y mejore su aspecto profesional. <\/li>\n<li><strong>Modular y totalmente personalizable: <\/strong>Adapta el DRONE 4 a tus necesidades espec\u00edficas con su dise\u00f1o modular, que garantiza un ajuste a medida para cualquier consulta oftalmol\u00f3gica. Eleva la atenci\u00f3n a tus pacientes y la eficacia operativa con el DRONE 4, el ep\u00edtome de la innovaci\u00f3n y la personalizaci\u00f3n en unidades de refracci\u00f3n. <\/li>\n<\/ul>\n","protected":false},"excerpt":{"rendered":"<p><strong>Refracci\u00f3n DRONE 4<\/strong><\/p>\n<p>Descubre lo \u00faltimo en eficiencia oftalmol\u00f3gica con el DRONE 4, una unidad de refracci\u00f3n totalmente automatizada dise\u00f1ada para agilizar tu consulta.<\/p>\n","protected":false},"featured_media":2817,"comment_status":"closed","ping_status":"closed","template":"","meta":{"_acf_changed":false},"product_brand":[],"product_cat":[162],"product_tag":[272,330,331,329,328],"class_list":{"0":"post-3565","1":"product","2":"type-product","3":"status-publish","4":"has-post-thumbnail","6":"product_cat-unidades-de-refraccion","7":"product_tag-equipo-oftalmologico","8":"product_tag-integracion-sin-fisuras","9":"product_tag-puesto-de-trabajo-oftalmologico","10":"product_tag-tecnologia-oftalmica-avanzada","11":"product_tag-unidad-de-refraccion-drone-4","13":"first","14":"instock","15":"shipping-taxable","16":"product-type-simple"},"acf":[],"gallery_images":[2066,2068,2070,2072,2074,2076,2078,2080,2082,2084,2086,2088,2090,2092,2094,2096],"yoast_head":"<!-- This site is optimized with the Yoast SEO Premium plugin v27.4 (Yoast SEO v27.4) - https:\/\/yoast.com\/product\/yoast-seo-premium-wordpress\/ -->\n<title>Unidad de refracci\u00f3n Drone - Medinstrus<\/title>\n<meta name=\"description\" content=\"Descubre la unidad de refracci\u00f3n Drone 4, con tecnolog\u00eda avanzada para una integraci\u00f3n perfecta en cualquier consulta oftalmol\u00f3gica.\" \/>\n<meta name=\"robots\" content=\"index, follow, max-snippet:-1, max-image-preview:large, max-video-preview:-1\" \/>\n<link rel=\"canonical\" href=\"https:\/\/medinstrus.lt\/es\/producto\/drone-4\/\" \/>\n<meta property=\"og:locale\" content=\"es_ES\" \/>\n<meta property=\"og:type\" content=\"article\" \/>\n<meta property=\"og:title\" content=\"Drone 4\" \/>\n<meta property=\"og:description\" content=\"Descubre la unidad de refracci\u00f3n Drone 4, con tecnolog\u00eda avanzada para una integraci\u00f3n perfecta en cualquier consulta oftalmol\u00f3gica.\" \/>\n<meta property=\"og:url\" content=\"https:\/\/medinstrus.lt\/es\/producto\/drone-4\/\" \/>\n<meta property=\"og:site_name\" content=\"Medinstrus\" \/>\n<meta property=\"article:publisher\" content=\"https:\/\/www.facebook.com\/medinstrus\/\" \/>\n<meta property=\"og:image\" content=\"https:\/\/medinstrus.lt\/wp-content\/uploads\/2024\/04\/DRONE-4-svetainei.png\" \/>\n\t<meta property=\"og:image:width\" content=\"1080\" \/>\n\t<meta property=\"og:image:height\" content=\"1350\" \/>\n\t<meta property=\"og:image:type\" content=\"image\/png\" \/>\n<meta name=\"twitter:card\" content=\"summary_large_image\" \/>\n<meta name=\"twitter:label1\" content=\"Tiempo de lectura\" \/>\n\t<meta name=\"twitter:data1\" content=\"1 minuto\" \/>\n<script type=\"application\/ld+json\" class=\"yoast-schema-graph\">{\"@context\":\"https:\\\/\\\/schema.org\",\"@graph\":[{\"@type\":\"WebPage\",\"@id\":\"https:\\\/\\\/medinstrus.lt\\\/es\\\/producto\\\/drone-4\\\/\",\"url\":\"https:\\\/\\\/medinstrus.lt\\\/es\\\/producto\\\/drone-4\\\/\",\"name\":\"Unidad de refracci\u00f3n Drone - Medinstrus\",\"isPartOf\":{\"@id\":\"https:\\\/\\\/medinstrus.lt\\\/es\\\/#website\"},\"primaryImageOfPage\":{\"@id\":\"https:\\\/\\\/medinstrus.lt\\\/es\\\/producto\\\/drone-4\\\/#primaryimage\"},\"image\":{\"@id\":\"https:\\\/\\\/medinstrus.lt\\\/es\\\/producto\\\/drone-4\\\/#primaryimage\"},\"thumbnailUrl\":\"https:\\\/\\\/medinstrus.lt\\\/wp-content\\\/uploads\\\/2024\\\/04\\\/DRONE-4-svetainei.png\",\"datePublished\":\"2024-04-23T08:00:57+00:00\",\"description\":\"Descubre la unidad de refracci\u00f3n Drone 4, con tecnolog\u00eda avanzada para una integraci\u00f3n perfecta en cualquier consulta oftalmol\u00f3gica.\",\"breadcrumb\":{\"@id\":\"https:\\\/\\\/medinstrus.lt\\\/es\\\/producto\\\/drone-4\\\/#breadcrumb\"},\"inLanguage\":\"es\",\"potentialAction\":[{\"@type\":\"ReadAction\",\"target\":[\"https:\\\/\\\/medinstrus.lt\\\/es\\\/producto\\\/drone-4\\\/\"]}]},{\"@type\":\"ImageObject\",\"inLanguage\":\"es\",\"@id\":\"https:\\\/\\\/medinstrus.lt\\\/es\\\/producto\\\/drone-4\\\/#primaryimage\",\"url\":\"https:\\\/\\\/medinstrus.lt\\\/wp-content\\\/uploads\\\/2024\\\/04\\\/DRONE-4-svetainei.png\",\"contentUrl\":\"https:\\\/\\\/medinstrus.lt\\\/wp-content\\\/uploads\\\/2024\\\/04\\\/DRONE-4-svetainei.png\",\"width\":1080,\"height\":1350,\"caption\":\"Drone 4 refraction unit seamlessly integrating into ophthalmic practices\"},{\"@type\":\"BreadcrumbList\",\"@id\":\"https:\\\/\\\/medinstrus.lt\\\/es\\\/producto\\\/drone-4\\\/#breadcrumb\",\"itemListElement\":[{\"@type\":\"ListItem\",\"position\":1,\"name\":\"Home\",\"item\":\"https:\\\/\\\/medinstrus.lt\\\/es\\\/pagina-de-inicio\\\/\"},{\"@type\":\"ListItem\",\"position\":2,\"name\":\"Tienda\",\"item\":\"https:\\\/\\\/medinstrus.lt\\\/es\\\/tienda\\\/\"},{\"@type\":\"ListItem\",\"position\":3,\"name\":\"Drone 4\"}]},{\"@type\":\"WebSite\",\"@id\":\"https:\\\/\\\/medinstrus.lt\\\/es\\\/#website\",\"url\":\"https:\\\/\\\/medinstrus.lt\\\/es\\\/\",\"name\":\"https:\\\/\\\/medinstrus.com\\\/\",\"description\":\"Simplicity combined with functionality.\",\"publisher\":{\"@id\":\"https:\\\/\\\/medinstrus.lt\\\/es\\\/#organization\"},\"potentialAction\":[{\"@type\":\"SearchAction\",\"target\":{\"@type\":\"EntryPoint\",\"urlTemplate\":\"https:\\\/\\\/medinstrus.lt\\\/es\\\/?s={search_term_string}\"},\"query-input\":{\"@type\":\"PropertyValueSpecification\",\"valueRequired\":true,\"valueName\":\"search_term_string\"}}],\"inLanguage\":\"es\"},{\"@type\":\"Organization\",\"@id\":\"https:\\\/\\\/medinstrus.lt\\\/es\\\/#organization\",\"name\":\"Medinstrus\",\"url\":\"https:\\\/\\\/medinstrus.lt\\\/es\\\/\",\"logo\":{\"@type\":\"ImageObject\",\"inLanguage\":\"es\",\"@id\":\"https:\\\/\\\/medinstrus.lt\\\/es\\\/#\\\/schema\\\/logo\\\/image\\\/\",\"url\":\"https:\\\/\\\/medinstrus.lt\\\/wp-content\\\/uploads\\\/2025\\\/02\\\/Medinstrus-v1.png\",\"contentUrl\":\"https:\\\/\\\/medinstrus.lt\\\/wp-content\\\/uploads\\\/2025\\\/02\\\/Medinstrus-v1.png\",\"width\":723,\"height\":96,\"caption\":\"Medinstrus\"},\"image\":{\"@id\":\"https:\\\/\\\/medinstrus.lt\\\/es\\\/#\\\/schema\\\/logo\\\/image\\\/\"},\"sameAs\":[\"https:\\\/\\\/www.facebook.com\\\/medinstrus\\\/\",\"https:\\\/\\\/www.instagram.com\\\/Medinstrus\"]}]}<\/script>\n<!-- \/ Yoast SEO Premium plugin. -->","yoast_head_json":{"title":"Unidad de refracci\u00f3n Drone - Medinstrus","description":"Descubre la unidad de refracci\u00f3n Drone 4, con tecnolog\u00eda avanzada para una integraci\u00f3n perfecta en cualquier consulta oftalmol\u00f3gica.","robots":{"index":"index","follow":"follow","max-snippet":"max-snippet:-1","max-image-preview":"max-image-preview:large","max-video-preview":"max-video-preview:-1"},"canonical":"https:\/\/medinstrus.lt\/es\/producto\/drone-4\/","og_locale":"es_ES","og_type":"article","og_title":"Drone 4","og_description":"Descubre la unidad de refracci\u00f3n Drone 4, con tecnolog\u00eda avanzada para una integraci\u00f3n perfecta en cualquier consulta oftalmol\u00f3gica.","og_url":"https:\/\/medinstrus.lt\/es\/producto\/drone-4\/","og_site_name":"Medinstrus","article_publisher":"https:\/\/www.facebook.com\/medinstrus\/","og_image":[{"width":1080,"height":1350,"url":"https:\/\/medinstrus.lt\/wp-content\/uploads\/2024\/04\/DRONE-4-svetainei.png","type":"image\/png"}],"twitter_card":"summary_large_image","twitter_misc":{"Tiempo de lectura":"1 minuto"},"schema":{"@context":"https:\/\/schema.org","@graph":[{"@type":"WebPage","@id":"https:\/\/medinstrus.lt\/es\/producto\/drone-4\/","url":"https:\/\/medinstrus.lt\/es\/producto\/drone-4\/","name":"Unidad de refracci\u00f3n Drone - Medinstrus","isPartOf":{"@id":"https:\/\/medinstrus.lt\/es\/#website"},"primaryImageOfPage":{"@id":"https:\/\/medinstrus.lt\/es\/producto\/drone-4\/#primaryimage"},"image":{"@id":"https:\/\/medinstrus.lt\/es\/producto\/drone-4\/#primaryimage"},"thumbnailUrl":"https:\/\/medinstrus.lt\/wp-content\/uploads\/2024\/04\/DRONE-4-svetainei.png","datePublished":"2024-04-23T08:00:57+00:00","description":"Descubre la unidad de refracci\u00f3n Drone 4, con tecnolog\u00eda avanzada para una integraci\u00f3n perfecta en cualquier consulta oftalmol\u00f3gica.","breadcrumb":{"@id":"https:\/\/medinstrus.lt\/es\/producto\/drone-4\/#breadcrumb"},"inLanguage":"es","potentialAction":[{"@type":"ReadAction","target":["https:\/\/medinstrus.lt\/es\/producto\/drone-4\/"]}]},{"@type":"ImageObject","inLanguage":"es","@id":"https:\/\/medinstrus.lt\/es\/producto\/drone-4\/#primaryimage","url":"https:\/\/medinstrus.lt\/wp-content\/uploads\/2024\/04\/DRONE-4-svetainei.png","contentUrl":"https:\/\/medinstrus.lt\/wp-content\/uploads\/2024\/04\/DRONE-4-svetainei.png","width":1080,"height":1350,"caption":"Drone 4 refraction unit seamlessly integrating into ophthalmic practices"},{"@type":"BreadcrumbList","@id":"https:\/\/medinstrus.lt\/es\/producto\/drone-4\/#breadcrumb","itemListElement":[{"@type":"ListItem","position":1,"name":"Home","item":"https:\/\/medinstrus.lt\/es\/pagina-de-inicio\/"},{"@type":"ListItem","position":2,"name":"Tienda","item":"https:\/\/medinstrus.lt\/es\/tienda\/"},{"@type":"ListItem","position":3,"name":"Drone 4"}]},{"@type":"WebSite","@id":"https:\/\/medinstrus.lt\/es\/#website","url":"https:\/\/medinstrus.lt\/es\/","name":"https:\/\/medinstrus.com\/","description":"Simplicity combined with functionality.","publisher":{"@id":"https:\/\/medinstrus.lt\/es\/#organization"},"potentialAction":[{"@type":"SearchAction","target":{"@type":"EntryPoint","urlTemplate":"https:\/\/medinstrus.lt\/es\/?s={search_term_string}"},"query-input":{"@type":"PropertyValueSpecification","valueRequired":true,"valueName":"search_term_string"}}],"inLanguage":"es"},{"@type":"Organization","@id":"https:\/\/medinstrus.lt\/es\/#organization","name":"Medinstrus","url":"https:\/\/medinstrus.lt\/es\/","logo":{"@type":"ImageObject","inLanguage":"es","@id":"https:\/\/medinstrus.lt\/es\/#\/schema\/logo\/image\/","url":"https:\/\/medinstrus.lt\/wp-content\/uploads\/2025\/02\/Medinstrus-v1.png","contentUrl":"https:\/\/medinstrus.lt\/wp-content\/uploads\/2025\/02\/Medinstrus-v1.png","width":723,"height":96,"caption":"Medinstrus"},"image":{"@id":"https:\/\/medinstrus.lt\/es\/#\/schema\/logo\/image\/"},"sameAs":["https:\/\/www.facebook.com\/medinstrus\/","https:\/\/www.instagram.com\/Medinstrus"]}]}},"_links":{"self":[{"href":"https:\/\/medinstrus.lt\/es\/wp-json\/wp\/v2\/product\/3565","targetHints":{"allow":["GET"]}}],"collection":[{"href":"https:\/\/medinstrus.lt\/es\/wp-json\/wp\/v2\/product"}],"about":[{"href":"https:\/\/medinstrus.lt\/es\/wp-json\/wp\/v2\/types\/product"}],"replies":[{"embeddable":true,"href":"https:\/\/medinstrus.lt\/es\/wp-json\/wp\/v2\/comments?post=3565"}],"wp:featuredmedia":[{"embeddable":true,"href":"https:\/\/medinstrus.lt\/es\/wp-json\/wp\/v2\/media\/2817"}],"wp:attachment":[{"href":"https:\/\/medinstrus.lt\/es\/wp-json\/wp\/v2\/media?parent=3565"}],"wp:term":[{"taxonomy":"product_brand","embeddable":true,"href":"https:\/\/medinstrus.lt\/es\/wp-json\/wp\/v2\/product_brand?post=3565"},{"taxonomy":"product_cat","embeddable":true,"href":"https:\/\/medinstrus.lt\/es\/wp-json\/wp\/v2\/product_cat?post=3565"},{"taxonomy":"product_tag","embeddable":true,"href":"https:\/\/medinstrus.lt\/es\/wp-json\/wp\/v2\/product_tag?post=3565"}],"curies":[{"name":"wp","href":"https:\/\/api.w.org\/{rel}","templated":true}]}}