{"id":3562,"date":"2024-04-23T11:03:24","date_gmt":"2024-04-23T08:03:24","guid":{"rendered":"https:\/\/medinstrus.lt\/product\/mds14\/"},"modified":"2024-04-23T11:03:24","modified_gmt":"2024-04-23T08:03:24","slug":"mds14","status":"publish","type":"product","link":"https:\/\/medinstrus.lt\/es\/producto\/mds14\/","title":{"rendered":"MDS14"},"content":{"rendered":"<p><strong>Caracter\u00edsticas principales:<\/strong><\/p>\n<ul>\n<li><strong>Sill\u00f3n elevable:<\/strong> La altura del sill\u00f3n puede ajustarse de 48 cm a 63 cm (15 cm de elevaci\u00f3n), lo que garantiza la comodidad del paciente y un posicionamiento \u00f3ptimo durante las exploraciones.<\/li>\n<li><strong>Rotaci\u00f3n de 360\u00b0:<\/strong> El sill\u00f3n puede girar totalmente, lo que proporciona flexibilidad en la colocaci\u00f3n del paciente.<\/li>\n<\/ul>\n<p><strong>Opciones de tablero fijo y deslizante:<\/strong><\/p>\n<ul>\n<li>El modelo MDS14 dispone de una silla elevable y un tablero de altura fija para un instrumento.<\/li>\n<li>El modelo MDS14S incluye una silla elevable y un tablero deslizante de altura fija para los instrumentos, lo que permite una gesti\u00f3n eficaz del instrumental y el cuidado del paciente.<\/li>\n<\/ul>\n<p><strong>Iluminaci\u00f3n integrada:<\/strong><\/p>\n<ul>\n<li>Equipado con una columna que incorpora una l\u00e1mpara LED superior con iluminaci\u00f3n regulable para unas condiciones de examen precisas.<\/li>\n<\/ul>\n<p><strong>Soporte para proyector de gr\u00e1ficos:<\/strong><\/p>\n<ul>\n<li>Incluye soporte para un proyector de gr\u00e1ficos para facilitar la realizaci\u00f3n de pruebas oftalmol\u00f3gicas completas.<\/li>\n<\/ul>\n<p><strong>Gesti\u00f3n de la energ\u00eda de los instrumentos:<\/strong><\/p>\n<ul>\n<li>Transformadores de potencia ajustables integrados para l\u00e1mpara de hendidura\/oftalm\u00f3metro, que garantizan que todos tus dispositivos est\u00e9n alimentados y listos para usar.<\/li>\n<li>Toma de 230 V para instrumentos adicionales, como el medidor de lente autom\u00e1tico y el autofor\u00f3ptero.<\/li>\n<\/ul>\n<p><strong>Opciones de personalizaci\u00f3n:<\/strong><\/p>\n<ul>\n<li><strong>Opciones de color:<\/strong> El MDS14 est\u00e1 disponible en varios colores para las piezas met\u00e1licas y los tableros de la mesa, lo que te permite personalizar la unidad para que coincida con la est\u00e9tica de tu consulta<\/li>\n<li><strong>Convertible derecha-izquierda:<\/strong> F\u00e1cilmente convertible en las instalaciones del cliente para adaptarse a las diferentes necesidades del profesional.<\/li>\n<\/ul>\n<p><strong>Accesorios opcionales:<\/strong><\/p>\n<ul>\n<li><strong>Brazo de for\u00f3ptero:<\/strong> Para integrar f\u00e1cilmente un for\u00f3ptero.<\/li>\n<li><strong>Reposapi\u00e9s:<\/strong> Disponible en versiones fija, basculante y tubular.<\/li>\n<li><strong>Reposabrazos:<\/strong> Las opciones incluyen reposabrazos fijos, basculantes o basculantes con tapicer\u00eda de silla.<\/li>\n<li><strong>Silla con Respaldo Reclinable:<\/strong> Mejora la comodidad del paciente durante exploraciones m\u00e1s largas.<\/li>\n<li><strong>Deslizamiento manual o motorizado de la silla:<\/strong> Opciones de deslizamiento manual (13 cm) o motorizado (14 cm) de la silla hacia delante y hacia atr\u00e1s.<\/li>\n<li><strong>Mando de pedal:<\/strong> Para subir y bajar c\u00f3modamente la silla.<\/li>\n<li><strong>Opciones de cajones personalizables<\/strong>: dise\u00f1ados para integrarse perfectamente en el puesto de trabajo.<\/li>\n<li><strong>Cables de datos:<\/strong> Cables de datos instalados (Fire Wire,USB, RS232) para una conectividad integrada.<\/li>\n<li><strong>Armario con ruedas:<\/strong> Con tres cajones para almacenamiento adicional.<\/li>\n<li><strong>Soporte para Panel Operativo:<\/strong> Para el for\u00f3ptero digital.<\/li>\n<li><strong>Asistente de elevaci\u00f3n:<\/strong> sistema de correcci\u00f3n de altura para el modelo MDS14S.<\/li>\n<li><strong>Almohada para ni\u00f1os:<\/strong> Garantiza la comodidad de los pacientes m\u00e1s j\u00f3venes.<\/li>\n<\/ul>\n<p><strong>\u00bfPor qu\u00e9 elegir el MDS14?<\/strong><\/p>\n<ul>\n<li><strong>Flujo de trabajo mejorado:<\/strong> El dise\u00f1o ergon\u00f3mico y las vers\u00e1tiles opciones de configuraci\u00f3n de la MDS14 mejoran la eficiencia del flujo de trabajo, permitiendo a los profesionales realizar ex\u00e1menesm\u00e1s eficaces.<\/li>\n<li><strong>Comodidad para el paciente:<\/strong> La silla ajustable y las superficies de trabajo bien dise\u00f1adas garantizan la m\u00e1xima comodidad para los pacientes durante su visita.<\/li>\n<li><strong>Personalizaci\u00f3n:<\/strong> La posibilidad de personalizar la unidad para adaptarla a necesidades espec\u00edficas hace que laMDS14 sea un complemento vers\u00e1til para cualquier consulta oftalmol\u00f3gica.<\/li>\n<li><strong>Aspecto profesional:<\/strong> El dise\u00f1o elegante y moderno de la MDS14 contribuye a crear un entorno profesional y acogedor en la consulta.<\/li>\n<\/ul>\n<p>Mejora la atenci\u00f3n a tus pacientes y la eficacia operativa con el MDS14, que ofrece funciones avanzadas y opciones de dise\u00f1o personalizadas para satisfacer las necesidades exclusivas de tu consulta oftalmol\u00f3gica.<\/p>\n","protected":false},"excerpt":{"rendered":"<p><strong>Unidad de Refracci\u00f3n MDS14<\/strong><\/p>\n<p>La unidad de refracci\u00f3n MDS14 es una soluci\u00f3n sofisticada y personalizable dise\u00f1ada para mejorar la eficacia y la comodidad de las exploraciones oftalmol\u00f3gicas. Ofrece una gran variedad de funciones para adaptarse a las distintas necesidades de la consulta. <\/p>\n","protected":false},"featured_media":2795,"comment_status":"closed","ping_status":"closed","template":"","meta":{"_acf_changed":false},"product_brand":[],"product_cat":[162],"product_tag":[272,276,331,329],"class_list":{"0":"post-3562","1":"product","2":"type-product","3":"status-publish","4":"has-post-thumbnail","6":"product_cat-unidades-de-refraccion","7":"product_tag-equipo-oftalmologico","8":"product_tag-equipo-oftalmologico-moderno","9":"product_tag-puesto-de-trabajo-oftalmologico","10":"product_tag-tecnologia-oftalmica-avanzada","12":"first","13":"instock","14":"shipping-taxable","15":"product-type-simple"},"acf":[],"gallery_images":[2833,2827,2831,2839,2823,2837,2811,2821,2825,2829,2835,2326,2322,2324],"yoast_head":"<!-- This site is optimized with the Yoast SEO Premium plugin v27.4 (Yoast SEO v27.4) - https:\/\/yoast.com\/product\/yoast-seo-premium-wordpress\/ -->\n<title>MDS14 - Medinstrus<\/title>\n<meta name=\"robots\" content=\"index, follow, max-snippet:-1, max-image-preview:large, max-video-preview:-1\" \/>\n<link rel=\"canonical\" href=\"https:\/\/medinstrus.lt\/es\/producto\/mds14\/\" \/>\n<meta property=\"og:locale\" content=\"es_ES\" \/>\n<meta property=\"og:type\" content=\"article\" \/>\n<meta property=\"og:title\" content=\"MDS14\" \/>\n<meta property=\"og:description\" content=\"Unidad de Refracci\u00f3n MDS14 La unidad de refracci\u00f3n MDS14 es una soluci\u00f3n sofisticada y personalizable dise\u00f1ada para mejorar la eficacia y la comodidad de las exploraciones oftalmol\u00f3gicas. Ofrece una gran variedad de funciones para adaptarse a las distintas necesidades de la consulta.\" \/>\n<meta property=\"og:url\" content=\"https:\/\/medinstrus.lt\/es\/producto\/mds14\/\" \/>\n<meta property=\"og:site_name\" content=\"Medinstrus\" \/>\n<meta property=\"article:publisher\" content=\"https:\/\/www.facebook.com\/medinstrus\/\" \/>\n<meta property=\"og:image\" content=\"https:\/\/medinstrus.lt\/wp-content\/uploads\/2025\/01\/1.png\" \/>\n\t<meta property=\"og:image:width\" content=\"1080\" \/>\n\t<meta property=\"og:image:height\" content=\"1350\" \/>\n\t<meta property=\"og:image:type\" content=\"image\/png\" \/>\n<meta name=\"twitter:card\" content=\"summary_large_image\" \/>\n<meta name=\"twitter:label1\" content=\"Tiempo de lectura\" \/>\n\t<meta name=\"twitter:data1\" content=\"3 minutos\" \/>\n<script type=\"application\/ld+json\" class=\"yoast-schema-graph\">{\"@context\":\"https:\\\/\\\/schema.org\",\"@graph\":[{\"@type\":\"WebPage\",\"@id\":\"https:\\\/\\\/medinstrus.lt\\\/es\\\/producto\\\/mds14\\\/\",\"url\":\"https:\\\/\\\/medinstrus.lt\\\/es\\\/producto\\\/mds14\\\/\",\"name\":\"MDS14 - Medinstrus\",\"isPartOf\":{\"@id\":\"https:\\\/\\\/medinstrus.lt\\\/es\\\/#website\"},\"primaryImageOfPage\":{\"@id\":\"https:\\\/\\\/medinstrus.lt\\\/es\\\/producto\\\/mds14\\\/#primaryimage\"},\"image\":{\"@id\":\"https:\\\/\\\/medinstrus.lt\\\/es\\\/producto\\\/mds14\\\/#primaryimage\"},\"thumbnailUrl\":\"https:\\\/\\\/medinstrus.lt\\\/wp-content\\\/uploads\\\/2025\\\/01\\\/1.png\",\"datePublished\":\"2024-04-23T08:03:24+00:00\",\"breadcrumb\":{\"@id\":\"https:\\\/\\\/medinstrus.lt\\\/es\\\/producto\\\/mds14\\\/#breadcrumb\"},\"inLanguage\":\"es\",\"potentialAction\":[{\"@type\":\"ReadAction\",\"target\":[\"https:\\\/\\\/medinstrus.lt\\\/es\\\/producto\\\/mds14\\\/\"]}]},{\"@type\":\"ImageObject\",\"inLanguage\":\"es\",\"@id\":\"https:\\\/\\\/medinstrus.lt\\\/es\\\/producto\\\/mds14\\\/#primaryimage\",\"url\":\"https:\\\/\\\/medinstrus.lt\\\/wp-content\\\/uploads\\\/2025\\\/01\\\/1.png\",\"contentUrl\":\"https:\\\/\\\/medinstrus.lt\\\/wp-content\\\/uploads\\\/2025\\\/01\\\/1.png\",\"width\":1080,\"height\":1350,\"caption\":\"MDS14 refraction unit ensuring efficient eye examinations\"},{\"@type\":\"BreadcrumbList\",\"@id\":\"https:\\\/\\\/medinstrus.lt\\\/es\\\/producto\\\/mds14\\\/#breadcrumb\",\"itemListElement\":[{\"@type\":\"ListItem\",\"position\":1,\"name\":\"Home\",\"item\":\"https:\\\/\\\/medinstrus.lt\\\/es\\\/pagina-de-inicio\\\/\"},{\"@type\":\"ListItem\",\"position\":2,\"name\":\"Tienda\",\"item\":\"https:\\\/\\\/medinstrus.lt\\\/es\\\/tienda\\\/\"},{\"@type\":\"ListItem\",\"position\":3,\"name\":\"MDS14\"}]},{\"@type\":\"WebSite\",\"@id\":\"https:\\\/\\\/medinstrus.lt\\\/es\\\/#website\",\"url\":\"https:\\\/\\\/medinstrus.lt\\\/es\\\/\",\"name\":\"https:\\\/\\\/medinstrus.com\\\/\",\"description\":\"Simplicity combined with functionality.\",\"publisher\":{\"@id\":\"https:\\\/\\\/medinstrus.lt\\\/es\\\/#organization\"},\"potentialAction\":[{\"@type\":\"SearchAction\",\"target\":{\"@type\":\"EntryPoint\",\"urlTemplate\":\"https:\\\/\\\/medinstrus.lt\\\/es\\\/?s={search_term_string}\"},\"query-input\":{\"@type\":\"PropertyValueSpecification\",\"valueRequired\":true,\"valueName\":\"search_term_string\"}}],\"inLanguage\":\"es\"},{\"@type\":\"Organization\",\"@id\":\"https:\\\/\\\/medinstrus.lt\\\/es\\\/#organization\",\"name\":\"Medinstrus\",\"url\":\"https:\\\/\\\/medinstrus.lt\\\/es\\\/\",\"logo\":{\"@type\":\"ImageObject\",\"inLanguage\":\"es\",\"@id\":\"https:\\\/\\\/medinstrus.lt\\\/es\\\/#\\\/schema\\\/logo\\\/image\\\/\",\"url\":\"https:\\\/\\\/medinstrus.lt\\\/wp-content\\\/uploads\\\/2025\\\/02\\\/Medinstrus-v1.png\",\"contentUrl\":\"https:\\\/\\\/medinstrus.lt\\\/wp-content\\\/uploads\\\/2025\\\/02\\\/Medinstrus-v1.png\",\"width\":723,\"height\":96,\"caption\":\"Medinstrus\"},\"image\":{\"@id\":\"https:\\\/\\\/medinstrus.lt\\\/es\\\/#\\\/schema\\\/logo\\\/image\\\/\"},\"sameAs\":[\"https:\\\/\\\/www.facebook.com\\\/medinstrus\\\/\",\"https:\\\/\\\/www.instagram.com\\\/Medinstrus\"]}]}<\/script>\n<!-- \/ Yoast SEO Premium plugin. -->","yoast_head_json":{"title":"MDS14 - Medinstrus","robots":{"index":"index","follow":"follow","max-snippet":"max-snippet:-1","max-image-preview":"max-image-preview:large","max-video-preview":"max-video-preview:-1"},"canonical":"https:\/\/medinstrus.lt\/es\/producto\/mds14\/","og_locale":"es_ES","og_type":"article","og_title":"MDS14","og_description":"Unidad de Refracci\u00f3n MDS14 La unidad de refracci\u00f3n MDS14 es una soluci\u00f3n sofisticada y personalizable dise\u00f1ada para mejorar la eficacia y la comodidad de las exploraciones oftalmol\u00f3gicas. Ofrece una gran variedad de funciones para adaptarse a las distintas necesidades de la consulta.","og_url":"https:\/\/medinstrus.lt\/es\/producto\/mds14\/","og_site_name":"Medinstrus","article_publisher":"https:\/\/www.facebook.com\/medinstrus\/","og_image":[{"width":1080,"height":1350,"url":"https:\/\/medinstrus.lt\/wp-content\/uploads\/2025\/01\/1.png","type":"image\/png"}],"twitter_card":"summary_large_image","twitter_misc":{"Tiempo de lectura":"3 minutos"},"schema":{"@context":"https:\/\/schema.org","@graph":[{"@type":"WebPage","@id":"https:\/\/medinstrus.lt\/es\/producto\/mds14\/","url":"https:\/\/medinstrus.lt\/es\/producto\/mds14\/","name":"MDS14 - Medinstrus","isPartOf":{"@id":"https:\/\/medinstrus.lt\/es\/#website"},"primaryImageOfPage":{"@id":"https:\/\/medinstrus.lt\/es\/producto\/mds14\/#primaryimage"},"image":{"@id":"https:\/\/medinstrus.lt\/es\/producto\/mds14\/#primaryimage"},"thumbnailUrl":"https:\/\/medinstrus.lt\/wp-content\/uploads\/2025\/01\/1.png","datePublished":"2024-04-23T08:03:24+00:00","breadcrumb":{"@id":"https:\/\/medinstrus.lt\/es\/producto\/mds14\/#breadcrumb"},"inLanguage":"es","potentialAction":[{"@type":"ReadAction","target":["https:\/\/medinstrus.lt\/es\/producto\/mds14\/"]}]},{"@type":"ImageObject","inLanguage":"es","@id":"https:\/\/medinstrus.lt\/es\/producto\/mds14\/#primaryimage","url":"https:\/\/medinstrus.lt\/wp-content\/uploads\/2025\/01\/1.png","contentUrl":"https:\/\/medinstrus.lt\/wp-content\/uploads\/2025\/01\/1.png","width":1080,"height":1350,"caption":"MDS14 refraction unit ensuring efficient eye examinations"},{"@type":"BreadcrumbList","@id":"https:\/\/medinstrus.lt\/es\/producto\/mds14\/#breadcrumb","itemListElement":[{"@type":"ListItem","position":1,"name":"Home","item":"https:\/\/medinstrus.lt\/es\/pagina-de-inicio\/"},{"@type":"ListItem","position":2,"name":"Tienda","item":"https:\/\/medinstrus.lt\/es\/tienda\/"},{"@type":"ListItem","position":3,"name":"MDS14"}]},{"@type":"WebSite","@id":"https:\/\/medinstrus.lt\/es\/#website","url":"https:\/\/medinstrus.lt\/es\/","name":"https:\/\/medinstrus.com\/","description":"Simplicity combined with functionality.","publisher":{"@id":"https:\/\/medinstrus.lt\/es\/#organization"},"potentialAction":[{"@type":"SearchAction","target":{"@type":"EntryPoint","urlTemplate":"https:\/\/medinstrus.lt\/es\/?s={search_term_string}"},"query-input":{"@type":"PropertyValueSpecification","valueRequired":true,"valueName":"search_term_string"}}],"inLanguage":"es"},{"@type":"Organization","@id":"https:\/\/medinstrus.lt\/es\/#organization","name":"Medinstrus","url":"https:\/\/medinstrus.lt\/es\/","logo":{"@type":"ImageObject","inLanguage":"es","@id":"https:\/\/medinstrus.lt\/es\/#\/schema\/logo\/image\/","url":"https:\/\/medinstrus.lt\/wp-content\/uploads\/2025\/02\/Medinstrus-v1.png","contentUrl":"https:\/\/medinstrus.lt\/wp-content\/uploads\/2025\/02\/Medinstrus-v1.png","width":723,"height":96,"caption":"Medinstrus"},"image":{"@id":"https:\/\/medinstrus.lt\/es\/#\/schema\/logo\/image\/"},"sameAs":["https:\/\/www.facebook.com\/medinstrus\/","https:\/\/www.instagram.com\/Medinstrus"]}]}},"_links":{"self":[{"href":"https:\/\/medinstrus.lt\/es\/wp-json\/wp\/v2\/product\/3562","targetHints":{"allow":["GET"]}}],"collection":[{"href":"https:\/\/medinstrus.lt\/es\/wp-json\/wp\/v2\/product"}],"about":[{"href":"https:\/\/medinstrus.lt\/es\/wp-json\/wp\/v2\/types\/product"}],"replies":[{"embeddable":true,"href":"https:\/\/medinstrus.lt\/es\/wp-json\/wp\/v2\/comments?post=3562"}],"wp:featuredmedia":[{"embeddable":true,"href":"https:\/\/medinstrus.lt\/es\/wp-json\/wp\/v2\/media\/2795"}],"wp:attachment":[{"href":"https:\/\/medinstrus.lt\/es\/wp-json\/wp\/v2\/media?parent=3562"}],"wp:term":[{"taxonomy":"product_brand","embeddable":true,"href":"https:\/\/medinstrus.lt\/es\/wp-json\/wp\/v2\/product_brand?post=3562"},{"taxonomy":"product_cat","embeddable":true,"href":"https:\/\/medinstrus.lt\/es\/wp-json\/wp\/v2\/product_cat?post=3562"},{"taxonomy":"product_tag","embeddable":true,"href":"https:\/\/medinstrus.lt\/es\/wp-json\/wp\/v2\/product_tag?post=3562"}],"curies":[{"name":"wp","href":"https:\/\/api.w.org\/{rel}","templated":true}]}}