{"id":3561,"date":"2024-04-23T11:02:00","date_gmt":"2024-04-23T08:02:00","guid":{"rendered":"https:\/\/medinstrus.lt\/product\/zulu-1\/"},"modified":"2024-04-23T11:02:00","modified_gmt":"2024-04-23T08:02:00","slug":"zulu-1","status":"publish","type":"product","link":"https:\/\/medinstrus.lt\/es\/producto\/zulu-1\/","title":{"rendered":"Zul\u00fa 1"},"content":{"rendered":"<p><strong>Caracter\u00edsticas principales:<\/strong><\/p>\n<ul>\n<li><strong>Capacidad para un solo instrumento:<\/strong> El tablero giratorio es perfecto para configuraciones de un solo instrumento y puede bloquearse en cualquier posici\u00f3n, lo que proporciona flexibilidad y facilidad de uso.<\/li>\n<li><strong>Dise\u00f1o compacto:<\/strong> Ideal para espacios peque\u00f1os, esta unidad ofrece la funcionalidad esencial sin comprometer el espacio.<\/li>\n<li><strong>Opciones de personalizaci\u00f3n:<\/strong> Elige entre una amplia gama de colores para las piezas met\u00e1licas, la silla y el tablero de la mesa para que combinen con la est\u00e9tica de tu consulta, creando un entorno cohesionado y profesional.<\/li>\n<\/ul>\n<p><strong>Adaptaci\u00f3n y personalizaci\u00f3n:<\/strong><\/p>\n<p>Cada unidad de la serie Zulu ofrece amplias opciones de personalizaci\u00f3n para garantizar que encajen perfectamente en el entorno de tu consulta. Puedes elegir entre varios colores para las piezas met\u00e1licas, la silla y el tablero, lo que te permite crear una unidad que refleje el estilo de tu consulta y mejore su aspecto profesional. <\/p>\n<p>Adem\u00e1s, el dise\u00f1o ergon\u00f3mico de los sillones y las superficies de trabajo garantiza la comodidad tanto de los pacientes como de los facultativos, contribuyendo a un proceso de examen m\u00e1s agradable y eficiente. Los sistemas integrados de gesti\u00f3n de cables ayudan a mantener un espacio de trabajo limpio y organizado, reduciendo el desorden y mejorando la seguridad. <\/p>\n<p><strong>\u00bfPor qu\u00e9 elegir la serie Zulu?<\/strong><\/p>\n<ul>\n<li><strong>Flujo de trabajo mejorado:<\/strong> El dise\u00f1o ergon\u00f3mico y modular de la serie Zulu mejora la eficiencia del flujo de trabajo, lo que permite a los facultativos realizar las exploraciones con mayor eficacia.<\/li>\n<li><strong>Confort para el paciente:<\/strong> Los sillones ajustables para pacientes y las superficies de trabajo bien dise\u00f1adas garantizan la m\u00e1xima comodidad para los pacientes durante su visita.<\/li>\n<li><strong>Personalizaci\u00f3n:<\/strong> La posibilidad de personalizar cada unidad para adaptarla a necesidades espec\u00edficas convierte a la serie Zulu en un complemento vers\u00e1til para cualquier consulta oftalmol\u00f3gica.<\/li>\n<li><strong>Aspecto profesional:<\/strong> El dise\u00f1o elegante y moderno de la serie Zulu contribuye a crear un entorno profesional y acogedor en la consulta.<\/li>\n<\/ul>\n<p>Eleva la atenci\u00f3n a tus pacientes y la eficiencia operativa con la serie Zulu, que ofrece funcionalidad avanzada y opciones de dise\u00f1o personalizadas para satisfacer las necesidades \u00fanicas de tu consulta oftalmol\u00f3gica.<\/p>\n","protected":false},"excerpt":{"rendered":"<p><strong>Unidad de Refracci\u00f3n Zul\u00fa 1<\/strong><\/p>\n<p>La unidad de refracci\u00f3n Zulu 1 est\u00e1 dise\u00f1ada para consultas que necesitan una soluci\u00f3n compacta y vers\u00e1til. Dispone de un tablero giratorio que puede alojar un solo instrumento, que puede bloquearse en cualquier posici\u00f3n para una m\u00e1xima comodidad. <\/p>\n","protected":false},"featured_media":2897,"comment_status":"closed","ping_status":"closed","template":"","meta":{"_acf_changed":false},"product_brand":[],"product_cat":[162],"product_tag":[331],"class_list":{"0":"post-3561","1":"product","2":"type-product","3":"status-publish","4":"has-post-thumbnail","6":"product_cat-unidades-de-refraccion","7":"product_tag-puesto-de-trabajo-oftalmologico","9":"first","10":"instock","11":"shipping-taxable","12":"product-type-simple"},"acf":[],"gallery_images":[2226,2228,2230,2232,2234,2236],"yoast_head":"<!-- This site is optimized with the Yoast SEO Premium plugin v27.4 (Yoast SEO v27.4) - https:\/\/yoast.com\/product\/yoast-seo-premium-wordpress\/ -->\n<title>Zul\u00fa 1 - Medinstrus<\/title>\n<meta name=\"robots\" content=\"index, follow, max-snippet:-1, max-image-preview:large, max-video-preview:-1\" \/>\n<link rel=\"canonical\" href=\"https:\/\/medinstrus.lt\/es\/producto\/zulu-1\/\" \/>\n<meta property=\"og:locale\" content=\"es_ES\" \/>\n<meta property=\"og:type\" content=\"article\" \/>\n<meta property=\"og:title\" content=\"Zul\u00fa 1\" \/>\n<meta property=\"og:description\" content=\"Unidad de Refracci\u00f3n Zul\u00fa 1 La unidad de refracci\u00f3n Zulu 1 est\u00e1 dise\u00f1ada para consultas que necesitan una soluci\u00f3n compacta y vers\u00e1til. Dispone de un tablero giratorio que puede alojar un solo instrumento, que puede bloquearse en cualquier posici\u00f3n para una m\u00e1xima comodidad.\" \/>\n<meta property=\"og:url\" content=\"https:\/\/medinstrus.lt\/es\/producto\/zulu-1\/\" \/>\n<meta property=\"og:site_name\" content=\"Medinstrus\" \/>\n<meta property=\"article:publisher\" content=\"https:\/\/www.facebook.com\/medinstrus\/\" \/>\n<meta property=\"og:image\" content=\"https:\/\/medinstrus.lt\/wp-content\/uploads\/2024\/04\/ZULU1-svetainei-1.png\" \/>\n\t<meta property=\"og:image:width\" content=\"1080\" \/>\n\t<meta property=\"og:image:height\" content=\"1350\" \/>\n\t<meta property=\"og:image:type\" content=\"image\/png\" \/>\n<meta name=\"twitter:card\" content=\"summary_large_image\" \/>\n<meta name=\"twitter:label1\" content=\"Tiempo de lectura\" \/>\n\t<meta name=\"twitter:data1\" content=\"2 minutos\" \/>\n<script type=\"application\/ld+json\" class=\"yoast-schema-graph\">{\"@context\":\"https:\\\/\\\/schema.org\",\"@graph\":[{\"@type\":\"WebPage\",\"@id\":\"https:\\\/\\\/medinstrus.lt\\\/es\\\/producto\\\/zulu-1\\\/\",\"url\":\"https:\\\/\\\/medinstrus.lt\\\/es\\\/producto\\\/zulu-1\\\/\",\"name\":\"Zul\u00fa 1 - Medinstrus\",\"isPartOf\":{\"@id\":\"https:\\\/\\\/medinstrus.lt\\\/es\\\/#website\"},\"primaryImageOfPage\":{\"@id\":\"https:\\\/\\\/medinstrus.lt\\\/es\\\/producto\\\/zulu-1\\\/#primaryimage\"},\"image\":{\"@id\":\"https:\\\/\\\/medinstrus.lt\\\/es\\\/producto\\\/zulu-1\\\/#primaryimage\"},\"thumbnailUrl\":\"https:\\\/\\\/medinstrus.lt\\\/wp-content\\\/uploads\\\/2024\\\/04\\\/ZULU1-svetainei-1.png\",\"datePublished\":\"2024-04-23T08:02:00+00:00\",\"breadcrumb\":{\"@id\":\"https:\\\/\\\/medinstrus.lt\\\/es\\\/producto\\\/zulu-1\\\/#breadcrumb\"},\"inLanguage\":\"es\",\"potentialAction\":[{\"@type\":\"ReadAction\",\"target\":[\"https:\\\/\\\/medinstrus.lt\\\/es\\\/producto\\\/zulu-1\\\/\"]}]},{\"@type\":\"ImageObject\",\"inLanguage\":\"es\",\"@id\":\"https:\\\/\\\/medinstrus.lt\\\/es\\\/producto\\\/zulu-1\\\/#primaryimage\",\"url\":\"https:\\\/\\\/medinstrus.lt\\\/wp-content\\\/uploads\\\/2024\\\/04\\\/ZULU1-svetainei-1.png\",\"contentUrl\":\"https:\\\/\\\/medinstrus.lt\\\/wp-content\\\/uploads\\\/2024\\\/04\\\/ZULU1-svetainei-1.png\",\"width\":1080,\"height\":1350,\"caption\":\"Zulu 1, a single instrument workstation, optimized for small rooms without compromise.\"},{\"@type\":\"BreadcrumbList\",\"@id\":\"https:\\\/\\\/medinstrus.lt\\\/es\\\/producto\\\/zulu-1\\\/#breadcrumb\",\"itemListElement\":[{\"@type\":\"ListItem\",\"position\":1,\"name\":\"Home\",\"item\":\"https:\\\/\\\/medinstrus.lt\\\/es\\\/pagina-de-inicio\\\/\"},{\"@type\":\"ListItem\",\"position\":2,\"name\":\"Tienda\",\"item\":\"https:\\\/\\\/medinstrus.lt\\\/es\\\/tienda\\\/\"},{\"@type\":\"ListItem\",\"position\":3,\"name\":\"Zul\u00fa 1\"}]},{\"@type\":\"WebSite\",\"@id\":\"https:\\\/\\\/medinstrus.lt\\\/es\\\/#website\",\"url\":\"https:\\\/\\\/medinstrus.lt\\\/es\\\/\",\"name\":\"https:\\\/\\\/medinstrus.com\\\/\",\"description\":\"Simplicity combined with functionality.\",\"publisher\":{\"@id\":\"https:\\\/\\\/medinstrus.lt\\\/es\\\/#organization\"},\"potentialAction\":[{\"@type\":\"SearchAction\",\"target\":{\"@type\":\"EntryPoint\",\"urlTemplate\":\"https:\\\/\\\/medinstrus.lt\\\/es\\\/?s={search_term_string}\"},\"query-input\":{\"@type\":\"PropertyValueSpecification\",\"valueRequired\":true,\"valueName\":\"search_term_string\"}}],\"inLanguage\":\"es\"},{\"@type\":\"Organization\",\"@id\":\"https:\\\/\\\/medinstrus.lt\\\/es\\\/#organization\",\"name\":\"Medinstrus\",\"url\":\"https:\\\/\\\/medinstrus.lt\\\/es\\\/\",\"logo\":{\"@type\":\"ImageObject\",\"inLanguage\":\"es\",\"@id\":\"https:\\\/\\\/medinstrus.lt\\\/es\\\/#\\\/schema\\\/logo\\\/image\\\/\",\"url\":\"https:\\\/\\\/medinstrus.lt\\\/wp-content\\\/uploads\\\/2025\\\/02\\\/Medinstrus-v1.png\",\"contentUrl\":\"https:\\\/\\\/medinstrus.lt\\\/wp-content\\\/uploads\\\/2025\\\/02\\\/Medinstrus-v1.png\",\"width\":723,\"height\":96,\"caption\":\"Medinstrus\"},\"image\":{\"@id\":\"https:\\\/\\\/medinstrus.lt\\\/es\\\/#\\\/schema\\\/logo\\\/image\\\/\"},\"sameAs\":[\"https:\\\/\\\/www.facebook.com\\\/medinstrus\\\/\",\"https:\\\/\\\/www.instagram.com\\\/Medinstrus\"]}]}<\/script>\n<!-- \/ Yoast SEO Premium plugin. -->","yoast_head_json":{"title":"Zul\u00fa 1 - Medinstrus","robots":{"index":"index","follow":"follow","max-snippet":"max-snippet:-1","max-image-preview":"max-image-preview:large","max-video-preview":"max-video-preview:-1"},"canonical":"https:\/\/medinstrus.lt\/es\/producto\/zulu-1\/","og_locale":"es_ES","og_type":"article","og_title":"Zul\u00fa 1","og_description":"Unidad de Refracci\u00f3n Zul\u00fa 1 La unidad de refracci\u00f3n Zulu 1 est\u00e1 dise\u00f1ada para consultas que necesitan una soluci\u00f3n compacta y vers\u00e1til. Dispone de un tablero giratorio que puede alojar un solo instrumento, que puede bloquearse en cualquier posici\u00f3n para una m\u00e1xima comodidad.","og_url":"https:\/\/medinstrus.lt\/es\/producto\/zulu-1\/","og_site_name":"Medinstrus","article_publisher":"https:\/\/www.facebook.com\/medinstrus\/","og_image":[{"width":1080,"height":1350,"url":"https:\/\/medinstrus.lt\/wp-content\/uploads\/2024\/04\/ZULU1-svetainei-1.png","type":"image\/png"}],"twitter_card":"summary_large_image","twitter_misc":{"Tiempo de lectura":"2 minutos"},"schema":{"@context":"https:\/\/schema.org","@graph":[{"@type":"WebPage","@id":"https:\/\/medinstrus.lt\/es\/producto\/zulu-1\/","url":"https:\/\/medinstrus.lt\/es\/producto\/zulu-1\/","name":"Zul\u00fa 1 - Medinstrus","isPartOf":{"@id":"https:\/\/medinstrus.lt\/es\/#website"},"primaryImageOfPage":{"@id":"https:\/\/medinstrus.lt\/es\/producto\/zulu-1\/#primaryimage"},"image":{"@id":"https:\/\/medinstrus.lt\/es\/producto\/zulu-1\/#primaryimage"},"thumbnailUrl":"https:\/\/medinstrus.lt\/wp-content\/uploads\/2024\/04\/ZULU1-svetainei-1.png","datePublished":"2024-04-23T08:02:00+00:00","breadcrumb":{"@id":"https:\/\/medinstrus.lt\/es\/producto\/zulu-1\/#breadcrumb"},"inLanguage":"es","potentialAction":[{"@type":"ReadAction","target":["https:\/\/medinstrus.lt\/es\/producto\/zulu-1\/"]}]},{"@type":"ImageObject","inLanguage":"es","@id":"https:\/\/medinstrus.lt\/es\/producto\/zulu-1\/#primaryimage","url":"https:\/\/medinstrus.lt\/wp-content\/uploads\/2024\/04\/ZULU1-svetainei-1.png","contentUrl":"https:\/\/medinstrus.lt\/wp-content\/uploads\/2024\/04\/ZULU1-svetainei-1.png","width":1080,"height":1350,"caption":"Zulu 1, a single instrument workstation, optimized for small rooms without compromise."},{"@type":"BreadcrumbList","@id":"https:\/\/medinstrus.lt\/es\/producto\/zulu-1\/#breadcrumb","itemListElement":[{"@type":"ListItem","position":1,"name":"Home","item":"https:\/\/medinstrus.lt\/es\/pagina-de-inicio\/"},{"@type":"ListItem","position":2,"name":"Tienda","item":"https:\/\/medinstrus.lt\/es\/tienda\/"},{"@type":"ListItem","position":3,"name":"Zul\u00fa 1"}]},{"@type":"WebSite","@id":"https:\/\/medinstrus.lt\/es\/#website","url":"https:\/\/medinstrus.lt\/es\/","name":"https:\/\/medinstrus.com\/","description":"Simplicity combined with functionality.","publisher":{"@id":"https:\/\/medinstrus.lt\/es\/#organization"},"potentialAction":[{"@type":"SearchAction","target":{"@type":"EntryPoint","urlTemplate":"https:\/\/medinstrus.lt\/es\/?s={search_term_string}"},"query-input":{"@type":"PropertyValueSpecification","valueRequired":true,"valueName":"search_term_string"}}],"inLanguage":"es"},{"@type":"Organization","@id":"https:\/\/medinstrus.lt\/es\/#organization","name":"Medinstrus","url":"https:\/\/medinstrus.lt\/es\/","logo":{"@type":"ImageObject","inLanguage":"es","@id":"https:\/\/medinstrus.lt\/es\/#\/schema\/logo\/image\/","url":"https:\/\/medinstrus.lt\/wp-content\/uploads\/2025\/02\/Medinstrus-v1.png","contentUrl":"https:\/\/medinstrus.lt\/wp-content\/uploads\/2025\/02\/Medinstrus-v1.png","width":723,"height":96,"caption":"Medinstrus"},"image":{"@id":"https:\/\/medinstrus.lt\/es\/#\/schema\/logo\/image\/"},"sameAs":["https:\/\/www.facebook.com\/medinstrus\/","https:\/\/www.instagram.com\/Medinstrus"]}]}},"_links":{"self":[{"href":"https:\/\/medinstrus.lt\/es\/wp-json\/wp\/v2\/product\/3561","targetHints":{"allow":["GET"]}}],"collection":[{"href":"https:\/\/medinstrus.lt\/es\/wp-json\/wp\/v2\/product"}],"about":[{"href":"https:\/\/medinstrus.lt\/es\/wp-json\/wp\/v2\/types\/product"}],"replies":[{"embeddable":true,"href":"https:\/\/medinstrus.lt\/es\/wp-json\/wp\/v2\/comments?post=3561"}],"wp:featuredmedia":[{"embeddable":true,"href":"https:\/\/medinstrus.lt\/es\/wp-json\/wp\/v2\/media\/2897"}],"wp:attachment":[{"href":"https:\/\/medinstrus.lt\/es\/wp-json\/wp\/v2\/media?parent=3561"}],"wp:term":[{"taxonomy":"product_brand","embeddable":true,"href":"https:\/\/medinstrus.lt\/es\/wp-json\/wp\/v2\/product_brand?post=3561"},{"taxonomy":"product_cat","embeddable":true,"href":"https:\/\/medinstrus.lt\/es\/wp-json\/wp\/v2\/product_cat?post=3561"},{"taxonomy":"product_tag","embeddable":true,"href":"https:\/\/medinstrus.lt\/es\/wp-json\/wp\/v2\/product_tag?post=3561"}],"curies":[{"name":"wp","href":"https:\/\/api.w.org\/{rel}","templated":true}]}}