{"id":3560,"date":"2024-04-23T11:02:22","date_gmt":"2024-04-23T08:02:22","guid":{"rendered":"https:\/\/medinstrus.lt\/product\/zulu-2r\/"},"modified":"2024-04-23T11:02:22","modified_gmt":"2024-04-23T08:02:22","slug":"zulu-2r","status":"publish","type":"product","link":"https:\/\/medinstrus.lt\/es\/producto\/zulu-2r\/","title":{"rendered":"Zul\u00fa 2R"},"content":{"rendered":"<p><strong>Caracter\u00edsticas principales:<\/strong><\/p>\n<ul>\n<li><strong>Capacidad para dos instrumentos:<\/strong> El tablero giratorio tiene capacidad para dos instrumentos y se puede bloquear en cualquier posici\u00f3n, lo que garantiza flexibilidad y eficacia durante las exploraciones.<\/li>\n<li><strong>Flexibilidad mejorada:<\/strong> Esta unidad est\u00e1 dise\u00f1ada para configuraciones multiinstrumento, lo que facilita una atenci\u00f3n al paciente r\u00e1pida y eficaz.<\/li>\n<li><strong>Personalizaci\u00f3n del color:<\/strong> Personaliza tu Zulu 2R con varias opciones de color para las piezas met\u00e1licas, la silla y el tablero de la mesa para crear un entorno de consulta profesional y acogedor.<\/li>\n<\/ul>\n<p><strong>Adaptaci\u00f3n y personalizaci\u00f3n:<\/strong><\/p>\n<p>Cada unidad de la serie Zulu ofrece amplias opciones de personalizaci\u00f3n para garantizar que encajen perfectamente en el entorno de tu consulta. Puedes elegir entre varios colores para las piezas met\u00e1licas, la silla y el tablero, lo que te permite crear una unidad que refleje el estilo de tu consulta y mejore su aspecto profesional. <\/p>\n<p>Adem\u00e1s, el dise\u00f1o ergon\u00f3mico de los sillones y las superficies de trabajo garantiza la comodidad tanto de los pacientes como de los facultativos, contribuyendo a un proceso de examen m\u00e1s agradable y eficiente. Los sistemas integrados de gesti\u00f3n de cables ayudan a mantener un espacio de trabajo limpio y organizado, reduciendo el desorden y mejorando la seguridad. <\/p>\n<p><strong>\u00bfPor qu\u00e9 elegir la serie Zulu?<\/strong><\/p>\n<ul>\n<li><strong>Flujo de trabajo mejorado:<\/strong> El dise\u00f1o ergon\u00f3mico y modular de la serie Zulu mejora la eficiencia del flujo de trabajo, lo que permite a los facultativos realizar las exploraciones con mayor eficacia.<\/li>\n<li><strong>Confort para el paciente:<\/strong> Los sillones ajustables para pacientes y las superficies de trabajo bien dise\u00f1adas garantizan la m\u00e1xima comodidad para los pacientes durante su visita.<\/li>\n<li><strong>Personalizaci\u00f3n:<\/strong> La posibilidad de personalizar cada unidad para adaptarla a necesidades espec\u00edficas convierte a la serie Zulu en un complemento vers\u00e1til para cualquier consulta oftalmol\u00f3gica.<\/li>\n<li><strong>Aspecto profesional:<\/strong> El dise\u00f1o elegante y moderno de la serie Zulu contribuye a crear un entorno profesional y acogedor en la consulta.<\/li>\n<\/ul>\n<p>Eleva la atenci\u00f3n a tus pacientes y la eficiencia operativa con la serie Zulu, que ofrece funcionalidad avanzada y opciones de dise\u00f1o personalizadas para satisfacer las necesidades \u00fanicas de tu consulta oftalmol\u00f3gica.<\/p>\n","protected":false},"excerpt":{"rendered":"<p><strong>Unidad de refracci\u00f3n Zulu 2R<\/strong><\/p>\n<p>La Zulu 2R es una unidad de refracci\u00f3n avanzada con un tablero giratorio que admite dos instrumentos. Este dise\u00f1o permite transiciones fluidas entre instrumentos, por lo que es ideal para consultas con mucho trabajo. <\/p>\n","protected":false},"featured_media":2943,"comment_status":"closed","ping_status":"closed","template":"","meta":{"_acf_changed":false},"product_brand":[],"product_cat":[162],"product_tag":[331],"class_list":{"0":"post-3560","1":"product","2":"type-product","3":"status-publish","4":"has-post-thumbnail","6":"product_cat-unidades-de-refraccion","7":"product_tag-puesto-de-trabajo-oftalmologico","9":"first","10":"instock","11":"shipping-taxable","12":"product-type-simple"},"acf":[],"gallery_images":[2238,2240,2242,2244,2246,2248,2250,2252,2254,2256,2258,2260,2262],"yoast_head":"<!-- This site is optimized with the Yoast SEO Premium plugin v27.4 (Yoast SEO v27.4) - https:\/\/yoast.com\/product\/yoast-seo-premium-wordpress\/ -->\n<title>Zul\u00fa 2R - Medinstrus<\/title>\n<meta name=\"robots\" content=\"index, follow, max-snippet:-1, max-image-preview:large, max-video-preview:-1\" \/>\n<link rel=\"canonical\" href=\"https:\/\/medinstrus.lt\/es\/producto\/zulu-2r\/\" \/>\n<meta property=\"og:locale\" content=\"es_ES\" \/>\n<meta property=\"og:type\" content=\"article\" \/>\n<meta property=\"og:title\" content=\"Zul\u00fa 2R\" \/>\n<meta property=\"og:description\" content=\"Unidad de refracci\u00f3n Zulu 2R La Zulu 2R es una unidad de refracci\u00f3n avanzada con un tablero giratorio que admite dos instrumentos. Este dise\u00f1o permite transiciones fluidas entre instrumentos, por lo que es ideal para consultas con mucho trabajo.\" \/>\n<meta property=\"og:url\" content=\"https:\/\/medinstrus.lt\/es\/producto\/zulu-2r\/\" \/>\n<meta property=\"og:site_name\" content=\"Medinstrus\" \/>\n<meta property=\"article:publisher\" content=\"https:\/\/www.facebook.com\/medinstrus\/\" \/>\n<meta property=\"og:image\" content=\"https:\/\/medinstrus.lt\/wp-content\/uploads\/2024\/04\/Zulu2R-svetainei.png\" \/>\n\t<meta property=\"og:image:width\" content=\"1080\" \/>\n\t<meta property=\"og:image:height\" content=\"1350\" \/>\n\t<meta property=\"og:image:type\" content=\"image\/png\" \/>\n<meta name=\"twitter:card\" content=\"summary_large_image\" \/>\n<meta name=\"twitter:label1\" content=\"Tiempo de lectura\" \/>\n\t<meta name=\"twitter:data1\" content=\"2 minutos\" \/>\n<script type=\"application\/ld+json\" class=\"yoast-schema-graph\">{\"@context\":\"https:\\\/\\\/schema.org\",\"@graph\":[{\"@type\":\"WebPage\",\"@id\":\"https:\\\/\\\/medinstrus.lt\\\/es\\\/producto\\\/zulu-2r\\\/\",\"url\":\"https:\\\/\\\/medinstrus.lt\\\/es\\\/producto\\\/zulu-2r\\\/\",\"name\":\"Zul\u00fa 2R - Medinstrus\",\"isPartOf\":{\"@id\":\"https:\\\/\\\/medinstrus.lt\\\/es\\\/#website\"},\"primaryImageOfPage\":{\"@id\":\"https:\\\/\\\/medinstrus.lt\\\/es\\\/producto\\\/zulu-2r\\\/#primaryimage\"},\"image\":{\"@id\":\"https:\\\/\\\/medinstrus.lt\\\/es\\\/producto\\\/zulu-2r\\\/#primaryimage\"},\"thumbnailUrl\":\"https:\\\/\\\/medinstrus.lt\\\/wp-content\\\/uploads\\\/2024\\\/04\\\/Zulu2R-svetainei.png\",\"datePublished\":\"2024-04-23T08:02:22+00:00\",\"breadcrumb\":{\"@id\":\"https:\\\/\\\/medinstrus.lt\\\/es\\\/producto\\\/zulu-2r\\\/#breadcrumb\"},\"inLanguage\":\"es\",\"potentialAction\":[{\"@type\":\"ReadAction\",\"target\":[\"https:\\\/\\\/medinstrus.lt\\\/es\\\/producto\\\/zulu-2r\\\/\"]}]},{\"@type\":\"ImageObject\",\"inLanguage\":\"es\",\"@id\":\"https:\\\/\\\/medinstrus.lt\\\/es\\\/producto\\\/zulu-2r\\\/#primaryimage\",\"url\":\"https:\\\/\\\/medinstrus.lt\\\/wp-content\\\/uploads\\\/2024\\\/04\\\/Zulu2R-svetainei.png\",\"contentUrl\":\"https:\\\/\\\/medinstrus.lt\\\/wp-content\\\/uploads\\\/2024\\\/04\\\/Zulu2R-svetainei.png\",\"width\":1080,\"height\":1350,\"caption\":\"The Zulu 2R\u2019s rotating tabletop allows seamless switching between two instruments.\"},{\"@type\":\"BreadcrumbList\",\"@id\":\"https:\\\/\\\/medinstrus.lt\\\/es\\\/producto\\\/zulu-2r\\\/#breadcrumb\",\"itemListElement\":[{\"@type\":\"ListItem\",\"position\":1,\"name\":\"Home\",\"item\":\"https:\\\/\\\/medinstrus.lt\\\/es\\\/pagina-de-inicio\\\/\"},{\"@type\":\"ListItem\",\"position\":2,\"name\":\"Tienda\",\"item\":\"https:\\\/\\\/medinstrus.lt\\\/es\\\/tienda\\\/\"},{\"@type\":\"ListItem\",\"position\":3,\"name\":\"Zul\u00fa 2R\"}]},{\"@type\":\"WebSite\",\"@id\":\"https:\\\/\\\/medinstrus.lt\\\/es\\\/#website\",\"url\":\"https:\\\/\\\/medinstrus.lt\\\/es\\\/\",\"name\":\"https:\\\/\\\/medinstrus.com\\\/\",\"description\":\"Simplicity combined with functionality.\",\"publisher\":{\"@id\":\"https:\\\/\\\/medinstrus.lt\\\/es\\\/#organization\"},\"potentialAction\":[{\"@type\":\"SearchAction\",\"target\":{\"@type\":\"EntryPoint\",\"urlTemplate\":\"https:\\\/\\\/medinstrus.lt\\\/es\\\/?s={search_term_string}\"},\"query-input\":{\"@type\":\"PropertyValueSpecification\",\"valueRequired\":true,\"valueName\":\"search_term_string\"}}],\"inLanguage\":\"es\"},{\"@type\":\"Organization\",\"@id\":\"https:\\\/\\\/medinstrus.lt\\\/es\\\/#organization\",\"name\":\"Medinstrus\",\"url\":\"https:\\\/\\\/medinstrus.lt\\\/es\\\/\",\"logo\":{\"@type\":\"ImageObject\",\"inLanguage\":\"es\",\"@id\":\"https:\\\/\\\/medinstrus.lt\\\/es\\\/#\\\/schema\\\/logo\\\/image\\\/\",\"url\":\"https:\\\/\\\/medinstrus.lt\\\/wp-content\\\/uploads\\\/2025\\\/02\\\/Medinstrus-v1.png\",\"contentUrl\":\"https:\\\/\\\/medinstrus.lt\\\/wp-content\\\/uploads\\\/2025\\\/02\\\/Medinstrus-v1.png\",\"width\":723,\"height\":96,\"caption\":\"Medinstrus\"},\"image\":{\"@id\":\"https:\\\/\\\/medinstrus.lt\\\/es\\\/#\\\/schema\\\/logo\\\/image\\\/\"},\"sameAs\":[\"https:\\\/\\\/www.facebook.com\\\/medinstrus\\\/\",\"https:\\\/\\\/www.instagram.com\\\/Medinstrus\"]}]}<\/script>\n<!-- \/ Yoast SEO Premium plugin. -->","yoast_head_json":{"title":"Zul\u00fa 2R - Medinstrus","robots":{"index":"index","follow":"follow","max-snippet":"max-snippet:-1","max-image-preview":"max-image-preview:large","max-video-preview":"max-video-preview:-1"},"canonical":"https:\/\/medinstrus.lt\/es\/producto\/zulu-2r\/","og_locale":"es_ES","og_type":"article","og_title":"Zul\u00fa 2R","og_description":"Unidad de refracci\u00f3n Zulu 2R La Zulu 2R es una unidad de refracci\u00f3n avanzada con un tablero giratorio que admite dos instrumentos. Este dise\u00f1o permite transiciones fluidas entre instrumentos, por lo que es ideal para consultas con mucho trabajo.","og_url":"https:\/\/medinstrus.lt\/es\/producto\/zulu-2r\/","og_site_name":"Medinstrus","article_publisher":"https:\/\/www.facebook.com\/medinstrus\/","og_image":[{"width":1080,"height":1350,"url":"https:\/\/medinstrus.lt\/wp-content\/uploads\/2024\/04\/Zulu2R-svetainei.png","type":"image\/png"}],"twitter_card":"summary_large_image","twitter_misc":{"Tiempo de lectura":"2 minutos"},"schema":{"@context":"https:\/\/schema.org","@graph":[{"@type":"WebPage","@id":"https:\/\/medinstrus.lt\/es\/producto\/zulu-2r\/","url":"https:\/\/medinstrus.lt\/es\/producto\/zulu-2r\/","name":"Zul\u00fa 2R - Medinstrus","isPartOf":{"@id":"https:\/\/medinstrus.lt\/es\/#website"},"primaryImageOfPage":{"@id":"https:\/\/medinstrus.lt\/es\/producto\/zulu-2r\/#primaryimage"},"image":{"@id":"https:\/\/medinstrus.lt\/es\/producto\/zulu-2r\/#primaryimage"},"thumbnailUrl":"https:\/\/medinstrus.lt\/wp-content\/uploads\/2024\/04\/Zulu2R-svetainei.png","datePublished":"2024-04-23T08:02:22+00:00","breadcrumb":{"@id":"https:\/\/medinstrus.lt\/es\/producto\/zulu-2r\/#breadcrumb"},"inLanguage":"es","potentialAction":[{"@type":"ReadAction","target":["https:\/\/medinstrus.lt\/es\/producto\/zulu-2r\/"]}]},{"@type":"ImageObject","inLanguage":"es","@id":"https:\/\/medinstrus.lt\/es\/producto\/zulu-2r\/#primaryimage","url":"https:\/\/medinstrus.lt\/wp-content\/uploads\/2024\/04\/Zulu2R-svetainei.png","contentUrl":"https:\/\/medinstrus.lt\/wp-content\/uploads\/2024\/04\/Zulu2R-svetainei.png","width":1080,"height":1350,"caption":"The Zulu 2R\u2019s rotating tabletop allows seamless switching between two instruments."},{"@type":"BreadcrumbList","@id":"https:\/\/medinstrus.lt\/es\/producto\/zulu-2r\/#breadcrumb","itemListElement":[{"@type":"ListItem","position":1,"name":"Home","item":"https:\/\/medinstrus.lt\/es\/pagina-de-inicio\/"},{"@type":"ListItem","position":2,"name":"Tienda","item":"https:\/\/medinstrus.lt\/es\/tienda\/"},{"@type":"ListItem","position":3,"name":"Zul\u00fa 2R"}]},{"@type":"WebSite","@id":"https:\/\/medinstrus.lt\/es\/#website","url":"https:\/\/medinstrus.lt\/es\/","name":"https:\/\/medinstrus.com\/","description":"Simplicity combined with functionality.","publisher":{"@id":"https:\/\/medinstrus.lt\/es\/#organization"},"potentialAction":[{"@type":"SearchAction","target":{"@type":"EntryPoint","urlTemplate":"https:\/\/medinstrus.lt\/es\/?s={search_term_string}"},"query-input":{"@type":"PropertyValueSpecification","valueRequired":true,"valueName":"search_term_string"}}],"inLanguage":"es"},{"@type":"Organization","@id":"https:\/\/medinstrus.lt\/es\/#organization","name":"Medinstrus","url":"https:\/\/medinstrus.lt\/es\/","logo":{"@type":"ImageObject","inLanguage":"es","@id":"https:\/\/medinstrus.lt\/es\/#\/schema\/logo\/image\/","url":"https:\/\/medinstrus.lt\/wp-content\/uploads\/2025\/02\/Medinstrus-v1.png","contentUrl":"https:\/\/medinstrus.lt\/wp-content\/uploads\/2025\/02\/Medinstrus-v1.png","width":723,"height":96,"caption":"Medinstrus"},"image":{"@id":"https:\/\/medinstrus.lt\/es\/#\/schema\/logo\/image\/"},"sameAs":["https:\/\/www.facebook.com\/medinstrus\/","https:\/\/www.instagram.com\/Medinstrus"]}]}},"_links":{"self":[{"href":"https:\/\/medinstrus.lt\/es\/wp-json\/wp\/v2\/product\/3560","targetHints":{"allow":["GET"]}}],"collection":[{"href":"https:\/\/medinstrus.lt\/es\/wp-json\/wp\/v2\/product"}],"about":[{"href":"https:\/\/medinstrus.lt\/es\/wp-json\/wp\/v2\/types\/product"}],"replies":[{"embeddable":true,"href":"https:\/\/medinstrus.lt\/es\/wp-json\/wp\/v2\/comments?post=3560"}],"wp:featuredmedia":[{"embeddable":true,"href":"https:\/\/medinstrus.lt\/es\/wp-json\/wp\/v2\/media\/2943"}],"wp:attachment":[{"href":"https:\/\/medinstrus.lt\/es\/wp-json\/wp\/v2\/media?parent=3560"}],"wp:term":[{"taxonomy":"product_brand","embeddable":true,"href":"https:\/\/medinstrus.lt\/es\/wp-json\/wp\/v2\/product_brand?post=3560"},{"taxonomy":"product_cat","embeddable":true,"href":"https:\/\/medinstrus.lt\/es\/wp-json\/wp\/v2\/product_cat?post=3560"},{"taxonomy":"product_tag","embeddable":true,"href":"https:\/\/medinstrus.lt\/es\/wp-json\/wp\/v2\/product_tag?post=3560"}],"curies":[{"name":"wp","href":"https:\/\/api.w.org\/{rel}","templated":true}]}}