{"id":3554,"date":"2024-07-11T11:20:50","date_gmt":"2024-07-11T08:20:50","guid":{"rendered":"https:\/\/medinstrus.lt\/product\/acpu-panel-de-control-con-cable-de-5-m-para-unidades-delta-alfa-beta\/"},"modified":"2024-07-11T11:20:50","modified_gmt":"2024-07-11T08:20:50","slug":"acpu-panel-de-control-con-cable-de-5-m-para-unidades-delta-alfa-beta","status":"publish","type":"product","link":"https:\/\/medinstrus.lt\/es\/producto\/acpu-panel-de-control-con-cable-de-5-m-para-unidades-delta-alfa-beta\/","title":{"rendered":"ACPU- Panel de control con cable de 5 m para unidades Delta, Alfa, Beta"},"content":{"rendered":"<p><strong>Caracter\u00edsticas principales:<\/strong><\/p>\n<ul>\n<li><strong>Compatibilidad:<\/strong> Dise\u00f1ado espec\u00edficamente para las unidades Delta, Alfa y Beta, garantizando un funcionamiento suave y fiable;<\/li>\n<li><strong>Facilidad de uso:<\/strong> dise\u00f1o intuitivo con botones claramente marcados para un manejo sencillo;<\/li>\n<li><strong>Construcci\u00f3n duradera:<\/strong> Fabricada con materiales de alta calidad para soportar las exigencias de un entorno cl\u00ednico ajetreado;<\/li>\n<li><strong>Alcance ampliado:<\/strong> Viene con un cable de 5 metros, que proporciona flexibilidad en la instalaci\u00f3n y el posicionamiento;<\/li>\n<li><strong>Control exhaustivo:<\/strong> Permite ajustar con precisi\u00f3n la posici\u00f3n de la mesa y la silla, la configuraci\u00f3n de los instrumentos y las condiciones de iluminaci\u00f3n;<\/li>\n<li><strong>Mayor eficiencia:<\/strong> El dise\u00f1o aerodin\u00e1mico ayuda a mejorar la eficiencia de los procedimientos cl\u00ednicos, reduciendo el tiempo de inactividad y mejorando la atenci\u00f3n al paciente.<\/li>\n<\/ul>\n<p><strong>Especificaciones:<\/strong><\/p>\n<ul>\n<li><strong>Longitud del cable:<\/strong> 5 metros<\/li>\n<li><strong>Material:<\/strong> Pl\u00e1stico duradero de alta calidad<\/li>\n<li><strong>Funciones de los botones:<\/strong> Mesa, Silla, Instrumentos (1 y 2), Gr\u00e1fico, A\u00f1adir, F1, F2, Ajustes de iluminaci\u00f3n, Bloquear y otras funciones personalizadas.<\/li>\n<\/ul>\n<p>Mejora la funcionalidad y eficacia de tus unidades Delta, Alfa y Beta con el Panel de control ACPU. Su dise\u00f1o ergon\u00f3mico y sus s\u00f3lidas funciones lo convierten en una herramienta indispensable para las consultas oftalmol\u00f3gicas modernas. <\/p>\n<p>&nbsp;<\/p>\n","protected":false},"excerpt":{"rendered":"<p>El panel de control ACPU con cable de 5 m est\u00e1 dise\u00f1ado para integrarse perfectamente con las unidades Delta, Alfa y Beta, proporcionando un control preciso y sencillo de tu equipo oftalmol\u00f3gico. Este panel de control presenta un dise\u00f1o robusto con botones claramente etiquetados para un manejo sencillo, lo que garantiza un flujo de trabajo eficaz en entornos cl\u00ednicos. <\/p>\n","protected":false},"featured_media":2973,"comment_status":"closed","ping_status":"closed","template":"","meta":{"_acf_changed":false},"product_brand":[],"product_cat":[286],"product_tag":[],"class_list":{"0":"post-3554","1":"product","2":"type-product","3":"status-publish","4":"has-post-thumbnail","6":"product_cat-accesorios","8":"first","9":"instock","10":"shipping-taxable","11":"product-type-simple"},"acf":[],"gallery_images":[],"yoast_head":"<!-- This site is optimized with the Yoast SEO Premium plugin v27.4 (Yoast SEO v27.4) - https:\/\/yoast.com\/product\/yoast-seo-premium-wordpress\/ -->\n<title>ACPU- Panel de control con cable de 5 m para unidades Delta, Alfa, Beta - Medinstrus<\/title>\n<meta name=\"robots\" content=\"index, follow, max-snippet:-1, max-image-preview:large, max-video-preview:-1\" \/>\n<link rel=\"canonical\" href=\"https:\/\/medinstrus.lt\/es\/producto\/acpu-panel-de-control-con-cable-de-5-m-para-unidades-delta-alfa-beta\/\" \/>\n<meta property=\"og:locale\" content=\"es_ES\" \/>\n<meta property=\"og:type\" content=\"article\" \/>\n<meta property=\"og:title\" content=\"ACPU- Panel de control con cable de 5 m para unidades Delta, Alfa, Beta\" \/>\n<meta property=\"og:description\" content=\"El panel de control ACPU con cable de 5 m est\u00e1 dise\u00f1ado para integrarse perfectamente con las unidades Delta, Alfa y Beta, proporcionando un control preciso y sencillo de tu equipo oftalmol\u00f3gico. Este panel de control presenta un dise\u00f1o robusto con botones claramente etiquetados para un manejo sencillo, lo que garantiza un flujo de trabajo eficaz en entornos cl\u00ednicos.\" \/>\n<meta property=\"og:url\" content=\"https:\/\/medinstrus.lt\/es\/producto\/acpu-panel-de-control-con-cable-de-5-m-para-unidades-delta-alfa-beta\/\" \/>\n<meta property=\"og:site_name\" content=\"Medinstrus\" \/>\n<meta property=\"article:publisher\" content=\"https:\/\/www.facebook.com\/medinstrus\/\" \/>\n<meta property=\"og:image\" content=\"https:\/\/medinstrus.lt\/wp-content\/uploads\/2024\/07\/ACPU-Control-panel-with-5m-cable-for-Delta-Alfa-Beta-uni.jpg.png\" \/>\n\t<meta property=\"og:image:width\" content=\"1080\" \/>\n\t<meta property=\"og:image:height\" content=\"1350\" \/>\n\t<meta property=\"og:image:type\" content=\"image\/png\" \/>\n<meta name=\"twitter:card\" content=\"summary_large_image\" \/>\n<meta name=\"twitter:label1\" content=\"Tiempo de lectura\" \/>\n\t<meta name=\"twitter:data1\" content=\"1 minuto\" \/>\n<script type=\"application\/ld+json\" class=\"yoast-schema-graph\">{\"@context\":\"https:\\\/\\\/schema.org\",\"@graph\":[{\"@type\":\"WebPage\",\"@id\":\"https:\\\/\\\/medinstrus.lt\\\/es\\\/producto\\\/acpu-panel-de-control-con-cable-de-5-m-para-unidades-delta-alfa-beta\\\/\",\"url\":\"https:\\\/\\\/medinstrus.lt\\\/es\\\/producto\\\/acpu-panel-de-control-con-cable-de-5-m-para-unidades-delta-alfa-beta\\\/\",\"name\":\"ACPU- Panel de control con cable de 5 m para unidades Delta, Alfa, Beta - Medinstrus\",\"isPartOf\":{\"@id\":\"https:\\\/\\\/medinstrus.lt\\\/es\\\/#website\"},\"primaryImageOfPage\":{\"@id\":\"https:\\\/\\\/medinstrus.lt\\\/es\\\/producto\\\/acpu-panel-de-control-con-cable-de-5-m-para-unidades-delta-alfa-beta\\\/#primaryimage\"},\"image\":{\"@id\":\"https:\\\/\\\/medinstrus.lt\\\/es\\\/producto\\\/acpu-panel-de-control-con-cable-de-5-m-para-unidades-delta-alfa-beta\\\/#primaryimage\"},\"thumbnailUrl\":\"https:\\\/\\\/medinstrus.lt\\\/wp-content\\\/uploads\\\/2024\\\/07\\\/ACPU-Control-panel-with-5m-cable-for-Delta-Alfa-Beta-uni.jpg.png\",\"datePublished\":\"2024-07-11T08:20:50+00:00\",\"breadcrumb\":{\"@id\":\"https:\\\/\\\/medinstrus.lt\\\/es\\\/producto\\\/acpu-panel-de-control-con-cable-de-5-m-para-unidades-delta-alfa-beta\\\/#breadcrumb\"},\"inLanguage\":\"es\",\"potentialAction\":[{\"@type\":\"ReadAction\",\"target\":[\"https:\\\/\\\/medinstrus.lt\\\/es\\\/producto\\\/acpu-panel-de-control-con-cable-de-5-m-para-unidades-delta-alfa-beta\\\/\"]}]},{\"@type\":\"ImageObject\",\"inLanguage\":\"es\",\"@id\":\"https:\\\/\\\/medinstrus.lt\\\/es\\\/producto\\\/acpu-panel-de-control-con-cable-de-5-m-para-unidades-delta-alfa-beta\\\/#primaryimage\",\"url\":\"https:\\\/\\\/medinstrus.lt\\\/wp-content\\\/uploads\\\/2024\\\/07\\\/ACPU-Control-panel-with-5m-cable-for-Delta-Alfa-Beta-uni.jpg.png\",\"contentUrl\":\"https:\\\/\\\/medinstrus.lt\\\/wp-content\\\/uploads\\\/2024\\\/07\\\/ACPU-Control-panel-with-5m-cable-for-Delta-Alfa-Beta-uni.jpg.png\",\"width\":1080,\"height\":1350},{\"@type\":\"BreadcrumbList\",\"@id\":\"https:\\\/\\\/medinstrus.lt\\\/es\\\/producto\\\/acpu-panel-de-control-con-cable-de-5-m-para-unidades-delta-alfa-beta\\\/#breadcrumb\",\"itemListElement\":[{\"@type\":\"ListItem\",\"position\":1,\"name\":\"Home\",\"item\":\"https:\\\/\\\/medinstrus.lt\\\/es\\\/pagina-de-inicio\\\/\"},{\"@type\":\"ListItem\",\"position\":2,\"name\":\"Tienda\",\"item\":\"https:\\\/\\\/medinstrus.lt\\\/es\\\/tienda\\\/\"},{\"@type\":\"ListItem\",\"position\":3,\"name\":\"ACPU- Panel de control con cable de 5 m para unidades Delta, Alfa, Beta\"}]},{\"@type\":\"WebSite\",\"@id\":\"https:\\\/\\\/medinstrus.lt\\\/es\\\/#website\",\"url\":\"https:\\\/\\\/medinstrus.lt\\\/es\\\/\",\"name\":\"https:\\\/\\\/medinstrus.com\\\/\",\"description\":\"Simplicity combined with functionality.\",\"publisher\":{\"@id\":\"https:\\\/\\\/medinstrus.lt\\\/es\\\/#organization\"},\"potentialAction\":[{\"@type\":\"SearchAction\",\"target\":{\"@type\":\"EntryPoint\",\"urlTemplate\":\"https:\\\/\\\/medinstrus.lt\\\/es\\\/?s={search_term_string}\"},\"query-input\":{\"@type\":\"PropertyValueSpecification\",\"valueRequired\":true,\"valueName\":\"search_term_string\"}}],\"inLanguage\":\"es\"},{\"@type\":\"Organization\",\"@id\":\"https:\\\/\\\/medinstrus.lt\\\/es\\\/#organization\",\"name\":\"Medinstrus\",\"url\":\"https:\\\/\\\/medinstrus.lt\\\/es\\\/\",\"logo\":{\"@type\":\"ImageObject\",\"inLanguage\":\"es\",\"@id\":\"https:\\\/\\\/medinstrus.lt\\\/es\\\/#\\\/schema\\\/logo\\\/image\\\/\",\"url\":\"https:\\\/\\\/medinstrus.lt\\\/wp-content\\\/uploads\\\/2025\\\/02\\\/Medinstrus-v1.png\",\"contentUrl\":\"https:\\\/\\\/medinstrus.lt\\\/wp-content\\\/uploads\\\/2025\\\/02\\\/Medinstrus-v1.png\",\"width\":723,\"height\":96,\"caption\":\"Medinstrus\"},\"image\":{\"@id\":\"https:\\\/\\\/medinstrus.lt\\\/es\\\/#\\\/schema\\\/logo\\\/image\\\/\"},\"sameAs\":[\"https:\\\/\\\/www.facebook.com\\\/medinstrus\\\/\",\"https:\\\/\\\/www.instagram.com\\\/Medinstrus\"]}]}<\/script>\n<!-- \/ Yoast SEO Premium plugin. -->","yoast_head_json":{"title":"ACPU- Panel de control con cable de 5 m para unidades Delta, Alfa, Beta - Medinstrus","robots":{"index":"index","follow":"follow","max-snippet":"max-snippet:-1","max-image-preview":"max-image-preview:large","max-video-preview":"max-video-preview:-1"},"canonical":"https:\/\/medinstrus.lt\/es\/producto\/acpu-panel-de-control-con-cable-de-5-m-para-unidades-delta-alfa-beta\/","og_locale":"es_ES","og_type":"article","og_title":"ACPU- Panel de control con cable de 5 m para unidades Delta, Alfa, Beta","og_description":"El panel de control ACPU con cable de 5 m est\u00e1 dise\u00f1ado para integrarse perfectamente con las unidades Delta, Alfa y Beta, proporcionando un control preciso y sencillo de tu equipo oftalmol\u00f3gico. Este panel de control presenta un dise\u00f1o robusto con botones claramente etiquetados para un manejo sencillo, lo que garantiza un flujo de trabajo eficaz en entornos cl\u00ednicos.","og_url":"https:\/\/medinstrus.lt\/es\/producto\/acpu-panel-de-control-con-cable-de-5-m-para-unidades-delta-alfa-beta\/","og_site_name":"Medinstrus","article_publisher":"https:\/\/www.facebook.com\/medinstrus\/","og_image":[{"width":1080,"height":1350,"url":"https:\/\/medinstrus.lt\/wp-content\/uploads\/2024\/07\/ACPU-Control-panel-with-5m-cable-for-Delta-Alfa-Beta-uni.jpg.png","type":"image\/png"}],"twitter_card":"summary_large_image","twitter_misc":{"Tiempo de lectura":"1 minuto"},"schema":{"@context":"https:\/\/schema.org","@graph":[{"@type":"WebPage","@id":"https:\/\/medinstrus.lt\/es\/producto\/acpu-panel-de-control-con-cable-de-5-m-para-unidades-delta-alfa-beta\/","url":"https:\/\/medinstrus.lt\/es\/producto\/acpu-panel-de-control-con-cable-de-5-m-para-unidades-delta-alfa-beta\/","name":"ACPU- Panel de control con cable de 5 m para unidades Delta, Alfa, Beta - Medinstrus","isPartOf":{"@id":"https:\/\/medinstrus.lt\/es\/#website"},"primaryImageOfPage":{"@id":"https:\/\/medinstrus.lt\/es\/producto\/acpu-panel-de-control-con-cable-de-5-m-para-unidades-delta-alfa-beta\/#primaryimage"},"image":{"@id":"https:\/\/medinstrus.lt\/es\/producto\/acpu-panel-de-control-con-cable-de-5-m-para-unidades-delta-alfa-beta\/#primaryimage"},"thumbnailUrl":"https:\/\/medinstrus.lt\/wp-content\/uploads\/2024\/07\/ACPU-Control-panel-with-5m-cable-for-Delta-Alfa-Beta-uni.jpg.png","datePublished":"2024-07-11T08:20:50+00:00","breadcrumb":{"@id":"https:\/\/medinstrus.lt\/es\/producto\/acpu-panel-de-control-con-cable-de-5-m-para-unidades-delta-alfa-beta\/#breadcrumb"},"inLanguage":"es","potentialAction":[{"@type":"ReadAction","target":["https:\/\/medinstrus.lt\/es\/producto\/acpu-panel-de-control-con-cable-de-5-m-para-unidades-delta-alfa-beta\/"]}]},{"@type":"ImageObject","inLanguage":"es","@id":"https:\/\/medinstrus.lt\/es\/producto\/acpu-panel-de-control-con-cable-de-5-m-para-unidades-delta-alfa-beta\/#primaryimage","url":"https:\/\/medinstrus.lt\/wp-content\/uploads\/2024\/07\/ACPU-Control-panel-with-5m-cable-for-Delta-Alfa-Beta-uni.jpg.png","contentUrl":"https:\/\/medinstrus.lt\/wp-content\/uploads\/2024\/07\/ACPU-Control-panel-with-5m-cable-for-Delta-Alfa-Beta-uni.jpg.png","width":1080,"height":1350},{"@type":"BreadcrumbList","@id":"https:\/\/medinstrus.lt\/es\/producto\/acpu-panel-de-control-con-cable-de-5-m-para-unidades-delta-alfa-beta\/#breadcrumb","itemListElement":[{"@type":"ListItem","position":1,"name":"Home","item":"https:\/\/medinstrus.lt\/es\/pagina-de-inicio\/"},{"@type":"ListItem","position":2,"name":"Tienda","item":"https:\/\/medinstrus.lt\/es\/tienda\/"},{"@type":"ListItem","position":3,"name":"ACPU- Panel de control con cable de 5 m para unidades Delta, Alfa, Beta"}]},{"@type":"WebSite","@id":"https:\/\/medinstrus.lt\/es\/#website","url":"https:\/\/medinstrus.lt\/es\/","name":"https:\/\/medinstrus.com\/","description":"Simplicity combined with functionality.","publisher":{"@id":"https:\/\/medinstrus.lt\/es\/#organization"},"potentialAction":[{"@type":"SearchAction","target":{"@type":"EntryPoint","urlTemplate":"https:\/\/medinstrus.lt\/es\/?s={search_term_string}"},"query-input":{"@type":"PropertyValueSpecification","valueRequired":true,"valueName":"search_term_string"}}],"inLanguage":"es"},{"@type":"Organization","@id":"https:\/\/medinstrus.lt\/es\/#organization","name":"Medinstrus","url":"https:\/\/medinstrus.lt\/es\/","logo":{"@type":"ImageObject","inLanguage":"es","@id":"https:\/\/medinstrus.lt\/es\/#\/schema\/logo\/image\/","url":"https:\/\/medinstrus.lt\/wp-content\/uploads\/2025\/02\/Medinstrus-v1.png","contentUrl":"https:\/\/medinstrus.lt\/wp-content\/uploads\/2025\/02\/Medinstrus-v1.png","width":723,"height":96,"caption":"Medinstrus"},"image":{"@id":"https:\/\/medinstrus.lt\/es\/#\/schema\/logo\/image\/"},"sameAs":["https:\/\/www.facebook.com\/medinstrus\/","https:\/\/www.instagram.com\/Medinstrus"]}]}},"_links":{"self":[{"href":"https:\/\/medinstrus.lt\/es\/wp-json\/wp\/v2\/product\/3554","targetHints":{"allow":["GET"]}}],"collection":[{"href":"https:\/\/medinstrus.lt\/es\/wp-json\/wp\/v2\/product"}],"about":[{"href":"https:\/\/medinstrus.lt\/es\/wp-json\/wp\/v2\/types\/product"}],"replies":[{"embeddable":true,"href":"https:\/\/medinstrus.lt\/es\/wp-json\/wp\/v2\/comments?post=3554"}],"wp:featuredmedia":[{"embeddable":true,"href":"https:\/\/medinstrus.lt\/es\/wp-json\/wp\/v2\/media\/2973"}],"wp:attachment":[{"href":"https:\/\/medinstrus.lt\/es\/wp-json\/wp\/v2\/media?parent=3554"}],"wp:term":[{"taxonomy":"product_brand","embeddable":true,"href":"https:\/\/medinstrus.lt\/es\/wp-json\/wp\/v2\/product_brand?post=3554"},{"taxonomy":"product_cat","embeddable":true,"href":"https:\/\/medinstrus.lt\/es\/wp-json\/wp\/v2\/product_cat?post=3554"},{"taxonomy":"product_tag","embeddable":true,"href":"https:\/\/medinstrus.lt\/es\/wp-json\/wp\/v2\/product_tag?post=3554"}],"curies":[{"name":"wp","href":"https:\/\/api.w.org\/{rel}","templated":true}]}}