{"id":3550,"date":"2024-07-11T11:36:48","date_gmt":"2024-07-11T08:36:48","guid":{"rendered":"https:\/\/medinstrus.lt\/product\/acpu-panel-de-control-con-cable-de-5-m-para-unidades-mds-inspired-zulu2s\/"},"modified":"2024-07-11T11:36:48","modified_gmt":"2024-07-11T08:36:48","slug":"acpu-panel-de-control-con-cable-de-5-m-para-unidades-mds-inspired-zulu2s","status":"publish","type":"product","link":"https:\/\/medinstrus.lt\/es\/producto\/acpu-panel-de-control-con-cable-de-5-m-para-unidades-mds-inspired-zulu2s\/","title":{"rendered":"ACPU- Panel de control con cable de 5 m para unidades MDS, Inspired, Zulu2s"},"content":{"rendered":"<p><strong>Caracter\u00edsticas principales:<\/strong><\/p>\n<ul>\n<li><strong>Compatibilidad:<\/strong> Espec\u00edficamente adaptada a las unidades MDS, Inspired y Zulu2s, garantizando una integraci\u00f3n fluida y fiable;<\/li>\n<li><strong>Dise\u00f1o f\u00e1cil de usar:<\/strong> Presenta un dise\u00f1o bien organizado con botones claramente marcados para facilitar su uso;<\/li>\n<li><strong>Construcci\u00f3n duradera:<\/strong> Construida con materiales de alta calidad para soportar las exigencias de un entorno cl\u00ednico ajetreado;<\/li>\n<li><strong>Longitud de cable ampliada:<\/strong> Incluye un cable de 5 metros, que proporciona flexibilidad en la instalaci\u00f3n y la colocaci\u00f3n;<\/li>\n<li><strong>Control total:<\/strong> Facilita ajustes precisos de las posiciones de la silla y la mesa, la iluminaci\u00f3n y la configuraci\u00f3n de los instrumentos;<\/li>\n<li><strong>Mayor eficiencia:<\/strong> El dise\u00f1o ergon\u00f3mico mejora la eficacia de los procedimientos cl\u00ednicos, minimizando el tiempo de inactividad y mejorando la atenci\u00f3n al paciente.<\/li>\n<\/ul>\n<p><strong>Especificaciones:<\/strong><\/p>\n<ul>\n<li><strong>Longitud del cable:<\/strong> 5 metros<\/li>\n<li><strong>Material:<\/strong> Pl\u00e1stico duradero de alta calidad<\/li>\n<li><strong>Funciones de los botones:<\/strong> Silla, Mesa, L\u00e1mpara, Instrumentos (1 y 2), Gr\u00e1fico, A\u00f1adir, F1, F2, Ajustes de iluminaci\u00f3n, Bloquear y otras funciones personalizadas.<\/li>\n<\/ul>\n<p>Mejora la funcionalidad y eficacia de tus unidades MDS, Inspired y Zulu2s con el Panel de control ACPU. Su dise\u00f1o ergon\u00f3mico y sus s\u00f3lidas funciones lo convierten en una herramienta indispensable para las consultas oftalmol\u00f3gicas modernas. <\/p>\n<p>&nbsp;<\/p>\n","protected":false},"excerpt":{"rendered":"<p>El panel de control ACPU con cable de 5 m est\u00e1 dise\u00f1ado para un rendimiento \u00f3ptimo con las unidades MDS, Inspired y Zulu2s, y ofrece un control exhaustivo de tu equipo oftalmol\u00f3gico. Este panel de control combina durabilidad y funcionalidad con una interfaz intuitiva, lo que garantiza un funcionamiento sin problemas y una mayor eficacia cl\u00ednica. <\/p>\n","protected":false},"featured_media":2975,"comment_status":"closed","ping_status":"closed","template":"","meta":{"_acf_changed":false},"product_brand":[],"product_cat":[286],"product_tag":[],"class_list":{"0":"post-3550","1":"product","2":"type-product","3":"status-publish","4":"has-post-thumbnail","6":"product_cat-accesorios","8":"first","9":"instock","10":"shipping-taxable","11":"product-type-simple"},"acf":[],"gallery_images":[],"yoast_head":"<!-- This site is optimized with the Yoast SEO Premium plugin v27.4 (Yoast SEO v27.4) - https:\/\/yoast.com\/product\/yoast-seo-premium-wordpress\/ -->\n<title>ACPU- Panel de control con cable de 5 m para unidades MDS, Inspired, Zulu2s - Medinstrus<\/title>\n<meta name=\"robots\" content=\"index, follow, max-snippet:-1, max-image-preview:large, max-video-preview:-1\" \/>\n<link rel=\"canonical\" href=\"https:\/\/medinstrus.lt\/es\/producto\/acpu-panel-de-control-con-cable-de-5-m-para-unidades-mds-inspired-zulu2s\/\" \/>\n<meta property=\"og:locale\" content=\"es_ES\" \/>\n<meta property=\"og:type\" content=\"article\" \/>\n<meta property=\"og:title\" content=\"ACPU- Panel de control con cable de 5 m para unidades MDS, Inspired, Zulu2s\" \/>\n<meta property=\"og:description\" content=\"El panel de control ACPU con cable de 5 m est\u00e1 dise\u00f1ado para un rendimiento \u00f3ptimo con las unidades MDS, Inspired y Zulu2s, y ofrece un control exhaustivo de tu equipo oftalmol\u00f3gico. Este panel de control combina durabilidad y funcionalidad con una interfaz intuitiva, lo que garantiza un funcionamiento sin problemas y una mayor eficacia cl\u00ednica.\" \/>\n<meta property=\"og:url\" content=\"https:\/\/medinstrus.lt\/es\/producto\/acpu-panel-de-control-con-cable-de-5-m-para-unidades-mds-inspired-zulu2s\/\" \/>\n<meta property=\"og:site_name\" content=\"Medinstrus\" \/>\n<meta property=\"article:publisher\" content=\"https:\/\/www.facebook.com\/medinstrus\/\" \/>\n<meta property=\"og:image\" content=\"https:\/\/medinstrus.lt\/wp-content\/uploads\/2024\/07\/ACPU-Control-panel-with-5m-cable-for-MDS-Inspired-Zulu2s-uni-b.jpg.png\" \/>\n\t<meta property=\"og:image:width\" content=\"1080\" \/>\n\t<meta property=\"og:image:height\" content=\"1350\" \/>\n\t<meta property=\"og:image:type\" content=\"image\/png\" \/>\n<meta name=\"twitter:card\" content=\"summary_large_image\" \/>\n<meta name=\"twitter:label1\" content=\"Tiempo de lectura\" \/>\n\t<meta name=\"twitter:data1\" content=\"1 minuto\" \/>\n<script type=\"application\/ld+json\" class=\"yoast-schema-graph\">{\"@context\":\"https:\\\/\\\/schema.org\",\"@graph\":[{\"@type\":\"WebPage\",\"@id\":\"https:\\\/\\\/medinstrus.lt\\\/es\\\/producto\\\/acpu-panel-de-control-con-cable-de-5-m-para-unidades-mds-inspired-zulu2s\\\/\",\"url\":\"https:\\\/\\\/medinstrus.lt\\\/es\\\/producto\\\/acpu-panel-de-control-con-cable-de-5-m-para-unidades-mds-inspired-zulu2s\\\/\",\"name\":\"ACPU- Panel de control con cable de 5 m para unidades MDS, Inspired, Zulu2s - Medinstrus\",\"isPartOf\":{\"@id\":\"https:\\\/\\\/medinstrus.lt\\\/es\\\/#website\"},\"primaryImageOfPage\":{\"@id\":\"https:\\\/\\\/medinstrus.lt\\\/es\\\/producto\\\/acpu-panel-de-control-con-cable-de-5-m-para-unidades-mds-inspired-zulu2s\\\/#primaryimage\"},\"image\":{\"@id\":\"https:\\\/\\\/medinstrus.lt\\\/es\\\/producto\\\/acpu-panel-de-control-con-cable-de-5-m-para-unidades-mds-inspired-zulu2s\\\/#primaryimage\"},\"thumbnailUrl\":\"https:\\\/\\\/medinstrus.lt\\\/wp-content\\\/uploads\\\/2024\\\/07\\\/ACPU-Control-panel-with-5m-cable-for-MDS-Inspired-Zulu2s-uni-b.jpg.png\",\"datePublished\":\"2024-07-11T08:36:48+00:00\",\"breadcrumb\":{\"@id\":\"https:\\\/\\\/medinstrus.lt\\\/es\\\/producto\\\/acpu-panel-de-control-con-cable-de-5-m-para-unidades-mds-inspired-zulu2s\\\/#breadcrumb\"},\"inLanguage\":\"es\",\"potentialAction\":[{\"@type\":\"ReadAction\",\"target\":[\"https:\\\/\\\/medinstrus.lt\\\/es\\\/producto\\\/acpu-panel-de-control-con-cable-de-5-m-para-unidades-mds-inspired-zulu2s\\\/\"]}]},{\"@type\":\"ImageObject\",\"inLanguage\":\"es\",\"@id\":\"https:\\\/\\\/medinstrus.lt\\\/es\\\/producto\\\/acpu-panel-de-control-con-cable-de-5-m-para-unidades-mds-inspired-zulu2s\\\/#primaryimage\",\"url\":\"https:\\\/\\\/medinstrus.lt\\\/wp-content\\\/uploads\\\/2024\\\/07\\\/ACPU-Control-panel-with-5m-cable-for-MDS-Inspired-Zulu2s-uni-b.jpg.png\",\"contentUrl\":\"https:\\\/\\\/medinstrus.lt\\\/wp-content\\\/uploads\\\/2024\\\/07\\\/ACPU-Control-panel-with-5m-cable-for-MDS-Inspired-Zulu2s-uni-b.jpg.png\",\"width\":1080,\"height\":1350},{\"@type\":\"BreadcrumbList\",\"@id\":\"https:\\\/\\\/medinstrus.lt\\\/es\\\/producto\\\/acpu-panel-de-control-con-cable-de-5-m-para-unidades-mds-inspired-zulu2s\\\/#breadcrumb\",\"itemListElement\":[{\"@type\":\"ListItem\",\"position\":1,\"name\":\"Home\",\"item\":\"https:\\\/\\\/medinstrus.lt\\\/es\\\/pagina-de-inicio\\\/\"},{\"@type\":\"ListItem\",\"position\":2,\"name\":\"Tienda\",\"item\":\"https:\\\/\\\/medinstrus.lt\\\/es\\\/tienda\\\/\"},{\"@type\":\"ListItem\",\"position\":3,\"name\":\"ACPU- Panel de control con cable de 5 m para unidades MDS, Inspired, Zulu2s\"}]},{\"@type\":\"WebSite\",\"@id\":\"https:\\\/\\\/medinstrus.lt\\\/es\\\/#website\",\"url\":\"https:\\\/\\\/medinstrus.lt\\\/es\\\/\",\"name\":\"https:\\\/\\\/medinstrus.com\\\/\",\"description\":\"Simplicity combined with functionality.\",\"publisher\":{\"@id\":\"https:\\\/\\\/medinstrus.lt\\\/es\\\/#organization\"},\"potentialAction\":[{\"@type\":\"SearchAction\",\"target\":{\"@type\":\"EntryPoint\",\"urlTemplate\":\"https:\\\/\\\/medinstrus.lt\\\/es\\\/?s={search_term_string}\"},\"query-input\":{\"@type\":\"PropertyValueSpecification\",\"valueRequired\":true,\"valueName\":\"search_term_string\"}}],\"inLanguage\":\"es\"},{\"@type\":\"Organization\",\"@id\":\"https:\\\/\\\/medinstrus.lt\\\/es\\\/#organization\",\"name\":\"Medinstrus\",\"url\":\"https:\\\/\\\/medinstrus.lt\\\/es\\\/\",\"logo\":{\"@type\":\"ImageObject\",\"inLanguage\":\"es\",\"@id\":\"https:\\\/\\\/medinstrus.lt\\\/es\\\/#\\\/schema\\\/logo\\\/image\\\/\",\"url\":\"https:\\\/\\\/medinstrus.lt\\\/wp-content\\\/uploads\\\/2025\\\/02\\\/Medinstrus-v1.png\",\"contentUrl\":\"https:\\\/\\\/medinstrus.lt\\\/wp-content\\\/uploads\\\/2025\\\/02\\\/Medinstrus-v1.png\",\"width\":723,\"height\":96,\"caption\":\"Medinstrus\"},\"image\":{\"@id\":\"https:\\\/\\\/medinstrus.lt\\\/es\\\/#\\\/schema\\\/logo\\\/image\\\/\"},\"sameAs\":[\"https:\\\/\\\/www.facebook.com\\\/medinstrus\\\/\",\"https:\\\/\\\/www.instagram.com\\\/Medinstrus\"]}]}<\/script>\n<!-- \/ Yoast SEO Premium plugin. -->","yoast_head_json":{"title":"ACPU- Panel de control con cable de 5 m para unidades MDS, Inspired, Zulu2s - Medinstrus","robots":{"index":"index","follow":"follow","max-snippet":"max-snippet:-1","max-image-preview":"max-image-preview:large","max-video-preview":"max-video-preview:-1"},"canonical":"https:\/\/medinstrus.lt\/es\/producto\/acpu-panel-de-control-con-cable-de-5-m-para-unidades-mds-inspired-zulu2s\/","og_locale":"es_ES","og_type":"article","og_title":"ACPU- Panel de control con cable de 5 m para unidades MDS, Inspired, Zulu2s","og_description":"El panel de control ACPU con cable de 5 m est\u00e1 dise\u00f1ado para un rendimiento \u00f3ptimo con las unidades MDS, Inspired y Zulu2s, y ofrece un control exhaustivo de tu equipo oftalmol\u00f3gico. Este panel de control combina durabilidad y funcionalidad con una interfaz intuitiva, lo que garantiza un funcionamiento sin problemas y una mayor eficacia cl\u00ednica.","og_url":"https:\/\/medinstrus.lt\/es\/producto\/acpu-panel-de-control-con-cable-de-5-m-para-unidades-mds-inspired-zulu2s\/","og_site_name":"Medinstrus","article_publisher":"https:\/\/www.facebook.com\/medinstrus\/","og_image":[{"width":1080,"height":1350,"url":"https:\/\/medinstrus.lt\/wp-content\/uploads\/2024\/07\/ACPU-Control-panel-with-5m-cable-for-MDS-Inspired-Zulu2s-uni-b.jpg.png","type":"image\/png"}],"twitter_card":"summary_large_image","twitter_misc":{"Tiempo de lectura":"1 minuto"},"schema":{"@context":"https:\/\/schema.org","@graph":[{"@type":"WebPage","@id":"https:\/\/medinstrus.lt\/es\/producto\/acpu-panel-de-control-con-cable-de-5-m-para-unidades-mds-inspired-zulu2s\/","url":"https:\/\/medinstrus.lt\/es\/producto\/acpu-panel-de-control-con-cable-de-5-m-para-unidades-mds-inspired-zulu2s\/","name":"ACPU- Panel de control con cable de 5 m para unidades MDS, Inspired, Zulu2s - Medinstrus","isPartOf":{"@id":"https:\/\/medinstrus.lt\/es\/#website"},"primaryImageOfPage":{"@id":"https:\/\/medinstrus.lt\/es\/producto\/acpu-panel-de-control-con-cable-de-5-m-para-unidades-mds-inspired-zulu2s\/#primaryimage"},"image":{"@id":"https:\/\/medinstrus.lt\/es\/producto\/acpu-panel-de-control-con-cable-de-5-m-para-unidades-mds-inspired-zulu2s\/#primaryimage"},"thumbnailUrl":"https:\/\/medinstrus.lt\/wp-content\/uploads\/2024\/07\/ACPU-Control-panel-with-5m-cable-for-MDS-Inspired-Zulu2s-uni-b.jpg.png","datePublished":"2024-07-11T08:36:48+00:00","breadcrumb":{"@id":"https:\/\/medinstrus.lt\/es\/producto\/acpu-panel-de-control-con-cable-de-5-m-para-unidades-mds-inspired-zulu2s\/#breadcrumb"},"inLanguage":"es","potentialAction":[{"@type":"ReadAction","target":["https:\/\/medinstrus.lt\/es\/producto\/acpu-panel-de-control-con-cable-de-5-m-para-unidades-mds-inspired-zulu2s\/"]}]},{"@type":"ImageObject","inLanguage":"es","@id":"https:\/\/medinstrus.lt\/es\/producto\/acpu-panel-de-control-con-cable-de-5-m-para-unidades-mds-inspired-zulu2s\/#primaryimage","url":"https:\/\/medinstrus.lt\/wp-content\/uploads\/2024\/07\/ACPU-Control-panel-with-5m-cable-for-MDS-Inspired-Zulu2s-uni-b.jpg.png","contentUrl":"https:\/\/medinstrus.lt\/wp-content\/uploads\/2024\/07\/ACPU-Control-panel-with-5m-cable-for-MDS-Inspired-Zulu2s-uni-b.jpg.png","width":1080,"height":1350},{"@type":"BreadcrumbList","@id":"https:\/\/medinstrus.lt\/es\/producto\/acpu-panel-de-control-con-cable-de-5-m-para-unidades-mds-inspired-zulu2s\/#breadcrumb","itemListElement":[{"@type":"ListItem","position":1,"name":"Home","item":"https:\/\/medinstrus.lt\/es\/pagina-de-inicio\/"},{"@type":"ListItem","position":2,"name":"Tienda","item":"https:\/\/medinstrus.lt\/es\/tienda\/"},{"@type":"ListItem","position":3,"name":"ACPU- Panel de control con cable de 5 m para unidades MDS, Inspired, Zulu2s"}]},{"@type":"WebSite","@id":"https:\/\/medinstrus.lt\/es\/#website","url":"https:\/\/medinstrus.lt\/es\/","name":"https:\/\/medinstrus.com\/","description":"Simplicity combined with functionality.","publisher":{"@id":"https:\/\/medinstrus.lt\/es\/#organization"},"potentialAction":[{"@type":"SearchAction","target":{"@type":"EntryPoint","urlTemplate":"https:\/\/medinstrus.lt\/es\/?s={search_term_string}"},"query-input":{"@type":"PropertyValueSpecification","valueRequired":true,"valueName":"search_term_string"}}],"inLanguage":"es"},{"@type":"Organization","@id":"https:\/\/medinstrus.lt\/es\/#organization","name":"Medinstrus","url":"https:\/\/medinstrus.lt\/es\/","logo":{"@type":"ImageObject","inLanguage":"es","@id":"https:\/\/medinstrus.lt\/es\/#\/schema\/logo\/image\/","url":"https:\/\/medinstrus.lt\/wp-content\/uploads\/2025\/02\/Medinstrus-v1.png","contentUrl":"https:\/\/medinstrus.lt\/wp-content\/uploads\/2025\/02\/Medinstrus-v1.png","width":723,"height":96,"caption":"Medinstrus"},"image":{"@id":"https:\/\/medinstrus.lt\/es\/#\/schema\/logo\/image\/"},"sameAs":["https:\/\/www.facebook.com\/medinstrus\/","https:\/\/www.instagram.com\/Medinstrus"]}]}},"_links":{"self":[{"href":"https:\/\/medinstrus.lt\/es\/wp-json\/wp\/v2\/product\/3550","targetHints":{"allow":["GET"]}}],"collection":[{"href":"https:\/\/medinstrus.lt\/es\/wp-json\/wp\/v2\/product"}],"about":[{"href":"https:\/\/medinstrus.lt\/es\/wp-json\/wp\/v2\/types\/product"}],"replies":[{"embeddable":true,"href":"https:\/\/medinstrus.lt\/es\/wp-json\/wp\/v2\/comments?post=3550"}],"wp:featuredmedia":[{"embeddable":true,"href":"https:\/\/medinstrus.lt\/es\/wp-json\/wp\/v2\/media\/2975"}],"wp:attachment":[{"href":"https:\/\/medinstrus.lt\/es\/wp-json\/wp\/v2\/media?parent=3550"}],"wp:term":[{"taxonomy":"product_brand","embeddable":true,"href":"https:\/\/medinstrus.lt\/es\/wp-json\/wp\/v2\/product_brand?post=3550"},{"taxonomy":"product_cat","embeddable":true,"href":"https:\/\/medinstrus.lt\/es\/wp-json\/wp\/v2\/product_cat?post=3550"},{"taxonomy":"product_tag","embeddable":true,"href":"https:\/\/medinstrus.lt\/es\/wp-json\/wp\/v2\/product_tag?post=3550"}],"curies":[{"name":"wp","href":"https:\/\/api.w.org\/{rel}","templated":true}]}}