{"id":3542,"date":"2024-07-11T12:08:34","date_gmt":"2024-07-11T09:08:34","guid":{"rendered":"https:\/\/medinstrus.lt\/product\/f-4-interruptor-de-pedal-de-control-con-4-botones\/"},"modified":"2024-07-11T12:08:34","modified_gmt":"2024-07-11T09:08:34","slug":"f-4-interruptor-de-pedal-de-control-con-4-botones","status":"publish","type":"product","link":"https:\/\/medinstrus.lt\/es\/producto\/f-4-interruptor-de-pedal-de-control-con-4-botones\/","title":{"rendered":"F-4 &#8211; Interruptor de pedal de control con 4 botones"},"content":{"rendered":"<p><strong>Caracter\u00edsticas principales:<\/strong><\/p>\n<ul>\n<li><strong>Mando multifunci\u00f3n:<\/strong> Equipado con cuatro botones, cada uno asignado a funciones diferentes, que permiten ajustes vers\u00e1tiles y precisos;<\/li>\n<li><strong>Eficacia manos libres:<\/strong> Facilita el funcionamiento manos libres, mejorando el flujo de trabajo y reduciendo la manipulaci\u00f3n manual de los equipos;<\/li>\n<li><strong>Construcci\u00f3n robusta:<\/strong> Fabricada con materiales de alta calidad para soportar las exigencias de un entorno cl\u00ednico;<\/li>\n<li><strong>Dise\u00f1o ergon\u00f3mico:<\/strong> Garantiza un uso c\u00f3modo, incluso durante procedimientos largos, minimizando la tensi\u00f3n en los pies;<\/li>\n<li><strong>Integraci\u00f3n flexible:<\/strong> Compacta y ligera, se integra f\u00e1cilmente en diversos montajes cl\u00ednicos sin ocupar excesivo espacio.<\/li>\n<li><strong>Especificaciones:<\/strong><\/li>\n<li><strong>Material:<\/strong> Pl\u00e1stico duradero de alta calidad<\/li>\n<li><strong>Funciones de los botones: <\/strong>Cuatro botones, cada uno programado para funciones espec\u00edficas del equipo<\/li>\n<\/ul>\n<p>Optimiza tus procedimientos cl\u00ednicos con el pedal de control F-4, que proporciona un funcionamiento manos libres preciso y eficaz de tu equipo oftalmol\u00f3gico.<\/p>\n<p>&nbsp;<\/p>\n","protected":false},"excerpt":{"rendered":"<p>El pedal de control F-4 con 4 botones est\u00e1 dise\u00f1ado para proporcionar un control completo y manos libres de varias funciones del equipo oft\u00e1lmico. Este conmutador de pedal es ideal para entornos cl\u00ednicos ajetreados en los que la eficacia y la precisi\u00f3n son primordiales. <\/p>\n","protected":false},"featured_media":3001,"comment_status":"closed","ping_status":"closed","template":"","meta":{"_acf_changed":false},"product_brand":[],"product_cat":[286],"product_tag":[],"class_list":{"0":"post-3542","1":"product","2":"type-product","3":"status-publish","4":"has-post-thumbnail","6":"product_cat-accesorios","8":"first","9":"instock","10":"shipping-taxable","11":"product-type-simple"},"acf":[],"gallery_images":[],"yoast_head":"<!-- This site is optimized with the Yoast SEO Premium plugin v27.4 (Yoast SEO v27.4) - https:\/\/yoast.com\/product\/yoast-seo-premium-wordpress\/ -->\n<title>F-4 - Interruptor de pedal de control con 4 botones - Medinstrus<\/title>\n<meta name=\"robots\" content=\"index, follow, max-snippet:-1, max-image-preview:large, max-video-preview:-1\" \/>\n<link rel=\"canonical\" href=\"https:\/\/medinstrus.lt\/es\/producto\/f-4-interruptor-de-pedal-de-control-con-4-botones\/\" \/>\n<meta property=\"og:locale\" content=\"es_ES\" \/>\n<meta property=\"og:type\" content=\"article\" \/>\n<meta property=\"og:title\" content=\"F-4 - Interruptor de pedal de control con 4 botones\" \/>\n<meta property=\"og:description\" content=\"El pedal de control F-4 con 4 botones est\u00e1 dise\u00f1ado para proporcionar un control completo y manos libres de varias funciones del equipo oft\u00e1lmico. Este conmutador de pedal es ideal para entornos cl\u00ednicos ajetreados en los que la eficacia y la precisi\u00f3n son primordiales.\" \/>\n<meta property=\"og:url\" content=\"https:\/\/medinstrus.lt\/es\/producto\/f-4-interruptor-de-pedal-de-control-con-4-botones\/\" \/>\n<meta property=\"og:site_name\" content=\"Medinstrus\" \/>\n<meta property=\"article:publisher\" content=\"https:\/\/www.facebook.com\/medinstrus\/\" \/>\n<meta property=\"og:image\" content=\"https:\/\/medinstrus.lt\/wp-content\/uploads\/2024\/07\/F-4-Foot-switch-control-with-4-buttons-2.jpg.png\" \/>\n\t<meta property=\"og:image:width\" content=\"1080\" \/>\n\t<meta property=\"og:image:height\" content=\"1350\" \/>\n\t<meta property=\"og:image:type\" content=\"image\/png\" \/>\n<meta name=\"twitter:card\" content=\"summary_large_image\" \/>\n<meta name=\"twitter:label1\" content=\"Tiempo de lectura\" \/>\n\t<meta name=\"twitter:data1\" content=\"1 minuto\" \/>\n<script type=\"application\/ld+json\" class=\"yoast-schema-graph\">{\"@context\":\"https:\\\/\\\/schema.org\",\"@graph\":[{\"@type\":\"WebPage\",\"@id\":\"https:\\\/\\\/medinstrus.lt\\\/es\\\/producto\\\/f-4-interruptor-de-pedal-de-control-con-4-botones\\\/\",\"url\":\"https:\\\/\\\/medinstrus.lt\\\/es\\\/producto\\\/f-4-interruptor-de-pedal-de-control-con-4-botones\\\/\",\"name\":\"F-4 - Interruptor de pedal de control con 4 botones - Medinstrus\",\"isPartOf\":{\"@id\":\"https:\\\/\\\/medinstrus.lt\\\/es\\\/#website\"},\"primaryImageOfPage\":{\"@id\":\"https:\\\/\\\/medinstrus.lt\\\/es\\\/producto\\\/f-4-interruptor-de-pedal-de-control-con-4-botones\\\/#primaryimage\"},\"image\":{\"@id\":\"https:\\\/\\\/medinstrus.lt\\\/es\\\/producto\\\/f-4-interruptor-de-pedal-de-control-con-4-botones\\\/#primaryimage\"},\"thumbnailUrl\":\"https:\\\/\\\/medinstrus.lt\\\/wp-content\\\/uploads\\\/2024\\\/07\\\/F-4-Foot-switch-control-with-4-buttons-2.jpg.png\",\"datePublished\":\"2024-07-11T09:08:34+00:00\",\"breadcrumb\":{\"@id\":\"https:\\\/\\\/medinstrus.lt\\\/es\\\/producto\\\/f-4-interruptor-de-pedal-de-control-con-4-botones\\\/#breadcrumb\"},\"inLanguage\":\"es\",\"potentialAction\":[{\"@type\":\"ReadAction\",\"target\":[\"https:\\\/\\\/medinstrus.lt\\\/es\\\/producto\\\/f-4-interruptor-de-pedal-de-control-con-4-botones\\\/\"]}]},{\"@type\":\"ImageObject\",\"inLanguage\":\"es\",\"@id\":\"https:\\\/\\\/medinstrus.lt\\\/es\\\/producto\\\/f-4-interruptor-de-pedal-de-control-con-4-botones\\\/#primaryimage\",\"url\":\"https:\\\/\\\/medinstrus.lt\\\/wp-content\\\/uploads\\\/2024\\\/07\\\/F-4-Foot-switch-control-with-4-buttons-2.jpg.png\",\"contentUrl\":\"https:\\\/\\\/medinstrus.lt\\\/wp-content\\\/uploads\\\/2024\\\/07\\\/F-4-Foot-switch-control-with-4-buttons-2.jpg.png\",\"width\":1080,\"height\":1350},{\"@type\":\"BreadcrumbList\",\"@id\":\"https:\\\/\\\/medinstrus.lt\\\/es\\\/producto\\\/f-4-interruptor-de-pedal-de-control-con-4-botones\\\/#breadcrumb\",\"itemListElement\":[{\"@type\":\"ListItem\",\"position\":1,\"name\":\"Home\",\"item\":\"https:\\\/\\\/medinstrus.lt\\\/es\\\/pagina-de-inicio\\\/\"},{\"@type\":\"ListItem\",\"position\":2,\"name\":\"Tienda\",\"item\":\"https:\\\/\\\/medinstrus.lt\\\/es\\\/tienda\\\/\"},{\"@type\":\"ListItem\",\"position\":3,\"name\":\"F-4 &#8211; Interruptor de pedal de control con 4 botones\"}]},{\"@type\":\"WebSite\",\"@id\":\"https:\\\/\\\/medinstrus.lt\\\/es\\\/#website\",\"url\":\"https:\\\/\\\/medinstrus.lt\\\/es\\\/\",\"name\":\"https:\\\/\\\/medinstrus.com\\\/\",\"description\":\"Simplicity combined with functionality.\",\"publisher\":{\"@id\":\"https:\\\/\\\/medinstrus.lt\\\/es\\\/#organization\"},\"potentialAction\":[{\"@type\":\"SearchAction\",\"target\":{\"@type\":\"EntryPoint\",\"urlTemplate\":\"https:\\\/\\\/medinstrus.lt\\\/es\\\/?s={search_term_string}\"},\"query-input\":{\"@type\":\"PropertyValueSpecification\",\"valueRequired\":true,\"valueName\":\"search_term_string\"}}],\"inLanguage\":\"es\"},{\"@type\":\"Organization\",\"@id\":\"https:\\\/\\\/medinstrus.lt\\\/es\\\/#organization\",\"name\":\"Medinstrus\",\"url\":\"https:\\\/\\\/medinstrus.lt\\\/es\\\/\",\"logo\":{\"@type\":\"ImageObject\",\"inLanguage\":\"es\",\"@id\":\"https:\\\/\\\/medinstrus.lt\\\/es\\\/#\\\/schema\\\/logo\\\/image\\\/\",\"url\":\"https:\\\/\\\/medinstrus.lt\\\/wp-content\\\/uploads\\\/2025\\\/02\\\/Medinstrus-v1.png\",\"contentUrl\":\"https:\\\/\\\/medinstrus.lt\\\/wp-content\\\/uploads\\\/2025\\\/02\\\/Medinstrus-v1.png\",\"width\":723,\"height\":96,\"caption\":\"Medinstrus\"},\"image\":{\"@id\":\"https:\\\/\\\/medinstrus.lt\\\/es\\\/#\\\/schema\\\/logo\\\/image\\\/\"},\"sameAs\":[\"https:\\\/\\\/www.facebook.com\\\/medinstrus\\\/\",\"https:\\\/\\\/www.instagram.com\\\/Medinstrus\"]}]}<\/script>\n<!-- \/ Yoast SEO Premium plugin. -->","yoast_head_json":{"title":"F-4 - Interruptor de pedal de control con 4 botones - Medinstrus","robots":{"index":"index","follow":"follow","max-snippet":"max-snippet:-1","max-image-preview":"max-image-preview:large","max-video-preview":"max-video-preview:-1"},"canonical":"https:\/\/medinstrus.lt\/es\/producto\/f-4-interruptor-de-pedal-de-control-con-4-botones\/","og_locale":"es_ES","og_type":"article","og_title":"F-4 - Interruptor de pedal de control con 4 botones","og_description":"El pedal de control F-4 con 4 botones est\u00e1 dise\u00f1ado para proporcionar un control completo y manos libres de varias funciones del equipo oft\u00e1lmico. Este conmutador de pedal es ideal para entornos cl\u00ednicos ajetreados en los que la eficacia y la precisi\u00f3n son primordiales.","og_url":"https:\/\/medinstrus.lt\/es\/producto\/f-4-interruptor-de-pedal-de-control-con-4-botones\/","og_site_name":"Medinstrus","article_publisher":"https:\/\/www.facebook.com\/medinstrus\/","og_image":[{"width":1080,"height":1350,"url":"https:\/\/medinstrus.lt\/wp-content\/uploads\/2024\/07\/F-4-Foot-switch-control-with-4-buttons-2.jpg.png","type":"image\/png"}],"twitter_card":"summary_large_image","twitter_misc":{"Tiempo de lectura":"1 minuto"},"schema":{"@context":"https:\/\/schema.org","@graph":[{"@type":"WebPage","@id":"https:\/\/medinstrus.lt\/es\/producto\/f-4-interruptor-de-pedal-de-control-con-4-botones\/","url":"https:\/\/medinstrus.lt\/es\/producto\/f-4-interruptor-de-pedal-de-control-con-4-botones\/","name":"F-4 - Interruptor de pedal de control con 4 botones - Medinstrus","isPartOf":{"@id":"https:\/\/medinstrus.lt\/es\/#website"},"primaryImageOfPage":{"@id":"https:\/\/medinstrus.lt\/es\/producto\/f-4-interruptor-de-pedal-de-control-con-4-botones\/#primaryimage"},"image":{"@id":"https:\/\/medinstrus.lt\/es\/producto\/f-4-interruptor-de-pedal-de-control-con-4-botones\/#primaryimage"},"thumbnailUrl":"https:\/\/medinstrus.lt\/wp-content\/uploads\/2024\/07\/F-4-Foot-switch-control-with-4-buttons-2.jpg.png","datePublished":"2024-07-11T09:08:34+00:00","breadcrumb":{"@id":"https:\/\/medinstrus.lt\/es\/producto\/f-4-interruptor-de-pedal-de-control-con-4-botones\/#breadcrumb"},"inLanguage":"es","potentialAction":[{"@type":"ReadAction","target":["https:\/\/medinstrus.lt\/es\/producto\/f-4-interruptor-de-pedal-de-control-con-4-botones\/"]}]},{"@type":"ImageObject","inLanguage":"es","@id":"https:\/\/medinstrus.lt\/es\/producto\/f-4-interruptor-de-pedal-de-control-con-4-botones\/#primaryimage","url":"https:\/\/medinstrus.lt\/wp-content\/uploads\/2024\/07\/F-4-Foot-switch-control-with-4-buttons-2.jpg.png","contentUrl":"https:\/\/medinstrus.lt\/wp-content\/uploads\/2024\/07\/F-4-Foot-switch-control-with-4-buttons-2.jpg.png","width":1080,"height":1350},{"@type":"BreadcrumbList","@id":"https:\/\/medinstrus.lt\/es\/producto\/f-4-interruptor-de-pedal-de-control-con-4-botones\/#breadcrumb","itemListElement":[{"@type":"ListItem","position":1,"name":"Home","item":"https:\/\/medinstrus.lt\/es\/pagina-de-inicio\/"},{"@type":"ListItem","position":2,"name":"Tienda","item":"https:\/\/medinstrus.lt\/es\/tienda\/"},{"@type":"ListItem","position":3,"name":"F-4 &#8211; Interruptor de pedal de control con 4 botones"}]},{"@type":"WebSite","@id":"https:\/\/medinstrus.lt\/es\/#website","url":"https:\/\/medinstrus.lt\/es\/","name":"https:\/\/medinstrus.com\/","description":"Simplicity combined with functionality.","publisher":{"@id":"https:\/\/medinstrus.lt\/es\/#organization"},"potentialAction":[{"@type":"SearchAction","target":{"@type":"EntryPoint","urlTemplate":"https:\/\/medinstrus.lt\/es\/?s={search_term_string}"},"query-input":{"@type":"PropertyValueSpecification","valueRequired":true,"valueName":"search_term_string"}}],"inLanguage":"es"},{"@type":"Organization","@id":"https:\/\/medinstrus.lt\/es\/#organization","name":"Medinstrus","url":"https:\/\/medinstrus.lt\/es\/","logo":{"@type":"ImageObject","inLanguage":"es","@id":"https:\/\/medinstrus.lt\/es\/#\/schema\/logo\/image\/","url":"https:\/\/medinstrus.lt\/wp-content\/uploads\/2025\/02\/Medinstrus-v1.png","contentUrl":"https:\/\/medinstrus.lt\/wp-content\/uploads\/2025\/02\/Medinstrus-v1.png","width":723,"height":96,"caption":"Medinstrus"},"image":{"@id":"https:\/\/medinstrus.lt\/es\/#\/schema\/logo\/image\/"},"sameAs":["https:\/\/www.facebook.com\/medinstrus\/","https:\/\/www.instagram.com\/Medinstrus"]}]}},"_links":{"self":[{"href":"https:\/\/medinstrus.lt\/es\/wp-json\/wp\/v2\/product\/3542","targetHints":{"allow":["GET"]}}],"collection":[{"href":"https:\/\/medinstrus.lt\/es\/wp-json\/wp\/v2\/product"}],"about":[{"href":"https:\/\/medinstrus.lt\/es\/wp-json\/wp\/v2\/types\/product"}],"replies":[{"embeddable":true,"href":"https:\/\/medinstrus.lt\/es\/wp-json\/wp\/v2\/comments?post=3542"}],"wp:featuredmedia":[{"embeddable":true,"href":"https:\/\/medinstrus.lt\/es\/wp-json\/wp\/v2\/media\/3001"}],"wp:attachment":[{"href":"https:\/\/medinstrus.lt\/es\/wp-json\/wp\/v2\/media?parent=3542"}],"wp:term":[{"taxonomy":"product_brand","embeddable":true,"href":"https:\/\/medinstrus.lt\/es\/wp-json\/wp\/v2\/product_brand?post=3542"},{"taxonomy":"product_cat","embeddable":true,"href":"https:\/\/medinstrus.lt\/es\/wp-json\/wp\/v2\/product_cat?post=3542"},{"taxonomy":"product_tag","embeddable":true,"href":"https:\/\/medinstrus.lt\/es\/wp-json\/wp\/v2\/product_tag?post=3542"}],"curies":[{"name":"wp","href":"https:\/\/api.w.org\/{rel}","templated":true}]}}