{"id":3538,"date":"2024-07-11T13:43:42","date_gmt":"2024-07-11T10:43:42","guid":{"rendered":"https:\/\/medinstrus.lt\/product\/ep-brazo-foroptero-electrico-vertical\/"},"modified":"2024-07-11T13:43:42","modified_gmt":"2024-07-11T10:43:42","slug":"ep-brazo-foroptero-electrico-vertical","status":"publish","type":"product","link":"https:\/\/medinstrus.lt\/es\/producto\/ep-brazo-foroptero-electrico-vertical\/","title":{"rendered":"EP &#8211; Brazo for\u00f3ptero el\u00e9ctrico vertical"},"content":{"rendered":"<p><strong>Caracter\u00edsticas principales:<\/strong><\/p>\n<ul>\n<li><strong>Accionamiento el\u00e9ctrico:<\/strong> Incorpora un mecanismo el\u00e9ctrico para realizar ajustes f\u00e1ciles y precisos, reduciendo el esfuerzo y mejorando la facilidad de uso;<\/li>\n<li><strong>Construcci\u00f3n duradera:<\/strong> Fabricada con materiales de alta calidad para garantizar un rendimiento duradero y fiabilidad en un entorno cl\u00ednico;<\/li>\n<li><strong>Movimiento suave:<\/strong> Garantiza un posicionamiento suave y estable del for\u00f3ptero, mejorando la precisi\u00f3n de las mediciones y evaluaciones oftalmol\u00f3gicas;<\/li>\n<li><strong>F\u00e1cil instalaci\u00f3n:<\/strong> Dise\u00f1ado para una instalaci\u00f3n sencilla en soportes y unidades de examen compatibles;<\/li>\n<li><strong>Mayor precisi\u00f3n:<\/strong> Permite un posicionamiento preciso del for\u00f3ptero, mejorando la precisi\u00f3n y la eficacia de los ex\u00e1menes.<\/li>\n<\/ul>\n<p><strong>Especificaciones:<\/strong><\/p>\n<ul>\n<li><strong>Material: <\/strong>Componentes de metal y pl\u00e1stico duraderos y de alta calidad<\/li>\n<li><strong>Color: <\/strong>Diferentes colores<\/li>\n<li><strong>Compatibilidad:<\/strong> Compatible con toda la gama de for\u00f3pteros y nuestras unidades de exploraci\u00f3n<\/li>\n<\/ul>\n<p>Optimiza la eficacia y precisi\u00f3n de tus exploraciones oftalmol\u00f3gicas con el Brazo de for\u00f3ptero el\u00e9ctrico vertical EP. Su construcci\u00f3n robusta y su dise\u00f1o f\u00e1cil de usar lo convierten en una herramienta esencial para cualquier consulta oftalmol\u00f3gica moderna, garantizando que tanto los pacientes como los cl\u00ednicos experimenten el m\u00e1ximo nivel de comodidad y precisi\u00f3n. <\/p>\n<p>&nbsp;<\/p>\n","protected":false},"excerpt":{"rendered":"<p>El Brazo el\u00e9ctrico vertical para for\u00f3ptero EP est\u00e1 dise\u00f1ado para proporcionar un posicionamiento preciso y sin esfuerzo del for\u00f3ptero, mejorando la eficacia y precisi\u00f3n de las exploraciones oftalmol\u00f3gicas. Este brazo de accionamiento el\u00e9ctrico garantiza un movimiento suave y estable, lo que permite una comodidad \u00f3ptima para el paciente y el cl\u00ednico. <\/p>\n","protected":false},"featured_media":2997,"comment_status":"closed","ping_status":"closed","template":"","meta":{"_acf_changed":false},"product_brand":[],"product_cat":[286],"product_tag":[],"class_list":{"0":"post-3538","1":"product","2":"type-product","3":"status-publish","4":"has-post-thumbnail","6":"product_cat-accesorios","8":"first","9":"instock","10":"shipping-taxable","11":"product-type-simple"},"acf":[],"gallery_images":[607],"yoast_head":"<!-- This site is optimized with the Yoast SEO Premium plugin v27.4 (Yoast SEO v27.4) - https:\/\/yoast.com\/product\/yoast-seo-premium-wordpress\/ -->\n<title>EP - Brazo for\u00f3ptero el\u00e9ctrico vertical - Medinstrus<\/title>\n<meta name=\"robots\" content=\"index, follow, max-snippet:-1, max-image-preview:large, max-video-preview:-1\" \/>\n<link rel=\"canonical\" href=\"https:\/\/medinstrus.lt\/es\/producto\/ep-brazo-foroptero-electrico-vertical\/\" \/>\n<meta property=\"og:locale\" content=\"es_ES\" \/>\n<meta property=\"og:type\" content=\"article\" \/>\n<meta property=\"og:title\" content=\"EP - Brazo for\u00f3ptero el\u00e9ctrico vertical\" \/>\n<meta property=\"og:description\" content=\"El Brazo el\u00e9ctrico vertical para for\u00f3ptero EP est\u00e1 dise\u00f1ado para proporcionar un posicionamiento preciso y sin esfuerzo del for\u00f3ptero, mejorando la eficacia y precisi\u00f3n de las exploraciones oftalmol\u00f3gicas. Este brazo de accionamiento el\u00e9ctrico garantiza un movimiento suave y estable, lo que permite una comodidad \u00f3ptima para el paciente y el cl\u00ednico.\" \/>\n<meta property=\"og:url\" content=\"https:\/\/medinstrus.lt\/es\/producto\/ep-brazo-foroptero-electrico-vertical\/\" \/>\n<meta property=\"og:site_name\" content=\"Medinstrus\" \/>\n<meta property=\"article:publisher\" content=\"https:\/\/www.facebook.com\/medinstrus\/\" \/>\n<meta property=\"og:image\" content=\"https:\/\/medinstrus.lt\/wp-content\/uploads\/2024\/07\/Medinstrus_accessoires_EP_Vertical_Electrical_Phoropter_arm_top-scaled.jpg.png\" \/>\n\t<meta property=\"og:image:width\" content=\"1080\" \/>\n\t<meta property=\"og:image:height\" content=\"1350\" \/>\n\t<meta property=\"og:image:type\" content=\"image\/png\" \/>\n<meta name=\"twitter:card\" content=\"summary_large_image\" \/>\n<meta name=\"twitter:label1\" content=\"Tiempo de lectura\" \/>\n\t<meta name=\"twitter:data1\" content=\"1 minuto\" \/>\n<script type=\"application\/ld+json\" class=\"yoast-schema-graph\">{\"@context\":\"https:\\\/\\\/schema.org\",\"@graph\":[{\"@type\":\"WebPage\",\"@id\":\"https:\\\/\\\/medinstrus.lt\\\/es\\\/producto\\\/ep-brazo-foroptero-electrico-vertical\\\/\",\"url\":\"https:\\\/\\\/medinstrus.lt\\\/es\\\/producto\\\/ep-brazo-foroptero-electrico-vertical\\\/\",\"name\":\"EP - Brazo for\u00f3ptero el\u00e9ctrico vertical - Medinstrus\",\"isPartOf\":{\"@id\":\"https:\\\/\\\/medinstrus.lt\\\/es\\\/#website\"},\"primaryImageOfPage\":{\"@id\":\"https:\\\/\\\/medinstrus.lt\\\/es\\\/producto\\\/ep-brazo-foroptero-electrico-vertical\\\/#primaryimage\"},\"image\":{\"@id\":\"https:\\\/\\\/medinstrus.lt\\\/es\\\/producto\\\/ep-brazo-foroptero-electrico-vertical\\\/#primaryimage\"},\"thumbnailUrl\":\"https:\\\/\\\/medinstrus.lt\\\/wp-content\\\/uploads\\\/2024\\\/07\\\/Medinstrus_accessoires_EP_Vertical_Electrical_Phoropter_arm_top-scaled.jpg.png\",\"datePublished\":\"2024-07-11T10:43:42+00:00\",\"breadcrumb\":{\"@id\":\"https:\\\/\\\/medinstrus.lt\\\/es\\\/producto\\\/ep-brazo-foroptero-electrico-vertical\\\/#breadcrumb\"},\"inLanguage\":\"es\",\"potentialAction\":[{\"@type\":\"ReadAction\",\"target\":[\"https:\\\/\\\/medinstrus.lt\\\/es\\\/producto\\\/ep-brazo-foroptero-electrico-vertical\\\/\"]}]},{\"@type\":\"ImageObject\",\"inLanguage\":\"es\",\"@id\":\"https:\\\/\\\/medinstrus.lt\\\/es\\\/producto\\\/ep-brazo-foroptero-electrico-vertical\\\/#primaryimage\",\"url\":\"https:\\\/\\\/medinstrus.lt\\\/wp-content\\\/uploads\\\/2024\\\/07\\\/Medinstrus_accessoires_EP_Vertical_Electrical_Phoropter_arm_top-scaled.jpg.png\",\"contentUrl\":\"https:\\\/\\\/medinstrus.lt\\\/wp-content\\\/uploads\\\/2024\\\/07\\\/Medinstrus_accessoires_EP_Vertical_Electrical_Phoropter_arm_top-scaled.jpg.png\",\"width\":1080,\"height\":1350},{\"@type\":\"BreadcrumbList\",\"@id\":\"https:\\\/\\\/medinstrus.lt\\\/es\\\/producto\\\/ep-brazo-foroptero-electrico-vertical\\\/#breadcrumb\",\"itemListElement\":[{\"@type\":\"ListItem\",\"position\":1,\"name\":\"Home\",\"item\":\"https:\\\/\\\/medinstrus.lt\\\/es\\\/pagina-de-inicio\\\/\"},{\"@type\":\"ListItem\",\"position\":2,\"name\":\"Tienda\",\"item\":\"https:\\\/\\\/medinstrus.lt\\\/es\\\/tienda\\\/\"},{\"@type\":\"ListItem\",\"position\":3,\"name\":\"EP &#8211; Brazo for\u00f3ptero el\u00e9ctrico vertical\"}]},{\"@type\":\"WebSite\",\"@id\":\"https:\\\/\\\/medinstrus.lt\\\/es\\\/#website\",\"url\":\"https:\\\/\\\/medinstrus.lt\\\/es\\\/\",\"name\":\"https:\\\/\\\/medinstrus.com\\\/\",\"description\":\"Simplicity combined with functionality.\",\"publisher\":{\"@id\":\"https:\\\/\\\/medinstrus.lt\\\/es\\\/#organization\"},\"potentialAction\":[{\"@type\":\"SearchAction\",\"target\":{\"@type\":\"EntryPoint\",\"urlTemplate\":\"https:\\\/\\\/medinstrus.lt\\\/es\\\/?s={search_term_string}\"},\"query-input\":{\"@type\":\"PropertyValueSpecification\",\"valueRequired\":true,\"valueName\":\"search_term_string\"}}],\"inLanguage\":\"es\"},{\"@type\":\"Organization\",\"@id\":\"https:\\\/\\\/medinstrus.lt\\\/es\\\/#organization\",\"name\":\"Medinstrus\",\"url\":\"https:\\\/\\\/medinstrus.lt\\\/es\\\/\",\"logo\":{\"@type\":\"ImageObject\",\"inLanguage\":\"es\",\"@id\":\"https:\\\/\\\/medinstrus.lt\\\/es\\\/#\\\/schema\\\/logo\\\/image\\\/\",\"url\":\"https:\\\/\\\/medinstrus.lt\\\/wp-content\\\/uploads\\\/2025\\\/02\\\/Medinstrus-v1.png\",\"contentUrl\":\"https:\\\/\\\/medinstrus.lt\\\/wp-content\\\/uploads\\\/2025\\\/02\\\/Medinstrus-v1.png\",\"width\":723,\"height\":96,\"caption\":\"Medinstrus\"},\"image\":{\"@id\":\"https:\\\/\\\/medinstrus.lt\\\/es\\\/#\\\/schema\\\/logo\\\/image\\\/\"},\"sameAs\":[\"https:\\\/\\\/www.facebook.com\\\/medinstrus\\\/\",\"https:\\\/\\\/www.instagram.com\\\/Medinstrus\"]}]}<\/script>\n<!-- \/ Yoast SEO Premium plugin. -->","yoast_head_json":{"title":"EP - Brazo for\u00f3ptero el\u00e9ctrico vertical - Medinstrus","robots":{"index":"index","follow":"follow","max-snippet":"max-snippet:-1","max-image-preview":"max-image-preview:large","max-video-preview":"max-video-preview:-1"},"canonical":"https:\/\/medinstrus.lt\/es\/producto\/ep-brazo-foroptero-electrico-vertical\/","og_locale":"es_ES","og_type":"article","og_title":"EP - Brazo for\u00f3ptero el\u00e9ctrico vertical","og_description":"El Brazo el\u00e9ctrico vertical para for\u00f3ptero EP est\u00e1 dise\u00f1ado para proporcionar un posicionamiento preciso y sin esfuerzo del for\u00f3ptero, mejorando la eficacia y precisi\u00f3n de las exploraciones oftalmol\u00f3gicas. Este brazo de accionamiento el\u00e9ctrico garantiza un movimiento suave y estable, lo que permite una comodidad \u00f3ptima para el paciente y el cl\u00ednico.","og_url":"https:\/\/medinstrus.lt\/es\/producto\/ep-brazo-foroptero-electrico-vertical\/","og_site_name":"Medinstrus","article_publisher":"https:\/\/www.facebook.com\/medinstrus\/","og_image":[{"width":1080,"height":1350,"url":"https:\/\/medinstrus.lt\/wp-content\/uploads\/2024\/07\/Medinstrus_accessoires_EP_Vertical_Electrical_Phoropter_arm_top-scaled.jpg.png","type":"image\/png"}],"twitter_card":"summary_large_image","twitter_misc":{"Tiempo de lectura":"1 minuto"},"schema":{"@context":"https:\/\/schema.org","@graph":[{"@type":"WebPage","@id":"https:\/\/medinstrus.lt\/es\/producto\/ep-brazo-foroptero-electrico-vertical\/","url":"https:\/\/medinstrus.lt\/es\/producto\/ep-brazo-foroptero-electrico-vertical\/","name":"EP - Brazo for\u00f3ptero el\u00e9ctrico vertical - Medinstrus","isPartOf":{"@id":"https:\/\/medinstrus.lt\/es\/#website"},"primaryImageOfPage":{"@id":"https:\/\/medinstrus.lt\/es\/producto\/ep-brazo-foroptero-electrico-vertical\/#primaryimage"},"image":{"@id":"https:\/\/medinstrus.lt\/es\/producto\/ep-brazo-foroptero-electrico-vertical\/#primaryimage"},"thumbnailUrl":"https:\/\/medinstrus.lt\/wp-content\/uploads\/2024\/07\/Medinstrus_accessoires_EP_Vertical_Electrical_Phoropter_arm_top-scaled.jpg.png","datePublished":"2024-07-11T10:43:42+00:00","breadcrumb":{"@id":"https:\/\/medinstrus.lt\/es\/producto\/ep-brazo-foroptero-electrico-vertical\/#breadcrumb"},"inLanguage":"es","potentialAction":[{"@type":"ReadAction","target":["https:\/\/medinstrus.lt\/es\/producto\/ep-brazo-foroptero-electrico-vertical\/"]}]},{"@type":"ImageObject","inLanguage":"es","@id":"https:\/\/medinstrus.lt\/es\/producto\/ep-brazo-foroptero-electrico-vertical\/#primaryimage","url":"https:\/\/medinstrus.lt\/wp-content\/uploads\/2024\/07\/Medinstrus_accessoires_EP_Vertical_Electrical_Phoropter_arm_top-scaled.jpg.png","contentUrl":"https:\/\/medinstrus.lt\/wp-content\/uploads\/2024\/07\/Medinstrus_accessoires_EP_Vertical_Electrical_Phoropter_arm_top-scaled.jpg.png","width":1080,"height":1350},{"@type":"BreadcrumbList","@id":"https:\/\/medinstrus.lt\/es\/producto\/ep-brazo-foroptero-electrico-vertical\/#breadcrumb","itemListElement":[{"@type":"ListItem","position":1,"name":"Home","item":"https:\/\/medinstrus.lt\/es\/pagina-de-inicio\/"},{"@type":"ListItem","position":2,"name":"Tienda","item":"https:\/\/medinstrus.lt\/es\/tienda\/"},{"@type":"ListItem","position":3,"name":"EP &#8211; Brazo for\u00f3ptero el\u00e9ctrico vertical"}]},{"@type":"WebSite","@id":"https:\/\/medinstrus.lt\/es\/#website","url":"https:\/\/medinstrus.lt\/es\/","name":"https:\/\/medinstrus.com\/","description":"Simplicity combined with functionality.","publisher":{"@id":"https:\/\/medinstrus.lt\/es\/#organization"},"potentialAction":[{"@type":"SearchAction","target":{"@type":"EntryPoint","urlTemplate":"https:\/\/medinstrus.lt\/es\/?s={search_term_string}"},"query-input":{"@type":"PropertyValueSpecification","valueRequired":true,"valueName":"search_term_string"}}],"inLanguage":"es"},{"@type":"Organization","@id":"https:\/\/medinstrus.lt\/es\/#organization","name":"Medinstrus","url":"https:\/\/medinstrus.lt\/es\/","logo":{"@type":"ImageObject","inLanguage":"es","@id":"https:\/\/medinstrus.lt\/es\/#\/schema\/logo\/image\/","url":"https:\/\/medinstrus.lt\/wp-content\/uploads\/2025\/02\/Medinstrus-v1.png","contentUrl":"https:\/\/medinstrus.lt\/wp-content\/uploads\/2025\/02\/Medinstrus-v1.png","width":723,"height":96,"caption":"Medinstrus"},"image":{"@id":"https:\/\/medinstrus.lt\/es\/#\/schema\/logo\/image\/"},"sameAs":["https:\/\/www.facebook.com\/medinstrus\/","https:\/\/www.instagram.com\/Medinstrus"]}]}},"_links":{"self":[{"href":"https:\/\/medinstrus.lt\/es\/wp-json\/wp\/v2\/product\/3538","targetHints":{"allow":["GET"]}}],"collection":[{"href":"https:\/\/medinstrus.lt\/es\/wp-json\/wp\/v2\/product"}],"about":[{"href":"https:\/\/medinstrus.lt\/es\/wp-json\/wp\/v2\/types\/product"}],"replies":[{"embeddable":true,"href":"https:\/\/medinstrus.lt\/es\/wp-json\/wp\/v2\/comments?post=3538"}],"wp:featuredmedia":[{"embeddable":true,"href":"https:\/\/medinstrus.lt\/es\/wp-json\/wp\/v2\/media\/2997"}],"wp:attachment":[{"href":"https:\/\/medinstrus.lt\/es\/wp-json\/wp\/v2\/media?parent=3538"}],"wp:term":[{"taxonomy":"product_brand","embeddable":true,"href":"https:\/\/medinstrus.lt\/es\/wp-json\/wp\/v2\/product_brand?post=3538"},{"taxonomy":"product_cat","embeddable":true,"href":"https:\/\/medinstrus.lt\/es\/wp-json\/wp\/v2\/product_cat?post=3538"},{"taxonomy":"product_tag","embeddable":true,"href":"https:\/\/medinstrus.lt\/es\/wp-json\/wp\/v2\/product_tag?post=3538"}],"curies":[{"name":"wp","href":"https:\/\/api.w.org\/{rel}","templated":true}]}}