{"id":3535,"date":"2024-07-11T13:50:03","date_gmt":"2024-07-11T10:50:03","guid":{"rendered":"https:\/\/medinstrus.lt\/product\/lpp-brazo-de-foroptero-linea-premium\/"},"modified":"2024-07-11T13:50:03","modified_gmt":"2024-07-11T10:50:03","slug":"lpp-brazo-de-foroptero-linea-premium","status":"publish","type":"product","link":"https:\/\/medinstrus.lt\/es\/producto\/lpp-brazo-de-foroptero-linea-premium\/","title":{"rendered":"LPP &#8211; Brazo de for\u00f3ptero LINEA Premium"},"content":{"rendered":"<p><strong>Caracter\u00edsticas principales:<\/strong><\/p>\n<ul>\n<li><strong>Calidad de primera:<\/strong> Dise\u00f1ado con materiales de alta calidad para garantizar la durabilidad y un rendimiento fiable en un entorno cl\u00ednico;<\/li>\n<li><strong>Movimiento suave:<\/strong> Ofrece un posicionamiento horizontal del for\u00f3ptero estable y sin esfuerzo, reduciendo la tensi\u00f3n y mejorando la facilidad de uso;<\/li>\n<li><strong>Ajuste de precisi\u00f3n<\/strong>: Permite un control y ajuste precisos, mejorando la exactitud de las mediciones y evaluaciones oftalmol\u00f3gicas;<\/li>\n<li><strong>F\u00e1cil instalaci\u00f3n:<\/strong> Dise\u00f1ado para una instalaci\u00f3n sencilla en soportes y unidades de examen compatibles;<\/li>\n<li><strong>Compatibilidad vers\u00e1til:<\/strong> Compatible con todos los for\u00f3pteros y nuestras unidades de refracci\u00f3n, lo que proporciona una integraci\u00f3n perfecta en diversas configuraciones;<\/li>\n<li><strong>Disponibles en varios colores:<\/strong> Disponible en varios colores para adaptarse a tu entorno cl\u00ednico y a tus preferencias.<\/li>\n<\/ul>\n<p>Mejora la eficacia y precisi\u00f3n de tus exploraciones oftalmol\u00f3gicas con el Brazo For\u00f3ptero Premium LPP LINEA. Su construcci\u00f3n robusta y su dise\u00f1o f\u00e1cil de usar lo convierten en una herramienta esencial para cualquier consulta oftalmol\u00f3gica moderna, garantizando que tanto los pacientes como los cl\u00ednicos experimenten el m\u00e1ximo nivel de comodidad y precisi\u00f3n. <\/p>\n<p>&nbsp;<\/p>\n<p>&nbsp;<\/p>\n","protected":false},"excerpt":{"rendered":"<p>La Gu\u00eda de brazo de for\u00f3ptero LPP LINEA Premium est\u00e1 dise\u00f1ada para proporcionar un movimiento horizontal preciso y sin esfuerzo del for\u00f3ptero, mejorando la eficacia y precisi\u00f3n de las exploraciones oftalmol\u00f3gicas. Esta corredera premium garantiza un funcionamiento suave y estable, lo que permite una comodidad \u00f3ptima para el paciente y el cl\u00ednico. <\/p>\n","protected":false},"featured_media":3085,"comment_status":"closed","ping_status":"closed","template":"","meta":{"_acf_changed":false},"product_brand":[],"product_cat":[286],"product_tag":[],"class_list":{"0":"post-3535","1":"product","2":"type-product","3":"status-publish","4":"has-post-thumbnail","6":"product_cat-accesorios","8":"first","9":"instock","10":"shipping-taxable","11":"product-type-simple"},"acf":[],"gallery_images":[611,609],"yoast_head":"<!-- This site is optimized with the Yoast SEO Premium plugin v27.4 (Yoast SEO v27.5) - https:\/\/yoast.com\/product\/yoast-seo-premium-wordpress\/ -->\n<title>LPP - Brazo de for\u00f3ptero LINEA Premium - Medinstrus<\/title>\n<meta name=\"robots\" content=\"index, follow, max-snippet:-1, max-image-preview:large, max-video-preview:-1\" \/>\n<link rel=\"canonical\" href=\"https:\/\/medinstrus.lt\/es\/producto\/lpp-brazo-de-foroptero-linea-premium\/\" \/>\n<meta property=\"og:locale\" content=\"es_ES\" \/>\n<meta property=\"og:type\" content=\"article\" \/>\n<meta property=\"og:title\" content=\"LPP - Brazo de for\u00f3ptero LINEA Premium\" \/>\n<meta property=\"og:description\" content=\"La Gu\u00eda de brazo de for\u00f3ptero LPP LINEA Premium est\u00e1 dise\u00f1ada para proporcionar un movimiento horizontal preciso y sin esfuerzo del for\u00f3ptero, mejorando la eficacia y precisi\u00f3n de las exploraciones oftalmol\u00f3gicas. Esta corredera premium garantiza un funcionamiento suave y estable, lo que permite una comodidad \u00f3ptima para el paciente y el cl\u00ednico.\" \/>\n<meta property=\"og:url\" content=\"https:\/\/medinstrus.lt\/es\/producto\/lpp-brazo-de-foroptero-linea-premium\/\" \/>\n<meta property=\"og:site_name\" content=\"Medinstrus\" \/>\n<meta property=\"article:publisher\" content=\"https:\/\/www.facebook.com\/medinstrus\/\" \/>\n<meta property=\"og:image\" content=\"https:\/\/medinstrus.lt\/wp-content\/uploads\/2024\/07\/Aksesuarai-svetainei.png\" \/>\n\t<meta property=\"og:image:width\" content=\"1080\" \/>\n\t<meta property=\"og:image:height\" content=\"1350\" \/>\n\t<meta property=\"og:image:type\" content=\"image\/png\" \/>\n<meta name=\"twitter:card\" content=\"summary_large_image\" \/>\n<meta name=\"twitter:label1\" content=\"Tiempo de lectura\" \/>\n\t<meta name=\"twitter:data1\" content=\"1 minuto\" \/>\n<script type=\"application\/ld+json\" class=\"yoast-schema-graph\">{\"@context\":\"https:\\\/\\\/schema.org\",\"@graph\":[{\"@type\":\"WebPage\",\"@id\":\"https:\\\/\\\/medinstrus.lt\\\/es\\\/producto\\\/lpp-brazo-de-foroptero-linea-premium\\\/\",\"url\":\"https:\\\/\\\/medinstrus.lt\\\/es\\\/producto\\\/lpp-brazo-de-foroptero-linea-premium\\\/\",\"name\":\"LPP - Brazo de for\u00f3ptero LINEA Premium - Medinstrus\",\"isPartOf\":{\"@id\":\"https:\\\/\\\/medinstrus.lt\\\/es\\\/#website\"},\"primaryImageOfPage\":{\"@id\":\"https:\\\/\\\/medinstrus.lt\\\/es\\\/producto\\\/lpp-brazo-de-foroptero-linea-premium\\\/#primaryimage\"},\"image\":{\"@id\":\"https:\\\/\\\/medinstrus.lt\\\/es\\\/producto\\\/lpp-brazo-de-foroptero-linea-premium\\\/#primaryimage\"},\"thumbnailUrl\":\"https:\\\/\\\/medinstrus.lt\\\/wp-content\\\/uploads\\\/2024\\\/07\\\/Aksesuarai-svetainei.png\",\"datePublished\":\"2024-07-11T10:50:03+00:00\",\"breadcrumb\":{\"@id\":\"https:\\\/\\\/medinstrus.lt\\\/es\\\/producto\\\/lpp-brazo-de-foroptero-linea-premium\\\/#breadcrumb\"},\"inLanguage\":\"es\",\"potentialAction\":[{\"@type\":\"ReadAction\",\"target\":[\"https:\\\/\\\/medinstrus.lt\\\/es\\\/producto\\\/lpp-brazo-de-foroptero-linea-premium\\\/\"]}]},{\"@type\":\"ImageObject\",\"inLanguage\":\"es\",\"@id\":\"https:\\\/\\\/medinstrus.lt\\\/es\\\/producto\\\/lpp-brazo-de-foroptero-linea-premium\\\/#primaryimage\",\"url\":\"https:\\\/\\\/medinstrus.lt\\\/wp-content\\\/uploads\\\/2024\\\/07\\\/Aksesuarai-svetainei.png\",\"contentUrl\":\"https:\\\/\\\/medinstrus.lt\\\/wp-content\\\/uploads\\\/2024\\\/07\\\/Aksesuarai-svetainei.png\",\"width\":1080,\"height\":1350},{\"@type\":\"BreadcrumbList\",\"@id\":\"https:\\\/\\\/medinstrus.lt\\\/es\\\/producto\\\/lpp-brazo-de-foroptero-linea-premium\\\/#breadcrumb\",\"itemListElement\":[{\"@type\":\"ListItem\",\"position\":1,\"name\":\"Home\",\"item\":\"https:\\\/\\\/medinstrus.lt\\\/es\\\/pagina-de-inicio\\\/\"},{\"@type\":\"ListItem\",\"position\":2,\"name\":\"Tienda\",\"item\":\"https:\\\/\\\/medinstrus.lt\\\/es\\\/tienda\\\/\"},{\"@type\":\"ListItem\",\"position\":3,\"name\":\"LPP &#8211; Brazo de for\u00f3ptero LINEA Premium\"}]},{\"@type\":\"WebSite\",\"@id\":\"https:\\\/\\\/medinstrus.lt\\\/es\\\/#website\",\"url\":\"https:\\\/\\\/medinstrus.lt\\\/es\\\/\",\"name\":\"https:\\\/\\\/medinstrus.com\\\/\",\"description\":\"Simplicity combined with functionality.\",\"publisher\":{\"@id\":\"https:\\\/\\\/medinstrus.lt\\\/es\\\/#organization\"},\"potentialAction\":[{\"@type\":\"SearchAction\",\"target\":{\"@type\":\"EntryPoint\",\"urlTemplate\":\"https:\\\/\\\/medinstrus.lt\\\/es\\\/?s={search_term_string}\"},\"query-input\":{\"@type\":\"PropertyValueSpecification\",\"valueRequired\":true,\"valueName\":\"search_term_string\"}}],\"inLanguage\":\"es\"},{\"@type\":\"Organization\",\"@id\":\"https:\\\/\\\/medinstrus.lt\\\/es\\\/#organization\",\"name\":\"Medinstrus\",\"url\":\"https:\\\/\\\/medinstrus.lt\\\/es\\\/\",\"logo\":{\"@type\":\"ImageObject\",\"inLanguage\":\"es\",\"@id\":\"https:\\\/\\\/medinstrus.lt\\\/es\\\/#\\\/schema\\\/logo\\\/image\\\/\",\"url\":\"https:\\\/\\\/medinstrus.lt\\\/wp-content\\\/uploads\\\/2025\\\/02\\\/Medinstrus-v1.png\",\"contentUrl\":\"https:\\\/\\\/medinstrus.lt\\\/wp-content\\\/uploads\\\/2025\\\/02\\\/Medinstrus-v1.png\",\"width\":723,\"height\":96,\"caption\":\"Medinstrus\"},\"image\":{\"@id\":\"https:\\\/\\\/medinstrus.lt\\\/es\\\/#\\\/schema\\\/logo\\\/image\\\/\"},\"sameAs\":[\"https:\\\/\\\/www.facebook.com\\\/medinstrus\\\/\",\"https:\\\/\\\/www.instagram.com\\\/Medinstrus\"]}]}<\/script>\n<!-- \/ Yoast SEO Premium plugin. -->","yoast_head_json":{"title":"LPP - Brazo de for\u00f3ptero LINEA Premium - Medinstrus","robots":{"index":"index","follow":"follow","max-snippet":"max-snippet:-1","max-image-preview":"max-image-preview:large","max-video-preview":"max-video-preview:-1"},"canonical":"https:\/\/medinstrus.lt\/es\/producto\/lpp-brazo-de-foroptero-linea-premium\/","og_locale":"es_ES","og_type":"article","og_title":"LPP - Brazo de for\u00f3ptero LINEA Premium","og_description":"La Gu\u00eda de brazo de for\u00f3ptero LPP LINEA Premium est\u00e1 dise\u00f1ada para proporcionar un movimiento horizontal preciso y sin esfuerzo del for\u00f3ptero, mejorando la eficacia y precisi\u00f3n de las exploraciones oftalmol\u00f3gicas. Esta corredera premium garantiza un funcionamiento suave y estable, lo que permite una comodidad \u00f3ptima para el paciente y el cl\u00ednico.","og_url":"https:\/\/medinstrus.lt\/es\/producto\/lpp-brazo-de-foroptero-linea-premium\/","og_site_name":"Medinstrus","article_publisher":"https:\/\/www.facebook.com\/medinstrus\/","og_image":[{"width":1080,"height":1350,"url":"https:\/\/medinstrus.lt\/wp-content\/uploads\/2024\/07\/Aksesuarai-svetainei.png","type":"image\/png"}],"twitter_card":"summary_large_image","twitter_misc":{"Tiempo de lectura":"1 minuto"},"schema":{"@context":"https:\/\/schema.org","@graph":[{"@type":"WebPage","@id":"https:\/\/medinstrus.lt\/es\/producto\/lpp-brazo-de-foroptero-linea-premium\/","url":"https:\/\/medinstrus.lt\/es\/producto\/lpp-brazo-de-foroptero-linea-premium\/","name":"LPP - Brazo de for\u00f3ptero LINEA Premium - Medinstrus","isPartOf":{"@id":"https:\/\/medinstrus.lt\/es\/#website"},"primaryImageOfPage":{"@id":"https:\/\/medinstrus.lt\/es\/producto\/lpp-brazo-de-foroptero-linea-premium\/#primaryimage"},"image":{"@id":"https:\/\/medinstrus.lt\/es\/producto\/lpp-brazo-de-foroptero-linea-premium\/#primaryimage"},"thumbnailUrl":"https:\/\/medinstrus.lt\/wp-content\/uploads\/2024\/07\/Aksesuarai-svetainei.png","datePublished":"2024-07-11T10:50:03+00:00","breadcrumb":{"@id":"https:\/\/medinstrus.lt\/es\/producto\/lpp-brazo-de-foroptero-linea-premium\/#breadcrumb"},"inLanguage":"es","potentialAction":[{"@type":"ReadAction","target":["https:\/\/medinstrus.lt\/es\/producto\/lpp-brazo-de-foroptero-linea-premium\/"]}]},{"@type":"ImageObject","inLanguage":"es","@id":"https:\/\/medinstrus.lt\/es\/producto\/lpp-brazo-de-foroptero-linea-premium\/#primaryimage","url":"https:\/\/medinstrus.lt\/wp-content\/uploads\/2024\/07\/Aksesuarai-svetainei.png","contentUrl":"https:\/\/medinstrus.lt\/wp-content\/uploads\/2024\/07\/Aksesuarai-svetainei.png","width":1080,"height":1350},{"@type":"BreadcrumbList","@id":"https:\/\/medinstrus.lt\/es\/producto\/lpp-brazo-de-foroptero-linea-premium\/#breadcrumb","itemListElement":[{"@type":"ListItem","position":1,"name":"Home","item":"https:\/\/medinstrus.lt\/es\/pagina-de-inicio\/"},{"@type":"ListItem","position":2,"name":"Tienda","item":"https:\/\/medinstrus.lt\/es\/tienda\/"},{"@type":"ListItem","position":3,"name":"LPP &#8211; Brazo de for\u00f3ptero LINEA Premium"}]},{"@type":"WebSite","@id":"https:\/\/medinstrus.lt\/es\/#website","url":"https:\/\/medinstrus.lt\/es\/","name":"https:\/\/medinstrus.com\/","description":"Simplicity combined with functionality.","publisher":{"@id":"https:\/\/medinstrus.lt\/es\/#organization"},"potentialAction":[{"@type":"SearchAction","target":{"@type":"EntryPoint","urlTemplate":"https:\/\/medinstrus.lt\/es\/?s={search_term_string}"},"query-input":{"@type":"PropertyValueSpecification","valueRequired":true,"valueName":"search_term_string"}}],"inLanguage":"es"},{"@type":"Organization","@id":"https:\/\/medinstrus.lt\/es\/#organization","name":"Medinstrus","url":"https:\/\/medinstrus.lt\/es\/","logo":{"@type":"ImageObject","inLanguage":"es","@id":"https:\/\/medinstrus.lt\/es\/#\/schema\/logo\/image\/","url":"https:\/\/medinstrus.lt\/wp-content\/uploads\/2025\/02\/Medinstrus-v1.png","contentUrl":"https:\/\/medinstrus.lt\/wp-content\/uploads\/2025\/02\/Medinstrus-v1.png","width":723,"height":96,"caption":"Medinstrus"},"image":{"@id":"https:\/\/medinstrus.lt\/es\/#\/schema\/logo\/image\/"},"sameAs":["https:\/\/www.facebook.com\/medinstrus\/","https:\/\/www.instagram.com\/Medinstrus"]}]}},"_links":{"self":[{"href":"https:\/\/medinstrus.lt\/es\/wp-json\/wp\/v2\/product\/3535","targetHints":{"allow":["GET"]}}],"collection":[{"href":"https:\/\/medinstrus.lt\/es\/wp-json\/wp\/v2\/product"}],"about":[{"href":"https:\/\/medinstrus.lt\/es\/wp-json\/wp\/v2\/types\/product"}],"replies":[{"embeddable":true,"href":"https:\/\/medinstrus.lt\/es\/wp-json\/wp\/v2\/comments?post=3535"}],"wp:featuredmedia":[{"embeddable":true,"href":"https:\/\/medinstrus.lt\/es\/wp-json\/wp\/v2\/media\/3085"}],"wp:attachment":[{"href":"https:\/\/medinstrus.lt\/es\/wp-json\/wp\/v2\/media?parent=3535"}],"wp:term":[{"taxonomy":"product_brand","embeddable":true,"href":"https:\/\/medinstrus.lt\/es\/wp-json\/wp\/v2\/product_brand?post=3535"},{"taxonomy":"product_cat","embeddable":true,"href":"https:\/\/medinstrus.lt\/es\/wp-json\/wp\/v2\/product_cat?post=3535"},{"taxonomy":"product_tag","embeddable":true,"href":"https:\/\/medinstrus.lt\/es\/wp-json\/wp\/v2\/product_tag?post=3535"}],"curies":[{"name":"wp","href":"https:\/\/api.w.org\/{rel}","templated":true}]}}