{"id":3432,"date":"2025-03-24T10:35:35","date_gmt":"2025-03-24T08:35:35","guid":{"rendered":"https:\/\/medinstrus.lt\/product\/panel-de-control-instand\/"},"modified":"2025-03-24T10:35:35","modified_gmt":"2025-03-24T08:35:35","slug":"panel-de-control-instand","status":"publish","type":"product","link":"https:\/\/medinstrus.lt\/es\/producto\/panel-de-control-instand\/","title":{"rendered":"Panel de control InSTAND"},"content":{"rendered":"<p data-start=\"0\" data-end=\"27\"><strong data-start=\"0\" data-end=\"27\">Panel de control InSTAND<\/strong><\/p>\n<p data-start=\"29\" data-end=\"382\">El InSTAND es un soporte de panel independiente, compacto y elegante, dise\u00f1ado originalmente para sostener y apoyar el panel de control de un sistema de for\u00f3ptero autom\u00e1tico. Sin embargo, su versatilidad permite utilizarlo para otros fines, como una superficie c\u00f3moda para que los pacientes coloquen sus objetos personales, como gafas o accesorios, durante las exploraciones oculares. <\/p>\n<p data-start=\"384\" data-end=\"397\">Caracter\u00edsticas principales:<\/p>\n<ul data-start=\"398\" data-end=\"636\">\n<li data-start=\"398\" data-end=\"471\">Dise\u00f1o estable y ergon\u00f3mico adecuado para entornos m\u00e9dicos u \u00f3pticos<\/li>\n<li data-start=\"472\" data-end=\"521\">Construcci\u00f3n independiente, f\u00e1cil de reposicionar<\/li>\n<li data-start=\"522\" data-end=\"575\">Se puede personalizar en diferentes colores o acabados<\/li>\n<li data-start=\"576\" data-end=\"636\">Ideal para montaje en panel de control, pero de funci\u00f3n flexible<\/li>\n<\/ul>\n<p data-start=\"638\" data-end=\"707\" data-is-last-node=\"\" data-is-only-node=\"\">Perfecto para cl\u00ednicas que buscan funcionalidad y armon\u00eda est\u00e9tica.<\/p>\n","protected":false},"excerpt":{"rendered":"<p data-start=\"29\" data-end=\"382\">El InSTAND es un soporte de panel independiente, compacto y elegante, dise\u00f1ado originalmente para sostener y apoyar el panel de control de un sistema de for\u00f3ptero autom\u00e1tico. Sin embargo, su versatilidad permite utilizarlo para otros fines, como una superficie c\u00f3moda para que los pacientes coloquen sus objetos personales, como gafas o accesorios, durante las exploraciones oculares. <\/p>\n<p>&nbsp;<\/p>\n<div class=\"btn-bubble-icon\"> <\/div>\n","protected":false},"featured_media":3141,"comment_status":"closed","ping_status":"closed","template":"","meta":{"_acf_changed":false},"product_brand":[],"product_cat":[286],"product_tag":[197],"class_list":{"0":"post-3432","1":"product","2":"type-product","3":"status-publish","4":"has-post-thumbnail","6":"product_cat-accesorios","7":"product_tag-mobiliario-medico","9":"first","10":"instock","11":"shipping-taxable","12":"product-type-simple"},"acf":[],"gallery_images":[],"yoast_head":"<!-- This site is optimized with the Yoast SEO Premium plugin v27.4 (Yoast SEO v27.4) - https:\/\/yoast.com\/product\/yoast-seo-premium-wordpress\/ -->\n<title>Panel de control InSTAND - Medinstrus<\/title>\n<meta name=\"robots\" content=\"index, follow, max-snippet:-1, max-image-preview:large, max-video-preview:-1\" \/>\n<link rel=\"canonical\" href=\"https:\/\/medinstrus.lt\/es\/producto\/panel-de-control-instand\/\" \/>\n<meta property=\"og:locale\" content=\"es_ES\" \/>\n<meta property=\"og:type\" content=\"article\" \/>\n<meta property=\"og:title\" content=\"Panel de control InSTAND\" \/>\n<meta property=\"og:description\" content=\"El InSTAND es un soporte de panel independiente, compacto y elegante, dise\u00f1ado originalmente para sostener y apoyar el panel de control de un sistema de for\u00f3ptero autom\u00e1tico. Sin embargo, su versatilidad permite utilizarlo para otros fines, como una superficie c\u00f3moda para que los pacientes coloquen sus objetos personales, como gafas o accesorios, durante las exploraciones oculares. &nbsp;\" \/>\n<meta property=\"og:url\" content=\"https:\/\/medinstrus.lt\/es\/producto\/panel-de-control-instand\/\" \/>\n<meta property=\"og:site_name\" content=\"Medinstrus\" \/>\n<meta property=\"article:publisher\" content=\"https:\/\/www.facebook.com\/medinstrus\/\" \/>\n<meta property=\"og:image\" content=\"https:\/\/medinstrus.lt\/wp-content\/uploads\/2025\/03\/stand.jpg\" \/>\n\t<meta property=\"og:image:width\" content=\"945\" \/>\n\t<meta property=\"og:image:height\" content=\"1417\" \/>\n\t<meta property=\"og:image:type\" content=\"image\/jpeg\" \/>\n<meta name=\"twitter:card\" content=\"summary_large_image\" \/>\n<meta name=\"twitter:label1\" content=\"Tiempo de lectura\" \/>\n\t<meta name=\"twitter:data1\" content=\"1 minuto\" \/>\n<script type=\"application\/ld+json\" class=\"yoast-schema-graph\">{\"@context\":\"https:\\\/\\\/schema.org\",\"@graph\":[{\"@type\":\"WebPage\",\"@id\":\"https:\\\/\\\/medinstrus.lt\\\/es\\\/producto\\\/panel-de-control-instand\\\/\",\"url\":\"https:\\\/\\\/medinstrus.lt\\\/es\\\/producto\\\/panel-de-control-instand\\\/\",\"name\":\"Panel de control InSTAND - Medinstrus\",\"isPartOf\":{\"@id\":\"https:\\\/\\\/medinstrus.lt\\\/es\\\/#website\"},\"primaryImageOfPage\":{\"@id\":\"https:\\\/\\\/medinstrus.lt\\\/es\\\/producto\\\/panel-de-control-instand\\\/#primaryimage\"},\"image\":{\"@id\":\"https:\\\/\\\/medinstrus.lt\\\/es\\\/producto\\\/panel-de-control-instand\\\/#primaryimage\"},\"thumbnailUrl\":\"https:\\\/\\\/medinstrus.lt\\\/wp-content\\\/uploads\\\/2025\\\/03\\\/stand.jpg\",\"datePublished\":\"2025-03-24T08:35:35+00:00\",\"breadcrumb\":{\"@id\":\"https:\\\/\\\/medinstrus.lt\\\/es\\\/producto\\\/panel-de-control-instand\\\/#breadcrumb\"},\"inLanguage\":\"es\",\"potentialAction\":[{\"@type\":\"ReadAction\",\"target\":[\"https:\\\/\\\/medinstrus.lt\\\/es\\\/producto\\\/panel-de-control-instand\\\/\"]}]},{\"@type\":\"ImageObject\",\"inLanguage\":\"es\",\"@id\":\"https:\\\/\\\/medinstrus.lt\\\/es\\\/producto\\\/panel-de-control-instand\\\/#primaryimage\",\"url\":\"https:\\\/\\\/medinstrus.lt\\\/wp-content\\\/uploads\\\/2025\\\/03\\\/stand.jpg\",\"contentUrl\":\"https:\\\/\\\/medinstrus.lt\\\/wp-content\\\/uploads\\\/2025\\\/03\\\/stand.jpg\",\"width\":945,\"height\":1417,\"caption\":\"Operation Panel Instand with vertical design and red wood top.\"},{\"@type\":\"BreadcrumbList\",\"@id\":\"https:\\\/\\\/medinstrus.lt\\\/es\\\/producto\\\/panel-de-control-instand\\\/#breadcrumb\",\"itemListElement\":[{\"@type\":\"ListItem\",\"position\":1,\"name\":\"Home\",\"item\":\"https:\\\/\\\/medinstrus.lt\\\/es\\\/pagina-de-inicio\\\/\"},{\"@type\":\"ListItem\",\"position\":2,\"name\":\"Tienda\",\"item\":\"https:\\\/\\\/medinstrus.lt\\\/es\\\/tienda\\\/\"},{\"@type\":\"ListItem\",\"position\":3,\"name\":\"Panel de control InSTAND\"}]},{\"@type\":\"WebSite\",\"@id\":\"https:\\\/\\\/medinstrus.lt\\\/es\\\/#website\",\"url\":\"https:\\\/\\\/medinstrus.lt\\\/es\\\/\",\"name\":\"https:\\\/\\\/medinstrus.com\\\/\",\"description\":\"Simplicity combined with functionality.\",\"publisher\":{\"@id\":\"https:\\\/\\\/medinstrus.lt\\\/es\\\/#organization\"},\"potentialAction\":[{\"@type\":\"SearchAction\",\"target\":{\"@type\":\"EntryPoint\",\"urlTemplate\":\"https:\\\/\\\/medinstrus.lt\\\/es\\\/?s={search_term_string}\"},\"query-input\":{\"@type\":\"PropertyValueSpecification\",\"valueRequired\":true,\"valueName\":\"search_term_string\"}}],\"inLanguage\":\"es\"},{\"@type\":\"Organization\",\"@id\":\"https:\\\/\\\/medinstrus.lt\\\/es\\\/#organization\",\"name\":\"Medinstrus\",\"url\":\"https:\\\/\\\/medinstrus.lt\\\/es\\\/\",\"logo\":{\"@type\":\"ImageObject\",\"inLanguage\":\"es\",\"@id\":\"https:\\\/\\\/medinstrus.lt\\\/es\\\/#\\\/schema\\\/logo\\\/image\\\/\",\"url\":\"https:\\\/\\\/medinstrus.lt\\\/wp-content\\\/uploads\\\/2025\\\/02\\\/Medinstrus-v1.png\",\"contentUrl\":\"https:\\\/\\\/medinstrus.lt\\\/wp-content\\\/uploads\\\/2025\\\/02\\\/Medinstrus-v1.png\",\"width\":723,\"height\":96,\"caption\":\"Medinstrus\"},\"image\":{\"@id\":\"https:\\\/\\\/medinstrus.lt\\\/es\\\/#\\\/schema\\\/logo\\\/image\\\/\"},\"sameAs\":[\"https:\\\/\\\/www.facebook.com\\\/medinstrus\\\/\",\"https:\\\/\\\/www.instagram.com\\\/Medinstrus\"]}]}<\/script>\n<!-- \/ Yoast SEO Premium plugin. -->","yoast_head_json":{"title":"Panel de control InSTAND - Medinstrus","robots":{"index":"index","follow":"follow","max-snippet":"max-snippet:-1","max-image-preview":"max-image-preview:large","max-video-preview":"max-video-preview:-1"},"canonical":"https:\/\/medinstrus.lt\/es\/producto\/panel-de-control-instand\/","og_locale":"es_ES","og_type":"article","og_title":"Panel de control InSTAND","og_description":"El InSTAND es un soporte de panel independiente, compacto y elegante, dise\u00f1ado originalmente para sostener y apoyar el panel de control de un sistema de for\u00f3ptero autom\u00e1tico. Sin embargo, su versatilidad permite utilizarlo para otros fines, como una superficie c\u00f3moda para que los pacientes coloquen sus objetos personales, como gafas o accesorios, durante las exploraciones oculares. &nbsp;","og_url":"https:\/\/medinstrus.lt\/es\/producto\/panel-de-control-instand\/","og_site_name":"Medinstrus","article_publisher":"https:\/\/www.facebook.com\/medinstrus\/","og_image":[{"width":945,"height":1417,"url":"https:\/\/medinstrus.lt\/wp-content\/uploads\/2025\/03\/stand.jpg","type":"image\/jpeg"}],"twitter_card":"summary_large_image","twitter_misc":{"Tiempo de lectura":"1 minuto"},"schema":{"@context":"https:\/\/schema.org","@graph":[{"@type":"WebPage","@id":"https:\/\/medinstrus.lt\/es\/producto\/panel-de-control-instand\/","url":"https:\/\/medinstrus.lt\/es\/producto\/panel-de-control-instand\/","name":"Panel de control InSTAND - Medinstrus","isPartOf":{"@id":"https:\/\/medinstrus.lt\/es\/#website"},"primaryImageOfPage":{"@id":"https:\/\/medinstrus.lt\/es\/producto\/panel-de-control-instand\/#primaryimage"},"image":{"@id":"https:\/\/medinstrus.lt\/es\/producto\/panel-de-control-instand\/#primaryimage"},"thumbnailUrl":"https:\/\/medinstrus.lt\/wp-content\/uploads\/2025\/03\/stand.jpg","datePublished":"2025-03-24T08:35:35+00:00","breadcrumb":{"@id":"https:\/\/medinstrus.lt\/es\/producto\/panel-de-control-instand\/#breadcrumb"},"inLanguage":"es","potentialAction":[{"@type":"ReadAction","target":["https:\/\/medinstrus.lt\/es\/producto\/panel-de-control-instand\/"]}]},{"@type":"ImageObject","inLanguage":"es","@id":"https:\/\/medinstrus.lt\/es\/producto\/panel-de-control-instand\/#primaryimage","url":"https:\/\/medinstrus.lt\/wp-content\/uploads\/2025\/03\/stand.jpg","contentUrl":"https:\/\/medinstrus.lt\/wp-content\/uploads\/2025\/03\/stand.jpg","width":945,"height":1417,"caption":"Operation Panel Instand with vertical design and red wood top."},{"@type":"BreadcrumbList","@id":"https:\/\/medinstrus.lt\/es\/producto\/panel-de-control-instand\/#breadcrumb","itemListElement":[{"@type":"ListItem","position":1,"name":"Home","item":"https:\/\/medinstrus.lt\/es\/pagina-de-inicio\/"},{"@type":"ListItem","position":2,"name":"Tienda","item":"https:\/\/medinstrus.lt\/es\/tienda\/"},{"@type":"ListItem","position":3,"name":"Panel de control InSTAND"}]},{"@type":"WebSite","@id":"https:\/\/medinstrus.lt\/es\/#website","url":"https:\/\/medinstrus.lt\/es\/","name":"https:\/\/medinstrus.com\/","description":"Simplicity combined with functionality.","publisher":{"@id":"https:\/\/medinstrus.lt\/es\/#organization"},"potentialAction":[{"@type":"SearchAction","target":{"@type":"EntryPoint","urlTemplate":"https:\/\/medinstrus.lt\/es\/?s={search_term_string}"},"query-input":{"@type":"PropertyValueSpecification","valueRequired":true,"valueName":"search_term_string"}}],"inLanguage":"es"},{"@type":"Organization","@id":"https:\/\/medinstrus.lt\/es\/#organization","name":"Medinstrus","url":"https:\/\/medinstrus.lt\/es\/","logo":{"@type":"ImageObject","inLanguage":"es","@id":"https:\/\/medinstrus.lt\/es\/#\/schema\/logo\/image\/","url":"https:\/\/medinstrus.lt\/wp-content\/uploads\/2025\/02\/Medinstrus-v1.png","contentUrl":"https:\/\/medinstrus.lt\/wp-content\/uploads\/2025\/02\/Medinstrus-v1.png","width":723,"height":96,"caption":"Medinstrus"},"image":{"@id":"https:\/\/medinstrus.lt\/es\/#\/schema\/logo\/image\/"},"sameAs":["https:\/\/www.facebook.com\/medinstrus\/","https:\/\/www.instagram.com\/Medinstrus"]}]}},"_links":{"self":[{"href":"https:\/\/medinstrus.lt\/es\/wp-json\/wp\/v2\/product\/3432","targetHints":{"allow":["GET"]}}],"collection":[{"href":"https:\/\/medinstrus.lt\/es\/wp-json\/wp\/v2\/product"}],"about":[{"href":"https:\/\/medinstrus.lt\/es\/wp-json\/wp\/v2\/types\/product"}],"replies":[{"embeddable":true,"href":"https:\/\/medinstrus.lt\/es\/wp-json\/wp\/v2\/comments?post=3432"}],"wp:featuredmedia":[{"embeddable":true,"href":"https:\/\/medinstrus.lt\/es\/wp-json\/wp\/v2\/media\/3141"}],"wp:attachment":[{"href":"https:\/\/medinstrus.lt\/es\/wp-json\/wp\/v2\/media?parent=3432"}],"wp:term":[{"taxonomy":"product_brand","embeddable":true,"href":"https:\/\/medinstrus.lt\/es\/wp-json\/wp\/v2\/product_brand?post=3432"},{"taxonomy":"product_cat","embeddable":true,"href":"https:\/\/medinstrus.lt\/es\/wp-json\/wp\/v2\/product_cat?post=3432"},{"taxonomy":"product_tag","embeddable":true,"href":"https:\/\/medinstrus.lt\/es\/wp-json\/wp\/v2\/product_tag?post=3432"}],"curies":[{"name":"wp","href":"https:\/\/api.w.org\/{rel}","templated":true}]}}