{"id":3426,"date":"2025-03-05T11:35:36","date_gmt":"2025-03-05T09:35:36","guid":{"rendered":"https:\/\/medinstrus.lt\/product\/escritorio-del-medico-v2\/"},"modified":"2025-03-05T11:35:36","modified_gmt":"2025-03-05T09:35:36","slug":"escritorio-del-medico-v2","status":"publish","type":"product","link":"https:\/\/medinstrus.lt\/es\/producto\/escritorio-del-medico-v2\/","title":{"rendered":"Escritorio del m\u00e9dico V2"},"content":{"rendered":"<div>\n<p class=\"x_MsoNormal\"><strong>Caracter\u00edsticas principales:<\/strong><\/p>\n<\/div>\n<ul>\n<li class=\"x_MsoNormal\"><strong>Dise\u00f1o espacioso<\/strong> &#8211; Amplia superficie de trabajo para una gesti\u00f3n fluida del flujo de trabajo.<\/li>\n<li class=\"x_MsoNormal\"><strong>Disposici\u00f3n ergon\u00f3mica<\/strong>: dise\u00f1ada cuidadosamente para ofrecer comodidad durante un uso prolongado.<\/li>\n<li class=\"x_MsoNormal\"><strong>Construcci\u00f3n duradera<\/strong> &#8211; Las robustas patas met\u00e1licas garantizan estabilidad y longevidad.<\/li>\n<li class=\"x_MsoNormal\"><strong>Gesti\u00f3n de cables integrada<\/strong>: pasacables integrados para un espacio de trabajo limpio y organizado<\/li>\n<li class=\"x_MsoNormal\"><strong>Organizaci\u00f3n avanzada de<\/strong> cables: espacio dedicado detr\u00e1s del escritorio para sujetar y organizar los cables de forma segura.  <\/li>\n<li class=\"x_MsoNormal\"><strong>Estante para ordenador vers\u00e1til <\/strong>: se puede montar en cualquier lado, dentro o fuera de las patas del escritorio.<\/li>\n<\/ul>\n<div>\n<p class=\"x_MsoNormal\"><b> <\/b><\/p>\n<\/div>\n<div>\n<p class=\"x_MsoNormal\"><strong>Opcional:<\/strong><\/p>\n<\/div>\n<ul>\n<li class=\"x_MsoNormal\">Opciones de <strong>caj\u00f3n personalizables<\/strong>.<\/li>\n<li class=\"x_MsoNormal\"><strong>Armario de almacenamiento disponible<\/strong> para mayor funcionalidad y organizaci\u00f3n.<\/li>\n<\/ul>\n<div>\n<p class=\"x_MsoNormal\"> <strong>Opciones de color <\/strong>: personaliza los acabados de la fachada y las patas met\u00e1licas para que combinen con tu interior.<\/p>\n<p>&nbsp;<\/p>\n<\/div>\n<div>\n<p class=\"x_MsoNormal\"><strong>Especificaciones t\u00e9cnicas:<\/strong><\/p>\n<\/div>\n<ul>\n<li class=\"x_MsoNormal\"><strong>Altura del escritorio:<\/strong> 77 cm<\/li>\n<li class=\"x_MsoNormal\"><strong>Longitud de la mesa:<\/strong> 130 &#8211; 220 cm*.<\/li>\n<li class=\"x_MsoNormal\"><strong>Anchura del escritorio:<\/strong> 60 &#8211; 90 cm*.<\/li>\n<\/ul>\n<div>\n<p class=\"x_MsoNormal\">*Var\u00eda en funci\u00f3n de las opciones seleccionadas<\/p>\n<\/div>\n","protected":false},"excerpt":{"rendered":"<p><strong>Escritorio del m\u00e9dico V2<\/strong><\/p>\n<p>Mejora tu espacio de trabajo m\u00e9dico con este <strong>escritorio ergon\u00f3mico para m\u00e9dicos,<\/strong> dise\u00f1ado para ofrecer eficiencia y comodidad. Con una espaciosa superficie de trabajo de doble tono, este escritorio ofrece un amplio espacio para colocar la documentaci\u00f3n y el equipo. <\/p>\n","protected":false},"featured_media":3059,"comment_status":"closed","ping_status":"closed","template":"","meta":{"_acf_changed":false},"product_brand":[],"product_cat":[294],"product_tag":[304,296,295,299,297,301,305,303,302,300,306,307,298],"class_list":{"0":"post-3426","1":"product","2":"type-product","3":"status-publish","4":"has-post-thumbnail","6":"product_cat-escritorios-de-medicos","7":"product_tag-escritorio-ajustable","8":"product_tag-escritorio-de-consultorio-medico","9":"product_tag-escritorio-del-medico","10":"product_tag-escritorio-medico-duradero","11":"product_tag-escritorio-medico-ergonomico","12":"product_tag-escritorio-medico-personalizable","13":"product_tag-espacio-de-trabajo-ergonomico","14":"product_tag-espacio-de-trabajo-medico","15":"product_tag-gestion-de-cables","16":"product_tag-mobiliario-hospitalario","17":"product_tag-mobiliario-sanitario-moderno","18":"product_tag-organizacion-del-consultorio-medico","19":"product_tag-puesto-de-trabajo-sanitario","21":"first","22":"instock","23":"shipping-taxable","24":"product-type-simple"},"acf":[],"gallery_images":[3063,3065,3067,3069],"yoast_head":"<!-- This site is optimized with the Yoast SEO Premium plugin v27.4 (Yoast SEO v27.4) - https:\/\/yoast.com\/product\/yoast-seo-premium-wordpress\/ -->\n<title>Escritorio ergon\u00f3mico para m\u00e9dicos V2 - Medinstrus<\/title>\n<meta name=\"description\" content=\"Mejora tu espacio de trabajo m\u00e9dico con un escritorio de m\u00e9dico ergon\u00f3mico y duradero, con una amplia superficie de trabajo y gesti\u00f3n de cables integrada.\" \/>\n<meta name=\"robots\" content=\"index, follow, max-snippet:-1, max-image-preview:large, max-video-preview:-1\" \/>\n<link rel=\"canonical\" href=\"https:\/\/medinstrus.lt\/es\/producto\/escritorio-del-medico-v2\/\" \/>\n<meta property=\"og:locale\" content=\"es_ES\" \/>\n<meta property=\"og:type\" content=\"article\" \/>\n<meta property=\"og:title\" content=\"Escritorio del m\u00e9dico V2\" \/>\n<meta property=\"og:description\" content=\"Mejora tu espacio de trabajo m\u00e9dico con un escritorio de m\u00e9dico ergon\u00f3mico y duradero, con una amplia superficie de trabajo y gesti\u00f3n de cables integrada.\" \/>\n<meta property=\"og:url\" content=\"https:\/\/medinstrus.lt\/es\/producto\/escritorio-del-medico-v2\/\" \/>\n<meta property=\"og:site_name\" content=\"Medinstrus\" \/>\n<meta property=\"article:publisher\" content=\"https:\/\/www.facebook.com\/medinstrus\/\" \/>\n<meta property=\"og:image\" content=\"https:\/\/medinstrus.lt\/wp-content\/uploads\/2025\/03\/Pagrindine.png\" \/>\n\t<meta property=\"og:image:width\" content=\"1080\" \/>\n\t<meta property=\"og:image:height\" content=\"1350\" \/>\n\t<meta property=\"og:image:type\" content=\"image\/png\" \/>\n<meta name=\"twitter:card\" content=\"summary_large_image\" \/>\n<meta name=\"twitter:label1\" content=\"Tiempo de lectura\" \/>\n\t<meta name=\"twitter:data1\" content=\"1 minuto\" \/>\n<script type=\"application\/ld+json\" class=\"yoast-schema-graph\">{\"@context\":\"https:\\\/\\\/schema.org\",\"@graph\":[{\"@type\":\"WebPage\",\"@id\":\"https:\\\/\\\/medinstrus.lt\\\/es\\\/producto\\\/escritorio-del-medico-v2\\\/\",\"url\":\"https:\\\/\\\/medinstrus.lt\\\/es\\\/producto\\\/escritorio-del-medico-v2\\\/\",\"name\":\"Escritorio ergon\u00f3mico para m\u00e9dicos V2 - Medinstrus\",\"isPartOf\":{\"@id\":\"https:\\\/\\\/medinstrus.lt\\\/es\\\/#website\"},\"primaryImageOfPage\":{\"@id\":\"https:\\\/\\\/medinstrus.lt\\\/es\\\/producto\\\/escritorio-del-medico-v2\\\/#primaryimage\"},\"image\":{\"@id\":\"https:\\\/\\\/medinstrus.lt\\\/es\\\/producto\\\/escritorio-del-medico-v2\\\/#primaryimage\"},\"thumbnailUrl\":\"https:\\\/\\\/medinstrus.lt\\\/wp-content\\\/uploads\\\/2025\\\/03\\\/Pagrindine.png\",\"datePublished\":\"2025-03-05T09:35:36+00:00\",\"description\":\"Mejora tu espacio de trabajo m\u00e9dico con un escritorio de m\u00e9dico ergon\u00f3mico y duradero, con una amplia superficie de trabajo y gesti\u00f3n de cables integrada.\",\"breadcrumb\":{\"@id\":\"https:\\\/\\\/medinstrus.lt\\\/es\\\/producto\\\/escritorio-del-medico-v2\\\/#breadcrumb\"},\"inLanguage\":\"es\",\"potentialAction\":[{\"@type\":\"ReadAction\",\"target\":[\"https:\\\/\\\/medinstrus.lt\\\/es\\\/producto\\\/escritorio-del-medico-v2\\\/\"]}]},{\"@type\":\"ImageObject\",\"inLanguage\":\"es\",\"@id\":\"https:\\\/\\\/medinstrus.lt\\\/es\\\/producto\\\/escritorio-del-medico-v2\\\/#primaryimage\",\"url\":\"https:\\\/\\\/medinstrus.lt\\\/wp-content\\\/uploads\\\/2025\\\/03\\\/Pagrindine.png\",\"contentUrl\":\"https:\\\/\\\/medinstrus.lt\\\/wp-content\\\/uploads\\\/2025\\\/03\\\/Pagrindine.png\",\"width\":1080,\"height\":1350,\"caption\":\"A stylish and functional ergonomic doctor's desk with a spacious dual-tone work surface, integrated cable management, and optional storage solutions.\"},{\"@type\":\"BreadcrumbList\",\"@id\":\"https:\\\/\\\/medinstrus.lt\\\/es\\\/producto\\\/escritorio-del-medico-v2\\\/#breadcrumb\",\"itemListElement\":[{\"@type\":\"ListItem\",\"position\":1,\"name\":\"Home\",\"item\":\"https:\\\/\\\/medinstrus.lt\\\/es\\\/pagina-de-inicio\\\/\"},{\"@type\":\"ListItem\",\"position\":2,\"name\":\"Tienda\",\"item\":\"https:\\\/\\\/medinstrus.lt\\\/es\\\/tienda\\\/\"},{\"@type\":\"ListItem\",\"position\":3,\"name\":\"Escritorio del m\u00e9dico V2\"}]},{\"@type\":\"WebSite\",\"@id\":\"https:\\\/\\\/medinstrus.lt\\\/es\\\/#website\",\"url\":\"https:\\\/\\\/medinstrus.lt\\\/es\\\/\",\"name\":\"https:\\\/\\\/medinstrus.com\\\/\",\"description\":\"Simplicity combined with functionality.\",\"publisher\":{\"@id\":\"https:\\\/\\\/medinstrus.lt\\\/es\\\/#organization\"},\"potentialAction\":[{\"@type\":\"SearchAction\",\"target\":{\"@type\":\"EntryPoint\",\"urlTemplate\":\"https:\\\/\\\/medinstrus.lt\\\/es\\\/?s={search_term_string}\"},\"query-input\":{\"@type\":\"PropertyValueSpecification\",\"valueRequired\":true,\"valueName\":\"search_term_string\"}}],\"inLanguage\":\"es\"},{\"@type\":\"Organization\",\"@id\":\"https:\\\/\\\/medinstrus.lt\\\/es\\\/#organization\",\"name\":\"Medinstrus\",\"url\":\"https:\\\/\\\/medinstrus.lt\\\/es\\\/\",\"logo\":{\"@type\":\"ImageObject\",\"inLanguage\":\"es\",\"@id\":\"https:\\\/\\\/medinstrus.lt\\\/es\\\/#\\\/schema\\\/logo\\\/image\\\/\",\"url\":\"https:\\\/\\\/medinstrus.lt\\\/wp-content\\\/uploads\\\/2025\\\/02\\\/Medinstrus-v1.png\",\"contentUrl\":\"https:\\\/\\\/medinstrus.lt\\\/wp-content\\\/uploads\\\/2025\\\/02\\\/Medinstrus-v1.png\",\"width\":723,\"height\":96,\"caption\":\"Medinstrus\"},\"image\":{\"@id\":\"https:\\\/\\\/medinstrus.lt\\\/es\\\/#\\\/schema\\\/logo\\\/image\\\/\"},\"sameAs\":[\"https:\\\/\\\/www.facebook.com\\\/medinstrus\\\/\",\"https:\\\/\\\/www.instagram.com\\\/Medinstrus\"]}]}<\/script>\n<!-- \/ Yoast SEO Premium plugin. -->","yoast_head_json":{"title":"Escritorio ergon\u00f3mico para m\u00e9dicos V2 - Medinstrus","description":"Mejora tu espacio de trabajo m\u00e9dico con un escritorio de m\u00e9dico ergon\u00f3mico y duradero, con una amplia superficie de trabajo y gesti\u00f3n de cables integrada.","robots":{"index":"index","follow":"follow","max-snippet":"max-snippet:-1","max-image-preview":"max-image-preview:large","max-video-preview":"max-video-preview:-1"},"canonical":"https:\/\/medinstrus.lt\/es\/producto\/escritorio-del-medico-v2\/","og_locale":"es_ES","og_type":"article","og_title":"Escritorio del m\u00e9dico V2","og_description":"Mejora tu espacio de trabajo m\u00e9dico con un escritorio de m\u00e9dico ergon\u00f3mico y duradero, con una amplia superficie de trabajo y gesti\u00f3n de cables integrada.","og_url":"https:\/\/medinstrus.lt\/es\/producto\/escritorio-del-medico-v2\/","og_site_name":"Medinstrus","article_publisher":"https:\/\/www.facebook.com\/medinstrus\/","og_image":[{"width":1080,"height":1350,"url":"https:\/\/medinstrus.lt\/wp-content\/uploads\/2025\/03\/Pagrindine.png","type":"image\/png"}],"twitter_card":"summary_large_image","twitter_misc":{"Tiempo de lectura":"1 minuto"},"schema":{"@context":"https:\/\/schema.org","@graph":[{"@type":"WebPage","@id":"https:\/\/medinstrus.lt\/es\/producto\/escritorio-del-medico-v2\/","url":"https:\/\/medinstrus.lt\/es\/producto\/escritorio-del-medico-v2\/","name":"Escritorio ergon\u00f3mico para m\u00e9dicos V2 - Medinstrus","isPartOf":{"@id":"https:\/\/medinstrus.lt\/es\/#website"},"primaryImageOfPage":{"@id":"https:\/\/medinstrus.lt\/es\/producto\/escritorio-del-medico-v2\/#primaryimage"},"image":{"@id":"https:\/\/medinstrus.lt\/es\/producto\/escritorio-del-medico-v2\/#primaryimage"},"thumbnailUrl":"https:\/\/medinstrus.lt\/wp-content\/uploads\/2025\/03\/Pagrindine.png","datePublished":"2025-03-05T09:35:36+00:00","description":"Mejora tu espacio de trabajo m\u00e9dico con un escritorio de m\u00e9dico ergon\u00f3mico y duradero, con una amplia superficie de trabajo y gesti\u00f3n de cables integrada.","breadcrumb":{"@id":"https:\/\/medinstrus.lt\/es\/producto\/escritorio-del-medico-v2\/#breadcrumb"},"inLanguage":"es","potentialAction":[{"@type":"ReadAction","target":["https:\/\/medinstrus.lt\/es\/producto\/escritorio-del-medico-v2\/"]}]},{"@type":"ImageObject","inLanguage":"es","@id":"https:\/\/medinstrus.lt\/es\/producto\/escritorio-del-medico-v2\/#primaryimage","url":"https:\/\/medinstrus.lt\/wp-content\/uploads\/2025\/03\/Pagrindine.png","contentUrl":"https:\/\/medinstrus.lt\/wp-content\/uploads\/2025\/03\/Pagrindine.png","width":1080,"height":1350,"caption":"A stylish and functional ergonomic doctor's desk with a spacious dual-tone work surface, integrated cable management, and optional storage solutions."},{"@type":"BreadcrumbList","@id":"https:\/\/medinstrus.lt\/es\/producto\/escritorio-del-medico-v2\/#breadcrumb","itemListElement":[{"@type":"ListItem","position":1,"name":"Home","item":"https:\/\/medinstrus.lt\/es\/pagina-de-inicio\/"},{"@type":"ListItem","position":2,"name":"Tienda","item":"https:\/\/medinstrus.lt\/es\/tienda\/"},{"@type":"ListItem","position":3,"name":"Escritorio del m\u00e9dico V2"}]},{"@type":"WebSite","@id":"https:\/\/medinstrus.lt\/es\/#website","url":"https:\/\/medinstrus.lt\/es\/","name":"https:\/\/medinstrus.com\/","description":"Simplicity combined with functionality.","publisher":{"@id":"https:\/\/medinstrus.lt\/es\/#organization"},"potentialAction":[{"@type":"SearchAction","target":{"@type":"EntryPoint","urlTemplate":"https:\/\/medinstrus.lt\/es\/?s={search_term_string}"},"query-input":{"@type":"PropertyValueSpecification","valueRequired":true,"valueName":"search_term_string"}}],"inLanguage":"es"},{"@type":"Organization","@id":"https:\/\/medinstrus.lt\/es\/#organization","name":"Medinstrus","url":"https:\/\/medinstrus.lt\/es\/","logo":{"@type":"ImageObject","inLanguage":"es","@id":"https:\/\/medinstrus.lt\/es\/#\/schema\/logo\/image\/","url":"https:\/\/medinstrus.lt\/wp-content\/uploads\/2025\/02\/Medinstrus-v1.png","contentUrl":"https:\/\/medinstrus.lt\/wp-content\/uploads\/2025\/02\/Medinstrus-v1.png","width":723,"height":96,"caption":"Medinstrus"},"image":{"@id":"https:\/\/medinstrus.lt\/es\/#\/schema\/logo\/image\/"},"sameAs":["https:\/\/www.facebook.com\/medinstrus\/","https:\/\/www.instagram.com\/Medinstrus"]}]}},"_links":{"self":[{"href":"https:\/\/medinstrus.lt\/es\/wp-json\/wp\/v2\/product\/3426","targetHints":{"allow":["GET"]}}],"collection":[{"href":"https:\/\/medinstrus.lt\/es\/wp-json\/wp\/v2\/product"}],"about":[{"href":"https:\/\/medinstrus.lt\/es\/wp-json\/wp\/v2\/types\/product"}],"replies":[{"embeddable":true,"href":"https:\/\/medinstrus.lt\/es\/wp-json\/wp\/v2\/comments?post=3426"}],"wp:featuredmedia":[{"embeddable":true,"href":"https:\/\/medinstrus.lt\/es\/wp-json\/wp\/v2\/media\/3059"}],"wp:attachment":[{"href":"https:\/\/medinstrus.lt\/es\/wp-json\/wp\/v2\/media?parent=3426"}],"wp:term":[{"taxonomy":"product_brand","embeddable":true,"href":"https:\/\/medinstrus.lt\/es\/wp-json\/wp\/v2\/product_brand?post=3426"},{"taxonomy":"product_cat","embeddable":true,"href":"https:\/\/medinstrus.lt\/es\/wp-json\/wp\/v2\/product_cat?post=3426"},{"taxonomy":"product_tag","embeddable":true,"href":"https:\/\/medinstrus.lt\/es\/wp-json\/wp\/v2\/product_tag?post=3426"}],"curies":[{"name":"wp","href":"https:\/\/api.w.org\/{rel}","templated":true}]}}