{"id":3401,"date":"2024-07-13T14:19:07","date_gmt":"2024-07-13T11:19:07","guid":{"rendered":"https:\/\/medinstrus.lt\/product\/anillo-de-montaje-de-altura-regulable-para-brazo-de-foroptero-contrapesado\/"},"modified":"2024-07-13T14:19:07","modified_gmt":"2024-07-13T11:19:07","slug":"anillo-de-montaje-de-altura-regulable-para-brazo-de-foroptero-contrapesado","status":"publish","type":"product","link":"https:\/\/medinstrus.lt\/es\/producto\/anillo-de-montaje-de-altura-regulable-para-brazo-de-foroptero-contrapesado\/","title":{"rendered":"Anillo de montaje de altura regulable para brazo de for\u00f3ptero contrapesado"},"content":{"rendered":"<p><strong>Caracter\u00edsticas principales:<\/strong><\/p>\n<ul>\n<li><strong>Altura ajustable:<\/strong> Permite ajustar la altura del brazo del for\u00f3ptero de forma f\u00e1cil y precisa, garantizando un posicionamiento \u00f3ptimo para distintas alturas de pacientes y necesidades de examen;<\/li>\n<li><strong>Fijaci\u00f3n segura:<\/strong> Proporciona una conexi\u00f3n estable y segura, evitando cualquier movimiento no deseado del brazo del for\u00f3ptero durante su uso;<\/li>\n<li><strong>F\u00e1cil instalaci\u00f3n:<\/strong> Dise\u00f1ado para una instalaci\u00f3n r\u00e1pida y sencilla en el poste, minimizando el tiempo de instalaci\u00f3n y mejorando la eficacia;<\/li>\n<li><strong>Dise\u00f1o compacto:<\/strong> Su tama\u00f1o compacto garantiza que se integre perfectamente en la configuraci\u00f3n existente sin a\u00f1adir volumen innecesario.<\/li>\n<\/ul>\n<p><strong>Especificaciones:<\/strong><\/p>\n<ul>\n<li><strong>Material:<\/strong> Metal duradero de alta calidad<\/li>\n<li><strong>Compatibilidad:<\/strong> Dise\u00f1ado espec\u00edficamente para su uso con brazos de for\u00f3ptero contrapesados.<\/li>\n<\/ul>\n","protected":false},"excerpt":{"rendered":"<p>El anillo de montaje de altura regulable es un accesorio esencial dise\u00f1ado para asegurar y estabilizar el brazo del for\u00f3ptero contrapesado en un poste, permitiendo ajustes precisos de la altura. Este anillo de montaje garantiza que el brazo del for\u00f3ptero permanezca firmemente en su sitio, optimizando la configuraci\u00f3n para realizar exploraciones precisas y c\u00f3modas a los pacientes. <\/p>\n","protected":false},"featured_media":2979,"comment_status":"closed","ping_status":"closed","template":"","meta":{"_acf_changed":false},"product_brand":[],"product_cat":[286],"product_tag":[],"class_list":{"0":"post-3401","1":"product","2":"type-product","3":"status-publish","4":"has-post-thumbnail","6":"product_cat-accesorios","8":"first","9":"instock","10":"shipping-taxable","11":"product-type-simple"},"acf":[],"gallery_images":[],"yoast_head":"<!-- This site is optimized with the Yoast SEO Premium plugin v27.4 (Yoast SEO v27.4) - https:\/\/yoast.com\/product\/yoast-seo-premium-wordpress\/ -->\n<title>Anillo de montaje de altura regulable para brazo de for\u00f3ptero contrapesado - Medinstrus<\/title>\n<meta name=\"robots\" content=\"index, follow, max-snippet:-1, max-image-preview:large, max-video-preview:-1\" \/>\n<link rel=\"canonical\" href=\"https:\/\/medinstrus.lt\/es\/producto\/anillo-de-montaje-de-altura-regulable-para-brazo-de-foroptero-contrapesado\/\" \/>\n<meta property=\"og:locale\" content=\"es_ES\" \/>\n<meta property=\"og:type\" content=\"article\" \/>\n<meta property=\"og:title\" content=\"Anillo de montaje de altura regulable para brazo de for\u00f3ptero contrapesado\" \/>\n<meta property=\"og:description\" content=\"El anillo de montaje de altura regulable es un accesorio esencial dise\u00f1ado para asegurar y estabilizar el brazo del for\u00f3ptero contrapesado en un poste, permitiendo ajustes precisos de la altura. Este anillo de montaje garantiza que el brazo del for\u00f3ptero permanezca firmemente en su sitio, optimizando la configuraci\u00f3n para realizar exploraciones precisas y c\u00f3modas a los pacientes.\" \/>\n<meta property=\"og:url\" content=\"https:\/\/medinstrus.lt\/es\/producto\/anillo-de-montaje-de-altura-regulable-para-brazo-de-foroptero-contrapesado\/\" \/>\n<meta property=\"og:site_name\" content=\"Medinstrus\" \/>\n<meta property=\"article:publisher\" content=\"https:\/\/www.facebook.com\/medinstrus\/\" \/>\n<meta property=\"og:image\" content=\"https:\/\/medinstrus.lt\/wp-content\/uploads\/2024\/07\/Adjustable-height-mounting-ring-for-counterbalanced-phoropter-arm.png\" \/>\n\t<meta property=\"og:image:width\" content=\"1080\" \/>\n\t<meta property=\"og:image:height\" content=\"1350\" \/>\n\t<meta property=\"og:image:type\" content=\"image\/png\" \/>\n<meta name=\"twitter:card\" content=\"summary_large_image\" \/>\n<meta name=\"twitter:label1\" content=\"Tiempo de lectura\" \/>\n\t<meta name=\"twitter:data1\" content=\"1 minuto\" \/>\n<script type=\"application\/ld+json\" class=\"yoast-schema-graph\">{\"@context\":\"https:\\\/\\\/schema.org\",\"@graph\":[{\"@type\":\"WebPage\",\"@id\":\"https:\\\/\\\/medinstrus.lt\\\/es\\\/producto\\\/anillo-de-montaje-de-altura-regulable-para-brazo-de-foroptero-contrapesado\\\/\",\"url\":\"https:\\\/\\\/medinstrus.lt\\\/es\\\/producto\\\/anillo-de-montaje-de-altura-regulable-para-brazo-de-foroptero-contrapesado\\\/\",\"name\":\"Anillo de montaje de altura regulable para brazo de for\u00f3ptero contrapesado - Medinstrus\",\"isPartOf\":{\"@id\":\"https:\\\/\\\/medinstrus.lt\\\/es\\\/#website\"},\"primaryImageOfPage\":{\"@id\":\"https:\\\/\\\/medinstrus.lt\\\/es\\\/producto\\\/anillo-de-montaje-de-altura-regulable-para-brazo-de-foroptero-contrapesado\\\/#primaryimage\"},\"image\":{\"@id\":\"https:\\\/\\\/medinstrus.lt\\\/es\\\/producto\\\/anillo-de-montaje-de-altura-regulable-para-brazo-de-foroptero-contrapesado\\\/#primaryimage\"},\"thumbnailUrl\":\"https:\\\/\\\/medinstrus.lt\\\/wp-content\\\/uploads\\\/2024\\\/07\\\/Adjustable-height-mounting-ring-for-counterbalanced-phoropter-arm.png\",\"datePublished\":\"2024-07-13T11:19:07+00:00\",\"breadcrumb\":{\"@id\":\"https:\\\/\\\/medinstrus.lt\\\/es\\\/producto\\\/anillo-de-montaje-de-altura-regulable-para-brazo-de-foroptero-contrapesado\\\/#breadcrumb\"},\"inLanguage\":\"es\",\"potentialAction\":[{\"@type\":\"ReadAction\",\"target\":[\"https:\\\/\\\/medinstrus.lt\\\/es\\\/producto\\\/anillo-de-montaje-de-altura-regulable-para-brazo-de-foroptero-contrapesado\\\/\"]}]},{\"@type\":\"ImageObject\",\"inLanguage\":\"es\",\"@id\":\"https:\\\/\\\/medinstrus.lt\\\/es\\\/producto\\\/anillo-de-montaje-de-altura-regulable-para-brazo-de-foroptero-contrapesado\\\/#primaryimage\",\"url\":\"https:\\\/\\\/medinstrus.lt\\\/wp-content\\\/uploads\\\/2024\\\/07\\\/Adjustable-height-mounting-ring-for-counterbalanced-phoropter-arm.png\",\"contentUrl\":\"https:\\\/\\\/medinstrus.lt\\\/wp-content\\\/uploads\\\/2024\\\/07\\\/Adjustable-height-mounting-ring-for-counterbalanced-phoropter-arm.png\",\"width\":1080,\"height\":1350},{\"@type\":\"BreadcrumbList\",\"@id\":\"https:\\\/\\\/medinstrus.lt\\\/es\\\/producto\\\/anillo-de-montaje-de-altura-regulable-para-brazo-de-foroptero-contrapesado\\\/#breadcrumb\",\"itemListElement\":[{\"@type\":\"ListItem\",\"position\":1,\"name\":\"Home\",\"item\":\"https:\\\/\\\/medinstrus.lt\\\/es\\\/pagina-de-inicio\\\/\"},{\"@type\":\"ListItem\",\"position\":2,\"name\":\"Tienda\",\"item\":\"https:\\\/\\\/medinstrus.lt\\\/es\\\/tienda\\\/\"},{\"@type\":\"ListItem\",\"position\":3,\"name\":\"Anillo de montaje de altura regulable para brazo de for\u00f3ptero contrapesado\"}]},{\"@type\":\"WebSite\",\"@id\":\"https:\\\/\\\/medinstrus.lt\\\/es\\\/#website\",\"url\":\"https:\\\/\\\/medinstrus.lt\\\/es\\\/\",\"name\":\"https:\\\/\\\/medinstrus.com\\\/\",\"description\":\"Simplicity combined with functionality.\",\"publisher\":{\"@id\":\"https:\\\/\\\/medinstrus.lt\\\/es\\\/#organization\"},\"potentialAction\":[{\"@type\":\"SearchAction\",\"target\":{\"@type\":\"EntryPoint\",\"urlTemplate\":\"https:\\\/\\\/medinstrus.lt\\\/es\\\/?s={search_term_string}\"},\"query-input\":{\"@type\":\"PropertyValueSpecification\",\"valueRequired\":true,\"valueName\":\"search_term_string\"}}],\"inLanguage\":\"es\"},{\"@type\":\"Organization\",\"@id\":\"https:\\\/\\\/medinstrus.lt\\\/es\\\/#organization\",\"name\":\"Medinstrus\",\"url\":\"https:\\\/\\\/medinstrus.lt\\\/es\\\/\",\"logo\":{\"@type\":\"ImageObject\",\"inLanguage\":\"es\",\"@id\":\"https:\\\/\\\/medinstrus.lt\\\/es\\\/#\\\/schema\\\/logo\\\/image\\\/\",\"url\":\"https:\\\/\\\/medinstrus.lt\\\/wp-content\\\/uploads\\\/2025\\\/02\\\/Medinstrus-v1.png\",\"contentUrl\":\"https:\\\/\\\/medinstrus.lt\\\/wp-content\\\/uploads\\\/2025\\\/02\\\/Medinstrus-v1.png\",\"width\":723,\"height\":96,\"caption\":\"Medinstrus\"},\"image\":{\"@id\":\"https:\\\/\\\/medinstrus.lt\\\/es\\\/#\\\/schema\\\/logo\\\/image\\\/\"},\"sameAs\":[\"https:\\\/\\\/www.facebook.com\\\/medinstrus\\\/\",\"https:\\\/\\\/www.instagram.com\\\/Medinstrus\"]}]}<\/script>\n<!-- \/ Yoast SEO Premium plugin. -->","yoast_head_json":{"title":"Anillo de montaje de altura regulable para brazo de for\u00f3ptero contrapesado - Medinstrus","robots":{"index":"index","follow":"follow","max-snippet":"max-snippet:-1","max-image-preview":"max-image-preview:large","max-video-preview":"max-video-preview:-1"},"canonical":"https:\/\/medinstrus.lt\/es\/producto\/anillo-de-montaje-de-altura-regulable-para-brazo-de-foroptero-contrapesado\/","og_locale":"es_ES","og_type":"article","og_title":"Anillo de montaje de altura regulable para brazo de for\u00f3ptero contrapesado","og_description":"El anillo de montaje de altura regulable es un accesorio esencial dise\u00f1ado para asegurar y estabilizar el brazo del for\u00f3ptero contrapesado en un poste, permitiendo ajustes precisos de la altura. Este anillo de montaje garantiza que el brazo del for\u00f3ptero permanezca firmemente en su sitio, optimizando la configuraci\u00f3n para realizar exploraciones precisas y c\u00f3modas a los pacientes.","og_url":"https:\/\/medinstrus.lt\/es\/producto\/anillo-de-montaje-de-altura-regulable-para-brazo-de-foroptero-contrapesado\/","og_site_name":"Medinstrus","article_publisher":"https:\/\/www.facebook.com\/medinstrus\/","og_image":[{"width":1080,"height":1350,"url":"https:\/\/medinstrus.lt\/wp-content\/uploads\/2024\/07\/Adjustable-height-mounting-ring-for-counterbalanced-phoropter-arm.png","type":"image\/png"}],"twitter_card":"summary_large_image","twitter_misc":{"Tiempo de lectura":"1 minuto"},"schema":{"@context":"https:\/\/schema.org","@graph":[{"@type":"WebPage","@id":"https:\/\/medinstrus.lt\/es\/producto\/anillo-de-montaje-de-altura-regulable-para-brazo-de-foroptero-contrapesado\/","url":"https:\/\/medinstrus.lt\/es\/producto\/anillo-de-montaje-de-altura-regulable-para-brazo-de-foroptero-contrapesado\/","name":"Anillo de montaje de altura regulable para brazo de for\u00f3ptero contrapesado - Medinstrus","isPartOf":{"@id":"https:\/\/medinstrus.lt\/es\/#website"},"primaryImageOfPage":{"@id":"https:\/\/medinstrus.lt\/es\/producto\/anillo-de-montaje-de-altura-regulable-para-brazo-de-foroptero-contrapesado\/#primaryimage"},"image":{"@id":"https:\/\/medinstrus.lt\/es\/producto\/anillo-de-montaje-de-altura-regulable-para-brazo-de-foroptero-contrapesado\/#primaryimage"},"thumbnailUrl":"https:\/\/medinstrus.lt\/wp-content\/uploads\/2024\/07\/Adjustable-height-mounting-ring-for-counterbalanced-phoropter-arm.png","datePublished":"2024-07-13T11:19:07+00:00","breadcrumb":{"@id":"https:\/\/medinstrus.lt\/es\/producto\/anillo-de-montaje-de-altura-regulable-para-brazo-de-foroptero-contrapesado\/#breadcrumb"},"inLanguage":"es","potentialAction":[{"@type":"ReadAction","target":["https:\/\/medinstrus.lt\/es\/producto\/anillo-de-montaje-de-altura-regulable-para-brazo-de-foroptero-contrapesado\/"]}]},{"@type":"ImageObject","inLanguage":"es","@id":"https:\/\/medinstrus.lt\/es\/producto\/anillo-de-montaje-de-altura-regulable-para-brazo-de-foroptero-contrapesado\/#primaryimage","url":"https:\/\/medinstrus.lt\/wp-content\/uploads\/2024\/07\/Adjustable-height-mounting-ring-for-counterbalanced-phoropter-arm.png","contentUrl":"https:\/\/medinstrus.lt\/wp-content\/uploads\/2024\/07\/Adjustable-height-mounting-ring-for-counterbalanced-phoropter-arm.png","width":1080,"height":1350},{"@type":"BreadcrumbList","@id":"https:\/\/medinstrus.lt\/es\/producto\/anillo-de-montaje-de-altura-regulable-para-brazo-de-foroptero-contrapesado\/#breadcrumb","itemListElement":[{"@type":"ListItem","position":1,"name":"Home","item":"https:\/\/medinstrus.lt\/es\/pagina-de-inicio\/"},{"@type":"ListItem","position":2,"name":"Tienda","item":"https:\/\/medinstrus.lt\/es\/tienda\/"},{"@type":"ListItem","position":3,"name":"Anillo de montaje de altura regulable para brazo de for\u00f3ptero contrapesado"}]},{"@type":"WebSite","@id":"https:\/\/medinstrus.lt\/es\/#website","url":"https:\/\/medinstrus.lt\/es\/","name":"https:\/\/medinstrus.com\/","description":"Simplicity combined with functionality.","publisher":{"@id":"https:\/\/medinstrus.lt\/es\/#organization"},"potentialAction":[{"@type":"SearchAction","target":{"@type":"EntryPoint","urlTemplate":"https:\/\/medinstrus.lt\/es\/?s={search_term_string}"},"query-input":{"@type":"PropertyValueSpecification","valueRequired":true,"valueName":"search_term_string"}}],"inLanguage":"es"},{"@type":"Organization","@id":"https:\/\/medinstrus.lt\/es\/#organization","name":"Medinstrus","url":"https:\/\/medinstrus.lt\/es\/","logo":{"@type":"ImageObject","inLanguage":"es","@id":"https:\/\/medinstrus.lt\/es\/#\/schema\/logo\/image\/","url":"https:\/\/medinstrus.lt\/wp-content\/uploads\/2025\/02\/Medinstrus-v1.png","contentUrl":"https:\/\/medinstrus.lt\/wp-content\/uploads\/2025\/02\/Medinstrus-v1.png","width":723,"height":96,"caption":"Medinstrus"},"image":{"@id":"https:\/\/medinstrus.lt\/es\/#\/schema\/logo\/image\/"},"sameAs":["https:\/\/www.facebook.com\/medinstrus\/","https:\/\/www.instagram.com\/Medinstrus"]}]}},"_links":{"self":[{"href":"https:\/\/medinstrus.lt\/es\/wp-json\/wp\/v2\/product\/3401","targetHints":{"allow":["GET"]}}],"collection":[{"href":"https:\/\/medinstrus.lt\/es\/wp-json\/wp\/v2\/product"}],"about":[{"href":"https:\/\/medinstrus.lt\/es\/wp-json\/wp\/v2\/types\/product"}],"replies":[{"embeddable":true,"href":"https:\/\/medinstrus.lt\/es\/wp-json\/wp\/v2\/comments?post=3401"}],"wp:featuredmedia":[{"embeddable":true,"href":"https:\/\/medinstrus.lt\/es\/wp-json\/wp\/v2\/media\/2979"}],"wp:attachment":[{"href":"https:\/\/medinstrus.lt\/es\/wp-json\/wp\/v2\/media?parent=3401"}],"wp:term":[{"taxonomy":"product_brand","embeddable":true,"href":"https:\/\/medinstrus.lt\/es\/wp-json\/wp\/v2\/product_brand?post=3401"},{"taxonomy":"product_cat","embeddable":true,"href":"https:\/\/medinstrus.lt\/es\/wp-json\/wp\/v2\/product_cat?post=3401"},{"taxonomy":"product_tag","embeddable":true,"href":"https:\/\/medinstrus.lt\/es\/wp-json\/wp\/v2\/product_tag?post=3401"}],"curies":[{"name":"wp","href":"https:\/\/api.w.org\/{rel}","templated":true}]}}