{"id":3397,"date":"2024-07-13T14:14:55","date_gmt":"2024-07-13T11:14:55","guid":{"rendered":"https:\/\/medinstrus.lt\/product\/caja-de-conexiones-del-controlador-local-de-la-luz-ambiente\/"},"modified":"2024-07-13T14:14:55","modified_gmt":"2024-07-13T11:14:55","slug":"caja-de-conexiones-del-controlador-local-de-la-luz-ambiente","status":"publish","type":"product","link":"https:\/\/medinstrus.lt\/es\/producto\/caja-de-conexiones-del-controlador-local-de-la-luz-ambiente\/","title":{"rendered":"Caja de conexiones del controlador local de la luz ambiente"},"content":{"rendered":"<p><strong>Caracter\u00edsticas principales:<\/strong><\/p>\n<ul>\n<li><strong>Control centralizado:<\/strong> Proporciona un punto de conexi\u00f3n central para gestionar la iluminaci\u00f3n de la sala, mejorando el control y la eficiencia;<\/li>\n<li><strong>F\u00e1cil integraci\u00f3n:<\/strong> Dise\u00f1ado para integrarse f\u00e1cilmente en los sistemas de iluminaci\u00f3n existentes, simplificando la instalaci\u00f3n y el funcionamiento;<\/li>\n<li><strong>Construcci\u00f3n duradera:<\/strong> Fabricada con materiales de alta calidad para garantizar fiabilidad y longevidad en entornos cl\u00ednicos exigentes;<\/li>\n<li><strong>Dise\u00f1o compacto:<\/strong> Su tama\u00f1o compacto permite una colocaci\u00f3n flexible y una f\u00e1cil incorporaci\u00f3n a diversos montajes cl\u00ednicos;<\/li>\n<li><strong>Mayor seguridad:<\/strong> Construido con caracter\u00edsticas de seguridad para garantizar conexiones seguras y fiables, minimizando el riesgo de problemas el\u00e9ctricos.<\/li>\n<\/ul>\n<p><strong>Especificaciones:<\/strong><\/p>\n<ul>\n<li><strong>Material:<\/strong> Pl\u00e1stico duradero de alta calidad<\/li>\n<li><strong>Conectividad:<\/strong> DALI o Hal\u00f3gena<\/li>\n<\/ul>\n<p>Mejora la eficacia y el control de tu iluminaci\u00f3n cl\u00ednica con la caja de conexiones del controlador de luz de sala Local, una herramienta fiable y esencial para las consultas oftalmol\u00f3gicas modernas.<\/p>\n","protected":false},"excerpt":{"rendered":"<p>La caja de conexiones del controlador local de luz ambiental es un componente vital para gestionar la iluminaci\u00f3n ambiental en entornos cl\u00ednicos. Esta caja de conexiones facilita el control y la integraci\u00f3n sin fisuras de los sistemas de iluminaci\u00f3n, garantizando una iluminaci\u00f3n \u00f3ptima para los distintos procedimientos cl\u00ednicos. <\/p>\n","protected":false},"featured_media":3015,"comment_status":"closed","ping_status":"closed","template":"","meta":{"_acf_changed":false},"product_brand":[],"product_cat":[286],"product_tag":[],"class_list":{"0":"post-3397","1":"product","2":"type-product","3":"status-publish","4":"has-post-thumbnail","6":"product_cat-accesorios","8":"first","9":"instock","10":"shipping-taxable","11":"product-type-simple"},"acf":[],"gallery_images":[],"yoast_head":"<!-- This site is optimized with the Yoast SEO Premium plugin v27.1 (Yoast SEO v27.3) - https:\/\/yoast.com\/product\/yoast-seo-premium-wordpress\/ -->\n<title>Caja de conexiones del controlador local de la luz ambiente - Medinstrus<\/title>\n<meta name=\"robots\" content=\"index, follow, max-snippet:-1, max-image-preview:large, max-video-preview:-1\" \/>\n<link rel=\"canonical\" href=\"https:\/\/medinstrus.lt\/es\/producto\/caja-de-conexiones-del-controlador-local-de-la-luz-ambiente\/\" \/>\n<meta property=\"og:locale\" content=\"es_ES\" \/>\n<meta property=\"og:type\" content=\"article\" \/>\n<meta property=\"og:title\" content=\"Caja de conexiones del controlador local de la luz ambiente\" \/>\n<meta property=\"og:description\" content=\"La caja de conexiones del controlador local de luz ambiental es un componente vital para gestionar la iluminaci\u00f3n ambiental en entornos cl\u00ednicos. Esta caja de conexiones facilita el control y la integraci\u00f3n sin fisuras de los sistemas de iluminaci\u00f3n, garantizando una iluminaci\u00f3n \u00f3ptima para los distintos procedimientos cl\u00ednicos.\" \/>\n<meta property=\"og:url\" content=\"https:\/\/medinstrus.lt\/es\/producto\/caja-de-conexiones-del-controlador-local-de-la-luz-ambiente\/\" \/>\n<meta property=\"og:site_name\" content=\"Medinstrus\" \/>\n<meta property=\"article:publisher\" content=\"https:\/\/www.facebook.com\/medinstrus\/\" \/>\n<meta property=\"og:image\" content=\"https:\/\/medinstrus.lt\/wp-content\/uploads\/2024\/07\/Local-Room-Light-controller-connection-box1.jpg.png\" \/>\n\t<meta property=\"og:image:width\" content=\"1080\" \/>\n\t<meta property=\"og:image:height\" content=\"1350\" \/>\n\t<meta property=\"og:image:type\" content=\"image\/png\" \/>\n<meta name=\"twitter:card\" content=\"summary_large_image\" \/>\n<meta name=\"twitter:label1\" content=\"Tiempo de lectura\" \/>\n\t<meta name=\"twitter:data1\" content=\"1 minuto\" \/>\n<script type=\"application\/ld+json\" class=\"yoast-schema-graph\">{\"@context\":\"https:\\\/\\\/schema.org\",\"@graph\":[{\"@type\":\"WebPage\",\"@id\":\"https:\\\/\\\/medinstrus.lt\\\/es\\\/producto\\\/caja-de-conexiones-del-controlador-local-de-la-luz-ambiente\\\/\",\"url\":\"https:\\\/\\\/medinstrus.lt\\\/es\\\/producto\\\/caja-de-conexiones-del-controlador-local-de-la-luz-ambiente\\\/\",\"name\":\"Caja de conexiones del controlador local de la luz ambiente - Medinstrus\",\"isPartOf\":{\"@id\":\"https:\\\/\\\/medinstrus.lt\\\/es\\\/#website\"},\"primaryImageOfPage\":{\"@id\":\"https:\\\/\\\/medinstrus.lt\\\/es\\\/producto\\\/caja-de-conexiones-del-controlador-local-de-la-luz-ambiente\\\/#primaryimage\"},\"image\":{\"@id\":\"https:\\\/\\\/medinstrus.lt\\\/es\\\/producto\\\/caja-de-conexiones-del-controlador-local-de-la-luz-ambiente\\\/#primaryimage\"},\"thumbnailUrl\":\"https:\\\/\\\/medinstrus.lt\\\/wp-content\\\/uploads\\\/2024\\\/07\\\/Local-Room-Light-controller-connection-box1.jpg.png\",\"datePublished\":\"2024-07-13T11:14:55+00:00\",\"breadcrumb\":{\"@id\":\"https:\\\/\\\/medinstrus.lt\\\/es\\\/producto\\\/caja-de-conexiones-del-controlador-local-de-la-luz-ambiente\\\/#breadcrumb\"},\"inLanguage\":\"es\",\"potentialAction\":[{\"@type\":\"ReadAction\",\"target\":[\"https:\\\/\\\/medinstrus.lt\\\/es\\\/producto\\\/caja-de-conexiones-del-controlador-local-de-la-luz-ambiente\\\/\"]}]},{\"@type\":\"ImageObject\",\"inLanguage\":\"es\",\"@id\":\"https:\\\/\\\/medinstrus.lt\\\/es\\\/producto\\\/caja-de-conexiones-del-controlador-local-de-la-luz-ambiente\\\/#primaryimage\",\"url\":\"https:\\\/\\\/medinstrus.lt\\\/wp-content\\\/uploads\\\/2024\\\/07\\\/Local-Room-Light-controller-connection-box1.jpg.png\",\"contentUrl\":\"https:\\\/\\\/medinstrus.lt\\\/wp-content\\\/uploads\\\/2024\\\/07\\\/Local-Room-Light-controller-connection-box1.jpg.png\",\"width\":1080,\"height\":1350},{\"@type\":\"BreadcrumbList\",\"@id\":\"https:\\\/\\\/medinstrus.lt\\\/es\\\/producto\\\/caja-de-conexiones-del-controlador-local-de-la-luz-ambiente\\\/#breadcrumb\",\"itemListElement\":[{\"@type\":\"ListItem\",\"position\":1,\"name\":\"Home\",\"item\":\"https:\\\/\\\/medinstrus.lt\\\/es\\\/pagina-de-inicio\\\/\"},{\"@type\":\"ListItem\",\"position\":2,\"name\":\"Tienda\",\"item\":\"https:\\\/\\\/medinstrus.lt\\\/es\\\/tienda\\\/\"},{\"@type\":\"ListItem\",\"position\":3,\"name\":\"Caja de conexiones del controlador local de la luz ambiente\"}]},{\"@type\":\"WebSite\",\"@id\":\"https:\\\/\\\/medinstrus.lt\\\/es\\\/#website\",\"url\":\"https:\\\/\\\/medinstrus.lt\\\/es\\\/\",\"name\":\"https:\\\/\\\/medinstrus.com\\\/\",\"description\":\"Simplicity combined with functionality.\",\"publisher\":{\"@id\":\"https:\\\/\\\/medinstrus.lt\\\/es\\\/#organization\"},\"potentialAction\":[{\"@type\":\"SearchAction\",\"target\":{\"@type\":\"EntryPoint\",\"urlTemplate\":\"https:\\\/\\\/medinstrus.lt\\\/es\\\/?s={search_term_string}\"},\"query-input\":{\"@type\":\"PropertyValueSpecification\",\"valueRequired\":true,\"valueName\":\"search_term_string\"}}],\"inLanguage\":\"es\"},{\"@type\":\"Organization\",\"@id\":\"https:\\\/\\\/medinstrus.lt\\\/es\\\/#organization\",\"name\":\"Medinstrus\",\"url\":\"https:\\\/\\\/medinstrus.lt\\\/es\\\/\",\"logo\":{\"@type\":\"ImageObject\",\"inLanguage\":\"es\",\"@id\":\"https:\\\/\\\/medinstrus.lt\\\/es\\\/#\\\/schema\\\/logo\\\/image\\\/\",\"url\":\"https:\\\/\\\/medinstrus.lt\\\/wp-content\\\/uploads\\\/2025\\\/02\\\/Medinstrus-v1.png\",\"contentUrl\":\"https:\\\/\\\/medinstrus.lt\\\/wp-content\\\/uploads\\\/2025\\\/02\\\/Medinstrus-v1.png\",\"width\":723,\"height\":96,\"caption\":\"Medinstrus\"},\"image\":{\"@id\":\"https:\\\/\\\/medinstrus.lt\\\/es\\\/#\\\/schema\\\/logo\\\/image\\\/\"},\"sameAs\":[\"https:\\\/\\\/www.facebook.com\\\/medinstrus\\\/\",\"https:\\\/\\\/www.instagram.com\\\/Medinstrus\"]}]}<\/script>\n<!-- \/ Yoast SEO Premium plugin. -->","yoast_head_json":{"title":"Caja de conexiones del controlador local de la luz ambiente - Medinstrus","robots":{"index":"index","follow":"follow","max-snippet":"max-snippet:-1","max-image-preview":"max-image-preview:large","max-video-preview":"max-video-preview:-1"},"canonical":"https:\/\/medinstrus.lt\/es\/producto\/caja-de-conexiones-del-controlador-local-de-la-luz-ambiente\/","og_locale":"es_ES","og_type":"article","og_title":"Caja de conexiones del controlador local de la luz ambiente","og_description":"La caja de conexiones del controlador local de luz ambiental es un componente vital para gestionar la iluminaci\u00f3n ambiental en entornos cl\u00ednicos. Esta caja de conexiones facilita el control y la integraci\u00f3n sin fisuras de los sistemas de iluminaci\u00f3n, garantizando una iluminaci\u00f3n \u00f3ptima para los distintos procedimientos cl\u00ednicos.","og_url":"https:\/\/medinstrus.lt\/es\/producto\/caja-de-conexiones-del-controlador-local-de-la-luz-ambiente\/","og_site_name":"Medinstrus","article_publisher":"https:\/\/www.facebook.com\/medinstrus\/","og_image":[{"width":1080,"height":1350,"url":"https:\/\/medinstrus.lt\/wp-content\/uploads\/2024\/07\/Local-Room-Light-controller-connection-box1.jpg.png","type":"image\/png"}],"twitter_card":"summary_large_image","twitter_misc":{"Tiempo de lectura":"1 minuto"},"schema":{"@context":"https:\/\/schema.org","@graph":[{"@type":"WebPage","@id":"https:\/\/medinstrus.lt\/es\/producto\/caja-de-conexiones-del-controlador-local-de-la-luz-ambiente\/","url":"https:\/\/medinstrus.lt\/es\/producto\/caja-de-conexiones-del-controlador-local-de-la-luz-ambiente\/","name":"Caja de conexiones del controlador local de la luz ambiente - Medinstrus","isPartOf":{"@id":"https:\/\/medinstrus.lt\/es\/#website"},"primaryImageOfPage":{"@id":"https:\/\/medinstrus.lt\/es\/producto\/caja-de-conexiones-del-controlador-local-de-la-luz-ambiente\/#primaryimage"},"image":{"@id":"https:\/\/medinstrus.lt\/es\/producto\/caja-de-conexiones-del-controlador-local-de-la-luz-ambiente\/#primaryimage"},"thumbnailUrl":"https:\/\/medinstrus.lt\/wp-content\/uploads\/2024\/07\/Local-Room-Light-controller-connection-box1.jpg.png","datePublished":"2024-07-13T11:14:55+00:00","breadcrumb":{"@id":"https:\/\/medinstrus.lt\/es\/producto\/caja-de-conexiones-del-controlador-local-de-la-luz-ambiente\/#breadcrumb"},"inLanguage":"es","potentialAction":[{"@type":"ReadAction","target":["https:\/\/medinstrus.lt\/es\/producto\/caja-de-conexiones-del-controlador-local-de-la-luz-ambiente\/"]}]},{"@type":"ImageObject","inLanguage":"es","@id":"https:\/\/medinstrus.lt\/es\/producto\/caja-de-conexiones-del-controlador-local-de-la-luz-ambiente\/#primaryimage","url":"https:\/\/medinstrus.lt\/wp-content\/uploads\/2024\/07\/Local-Room-Light-controller-connection-box1.jpg.png","contentUrl":"https:\/\/medinstrus.lt\/wp-content\/uploads\/2024\/07\/Local-Room-Light-controller-connection-box1.jpg.png","width":1080,"height":1350},{"@type":"BreadcrumbList","@id":"https:\/\/medinstrus.lt\/es\/producto\/caja-de-conexiones-del-controlador-local-de-la-luz-ambiente\/#breadcrumb","itemListElement":[{"@type":"ListItem","position":1,"name":"Home","item":"https:\/\/medinstrus.lt\/es\/pagina-de-inicio\/"},{"@type":"ListItem","position":2,"name":"Tienda","item":"https:\/\/medinstrus.lt\/es\/tienda\/"},{"@type":"ListItem","position":3,"name":"Caja de conexiones del controlador local de la luz ambiente"}]},{"@type":"WebSite","@id":"https:\/\/medinstrus.lt\/es\/#website","url":"https:\/\/medinstrus.lt\/es\/","name":"https:\/\/medinstrus.com\/","description":"Simplicity combined with functionality.","publisher":{"@id":"https:\/\/medinstrus.lt\/es\/#organization"},"potentialAction":[{"@type":"SearchAction","target":{"@type":"EntryPoint","urlTemplate":"https:\/\/medinstrus.lt\/es\/?s={search_term_string}"},"query-input":{"@type":"PropertyValueSpecification","valueRequired":true,"valueName":"search_term_string"}}],"inLanguage":"es"},{"@type":"Organization","@id":"https:\/\/medinstrus.lt\/es\/#organization","name":"Medinstrus","url":"https:\/\/medinstrus.lt\/es\/","logo":{"@type":"ImageObject","inLanguage":"es","@id":"https:\/\/medinstrus.lt\/es\/#\/schema\/logo\/image\/","url":"https:\/\/medinstrus.lt\/wp-content\/uploads\/2025\/02\/Medinstrus-v1.png","contentUrl":"https:\/\/medinstrus.lt\/wp-content\/uploads\/2025\/02\/Medinstrus-v1.png","width":723,"height":96,"caption":"Medinstrus"},"image":{"@id":"https:\/\/medinstrus.lt\/es\/#\/schema\/logo\/image\/"},"sameAs":["https:\/\/www.facebook.com\/medinstrus\/","https:\/\/www.instagram.com\/Medinstrus"]}]}},"_links":{"self":[{"href":"https:\/\/medinstrus.lt\/es\/wp-json\/wp\/v2\/product\/3397","targetHints":{"allow":["GET"]}}],"collection":[{"href":"https:\/\/medinstrus.lt\/es\/wp-json\/wp\/v2\/product"}],"about":[{"href":"https:\/\/medinstrus.lt\/es\/wp-json\/wp\/v2\/types\/product"}],"replies":[{"embeddable":true,"href":"https:\/\/medinstrus.lt\/es\/wp-json\/wp\/v2\/comments?post=3397"}],"wp:featuredmedia":[{"embeddable":true,"href":"https:\/\/medinstrus.lt\/es\/wp-json\/wp\/v2\/media\/3015"}],"wp:attachment":[{"href":"https:\/\/medinstrus.lt\/es\/wp-json\/wp\/v2\/media?parent=3397"}],"wp:term":[{"taxonomy":"product_brand","embeddable":true,"href":"https:\/\/medinstrus.lt\/es\/wp-json\/wp\/v2\/product_brand?post=3397"},{"taxonomy":"product_cat","embeddable":true,"href":"https:\/\/medinstrus.lt\/es\/wp-json\/wp\/v2\/product_cat?post=3397"},{"taxonomy":"product_tag","embeddable":true,"href":"https:\/\/medinstrus.lt\/es\/wp-json\/wp\/v2\/product_tag?post=3397"}],"curies":[{"name":"wp","href":"https:\/\/api.w.org\/{rel}","templated":true}]}}