{"id":3390,"date":"2024-07-13T14:05:38","date_gmt":"2024-07-13T11:05:38","guid":{"rendered":"https:\/\/medinstrus.lt\/product\/hsa-adaptador-de-fijacion-para-mentonera-especial-hs\/"},"modified":"2024-07-13T14:05:38","modified_gmt":"2024-07-13T11:05:38","slug":"hsa-adaptador-de-fijacion-para-mentonera-especial-hs","status":"publish","type":"product","link":"https:\/\/medinstrus.lt\/es\/producto\/hsa-adaptador-de-fijacion-para-mentonera-especial-hs\/","title":{"rendered":"HSA &#8211; Adaptador de fijaci\u00f3n para mentonera especial HS"},"content":{"rendered":"<p><strong>Caracter\u00edsticas principales:<\/strong><\/p>\n<ul>\n<li><strong>Dise\u00f1o especializado:<\/strong> Dise\u00f1ado espec\u00edficamente para adaptarse a las mentoneras especiales HS, proporcionando una conexi\u00f3n segura y estable;<\/li>\n<li><strong>Fijaci\u00f3n fiable:<\/strong> Mejora la estabilidad de la mentonera, garantizando una colocaci\u00f3n precisa y exacta del paciente;<\/li>\n<li><strong>F\u00e1cil instalaci\u00f3n:<\/strong> Permite una instalaci\u00f3n r\u00e1pida y sencilla, reduciendo el tiempo de preparaci\u00f3n y mejorando la eficacia;<\/li>\n<li><strong>Rendimiento optimizado:<\/strong> Garantiza que la mentonera permanezca firmemente en su sitio, mejorando la precisi\u00f3n y fiabilidad de los ex\u00e1menes oftalmol\u00f3gicos.<\/li>\n<\/ul>\n<p><strong>Especificaciones:<\/strong><\/p>\n<ul>\n<li><strong>Material:<\/strong> Metal duradero de alta calidad<\/li>\n<\/ul>\n","protected":false},"excerpt":{"rendered":"<p>El adaptador de fijaci\u00f3n HSA para mentonera HS especial es un componente especializado dise\u00f1ado para fijar y estabilizar los sistemas de mentonera HS. Este adaptador garantiza una conexi\u00f3n firme y fiable, optimizando el rendimiento y la precisi\u00f3n de los ex\u00e1menes oftalmol\u00f3gicos. <\/p>\n","protected":false},"featured_media":3007,"comment_status":"closed","ping_status":"closed","template":"","meta":{"_acf_changed":false},"product_brand":[],"product_cat":[286],"product_tag":[],"class_list":{"0":"post-3390","1":"product","2":"type-product","3":"status-publish","4":"has-post-thumbnail","6":"product_cat-accesorios","8":"first","9":"instock","10":"shipping-taxable","11":"product-type-simple"},"acf":[],"gallery_images":[],"yoast_head":"<!-- This site is optimized with the Yoast SEO Premium plugin v27.4 (Yoast SEO v27.4) - https:\/\/yoast.com\/product\/yoast-seo-premium-wordpress\/ -->\n<title>HSA - Adaptador de fijaci\u00f3n para mentonera especial HS - Medinstrus<\/title>\n<meta name=\"robots\" content=\"index, follow, max-snippet:-1, max-image-preview:large, max-video-preview:-1\" \/>\n<link rel=\"canonical\" href=\"https:\/\/medinstrus.lt\/es\/producto\/hsa-adaptador-de-fijacion-para-mentonera-especial-hs\/\" \/>\n<meta property=\"og:locale\" content=\"es_ES\" \/>\n<meta property=\"og:type\" content=\"article\" \/>\n<meta property=\"og:title\" content=\"HSA - Adaptador de fijaci\u00f3n para mentonera especial HS\" \/>\n<meta property=\"og:description\" content=\"El adaptador de fijaci\u00f3n HSA para mentonera HS especial es un componente especializado dise\u00f1ado para fijar y estabilizar los sistemas de mentonera HS. Este adaptador garantiza una conexi\u00f3n firme y fiable, optimizando el rendimiento y la precisi\u00f3n de los ex\u00e1menes oftalmol\u00f3gicos.\" \/>\n<meta property=\"og:url\" content=\"https:\/\/medinstrus.lt\/es\/producto\/hsa-adaptador-de-fijacion-para-mentonera-especial-hs\/\" \/>\n<meta property=\"og:site_name\" content=\"Medinstrus\" \/>\n<meta property=\"article:publisher\" content=\"https:\/\/www.facebook.com\/medinstrus\/\" \/>\n<meta property=\"og:image\" content=\"https:\/\/medinstrus.lt\/wp-content\/uploads\/2024\/07\/HSA-Adapter-for-HS-chinrest-set-1.jpg.png\" \/>\n\t<meta property=\"og:image:width\" content=\"1080\" \/>\n\t<meta property=\"og:image:height\" content=\"1350\" \/>\n\t<meta property=\"og:image:type\" content=\"image\/png\" \/>\n<meta name=\"twitter:card\" content=\"summary_large_image\" \/>\n<script type=\"application\/ld+json\" class=\"yoast-schema-graph\">{\"@context\":\"https:\\\/\\\/schema.org\",\"@graph\":[{\"@type\":\"WebPage\",\"@id\":\"https:\\\/\\\/medinstrus.lt\\\/es\\\/producto\\\/hsa-adaptador-de-fijacion-para-mentonera-especial-hs\\\/\",\"url\":\"https:\\\/\\\/medinstrus.lt\\\/es\\\/producto\\\/hsa-adaptador-de-fijacion-para-mentonera-especial-hs\\\/\",\"name\":\"HSA - Adaptador de fijaci\u00f3n para mentonera especial HS - Medinstrus\",\"isPartOf\":{\"@id\":\"https:\\\/\\\/medinstrus.lt\\\/es\\\/#website\"},\"primaryImageOfPage\":{\"@id\":\"https:\\\/\\\/medinstrus.lt\\\/es\\\/producto\\\/hsa-adaptador-de-fijacion-para-mentonera-especial-hs\\\/#primaryimage\"},\"image\":{\"@id\":\"https:\\\/\\\/medinstrus.lt\\\/es\\\/producto\\\/hsa-adaptador-de-fijacion-para-mentonera-especial-hs\\\/#primaryimage\"},\"thumbnailUrl\":\"https:\\\/\\\/medinstrus.lt\\\/wp-content\\\/uploads\\\/2024\\\/07\\\/HSA-Adapter-for-HS-chinrest-set-1.jpg.png\",\"datePublished\":\"2024-07-13T11:05:38+00:00\",\"breadcrumb\":{\"@id\":\"https:\\\/\\\/medinstrus.lt\\\/es\\\/producto\\\/hsa-adaptador-de-fijacion-para-mentonera-especial-hs\\\/#breadcrumb\"},\"inLanguage\":\"es\",\"potentialAction\":[{\"@type\":\"ReadAction\",\"target\":[\"https:\\\/\\\/medinstrus.lt\\\/es\\\/producto\\\/hsa-adaptador-de-fijacion-para-mentonera-especial-hs\\\/\"]}]},{\"@type\":\"ImageObject\",\"inLanguage\":\"es\",\"@id\":\"https:\\\/\\\/medinstrus.lt\\\/es\\\/producto\\\/hsa-adaptador-de-fijacion-para-mentonera-especial-hs\\\/#primaryimage\",\"url\":\"https:\\\/\\\/medinstrus.lt\\\/wp-content\\\/uploads\\\/2024\\\/07\\\/HSA-Adapter-for-HS-chinrest-set-1.jpg.png\",\"contentUrl\":\"https:\\\/\\\/medinstrus.lt\\\/wp-content\\\/uploads\\\/2024\\\/07\\\/HSA-Adapter-for-HS-chinrest-set-1.jpg.png\",\"width\":1080,\"height\":1350},{\"@type\":\"BreadcrumbList\",\"@id\":\"https:\\\/\\\/medinstrus.lt\\\/es\\\/producto\\\/hsa-adaptador-de-fijacion-para-mentonera-especial-hs\\\/#breadcrumb\",\"itemListElement\":[{\"@type\":\"ListItem\",\"position\":1,\"name\":\"Home\",\"item\":\"https:\\\/\\\/medinstrus.lt\\\/es\\\/pagina-de-inicio\\\/\"},{\"@type\":\"ListItem\",\"position\":2,\"name\":\"Tienda\",\"item\":\"https:\\\/\\\/medinstrus.lt\\\/es\\\/tienda\\\/\"},{\"@type\":\"ListItem\",\"position\":3,\"name\":\"HSA &#8211; Adaptador de fijaci\u00f3n para mentonera especial HS\"}]},{\"@type\":\"WebSite\",\"@id\":\"https:\\\/\\\/medinstrus.lt\\\/es\\\/#website\",\"url\":\"https:\\\/\\\/medinstrus.lt\\\/es\\\/\",\"name\":\"https:\\\/\\\/medinstrus.com\\\/\",\"description\":\"Simplicity combined with functionality.\",\"publisher\":{\"@id\":\"https:\\\/\\\/medinstrus.lt\\\/es\\\/#organization\"},\"potentialAction\":[{\"@type\":\"SearchAction\",\"target\":{\"@type\":\"EntryPoint\",\"urlTemplate\":\"https:\\\/\\\/medinstrus.lt\\\/es\\\/?s={search_term_string}\"},\"query-input\":{\"@type\":\"PropertyValueSpecification\",\"valueRequired\":true,\"valueName\":\"search_term_string\"}}],\"inLanguage\":\"es\"},{\"@type\":\"Organization\",\"@id\":\"https:\\\/\\\/medinstrus.lt\\\/es\\\/#organization\",\"name\":\"Medinstrus\",\"url\":\"https:\\\/\\\/medinstrus.lt\\\/es\\\/\",\"logo\":{\"@type\":\"ImageObject\",\"inLanguage\":\"es\",\"@id\":\"https:\\\/\\\/medinstrus.lt\\\/es\\\/#\\\/schema\\\/logo\\\/image\\\/\",\"url\":\"https:\\\/\\\/medinstrus.lt\\\/wp-content\\\/uploads\\\/2025\\\/02\\\/Medinstrus-v1.png\",\"contentUrl\":\"https:\\\/\\\/medinstrus.lt\\\/wp-content\\\/uploads\\\/2025\\\/02\\\/Medinstrus-v1.png\",\"width\":723,\"height\":96,\"caption\":\"Medinstrus\"},\"image\":{\"@id\":\"https:\\\/\\\/medinstrus.lt\\\/es\\\/#\\\/schema\\\/logo\\\/image\\\/\"},\"sameAs\":[\"https:\\\/\\\/www.facebook.com\\\/medinstrus\\\/\",\"https:\\\/\\\/www.instagram.com\\\/Medinstrus\"]}]}<\/script>\n<!-- \/ Yoast SEO Premium plugin. -->","yoast_head_json":{"title":"HSA - Adaptador de fijaci\u00f3n para mentonera especial HS - Medinstrus","robots":{"index":"index","follow":"follow","max-snippet":"max-snippet:-1","max-image-preview":"max-image-preview:large","max-video-preview":"max-video-preview:-1"},"canonical":"https:\/\/medinstrus.lt\/es\/producto\/hsa-adaptador-de-fijacion-para-mentonera-especial-hs\/","og_locale":"es_ES","og_type":"article","og_title":"HSA - Adaptador de fijaci\u00f3n para mentonera especial HS","og_description":"El adaptador de fijaci\u00f3n HSA para mentonera HS especial es un componente especializado dise\u00f1ado para fijar y estabilizar los sistemas de mentonera HS. Este adaptador garantiza una conexi\u00f3n firme y fiable, optimizando el rendimiento y la precisi\u00f3n de los ex\u00e1menes oftalmol\u00f3gicos.","og_url":"https:\/\/medinstrus.lt\/es\/producto\/hsa-adaptador-de-fijacion-para-mentonera-especial-hs\/","og_site_name":"Medinstrus","article_publisher":"https:\/\/www.facebook.com\/medinstrus\/","og_image":[{"width":1080,"height":1350,"url":"https:\/\/medinstrus.lt\/wp-content\/uploads\/2024\/07\/HSA-Adapter-for-HS-chinrest-set-1.jpg.png","type":"image\/png"}],"twitter_card":"summary_large_image","schema":{"@context":"https:\/\/schema.org","@graph":[{"@type":"WebPage","@id":"https:\/\/medinstrus.lt\/es\/producto\/hsa-adaptador-de-fijacion-para-mentonera-especial-hs\/","url":"https:\/\/medinstrus.lt\/es\/producto\/hsa-adaptador-de-fijacion-para-mentonera-especial-hs\/","name":"HSA - Adaptador de fijaci\u00f3n para mentonera especial HS - Medinstrus","isPartOf":{"@id":"https:\/\/medinstrus.lt\/es\/#website"},"primaryImageOfPage":{"@id":"https:\/\/medinstrus.lt\/es\/producto\/hsa-adaptador-de-fijacion-para-mentonera-especial-hs\/#primaryimage"},"image":{"@id":"https:\/\/medinstrus.lt\/es\/producto\/hsa-adaptador-de-fijacion-para-mentonera-especial-hs\/#primaryimage"},"thumbnailUrl":"https:\/\/medinstrus.lt\/wp-content\/uploads\/2024\/07\/HSA-Adapter-for-HS-chinrest-set-1.jpg.png","datePublished":"2024-07-13T11:05:38+00:00","breadcrumb":{"@id":"https:\/\/medinstrus.lt\/es\/producto\/hsa-adaptador-de-fijacion-para-mentonera-especial-hs\/#breadcrumb"},"inLanguage":"es","potentialAction":[{"@type":"ReadAction","target":["https:\/\/medinstrus.lt\/es\/producto\/hsa-adaptador-de-fijacion-para-mentonera-especial-hs\/"]}]},{"@type":"ImageObject","inLanguage":"es","@id":"https:\/\/medinstrus.lt\/es\/producto\/hsa-adaptador-de-fijacion-para-mentonera-especial-hs\/#primaryimage","url":"https:\/\/medinstrus.lt\/wp-content\/uploads\/2024\/07\/HSA-Adapter-for-HS-chinrest-set-1.jpg.png","contentUrl":"https:\/\/medinstrus.lt\/wp-content\/uploads\/2024\/07\/HSA-Adapter-for-HS-chinrest-set-1.jpg.png","width":1080,"height":1350},{"@type":"BreadcrumbList","@id":"https:\/\/medinstrus.lt\/es\/producto\/hsa-adaptador-de-fijacion-para-mentonera-especial-hs\/#breadcrumb","itemListElement":[{"@type":"ListItem","position":1,"name":"Home","item":"https:\/\/medinstrus.lt\/es\/pagina-de-inicio\/"},{"@type":"ListItem","position":2,"name":"Tienda","item":"https:\/\/medinstrus.lt\/es\/tienda\/"},{"@type":"ListItem","position":3,"name":"HSA &#8211; Adaptador de fijaci\u00f3n para mentonera especial HS"}]},{"@type":"WebSite","@id":"https:\/\/medinstrus.lt\/es\/#website","url":"https:\/\/medinstrus.lt\/es\/","name":"https:\/\/medinstrus.com\/","description":"Simplicity combined with functionality.","publisher":{"@id":"https:\/\/medinstrus.lt\/es\/#organization"},"potentialAction":[{"@type":"SearchAction","target":{"@type":"EntryPoint","urlTemplate":"https:\/\/medinstrus.lt\/es\/?s={search_term_string}"},"query-input":{"@type":"PropertyValueSpecification","valueRequired":true,"valueName":"search_term_string"}}],"inLanguage":"es"},{"@type":"Organization","@id":"https:\/\/medinstrus.lt\/es\/#organization","name":"Medinstrus","url":"https:\/\/medinstrus.lt\/es\/","logo":{"@type":"ImageObject","inLanguage":"es","@id":"https:\/\/medinstrus.lt\/es\/#\/schema\/logo\/image\/","url":"https:\/\/medinstrus.lt\/wp-content\/uploads\/2025\/02\/Medinstrus-v1.png","contentUrl":"https:\/\/medinstrus.lt\/wp-content\/uploads\/2025\/02\/Medinstrus-v1.png","width":723,"height":96,"caption":"Medinstrus"},"image":{"@id":"https:\/\/medinstrus.lt\/es\/#\/schema\/logo\/image\/"},"sameAs":["https:\/\/www.facebook.com\/medinstrus\/","https:\/\/www.instagram.com\/Medinstrus"]}]}},"_links":{"self":[{"href":"https:\/\/medinstrus.lt\/es\/wp-json\/wp\/v2\/product\/3390","targetHints":{"allow":["GET"]}}],"collection":[{"href":"https:\/\/medinstrus.lt\/es\/wp-json\/wp\/v2\/product"}],"about":[{"href":"https:\/\/medinstrus.lt\/es\/wp-json\/wp\/v2\/types\/product"}],"replies":[{"embeddable":true,"href":"https:\/\/medinstrus.lt\/es\/wp-json\/wp\/v2\/comments?post=3390"}],"wp:featuredmedia":[{"embeddable":true,"href":"https:\/\/medinstrus.lt\/es\/wp-json\/wp\/v2\/media\/3007"}],"wp:attachment":[{"href":"https:\/\/medinstrus.lt\/es\/wp-json\/wp\/v2\/media?parent=3390"}],"wp:term":[{"taxonomy":"product_brand","embeddable":true,"href":"https:\/\/medinstrus.lt\/es\/wp-json\/wp\/v2\/product_brand?post=3390"},{"taxonomy":"product_cat","embeddable":true,"href":"https:\/\/medinstrus.lt\/es\/wp-json\/wp\/v2\/product_cat?post=3390"},{"taxonomy":"product_tag","embeddable":true,"href":"https:\/\/medinstrus.lt\/es\/wp-json\/wp\/v2\/product_tag?post=3390"}],"curies":[{"name":"wp","href":"https:\/\/api.w.org\/{rel}","templated":true}]}}