{"id":3384,"date":"2024-07-29T20:23:53","date_gmt":"2024-07-29T17:23:53","guid":{"rendered":"https:\/\/medinstrus.lt\/product\/gama\/"},"modified":"2024-07-29T20:23:53","modified_gmt":"2024-07-29T17:23:53","slug":"gama","status":"publish","type":"product","link":"https:\/\/medinstrus.lt\/es\/producto\/gama\/","title":{"rendered":"GAMA"},"content":{"rendered":"<p><strong>Caracter\u00edsticas principales:<\/strong><\/p>\n<ul>\n<li><strong>Sill\u00f3n elevador para pacientes: <\/strong>El sill\u00f3n se eleva 15 cm, lo que permite ajustarlo f\u00e1cilmente para garantizar la comodidad del paciente y una posici\u00f3n \u00f3ptima durante las exploraciones.<\/li>\n<li><strong>Opci\u00f3n de respaldo reclinable:<\/strong> Disponible con respaldo reclinable para mayor comodidad del paciente durante exploraciones m\u00e1s largas.<\/li>\n<li><strong>Iluminaci\u00f3n integrada: <\/strong>Equipada con una columna que incorpora una l\u00e1mpara LED superior con iluminaci\u00f3n ajustable para unas condiciones de examen precisas.<\/li>\n<li><strong>Placa para proyector de gr\u00e1ficos:<\/strong> Equipada con una placa para un proyector de gr\u00e1ficos, que facilita la realizaci\u00f3n de pruebas oftalmol\u00f3gicas completas.<\/li>\n<li><strong>C\u00f3modo espacio de trabajo: <\/strong>Incluye un estante para un ordenador port\u00e1til o el panel operativo de un refractor digital, lo que garantiza que todas las herramientas esenciales est\u00e9n al alcance de la mano.<\/li>\n<li><strong>Brazo de for\u00f3ptero<\/strong>: Se puede a\u00f1adir un brazo de for\u00f3ptero opcional para agilizar el proceso de examen.<\/li>\n<\/ul>\n<p><strong>Opciones de personalizaci\u00f3n:<\/strong><\/p>\n<ul>\n<li><strong>Opciones de color:<\/strong> La GAMA Master est\u00e1 disponible en varios colores para las piezas met\u00e1licas y los tableros, lo que te permite personalizar la unidad para que se adapte a la est\u00e9tica de tu consulta.<\/li>\n<li><strong>Versi\u00f3n para zurdos:<\/strong> F\u00e1cilmente convertible en versi\u00f3n para zurdos, para adaptarse a las necesidades de distintos profesionales.<\/li>\n<\/ul>\n<p><strong>Caracter\u00edsticas opcionales:<\/strong><\/p>\n<ul>\n<li><strong>Montaje para rotaci\u00f3n del sill\u00f3n:<\/strong> Facilita la colocaci\u00f3n y el movimiento del paciente durante las exploraciones.<\/li>\n<li><strong>Mando de pedal:<\/strong> Para subir y bajar c\u00f3modamente la silla, mejorando la ergonom\u00eda y la eficacia del flujo de trabajo.<\/li>\n<\/ul>\n<p><strong>  \u00bfPor qu\u00e9 elegir GAMA Master?<\/strong><\/p>\n<ul>\n<li><strong>Flujo de trabajo mejorado:<\/strong> El dise\u00f1o ergon\u00f3mico y las vers\u00e1tiles opciones de configuraci\u00f3n de GAMA Master mejoran la eficiencia del flujo de trabajo, lo que permite a los facultativos realizar exploraciones con mayor eficacia.<\/li>\n<li><strong>Confort para el paciente:<\/strong> La silla ajustable y las superficies de trabajo bien dise\u00f1adas garantizan la m\u00e1xima comodidad para los pacientes durante su visita.<\/li>\n<li><strong>Personalizaci\u00f3n:<\/strong> La posibilidad de personalizar la unidad para adaptarla a necesidades espec\u00edficas hace que GAMA Master sea un complemento vers\u00e1til para cualquier consulta oftalmol\u00f3gica.<\/li>\n<li><strong>Aspecto profesional:<\/strong> El dise\u00f1o elegante y moderno de la GAMA Master contribuye a crear un entorno profesional y acogedor en la consulta.<\/li>\n<\/ul>\n","protected":false},"excerpt":{"rendered":"<p><strong>Unidad de Refracci\u00f3n GAMA Master<\/strong><\/p>\n<p>La unidad de refracci\u00f3n GAMA Master est\u00e1 dise\u00f1ada para ex\u00e1menes preliminares de los ojos, retinoscopia, pruebas de visi\u00f3n y contactolog\u00eda. Combina eficacia, comodidad y est\u00e9tica moderna, lo que la convierte en una excelente elecci\u00f3n para cualquier consulta oftalmol\u00f3gica. <\/p>\n<p>Eleva la atenci\u00f3n a tus pacientes y la eficacia operativa con GAMA Master, que ofrece una funcionalidad avanzada y opciones de dise\u00f1o personalizadas para satisfacer las necesidades \u00fanicas de tu consulta oftalmol\u00f3gica.<\/p>\n","protected":false},"featured_media":2941,"comment_status":"closed","ping_status":"closed","template":"","meta":{"_acf_changed":false},"product_brand":[],"product_cat":[162],"product_tag":[284,283,285],"class_list":{"0":"post-3384","1":"product","2":"type-product","3":"status-publish","4":"has-post-thumbnail","6":"product_cat-unidades-de-refraccion","7":"product_tag-atencion-oftalmologica-integral","8":"product_tag-equipo-oftalmologico-versatil","9":"product_tag-unidad-de-refraccion-gama","11":"first","12":"instock","13":"shipping-taxable","14":"product-type-simple"},"acf":[],"gallery_images":[],"yoast_head":"<!-- This site is optimized with the Yoast SEO Premium plugin v27.4 (Yoast SEO v27.4) - https:\/\/yoast.com\/product\/yoast-seo-premium-wordpress\/ -->\n<title>Unidad de refracci\u00f3n Gama - Medinstrus<\/title>\n<meta name=\"description\" content=\"Presentamos la unidad de refracci\u00f3n GAMA, que ofrece configuraciones personalizables para satisfacer las necesidades \u00fanicas de las consultas oftalmol\u00f3gicas contempor\u00e1neas.\" \/>\n<meta name=\"robots\" content=\"index, follow, max-snippet:-1, max-image-preview:large, max-video-preview:-1\" \/>\n<link rel=\"canonical\" href=\"https:\/\/medinstrus.lt\/es\/producto\/gama\/\" \/>\n<meta property=\"og:locale\" content=\"es_ES\" \/>\n<meta property=\"og:type\" content=\"article\" \/>\n<meta property=\"og:title\" content=\"GAMA\" \/>\n<meta property=\"og:description\" content=\"Presentamos la unidad de refracci\u00f3n GAMA, que ofrece configuraciones personalizables para satisfacer las necesidades \u00fanicas de las consultas oftalmol\u00f3gicas contempor\u00e1neas.\" \/>\n<meta property=\"og:url\" content=\"https:\/\/medinstrus.lt\/es\/producto\/gama\/\" \/>\n<meta property=\"og:site_name\" content=\"Medinstrus\" \/>\n<meta property=\"article:publisher\" content=\"https:\/\/www.facebook.com\/medinstrus\/\" \/>\n<meta property=\"og:image\" content=\"https:\/\/medinstrus.lt\/wp-content\/uploads\/2024\/07\/GAMA-svetainei-1.png\" \/>\n\t<meta property=\"og:image:width\" content=\"1080\" \/>\n\t<meta property=\"og:image:height\" content=\"1350\" \/>\n\t<meta property=\"og:image:type\" content=\"image\/png\" \/>\n<meta name=\"twitter:card\" content=\"summary_large_image\" \/>\n<meta name=\"twitter:label1\" content=\"Tiempo de lectura\" \/>\n\t<meta name=\"twitter:data1\" content=\"2 minutos\" \/>\n<script type=\"application\/ld+json\" class=\"yoast-schema-graph\">{\"@context\":\"https:\\\/\\\/schema.org\",\"@graph\":[{\"@type\":\"WebPage\",\"@id\":\"https:\\\/\\\/medinstrus.lt\\\/es\\\/producto\\\/gama\\\/\",\"url\":\"https:\\\/\\\/medinstrus.lt\\\/es\\\/producto\\\/gama\\\/\",\"name\":\"Unidad de refracci\u00f3n Gama - Medinstrus\",\"isPartOf\":{\"@id\":\"https:\\\/\\\/medinstrus.lt\\\/es\\\/#website\"},\"primaryImageOfPage\":{\"@id\":\"https:\\\/\\\/medinstrus.lt\\\/es\\\/producto\\\/gama\\\/#primaryimage\"},\"image\":{\"@id\":\"https:\\\/\\\/medinstrus.lt\\\/es\\\/producto\\\/gama\\\/#primaryimage\"},\"thumbnailUrl\":\"https:\\\/\\\/medinstrus.lt\\\/wp-content\\\/uploads\\\/2024\\\/07\\\/GAMA-svetainei-1.png\",\"datePublished\":\"2024-07-29T17:23:53+00:00\",\"description\":\"Presentamos la unidad de refracci\u00f3n GAMA, que ofrece configuraciones personalizables para satisfacer las necesidades \u00fanicas de las consultas oftalmol\u00f3gicas contempor\u00e1neas.\",\"breadcrumb\":{\"@id\":\"https:\\\/\\\/medinstrus.lt\\\/es\\\/producto\\\/gama\\\/#breadcrumb\"},\"inLanguage\":\"es\",\"potentialAction\":[{\"@type\":\"ReadAction\",\"target\":[\"https:\\\/\\\/medinstrus.lt\\\/es\\\/producto\\\/gama\\\/\"]}]},{\"@type\":\"ImageObject\",\"inLanguage\":\"es\",\"@id\":\"https:\\\/\\\/medinstrus.lt\\\/es\\\/producto\\\/gama\\\/#primaryimage\",\"url\":\"https:\\\/\\\/medinstrus.lt\\\/wp-content\\\/uploads\\\/2024\\\/07\\\/GAMA-svetainei-1.png\",\"contentUrl\":\"https:\\\/\\\/medinstrus.lt\\\/wp-content\\\/uploads\\\/2024\\\/07\\\/GAMA-svetainei-1.png\",\"width\":1080,\"height\":1350,\"caption\":\"GAMA refraction unit versatile for comprehensive eye care\"},{\"@type\":\"BreadcrumbList\",\"@id\":\"https:\\\/\\\/medinstrus.lt\\\/es\\\/producto\\\/gama\\\/#breadcrumb\",\"itemListElement\":[{\"@type\":\"ListItem\",\"position\":1,\"name\":\"Home\",\"item\":\"https:\\\/\\\/medinstrus.lt\\\/es\\\/pagina-de-inicio\\\/\"},{\"@type\":\"ListItem\",\"position\":2,\"name\":\"Tienda\",\"item\":\"https:\\\/\\\/medinstrus.lt\\\/es\\\/tienda\\\/\"},{\"@type\":\"ListItem\",\"position\":3,\"name\":\"GAMA\"}]},{\"@type\":\"WebSite\",\"@id\":\"https:\\\/\\\/medinstrus.lt\\\/es\\\/#website\",\"url\":\"https:\\\/\\\/medinstrus.lt\\\/es\\\/\",\"name\":\"https:\\\/\\\/medinstrus.com\\\/\",\"description\":\"Simplicity combined with functionality.\",\"publisher\":{\"@id\":\"https:\\\/\\\/medinstrus.lt\\\/es\\\/#organization\"},\"potentialAction\":[{\"@type\":\"SearchAction\",\"target\":{\"@type\":\"EntryPoint\",\"urlTemplate\":\"https:\\\/\\\/medinstrus.lt\\\/es\\\/?s={search_term_string}\"},\"query-input\":{\"@type\":\"PropertyValueSpecification\",\"valueRequired\":true,\"valueName\":\"search_term_string\"}}],\"inLanguage\":\"es\"},{\"@type\":\"Organization\",\"@id\":\"https:\\\/\\\/medinstrus.lt\\\/es\\\/#organization\",\"name\":\"Medinstrus\",\"url\":\"https:\\\/\\\/medinstrus.lt\\\/es\\\/\",\"logo\":{\"@type\":\"ImageObject\",\"inLanguage\":\"es\",\"@id\":\"https:\\\/\\\/medinstrus.lt\\\/es\\\/#\\\/schema\\\/logo\\\/image\\\/\",\"url\":\"https:\\\/\\\/medinstrus.lt\\\/wp-content\\\/uploads\\\/2025\\\/02\\\/Medinstrus-v1.png\",\"contentUrl\":\"https:\\\/\\\/medinstrus.lt\\\/wp-content\\\/uploads\\\/2025\\\/02\\\/Medinstrus-v1.png\",\"width\":723,\"height\":96,\"caption\":\"Medinstrus\"},\"image\":{\"@id\":\"https:\\\/\\\/medinstrus.lt\\\/es\\\/#\\\/schema\\\/logo\\\/image\\\/\"},\"sameAs\":[\"https:\\\/\\\/www.facebook.com\\\/medinstrus\\\/\",\"https:\\\/\\\/www.instagram.com\\\/Medinstrus\"]}]}<\/script>\n<!-- \/ Yoast SEO Premium plugin. -->","yoast_head_json":{"title":"Unidad de refracci\u00f3n Gama - Medinstrus","description":"Presentamos la unidad de refracci\u00f3n GAMA, que ofrece configuraciones personalizables para satisfacer las necesidades \u00fanicas de las consultas oftalmol\u00f3gicas contempor\u00e1neas.","robots":{"index":"index","follow":"follow","max-snippet":"max-snippet:-1","max-image-preview":"max-image-preview:large","max-video-preview":"max-video-preview:-1"},"canonical":"https:\/\/medinstrus.lt\/es\/producto\/gama\/","og_locale":"es_ES","og_type":"article","og_title":"GAMA","og_description":"Presentamos la unidad de refracci\u00f3n GAMA, que ofrece configuraciones personalizables para satisfacer las necesidades \u00fanicas de las consultas oftalmol\u00f3gicas contempor\u00e1neas.","og_url":"https:\/\/medinstrus.lt\/es\/producto\/gama\/","og_site_name":"Medinstrus","article_publisher":"https:\/\/www.facebook.com\/medinstrus\/","og_image":[{"width":1080,"height":1350,"url":"https:\/\/medinstrus.lt\/wp-content\/uploads\/2024\/07\/GAMA-svetainei-1.png","type":"image\/png"}],"twitter_card":"summary_large_image","twitter_misc":{"Tiempo de lectura":"2 minutos"},"schema":{"@context":"https:\/\/schema.org","@graph":[{"@type":"WebPage","@id":"https:\/\/medinstrus.lt\/es\/producto\/gama\/","url":"https:\/\/medinstrus.lt\/es\/producto\/gama\/","name":"Unidad de refracci\u00f3n Gama - Medinstrus","isPartOf":{"@id":"https:\/\/medinstrus.lt\/es\/#website"},"primaryImageOfPage":{"@id":"https:\/\/medinstrus.lt\/es\/producto\/gama\/#primaryimage"},"image":{"@id":"https:\/\/medinstrus.lt\/es\/producto\/gama\/#primaryimage"},"thumbnailUrl":"https:\/\/medinstrus.lt\/wp-content\/uploads\/2024\/07\/GAMA-svetainei-1.png","datePublished":"2024-07-29T17:23:53+00:00","description":"Presentamos la unidad de refracci\u00f3n GAMA, que ofrece configuraciones personalizables para satisfacer las necesidades \u00fanicas de las consultas oftalmol\u00f3gicas contempor\u00e1neas.","breadcrumb":{"@id":"https:\/\/medinstrus.lt\/es\/producto\/gama\/#breadcrumb"},"inLanguage":"es","potentialAction":[{"@type":"ReadAction","target":["https:\/\/medinstrus.lt\/es\/producto\/gama\/"]}]},{"@type":"ImageObject","inLanguage":"es","@id":"https:\/\/medinstrus.lt\/es\/producto\/gama\/#primaryimage","url":"https:\/\/medinstrus.lt\/wp-content\/uploads\/2024\/07\/GAMA-svetainei-1.png","contentUrl":"https:\/\/medinstrus.lt\/wp-content\/uploads\/2024\/07\/GAMA-svetainei-1.png","width":1080,"height":1350,"caption":"GAMA refraction unit versatile for comprehensive eye care"},{"@type":"BreadcrumbList","@id":"https:\/\/medinstrus.lt\/es\/producto\/gama\/#breadcrumb","itemListElement":[{"@type":"ListItem","position":1,"name":"Home","item":"https:\/\/medinstrus.lt\/es\/pagina-de-inicio\/"},{"@type":"ListItem","position":2,"name":"Tienda","item":"https:\/\/medinstrus.lt\/es\/tienda\/"},{"@type":"ListItem","position":3,"name":"GAMA"}]},{"@type":"WebSite","@id":"https:\/\/medinstrus.lt\/es\/#website","url":"https:\/\/medinstrus.lt\/es\/","name":"https:\/\/medinstrus.com\/","description":"Simplicity combined with functionality.","publisher":{"@id":"https:\/\/medinstrus.lt\/es\/#organization"},"potentialAction":[{"@type":"SearchAction","target":{"@type":"EntryPoint","urlTemplate":"https:\/\/medinstrus.lt\/es\/?s={search_term_string}"},"query-input":{"@type":"PropertyValueSpecification","valueRequired":true,"valueName":"search_term_string"}}],"inLanguage":"es"},{"@type":"Organization","@id":"https:\/\/medinstrus.lt\/es\/#organization","name":"Medinstrus","url":"https:\/\/medinstrus.lt\/es\/","logo":{"@type":"ImageObject","inLanguage":"es","@id":"https:\/\/medinstrus.lt\/es\/#\/schema\/logo\/image\/","url":"https:\/\/medinstrus.lt\/wp-content\/uploads\/2025\/02\/Medinstrus-v1.png","contentUrl":"https:\/\/medinstrus.lt\/wp-content\/uploads\/2025\/02\/Medinstrus-v1.png","width":723,"height":96,"caption":"Medinstrus"},"image":{"@id":"https:\/\/medinstrus.lt\/es\/#\/schema\/logo\/image\/"},"sameAs":["https:\/\/www.facebook.com\/medinstrus\/","https:\/\/www.instagram.com\/Medinstrus"]}]}},"_links":{"self":[{"href":"https:\/\/medinstrus.lt\/es\/wp-json\/wp\/v2\/product\/3384","targetHints":{"allow":["GET"]}}],"collection":[{"href":"https:\/\/medinstrus.lt\/es\/wp-json\/wp\/v2\/product"}],"about":[{"href":"https:\/\/medinstrus.lt\/es\/wp-json\/wp\/v2\/types\/product"}],"replies":[{"embeddable":true,"href":"https:\/\/medinstrus.lt\/es\/wp-json\/wp\/v2\/comments?post=3384"}],"wp:featuredmedia":[{"embeddable":true,"href":"https:\/\/medinstrus.lt\/es\/wp-json\/wp\/v2\/media\/2941"}],"wp:attachment":[{"href":"https:\/\/medinstrus.lt\/es\/wp-json\/wp\/v2\/media?parent=3384"}],"wp:term":[{"taxonomy":"product_brand","embeddable":true,"href":"https:\/\/medinstrus.lt\/es\/wp-json\/wp\/v2\/product_brand?post=3384"},{"taxonomy":"product_cat","embeddable":true,"href":"https:\/\/medinstrus.lt\/es\/wp-json\/wp\/v2\/product_cat?post=3384"},{"taxonomy":"product_tag","embeddable":true,"href":"https:\/\/medinstrus.lt\/es\/wp-json\/wp\/v2\/product_tag?post=3384"}],"curies":[{"name":"wp","href":"https:\/\/api.w.org\/{rel}","templated":true}]}}