{"id":3381,"date":"2024-07-29T20:33:21","date_gmt":"2024-07-29T17:33:21","guid":{"rendered":"https:\/\/medinstrus.lt\/product\/inspirado\/"},"modified":"2024-07-29T20:33:21","modified_gmt":"2024-07-29T17:33:21","slug":"inspirado","status":"publish","type":"product","link":"https:\/\/medinstrus.lt\/es\/producto\/inspirado\/","title":{"rendered":"INSPIRADO"},"content":{"rendered":"<p><strong>Caracter\u00edsticas principales:<\/strong><\/p>\n<p><strong>Opciones vers\u00e1tiles para la mesa:<\/strong><\/p>\n<ul>\n<li><strong>Modelo In01S:<\/strong> Tablero deslizante para dos instrumentos, que facilita el acceso y el bloqueo seguro frente al paciente.<\/li>\n<li><strong>Modelo In01R:<\/strong> Tablero giratorio para dos instrumentos, bloqueable en cualquier posici\u00f3n para mayor flexibilidad durante los ex\u00e1menes.<\/li>\n<\/ul>\n<p><strong>Silla ergon\u00f3mica y ajustable:<\/strong><\/p>\n<ul>\n<li>La silla dispone de movimiento vertical ajustable mediante un panel t\u00e1ctil integrado en el tablero y un pedal opcional.<\/li>\n<li>El respaldo reclinable, el reposacabezas y las distintas opciones de reposabrazos (fijos, basculantes o con tapicer\u00eda de silla) garantizan la comodidad del paciente.<\/li>\n<li>La silla puede deslizarse hacia delante y hacia atr\u00e1s manualmente (13 cm) o motorizada (14 cm) para un posicionamiento \u00f3ptimo.<\/li>\n<\/ul>\n<p><strong>Iluminaci\u00f3n integrada:<\/strong><\/p>\n<ul>\n<li>Columna con l\u00e1mpara LED superior de iluminaci\u00f3n regulable para condiciones de examen precisas.<\/li>\n<li>Soportes para proyector de cartas e instrumentos adicionales, como lent\u00f3metro autom\u00e1tico y for\u00f3ptero autom\u00e1tico.<\/li>\n<\/ul>\n<p><strong>Accesibilidad<\/strong>:<\/p>\n<ul>\n<li>Silla extra\u00edble para el acceso en silla de ruedas, mejorando la inclusi\u00f3n de todos los pacientes.<\/li>\n<li>Placa de apoyo de la barbilla y reposapi\u00e9s regulables (fijos, basculantes o tipo tubo).<\/li>\n<\/ul>\n<p><strong>Amplias opciones de potencia:<\/strong><\/p>\n<ul>\n<li>Transformadores ajustables integrados para l\u00e1mpara de hendidura\/oftalm\u00f3metro.<\/li>\n<li>Toma de 230 V para instrumentos adicionales, asegurando que todos tus aparatos est\u00e9n alimentados y listos para usar.<\/li>\n<\/ul>\n<p><strong>Opciones de personalizaci\u00f3n:<\/strong><\/p>\n<ul>\n<li><strong>Opciones de color:<\/strong> La unidad INSPIRED est\u00e1 disponible en varios colores para las piezas met\u00e1licas, la silla y el tablero, lo que te permite adaptar la unidad a la est\u00e9tica de tu consulta.<\/li>\n<li><strong>Conversi\u00f3n para zurdos:<\/strong> F\u00e1cilmente convertible a una versi\u00f3n para zurdos, lo que la hace adaptable a las necesidades de cualquier profesional.<\/li>\n<li><strong>Accesorios opcionales:<\/strong> Cables de datos instalados (Fire Wire, USB, RS232), un soporte para el panel operativo de un for\u00f3ptero digital, un armario con ruedas y cajones, y una almohada para ni\u00f1os.<\/li>\n<\/ul>\n<p><strong>Caracter\u00edsticas adicionales:<\/strong><\/p>\n<ul>\n<li><strong>Panel de control t\u00e1ctil:<\/strong> Panel de control t\u00e1ctil integrado para facilitar los ajustes.<\/li>\n<li><strong>Conjunto motorizado de deslizamiento de la silla:<\/strong> Facilita movimientos suaves hacia delante y hacia atr\u00e1s.<\/li>\n<li><strong>Adaptador ajustable para mentonera:<\/strong> Garantiza un posicionamiento preciso durante las exploraciones.<\/li>\n<li><strong>Facilidad de acceso para discapacitados:<\/strong> La unidad est\u00e1 dise\u00f1ada para acoger a pacientes con discapacidad, lo que aumenta su versatilidad.<\/li>\n<\/ul>\n","protected":false},"excerpt":{"rendered":"<p><strong>Unidad de Refracci\u00f3n INSPIRADA<\/strong><\/p>\n<p>La unidad de refracci\u00f3n INSPIRED es una soluci\u00f3n sofisticada y totalmente personalizable, dise\u00f1ada para mejorar la eficacia y la comodidad de las exploraciones oftalmol\u00f3gicas. Combina una funcionalidad avanzada con un dise\u00f1o elegante y moderno, lo que la convierte en un complemento ideal para cualquier consulta profesional. <\/p>\n<p>La unidad de refracci\u00f3n INSPIRED combina tecnolog\u00eda avanzada con dise\u00f1o ergon\u00f3mico, ofreciendo una soluci\u00f3n totalmente personalizable y eficaz para las consultas oftalmol\u00f3gicas modernas. Mejora la atenci\u00f3n a tus pacientes y agiliza tu flujo de trabajo con esta unidad de \u00faltima generaci\u00f3n. <\/p>\n","protected":false},"featured_media":2134,"comment_status":"closed","ping_status":"closed","template":"","meta":{"_acf_changed":false},"product_brand":[],"product_cat":[162],"product_tag":[275,276,274],"class_list":{"0":"post-3381","1":"product","2":"type-product","3":"status-publish","4":"has-post-thumbnail","6":"product_cat-unidades-de-refraccion","7":"product_tag-diseno-innovador","8":"product_tag-equipo-oftalmologico-moderno","9":"product_tag-unidad-de-refraccion-inspirada","11":"first","12":"instock","13":"shipping-taxable","14":"product-type-simple"},"acf":[],"gallery_images":[2138,2136,2132],"yoast_head":"<!-- This site is optimized with the Yoast SEO Premium plugin v27.4 (Yoast SEO v27.4) - https:\/\/yoast.com\/product\/yoast-seo-premium-wordpress\/ -->\n<title>Unidad de refracci\u00f3n oft\u00e1lmica Inspirada - Medinstrus<\/title>\n<meta name=\"description\" content=\"Descubre la unidad de refracci\u00f3n INSPIRED, que combina un dise\u00f1o innovador con la funcionalidad para las consultas oftalmol\u00f3gicas modernas. Personalizable para adaptarse a tus necesidades.\" \/>\n<meta name=\"robots\" content=\"index, follow, max-snippet:-1, max-image-preview:large, max-video-preview:-1\" \/>\n<link rel=\"canonical\" href=\"https:\/\/medinstrus.lt\/es\/producto\/inspirado\/\" \/>\n<meta property=\"og:locale\" content=\"es_ES\" \/>\n<meta property=\"og:type\" content=\"article\" \/>\n<meta property=\"og:title\" content=\"INSPIRADO\" \/>\n<meta property=\"og:description\" content=\"Descubre la unidad de refracci\u00f3n INSPIRED, que combina un dise\u00f1o innovador con la funcionalidad para las consultas oftalmol\u00f3gicas modernas. Personalizable para adaptarse a tus necesidades.\" \/>\n<meta property=\"og:url\" content=\"https:\/\/medinstrus.lt\/es\/producto\/inspirado\/\" \/>\n<meta property=\"og:site_name\" content=\"Medinstrus\" \/>\n<meta property=\"article:publisher\" content=\"https:\/\/www.facebook.com\/medinstrus\/\" \/>\n<meta property=\"og:image\" content=\"https:\/\/medinstrus.lt\/wp-content\/uploads\/2024\/07\/website-units-inspired-medinstrus-2-scaled.jpg\" \/>\n\t<meta property=\"og:image:width\" content=\"2250\" \/>\n\t<meta property=\"og:image:height\" content=\"2560\" \/>\n\t<meta property=\"og:image:type\" content=\"image\/jpeg\" \/>\n<meta name=\"twitter:card\" content=\"summary_large_image\" \/>\n<meta name=\"twitter:label1\" content=\"Tiempo de lectura\" \/>\n\t<meta name=\"twitter:data1\" content=\"2 minutos\" \/>\n<script type=\"application\/ld+json\" class=\"yoast-schema-graph\">{\"@context\":\"https:\\\/\\\/schema.org\",\"@graph\":[{\"@type\":\"WebPage\",\"@id\":\"https:\\\/\\\/medinstrus.lt\\\/es\\\/producto\\\/inspirado\\\/\",\"url\":\"https:\\\/\\\/medinstrus.lt\\\/es\\\/producto\\\/inspirado\\\/\",\"name\":\"Unidad de refracci\u00f3n oft\u00e1lmica Inspirada - Medinstrus\",\"isPartOf\":{\"@id\":\"https:\\\/\\\/medinstrus.lt\\\/es\\\/#website\"},\"primaryImageOfPage\":{\"@id\":\"https:\\\/\\\/medinstrus.lt\\\/es\\\/producto\\\/inspirado\\\/#primaryimage\"},\"image\":{\"@id\":\"https:\\\/\\\/medinstrus.lt\\\/es\\\/producto\\\/inspirado\\\/#primaryimage\"},\"thumbnailUrl\":\"https:\\\/\\\/medinstrus.lt\\\/wp-content\\\/uploads\\\/2024\\\/07\\\/website-units-inspired-medinstrus-2-scaled.jpg\",\"datePublished\":\"2024-07-29T17:33:21+00:00\",\"description\":\"Descubre la unidad de refracci\u00f3n INSPIRED, que combina un dise\u00f1o innovador con la funcionalidad para las consultas oftalmol\u00f3gicas modernas. Personalizable para adaptarse a tus necesidades.\",\"breadcrumb\":{\"@id\":\"https:\\\/\\\/medinstrus.lt\\\/es\\\/producto\\\/inspirado\\\/#breadcrumb\"},\"inLanguage\":\"es\",\"potentialAction\":[{\"@type\":\"ReadAction\",\"target\":[\"https:\\\/\\\/medinstrus.lt\\\/es\\\/producto\\\/inspirado\\\/\"]}]},{\"@type\":\"ImageObject\",\"inLanguage\":\"es\",\"@id\":\"https:\\\/\\\/medinstrus.lt\\\/es\\\/producto\\\/inspirado\\\/#primaryimage\",\"url\":\"https:\\\/\\\/medinstrus.lt\\\/wp-content\\\/uploads\\\/2024\\\/07\\\/website-units-inspired-medinstrus-2-scaled.jpg\",\"contentUrl\":\"https:\\\/\\\/medinstrus.lt\\\/wp-content\\\/uploads\\\/2024\\\/07\\\/website-units-inspired-medinstrus-2-scaled.jpg\",\"width\":2250,\"height\":2560,\"caption\":\"INSPIRED refraction unit for modern ophthalmic practices\"},{\"@type\":\"BreadcrumbList\",\"@id\":\"https:\\\/\\\/medinstrus.lt\\\/es\\\/producto\\\/inspirado\\\/#breadcrumb\",\"itemListElement\":[{\"@type\":\"ListItem\",\"position\":1,\"name\":\"Home\",\"item\":\"https:\\\/\\\/medinstrus.lt\\\/es\\\/pagina-de-inicio\\\/\"},{\"@type\":\"ListItem\",\"position\":2,\"name\":\"Tienda\",\"item\":\"https:\\\/\\\/medinstrus.lt\\\/es\\\/tienda\\\/\"},{\"@type\":\"ListItem\",\"position\":3,\"name\":\"INSPIRADO\"}]},{\"@type\":\"WebSite\",\"@id\":\"https:\\\/\\\/medinstrus.lt\\\/es\\\/#website\",\"url\":\"https:\\\/\\\/medinstrus.lt\\\/es\\\/\",\"name\":\"https:\\\/\\\/medinstrus.com\\\/\",\"description\":\"Simplicity combined with functionality.\",\"publisher\":{\"@id\":\"https:\\\/\\\/medinstrus.lt\\\/es\\\/#organization\"},\"potentialAction\":[{\"@type\":\"SearchAction\",\"target\":{\"@type\":\"EntryPoint\",\"urlTemplate\":\"https:\\\/\\\/medinstrus.lt\\\/es\\\/?s={search_term_string}\"},\"query-input\":{\"@type\":\"PropertyValueSpecification\",\"valueRequired\":true,\"valueName\":\"search_term_string\"}}],\"inLanguage\":\"es\"},{\"@type\":\"Organization\",\"@id\":\"https:\\\/\\\/medinstrus.lt\\\/es\\\/#organization\",\"name\":\"Medinstrus\",\"url\":\"https:\\\/\\\/medinstrus.lt\\\/es\\\/\",\"logo\":{\"@type\":\"ImageObject\",\"inLanguage\":\"es\",\"@id\":\"https:\\\/\\\/medinstrus.lt\\\/es\\\/#\\\/schema\\\/logo\\\/image\\\/\",\"url\":\"https:\\\/\\\/medinstrus.lt\\\/wp-content\\\/uploads\\\/2025\\\/02\\\/Medinstrus-v1.png\",\"contentUrl\":\"https:\\\/\\\/medinstrus.lt\\\/wp-content\\\/uploads\\\/2025\\\/02\\\/Medinstrus-v1.png\",\"width\":723,\"height\":96,\"caption\":\"Medinstrus\"},\"image\":{\"@id\":\"https:\\\/\\\/medinstrus.lt\\\/es\\\/#\\\/schema\\\/logo\\\/image\\\/\"},\"sameAs\":[\"https:\\\/\\\/www.facebook.com\\\/medinstrus\\\/\",\"https:\\\/\\\/www.instagram.com\\\/Medinstrus\"]}]}<\/script>\n<!-- \/ Yoast SEO Premium plugin. -->","yoast_head_json":{"title":"Unidad de refracci\u00f3n oft\u00e1lmica Inspirada - Medinstrus","description":"Descubre la unidad de refracci\u00f3n INSPIRED, que combina un dise\u00f1o innovador con la funcionalidad para las consultas oftalmol\u00f3gicas modernas. Personalizable para adaptarse a tus necesidades.","robots":{"index":"index","follow":"follow","max-snippet":"max-snippet:-1","max-image-preview":"max-image-preview:large","max-video-preview":"max-video-preview:-1"},"canonical":"https:\/\/medinstrus.lt\/es\/producto\/inspirado\/","og_locale":"es_ES","og_type":"article","og_title":"INSPIRADO","og_description":"Descubre la unidad de refracci\u00f3n INSPIRED, que combina un dise\u00f1o innovador con la funcionalidad para las consultas oftalmol\u00f3gicas modernas. Personalizable para adaptarse a tus necesidades.","og_url":"https:\/\/medinstrus.lt\/es\/producto\/inspirado\/","og_site_name":"Medinstrus","article_publisher":"https:\/\/www.facebook.com\/medinstrus\/","og_image":[{"width":2250,"height":2560,"url":"https:\/\/medinstrus.lt\/wp-content\/uploads\/2024\/07\/website-units-inspired-medinstrus-2-scaled.jpg","type":"image\/jpeg"}],"twitter_card":"summary_large_image","twitter_misc":{"Tiempo de lectura":"2 minutos"},"schema":{"@context":"https:\/\/schema.org","@graph":[{"@type":"WebPage","@id":"https:\/\/medinstrus.lt\/es\/producto\/inspirado\/","url":"https:\/\/medinstrus.lt\/es\/producto\/inspirado\/","name":"Unidad de refracci\u00f3n oft\u00e1lmica Inspirada - Medinstrus","isPartOf":{"@id":"https:\/\/medinstrus.lt\/es\/#website"},"primaryImageOfPage":{"@id":"https:\/\/medinstrus.lt\/es\/producto\/inspirado\/#primaryimage"},"image":{"@id":"https:\/\/medinstrus.lt\/es\/producto\/inspirado\/#primaryimage"},"thumbnailUrl":"https:\/\/medinstrus.lt\/wp-content\/uploads\/2024\/07\/website-units-inspired-medinstrus-2-scaled.jpg","datePublished":"2024-07-29T17:33:21+00:00","description":"Descubre la unidad de refracci\u00f3n INSPIRED, que combina un dise\u00f1o innovador con la funcionalidad para las consultas oftalmol\u00f3gicas modernas. Personalizable para adaptarse a tus necesidades.","breadcrumb":{"@id":"https:\/\/medinstrus.lt\/es\/producto\/inspirado\/#breadcrumb"},"inLanguage":"es","potentialAction":[{"@type":"ReadAction","target":["https:\/\/medinstrus.lt\/es\/producto\/inspirado\/"]}]},{"@type":"ImageObject","inLanguage":"es","@id":"https:\/\/medinstrus.lt\/es\/producto\/inspirado\/#primaryimage","url":"https:\/\/medinstrus.lt\/wp-content\/uploads\/2024\/07\/website-units-inspired-medinstrus-2-scaled.jpg","contentUrl":"https:\/\/medinstrus.lt\/wp-content\/uploads\/2024\/07\/website-units-inspired-medinstrus-2-scaled.jpg","width":2250,"height":2560,"caption":"INSPIRED refraction unit for modern ophthalmic practices"},{"@type":"BreadcrumbList","@id":"https:\/\/medinstrus.lt\/es\/producto\/inspirado\/#breadcrumb","itemListElement":[{"@type":"ListItem","position":1,"name":"Home","item":"https:\/\/medinstrus.lt\/es\/pagina-de-inicio\/"},{"@type":"ListItem","position":2,"name":"Tienda","item":"https:\/\/medinstrus.lt\/es\/tienda\/"},{"@type":"ListItem","position":3,"name":"INSPIRADO"}]},{"@type":"WebSite","@id":"https:\/\/medinstrus.lt\/es\/#website","url":"https:\/\/medinstrus.lt\/es\/","name":"https:\/\/medinstrus.com\/","description":"Simplicity combined with functionality.","publisher":{"@id":"https:\/\/medinstrus.lt\/es\/#organization"},"potentialAction":[{"@type":"SearchAction","target":{"@type":"EntryPoint","urlTemplate":"https:\/\/medinstrus.lt\/es\/?s={search_term_string}"},"query-input":{"@type":"PropertyValueSpecification","valueRequired":true,"valueName":"search_term_string"}}],"inLanguage":"es"},{"@type":"Organization","@id":"https:\/\/medinstrus.lt\/es\/#organization","name":"Medinstrus","url":"https:\/\/medinstrus.lt\/es\/","logo":{"@type":"ImageObject","inLanguage":"es","@id":"https:\/\/medinstrus.lt\/es\/#\/schema\/logo\/image\/","url":"https:\/\/medinstrus.lt\/wp-content\/uploads\/2025\/02\/Medinstrus-v1.png","contentUrl":"https:\/\/medinstrus.lt\/wp-content\/uploads\/2025\/02\/Medinstrus-v1.png","width":723,"height":96,"caption":"Medinstrus"},"image":{"@id":"https:\/\/medinstrus.lt\/es\/#\/schema\/logo\/image\/"},"sameAs":["https:\/\/www.facebook.com\/medinstrus\/","https:\/\/www.instagram.com\/Medinstrus"]}]}},"_links":{"self":[{"href":"https:\/\/medinstrus.lt\/es\/wp-json\/wp\/v2\/product\/3381","targetHints":{"allow":["GET"]}}],"collection":[{"href":"https:\/\/medinstrus.lt\/es\/wp-json\/wp\/v2\/product"}],"about":[{"href":"https:\/\/medinstrus.lt\/es\/wp-json\/wp\/v2\/types\/product"}],"replies":[{"embeddable":true,"href":"https:\/\/medinstrus.lt\/es\/wp-json\/wp\/v2\/comments?post=3381"}],"wp:featuredmedia":[{"embeddable":true,"href":"https:\/\/medinstrus.lt\/es\/wp-json\/wp\/v2\/media\/2134"}],"wp:attachment":[{"href":"https:\/\/medinstrus.lt\/es\/wp-json\/wp\/v2\/media?parent=3381"}],"wp:term":[{"taxonomy":"product_brand","embeddable":true,"href":"https:\/\/medinstrus.lt\/es\/wp-json\/wp\/v2\/product_brand?post=3381"},{"taxonomy":"product_cat","embeddable":true,"href":"https:\/\/medinstrus.lt\/es\/wp-json\/wp\/v2\/product_cat?post=3381"},{"taxonomy":"product_tag","embeddable":true,"href":"https:\/\/medinstrus.lt\/es\/wp-json\/wp\/v2\/product_tag?post=3381"}],"curies":[{"name":"wp","href":"https:\/\/api.w.org\/{rel}","templated":true}]}}