{"id":3380,"date":"2024-07-29T18:23:39","date_gmt":"2024-07-29T15:23:39","guid":{"rendered":"https:\/\/medinstrus.lt\/product\/beta\/"},"modified":"2024-07-29T18:23:39","modified_gmt":"2024-07-29T15:23:39","slug":"beta","status":"publish","type":"product","link":"https:\/\/medinstrus.lt\/es\/producto\/beta\/","title":{"rendered":"BETA"},"content":{"rendered":"<p><strong>Caracter\u00edsticas principales:<\/strong><\/p>\n<p><strong>Opciones vers\u00e1tiles de tablero:<\/strong><\/p>\n<ul>\n<li><strong>Modelo MBO1T<\/strong> &#8211; Incorpora un tablero elevable y una silla de altura fija, que proporcionan estabilidad y facilidad de uso.<\/li>\n<li><strong>Modelo MBO1C<\/strong> &#8211; Viene con un tablero de altura fija y una silla elevable, lo que ofrece flexibilidad en la colocaci\u00f3n del paciente.<\/li>\n<li><strong>Modelo MBO1CT<\/strong> &#8211; Incluye una silla elevable y un tablero de mesa para una m\u00e1xima ajustabilidad.<\/li>\n<\/ul>\n<p><strong>Tablero deslizante:<\/strong><\/p>\n<ul>\n<li>El <strong>nuevo brazo deslizante reforzado<\/strong> garantiza una estabilidad a\u00fan mayor y ahora puede soportar <strong>instrumentos m\u00e1s pesados<\/strong>.<\/li>\n<li>El <strong>grosor del tablero es de s\u00f3lo 7 cm<\/strong>, lo que lo hace <strong>ideal para la accesibilidad de sillas de ruedas<\/strong>.<\/li>\n<\/ul>\n<p><strong>Iluminaci\u00f3n integrada:<\/strong><\/p>\n<ol>\n<li>Dispone de una <strong>columna con una l\u00e1mpara de m\u00f3dulo LED superior<\/strong>, que garantiza una iluminaci\u00f3n brillante y uniforme.<\/li>\n<li>El <strong>panel de control incluye iluminaci\u00f3n ambiental<\/strong>, lo que a\u00f1ade un toque profesional y elegante a la estaci\u00f3n de trabajo.<\/li>\n<\/ol>\n<p><strong>Potencia integrada:<\/strong><\/p>\n<ol>\n<li>Dise\u00f1ado para alimentar instrumentos como <strong>autorefract\u00f3metros, OCT, etc.<\/strong><\/li>\n<li><strong>Fuente de alimentaci\u00f3n ajustable de 3,5 V a 17 V, CA o CC<\/strong>, que permite la compatibilidad con una amplia gama de dispositivos de diagn\u00f3stico.<\/li>\n<\/ol>\n<p><strong>Nuevas mejoras:<\/strong><\/p>\n<ul>\n<li><strong>Brazo deslizante reforzado<\/strong>: ahora es a\u00fan m\u00e1s resistente, lo que garantiza la durabilidad a largo plazo y el soporte de instrumentos oft\u00e1lmicos pesados.<\/li>\n<li><strong>Panel de control con iluminaci\u00f3n ambiental<\/strong>, que mejora la visibilidad y la est\u00e9tica del espacio de trabajo.<\/li>\n<li><strong>Mecanismo de reclinaci\u00f3n de la silla<\/strong> &#8211; Puede ser <strong>manual o el\u00e9ctrico<\/strong>, lo que ofrece m\u00e1s opciones para la comodidad del paciente.<\/li>\n<li><strong>F\u00e1cil acceso frontal<\/strong> al <strong>bloque de control principal<\/strong>, lo que permite un mantenimiento r\u00e1pido y sencillo.<\/li>\n<\/ul>\n<p><strong>Opciones de personalizaci\u00f3n:<\/strong><\/p>\n<ul>\n<li><strong>Piezas de Metal y Colores de Sobremesa:<\/strong> Disponibles en <strong>blanco, negro, gris oscuro, gris claro y aluminio RAL9007<\/strong>. M\u00e1s de <strong>200 muestras de colores de madera<\/strong> disponibles para tableros de mesa. <\/li>\n<li><strong>Colores de la tapicer\u00eda de la silla:<\/strong> M\u00faltiples opciones disponibles para adaptarse a la est\u00e9tica de tu cl\u00ednica.<\/li>\n<li><strong>Personalizaci\u00f3n del tablero:<\/strong> No s\u00f3lo puedes elegir el <strong>color<\/strong>, sino tambi\u00e9n el <strong>tama\u00f1o y la forma<\/strong> del tablero.<\/li>\n<li><strong>Versi\u00f3n para zurdos:<\/strong> Puede pedirse, pero <strong>debe especificarse antes de la compra<\/strong>, ya que <strong>no puede cambiarse despu\u00e9s<\/strong>.<\/li>\n<li><strong>Accesorios opcionales:<\/strong>\n<ul>\n<li><strong>Reposapi\u00e9s y reposabrazos<\/strong> para mayor comodidad.<\/li>\n<li><strong>Brazo de for\u00f3ptero<\/strong> &#8211; Se puede a\u00f1adir para una integraci\u00f3n sin esfuerzo.<\/li>\n<li><strong>Soporte para monitor<\/strong> &#8211; Ideal para gr\u00e1ficos digitales y software de diagn\u00f3stico.<\/li>\n<li><strong>Mecanismo deslizante de la silla<\/strong> &#8211; Elige entre <strong>movimiento manual o motorizado<\/strong>.<\/li>\n<li><strong>Opciones de cajones personalizables<\/strong>: dise\u00f1ados para integrarse perfectamente en el puesto de trabajo.<\/li>\n<li><strong>Opci\u00f3n accesible en silla de ruedas<\/strong> &#8211; Totalmente adaptable para mejorar la accesibilidad del paciente.<\/li>\n<li><strong>Estante para caja de empalmes<\/strong> &#8211; Con <strong>paneles decorativos<\/strong> para mantener un espacio de trabajo limpio y organizado.<\/li>\n<\/ul>\n<\/li>\n<\/ul>\n<p><strong>Especificaciones t\u00e9cnicas:<\/strong><\/p>\n<ul>\n<li><strong>Tensi\u00f3n:<\/strong> 115\/230 V, 50\/60 Hz<\/li>\n<li><strong>Altura m\u00e1xima:<\/strong> 200 cm<\/li>\n<li><strong>Altura de la mesa desde el suelo:<\/strong> <strong>\u00b173 cm a 98 cm<\/strong> (elevaci\u00f3n de 25 cm)<\/li>\n<li><strong>Altura de la silla desde el suelo:<\/strong> <strong>\u00b148 cm a 63 cm<\/strong> (elevaci\u00f3n de 15 cm)*<\/li>\n<li><strong>L\u00e1mpara LED superior:<\/strong> M\u00f3dulo LED 20V, 700mA<\/li>\n<li><strong>Fuente de alimentaci\u00f3n de los instrumentos:<\/strong> -115\/230V, <strong>programable 3-17V CA o CC<\/strong>, regulable o permanente<\/li>\n<\/ul>\n<p><em>*Var\u00eda seg\u00fan las opciones<\/em><\/p>\n<p><strong>\u00bfPor qu\u00e9 elegir BETA Master?<\/strong><\/p>\n<p>\u2714 <strong>Flujo de trabajo optimizado<\/strong> &#8211; Las funciones ergon\u00f3micas inteligentes y los controles intuitivos mejoran el proceso de exploraci\u00f3n.<br \/>\u2714 <strong>Durabilidad y estabilidad<\/strong> &#8211; La estructura reforzada garantiza un rendimiento fiable a largo plazo.<br \/>\u2714 <strong>Comodidad y accesibilidad<\/strong> &#8211; Dise\u00f1ada para una interacci\u00f3n fluida con el paciente, incluida <strong>la accesibilidad en silla de ruedas<\/strong>.<br \/>\u2714 <strong>Dise\u00f1o moderno<\/strong> &#8211; Los acabados de primera calidad, la iluminaci\u00f3n ambiental y las elegantes soluciones de almacenamiento mejoran la est\u00e9tica de tu cl\u00ednica.<\/p>\n<p><strong>BETA Master &#8211; Precisi\u00f3n, comodidad y rendimiento en una unidad compacta.<\/strong><\/p>\n","protected":false},"excerpt":{"rendered":"<p><strong>Unidad de Refracci\u00f3n BETA Master<\/strong><\/p>\n<p>La unidad de refracci\u00f3n <strong>BETA Master<\/strong> es una soluci\u00f3n robusta y vers\u00e1til dise\u00f1ada para satisfacer las diversas necesidades de las consultas oftalmol\u00f3gicas modernas. Con sus funciones avanzadas y opciones de personalizaci\u00f3n, garantiza tanto la eficacia como la comodidad durante las exploraciones oculares. <\/p>\n","protected":false},"featured_media":4119,"comment_status":"closed","ping_status":"closed","template":"","meta":{"_acf_changed":false},"product_brand":[],"product_cat":[162],"product_tag":[273,272,271],"class_list":{"0":"post-3380","1":"product","2":"type-product","3":"status-publish","4":"has-post-thumbnail","6":"product_cat-unidades-de-refraccion","7":"product_tag-configuracion-del-examen-ocular","8":"product_tag-equipo-oftalmologico","9":"product_tag-unidad-de-refraccion-beta","11":"first","12":"instock","13":"shipping-taxable","14":"product-type-simple"},"acf":[],"gallery_images":[2793,2789,2791],"yoast_head":"<!-- This site is optimized with the Yoast SEO Premium plugin v27.4 (Yoast SEO v27.4) - https:\/\/yoast.com\/product\/yoast-seo-premium-wordpress\/ -->\n<title>Unidad de refracci\u00f3n BETA - Medinstrus<\/title>\n<meta name=\"description\" content=\"Descubre la unidad de refracci\u00f3n BETA, dise\u00f1ada para realizar exploraciones oculares eficaces y precisas con el apoyo de instrumentos de diagn\u00f3stico integrados.\" \/>\n<meta name=\"robots\" content=\"index, follow, max-snippet:-1, max-image-preview:large, max-video-preview:-1\" \/>\n<link rel=\"canonical\" href=\"https:\/\/medinstrus.lt\/es\/producto\/beta\/\" \/>\n<meta property=\"og:locale\" content=\"es_ES\" \/>\n<meta property=\"og:type\" content=\"article\" \/>\n<meta property=\"og:title\" content=\"BETA\" \/>\n<meta property=\"og:description\" content=\"Descubre la unidad de refracci\u00f3n BETA, dise\u00f1ada para realizar exploraciones oculares eficaces y precisas con el apoyo de instrumentos de diagn\u00f3stico integrados.\" \/>\n<meta property=\"og:url\" content=\"https:\/\/medinstrus.lt\/es\/producto\/beta\/\" \/>\n<meta property=\"og:site_name\" content=\"Medinstrus\" \/>\n<meta property=\"article:publisher\" content=\"https:\/\/www.facebook.com\/medinstrus\/\" \/>\n<meta property=\"og:image\" content=\"https:\/\/medinstrus.lt\/wp-content\/uploads\/2024\/07\/Dizainas-be-pavadinimo-1.png\" \/>\n\t<meta property=\"og:image:width\" content=\"1080\" \/>\n\t<meta property=\"og:image:height\" content=\"1350\" \/>\n\t<meta property=\"og:image:type\" content=\"image\/png\" \/>\n<meta name=\"twitter:card\" content=\"summary_large_image\" \/>\n<meta name=\"twitter:label1\" content=\"Tiempo de lectura\" \/>\n\t<meta name=\"twitter:data1\" content=\"3 minutos\" \/>\n<script type=\"application\/ld+json\" class=\"yoast-schema-graph\">{\"@context\":\"https:\\\/\\\/schema.org\",\"@graph\":[{\"@type\":\"WebPage\",\"@id\":\"https:\\\/\\\/medinstrus.lt\\\/es\\\/producto\\\/beta\\\/\",\"url\":\"https:\\\/\\\/medinstrus.lt\\\/es\\\/producto\\\/beta\\\/\",\"name\":\"Unidad de refracci\u00f3n BETA - Medinstrus\",\"isPartOf\":{\"@id\":\"https:\\\/\\\/medinstrus.lt\\\/es\\\/#website\"},\"primaryImageOfPage\":{\"@id\":\"https:\\\/\\\/medinstrus.lt\\\/es\\\/producto\\\/beta\\\/#primaryimage\"},\"image\":{\"@id\":\"https:\\\/\\\/medinstrus.lt\\\/es\\\/producto\\\/beta\\\/#primaryimage\"},\"thumbnailUrl\":\"https:\\\/\\\/medinstrus.lt\\\/wp-content\\\/uploads\\\/2024\\\/07\\\/BETA-be-stalciaus.png\",\"datePublished\":\"2024-07-29T15:23:39+00:00\",\"description\":\"Descubre la unidad de refracci\u00f3n BETA, dise\u00f1ada para realizar exploraciones oculares eficaces y precisas con el apoyo de instrumentos de diagn\u00f3stico integrados.\",\"breadcrumb\":{\"@id\":\"https:\\\/\\\/medinstrus.lt\\\/es\\\/producto\\\/beta\\\/#breadcrumb\"},\"inLanguage\":\"es\",\"potentialAction\":[{\"@type\":\"ReadAction\",\"target\":[\"https:\\\/\\\/medinstrus.lt\\\/es\\\/producto\\\/beta\\\/\"]}]},{\"@type\":\"ImageObject\",\"inLanguage\":\"es\",\"@id\":\"https:\\\/\\\/medinstrus.lt\\\/es\\\/producto\\\/beta\\\/#primaryimage\",\"url\":\"https:\\\/\\\/medinstrus.lt\\\/wp-content\\\/uploads\\\/2024\\\/07\\\/BETA-be-stalciaus.png\",\"contentUrl\":\"https:\\\/\\\/medinstrus.lt\\\/wp-content\\\/uploads\\\/2024\\\/07\\\/BETA-be-stalciaus.png\",\"width\":1080,\"height\":1350},{\"@type\":\"BreadcrumbList\",\"@id\":\"https:\\\/\\\/medinstrus.lt\\\/es\\\/producto\\\/beta\\\/#breadcrumb\",\"itemListElement\":[{\"@type\":\"ListItem\",\"position\":1,\"name\":\"Home\",\"item\":\"https:\\\/\\\/medinstrus.lt\\\/es\\\/pagina-de-inicio\\\/\"},{\"@type\":\"ListItem\",\"position\":2,\"name\":\"Tienda\",\"item\":\"https:\\\/\\\/medinstrus.lt\\\/es\\\/tienda\\\/\"},{\"@type\":\"ListItem\",\"position\":3,\"name\":\"BETA\"}]},{\"@type\":\"WebSite\",\"@id\":\"https:\\\/\\\/medinstrus.lt\\\/es\\\/#website\",\"url\":\"https:\\\/\\\/medinstrus.lt\\\/es\\\/\",\"name\":\"https:\\\/\\\/medinstrus.com\\\/\",\"description\":\"Simplicity combined with functionality.\",\"publisher\":{\"@id\":\"https:\\\/\\\/medinstrus.lt\\\/es\\\/#organization\"},\"potentialAction\":[{\"@type\":\"SearchAction\",\"target\":{\"@type\":\"EntryPoint\",\"urlTemplate\":\"https:\\\/\\\/medinstrus.lt\\\/es\\\/?s={search_term_string}\"},\"query-input\":{\"@type\":\"PropertyValueSpecification\",\"valueRequired\":true,\"valueName\":\"search_term_string\"}}],\"inLanguage\":\"es\"},{\"@type\":\"Organization\",\"@id\":\"https:\\\/\\\/medinstrus.lt\\\/es\\\/#organization\",\"name\":\"Medinstrus\",\"url\":\"https:\\\/\\\/medinstrus.lt\\\/es\\\/\",\"logo\":{\"@type\":\"ImageObject\",\"inLanguage\":\"es\",\"@id\":\"https:\\\/\\\/medinstrus.lt\\\/es\\\/#\\\/schema\\\/logo\\\/image\\\/\",\"url\":\"https:\\\/\\\/medinstrus.lt\\\/wp-content\\\/uploads\\\/2025\\\/02\\\/Medinstrus-v1.png\",\"contentUrl\":\"https:\\\/\\\/medinstrus.lt\\\/wp-content\\\/uploads\\\/2025\\\/02\\\/Medinstrus-v1.png\",\"width\":723,\"height\":96,\"caption\":\"Medinstrus\"},\"image\":{\"@id\":\"https:\\\/\\\/medinstrus.lt\\\/es\\\/#\\\/schema\\\/logo\\\/image\\\/\"},\"sameAs\":[\"https:\\\/\\\/www.facebook.com\\\/medinstrus\\\/\",\"https:\\\/\\\/www.instagram.com\\\/Medinstrus\"]}]}<\/script>\n<!-- \/ Yoast SEO Premium plugin. -->","yoast_head_json":{"title":"Unidad de refracci\u00f3n BETA - Medinstrus","description":"Descubre la unidad de refracci\u00f3n BETA, dise\u00f1ada para realizar exploraciones oculares eficaces y precisas con el apoyo de instrumentos de diagn\u00f3stico integrados.","robots":{"index":"index","follow":"follow","max-snippet":"max-snippet:-1","max-image-preview":"max-image-preview:large","max-video-preview":"max-video-preview:-1"},"canonical":"https:\/\/medinstrus.lt\/es\/producto\/beta\/","og_locale":"es_ES","og_type":"article","og_title":"BETA","og_description":"Descubre la unidad de refracci\u00f3n BETA, dise\u00f1ada para realizar exploraciones oculares eficaces y precisas con el apoyo de instrumentos de diagn\u00f3stico integrados.","og_url":"https:\/\/medinstrus.lt\/es\/producto\/beta\/","og_site_name":"Medinstrus","article_publisher":"https:\/\/www.facebook.com\/medinstrus\/","og_image":[{"width":1080,"height":1350,"url":"https:\/\/medinstrus.lt\/wp-content\/uploads\/2024\/07\/Dizainas-be-pavadinimo-1.png","type":"image\/png"}],"twitter_card":"summary_large_image","twitter_misc":{"Tiempo de lectura":"3 minutos"},"schema":{"@context":"https:\/\/schema.org","@graph":[{"@type":"WebPage","@id":"https:\/\/medinstrus.lt\/es\/producto\/beta\/","url":"https:\/\/medinstrus.lt\/es\/producto\/beta\/","name":"Unidad de refracci\u00f3n BETA - Medinstrus","isPartOf":{"@id":"https:\/\/medinstrus.lt\/es\/#website"},"primaryImageOfPage":{"@id":"https:\/\/medinstrus.lt\/es\/producto\/beta\/#primaryimage"},"image":{"@id":"https:\/\/medinstrus.lt\/es\/producto\/beta\/#primaryimage"},"thumbnailUrl":"https:\/\/medinstrus.lt\/wp-content\/uploads\/2024\/07\/BETA-be-stalciaus.png","datePublished":"2024-07-29T15:23:39+00:00","description":"Descubre la unidad de refracci\u00f3n BETA, dise\u00f1ada para realizar exploraciones oculares eficaces y precisas con el apoyo de instrumentos de diagn\u00f3stico integrados.","breadcrumb":{"@id":"https:\/\/medinstrus.lt\/es\/producto\/beta\/#breadcrumb"},"inLanguage":"es","potentialAction":[{"@type":"ReadAction","target":["https:\/\/medinstrus.lt\/es\/producto\/beta\/"]}]},{"@type":"ImageObject","inLanguage":"es","@id":"https:\/\/medinstrus.lt\/es\/producto\/beta\/#primaryimage","url":"https:\/\/medinstrus.lt\/wp-content\/uploads\/2024\/07\/BETA-be-stalciaus.png","contentUrl":"https:\/\/medinstrus.lt\/wp-content\/uploads\/2024\/07\/BETA-be-stalciaus.png","width":1080,"height":1350},{"@type":"BreadcrumbList","@id":"https:\/\/medinstrus.lt\/es\/producto\/beta\/#breadcrumb","itemListElement":[{"@type":"ListItem","position":1,"name":"Home","item":"https:\/\/medinstrus.lt\/es\/pagina-de-inicio\/"},{"@type":"ListItem","position":2,"name":"Tienda","item":"https:\/\/medinstrus.lt\/es\/tienda\/"},{"@type":"ListItem","position":3,"name":"BETA"}]},{"@type":"WebSite","@id":"https:\/\/medinstrus.lt\/es\/#website","url":"https:\/\/medinstrus.lt\/es\/","name":"https:\/\/medinstrus.com\/","description":"Simplicity combined with functionality.","publisher":{"@id":"https:\/\/medinstrus.lt\/es\/#organization"},"potentialAction":[{"@type":"SearchAction","target":{"@type":"EntryPoint","urlTemplate":"https:\/\/medinstrus.lt\/es\/?s={search_term_string}"},"query-input":{"@type":"PropertyValueSpecification","valueRequired":true,"valueName":"search_term_string"}}],"inLanguage":"es"},{"@type":"Organization","@id":"https:\/\/medinstrus.lt\/es\/#organization","name":"Medinstrus","url":"https:\/\/medinstrus.lt\/es\/","logo":{"@type":"ImageObject","inLanguage":"es","@id":"https:\/\/medinstrus.lt\/es\/#\/schema\/logo\/image\/","url":"https:\/\/medinstrus.lt\/wp-content\/uploads\/2025\/02\/Medinstrus-v1.png","contentUrl":"https:\/\/medinstrus.lt\/wp-content\/uploads\/2025\/02\/Medinstrus-v1.png","width":723,"height":96,"caption":"Medinstrus"},"image":{"@id":"https:\/\/medinstrus.lt\/es\/#\/schema\/logo\/image\/"},"sameAs":["https:\/\/www.facebook.com\/medinstrus\/","https:\/\/www.instagram.com\/Medinstrus"]}]}},"_links":{"self":[{"href":"https:\/\/medinstrus.lt\/es\/wp-json\/wp\/v2\/product\/3380","targetHints":{"allow":["GET"]}}],"collection":[{"href":"https:\/\/medinstrus.lt\/es\/wp-json\/wp\/v2\/product"}],"about":[{"href":"https:\/\/medinstrus.lt\/es\/wp-json\/wp\/v2\/types\/product"}],"replies":[{"embeddable":true,"href":"https:\/\/medinstrus.lt\/es\/wp-json\/wp\/v2\/comments?post=3380"}],"wp:featuredmedia":[{"embeddable":true,"href":"https:\/\/medinstrus.lt\/es\/wp-json\/wp\/v2\/media\/4119"}],"wp:attachment":[{"href":"https:\/\/medinstrus.lt\/es\/wp-json\/wp\/v2\/media?parent=3380"}],"wp:term":[{"taxonomy":"product_brand","embeddable":true,"href":"https:\/\/medinstrus.lt\/es\/wp-json\/wp\/v2\/product_brand?post=3380"},{"taxonomy":"product_cat","embeddable":true,"href":"https:\/\/medinstrus.lt\/es\/wp-json\/wp\/v2\/product_cat?post=3380"},{"taxonomy":"product_tag","embeddable":true,"href":"https:\/\/medinstrus.lt\/es\/wp-json\/wp\/v2\/product_tag?post=3380"}],"curies":[{"name":"wp","href":"https:\/\/api.w.org\/{rel}","templated":true}]}}