{"id":3377,"date":"2024-09-23T14:35:12","date_gmt":"2024-09-23T11:35:12","guid":{"rendered":"https:\/\/medinstrus.lt\/product\/mini-maestro\/"},"modified":"2024-09-23T14:35:12","modified_gmt":"2024-09-23T11:35:12","slug":"mini-maestro","status":"publish","type":"product","link":"https:\/\/medinstrus.lt\/es\/producto\/mini-maestro\/","title":{"rendered":"MINI Maestro"},"content":{"rendered":"<p><strong>Caracter\u00edsticas principales:<\/strong><\/p>\n<ul>\n<li><strong>Tablero deslizante: <\/strong>El tablero est\u00e1 dise\u00f1ado para alojar dos instrumentos y dispone de un mecanismo deslizante que facilita el acceso y la colocaci\u00f3n de los instrumentos durante las exploraciones.<\/li>\n<li><strong>Tableros de madera laminada:<\/strong> Garantizan la durabilidad y un aspecto profesional.<\/li>\n<li><strong>Gesti\u00f3n de potencia integrada: <\/strong>Equipado con un transformador de potencia ajustable integrado para instrumentos como las l\u00e1mparas asslit y los oftalm\u00f3metros, que garantiza que todos los dispositivos reciban una alimentaci\u00f3n estable y fiable.<\/li>\n<li><strong>Fuente de alimentaci\u00f3n ajustable: <\/strong>Proporciona 6V y\/o 12V, con otras opciones de voltaje disponibles bajo pedido.<\/li>\n<li><strong>Dise\u00f1o ergon\u00f3mico: <\/strong>El panel de control est\u00e1 convenientemente situado para facilitar el manejo, mejorando la eficacia del flujo de trabajo.<\/li>\n<li><strong>Adaptador para Chin Res: <\/strong>Incluido para garantizar la comodidad del paciente durante las exploraciones.<\/li>\n<li><strong>Estabilidad y accesibilidad: <\/strong>La unidad est\u00e1 dise\u00f1ada para fijarse al suelo, lo que garantiza su estabilidad durante el uso.<\/li>\n<li><strong>Instalaciones de acceso para discapacitados: <\/strong>Dise\u00f1adas para acomodar a pacientes con discapacidades, garantizando la inclusividad.<\/li>\n<\/ul>\n<p><strong>Opciones de personalizaci\u00f3n:<\/strong><\/p>\n<ul>\n<li><strong>Colores a elegir: <\/strong>El MINI Master est\u00e1 disponible en varios colores para el tablero y las piezas met\u00e1licas, lo que te permite adaptar la unidad a la est\u00e9tica de tu consulta.<\/li>\n<li><strong>Versi\u00f3n para zurdos: <\/strong>La unidad se puede convertir f\u00e1cilmente en una versi\u00f3n para zurdos para satisfacer las necesidades de distintos profesionales.<\/li>\n<li><strong>Accesorios opcionales<\/strong><\/li>\n<li><strong>Cables de datos instalados de f\u00e1brica: <\/strong>Incluye cables de datos (Fire Wire, USB, RS232) para una conectividad integrada.<\/li>\n<li><strong>Mando de pedal: <\/strong>Para subir y bajar c\u00f3modamente la mesa.<\/li>\n<\/ul>\n<p><strong>\u00bfPor qu\u00e9 elegir MINI Master?<\/strong><\/p>\n<ul>\n<li><strong>Eficiencia espacial:<\/strong> El dise\u00f1o compacto del MINI Master lo hace perfecto para consultas con espacio limitado, sin comprometer su funcionalidad.<\/li>\n<li><strong>Flujo de trabajo mejorado:<\/strong> La disposici\u00f3n ergon\u00f3mica y el c\u00f3modo panel de control mejoran la eficiencia del flujo de trabajo, lo que permite a los m\u00e9dicos realizar los ex\u00e1menes con mayor eficacia.<\/li>\n<li><strong>Confort para el paciente<\/strong>: La mesa ajustable y los accesorios bien dise\u00f1ados garantizan la m\u00e1xima comodidad para los pacientes durante su visita.<\/li>\n<li><strong>Personalizaci\u00f3n:<\/strong> La posibilidad de personalizar la unidad para adaptarla a necesidades espec\u00edficas hace delMINI Master un complemento vers\u00e1til para cualquier consulta oftalmol\u00f3gica.<\/li>\n<li><strong>Aspecto profesional:<\/strong> El dise\u00f1o elegante y moderno contribuye a crear un entorno profesional y acogedor en la consulta.<\/li>\n<\/ul>\n<p>Mejora la atenci\u00f3n a tus pacientes y la eficiencia operativa con el MINI Master, que ofrece una funcionalidad avanzada y opciones de dise\u00f1o personalizadas para satisfacer las necesidades \u00fanicas de tu consulta oftalmol\u00f3gica.<\/p>\n","protected":false},"excerpt":{"rendered":"<p><strong>Refracci\u00f3n MINI Master<\/strong><\/p>\n<p>La unidad de refracci\u00f3n MINI Master es una soluci\u00f3n compacta pero muy funcional, dise\u00f1ada para maximizar la eficacia y la comodidad de las exploraciones oftalmol\u00f3gicas. Su dise\u00f1o compacto y sus funciones avanzadas la convierten en la opci\u00f3n ideal para consultas con espacio limitado. <\/p>\n","protected":false},"featured_media":2819,"comment_status":"closed","ping_status":"closed","template":"","meta":{"_acf_changed":false},"product_brand":[],"product_cat":[162],"product_tag":[264,263,262],"class_list":{"0":"post-3377","1":"product","2":"type-product","3":"status-publish","4":"has-post-thumbnail","6":"product_cat-unidades-de-refraccion","7":"product_tag-cuidado-ocular-que-ahorra-espacio","8":"product_tag-equipo-oftalmologico-compacto","9":"product_tag-unidad-de-refraccion-mini-master","11":"first","12":"instock","13":"shipping-taxable","14":"product-type-simple"},"acf":[],"gallery_images":[2166,2168,2170],"yoast_head":"<!-- This site is optimized with the Yoast SEO Premium plugin v27.4 (Yoast SEO v27.4) - https:\/\/yoast.com\/product\/yoast-seo-premium-wordpress\/ -->\n<title>Unidad de refracci\u00f3n MINI master - Medinstrus<\/title>\n<meta name=\"description\" content=\"Presentamos la unidad de refracci\u00f3n MINI Master, una soluci\u00f3n compacta y eficaz para cl\u00ednicas oftalmol\u00f3gicas con problemas de espacio. Personal\u00edzala para adaptarla a tus necesidades.\" \/>\n<meta name=\"robots\" content=\"index, follow, max-snippet:-1, max-image-preview:large, max-video-preview:-1\" \/>\n<link rel=\"canonical\" href=\"https:\/\/medinstrus.lt\/es\/producto\/mini-maestro\/\" \/>\n<meta property=\"og:locale\" content=\"es_ES\" \/>\n<meta property=\"og:type\" content=\"article\" \/>\n<meta property=\"og:title\" content=\"MINI Maestro\" \/>\n<meta property=\"og:description\" content=\"Presentamos la unidad de refracci\u00f3n MINI Master, una soluci\u00f3n compacta y eficaz para cl\u00ednicas oftalmol\u00f3gicas con problemas de espacio. Personal\u00edzala para adaptarla a tus necesidades.\" \/>\n<meta property=\"og:url\" content=\"https:\/\/medinstrus.lt\/es\/producto\/mini-maestro\/\" \/>\n<meta property=\"og:site_name\" content=\"Medinstrus\" \/>\n<meta property=\"article:publisher\" content=\"https:\/\/www.facebook.com\/medinstrus\/\" \/>\n<meta property=\"og:image\" content=\"https:\/\/medinstrus.lt\/wp-content\/uploads\/2024\/09\/MINI-MASTER-svetainei.png\" \/>\n\t<meta property=\"og:image:width\" content=\"1080\" \/>\n\t<meta property=\"og:image:height\" content=\"1350\" \/>\n\t<meta property=\"og:image:type\" content=\"image\/png\" \/>\n<meta name=\"twitter:card\" content=\"summary_large_image\" \/>\n<meta name=\"twitter:label1\" content=\"Tiempo de lectura\" \/>\n\t<meta name=\"twitter:data1\" content=\"2 minutos\" \/>\n<script type=\"application\/ld+json\" class=\"yoast-schema-graph\">{\"@context\":\"https:\\\/\\\/schema.org\",\"@graph\":[{\"@type\":\"WebPage\",\"@id\":\"https:\\\/\\\/medinstrus.lt\\\/es\\\/producto\\\/mini-maestro\\\/\",\"url\":\"https:\\\/\\\/medinstrus.lt\\\/es\\\/producto\\\/mini-maestro\\\/\",\"name\":\"Unidad de refracci\u00f3n MINI master - Medinstrus\",\"isPartOf\":{\"@id\":\"https:\\\/\\\/medinstrus.lt\\\/es\\\/#website\"},\"primaryImageOfPage\":{\"@id\":\"https:\\\/\\\/medinstrus.lt\\\/es\\\/producto\\\/mini-maestro\\\/#primaryimage\"},\"image\":{\"@id\":\"https:\\\/\\\/medinstrus.lt\\\/es\\\/producto\\\/mini-maestro\\\/#primaryimage\"},\"thumbnailUrl\":\"https:\\\/\\\/medinstrus.lt\\\/wp-content\\\/uploads\\\/2024\\\/09\\\/MINI-MASTER-svetainei.png\",\"datePublished\":\"2024-09-23T11:35:12+00:00\",\"description\":\"Presentamos la unidad de refracci\u00f3n MINI Master, una soluci\u00f3n compacta y eficaz para cl\u00ednicas oftalmol\u00f3gicas con problemas de espacio. Personal\u00edzala para adaptarla a tus necesidades.\",\"breadcrumb\":{\"@id\":\"https:\\\/\\\/medinstrus.lt\\\/es\\\/producto\\\/mini-maestro\\\/#breadcrumb\"},\"inLanguage\":\"es\",\"potentialAction\":[{\"@type\":\"ReadAction\",\"target\":[\"https:\\\/\\\/medinstrus.lt\\\/es\\\/producto\\\/mini-maestro\\\/\"]}]},{\"@type\":\"ImageObject\",\"inLanguage\":\"es\",\"@id\":\"https:\\\/\\\/medinstrus.lt\\\/es\\\/producto\\\/mini-maestro\\\/#primaryimage\",\"url\":\"https:\\\/\\\/medinstrus.lt\\\/wp-content\\\/uploads\\\/2024\\\/09\\\/MINI-MASTER-svetainei.png\",\"contentUrl\":\"https:\\\/\\\/medinstrus.lt\\\/wp-content\\\/uploads\\\/2024\\\/09\\\/MINI-MASTER-svetainei.png\",\"width\":1080,\"height\":1350,\"caption\":\"MINI Master refraction unit designed for small ophthalmic spaces\"},{\"@type\":\"BreadcrumbList\",\"@id\":\"https:\\\/\\\/medinstrus.lt\\\/es\\\/producto\\\/mini-maestro\\\/#breadcrumb\",\"itemListElement\":[{\"@type\":\"ListItem\",\"position\":1,\"name\":\"Home\",\"item\":\"https:\\\/\\\/medinstrus.lt\\\/es\\\/pagina-de-inicio\\\/\"},{\"@type\":\"ListItem\",\"position\":2,\"name\":\"Tienda\",\"item\":\"https:\\\/\\\/medinstrus.lt\\\/es\\\/tienda\\\/\"},{\"@type\":\"ListItem\",\"position\":3,\"name\":\"MINI Maestro\"}]},{\"@type\":\"WebSite\",\"@id\":\"https:\\\/\\\/medinstrus.lt\\\/es\\\/#website\",\"url\":\"https:\\\/\\\/medinstrus.lt\\\/es\\\/\",\"name\":\"https:\\\/\\\/medinstrus.com\\\/\",\"description\":\"Simplicity combined with functionality.\",\"publisher\":{\"@id\":\"https:\\\/\\\/medinstrus.lt\\\/es\\\/#organization\"},\"potentialAction\":[{\"@type\":\"SearchAction\",\"target\":{\"@type\":\"EntryPoint\",\"urlTemplate\":\"https:\\\/\\\/medinstrus.lt\\\/es\\\/?s={search_term_string}\"},\"query-input\":{\"@type\":\"PropertyValueSpecification\",\"valueRequired\":true,\"valueName\":\"search_term_string\"}}],\"inLanguage\":\"es\"},{\"@type\":\"Organization\",\"@id\":\"https:\\\/\\\/medinstrus.lt\\\/es\\\/#organization\",\"name\":\"Medinstrus\",\"url\":\"https:\\\/\\\/medinstrus.lt\\\/es\\\/\",\"logo\":{\"@type\":\"ImageObject\",\"inLanguage\":\"es\",\"@id\":\"https:\\\/\\\/medinstrus.lt\\\/es\\\/#\\\/schema\\\/logo\\\/image\\\/\",\"url\":\"https:\\\/\\\/medinstrus.lt\\\/wp-content\\\/uploads\\\/2025\\\/02\\\/Medinstrus-v1.png\",\"contentUrl\":\"https:\\\/\\\/medinstrus.lt\\\/wp-content\\\/uploads\\\/2025\\\/02\\\/Medinstrus-v1.png\",\"width\":723,\"height\":96,\"caption\":\"Medinstrus\"},\"image\":{\"@id\":\"https:\\\/\\\/medinstrus.lt\\\/es\\\/#\\\/schema\\\/logo\\\/image\\\/\"},\"sameAs\":[\"https:\\\/\\\/www.facebook.com\\\/medinstrus\\\/\",\"https:\\\/\\\/www.instagram.com\\\/Medinstrus\"]}]}<\/script>\n<!-- \/ Yoast SEO Premium plugin. -->","yoast_head_json":{"title":"Unidad de refracci\u00f3n MINI master - Medinstrus","description":"Presentamos la unidad de refracci\u00f3n MINI Master, una soluci\u00f3n compacta y eficaz para cl\u00ednicas oftalmol\u00f3gicas con problemas de espacio. Personal\u00edzala para adaptarla a tus necesidades.","robots":{"index":"index","follow":"follow","max-snippet":"max-snippet:-1","max-image-preview":"max-image-preview:large","max-video-preview":"max-video-preview:-1"},"canonical":"https:\/\/medinstrus.lt\/es\/producto\/mini-maestro\/","og_locale":"es_ES","og_type":"article","og_title":"MINI Maestro","og_description":"Presentamos la unidad de refracci\u00f3n MINI Master, una soluci\u00f3n compacta y eficaz para cl\u00ednicas oftalmol\u00f3gicas con problemas de espacio. Personal\u00edzala para adaptarla a tus necesidades.","og_url":"https:\/\/medinstrus.lt\/es\/producto\/mini-maestro\/","og_site_name":"Medinstrus","article_publisher":"https:\/\/www.facebook.com\/medinstrus\/","og_image":[{"width":1080,"height":1350,"url":"https:\/\/medinstrus.lt\/wp-content\/uploads\/2024\/09\/MINI-MASTER-svetainei.png","type":"image\/png"}],"twitter_card":"summary_large_image","twitter_misc":{"Tiempo de lectura":"2 minutos"},"schema":{"@context":"https:\/\/schema.org","@graph":[{"@type":"WebPage","@id":"https:\/\/medinstrus.lt\/es\/producto\/mini-maestro\/","url":"https:\/\/medinstrus.lt\/es\/producto\/mini-maestro\/","name":"Unidad de refracci\u00f3n MINI master - Medinstrus","isPartOf":{"@id":"https:\/\/medinstrus.lt\/es\/#website"},"primaryImageOfPage":{"@id":"https:\/\/medinstrus.lt\/es\/producto\/mini-maestro\/#primaryimage"},"image":{"@id":"https:\/\/medinstrus.lt\/es\/producto\/mini-maestro\/#primaryimage"},"thumbnailUrl":"https:\/\/medinstrus.lt\/wp-content\/uploads\/2024\/09\/MINI-MASTER-svetainei.png","datePublished":"2024-09-23T11:35:12+00:00","description":"Presentamos la unidad de refracci\u00f3n MINI Master, una soluci\u00f3n compacta y eficaz para cl\u00ednicas oftalmol\u00f3gicas con problemas de espacio. Personal\u00edzala para adaptarla a tus necesidades.","breadcrumb":{"@id":"https:\/\/medinstrus.lt\/es\/producto\/mini-maestro\/#breadcrumb"},"inLanguage":"es","potentialAction":[{"@type":"ReadAction","target":["https:\/\/medinstrus.lt\/es\/producto\/mini-maestro\/"]}]},{"@type":"ImageObject","inLanguage":"es","@id":"https:\/\/medinstrus.lt\/es\/producto\/mini-maestro\/#primaryimage","url":"https:\/\/medinstrus.lt\/wp-content\/uploads\/2024\/09\/MINI-MASTER-svetainei.png","contentUrl":"https:\/\/medinstrus.lt\/wp-content\/uploads\/2024\/09\/MINI-MASTER-svetainei.png","width":1080,"height":1350,"caption":"MINI Master refraction unit designed for small ophthalmic spaces"},{"@type":"BreadcrumbList","@id":"https:\/\/medinstrus.lt\/es\/producto\/mini-maestro\/#breadcrumb","itemListElement":[{"@type":"ListItem","position":1,"name":"Home","item":"https:\/\/medinstrus.lt\/es\/pagina-de-inicio\/"},{"@type":"ListItem","position":2,"name":"Tienda","item":"https:\/\/medinstrus.lt\/es\/tienda\/"},{"@type":"ListItem","position":3,"name":"MINI Maestro"}]},{"@type":"WebSite","@id":"https:\/\/medinstrus.lt\/es\/#website","url":"https:\/\/medinstrus.lt\/es\/","name":"https:\/\/medinstrus.com\/","description":"Simplicity combined with functionality.","publisher":{"@id":"https:\/\/medinstrus.lt\/es\/#organization"},"potentialAction":[{"@type":"SearchAction","target":{"@type":"EntryPoint","urlTemplate":"https:\/\/medinstrus.lt\/es\/?s={search_term_string}"},"query-input":{"@type":"PropertyValueSpecification","valueRequired":true,"valueName":"search_term_string"}}],"inLanguage":"es"},{"@type":"Organization","@id":"https:\/\/medinstrus.lt\/es\/#organization","name":"Medinstrus","url":"https:\/\/medinstrus.lt\/es\/","logo":{"@type":"ImageObject","inLanguage":"es","@id":"https:\/\/medinstrus.lt\/es\/#\/schema\/logo\/image\/","url":"https:\/\/medinstrus.lt\/wp-content\/uploads\/2025\/02\/Medinstrus-v1.png","contentUrl":"https:\/\/medinstrus.lt\/wp-content\/uploads\/2025\/02\/Medinstrus-v1.png","width":723,"height":96,"caption":"Medinstrus"},"image":{"@id":"https:\/\/medinstrus.lt\/es\/#\/schema\/logo\/image\/"},"sameAs":["https:\/\/www.facebook.com\/medinstrus\/","https:\/\/www.instagram.com\/Medinstrus"]}]}},"_links":{"self":[{"href":"https:\/\/medinstrus.lt\/es\/wp-json\/wp\/v2\/product\/3377","targetHints":{"allow":["GET"]}}],"collection":[{"href":"https:\/\/medinstrus.lt\/es\/wp-json\/wp\/v2\/product"}],"about":[{"href":"https:\/\/medinstrus.lt\/es\/wp-json\/wp\/v2\/types\/product"}],"replies":[{"embeddable":true,"href":"https:\/\/medinstrus.lt\/es\/wp-json\/wp\/v2\/comments?post=3377"}],"wp:featuredmedia":[{"embeddable":true,"href":"https:\/\/medinstrus.lt\/es\/wp-json\/wp\/v2\/media\/2819"}],"wp:attachment":[{"href":"https:\/\/medinstrus.lt\/es\/wp-json\/wp\/v2\/media?parent=3377"}],"wp:term":[{"taxonomy":"product_brand","embeddable":true,"href":"https:\/\/medinstrus.lt\/es\/wp-json\/wp\/v2\/product_brand?post=3377"},{"taxonomy":"product_cat","embeddable":true,"href":"https:\/\/medinstrus.lt\/es\/wp-json\/wp\/v2\/product_cat?post=3377"},{"taxonomy":"product_tag","embeddable":true,"href":"https:\/\/medinstrus.lt\/es\/wp-json\/wp\/v2\/product_tag?post=3377"}],"curies":[{"name":"wp","href":"https:\/\/api.w.org\/{rel}","templated":true}]}}