{"id":3374,"date":"2024-09-24T11:41:36","date_gmt":"2024-09-24T08:41:36","guid":{"rendered":"https:\/\/medinstrus.lt\/product\/torre-plus\/"},"modified":"2024-09-24T11:41:36","modified_gmt":"2024-09-24T08:41:36","slug":"torre-plus","status":"publish","type":"product","link":"https:\/\/medinstrus.lt\/es\/producto\/torre-plus\/","title":{"rendered":"Torre PLUS"},"content":{"rendered":"<p><strong>Caracter\u00edsticas principales:<\/strong><\/p>\n<ul>\n<li><strong>Brazo de for\u00f3ptero y soporte de proyector:<\/strong> Al igual que la unidad Tower, el Tower PLUS est\u00e1 dise\u00f1ado para integrar un brazo de for\u00f3ptero y un proyector, lo que facilita la configuraci\u00f3n de un examen completo.<\/li>\n<li><strong>Capacidad y gesti\u00f3n de cables mejoradas:<\/strong> El Tower PLUS incorpora soluciones avanzadas de gesti\u00f3n de cables, que permiten guardar todos los cables ordenadamente dentro de la unidad, reduciendo el desorden y mejorando el aspecto profesional de tu consulta.<\/li>\n<li><strong>Dise\u00f1o que ahorra espacio:<\/strong> A pesar de su mayor capacidad, el Tower PLUS mantiene un tama\u00f1o compacto, lo que lo hace adecuado para consultas con espacio limitado.<\/li>\n<li><strong>Ergonom\u00eda avanzada:<\/strong> El dise\u00f1o ergon\u00f3mico mejorado garantiza que los profesionales puedan realizar las exploraciones con el m\u00ednimo esfuerzo, mejorando la comodidad del paciente y la calidad de la atenci\u00f3n.<\/li>\n<\/ul>\n<p><strong>Opciones de personalizaci\u00f3n:<\/strong><\/p>\n<ul>\n<li><strong>Paleta de colores ampliada:<\/strong> Ofrece una amplia gama de opciones de color para sus piezas met\u00e1licas y tableros, lo que permite una integraci\u00f3n perfecta en la decoraci\u00f3n de cualquier consulta.<\/li>\n<li><strong>Accesorios adicionales:<\/strong> Puede equiparse con una serie de accesorios adicionales, como opciones avanzadas de iluminaci\u00f3n, soluciones de almacenamiento personalizables y mucho m\u00e1s, adaptados a las necesidades exclusivas de tu consulta.<\/li>\n<\/ul>\n<p>Tanto la unidad Tower como la Tower PLUS representan la c\u00faspide de la funcionalidad y la personalizaci\u00f3n, garantizando que tu consulta funcione con la m\u00e1xima eficacia y estilo. La incorporaci\u00f3n de la gesti\u00f3n avanzada de cables en el Tower PLUS garantiza un espacio de trabajo limpio y organizado, mejorando a\u00fan m\u00e1s su aspecto profesional. <\/p>\n","protected":false},"excerpt":{"rendered":"<p><strong>Unidad de Refracci\u00f3n de Torre<\/strong><\/p>\n<p>La unidad de refracci\u00f3n Tower PLUS se basa en el robusto dise\u00f1o de la unidad Tower, ofreciendo funciones mejoradas y mayores opciones de personalizaci\u00f3n para entornos oftalmol\u00f3gicos m\u00e1s exigentes. Incluye un avanzado sistema de gesti\u00f3n de cables, que permite guardar todos los cables dentro de la unidad para conseguir un aspecto limpio y organizado. <\/p>\n","protected":false},"featured_media":2855,"comment_status":"closed","ping_status":"closed","template":"","meta":{"_acf_changed":false},"product_brand":[],"product_cat":[162],"product_tag":[331],"class_list":{"0":"post-3374","1":"product","2":"type-product","3":"status-publish","4":"has-post-thumbnail","6":"product_cat-unidades-de-refraccion","7":"product_tag-puesto-de-trabajo-oftalmologico","9":"first","10":"instock","11":"shipping-taxable","12":"product-type-simple"},"acf":[],"gallery_images":[2857,2859,2861,2863],"yoast_head":"<!-- This site is optimized with the Yoast SEO Premium plugin v27.4 (Yoast SEO v27.4) - https:\/\/yoast.com\/product\/yoast-seo-premium-wordpress\/ -->\n<title>Torre PLUS - Medinstrus<\/title>\n<meta name=\"robots\" content=\"index, follow, max-snippet:-1, max-image-preview:large, max-video-preview:-1\" \/>\n<link rel=\"canonical\" href=\"https:\/\/medinstrus.lt\/es\/producto\/torre-plus\/\" \/>\n<meta property=\"og:locale\" content=\"es_ES\" \/>\n<meta property=\"og:type\" content=\"article\" \/>\n<meta property=\"og:title\" content=\"Torre PLUS\" \/>\n<meta property=\"og:description\" content=\"Unidad de Refracci\u00f3n de Torre La unidad de refracci\u00f3n Tower PLUS se basa en el robusto dise\u00f1o de la unidad Tower, ofreciendo funciones mejoradas y mayores opciones de personalizaci\u00f3n para entornos oftalmol\u00f3gicos m\u00e1s exigentes. Incluye un avanzado sistema de gesti\u00f3n de cables, que permite guardar todos los cables dentro de la unidad para conseguir un aspecto limpio y organizado.\" \/>\n<meta property=\"og:url\" content=\"https:\/\/medinstrus.lt\/es\/producto\/torre-plus\/\" \/>\n<meta property=\"og:site_name\" content=\"Medinstrus\" \/>\n<meta property=\"article:publisher\" content=\"https:\/\/www.facebook.com\/medinstrus\/\" \/>\n<meta property=\"og:image\" content=\"https:\/\/medinstrus.lt\/wp-content\/uploads\/2024\/09\/1-2.png\" \/>\n\t<meta property=\"og:image:width\" content=\"1080\" \/>\n\t<meta property=\"og:image:height\" content=\"1350\" \/>\n\t<meta property=\"og:image:type\" content=\"image\/png\" \/>\n<meta name=\"twitter:card\" content=\"summary_large_image\" \/>\n<meta name=\"twitter:label1\" content=\"Tiempo de lectura\" \/>\n\t<meta name=\"twitter:data1\" content=\"1 minuto\" \/>\n<script type=\"application\/ld+json\" class=\"yoast-schema-graph\">{\"@context\":\"https:\\\/\\\/schema.org\",\"@graph\":[{\"@type\":\"WebPage\",\"@id\":\"https:\\\/\\\/medinstrus.lt\\\/es\\\/producto\\\/torre-plus\\\/\",\"url\":\"https:\\\/\\\/medinstrus.lt\\\/es\\\/producto\\\/torre-plus\\\/\",\"name\":\"Torre PLUS - Medinstrus\",\"isPartOf\":{\"@id\":\"https:\\\/\\\/medinstrus.lt\\\/es\\\/#website\"},\"primaryImageOfPage\":{\"@id\":\"https:\\\/\\\/medinstrus.lt\\\/es\\\/producto\\\/torre-plus\\\/#primaryimage\"},\"image\":{\"@id\":\"https:\\\/\\\/medinstrus.lt\\\/es\\\/producto\\\/torre-plus\\\/#primaryimage\"},\"thumbnailUrl\":\"https:\\\/\\\/medinstrus.lt\\\/wp-content\\\/uploads\\\/2024\\\/09\\\/1-2.png\",\"datePublished\":\"2024-09-24T08:41:36+00:00\",\"breadcrumb\":{\"@id\":\"https:\\\/\\\/medinstrus.lt\\\/es\\\/producto\\\/torre-plus\\\/#breadcrumb\"},\"inLanguage\":\"es\",\"potentialAction\":[{\"@type\":\"ReadAction\",\"target\":[\"https:\\\/\\\/medinstrus.lt\\\/es\\\/producto\\\/torre-plus\\\/\"]}]},{\"@type\":\"ImageObject\",\"inLanguage\":\"es\",\"@id\":\"https:\\\/\\\/medinstrus.lt\\\/es\\\/producto\\\/torre-plus\\\/#primaryimage\",\"url\":\"https:\\\/\\\/medinstrus.lt\\\/wp-content\\\/uploads\\\/2024\\\/09\\\/1-2.png\",\"contentUrl\":\"https:\\\/\\\/medinstrus.lt\\\/wp-content\\\/uploads\\\/2024\\\/09\\\/1-2.png\",\"width\":1080,\"height\":1350,\"caption\":\"Tower Plus enhances the Tower model with refined cable routing and cleaner workspace.\"},{\"@type\":\"BreadcrumbList\",\"@id\":\"https:\\\/\\\/medinstrus.lt\\\/es\\\/producto\\\/torre-plus\\\/#breadcrumb\",\"itemListElement\":[{\"@type\":\"ListItem\",\"position\":1,\"name\":\"Home\",\"item\":\"https:\\\/\\\/medinstrus.lt\\\/es\\\/pagina-de-inicio\\\/\"},{\"@type\":\"ListItem\",\"position\":2,\"name\":\"Tienda\",\"item\":\"https:\\\/\\\/medinstrus.lt\\\/es\\\/tienda\\\/\"},{\"@type\":\"ListItem\",\"position\":3,\"name\":\"Torre PLUS\"}]},{\"@type\":\"WebSite\",\"@id\":\"https:\\\/\\\/medinstrus.lt\\\/es\\\/#website\",\"url\":\"https:\\\/\\\/medinstrus.lt\\\/es\\\/\",\"name\":\"https:\\\/\\\/medinstrus.com\\\/\",\"description\":\"Simplicity combined with functionality.\",\"publisher\":{\"@id\":\"https:\\\/\\\/medinstrus.lt\\\/es\\\/#organization\"},\"potentialAction\":[{\"@type\":\"SearchAction\",\"target\":{\"@type\":\"EntryPoint\",\"urlTemplate\":\"https:\\\/\\\/medinstrus.lt\\\/es\\\/?s={search_term_string}\"},\"query-input\":{\"@type\":\"PropertyValueSpecification\",\"valueRequired\":true,\"valueName\":\"search_term_string\"}}],\"inLanguage\":\"es\"},{\"@type\":\"Organization\",\"@id\":\"https:\\\/\\\/medinstrus.lt\\\/es\\\/#organization\",\"name\":\"Medinstrus\",\"url\":\"https:\\\/\\\/medinstrus.lt\\\/es\\\/\",\"logo\":{\"@type\":\"ImageObject\",\"inLanguage\":\"es\",\"@id\":\"https:\\\/\\\/medinstrus.lt\\\/es\\\/#\\\/schema\\\/logo\\\/image\\\/\",\"url\":\"https:\\\/\\\/medinstrus.lt\\\/wp-content\\\/uploads\\\/2025\\\/02\\\/Medinstrus-v1.png\",\"contentUrl\":\"https:\\\/\\\/medinstrus.lt\\\/wp-content\\\/uploads\\\/2025\\\/02\\\/Medinstrus-v1.png\",\"width\":723,\"height\":96,\"caption\":\"Medinstrus\"},\"image\":{\"@id\":\"https:\\\/\\\/medinstrus.lt\\\/es\\\/#\\\/schema\\\/logo\\\/image\\\/\"},\"sameAs\":[\"https:\\\/\\\/www.facebook.com\\\/medinstrus\\\/\",\"https:\\\/\\\/www.instagram.com\\\/Medinstrus\"]}]}<\/script>\n<!-- \/ Yoast SEO Premium plugin. -->","yoast_head_json":{"title":"Torre PLUS - Medinstrus","robots":{"index":"index","follow":"follow","max-snippet":"max-snippet:-1","max-image-preview":"max-image-preview:large","max-video-preview":"max-video-preview:-1"},"canonical":"https:\/\/medinstrus.lt\/es\/producto\/torre-plus\/","og_locale":"es_ES","og_type":"article","og_title":"Torre PLUS","og_description":"Unidad de Refracci\u00f3n de Torre La unidad de refracci\u00f3n Tower PLUS se basa en el robusto dise\u00f1o de la unidad Tower, ofreciendo funciones mejoradas y mayores opciones de personalizaci\u00f3n para entornos oftalmol\u00f3gicos m\u00e1s exigentes. Incluye un avanzado sistema de gesti\u00f3n de cables, que permite guardar todos los cables dentro de la unidad para conseguir un aspecto limpio y organizado.","og_url":"https:\/\/medinstrus.lt\/es\/producto\/torre-plus\/","og_site_name":"Medinstrus","article_publisher":"https:\/\/www.facebook.com\/medinstrus\/","og_image":[{"width":1080,"height":1350,"url":"https:\/\/medinstrus.lt\/wp-content\/uploads\/2024\/09\/1-2.png","type":"image\/png"}],"twitter_card":"summary_large_image","twitter_misc":{"Tiempo de lectura":"1 minuto"},"schema":{"@context":"https:\/\/schema.org","@graph":[{"@type":"WebPage","@id":"https:\/\/medinstrus.lt\/es\/producto\/torre-plus\/","url":"https:\/\/medinstrus.lt\/es\/producto\/torre-plus\/","name":"Torre PLUS - Medinstrus","isPartOf":{"@id":"https:\/\/medinstrus.lt\/es\/#website"},"primaryImageOfPage":{"@id":"https:\/\/medinstrus.lt\/es\/producto\/torre-plus\/#primaryimage"},"image":{"@id":"https:\/\/medinstrus.lt\/es\/producto\/torre-plus\/#primaryimage"},"thumbnailUrl":"https:\/\/medinstrus.lt\/wp-content\/uploads\/2024\/09\/1-2.png","datePublished":"2024-09-24T08:41:36+00:00","breadcrumb":{"@id":"https:\/\/medinstrus.lt\/es\/producto\/torre-plus\/#breadcrumb"},"inLanguage":"es","potentialAction":[{"@type":"ReadAction","target":["https:\/\/medinstrus.lt\/es\/producto\/torre-plus\/"]}]},{"@type":"ImageObject","inLanguage":"es","@id":"https:\/\/medinstrus.lt\/es\/producto\/torre-plus\/#primaryimage","url":"https:\/\/medinstrus.lt\/wp-content\/uploads\/2024\/09\/1-2.png","contentUrl":"https:\/\/medinstrus.lt\/wp-content\/uploads\/2024\/09\/1-2.png","width":1080,"height":1350,"caption":"Tower Plus enhances the Tower model with refined cable routing and cleaner workspace."},{"@type":"BreadcrumbList","@id":"https:\/\/medinstrus.lt\/es\/producto\/torre-plus\/#breadcrumb","itemListElement":[{"@type":"ListItem","position":1,"name":"Home","item":"https:\/\/medinstrus.lt\/es\/pagina-de-inicio\/"},{"@type":"ListItem","position":2,"name":"Tienda","item":"https:\/\/medinstrus.lt\/es\/tienda\/"},{"@type":"ListItem","position":3,"name":"Torre PLUS"}]},{"@type":"WebSite","@id":"https:\/\/medinstrus.lt\/es\/#website","url":"https:\/\/medinstrus.lt\/es\/","name":"https:\/\/medinstrus.com\/","description":"Simplicity combined with functionality.","publisher":{"@id":"https:\/\/medinstrus.lt\/es\/#organization"},"potentialAction":[{"@type":"SearchAction","target":{"@type":"EntryPoint","urlTemplate":"https:\/\/medinstrus.lt\/es\/?s={search_term_string}"},"query-input":{"@type":"PropertyValueSpecification","valueRequired":true,"valueName":"search_term_string"}}],"inLanguage":"es"},{"@type":"Organization","@id":"https:\/\/medinstrus.lt\/es\/#organization","name":"Medinstrus","url":"https:\/\/medinstrus.lt\/es\/","logo":{"@type":"ImageObject","inLanguage":"es","@id":"https:\/\/medinstrus.lt\/es\/#\/schema\/logo\/image\/","url":"https:\/\/medinstrus.lt\/wp-content\/uploads\/2025\/02\/Medinstrus-v1.png","contentUrl":"https:\/\/medinstrus.lt\/wp-content\/uploads\/2025\/02\/Medinstrus-v1.png","width":723,"height":96,"caption":"Medinstrus"},"image":{"@id":"https:\/\/medinstrus.lt\/es\/#\/schema\/logo\/image\/"},"sameAs":["https:\/\/www.facebook.com\/medinstrus\/","https:\/\/www.instagram.com\/Medinstrus"]}]}},"_links":{"self":[{"href":"https:\/\/medinstrus.lt\/es\/wp-json\/wp\/v2\/product\/3374","targetHints":{"allow":["GET"]}}],"collection":[{"href":"https:\/\/medinstrus.lt\/es\/wp-json\/wp\/v2\/product"}],"about":[{"href":"https:\/\/medinstrus.lt\/es\/wp-json\/wp\/v2\/types\/product"}],"replies":[{"embeddable":true,"href":"https:\/\/medinstrus.lt\/es\/wp-json\/wp\/v2\/comments?post=3374"}],"wp:featuredmedia":[{"embeddable":true,"href":"https:\/\/medinstrus.lt\/es\/wp-json\/wp\/v2\/media\/2855"}],"wp:attachment":[{"href":"https:\/\/medinstrus.lt\/es\/wp-json\/wp\/v2\/media?parent=3374"}],"wp:term":[{"taxonomy":"product_brand","embeddable":true,"href":"https:\/\/medinstrus.lt\/es\/wp-json\/wp\/v2\/product_brand?post=3374"},{"taxonomy":"product_cat","embeddable":true,"href":"https:\/\/medinstrus.lt\/es\/wp-json\/wp\/v2\/product_cat?post=3374"},{"taxonomy":"product_tag","embeddable":true,"href":"https:\/\/medinstrus.lt\/es\/wp-json\/wp\/v2\/product_tag?post=3374"}],"curies":[{"name":"wp","href":"https:\/\/api.w.org\/{rel}","templated":true}]}}