{"id":3370,"date":"2024-09-24T11:57:16","date_gmt":"2024-09-24T08:57:16","guid":{"rendered":"https:\/\/medinstrus.lt\/product\/x2s\/"},"modified":"2024-09-24T11:57:16","modified_gmt":"2024-09-24T08:57:16","slug":"x2s","status":"publish","type":"product","link":"https:\/\/medinstrus.lt\/es\/producto\/x2s\/","title":{"rendered":"X2s"},"content":{"rendered":"<p><strong>Caracter\u00edsticas principales:<\/strong><\/p>\n<p><strong>Mesa deslizante para dos instrumentos:<\/strong><\/p>\n<ul>\n<li>La mesa deslizante tiene capacidad para dos instrumentos y un grosor de s\u00f3lo 7 cm, lo que la hace ideal para consultas que atienden a usuarios de sillas de ruedas, al facilitar el acceso y la flexibilidad durante las exploraciones.<\/li>\n<\/ul>\n<p>  <strong>Brazo de for\u00f3ptero y soporte de proyector:<\/strong><\/p>\n<ul>\n<li>  Puede equiparse con un brazo de for\u00f3ptero y un soporte para proyector de gr\u00e1ficos, lo que garantiza una configuraci\u00f3n de refracci\u00f3n completa y sin fisuras.<\/li>\n<\/ul>\n<p><strong>Dise\u00f1o ergon\u00f3mico:<\/strong><\/p>\n<ul>\n<li>Tanto la altura de la mesa como la de la silla pueden ajustarse, lo que permite un flujo de trabajo ergon\u00f3mico que mejora la comodidad del profesional y la accesibilidad del paciente.<\/li>\n<\/ul>\n<p><strong>Panel de control integrado con luz ambiental:<\/strong><\/p>\n<ul>\n<li>El panel de control est\u00e1 dise\u00f1ado de forma intuitiva para un manejo sencillo, lo que permite a los profesionales gestionar la funcionalidad de la unidad con facilidad. Tambi\u00e9n dispone de iluminaci\u00f3n ambiental, que crea una atm\u00f3sfera relajante en la sala de exploraci\u00f3n. <\/li>\n<\/ul>\n<p><strong>Caj\u00f3n de almacenamiento giratorio:<\/strong><\/p>\n<ul>\n<li>El caj\u00f3n incorporado puede girarse hacia el paciente, lo que facilita el acceso a un juego de lentes de prueba y a otros accesorios necesarios durante la exploraci\u00f3n, mejorando el flujo de trabajo y la accesibilidad tanto para el profesional como para el paciente.<\/li>\n<\/ul>\n<p><strong>Opciones de personalizaci\u00f3n:<\/strong><\/p>\n<p><strong>Colores a elegir:<\/strong><\/p>\n<ul>\n<li>La unidad X2S est\u00e1 disponible en una amplia gama de colores para sus piezas met\u00e1licas, tableros y tapicer\u00eda de las sillas, lo que permite personalizarla para que se adapte a la est\u00e9tica de tu cl\u00ednica y proporciona un aspecto elegante y profesional.<\/li>\n<\/ul>\n<p><strong>Personalizaci\u00f3n de la mesa:<\/strong><\/p>\n<ul>\n<li>No s\u00f3lo se pueden personalizar los colores, sino que el tama\u00f1o y la forma de los tableros tambi\u00e9n se pueden adaptar a las necesidades y preferencias espec\u00edficas de tu consulta, lo que proporciona m\u00e1s versatilidad para colocar los instrumentos.<\/li>\n<\/ul>\n<p><strong>Accesorios opcionales:<\/strong><\/p>\n<ul>\n<li>Reposapi\u00e9s y reposabrazos: Para mayor comodidad durante ex\u00e1menes prolongados.<\/li>\n<li>Brazos de for\u00f3ptero: Pueden equiparse para un montaje completo.<\/li>\n<li>Soporte para monitores: Para visualizar y colocar c\u00f3modamente los monitores durante las consultas de los pacientes.<\/li>\n<li>Mando de pedal: Para ajustar c\u00f3modamente la altura de la mesa y la silla durante los reconocimientos.<\/li>\n<li>Cables de datos instalados de f\u00e1brica: Para una integraci\u00f3n perfecta del instrumento con conectividad FireWire, USB o RS232.<\/li>\n<\/ul>\n<p><strong>Especificaciones t\u00e9cnicas:<\/strong><\/p>\n<ul>\n<li>Fuente de alimentaci\u00f3n: 230 V, 50\/60 Hz.<\/li>\n<li>Altura de la Mesa desde el Suelo: Ajustable entre 70 cm y 100 cm.<\/li>\n<li>Capacidad de peso m\u00e1x: Tablero: 60 kg, Silla: 150 kg.<\/li>\n<li>Fuente de alimentaci\u00f3n para instrumentos: Oscila entre 3,5 V y 24 V, adaptable a los distintos requisitos de alimentaci\u00f3n de los instrumentos.<\/li>\n<\/ul>\n<p><strong>\u00bfPor qu\u00e9 elegir X2S?<\/strong><\/p>\n<ul>\n<li>Workflo eficiente: La disposici\u00f3n ergon\u00f3mica, la mesa y la silla ajustables, y los controles intuitivos agilizan el proceso de examen, permitiendo cambiar f\u00e1cilmente de un instrumento a otro.<\/li>\n<li>Accesibilidad para todos los pacientes: Con su tablero ultrafino y sus funciones ajustables, la X2S est\u00e1 dise\u00f1ada para consultas que necesitan acomodar a pacientes con discapacidad o que utilizan sillas de ruedas.<\/li>\n<li>Dise\u00f1o elegante: Con una est\u00e9tica moderna y opciones de color personalizables para las piezas met\u00e1licas, el tablero y la tapicer\u00eda de la silla, la X2S realza el aspecto profesional de cualquier cl\u00ednica.<\/li>\n<li>Comodidad para el paciente: La altura totalmente ajustable de la silla y la mesa, junto con los reposapi\u00e9s y reposabrazos opcionales, garantizan una experiencia c\u00f3moda para todos los pacientes, mejorando su atenci\u00f3n.<\/li>\n<li>Personalizaci\u00f3n: Adaptada a tus necesidades, la unidad X2S puede personalizarse con accesorios adicionales, opciones de color e incluso tama\u00f1os y formas de tablero a medida, lo que la hace adaptable a distintos entornos cl\u00ednicos.<\/li>\n<\/ul>\n<p>Eleva la eficacia y la est\u00e9tica de tu consulta oftalmol\u00f3gica con la unidad de refracci\u00f3n X2S. Sus funciones avanzadas, opciones personalizables y dise\u00f1o moderno garantizan una experiencia mejorada para el paciente y el profesional. <\/p>\n","protected":false},"excerpt":{"rendered":"<p><strong>Unidad de refracci\u00f3n X2s<\/strong><\/p>\n<p>La unidad de refracci\u00f3n X2S es una soluci\u00f3n elegante y muy funcional, dise\u00f1ada para aportar comodidad y eficacia a las consultas oftalmol\u00f3gicas. Su dise\u00f1o elegante, la integraci\u00f3n de tecnolog\u00eda moderna y su versatilidad la convierten en una opci\u00f3n excelente para los profesionales que buscan una unidad de refracci\u00f3n de m\u00e1xima calidad, especialmente para los que necesitan flexibilidad para acceder en silla de ruedas. <\/p>\n","protected":false},"featured_media":2867,"comment_status":"closed","ping_status":"closed","template":"","meta":{"_acf_changed":false},"product_brand":[],"product_cat":[162],"product_tag":[194,331],"class_list":{"0":"post-3370","1":"product","2":"type-product","3":"status-publish","4":"has-post-thumbnail","6":"product_cat-unidades-de-refraccion","7":"product_tag-diseno-ergonomico","8":"product_tag-puesto-de-trabajo-oftalmologico","10":"first","11":"instock","12":"shipping-taxable","13":"product-type-simple"},"acf":[],"gallery_images":[2869,2871,2873,2875,2877,2879,2881,2883,2885,2887,2889,2891,2893],"yoast_head":"<!-- This site is optimized with the Yoast SEO Premium plugin v27.4 (Yoast SEO v27.4) - https:\/\/yoast.com\/product\/yoast-seo-premium-wordpress\/ -->\n<title>X2s - Medinstrus<\/title>\n<meta name=\"robots\" content=\"index, follow, max-snippet:-1, max-image-preview:large, max-video-preview:-1\" \/>\n<link rel=\"canonical\" href=\"https:\/\/medinstrus.lt\/es\/producto\/x2s\/\" \/>\n<meta property=\"og:locale\" content=\"es_ES\" \/>\n<meta property=\"og:type\" content=\"article\" \/>\n<meta property=\"og:title\" content=\"X2s\" \/>\n<meta property=\"og:description\" content=\"Unidad de refracci\u00f3n X2s La unidad de refracci\u00f3n X2S es una soluci\u00f3n elegante y muy funcional, dise\u00f1ada para aportar comodidad y eficacia a las consultas oftalmol\u00f3gicas. Su dise\u00f1o elegante, la integraci\u00f3n de tecnolog\u00eda moderna y su versatilidad la convierten en una opci\u00f3n excelente para los profesionales que buscan una unidad de refracci\u00f3n de m\u00e1xima calidad, especialmente para los que necesitan flexibilidad para acceder en silla de ruedas.\" \/>\n<meta property=\"og:url\" content=\"https:\/\/medinstrus.lt\/es\/producto\/x2s\/\" \/>\n<meta property=\"og:site_name\" content=\"Medinstrus\" \/>\n<meta property=\"article:publisher\" content=\"https:\/\/www.facebook.com\/medinstrus\/\" \/>\n<meta property=\"og:image\" content=\"https:\/\/medinstrus.lt\/wp-content\/uploads\/2024\/09\/1-4.png\" \/>\n\t<meta property=\"og:image:width\" content=\"1080\" \/>\n\t<meta property=\"og:image:height\" content=\"1350\" \/>\n\t<meta property=\"og:image:type\" content=\"image\/png\" \/>\n<meta name=\"twitter:card\" content=\"summary_large_image\" \/>\n<meta name=\"twitter:label1\" content=\"Tiempo de lectura\" \/>\n\t<meta name=\"twitter:data1\" content=\"3 minutos\" \/>\n<script type=\"application\/ld+json\" class=\"yoast-schema-graph\">{\"@context\":\"https:\\\/\\\/schema.org\",\"@graph\":[{\"@type\":\"WebPage\",\"@id\":\"https:\\\/\\\/medinstrus.lt\\\/es\\\/producto\\\/x2s\\\/\",\"url\":\"https:\\\/\\\/medinstrus.lt\\\/es\\\/producto\\\/x2s\\\/\",\"name\":\"X2s - Medinstrus\",\"isPartOf\":{\"@id\":\"https:\\\/\\\/medinstrus.lt\\\/es\\\/#website\"},\"primaryImageOfPage\":{\"@id\":\"https:\\\/\\\/medinstrus.lt\\\/es\\\/producto\\\/x2s\\\/#primaryimage\"},\"image\":{\"@id\":\"https:\\\/\\\/medinstrus.lt\\\/es\\\/producto\\\/x2s\\\/#primaryimage\"},\"thumbnailUrl\":\"https:\\\/\\\/medinstrus.lt\\\/wp-content\\\/uploads\\\/2024\\\/09\\\/1-4.png\",\"datePublished\":\"2024-09-24T08:57:16+00:00\",\"breadcrumb\":{\"@id\":\"https:\\\/\\\/medinstrus.lt\\\/es\\\/producto\\\/x2s\\\/#breadcrumb\"},\"inLanguage\":\"es\",\"potentialAction\":[{\"@type\":\"ReadAction\",\"target\":[\"https:\\\/\\\/medinstrus.lt\\\/es\\\/producto\\\/x2s\\\/\"]}]},{\"@type\":\"ImageObject\",\"inLanguage\":\"es\",\"@id\":\"https:\\\/\\\/medinstrus.lt\\\/es\\\/producto\\\/x2s\\\/#primaryimage\",\"url\":\"https:\\\/\\\/medinstrus.lt\\\/wp-content\\\/uploads\\\/2024\\\/09\\\/1-4.png\",\"contentUrl\":\"https:\\\/\\\/medinstrus.lt\\\/wp-content\\\/uploads\\\/2024\\\/09\\\/1-4.png\",\"width\":1080,\"height\":1350,\"caption\":\"X2S unit combines slim design, ergonomic layout and ambient lighting\u2014ideal for clinics with tight spaces.\"},{\"@type\":\"BreadcrumbList\",\"@id\":\"https:\\\/\\\/medinstrus.lt\\\/es\\\/producto\\\/x2s\\\/#breadcrumb\",\"itemListElement\":[{\"@type\":\"ListItem\",\"position\":1,\"name\":\"Home\",\"item\":\"https:\\\/\\\/medinstrus.lt\\\/es\\\/pagina-de-inicio\\\/\"},{\"@type\":\"ListItem\",\"position\":2,\"name\":\"Tienda\",\"item\":\"https:\\\/\\\/medinstrus.lt\\\/es\\\/tienda\\\/\"},{\"@type\":\"ListItem\",\"position\":3,\"name\":\"X2s\"}]},{\"@type\":\"WebSite\",\"@id\":\"https:\\\/\\\/medinstrus.lt\\\/es\\\/#website\",\"url\":\"https:\\\/\\\/medinstrus.lt\\\/es\\\/\",\"name\":\"https:\\\/\\\/medinstrus.com\\\/\",\"description\":\"Simplicity combined with functionality.\",\"publisher\":{\"@id\":\"https:\\\/\\\/medinstrus.lt\\\/es\\\/#organization\"},\"potentialAction\":[{\"@type\":\"SearchAction\",\"target\":{\"@type\":\"EntryPoint\",\"urlTemplate\":\"https:\\\/\\\/medinstrus.lt\\\/es\\\/?s={search_term_string}\"},\"query-input\":{\"@type\":\"PropertyValueSpecification\",\"valueRequired\":true,\"valueName\":\"search_term_string\"}}],\"inLanguage\":\"es\"},{\"@type\":\"Organization\",\"@id\":\"https:\\\/\\\/medinstrus.lt\\\/es\\\/#organization\",\"name\":\"Medinstrus\",\"url\":\"https:\\\/\\\/medinstrus.lt\\\/es\\\/\",\"logo\":{\"@type\":\"ImageObject\",\"inLanguage\":\"es\",\"@id\":\"https:\\\/\\\/medinstrus.lt\\\/es\\\/#\\\/schema\\\/logo\\\/image\\\/\",\"url\":\"https:\\\/\\\/medinstrus.lt\\\/wp-content\\\/uploads\\\/2025\\\/02\\\/Medinstrus-v1.png\",\"contentUrl\":\"https:\\\/\\\/medinstrus.lt\\\/wp-content\\\/uploads\\\/2025\\\/02\\\/Medinstrus-v1.png\",\"width\":723,\"height\":96,\"caption\":\"Medinstrus\"},\"image\":{\"@id\":\"https:\\\/\\\/medinstrus.lt\\\/es\\\/#\\\/schema\\\/logo\\\/image\\\/\"},\"sameAs\":[\"https:\\\/\\\/www.facebook.com\\\/medinstrus\\\/\",\"https:\\\/\\\/www.instagram.com\\\/Medinstrus\"]}]}<\/script>\n<!-- \/ Yoast SEO Premium plugin. -->","yoast_head_json":{"title":"X2s - Medinstrus","robots":{"index":"index","follow":"follow","max-snippet":"max-snippet:-1","max-image-preview":"max-image-preview:large","max-video-preview":"max-video-preview:-1"},"canonical":"https:\/\/medinstrus.lt\/es\/producto\/x2s\/","og_locale":"es_ES","og_type":"article","og_title":"X2s","og_description":"Unidad de refracci\u00f3n X2s La unidad de refracci\u00f3n X2S es una soluci\u00f3n elegante y muy funcional, dise\u00f1ada para aportar comodidad y eficacia a las consultas oftalmol\u00f3gicas. Su dise\u00f1o elegante, la integraci\u00f3n de tecnolog\u00eda moderna y su versatilidad la convierten en una opci\u00f3n excelente para los profesionales que buscan una unidad de refracci\u00f3n de m\u00e1xima calidad, especialmente para los que necesitan flexibilidad para acceder en silla de ruedas.","og_url":"https:\/\/medinstrus.lt\/es\/producto\/x2s\/","og_site_name":"Medinstrus","article_publisher":"https:\/\/www.facebook.com\/medinstrus\/","og_image":[{"width":1080,"height":1350,"url":"https:\/\/medinstrus.lt\/wp-content\/uploads\/2024\/09\/1-4.png","type":"image\/png"}],"twitter_card":"summary_large_image","twitter_misc":{"Tiempo de lectura":"3 minutos"},"schema":{"@context":"https:\/\/schema.org","@graph":[{"@type":"WebPage","@id":"https:\/\/medinstrus.lt\/es\/producto\/x2s\/","url":"https:\/\/medinstrus.lt\/es\/producto\/x2s\/","name":"X2s - Medinstrus","isPartOf":{"@id":"https:\/\/medinstrus.lt\/es\/#website"},"primaryImageOfPage":{"@id":"https:\/\/medinstrus.lt\/es\/producto\/x2s\/#primaryimage"},"image":{"@id":"https:\/\/medinstrus.lt\/es\/producto\/x2s\/#primaryimage"},"thumbnailUrl":"https:\/\/medinstrus.lt\/wp-content\/uploads\/2024\/09\/1-4.png","datePublished":"2024-09-24T08:57:16+00:00","breadcrumb":{"@id":"https:\/\/medinstrus.lt\/es\/producto\/x2s\/#breadcrumb"},"inLanguage":"es","potentialAction":[{"@type":"ReadAction","target":["https:\/\/medinstrus.lt\/es\/producto\/x2s\/"]}]},{"@type":"ImageObject","inLanguage":"es","@id":"https:\/\/medinstrus.lt\/es\/producto\/x2s\/#primaryimage","url":"https:\/\/medinstrus.lt\/wp-content\/uploads\/2024\/09\/1-4.png","contentUrl":"https:\/\/medinstrus.lt\/wp-content\/uploads\/2024\/09\/1-4.png","width":1080,"height":1350,"caption":"X2S unit combines slim design, ergonomic layout and ambient lighting\u2014ideal for clinics with tight spaces."},{"@type":"BreadcrumbList","@id":"https:\/\/medinstrus.lt\/es\/producto\/x2s\/#breadcrumb","itemListElement":[{"@type":"ListItem","position":1,"name":"Home","item":"https:\/\/medinstrus.lt\/es\/pagina-de-inicio\/"},{"@type":"ListItem","position":2,"name":"Tienda","item":"https:\/\/medinstrus.lt\/es\/tienda\/"},{"@type":"ListItem","position":3,"name":"X2s"}]},{"@type":"WebSite","@id":"https:\/\/medinstrus.lt\/es\/#website","url":"https:\/\/medinstrus.lt\/es\/","name":"https:\/\/medinstrus.com\/","description":"Simplicity combined with functionality.","publisher":{"@id":"https:\/\/medinstrus.lt\/es\/#organization"},"potentialAction":[{"@type":"SearchAction","target":{"@type":"EntryPoint","urlTemplate":"https:\/\/medinstrus.lt\/es\/?s={search_term_string}"},"query-input":{"@type":"PropertyValueSpecification","valueRequired":true,"valueName":"search_term_string"}}],"inLanguage":"es"},{"@type":"Organization","@id":"https:\/\/medinstrus.lt\/es\/#organization","name":"Medinstrus","url":"https:\/\/medinstrus.lt\/es\/","logo":{"@type":"ImageObject","inLanguage":"es","@id":"https:\/\/medinstrus.lt\/es\/#\/schema\/logo\/image\/","url":"https:\/\/medinstrus.lt\/wp-content\/uploads\/2025\/02\/Medinstrus-v1.png","contentUrl":"https:\/\/medinstrus.lt\/wp-content\/uploads\/2025\/02\/Medinstrus-v1.png","width":723,"height":96,"caption":"Medinstrus"},"image":{"@id":"https:\/\/medinstrus.lt\/es\/#\/schema\/logo\/image\/"},"sameAs":["https:\/\/www.facebook.com\/medinstrus\/","https:\/\/www.instagram.com\/Medinstrus"]}]}},"_links":{"self":[{"href":"https:\/\/medinstrus.lt\/es\/wp-json\/wp\/v2\/product\/3370","targetHints":{"allow":["GET"]}}],"collection":[{"href":"https:\/\/medinstrus.lt\/es\/wp-json\/wp\/v2\/product"}],"about":[{"href":"https:\/\/medinstrus.lt\/es\/wp-json\/wp\/v2\/types\/product"}],"replies":[{"embeddable":true,"href":"https:\/\/medinstrus.lt\/es\/wp-json\/wp\/v2\/comments?post=3370"}],"wp:featuredmedia":[{"embeddable":true,"href":"https:\/\/medinstrus.lt\/es\/wp-json\/wp\/v2\/media\/2867"}],"wp:attachment":[{"href":"https:\/\/medinstrus.lt\/es\/wp-json\/wp\/v2\/media?parent=3370"}],"wp:term":[{"taxonomy":"product_brand","embeddable":true,"href":"https:\/\/medinstrus.lt\/es\/wp-json\/wp\/v2\/product_brand?post=3370"},{"taxonomy":"product_cat","embeddable":true,"href":"https:\/\/medinstrus.lt\/es\/wp-json\/wp\/v2\/product_cat?post=3370"},{"taxonomy":"product_tag","embeddable":true,"href":"https:\/\/medinstrus.lt\/es\/wp-json\/wp\/v2\/product_tag?post=3370"}],"curies":[{"name":"wp","href":"https:\/\/api.w.org\/{rel}","templated":true}]}}