{"id":3365,"date":"2024-09-24T18:24:41","date_gmt":"2024-09-24T15:24:41","guid":{"rendered":"https:\/\/medinstrus.lt\/product\/et01-ptu\/"},"modified":"2024-09-24T18:24:41","modified_gmt":"2024-09-24T15:24:41","slug":"et01-ptu","status":"publish","type":"product","link":"https:\/\/medinstrus.lt\/es\/producto\/et01-ptu\/","title":{"rendered":"ET01 PTU"},"content":{"rendered":"<p><strong>Opciones de personalizaci\u00f3n:<\/strong><\/p>\n<p><strong>Caracter\u00edsticas principales:<\/strong><\/p>\n<ul>\n<li><strong>Dise\u00f1o compacto:<\/strong> Ahorra espacio y se adapta f\u00e1cilmente a la mayor\u00eda de las distribuciones de las habitaciones.<\/li>\n<li><strong>Dise\u00f1o flexible:<\/strong> Permite utilizar diferentes instrumentos.<\/li>\n<li><strong>Cableado est\u00e9tico:<\/strong> El cableado de los instrumentos puede guiarse de forma segura y est\u00e9tica.<\/li>\n<li><strong>Movilidad:<\/strong> Base equipada con ruedas para facilitar el desplazamiento y la colocaci\u00f3n segura.<\/li>\n<\/ul>\n<p><strong>Adaptaciones espec\u00edficas:<\/strong><\/p>\n<ul>\n<li><strong>Armario para PC:<\/strong> Equipado con un peque\u00f1o armario para PC, que facilita el funcionamiento y el almacenamiento sin problemas.<\/li>\n<li><strong>Estante retr\u00e1ctil:<\/strong> Un estante retr\u00e1ctil para un teclado, que mejora la comodidad del usuario.<\/li>\n<li><strong>Estantes para impresora y NAS:<\/strong> Los estantes incluidos proporcionan espacios dedicados para una impresora y un almacenamiento conectado a la red (NAS).<\/li>\n<li><strong>Transformador de aislamiento m\u00e9dico (opcional):<\/strong> Disponible para mejorar la seguridad el\u00e9ctrica.<\/li>\n<\/ul>\n<p><strong>Especificaciones t\u00e9cnicas:<\/strong><\/p>\n<p><strong>Ajuste de altura:<\/strong><\/p>\n<ul>\n<li><strong>Altura m\u00ednima:<\/strong> 70,5 cm<\/li>\n<li><strong>Altura m\u00e1xima:<\/strong> 95,5 cm<\/li>\n<li><strong>Carrera:<\/strong> 25 cm<\/li>\n<\/ul>\n<p><strong>Dimensiones:<\/strong><\/p>\n<ul>\n<li><strong>Anchura con estante para impresora<\/strong> 122 cm<\/li>\n<li><strong>Anchura sin estante para impresora<\/strong> 110 cm<\/li>\n<li><strong>Profundidad:<\/strong> 62 cm<\/li>\n<\/ul>\n<p><strong>Peso:<\/strong><\/p>\n<ul>\n<li><strong>Peso de la mesa:<\/strong> 62 kg<\/li>\n<li> <strong> Capacidad de carga m\u00e1xima:<\/strong> 80 kg<\/li>\n<\/ul>\n<p>Esta mesa espec\u00edfica mejora la eficacia de los instrumentos de OCT, garantizando una funcionalidad \u00f3ptima y un uso ergon\u00f3mico. Su cuidado dise\u00f1o y sus caracter\u00edsticas adicionales la convierten en un valioso activo en el entorno cl\u00ednico, ya que fomenta tanto la eficacia operativa como la comodidad del paciente. <\/p>\n","protected":false},"excerpt":{"rendered":"<p><strong>ET01-OCT Tabla el\u00e9ctrica para OCT<\/strong><\/p>\n<p>La Mesa El\u00e9ctrica Medinstrus est\u00e1 dise\u00f1ada espec\u00edficamente para acomodar la Tomograf\u00eda de Coherencia \u00d3ptica (OCT). Esta mesa ofrece una funcionalidad robusta, facilidad de uso y estabilidad superior, lo que la convierte en un complemento ideal para cualquier entorno cl\u00ednico. <\/p>\n","protected":false},"featured_media":2957,"comment_status":"closed","ping_status":"closed","template":"","meta":{"_acf_changed":false},"product_brand":[],"product_cat":[202],"product_tag":[249,207,247,248,246],"class_list":{"0":"post-3365","1":"product","2":"type-product","3":"status-publish","4":"has-post-thumbnail","6":"product_cat-tablas","7":"product_tag-mesa-de-instrumentos-oct","8":"product_tag-mesa-elevadora-electrica","9":"product_tag-mesa-motorizada-regulable-en-altura","10":"product_tag-tabla-de-instrumentos-de-diagnostico","11":"product_tag-tabla-et01-oct","13":"first","14":"instock","15":"shipping-taxable","16":"product-type-simple"},"acf":[],"gallery_images":[2362,2364,2366,2368,2370,2372,2374],"yoast_head":"<!-- This site is optimized with the Yoast SEO Premium plugin v27.4 (Yoast SEO v27.4) - https:\/\/yoast.com\/product\/yoast-seo-premium-wordpress\/ -->\n<title>Mesa el\u00e9ctrica para instrumental oftalmol\u00f3gico ET01 OCT - Medinstrus<\/title>\n<meta name=\"description\" content=\"Explora la ET01 OCT, una mesa elevadora el\u00e9ctrica dise\u00f1ada espec\u00edficamente para soportar dispositivos de Tomograf\u00eda de Coherencia \u00d3ptica en cl\u00ednicas oftalmol\u00f3gicas.\" \/>\n<meta name=\"robots\" content=\"index, follow, max-snippet:-1, max-image-preview:large, max-video-preview:-1\" \/>\n<link rel=\"canonical\" href=\"https:\/\/medinstrus.lt\/es\/producto\/et01-ptu\/\" \/>\n<meta property=\"og:locale\" content=\"es_ES\" \/>\n<meta property=\"og:type\" content=\"article\" \/>\n<meta property=\"og:title\" content=\"ET01 PTU\" \/>\n<meta property=\"og:description\" content=\"Explora la ET01 OCT, una mesa elevadora el\u00e9ctrica dise\u00f1ada espec\u00edficamente para soportar dispositivos de Tomograf\u00eda de Coherencia \u00d3ptica en cl\u00ednicas oftalmol\u00f3gicas.\" \/>\n<meta property=\"og:url\" content=\"https:\/\/medinstrus.lt\/es\/producto\/et01-ptu\/\" \/>\n<meta property=\"og:site_name\" content=\"Medinstrus\" \/>\n<meta property=\"article:publisher\" content=\"https:\/\/www.facebook.com\/medinstrus\/\" \/>\n<meta property=\"og:image\" content=\"https:\/\/medinstrus.lt\/wp-content\/uploads\/2024\/09\/ET01-OCT.png\" \/>\n\t<meta property=\"og:image:width\" content=\"1080\" \/>\n\t<meta property=\"og:image:height\" content=\"1350\" \/>\n\t<meta property=\"og:image:type\" content=\"image\/png\" \/>\n<meta name=\"twitter:card\" content=\"summary_large_image\" \/>\n<meta name=\"twitter:label1\" content=\"Tiempo de lectura\" \/>\n\t<meta name=\"twitter:data1\" content=\"1 minuto\" \/>\n<script type=\"application\/ld+json\" class=\"yoast-schema-graph\">{\"@context\":\"https:\\\/\\\/schema.org\",\"@graph\":[{\"@type\":\"WebPage\",\"@id\":\"https:\\\/\\\/medinstrus.lt\\\/es\\\/producto\\\/et01-ptu\\\/\",\"url\":\"https:\\\/\\\/medinstrus.lt\\\/es\\\/producto\\\/et01-ptu\\\/\",\"name\":\"Mesa el\u00e9ctrica para instrumental oftalmol\u00f3gico ET01 OCT - Medinstrus\",\"isPartOf\":{\"@id\":\"https:\\\/\\\/medinstrus.lt\\\/es\\\/#website\"},\"primaryImageOfPage\":{\"@id\":\"https:\\\/\\\/medinstrus.lt\\\/es\\\/producto\\\/et01-ptu\\\/#primaryimage\"},\"image\":{\"@id\":\"https:\\\/\\\/medinstrus.lt\\\/es\\\/producto\\\/et01-ptu\\\/#primaryimage\"},\"thumbnailUrl\":\"https:\\\/\\\/medinstrus.lt\\\/wp-content\\\/uploads\\\/2024\\\/09\\\/ET01-OCT.png\",\"datePublished\":\"2024-09-24T15:24:41+00:00\",\"description\":\"Explora la ET01 OCT, una mesa elevadora el\u00e9ctrica dise\u00f1ada espec\u00edficamente para soportar dispositivos de Tomograf\u00eda de Coherencia \u00d3ptica en cl\u00ednicas oftalmol\u00f3gicas.\",\"breadcrumb\":{\"@id\":\"https:\\\/\\\/medinstrus.lt\\\/es\\\/producto\\\/et01-ptu\\\/#breadcrumb\"},\"inLanguage\":\"es\",\"potentialAction\":[{\"@type\":\"ReadAction\",\"target\":[\"https:\\\/\\\/medinstrus.lt\\\/es\\\/producto\\\/et01-ptu\\\/\"]}]},{\"@type\":\"ImageObject\",\"inLanguage\":\"es\",\"@id\":\"https:\\\/\\\/medinstrus.lt\\\/es\\\/producto\\\/et01-ptu\\\/#primaryimage\",\"url\":\"https:\\\/\\\/medinstrus.lt\\\/wp-content\\\/uploads\\\/2024\\\/09\\\/ET01-OCT.png\",\"contentUrl\":\"https:\\\/\\\/medinstrus.lt\\\/wp-content\\\/uploads\\\/2024\\\/09\\\/ET01-OCT.png\",\"width\":1080,\"height\":1350,\"caption\":\"ET01 OCT table designed for OCT device support\"},{\"@type\":\"BreadcrumbList\",\"@id\":\"https:\\\/\\\/medinstrus.lt\\\/es\\\/producto\\\/et01-ptu\\\/#breadcrumb\",\"itemListElement\":[{\"@type\":\"ListItem\",\"position\":1,\"name\":\"Home\",\"item\":\"https:\\\/\\\/medinstrus.lt\\\/es\\\/pagina-de-inicio\\\/\"},{\"@type\":\"ListItem\",\"position\":2,\"name\":\"Tienda\",\"item\":\"https:\\\/\\\/medinstrus.lt\\\/es\\\/tienda\\\/\"},{\"@type\":\"ListItem\",\"position\":3,\"name\":\"ET01 PTU\"}]},{\"@type\":\"WebSite\",\"@id\":\"https:\\\/\\\/medinstrus.lt\\\/es\\\/#website\",\"url\":\"https:\\\/\\\/medinstrus.lt\\\/es\\\/\",\"name\":\"https:\\\/\\\/medinstrus.com\\\/\",\"description\":\"Simplicity combined with functionality.\",\"publisher\":{\"@id\":\"https:\\\/\\\/medinstrus.lt\\\/es\\\/#organization\"},\"potentialAction\":[{\"@type\":\"SearchAction\",\"target\":{\"@type\":\"EntryPoint\",\"urlTemplate\":\"https:\\\/\\\/medinstrus.lt\\\/es\\\/?s={search_term_string}\"},\"query-input\":{\"@type\":\"PropertyValueSpecification\",\"valueRequired\":true,\"valueName\":\"search_term_string\"}}],\"inLanguage\":\"es\"},{\"@type\":\"Organization\",\"@id\":\"https:\\\/\\\/medinstrus.lt\\\/es\\\/#organization\",\"name\":\"Medinstrus\",\"url\":\"https:\\\/\\\/medinstrus.lt\\\/es\\\/\",\"logo\":{\"@type\":\"ImageObject\",\"inLanguage\":\"es\",\"@id\":\"https:\\\/\\\/medinstrus.lt\\\/es\\\/#\\\/schema\\\/logo\\\/image\\\/\",\"url\":\"https:\\\/\\\/medinstrus.lt\\\/wp-content\\\/uploads\\\/2025\\\/02\\\/Medinstrus-v1.png\",\"contentUrl\":\"https:\\\/\\\/medinstrus.lt\\\/wp-content\\\/uploads\\\/2025\\\/02\\\/Medinstrus-v1.png\",\"width\":723,\"height\":96,\"caption\":\"Medinstrus\"},\"image\":{\"@id\":\"https:\\\/\\\/medinstrus.lt\\\/es\\\/#\\\/schema\\\/logo\\\/image\\\/\"},\"sameAs\":[\"https:\\\/\\\/www.facebook.com\\\/medinstrus\\\/\",\"https:\\\/\\\/www.instagram.com\\\/Medinstrus\"]}]}<\/script>\n<!-- \/ Yoast SEO Premium plugin. -->","yoast_head_json":{"title":"Mesa el\u00e9ctrica para instrumental oftalmol\u00f3gico ET01 OCT - Medinstrus","description":"Explora la ET01 OCT, una mesa elevadora el\u00e9ctrica dise\u00f1ada espec\u00edficamente para soportar dispositivos de Tomograf\u00eda de Coherencia \u00d3ptica en cl\u00ednicas oftalmol\u00f3gicas.","robots":{"index":"index","follow":"follow","max-snippet":"max-snippet:-1","max-image-preview":"max-image-preview:large","max-video-preview":"max-video-preview:-1"},"canonical":"https:\/\/medinstrus.lt\/es\/producto\/et01-ptu\/","og_locale":"es_ES","og_type":"article","og_title":"ET01 PTU","og_description":"Explora la ET01 OCT, una mesa elevadora el\u00e9ctrica dise\u00f1ada espec\u00edficamente para soportar dispositivos de Tomograf\u00eda de Coherencia \u00d3ptica en cl\u00ednicas oftalmol\u00f3gicas.","og_url":"https:\/\/medinstrus.lt\/es\/producto\/et01-ptu\/","og_site_name":"Medinstrus","article_publisher":"https:\/\/www.facebook.com\/medinstrus\/","og_image":[{"width":1080,"height":1350,"url":"https:\/\/medinstrus.lt\/wp-content\/uploads\/2024\/09\/ET01-OCT.png","type":"image\/png"}],"twitter_card":"summary_large_image","twitter_misc":{"Tiempo de lectura":"1 minuto"},"schema":{"@context":"https:\/\/schema.org","@graph":[{"@type":"WebPage","@id":"https:\/\/medinstrus.lt\/es\/producto\/et01-ptu\/","url":"https:\/\/medinstrus.lt\/es\/producto\/et01-ptu\/","name":"Mesa el\u00e9ctrica para instrumental oftalmol\u00f3gico ET01 OCT - Medinstrus","isPartOf":{"@id":"https:\/\/medinstrus.lt\/es\/#website"},"primaryImageOfPage":{"@id":"https:\/\/medinstrus.lt\/es\/producto\/et01-ptu\/#primaryimage"},"image":{"@id":"https:\/\/medinstrus.lt\/es\/producto\/et01-ptu\/#primaryimage"},"thumbnailUrl":"https:\/\/medinstrus.lt\/wp-content\/uploads\/2024\/09\/ET01-OCT.png","datePublished":"2024-09-24T15:24:41+00:00","description":"Explora la ET01 OCT, una mesa elevadora el\u00e9ctrica dise\u00f1ada espec\u00edficamente para soportar dispositivos de Tomograf\u00eda de Coherencia \u00d3ptica en cl\u00ednicas oftalmol\u00f3gicas.","breadcrumb":{"@id":"https:\/\/medinstrus.lt\/es\/producto\/et01-ptu\/#breadcrumb"},"inLanguage":"es","potentialAction":[{"@type":"ReadAction","target":["https:\/\/medinstrus.lt\/es\/producto\/et01-ptu\/"]}]},{"@type":"ImageObject","inLanguage":"es","@id":"https:\/\/medinstrus.lt\/es\/producto\/et01-ptu\/#primaryimage","url":"https:\/\/medinstrus.lt\/wp-content\/uploads\/2024\/09\/ET01-OCT.png","contentUrl":"https:\/\/medinstrus.lt\/wp-content\/uploads\/2024\/09\/ET01-OCT.png","width":1080,"height":1350,"caption":"ET01 OCT table designed for OCT device support"},{"@type":"BreadcrumbList","@id":"https:\/\/medinstrus.lt\/es\/producto\/et01-ptu\/#breadcrumb","itemListElement":[{"@type":"ListItem","position":1,"name":"Home","item":"https:\/\/medinstrus.lt\/es\/pagina-de-inicio\/"},{"@type":"ListItem","position":2,"name":"Tienda","item":"https:\/\/medinstrus.lt\/es\/tienda\/"},{"@type":"ListItem","position":3,"name":"ET01 PTU"}]},{"@type":"WebSite","@id":"https:\/\/medinstrus.lt\/es\/#website","url":"https:\/\/medinstrus.lt\/es\/","name":"https:\/\/medinstrus.com\/","description":"Simplicity combined with functionality.","publisher":{"@id":"https:\/\/medinstrus.lt\/es\/#organization"},"potentialAction":[{"@type":"SearchAction","target":{"@type":"EntryPoint","urlTemplate":"https:\/\/medinstrus.lt\/es\/?s={search_term_string}"},"query-input":{"@type":"PropertyValueSpecification","valueRequired":true,"valueName":"search_term_string"}}],"inLanguage":"es"},{"@type":"Organization","@id":"https:\/\/medinstrus.lt\/es\/#organization","name":"Medinstrus","url":"https:\/\/medinstrus.lt\/es\/","logo":{"@type":"ImageObject","inLanguage":"es","@id":"https:\/\/medinstrus.lt\/es\/#\/schema\/logo\/image\/","url":"https:\/\/medinstrus.lt\/wp-content\/uploads\/2025\/02\/Medinstrus-v1.png","contentUrl":"https:\/\/medinstrus.lt\/wp-content\/uploads\/2025\/02\/Medinstrus-v1.png","width":723,"height":96,"caption":"Medinstrus"},"image":{"@id":"https:\/\/medinstrus.lt\/es\/#\/schema\/logo\/image\/"},"sameAs":["https:\/\/www.facebook.com\/medinstrus\/","https:\/\/www.instagram.com\/Medinstrus"]}]}},"_links":{"self":[{"href":"https:\/\/medinstrus.lt\/es\/wp-json\/wp\/v2\/product\/3365","targetHints":{"allow":["GET"]}}],"collection":[{"href":"https:\/\/medinstrus.lt\/es\/wp-json\/wp\/v2\/product"}],"about":[{"href":"https:\/\/medinstrus.lt\/es\/wp-json\/wp\/v2\/types\/product"}],"replies":[{"embeddable":true,"href":"https:\/\/medinstrus.lt\/es\/wp-json\/wp\/v2\/comments?post=3365"}],"wp:featuredmedia":[{"embeddable":true,"href":"https:\/\/medinstrus.lt\/es\/wp-json\/wp\/v2\/media\/2957"}],"wp:attachment":[{"href":"https:\/\/medinstrus.lt\/es\/wp-json\/wp\/v2\/media?parent=3365"}],"wp:term":[{"taxonomy":"product_brand","embeddable":true,"href":"https:\/\/medinstrus.lt\/es\/wp-json\/wp\/v2\/product_brand?post=3365"},{"taxonomy":"product_cat","embeddable":true,"href":"https:\/\/medinstrus.lt\/es\/wp-json\/wp\/v2\/product_cat?post=3365"},{"taxonomy":"product_tag","embeddable":true,"href":"https:\/\/medinstrus.lt\/es\/wp-json\/wp\/v2\/product_tag?post=3365"}],"curies":[{"name":"wp","href":"https:\/\/api.w.org\/{rel}","templated":true}]}}