{"id":3363,"date":"2024-09-24T18:36:59","date_gmt":"2024-09-24T15:36:59","guid":{"rendered":"https:\/\/medinstrus.lt\/product\/et02\/"},"modified":"2024-09-24T18:36:59","modified_gmt":"2024-09-24T15:36:59","slug":"et02","status":"publish","type":"product","link":"https:\/\/medinstrus.lt\/es\/producto\/et02\/","title":{"rendered":"ET02"},"content":{"rendered":"<p><strong>Caracter\u00edsticas principales:<\/strong><\/p>\n<p><strong>Dise\u00f1o y construcci\u00f3n:<\/strong><\/p>\n<ul>\n<li>Base robusta y construcci\u00f3n de columna que garantizan estabilidad y durabilidad.<\/li>\n<li>El mecanismo deslizante del tablero permite ajustar y colocar f\u00e1cilmente los instrumentos.<\/li>\n<li>Adecuado para alojar dos instrumentos simult\u00e1neamente, optimizando la eficiencia del espacio de trabajo.<\/li>\n<\/ul>\n<p><strong>Ajuste de altura:<\/strong><\/p>\n<ul>\n<li>Altura regulable el\u00e9ctricamente, que permite una personalizaci\u00f3n sin esfuerzo para satisfacer las necesidades de diferentes usuarios y aplicaciones.<\/li>\n<li>Puede controlarse mediante un c\u00f3modo conjunto de mando manual (H) o de pedal (F) para un funcionamiento manos libres.<\/li>\n<\/ul>\n<p><strong>Caracter\u00edsticas adicionales:<\/strong><\/p>\n<ul>\n<li>CRA: Adaptador de mentonera para necesidades espec\u00edficas.<\/li>\n<li>IT: Transformador de aislamiento de 600 W para mayor seguridad y aislamiento el\u00e9ctrico.<\/li>\n<li>IT1kV:Transformador de aislamiento de mayor capacidad, 1000 W, disponible para aplicaciones m\u00e1s exigentes.<\/li>\n<li>HSA: Adaptador para el juego de mentonera HS, que garantiza la compatibilidad con varios modelos de mentonera.<\/li>\n<\/ul>\n<p><strong>Ventajas:<\/strong><\/p>\n<ul>\n<li><strong>Versatilidad:<\/strong> Compatible con varias configuraciones de instrumentos, lo que la convierte en un complemento vers\u00e1til para cualquier pr\u00e1ctica cl\u00ednica.<\/li>\n<li><strong>Facilidad de uso:<\/strong> El ajuste el\u00e9ctrico de la altura y el tablero deslizante simplifican el proceso de colocaci\u00f3n y ajuste de la mesa, mejorando la comodidad y ergonom\u00eda del usuario.<\/li>\n<li><strong>Espacio de trabajo optimizado:<\/strong> Dise\u00f1ado para alojar dos instrumentos simult\u00e1neamente, optimizando el espacio y mejorando la eficacia del flujo de trabajo.<\/li>\n<\/ul>\n<p><strong>Aplicaciones:<\/strong><\/p>\n<p>La Mesa El\u00e9ctrica ET02 con Tablero Deslizante es ideal para su uso en cl\u00ednicas y consultas oftalmol\u00f3gicas, ya que proporciona una plataforma estable y ajustable para dos instrumentos. Su construcci\u00f3n robusta, facilidad de ajuste y configuraci\u00f3n flexible la convierten en una herramienta esencial para mejorar la eficacia cl\u00ednica y la comodidad del paciente. <\/p>\n<p>Esta mesa especializada garantiza que los profesionales puedan centrarse en prestar una atenci\u00f3n de alta calidad, sabiendo que su equipo est\u00e1 colocado de forma segura y \u00f3ptima.<\/p>\n","protected":false},"excerpt":{"rendered":"<p><strong>ET02 Mesa el\u00e9ctrica con tablero deslizante para dos instrumentos<\/strong><\/p>\n<p>La Mesa El\u00e9ctrica ET02 est\u00e1 dise\u00f1ada para proporcionar una soluci\u00f3n vers\u00e1til y eficaz para alojar dos instrumentos. Con su tablero deslizante y su robusta construcci\u00f3n, garantiza facilidad de uso y adaptabilidad en diversos entornos cl\u00ednicos. <\/p>\n","protected":false},"featured_media":2955,"comment_status":"closed","ping_status":"closed","template":"","meta":{"_acf_changed":false},"product_brand":[],"product_cat":[202],"product_tag":[239,240,238],"class_list":{"0":"post-3363","1":"product","2":"type-product","3":"status-publish","4":"has-post-thumbnail","6":"product_cat-tablas","7":"product_tag-mesa-elevadora-avanzada","8":"product_tag-mesa-estable-para-instrumentos-oftalmicos","9":"product_tag-tabla-et02","11":"first","12":"instock","13":"shipping-taxable","14":"product-type-simple"},"acf":[],"gallery_images":[],"yoast_head":"<!-- This site is optimized with the Yoast SEO Premium plugin v27.4 (Yoast SEO v27.4) - https:\/\/yoast.com\/product\/yoast-seo-premium-wordpress\/ -->\n<title>Mesa el\u00e9ctrica para aparatos oftalmol\u00f3gicos ET02 - Medinstrus<\/title>\n<meta name=\"description\" content=\"Descubre la ET02, una avanzada mesa elevadora el\u00e9ctrica que ofrece mayor estabilidad y capacidad de ajuste para diversos instrumentos de diagn\u00f3stico.\" \/>\n<meta name=\"robots\" content=\"index, follow, max-snippet:-1, max-image-preview:large, max-video-preview:-1\" \/>\n<link rel=\"canonical\" href=\"https:\/\/medinstrus.lt\/es\/producto\/et02\/\" \/>\n<meta property=\"og:locale\" content=\"es_ES\" \/>\n<meta property=\"og:type\" content=\"article\" \/>\n<meta property=\"og:title\" content=\"ET02\" \/>\n<meta property=\"og:description\" content=\"Descubre la ET02, una avanzada mesa elevadora el\u00e9ctrica que ofrece mayor estabilidad y capacidad de ajuste para diversos instrumentos de diagn\u00f3stico.\" \/>\n<meta property=\"og:url\" content=\"https:\/\/medinstrus.lt\/es\/producto\/et02\/\" \/>\n<meta property=\"og:site_name\" content=\"Medinstrus\" \/>\n<meta property=\"article:publisher\" content=\"https:\/\/www.facebook.com\/medinstrus\/\" \/>\n<meta property=\"og:image\" content=\"https:\/\/medinstrus.lt\/wp-content\/uploads\/2024\/09\/ET02.png\" \/>\n\t<meta property=\"og:image:width\" content=\"1080\" \/>\n\t<meta property=\"og:image:height\" content=\"1350\" \/>\n\t<meta property=\"og:image:type\" content=\"image\/png\" \/>\n<meta name=\"twitter:card\" content=\"summary_large_image\" \/>\n<meta name=\"twitter:label1\" content=\"Tiempo de lectura\" \/>\n\t<meta name=\"twitter:data1\" content=\"2 minutos\" \/>\n<script type=\"application\/ld+json\" class=\"yoast-schema-graph\">{\"@context\":\"https:\\\/\\\/schema.org\",\"@graph\":[{\"@type\":\"WebPage\",\"@id\":\"https:\\\/\\\/medinstrus.lt\\\/es\\\/producto\\\/et02\\\/\",\"url\":\"https:\\\/\\\/medinstrus.lt\\\/es\\\/producto\\\/et02\\\/\",\"name\":\"Mesa el\u00e9ctrica para aparatos oftalmol\u00f3gicos ET02 - Medinstrus\",\"isPartOf\":{\"@id\":\"https:\\\/\\\/medinstrus.lt\\\/es\\\/#website\"},\"primaryImageOfPage\":{\"@id\":\"https:\\\/\\\/medinstrus.lt\\\/es\\\/producto\\\/et02\\\/#primaryimage\"},\"image\":{\"@id\":\"https:\\\/\\\/medinstrus.lt\\\/es\\\/producto\\\/et02\\\/#primaryimage\"},\"thumbnailUrl\":\"https:\\\/\\\/medinstrus.lt\\\/wp-content\\\/uploads\\\/2024\\\/09\\\/ET02.png\",\"datePublished\":\"2024-09-24T15:36:59+00:00\",\"description\":\"Descubre la ET02, una avanzada mesa elevadora el\u00e9ctrica que ofrece mayor estabilidad y capacidad de ajuste para diversos instrumentos de diagn\u00f3stico.\",\"breadcrumb\":{\"@id\":\"https:\\\/\\\/medinstrus.lt\\\/es\\\/producto\\\/et02\\\/#breadcrumb\"},\"inLanguage\":\"es\",\"potentialAction\":[{\"@type\":\"ReadAction\",\"target\":[\"https:\\\/\\\/medinstrus.lt\\\/es\\\/producto\\\/et02\\\/\"]}]},{\"@type\":\"ImageObject\",\"inLanguage\":\"es\",\"@id\":\"https:\\\/\\\/medinstrus.lt\\\/es\\\/producto\\\/et02\\\/#primaryimage\",\"url\":\"https:\\\/\\\/medinstrus.lt\\\/wp-content\\\/uploads\\\/2024\\\/09\\\/ET02.png\",\"contentUrl\":\"https:\\\/\\\/medinstrus.lt\\\/wp-content\\\/uploads\\\/2024\\\/09\\\/ET02.png\",\"width\":1080,\"height\":1350,\"caption\":\"ET02 table providing superior stability for diagnostic instruments\"},{\"@type\":\"BreadcrumbList\",\"@id\":\"https:\\\/\\\/medinstrus.lt\\\/es\\\/producto\\\/et02\\\/#breadcrumb\",\"itemListElement\":[{\"@type\":\"ListItem\",\"position\":1,\"name\":\"Home\",\"item\":\"https:\\\/\\\/medinstrus.lt\\\/es\\\/pagina-de-inicio\\\/\"},{\"@type\":\"ListItem\",\"position\":2,\"name\":\"Tienda\",\"item\":\"https:\\\/\\\/medinstrus.lt\\\/es\\\/tienda\\\/\"},{\"@type\":\"ListItem\",\"position\":3,\"name\":\"ET02\"}]},{\"@type\":\"WebSite\",\"@id\":\"https:\\\/\\\/medinstrus.lt\\\/es\\\/#website\",\"url\":\"https:\\\/\\\/medinstrus.lt\\\/es\\\/\",\"name\":\"https:\\\/\\\/medinstrus.com\\\/\",\"description\":\"Simplicity combined with functionality.\",\"publisher\":{\"@id\":\"https:\\\/\\\/medinstrus.lt\\\/es\\\/#organization\"},\"potentialAction\":[{\"@type\":\"SearchAction\",\"target\":{\"@type\":\"EntryPoint\",\"urlTemplate\":\"https:\\\/\\\/medinstrus.lt\\\/es\\\/?s={search_term_string}\"},\"query-input\":{\"@type\":\"PropertyValueSpecification\",\"valueRequired\":true,\"valueName\":\"search_term_string\"}}],\"inLanguage\":\"es\"},{\"@type\":\"Organization\",\"@id\":\"https:\\\/\\\/medinstrus.lt\\\/es\\\/#organization\",\"name\":\"Medinstrus\",\"url\":\"https:\\\/\\\/medinstrus.lt\\\/es\\\/\",\"logo\":{\"@type\":\"ImageObject\",\"inLanguage\":\"es\",\"@id\":\"https:\\\/\\\/medinstrus.lt\\\/es\\\/#\\\/schema\\\/logo\\\/image\\\/\",\"url\":\"https:\\\/\\\/medinstrus.lt\\\/wp-content\\\/uploads\\\/2025\\\/02\\\/Medinstrus-v1.png\",\"contentUrl\":\"https:\\\/\\\/medinstrus.lt\\\/wp-content\\\/uploads\\\/2025\\\/02\\\/Medinstrus-v1.png\",\"width\":723,\"height\":96,\"caption\":\"Medinstrus\"},\"image\":{\"@id\":\"https:\\\/\\\/medinstrus.lt\\\/es\\\/#\\\/schema\\\/logo\\\/image\\\/\"},\"sameAs\":[\"https:\\\/\\\/www.facebook.com\\\/medinstrus\\\/\",\"https:\\\/\\\/www.instagram.com\\\/Medinstrus\"]}]}<\/script>\n<!-- \/ Yoast SEO Premium plugin. -->","yoast_head_json":{"title":"Mesa el\u00e9ctrica para aparatos oftalmol\u00f3gicos ET02 - Medinstrus","description":"Descubre la ET02, una avanzada mesa elevadora el\u00e9ctrica que ofrece mayor estabilidad y capacidad de ajuste para diversos instrumentos de diagn\u00f3stico.","robots":{"index":"index","follow":"follow","max-snippet":"max-snippet:-1","max-image-preview":"max-image-preview:large","max-video-preview":"max-video-preview:-1"},"canonical":"https:\/\/medinstrus.lt\/es\/producto\/et02\/","og_locale":"es_ES","og_type":"article","og_title":"ET02","og_description":"Descubre la ET02, una avanzada mesa elevadora el\u00e9ctrica que ofrece mayor estabilidad y capacidad de ajuste para diversos instrumentos de diagn\u00f3stico.","og_url":"https:\/\/medinstrus.lt\/es\/producto\/et02\/","og_site_name":"Medinstrus","article_publisher":"https:\/\/www.facebook.com\/medinstrus\/","og_image":[{"width":1080,"height":1350,"url":"https:\/\/medinstrus.lt\/wp-content\/uploads\/2024\/09\/ET02.png","type":"image\/png"}],"twitter_card":"summary_large_image","twitter_misc":{"Tiempo de lectura":"2 minutos"},"schema":{"@context":"https:\/\/schema.org","@graph":[{"@type":"WebPage","@id":"https:\/\/medinstrus.lt\/es\/producto\/et02\/","url":"https:\/\/medinstrus.lt\/es\/producto\/et02\/","name":"Mesa el\u00e9ctrica para aparatos oftalmol\u00f3gicos ET02 - Medinstrus","isPartOf":{"@id":"https:\/\/medinstrus.lt\/es\/#website"},"primaryImageOfPage":{"@id":"https:\/\/medinstrus.lt\/es\/producto\/et02\/#primaryimage"},"image":{"@id":"https:\/\/medinstrus.lt\/es\/producto\/et02\/#primaryimage"},"thumbnailUrl":"https:\/\/medinstrus.lt\/wp-content\/uploads\/2024\/09\/ET02.png","datePublished":"2024-09-24T15:36:59+00:00","description":"Descubre la ET02, una avanzada mesa elevadora el\u00e9ctrica que ofrece mayor estabilidad y capacidad de ajuste para diversos instrumentos de diagn\u00f3stico.","breadcrumb":{"@id":"https:\/\/medinstrus.lt\/es\/producto\/et02\/#breadcrumb"},"inLanguage":"es","potentialAction":[{"@type":"ReadAction","target":["https:\/\/medinstrus.lt\/es\/producto\/et02\/"]}]},{"@type":"ImageObject","inLanguage":"es","@id":"https:\/\/medinstrus.lt\/es\/producto\/et02\/#primaryimage","url":"https:\/\/medinstrus.lt\/wp-content\/uploads\/2024\/09\/ET02.png","contentUrl":"https:\/\/medinstrus.lt\/wp-content\/uploads\/2024\/09\/ET02.png","width":1080,"height":1350,"caption":"ET02 table providing superior stability for diagnostic instruments"},{"@type":"BreadcrumbList","@id":"https:\/\/medinstrus.lt\/es\/producto\/et02\/#breadcrumb","itemListElement":[{"@type":"ListItem","position":1,"name":"Home","item":"https:\/\/medinstrus.lt\/es\/pagina-de-inicio\/"},{"@type":"ListItem","position":2,"name":"Tienda","item":"https:\/\/medinstrus.lt\/es\/tienda\/"},{"@type":"ListItem","position":3,"name":"ET02"}]},{"@type":"WebSite","@id":"https:\/\/medinstrus.lt\/es\/#website","url":"https:\/\/medinstrus.lt\/es\/","name":"https:\/\/medinstrus.com\/","description":"Simplicity combined with functionality.","publisher":{"@id":"https:\/\/medinstrus.lt\/es\/#organization"},"potentialAction":[{"@type":"SearchAction","target":{"@type":"EntryPoint","urlTemplate":"https:\/\/medinstrus.lt\/es\/?s={search_term_string}"},"query-input":{"@type":"PropertyValueSpecification","valueRequired":true,"valueName":"search_term_string"}}],"inLanguage":"es"},{"@type":"Organization","@id":"https:\/\/medinstrus.lt\/es\/#organization","name":"Medinstrus","url":"https:\/\/medinstrus.lt\/es\/","logo":{"@type":"ImageObject","inLanguage":"es","@id":"https:\/\/medinstrus.lt\/es\/#\/schema\/logo\/image\/","url":"https:\/\/medinstrus.lt\/wp-content\/uploads\/2025\/02\/Medinstrus-v1.png","contentUrl":"https:\/\/medinstrus.lt\/wp-content\/uploads\/2025\/02\/Medinstrus-v1.png","width":723,"height":96,"caption":"Medinstrus"},"image":{"@id":"https:\/\/medinstrus.lt\/es\/#\/schema\/logo\/image\/"},"sameAs":["https:\/\/www.facebook.com\/medinstrus\/","https:\/\/www.instagram.com\/Medinstrus"]}]}},"_links":{"self":[{"href":"https:\/\/medinstrus.lt\/es\/wp-json\/wp\/v2\/product\/3363","targetHints":{"allow":["GET"]}}],"collection":[{"href":"https:\/\/medinstrus.lt\/es\/wp-json\/wp\/v2\/product"}],"about":[{"href":"https:\/\/medinstrus.lt\/es\/wp-json\/wp\/v2\/types\/product"}],"replies":[{"embeddable":true,"href":"https:\/\/medinstrus.lt\/es\/wp-json\/wp\/v2\/comments?post=3363"}],"wp:featuredmedia":[{"embeddable":true,"href":"https:\/\/medinstrus.lt\/es\/wp-json\/wp\/v2\/media\/2955"}],"wp:attachment":[{"href":"https:\/\/medinstrus.lt\/es\/wp-json\/wp\/v2\/media?parent=3363"}],"wp:term":[{"taxonomy":"product_brand","embeddable":true,"href":"https:\/\/medinstrus.lt\/es\/wp-json\/wp\/v2\/product_brand?post=3363"},{"taxonomy":"product_cat","embeddable":true,"href":"https:\/\/medinstrus.lt\/es\/wp-json\/wp\/v2\/product_cat?post=3363"},{"taxonomy":"product_tag","embeddable":true,"href":"https:\/\/medinstrus.lt\/es\/wp-json\/wp\/v2\/product_tag?post=3363"}],"curies":[{"name":"wp","href":"https:\/\/api.w.org\/{rel}","templated":true}]}}