{"id":3362,"date":"2024-09-24T17:19:04","date_gmt":"2024-09-24T14:19:04","guid":{"rendered":"https:\/\/medinstrus.lt\/product\/et01\/"},"modified":"2024-09-24T17:19:04","modified_gmt":"2024-09-24T14:19:04","slug":"et01","status":"publish","type":"product","link":"https:\/\/medinstrus.lt\/es\/producto\/et01\/","title":{"rendered":"ET01"},"content":{"rendered":"<p><strong>Opciones de personalizaci\u00f3n:<\/strong><\/p>\n<p><strong>Opciones de base:<\/strong><\/p>\n<ul>\n<li>Placa base sobre ruedas con freno para facilitar la movilidad y la estabilidad.<\/li>\n<\/ul>\n<p><strong>Tableros de mesa:<\/strong><\/p>\n<ul>\n<li><strong>WT:<\/strong> Tablero laminado para un instrumento (640x400x25mm).<\/li>\n<li><strong>PT1:<\/strong> Tablero Supramat o brillante para un instrumento (640x400x25mm).<\/li>\n<li><strong>WTV:<\/strong> Tablero laminado en forma de V para dos instrumentos (1080x550x25mm).<\/li>\n<li><strong>WTS:<\/strong> Tablero recto laminado para dos instrumentos (910x420x25mm).<\/li>\n<li><strong>WTS2:<\/strong> Tablero recto laminado para dos instrumentos (1080x550x25mm).<\/li>\n<li><strong>PTV:<\/strong> Supramat o tablero en V brillante para dos instrumentos (1080x550x25mm).<\/li>\n<li><strong>PTS:<\/strong> Tablero Supramat o recto brillante para dos instrumentos (910x420x25mm).<\/li>\n<li><strong>PTS2:<\/strong> Tablero recto pintado para dos instrumentos (1080x550x25mm).<\/li>\n<\/ul>\n<p><strong>Opciones de control:<\/strong><\/p>\n<ul>\n<li><strong>H:<\/strong> Mando manual ajustado para facilitar los ajustes.<\/li>\n<li><strong>F:<\/strong> Mando de pedal ajustado para funcionamiento manos libres.<\/li>\n<\/ul>\n<p><strong>Caracter\u00edsticas adicionales:<\/strong><\/p>\n<ul>\n<li><strong>CRA:<\/strong> Adaptador de mentonera para mayor comodidad.<\/li>\n<li><strong>IT:<\/strong> Transformador de aislamiento de 600 W para mayor seguridad.<\/li>\n<li><strong>IT1kV:<\/strong> Transformador de aislamiento de 1000 W para necesidades de mayor potencia.<\/li>\n<li><strong>HSA:<\/strong> Adaptador para mentonera HS 1 juego para requisitos espec\u00edficos de la mentonera.<\/li>\n<\/ul>\n<p>La mesa ET01 est\u00e1 dise\u00f1ada para soportar una amplia gama de instrumentos cl\u00ednicos, proporcionando una plataforma estable y ajustable para diversos procedimientos.<\/p>\n","protected":false},"excerpt":{"rendered":"<p><strong>Mesa de instrumentos motorizada ET01<\/strong><\/p>\n<p>La mesa el\u00e9ctrica ET01 est\u00e1 dise\u00f1ada para ofrecer flexibilidad y eficacia en entornos cl\u00ednicos. Viene con una variedad de opciones para satisfacer distintas necesidades, lo que garantiza que pueda adaptarse a requisitos espec\u00edficos. <\/p>\n","protected":false},"featured_media":2358,"comment_status":"closed","ping_status":"closed","template":"","meta":{"_acf_changed":false},"product_brand":[],"product_cat":[202],"product_tag":[242,207,241],"class_list":{"0":"post-3362","1":"product","2":"type-product","3":"status-publish","4":"has-post-thumbnail","6":"product_cat-tablas","7":"product_tag-mesa-de-instrumentos-oftalmicos","8":"product_tag-mesa-elevadora-electrica","9":"product_tag-tabla-et01","11":"first","12":"instock","13":"shipping-taxable","14":"product-type-simple"},"acf":[],"gallery_images":[2358,2356,2354,2352,2350,2348,2346,2344],"yoast_head":"<!-- This site is optimized with the Yoast SEO Premium plugin v27.1 (Yoast SEO v27.4) - https:\/\/yoast.com\/product\/yoast-seo-premium-wordpress\/ -->\n<title>Mesa el\u00e9ctrica para instrumental oftalmol\u00f3gico ET01 - Medinstrus<\/title>\n<meta name=\"description\" content=\"Descubre la ET01, una mesa elevadora el\u00e9ctrica dise\u00f1ada para mejorar la colocaci\u00f3n de los instrumentos de diagn\u00f3stico en las consultas oftalmol\u00f3gicas.\" \/>\n<meta name=\"robots\" content=\"index, follow, max-snippet:-1, max-image-preview:large, max-video-preview:-1\" \/>\n<link rel=\"canonical\" href=\"https:\/\/medinstrus.lt\/es\/producto\/et01\/\" \/>\n<meta property=\"og:locale\" content=\"es_ES\" \/>\n<meta property=\"og:type\" content=\"article\" \/>\n<meta property=\"og:title\" content=\"ET01\" \/>\n<meta property=\"og:description\" content=\"Descubre la ET01, una mesa elevadora el\u00e9ctrica dise\u00f1ada para mejorar la colocaci\u00f3n de los instrumentos de diagn\u00f3stico en las consultas oftalmol\u00f3gicas.\" \/>\n<meta property=\"og:url\" content=\"https:\/\/medinstrus.lt\/es\/producto\/et01\/\" \/>\n<meta property=\"og:site_name\" content=\"Medinstrus\" \/>\n<meta property=\"article:publisher\" content=\"https:\/\/www.facebook.com\/medinstrus\/\" \/>\n<meta property=\"og:image\" content=\"https:\/\/medinstrus.lt\/wp-content\/uploads\/2024\/09\/ET-01.jpg\" \/>\n\t<meta property=\"og:image:width\" content=\"1181\" \/>\n\t<meta property=\"og:image:height\" content=\"1201\" \/>\n\t<meta property=\"og:image:type\" content=\"image\/jpeg\" \/>\n<meta name=\"twitter:card\" content=\"summary_large_image\" \/>\n<meta name=\"twitter:label1\" content=\"Tiempo de lectura\" \/>\n\t<meta name=\"twitter:data1\" content=\"1 minuto\" \/>\n<script type=\"application\/ld+json\" class=\"yoast-schema-graph\">{\"@context\":\"https:\\\/\\\/schema.org\",\"@graph\":[{\"@type\":\"WebPage\",\"@id\":\"https:\\\/\\\/medinstrus.lt\\\/es\\\/producto\\\/et01\\\/\",\"url\":\"https:\\\/\\\/medinstrus.lt\\\/es\\\/producto\\\/et01\\\/\",\"name\":\"Mesa el\u00e9ctrica para instrumental oftalmol\u00f3gico ET01 - Medinstrus\",\"isPartOf\":{\"@id\":\"https:\\\/\\\/medinstrus.lt\\\/es\\\/#website\"},\"primaryImageOfPage\":{\"@id\":\"https:\\\/\\\/medinstrus.lt\\\/es\\\/producto\\\/et01\\\/#primaryimage\"},\"image\":{\"@id\":\"https:\\\/\\\/medinstrus.lt\\\/es\\\/producto\\\/et01\\\/#primaryimage\"},\"thumbnailUrl\":\"https:\\\/\\\/medinstrus.lt\\\/wp-content\\\/uploads\\\/2024\\\/09\\\/ET-01.jpg\",\"datePublished\":\"2024-09-24T14:19:04+00:00\",\"description\":\"Descubre la ET01, una mesa elevadora el\u00e9ctrica dise\u00f1ada para mejorar la colocaci\u00f3n de los instrumentos de diagn\u00f3stico en las consultas oftalmol\u00f3gicas.\",\"breadcrumb\":{\"@id\":\"https:\\\/\\\/medinstrus.lt\\\/es\\\/producto\\\/et01\\\/#breadcrumb\"},\"inLanguage\":\"es\",\"potentialAction\":[{\"@type\":\"ReadAction\",\"target\":[\"https:\\\/\\\/medinstrus.lt\\\/es\\\/producto\\\/et01\\\/\"]}]},{\"@type\":\"ImageObject\",\"inLanguage\":\"es\",\"@id\":\"https:\\\/\\\/medinstrus.lt\\\/es\\\/producto\\\/et01\\\/#primaryimage\",\"url\":\"https:\\\/\\\/medinstrus.lt\\\/wp-content\\\/uploads\\\/2024\\\/09\\\/ET-01.jpg\",\"contentUrl\":\"https:\\\/\\\/medinstrus.lt\\\/wp-content\\\/uploads\\\/2024\\\/09\\\/ET-01.jpg\",\"width\":1181,\"height\":1201,\"caption\":\"ET01 table designed for optimal instrument positioning\"},{\"@type\":\"BreadcrumbList\",\"@id\":\"https:\\\/\\\/medinstrus.lt\\\/es\\\/producto\\\/et01\\\/#breadcrumb\",\"itemListElement\":[{\"@type\":\"ListItem\",\"position\":1,\"name\":\"Home\",\"item\":\"https:\\\/\\\/medinstrus.lt\\\/es\\\/pagina-de-inicio\\\/\"},{\"@type\":\"ListItem\",\"position\":2,\"name\":\"Tienda\",\"item\":\"https:\\\/\\\/medinstrus.lt\\\/es\\\/tienda\\\/\"},{\"@type\":\"ListItem\",\"position\":3,\"name\":\"ET01\"}]},{\"@type\":\"WebSite\",\"@id\":\"https:\\\/\\\/medinstrus.lt\\\/es\\\/#website\",\"url\":\"https:\\\/\\\/medinstrus.lt\\\/es\\\/\",\"name\":\"https:\\\/\\\/medinstrus.com\\\/\",\"description\":\"Simplicity combined with functionality.\",\"publisher\":{\"@id\":\"https:\\\/\\\/medinstrus.lt\\\/es\\\/#organization\"},\"potentialAction\":[{\"@type\":\"SearchAction\",\"target\":{\"@type\":\"EntryPoint\",\"urlTemplate\":\"https:\\\/\\\/medinstrus.lt\\\/es\\\/?s={search_term_string}\"},\"query-input\":{\"@type\":\"PropertyValueSpecification\",\"valueRequired\":true,\"valueName\":\"search_term_string\"}}],\"inLanguage\":\"es\"},{\"@type\":\"Organization\",\"@id\":\"https:\\\/\\\/medinstrus.lt\\\/es\\\/#organization\",\"name\":\"Medinstrus\",\"url\":\"https:\\\/\\\/medinstrus.lt\\\/es\\\/\",\"logo\":{\"@type\":\"ImageObject\",\"inLanguage\":\"es\",\"@id\":\"https:\\\/\\\/medinstrus.lt\\\/es\\\/#\\\/schema\\\/logo\\\/image\\\/\",\"url\":\"https:\\\/\\\/medinstrus.lt\\\/wp-content\\\/uploads\\\/2025\\\/02\\\/Medinstrus-v1.png\",\"contentUrl\":\"https:\\\/\\\/medinstrus.lt\\\/wp-content\\\/uploads\\\/2025\\\/02\\\/Medinstrus-v1.png\",\"width\":723,\"height\":96,\"caption\":\"Medinstrus\"},\"image\":{\"@id\":\"https:\\\/\\\/medinstrus.lt\\\/es\\\/#\\\/schema\\\/logo\\\/image\\\/\"},\"sameAs\":[\"https:\\\/\\\/www.facebook.com\\\/medinstrus\\\/\",\"https:\\\/\\\/www.instagram.com\\\/Medinstrus\"]}]}<\/script>\n<!-- \/ Yoast SEO Premium plugin. -->","yoast_head_json":{"title":"Mesa el\u00e9ctrica para instrumental oftalmol\u00f3gico ET01 - Medinstrus","description":"Descubre la ET01, una mesa elevadora el\u00e9ctrica dise\u00f1ada para mejorar la colocaci\u00f3n de los instrumentos de diagn\u00f3stico en las consultas oftalmol\u00f3gicas.","robots":{"index":"index","follow":"follow","max-snippet":"max-snippet:-1","max-image-preview":"max-image-preview:large","max-video-preview":"max-video-preview:-1"},"canonical":"https:\/\/medinstrus.lt\/es\/producto\/et01\/","og_locale":"es_ES","og_type":"article","og_title":"ET01","og_description":"Descubre la ET01, una mesa elevadora el\u00e9ctrica dise\u00f1ada para mejorar la colocaci\u00f3n de los instrumentos de diagn\u00f3stico en las consultas oftalmol\u00f3gicas.","og_url":"https:\/\/medinstrus.lt\/es\/producto\/et01\/","og_site_name":"Medinstrus","article_publisher":"https:\/\/www.facebook.com\/medinstrus\/","og_image":[{"width":1181,"height":1201,"url":"https:\/\/medinstrus.lt\/wp-content\/uploads\/2024\/09\/ET-01.jpg","type":"image\/jpeg"}],"twitter_card":"summary_large_image","twitter_misc":{"Tiempo de lectura":"1 minuto"},"schema":{"@context":"https:\/\/schema.org","@graph":[{"@type":"WebPage","@id":"https:\/\/medinstrus.lt\/es\/producto\/et01\/","url":"https:\/\/medinstrus.lt\/es\/producto\/et01\/","name":"Mesa el\u00e9ctrica para instrumental oftalmol\u00f3gico ET01 - Medinstrus","isPartOf":{"@id":"https:\/\/medinstrus.lt\/es\/#website"},"primaryImageOfPage":{"@id":"https:\/\/medinstrus.lt\/es\/producto\/et01\/#primaryimage"},"image":{"@id":"https:\/\/medinstrus.lt\/es\/producto\/et01\/#primaryimage"},"thumbnailUrl":"https:\/\/medinstrus.lt\/wp-content\/uploads\/2024\/09\/ET-01.jpg","datePublished":"2024-09-24T14:19:04+00:00","description":"Descubre la ET01, una mesa elevadora el\u00e9ctrica dise\u00f1ada para mejorar la colocaci\u00f3n de los instrumentos de diagn\u00f3stico en las consultas oftalmol\u00f3gicas.","breadcrumb":{"@id":"https:\/\/medinstrus.lt\/es\/producto\/et01\/#breadcrumb"},"inLanguage":"es","potentialAction":[{"@type":"ReadAction","target":["https:\/\/medinstrus.lt\/es\/producto\/et01\/"]}]},{"@type":"ImageObject","inLanguage":"es","@id":"https:\/\/medinstrus.lt\/es\/producto\/et01\/#primaryimage","url":"https:\/\/medinstrus.lt\/wp-content\/uploads\/2024\/09\/ET-01.jpg","contentUrl":"https:\/\/medinstrus.lt\/wp-content\/uploads\/2024\/09\/ET-01.jpg","width":1181,"height":1201,"caption":"ET01 table designed for optimal instrument positioning"},{"@type":"BreadcrumbList","@id":"https:\/\/medinstrus.lt\/es\/producto\/et01\/#breadcrumb","itemListElement":[{"@type":"ListItem","position":1,"name":"Home","item":"https:\/\/medinstrus.lt\/es\/pagina-de-inicio\/"},{"@type":"ListItem","position":2,"name":"Tienda","item":"https:\/\/medinstrus.lt\/es\/tienda\/"},{"@type":"ListItem","position":3,"name":"ET01"}]},{"@type":"WebSite","@id":"https:\/\/medinstrus.lt\/es\/#website","url":"https:\/\/medinstrus.lt\/es\/","name":"https:\/\/medinstrus.com\/","description":"Simplicity combined with functionality.","publisher":{"@id":"https:\/\/medinstrus.lt\/es\/#organization"},"potentialAction":[{"@type":"SearchAction","target":{"@type":"EntryPoint","urlTemplate":"https:\/\/medinstrus.lt\/es\/?s={search_term_string}"},"query-input":{"@type":"PropertyValueSpecification","valueRequired":true,"valueName":"search_term_string"}}],"inLanguage":"es"},{"@type":"Organization","@id":"https:\/\/medinstrus.lt\/es\/#organization","name":"Medinstrus","url":"https:\/\/medinstrus.lt\/es\/","logo":{"@type":"ImageObject","inLanguage":"es","@id":"https:\/\/medinstrus.lt\/es\/#\/schema\/logo\/image\/","url":"https:\/\/medinstrus.lt\/wp-content\/uploads\/2025\/02\/Medinstrus-v1.png","contentUrl":"https:\/\/medinstrus.lt\/wp-content\/uploads\/2025\/02\/Medinstrus-v1.png","width":723,"height":96,"caption":"Medinstrus"},"image":{"@id":"https:\/\/medinstrus.lt\/es\/#\/schema\/logo\/image\/"},"sameAs":["https:\/\/www.facebook.com\/medinstrus\/","https:\/\/www.instagram.com\/Medinstrus"]}]}},"_links":{"self":[{"href":"https:\/\/medinstrus.lt\/es\/wp-json\/wp\/v2\/product\/3362","targetHints":{"allow":["GET"]}}],"collection":[{"href":"https:\/\/medinstrus.lt\/es\/wp-json\/wp\/v2\/product"}],"about":[{"href":"https:\/\/medinstrus.lt\/es\/wp-json\/wp\/v2\/types\/product"}],"replies":[{"embeddable":true,"href":"https:\/\/medinstrus.lt\/es\/wp-json\/wp\/v2\/comments?post=3362"}],"wp:featuredmedia":[{"embeddable":true,"href":"https:\/\/medinstrus.lt\/es\/wp-json\/wp\/v2\/media\/2358"}],"wp:attachment":[{"href":"https:\/\/medinstrus.lt\/es\/wp-json\/wp\/v2\/media?parent=3362"}],"wp:term":[{"taxonomy":"product_brand","embeddable":true,"href":"https:\/\/medinstrus.lt\/es\/wp-json\/wp\/v2\/product_brand?post=3362"},{"taxonomy":"product_cat","embeddable":true,"href":"https:\/\/medinstrus.lt\/es\/wp-json\/wp\/v2\/product_cat?post=3362"},{"taxonomy":"product_tag","embeddable":true,"href":"https:\/\/medinstrus.lt\/es\/wp-json\/wp\/v2\/product_tag?post=3362"}],"curies":[{"name":"wp","href":"https:\/\/api.w.org\/{rel}","templated":true}]}}