{"id":3359,"date":"2024-09-24T18:44:56","date_gmt":"2024-09-24T15:44:56","guid":{"rendered":"https:\/\/medinstrus.lt\/product\/mt02\/"},"modified":"2024-09-24T18:44:56","modified_gmt":"2024-09-24T15:44:56","slug":"mt02","status":"publish","type":"product","link":"https:\/\/medinstrus.lt\/es\/producto\/mt02\/","title":{"rendered":"MT02"},"content":{"rendered":"<p><strong>Especificaciones t\u00e9cnicas:<\/strong><\/p>\n<ul>\n<li><strong>Rango de altura:<\/strong> M\u00edn 65 cm, M\u00e1x 105 cm<\/li>\n<li><strong>Alcance de elevaci\u00f3n:<\/strong> 40 cm<\/li>\n<li><strong>Velocidad de elevaci\u00f3n:<\/strong> 25 mm\/s<\/li>\n<li> <strong>Capacidad:<\/strong> 100 kg<\/li>\n<li><strong>Peso:<\/strong> 38 kg<\/li>\n<li><strong>Mecanismo de ajuste de altura:<\/strong> El\u00e9ctrico<\/li>\n<li><strong>Control de ajuste de altura:<\/strong> Interruptor ARRIBA\/ABAJO<\/li>\n<li><strong>Fuente de alimentaci\u00f3n:<\/strong> ~115\/230V 50\/60Hz<\/li>\n<li><strong>Acceso en silla de ruedas:<\/strong> Dise\u00f1ada para facilitar el acceso a pacientes en silla de ruedas<\/li>\n<\/ul>\n<p>La MT02 se ha dise\u00f1ado pensando en la inclusi\u00f3n, garantizando que los pacientes con problemas de movilidad puedan acomodarse c\u00f3modamente. Su gran capacidad de elevaci\u00f3n y su robusta construcci\u00f3n la hacen ideal para una amplia gama de instrumentos oft\u00e1lmicos, proporcionando tanto flexibilidad como fiabilidad en los entornos cl\u00ednicos. <\/p>\n","protected":false},"excerpt":{"rendered":"<p><strong>Mesa de instrumentos motorizada MT02<\/strong><\/p>\n<p>La mesa de instrumental motorizada MT02 est\u00e1 dise\u00f1ada para soportar el instrumental oft\u00e1lmico m\u00e1s pesado, al tiempo que proporciona una s\u00f3lida estabilidad y f\u00e1ciles ajustes de altura. Esta mesa destaca especialmente por su accesibilidad para sillas de ruedas, lo que garantiza la comodidad y facilidad de uso para todos los pacientes. <\/p>\n","protected":false},"featured_media":2386,"comment_status":"closed","ping_status":"closed","template":"","meta":{"_acf_changed":false},"product_brand":[],"product_cat":[202],"product_tag":[231,230,229],"class_list":{"0":"post-3359","1":"product","2":"type-product","3":"status-publish","4":"has-post-thumbnail","6":"product_cat-tablas","7":"product_tag-mesa-de-instrumentos-regulable","8":"product_tag-robusta-mesa-basculante-motorizada","9":"product_tag-tabla-mt02","11":"first","12":"instock","13":"shipping-taxable","14":"product-type-simple"},"acf":[],"gallery_images":[2378,2388,2386,2384,2382,2380],"yoast_head":"<!-- This site is optimized with the Yoast SEO Premium plugin v27.4 (Yoast SEO v27.4) - https:\/\/yoast.com\/product\/yoast-seo-premium-wordpress\/ -->\n<title>Mesa el\u00e9ctrica para equipo oftalmol\u00f3gico MT02 - Medinstrus<\/title>\n<meta name=\"description\" content=\"Explora la MT02, una mesa basculante motorizada que ofrece un dise\u00f1o robusto y funciones ajustables para una colocaci\u00f3n \u00f3ptima de los instrumentos.\" \/>\n<meta name=\"robots\" content=\"index, follow, max-snippet:-1, max-image-preview:large, max-video-preview:-1\" \/>\n<link rel=\"canonical\" href=\"https:\/\/medinstrus.lt\/es\/producto\/mt02\/\" \/>\n<meta property=\"og:locale\" content=\"es_ES\" \/>\n<meta property=\"og:type\" content=\"article\" \/>\n<meta property=\"og:title\" content=\"MT02\" \/>\n<meta property=\"og:description\" content=\"Explora la MT02, una mesa basculante motorizada que ofrece un dise\u00f1o robusto y funciones ajustables para una colocaci\u00f3n \u00f3ptima de los instrumentos.\" \/>\n<meta property=\"og:url\" content=\"https:\/\/medinstrus.lt\/es\/producto\/mt02\/\" \/>\n<meta property=\"og:site_name\" content=\"Medinstrus\" \/>\n<meta property=\"article:publisher\" content=\"https:\/\/www.facebook.com\/medinstrus\/\" \/>\n<meta property=\"og:image\" content=\"https:\/\/medinstrus.lt\/wp-content\/uploads\/2024\/09\/MT-02.jpg\" \/>\n\t<meta property=\"og:image:width\" content=\"1000\" \/>\n\t<meta property=\"og:image:height\" content=\"1500\" \/>\n\t<meta property=\"og:image:type\" content=\"image\/jpeg\" \/>\n<meta name=\"twitter:card\" content=\"summary_large_image\" \/>\n<meta name=\"twitter:label1\" content=\"Tiempo de lectura\" \/>\n\t<meta name=\"twitter:data1\" content=\"1 minuto\" \/>\n<script type=\"application\/ld+json\" class=\"yoast-schema-graph\">{\"@context\":\"https:\\\/\\\/schema.org\",\"@graph\":[{\"@type\":\"WebPage\",\"@id\":\"https:\\\/\\\/medinstrus.lt\\\/es\\\/producto\\\/mt02\\\/\",\"url\":\"https:\\\/\\\/medinstrus.lt\\\/es\\\/producto\\\/mt02\\\/\",\"name\":\"Mesa el\u00e9ctrica para equipo oftalmol\u00f3gico MT02 - Medinstrus\",\"isPartOf\":{\"@id\":\"https:\\\/\\\/medinstrus.lt\\\/es\\\/#website\"},\"primaryImageOfPage\":{\"@id\":\"https:\\\/\\\/medinstrus.lt\\\/es\\\/producto\\\/mt02\\\/#primaryimage\"},\"image\":{\"@id\":\"https:\\\/\\\/medinstrus.lt\\\/es\\\/producto\\\/mt02\\\/#primaryimage\"},\"thumbnailUrl\":\"https:\\\/\\\/medinstrus.lt\\\/wp-content\\\/uploads\\\/2024\\\/09\\\/MT-02.jpg\",\"datePublished\":\"2024-09-24T15:44:56+00:00\",\"description\":\"Explora la MT02, una mesa basculante motorizada que ofrece un dise\u00f1o robusto y funciones ajustables para una colocaci\u00f3n \u00f3ptima de los instrumentos.\",\"breadcrumb\":{\"@id\":\"https:\\\/\\\/medinstrus.lt\\\/es\\\/producto\\\/mt02\\\/#breadcrumb\"},\"inLanguage\":\"es\",\"potentialAction\":[{\"@type\":\"ReadAction\",\"target\":[\"https:\\\/\\\/medinstrus.lt\\\/es\\\/producto\\\/mt02\\\/\"]}]},{\"@type\":\"ImageObject\",\"inLanguage\":\"es\",\"@id\":\"https:\\\/\\\/medinstrus.lt\\\/es\\\/producto\\\/mt02\\\/#primaryimage\",\"url\":\"https:\\\/\\\/medinstrus.lt\\\/wp-content\\\/uploads\\\/2024\\\/09\\\/MT-02.jpg\",\"contentUrl\":\"https:\\\/\\\/medinstrus.lt\\\/wp-content\\\/uploads\\\/2024\\\/09\\\/MT-02.jpg\",\"width\":1000,\"height\":1500,\"caption\":\"MT02 table designed for optimal instrument positioning\"},{\"@type\":\"BreadcrumbList\",\"@id\":\"https:\\\/\\\/medinstrus.lt\\\/es\\\/producto\\\/mt02\\\/#breadcrumb\",\"itemListElement\":[{\"@type\":\"ListItem\",\"position\":1,\"name\":\"Home\",\"item\":\"https:\\\/\\\/medinstrus.lt\\\/es\\\/pagina-de-inicio\\\/\"},{\"@type\":\"ListItem\",\"position\":2,\"name\":\"Tienda\",\"item\":\"https:\\\/\\\/medinstrus.lt\\\/es\\\/tienda\\\/\"},{\"@type\":\"ListItem\",\"position\":3,\"name\":\"MT02\"}]},{\"@type\":\"WebSite\",\"@id\":\"https:\\\/\\\/medinstrus.lt\\\/es\\\/#website\",\"url\":\"https:\\\/\\\/medinstrus.lt\\\/es\\\/\",\"name\":\"https:\\\/\\\/medinstrus.com\\\/\",\"description\":\"Simplicity combined with functionality.\",\"publisher\":{\"@id\":\"https:\\\/\\\/medinstrus.lt\\\/es\\\/#organization\"},\"potentialAction\":[{\"@type\":\"SearchAction\",\"target\":{\"@type\":\"EntryPoint\",\"urlTemplate\":\"https:\\\/\\\/medinstrus.lt\\\/es\\\/?s={search_term_string}\"},\"query-input\":{\"@type\":\"PropertyValueSpecification\",\"valueRequired\":true,\"valueName\":\"search_term_string\"}}],\"inLanguage\":\"es\"},{\"@type\":\"Organization\",\"@id\":\"https:\\\/\\\/medinstrus.lt\\\/es\\\/#organization\",\"name\":\"Medinstrus\",\"url\":\"https:\\\/\\\/medinstrus.lt\\\/es\\\/\",\"logo\":{\"@type\":\"ImageObject\",\"inLanguage\":\"es\",\"@id\":\"https:\\\/\\\/medinstrus.lt\\\/es\\\/#\\\/schema\\\/logo\\\/image\\\/\",\"url\":\"https:\\\/\\\/medinstrus.lt\\\/wp-content\\\/uploads\\\/2025\\\/02\\\/Medinstrus-v1.png\",\"contentUrl\":\"https:\\\/\\\/medinstrus.lt\\\/wp-content\\\/uploads\\\/2025\\\/02\\\/Medinstrus-v1.png\",\"width\":723,\"height\":96,\"caption\":\"Medinstrus\"},\"image\":{\"@id\":\"https:\\\/\\\/medinstrus.lt\\\/es\\\/#\\\/schema\\\/logo\\\/image\\\/\"},\"sameAs\":[\"https:\\\/\\\/www.facebook.com\\\/medinstrus\\\/\",\"https:\\\/\\\/www.instagram.com\\\/Medinstrus\"]}]}<\/script>\n<!-- \/ Yoast SEO Premium plugin. -->","yoast_head_json":{"title":"Mesa el\u00e9ctrica para equipo oftalmol\u00f3gico MT02 - Medinstrus","description":"Explora la MT02, una mesa basculante motorizada que ofrece un dise\u00f1o robusto y funciones ajustables para una colocaci\u00f3n \u00f3ptima de los instrumentos.","robots":{"index":"index","follow":"follow","max-snippet":"max-snippet:-1","max-image-preview":"max-image-preview:large","max-video-preview":"max-video-preview:-1"},"canonical":"https:\/\/medinstrus.lt\/es\/producto\/mt02\/","og_locale":"es_ES","og_type":"article","og_title":"MT02","og_description":"Explora la MT02, una mesa basculante motorizada que ofrece un dise\u00f1o robusto y funciones ajustables para una colocaci\u00f3n \u00f3ptima de los instrumentos.","og_url":"https:\/\/medinstrus.lt\/es\/producto\/mt02\/","og_site_name":"Medinstrus","article_publisher":"https:\/\/www.facebook.com\/medinstrus\/","og_image":[{"width":1000,"height":1500,"url":"https:\/\/medinstrus.lt\/wp-content\/uploads\/2024\/09\/MT-02.jpg","type":"image\/jpeg"}],"twitter_card":"summary_large_image","twitter_misc":{"Tiempo de lectura":"1 minuto"},"schema":{"@context":"https:\/\/schema.org","@graph":[{"@type":"WebPage","@id":"https:\/\/medinstrus.lt\/es\/producto\/mt02\/","url":"https:\/\/medinstrus.lt\/es\/producto\/mt02\/","name":"Mesa el\u00e9ctrica para equipo oftalmol\u00f3gico MT02 - Medinstrus","isPartOf":{"@id":"https:\/\/medinstrus.lt\/es\/#website"},"primaryImageOfPage":{"@id":"https:\/\/medinstrus.lt\/es\/producto\/mt02\/#primaryimage"},"image":{"@id":"https:\/\/medinstrus.lt\/es\/producto\/mt02\/#primaryimage"},"thumbnailUrl":"https:\/\/medinstrus.lt\/wp-content\/uploads\/2024\/09\/MT-02.jpg","datePublished":"2024-09-24T15:44:56+00:00","description":"Explora la MT02, una mesa basculante motorizada que ofrece un dise\u00f1o robusto y funciones ajustables para una colocaci\u00f3n \u00f3ptima de los instrumentos.","breadcrumb":{"@id":"https:\/\/medinstrus.lt\/es\/producto\/mt02\/#breadcrumb"},"inLanguage":"es","potentialAction":[{"@type":"ReadAction","target":["https:\/\/medinstrus.lt\/es\/producto\/mt02\/"]}]},{"@type":"ImageObject","inLanguage":"es","@id":"https:\/\/medinstrus.lt\/es\/producto\/mt02\/#primaryimage","url":"https:\/\/medinstrus.lt\/wp-content\/uploads\/2024\/09\/MT-02.jpg","contentUrl":"https:\/\/medinstrus.lt\/wp-content\/uploads\/2024\/09\/MT-02.jpg","width":1000,"height":1500,"caption":"MT02 table designed for optimal instrument positioning"},{"@type":"BreadcrumbList","@id":"https:\/\/medinstrus.lt\/es\/producto\/mt02\/#breadcrumb","itemListElement":[{"@type":"ListItem","position":1,"name":"Home","item":"https:\/\/medinstrus.lt\/es\/pagina-de-inicio\/"},{"@type":"ListItem","position":2,"name":"Tienda","item":"https:\/\/medinstrus.lt\/es\/tienda\/"},{"@type":"ListItem","position":3,"name":"MT02"}]},{"@type":"WebSite","@id":"https:\/\/medinstrus.lt\/es\/#website","url":"https:\/\/medinstrus.lt\/es\/","name":"https:\/\/medinstrus.com\/","description":"Simplicity combined with functionality.","publisher":{"@id":"https:\/\/medinstrus.lt\/es\/#organization"},"potentialAction":[{"@type":"SearchAction","target":{"@type":"EntryPoint","urlTemplate":"https:\/\/medinstrus.lt\/es\/?s={search_term_string}"},"query-input":{"@type":"PropertyValueSpecification","valueRequired":true,"valueName":"search_term_string"}}],"inLanguage":"es"},{"@type":"Organization","@id":"https:\/\/medinstrus.lt\/es\/#organization","name":"Medinstrus","url":"https:\/\/medinstrus.lt\/es\/","logo":{"@type":"ImageObject","inLanguage":"es","@id":"https:\/\/medinstrus.lt\/es\/#\/schema\/logo\/image\/","url":"https:\/\/medinstrus.lt\/wp-content\/uploads\/2025\/02\/Medinstrus-v1.png","contentUrl":"https:\/\/medinstrus.lt\/wp-content\/uploads\/2025\/02\/Medinstrus-v1.png","width":723,"height":96,"caption":"Medinstrus"},"image":{"@id":"https:\/\/medinstrus.lt\/es\/#\/schema\/logo\/image\/"},"sameAs":["https:\/\/www.facebook.com\/medinstrus\/","https:\/\/www.instagram.com\/Medinstrus"]}]}},"_links":{"self":[{"href":"https:\/\/medinstrus.lt\/es\/wp-json\/wp\/v2\/product\/3359","targetHints":{"allow":["GET"]}}],"collection":[{"href":"https:\/\/medinstrus.lt\/es\/wp-json\/wp\/v2\/product"}],"about":[{"href":"https:\/\/medinstrus.lt\/es\/wp-json\/wp\/v2\/types\/product"}],"replies":[{"embeddable":true,"href":"https:\/\/medinstrus.lt\/es\/wp-json\/wp\/v2\/comments?post=3359"}],"wp:featuredmedia":[{"embeddable":true,"href":"https:\/\/medinstrus.lt\/es\/wp-json\/wp\/v2\/media\/2386"}],"wp:attachment":[{"href":"https:\/\/medinstrus.lt\/es\/wp-json\/wp\/v2\/media?parent=3359"}],"wp:term":[{"taxonomy":"product_brand","embeddable":true,"href":"https:\/\/medinstrus.lt\/es\/wp-json\/wp\/v2\/product_brand?post=3359"},{"taxonomy":"product_cat","embeddable":true,"href":"https:\/\/medinstrus.lt\/es\/wp-json\/wp\/v2\/product_cat?post=3359"},{"taxonomy":"product_tag","embeddable":true,"href":"https:\/\/medinstrus.lt\/es\/wp-json\/wp\/v2\/product_tag?post=3359"}],"curies":[{"name":"wp","href":"https:\/\/api.w.org\/{rel}","templated":true}]}}