{"id":3355,"date":"2024-09-24T18:50:53","date_gmt":"2024-09-24T15:50:53","guid":{"rendered":"https:\/\/medinstrus.lt\/product\/ptu-mt02\/"},"modified":"2024-09-24T18:50:53","modified_gmt":"2024-09-24T15:50:53","slug":"ptu-mt02","status":"publish","type":"product","link":"https:\/\/medinstrus.lt\/es\/producto\/ptu-mt02\/","title":{"rendered":"PTU MT02"},"content":{"rendered":"<p><strong>Especificaciones t\u00e9cnicas:<\/strong><\/p>\n<p><strong>Ajuste de altura:<\/strong><\/p>\n<ul>\n<li><strong>Altura m\u00ednima:<\/strong> 70 cm<\/li>\n<li><strong>Altura m\u00e1xima:<\/strong> 101 cm<\/li>\n<li><strong>Rango de elevaci\u00f3n:<\/strong> 40 cm<\/li>\n<li>Ajuste de altura el\u00e9ctrico controlado por un interruptor ARRIBA\/ABAJO para una personalizaci\u00f3n sin esfuerzo.<\/li>\n<\/ul>\n<p><strong>Dimensiones del marco:<\/strong><\/p>\n<ul>\n<li><strong>Longitud:<\/strong> 90 cm<\/li>\n<li>Dise\u00f1ado para adaptarse a diversas configuraciones y proporcionar un amplio espacio de trabajo.<\/li>\n<\/ul>\n<p><strong>Capacidad de elevaci\u00f3n:<\/strong><\/p>\n<ul>\n<li>Capaz de levantar hasta 80 kg, lo que garantiza la compatibilidad con una amplia gama de instrumentos.<\/li>\n<\/ul>\n<p><strong>Peso:<\/strong><\/p>\n<ul>\n<li>La mesa pesa 48 kg, seg\u00fan la configuraci\u00f3n, proporcionando una plataforma estable sin comprometer la movilidad.<\/li>\n<\/ul>\n<p><strong>Fuente de alimentaci\u00f3n:<\/strong><\/p>\n<ul>\n<li>Funciona con una fuente de alimentaci\u00f3n de ~115\/230V 50\/60Hz, por lo que es apta para su uso en todo el mundo.<\/li>\n<\/ul>\n<p><strong>Caracter\u00edsticas adicionales:<\/strong><\/p>\n<ul>\n<li>Viene con una carcasa de ordenador que incluye una puerta, de 56x23x46 cm, que puede personalizarse seg\u00fan las necesidades espec\u00edficas.<\/li>\n<li>La forma y el tama\u00f1o del tablero y de la carcasa del ordenador tambi\u00e9n pueden personalizarse para adaptarse mejor a las necesidades individuales y a las configuraciones del espacio de trabajo.<\/li>\n<\/ul>\n<p>La mesa OCT MT02 est\u00e1 dise\u00f1ada para ofrecer una soluci\u00f3n ergon\u00f3mica y accesible para entornos cl\u00ednicos, garantizando que tanto los profesionales como los pacientes se beneficien de su funcionalidad y facilidad de uso. Su robusta capacidad de elevaci\u00f3n y sus caracter\u00edsticas personalizables la convierten en la opci\u00f3n ideal para diversos procedimientos e instrumentos oftalmol\u00f3gicos. <\/p>\n","protected":false},"excerpt":{"rendered":"<p><strong>Mesa de instrumentos MT02 OCT<\/strong><\/p>\n<p>La Mesa de instrumental OCT MT02 est\u00e1 dise\u00f1ada para ofrecer una soluci\u00f3n robusta y vers\u00e1til para la OCT (Tomograf\u00eda de Coherencia \u00d3ptica) y otros instrumentos oftalmol\u00f3gicos, proporcionando facilidad de acceso y estabilidad. Entre las principales caracter\u00edsticas de la MT02 OCT se incluyen: <\/p>\n","protected":false},"featured_media":2959,"comment_status":"closed","ping_status":"closed","template":"","meta":{"_acf_changed":false},"product_brand":[],"product_cat":[202],"product_tag":[218,217,219],"class_list":{"0":"post-3355","1":"product","2":"type-product","3":"status-publish","4":"has-post-thumbnail","6":"product_cat-tablas","7":"product_tag-mesa-motorizada-para-instrumentos-oct","8":"product_tag-mesa-mt02-oct","9":"product_tag-mesa-ptu-regulable","11":"first","12":"instock","13":"shipping-taxable","14":"product-type-simple"},"acf":[],"gallery_images":[2390,2392],"yoast_head":"<!-- This site is optimized with the Yoast SEO Premium plugin v27.4 (Yoast SEO v27.4) - https:\/\/yoast.com\/product\/yoast-seo-premium-wordpress\/ -->\n<title>Equipo el\u00e9ctrico oftalmol\u00f3gico mesa MT02 OCT - Medinstrus<\/title>\n<meta name=\"description\" content=\"Descubre la MT02 OCT, una mesa basculante motorizada dise\u00f1ada espec\u00edficamente para soportar aparatos de Tomograf\u00eda de Coherencia \u00d3ptica con posicionamiento ajustable.\" \/>\n<meta name=\"robots\" content=\"index, follow, max-snippet:-1, max-image-preview:large, max-video-preview:-1\" \/>\n<link rel=\"canonical\" href=\"https:\/\/medinstrus.lt\/es\/producto\/ptu-mt02\/\" \/>\n<meta property=\"og:locale\" content=\"es_ES\" \/>\n<meta property=\"og:type\" content=\"article\" \/>\n<meta property=\"og:title\" content=\"PTU MT02\" \/>\n<meta property=\"og:description\" content=\"Descubre la MT02 OCT, una mesa basculante motorizada dise\u00f1ada espec\u00edficamente para soportar aparatos de Tomograf\u00eda de Coherencia \u00d3ptica con posicionamiento ajustable.\" \/>\n<meta property=\"og:url\" content=\"https:\/\/medinstrus.lt\/es\/producto\/ptu-mt02\/\" \/>\n<meta property=\"og:site_name\" content=\"Medinstrus\" \/>\n<meta property=\"article:publisher\" content=\"https:\/\/www.facebook.com\/medinstrus\/\" \/>\n<meta property=\"og:image\" content=\"https:\/\/medinstrus.lt\/wp-content\/uploads\/2024\/09\/MT02-OCT.png\" \/>\n\t<meta property=\"og:image:width\" content=\"1080\" \/>\n\t<meta property=\"og:image:height\" content=\"1350\" \/>\n\t<meta property=\"og:image:type\" content=\"image\/png\" \/>\n<meta name=\"twitter:card\" content=\"summary_large_image\" \/>\n<meta name=\"twitter:label1\" content=\"Tiempo de lectura\" \/>\n\t<meta name=\"twitter:data1\" content=\"1 minuto\" \/>\n<script type=\"application\/ld+json\" class=\"yoast-schema-graph\">{\"@context\":\"https:\\\/\\\/schema.org\",\"@graph\":[{\"@type\":\"WebPage\",\"@id\":\"https:\\\/\\\/medinstrus.lt\\\/es\\\/producto\\\/ptu-mt02\\\/\",\"url\":\"https:\\\/\\\/medinstrus.lt\\\/es\\\/producto\\\/ptu-mt02\\\/\",\"name\":\"Equipo el\u00e9ctrico oftalmol\u00f3gico mesa MT02 OCT - Medinstrus\",\"isPartOf\":{\"@id\":\"https:\\\/\\\/medinstrus.lt\\\/es\\\/#website\"},\"primaryImageOfPage\":{\"@id\":\"https:\\\/\\\/medinstrus.lt\\\/es\\\/producto\\\/ptu-mt02\\\/#primaryimage\"},\"image\":{\"@id\":\"https:\\\/\\\/medinstrus.lt\\\/es\\\/producto\\\/ptu-mt02\\\/#primaryimage\"},\"thumbnailUrl\":\"https:\\\/\\\/medinstrus.lt\\\/wp-content\\\/uploads\\\/2024\\\/09\\\/MT02-OCT.png\",\"datePublished\":\"2024-09-24T15:50:53+00:00\",\"description\":\"Descubre la MT02 OCT, una mesa basculante motorizada dise\u00f1ada espec\u00edficamente para soportar aparatos de Tomograf\u00eda de Coherencia \u00d3ptica con posicionamiento ajustable.\",\"breadcrumb\":{\"@id\":\"https:\\\/\\\/medinstrus.lt\\\/es\\\/producto\\\/ptu-mt02\\\/#breadcrumb\"},\"inLanguage\":\"es\",\"potentialAction\":[{\"@type\":\"ReadAction\",\"target\":[\"https:\\\/\\\/medinstrus.lt\\\/es\\\/producto\\\/ptu-mt02\\\/\"]}]},{\"@type\":\"ImageObject\",\"inLanguage\":\"es\",\"@id\":\"https:\\\/\\\/medinstrus.lt\\\/es\\\/producto\\\/ptu-mt02\\\/#primaryimage\",\"url\":\"https:\\\/\\\/medinstrus.lt\\\/wp-content\\\/uploads\\\/2024\\\/09\\\/MT02-OCT.png\",\"contentUrl\":\"https:\\\/\\\/medinstrus.lt\\\/wp-content\\\/uploads\\\/2024\\\/09\\\/MT02-OCT.png\",\"width\":1080,\"height\":1350,\"caption\":\"MT02 OCT table tailored for Optical Coherence Tomography equipment\"},{\"@type\":\"BreadcrumbList\",\"@id\":\"https:\\\/\\\/medinstrus.lt\\\/es\\\/producto\\\/ptu-mt02\\\/#breadcrumb\",\"itemListElement\":[{\"@type\":\"ListItem\",\"position\":1,\"name\":\"Home\",\"item\":\"https:\\\/\\\/medinstrus.lt\\\/es\\\/pagina-de-inicio\\\/\"},{\"@type\":\"ListItem\",\"position\":2,\"name\":\"Tienda\",\"item\":\"https:\\\/\\\/medinstrus.lt\\\/es\\\/tienda\\\/\"},{\"@type\":\"ListItem\",\"position\":3,\"name\":\"PTU MT02\"}]},{\"@type\":\"WebSite\",\"@id\":\"https:\\\/\\\/medinstrus.lt\\\/es\\\/#website\",\"url\":\"https:\\\/\\\/medinstrus.lt\\\/es\\\/\",\"name\":\"https:\\\/\\\/medinstrus.com\\\/\",\"description\":\"Simplicity combined with functionality.\",\"publisher\":{\"@id\":\"https:\\\/\\\/medinstrus.lt\\\/es\\\/#organization\"},\"potentialAction\":[{\"@type\":\"SearchAction\",\"target\":{\"@type\":\"EntryPoint\",\"urlTemplate\":\"https:\\\/\\\/medinstrus.lt\\\/es\\\/?s={search_term_string}\"},\"query-input\":{\"@type\":\"PropertyValueSpecification\",\"valueRequired\":true,\"valueName\":\"search_term_string\"}}],\"inLanguage\":\"es\"},{\"@type\":\"Organization\",\"@id\":\"https:\\\/\\\/medinstrus.lt\\\/es\\\/#organization\",\"name\":\"Medinstrus\",\"url\":\"https:\\\/\\\/medinstrus.lt\\\/es\\\/\",\"logo\":{\"@type\":\"ImageObject\",\"inLanguage\":\"es\",\"@id\":\"https:\\\/\\\/medinstrus.lt\\\/es\\\/#\\\/schema\\\/logo\\\/image\\\/\",\"url\":\"https:\\\/\\\/medinstrus.lt\\\/wp-content\\\/uploads\\\/2025\\\/02\\\/Medinstrus-v1.png\",\"contentUrl\":\"https:\\\/\\\/medinstrus.lt\\\/wp-content\\\/uploads\\\/2025\\\/02\\\/Medinstrus-v1.png\",\"width\":723,\"height\":96,\"caption\":\"Medinstrus\"},\"image\":{\"@id\":\"https:\\\/\\\/medinstrus.lt\\\/es\\\/#\\\/schema\\\/logo\\\/image\\\/\"},\"sameAs\":[\"https:\\\/\\\/www.facebook.com\\\/medinstrus\\\/\",\"https:\\\/\\\/www.instagram.com\\\/Medinstrus\"]}]}<\/script>\n<!-- \/ Yoast SEO Premium plugin. -->","yoast_head_json":{"title":"Equipo el\u00e9ctrico oftalmol\u00f3gico mesa MT02 OCT - Medinstrus","description":"Descubre la MT02 OCT, una mesa basculante motorizada dise\u00f1ada espec\u00edficamente para soportar aparatos de Tomograf\u00eda de Coherencia \u00d3ptica con posicionamiento ajustable.","robots":{"index":"index","follow":"follow","max-snippet":"max-snippet:-1","max-image-preview":"max-image-preview:large","max-video-preview":"max-video-preview:-1"},"canonical":"https:\/\/medinstrus.lt\/es\/producto\/ptu-mt02\/","og_locale":"es_ES","og_type":"article","og_title":"PTU MT02","og_description":"Descubre la MT02 OCT, una mesa basculante motorizada dise\u00f1ada espec\u00edficamente para soportar aparatos de Tomograf\u00eda de Coherencia \u00d3ptica con posicionamiento ajustable.","og_url":"https:\/\/medinstrus.lt\/es\/producto\/ptu-mt02\/","og_site_name":"Medinstrus","article_publisher":"https:\/\/www.facebook.com\/medinstrus\/","og_image":[{"width":1080,"height":1350,"url":"https:\/\/medinstrus.lt\/wp-content\/uploads\/2024\/09\/MT02-OCT.png","type":"image\/png"}],"twitter_card":"summary_large_image","twitter_misc":{"Tiempo de lectura":"1 minuto"},"schema":{"@context":"https:\/\/schema.org","@graph":[{"@type":"WebPage","@id":"https:\/\/medinstrus.lt\/es\/producto\/ptu-mt02\/","url":"https:\/\/medinstrus.lt\/es\/producto\/ptu-mt02\/","name":"Equipo el\u00e9ctrico oftalmol\u00f3gico mesa MT02 OCT - Medinstrus","isPartOf":{"@id":"https:\/\/medinstrus.lt\/es\/#website"},"primaryImageOfPage":{"@id":"https:\/\/medinstrus.lt\/es\/producto\/ptu-mt02\/#primaryimage"},"image":{"@id":"https:\/\/medinstrus.lt\/es\/producto\/ptu-mt02\/#primaryimage"},"thumbnailUrl":"https:\/\/medinstrus.lt\/wp-content\/uploads\/2024\/09\/MT02-OCT.png","datePublished":"2024-09-24T15:50:53+00:00","description":"Descubre la MT02 OCT, una mesa basculante motorizada dise\u00f1ada espec\u00edficamente para soportar aparatos de Tomograf\u00eda de Coherencia \u00d3ptica con posicionamiento ajustable.","breadcrumb":{"@id":"https:\/\/medinstrus.lt\/es\/producto\/ptu-mt02\/#breadcrumb"},"inLanguage":"es","potentialAction":[{"@type":"ReadAction","target":["https:\/\/medinstrus.lt\/es\/producto\/ptu-mt02\/"]}]},{"@type":"ImageObject","inLanguage":"es","@id":"https:\/\/medinstrus.lt\/es\/producto\/ptu-mt02\/#primaryimage","url":"https:\/\/medinstrus.lt\/wp-content\/uploads\/2024\/09\/MT02-OCT.png","contentUrl":"https:\/\/medinstrus.lt\/wp-content\/uploads\/2024\/09\/MT02-OCT.png","width":1080,"height":1350,"caption":"MT02 OCT table tailored for Optical Coherence Tomography equipment"},{"@type":"BreadcrumbList","@id":"https:\/\/medinstrus.lt\/es\/producto\/ptu-mt02\/#breadcrumb","itemListElement":[{"@type":"ListItem","position":1,"name":"Home","item":"https:\/\/medinstrus.lt\/es\/pagina-de-inicio\/"},{"@type":"ListItem","position":2,"name":"Tienda","item":"https:\/\/medinstrus.lt\/es\/tienda\/"},{"@type":"ListItem","position":3,"name":"PTU MT02"}]},{"@type":"WebSite","@id":"https:\/\/medinstrus.lt\/es\/#website","url":"https:\/\/medinstrus.lt\/es\/","name":"https:\/\/medinstrus.com\/","description":"Simplicity combined with functionality.","publisher":{"@id":"https:\/\/medinstrus.lt\/es\/#organization"},"potentialAction":[{"@type":"SearchAction","target":{"@type":"EntryPoint","urlTemplate":"https:\/\/medinstrus.lt\/es\/?s={search_term_string}"},"query-input":{"@type":"PropertyValueSpecification","valueRequired":true,"valueName":"search_term_string"}}],"inLanguage":"es"},{"@type":"Organization","@id":"https:\/\/medinstrus.lt\/es\/#organization","name":"Medinstrus","url":"https:\/\/medinstrus.lt\/es\/","logo":{"@type":"ImageObject","inLanguage":"es","@id":"https:\/\/medinstrus.lt\/es\/#\/schema\/logo\/image\/","url":"https:\/\/medinstrus.lt\/wp-content\/uploads\/2025\/02\/Medinstrus-v1.png","contentUrl":"https:\/\/medinstrus.lt\/wp-content\/uploads\/2025\/02\/Medinstrus-v1.png","width":723,"height":96,"caption":"Medinstrus"},"image":{"@id":"https:\/\/medinstrus.lt\/es\/#\/schema\/logo\/image\/"},"sameAs":["https:\/\/www.facebook.com\/medinstrus\/","https:\/\/www.instagram.com\/Medinstrus"]}]}},"_links":{"self":[{"href":"https:\/\/medinstrus.lt\/es\/wp-json\/wp\/v2\/product\/3355","targetHints":{"allow":["GET"]}}],"collection":[{"href":"https:\/\/medinstrus.lt\/es\/wp-json\/wp\/v2\/product"}],"about":[{"href":"https:\/\/medinstrus.lt\/es\/wp-json\/wp\/v2\/types\/product"}],"replies":[{"embeddable":true,"href":"https:\/\/medinstrus.lt\/es\/wp-json\/wp\/v2\/comments?post=3355"}],"wp:featuredmedia":[{"embeddable":true,"href":"https:\/\/medinstrus.lt\/es\/wp-json\/wp\/v2\/media\/2959"}],"wp:attachment":[{"href":"https:\/\/medinstrus.lt\/es\/wp-json\/wp\/v2\/media?parent=3355"}],"wp:term":[{"taxonomy":"product_brand","embeddable":true,"href":"https:\/\/medinstrus.lt\/es\/wp-json\/wp\/v2\/product_brand?post=3355"},{"taxonomy":"product_cat","embeddable":true,"href":"https:\/\/medinstrus.lt\/es\/wp-json\/wp\/v2\/product_cat?post=3355"},{"taxonomy":"product_tag","embeddable":true,"href":"https:\/\/medinstrus.lt\/es\/wp-json\/wp\/v2\/product_tag?post=3355"}],"curies":[{"name":"wp","href":"https:\/\/api.w.org\/{rel}","templated":true}]}}