{"id":3352,"date":"2024-09-24T18:56:13","date_gmt":"2024-09-24T15:56:13","guid":{"rendered":"https:\/\/medinstrus.lt\/product\/columna-de-pared\/"},"modified":"2024-09-24T18:56:13","modified_gmt":"2024-09-24T15:56:13","slug":"columna-de-pared","status":"publish","type":"product","link":"https:\/\/medinstrus.lt\/es\/producto\/columna-de-pared\/","title":{"rendered":"Columna de pared"},"content":{"rendered":"<p><strong>Especificaciones t\u00e9cnicas:<\/strong><\/p>\n<ul>\n<li><strong>Altura de la columna:<\/strong> 180 cm<\/li>\n<li><strong>Patas ajustables:<\/strong> 2-8 cm<\/li>\n<li><strong>Anchura sin tablero:<\/strong> 26,9 cm<\/li>\n<li><strong>Posici\u00f3n m\u00e1s baja del tablero:<\/strong> 63,5 cm<\/li>\n<li><strong>Posici\u00f3n m\u00e1s alta del tablero:<\/strong> 135,5 cm<\/li>\n<li><strong>Rango de elevaci\u00f3n:<\/strong> 72 cm<\/li>\n<li><strong>Capacidad de elevaci\u00f3n:<\/strong> 40 kg<\/li>\n<li><strong>Tensi\u00f3n\/Frecuencia de alimentaci\u00f3n:<\/strong> ~220-240V 50\/60Hz<\/li>\n<li><strong>Tomas para Instrumentos:<\/strong> 2 uds.<\/li>\n<\/ul>\n<p>La altura de la Columna de pared puede ajustarse para satisfacer diversas necesidades operativas, proporcionando flexibilidad y eficacia. Su construcci\u00f3n duradera garantiza que pueda soportar con seguridad una serie de instrumentos, mientras que las patas ajustables y el amplio rango de elevaci\u00f3n ofrecen versatilidad adicional. Esto convierte a la Columna de pared en una opci\u00f3n fiable para mejorar la funcionalidad y ergonom\u00eda de cualquier espacio cl\u00ednico.  <\/p>\n","protected":false},"excerpt":{"rendered":"<p><strong>Columna de pared<\/strong><\/p>\n<p>La Columna de pared es una soluci\u00f3n vers\u00e1til y robusta dise\u00f1ada para soportar diversos instrumentos m\u00e9dicos. Su altura regulable y su s\u00f3lida construcci\u00f3n la convierten en un componente esencial en los entornos cl\u00ednicos modernos. <\/p>\n","protected":false},"featured_media":2394,"comment_status":"closed","ping_status":"closed","template":"","meta":{"_acf_changed":false},"product_brand":[],"product_cat":[202],"product_tag":[203,205,206,204],"class_list":{"0":"post-3352","1":"product","2":"type-product","3":"status-publish","4":"has-post-thumbnail","6":"product_cat-tablas","7":"product_tag-columna-de-pared","8":"product_tag-equipos-medicos-que-ahorran-espacio","9":"product_tag-sistema-de-montaje-ajustable","10":"product_tag-soporte-para-instrumentos-de-diagnostico","12":"first","13":"instock","14":"shipping-taxable","15":"product-type-simple"},"acf":[],"gallery_images":[],"yoast_head":"<!-- This site is optimized with the Yoast SEO Premium plugin v27.4 (Yoast SEO v27.4) - https:\/\/yoast.com\/product\/yoast-seo-premium-wordpress\/ -->\n<title>Columna mural - para el montaje seguro de equipos - Medinstrus<\/title>\n<meta name=\"description\" content=\"Descubre la Columna de pared, una soluci\u00f3n compacta que ahorra espacio, dise\u00f1ada para montar de forma segura los instrumentos de diagn\u00f3stico, optimizando la eficiencia del espacio de trabajo de la cl\u00ednica.\" \/>\n<meta name=\"robots\" content=\"index, follow, max-snippet:-1, max-image-preview:large, max-video-preview:-1\" \/>\n<link rel=\"canonical\" href=\"https:\/\/medinstrus.lt\/es\/producto\/columna-de-pared\/\" \/>\n<meta property=\"og:locale\" content=\"es_ES\" \/>\n<meta property=\"og:type\" content=\"article\" \/>\n<meta property=\"og:title\" content=\"Columna de pared\" \/>\n<meta property=\"og:description\" content=\"Descubre la Columna de pared, una soluci\u00f3n compacta que ahorra espacio, dise\u00f1ada para montar de forma segura los instrumentos de diagn\u00f3stico, optimizando la eficiencia del espacio de trabajo de la cl\u00ednica.\" \/>\n<meta property=\"og:url\" content=\"https:\/\/medinstrus.lt\/es\/producto\/columna-de-pared\/\" \/>\n<meta property=\"og:site_name\" content=\"Medinstrus\" \/>\n<meta property=\"article:publisher\" content=\"https:\/\/www.facebook.com\/medinstrus\/\" \/>\n<meta property=\"og:image\" content=\"https:\/\/medinstrus.lt\/wp-content\/uploads\/2024\/09\/Wall-column.jpg\" \/>\n\t<meta property=\"og:image:width\" content=\"1000\" \/>\n\t<meta property=\"og:image:height\" content=\"1500\" \/>\n\t<meta property=\"og:image:type\" content=\"image\/jpeg\" \/>\n<meta name=\"twitter:card\" content=\"summary_large_image\" \/>\n<meta name=\"twitter:label1\" content=\"Tiempo de lectura\" \/>\n\t<meta name=\"twitter:data1\" content=\"1 minuto\" \/>\n<script type=\"application\/ld+json\" class=\"yoast-schema-graph\">{\"@context\":\"https:\\\/\\\/schema.org\",\"@graph\":[{\"@type\":\"WebPage\",\"@id\":\"https:\\\/\\\/medinstrus.lt\\\/es\\\/producto\\\/columna-de-pared\\\/\",\"url\":\"https:\\\/\\\/medinstrus.lt\\\/es\\\/producto\\\/columna-de-pared\\\/\",\"name\":\"Columna mural - para el montaje seguro de equipos - Medinstrus\",\"isPartOf\":{\"@id\":\"https:\\\/\\\/medinstrus.lt\\\/es\\\/#website\"},\"primaryImageOfPage\":{\"@id\":\"https:\\\/\\\/medinstrus.lt\\\/es\\\/producto\\\/columna-de-pared\\\/#primaryimage\"},\"image\":{\"@id\":\"https:\\\/\\\/medinstrus.lt\\\/es\\\/producto\\\/columna-de-pared\\\/#primaryimage\"},\"thumbnailUrl\":\"https:\\\/\\\/medinstrus.lt\\\/wp-content\\\/uploads\\\/2024\\\/09\\\/Wall-column.jpg\",\"datePublished\":\"2024-09-24T15:56:13+00:00\",\"description\":\"Descubre la Columna de pared, una soluci\u00f3n compacta que ahorra espacio, dise\u00f1ada para montar de forma segura los instrumentos de diagn\u00f3stico, optimizando la eficiencia del espacio de trabajo de la cl\u00ednica.\",\"breadcrumb\":{\"@id\":\"https:\\\/\\\/medinstrus.lt\\\/es\\\/producto\\\/columna-de-pared\\\/#breadcrumb\"},\"inLanguage\":\"es\",\"potentialAction\":[{\"@type\":\"ReadAction\",\"target\":[\"https:\\\/\\\/medinstrus.lt\\\/es\\\/producto\\\/columna-de-pared\\\/\"]}]},{\"@type\":\"ImageObject\",\"inLanguage\":\"es\",\"@id\":\"https:\\\/\\\/medinstrus.lt\\\/es\\\/producto\\\/columna-de-pared\\\/#primaryimage\",\"url\":\"https:\\\/\\\/medinstrus.lt\\\/wp-content\\\/uploads\\\/2024\\\/09\\\/Wall-column.jpg\",\"contentUrl\":\"https:\\\/\\\/medinstrus.lt\\\/wp-content\\\/uploads\\\/2024\\\/09\\\/Wall-column.jpg\",\"width\":1000,\"height\":1500,\"caption\":\"Wall Column designed for securely mounting diagnostic instruments\"},{\"@type\":\"BreadcrumbList\",\"@id\":\"https:\\\/\\\/medinstrus.lt\\\/es\\\/producto\\\/columna-de-pared\\\/#breadcrumb\",\"itemListElement\":[{\"@type\":\"ListItem\",\"position\":1,\"name\":\"Home\",\"item\":\"https:\\\/\\\/medinstrus.lt\\\/es\\\/pagina-de-inicio\\\/\"},{\"@type\":\"ListItem\",\"position\":2,\"name\":\"Tienda\",\"item\":\"https:\\\/\\\/medinstrus.lt\\\/es\\\/tienda\\\/\"},{\"@type\":\"ListItem\",\"position\":3,\"name\":\"Columna de pared\"}]},{\"@type\":\"WebSite\",\"@id\":\"https:\\\/\\\/medinstrus.lt\\\/es\\\/#website\",\"url\":\"https:\\\/\\\/medinstrus.lt\\\/es\\\/\",\"name\":\"https:\\\/\\\/medinstrus.com\\\/\",\"description\":\"Simplicity combined with functionality.\",\"publisher\":{\"@id\":\"https:\\\/\\\/medinstrus.lt\\\/es\\\/#organization\"},\"potentialAction\":[{\"@type\":\"SearchAction\",\"target\":{\"@type\":\"EntryPoint\",\"urlTemplate\":\"https:\\\/\\\/medinstrus.lt\\\/es\\\/?s={search_term_string}\"},\"query-input\":{\"@type\":\"PropertyValueSpecification\",\"valueRequired\":true,\"valueName\":\"search_term_string\"}}],\"inLanguage\":\"es\"},{\"@type\":\"Organization\",\"@id\":\"https:\\\/\\\/medinstrus.lt\\\/es\\\/#organization\",\"name\":\"Medinstrus\",\"url\":\"https:\\\/\\\/medinstrus.lt\\\/es\\\/\",\"logo\":{\"@type\":\"ImageObject\",\"inLanguage\":\"es\",\"@id\":\"https:\\\/\\\/medinstrus.lt\\\/es\\\/#\\\/schema\\\/logo\\\/image\\\/\",\"url\":\"https:\\\/\\\/medinstrus.lt\\\/wp-content\\\/uploads\\\/2025\\\/02\\\/Medinstrus-v1.png\",\"contentUrl\":\"https:\\\/\\\/medinstrus.lt\\\/wp-content\\\/uploads\\\/2025\\\/02\\\/Medinstrus-v1.png\",\"width\":723,\"height\":96,\"caption\":\"Medinstrus\"},\"image\":{\"@id\":\"https:\\\/\\\/medinstrus.lt\\\/es\\\/#\\\/schema\\\/logo\\\/image\\\/\"},\"sameAs\":[\"https:\\\/\\\/www.facebook.com\\\/medinstrus\\\/\",\"https:\\\/\\\/www.instagram.com\\\/Medinstrus\"]}]}<\/script>\n<!-- \/ Yoast SEO Premium plugin. -->","yoast_head_json":{"title":"Columna mural - para el montaje seguro de equipos - Medinstrus","description":"Descubre la Columna de pared, una soluci\u00f3n compacta que ahorra espacio, dise\u00f1ada para montar de forma segura los instrumentos de diagn\u00f3stico, optimizando la eficiencia del espacio de trabajo de la cl\u00ednica.","robots":{"index":"index","follow":"follow","max-snippet":"max-snippet:-1","max-image-preview":"max-image-preview:large","max-video-preview":"max-video-preview:-1"},"canonical":"https:\/\/medinstrus.lt\/es\/producto\/columna-de-pared\/","og_locale":"es_ES","og_type":"article","og_title":"Columna de pared","og_description":"Descubre la Columna de pared, una soluci\u00f3n compacta que ahorra espacio, dise\u00f1ada para montar de forma segura los instrumentos de diagn\u00f3stico, optimizando la eficiencia del espacio de trabajo de la cl\u00ednica.","og_url":"https:\/\/medinstrus.lt\/es\/producto\/columna-de-pared\/","og_site_name":"Medinstrus","article_publisher":"https:\/\/www.facebook.com\/medinstrus\/","og_image":[{"width":1000,"height":1500,"url":"https:\/\/medinstrus.lt\/wp-content\/uploads\/2024\/09\/Wall-column.jpg","type":"image\/jpeg"}],"twitter_card":"summary_large_image","twitter_misc":{"Tiempo de lectura":"1 minuto"},"schema":{"@context":"https:\/\/schema.org","@graph":[{"@type":"WebPage","@id":"https:\/\/medinstrus.lt\/es\/producto\/columna-de-pared\/","url":"https:\/\/medinstrus.lt\/es\/producto\/columna-de-pared\/","name":"Columna mural - para el montaje seguro de equipos - Medinstrus","isPartOf":{"@id":"https:\/\/medinstrus.lt\/es\/#website"},"primaryImageOfPage":{"@id":"https:\/\/medinstrus.lt\/es\/producto\/columna-de-pared\/#primaryimage"},"image":{"@id":"https:\/\/medinstrus.lt\/es\/producto\/columna-de-pared\/#primaryimage"},"thumbnailUrl":"https:\/\/medinstrus.lt\/wp-content\/uploads\/2024\/09\/Wall-column.jpg","datePublished":"2024-09-24T15:56:13+00:00","description":"Descubre la Columna de pared, una soluci\u00f3n compacta que ahorra espacio, dise\u00f1ada para montar de forma segura los instrumentos de diagn\u00f3stico, optimizando la eficiencia del espacio de trabajo de la cl\u00ednica.","breadcrumb":{"@id":"https:\/\/medinstrus.lt\/es\/producto\/columna-de-pared\/#breadcrumb"},"inLanguage":"es","potentialAction":[{"@type":"ReadAction","target":["https:\/\/medinstrus.lt\/es\/producto\/columna-de-pared\/"]}]},{"@type":"ImageObject","inLanguage":"es","@id":"https:\/\/medinstrus.lt\/es\/producto\/columna-de-pared\/#primaryimage","url":"https:\/\/medinstrus.lt\/wp-content\/uploads\/2024\/09\/Wall-column.jpg","contentUrl":"https:\/\/medinstrus.lt\/wp-content\/uploads\/2024\/09\/Wall-column.jpg","width":1000,"height":1500,"caption":"Wall Column designed for securely mounting diagnostic instruments"},{"@type":"BreadcrumbList","@id":"https:\/\/medinstrus.lt\/es\/producto\/columna-de-pared\/#breadcrumb","itemListElement":[{"@type":"ListItem","position":1,"name":"Home","item":"https:\/\/medinstrus.lt\/es\/pagina-de-inicio\/"},{"@type":"ListItem","position":2,"name":"Tienda","item":"https:\/\/medinstrus.lt\/es\/tienda\/"},{"@type":"ListItem","position":3,"name":"Columna de pared"}]},{"@type":"WebSite","@id":"https:\/\/medinstrus.lt\/es\/#website","url":"https:\/\/medinstrus.lt\/es\/","name":"https:\/\/medinstrus.com\/","description":"Simplicity combined with functionality.","publisher":{"@id":"https:\/\/medinstrus.lt\/es\/#organization"},"potentialAction":[{"@type":"SearchAction","target":{"@type":"EntryPoint","urlTemplate":"https:\/\/medinstrus.lt\/es\/?s={search_term_string}"},"query-input":{"@type":"PropertyValueSpecification","valueRequired":true,"valueName":"search_term_string"}}],"inLanguage":"es"},{"@type":"Organization","@id":"https:\/\/medinstrus.lt\/es\/#organization","name":"Medinstrus","url":"https:\/\/medinstrus.lt\/es\/","logo":{"@type":"ImageObject","inLanguage":"es","@id":"https:\/\/medinstrus.lt\/es\/#\/schema\/logo\/image\/","url":"https:\/\/medinstrus.lt\/wp-content\/uploads\/2025\/02\/Medinstrus-v1.png","contentUrl":"https:\/\/medinstrus.lt\/wp-content\/uploads\/2025\/02\/Medinstrus-v1.png","width":723,"height":96,"caption":"Medinstrus"},"image":{"@id":"https:\/\/medinstrus.lt\/es\/#\/schema\/logo\/image\/"},"sameAs":["https:\/\/www.facebook.com\/medinstrus\/","https:\/\/www.instagram.com\/Medinstrus"]}]}},"_links":{"self":[{"href":"https:\/\/medinstrus.lt\/es\/wp-json\/wp\/v2\/product\/3352","targetHints":{"allow":["GET"]}}],"collection":[{"href":"https:\/\/medinstrus.lt\/es\/wp-json\/wp\/v2\/product"}],"about":[{"href":"https:\/\/medinstrus.lt\/es\/wp-json\/wp\/v2\/types\/product"}],"replies":[{"embeddable":true,"href":"https:\/\/medinstrus.lt\/es\/wp-json\/wp\/v2\/comments?post=3352"}],"wp:featuredmedia":[{"embeddable":true,"href":"https:\/\/medinstrus.lt\/es\/wp-json\/wp\/v2\/media\/2394"}],"wp:attachment":[{"href":"https:\/\/medinstrus.lt\/es\/wp-json\/wp\/v2\/media?parent=3352"}],"wp:term":[{"taxonomy":"product_brand","embeddable":true,"href":"https:\/\/medinstrus.lt\/es\/wp-json\/wp\/v2\/product_brand?post=3352"},{"taxonomy":"product_cat","embeddable":true,"href":"https:\/\/medinstrus.lt\/es\/wp-json\/wp\/v2\/product_cat?post=3352"},{"taxonomy":"product_tag","embeddable":true,"href":"https:\/\/medinstrus.lt\/es\/wp-json\/wp\/v2\/product_tag?post=3352"}],"curies":[{"name":"wp","href":"https:\/\/api.w.org\/{rel}","templated":true}]}}