{"id":3351,"date":"2024-04-23T11:04:22","date_gmt":"2024-04-23T08:04:22","guid":{"rendered":"https:\/\/medinstrus.lt\/product\/mt01\/"},"modified":"2024-04-23T11:04:22","modified_gmt":"2024-04-23T08:04:22","slug":"mt01","status":"publish","type":"product","link":"https:\/\/medinstrus.lt\/es\/producto\/mt01\/","title":{"rendered":"MT01"},"content":{"rendered":"<p><strong>Especificaciones t\u00e9cnicas:<\/strong><\/p>\n<ul>\n<li><strong>Rango de altura:<\/strong> M\u00edn 63 cm, M\u00e1x 103 cm<\/li>\n<li><strong>Alcance de elevaci\u00f3n:<\/strong> 40 cm<\/li>\n<li><strong>Velocidad de elevaci\u00f3n:<\/strong> 30 mm\/s<\/li>\n<li><strong>Capacidad de elevaci\u00f3n:<\/strong> 50 kg<\/li>\n<li><strong>Peso:<\/strong> 18 kg<\/li>\n<li><strong>Mecanismo de ajuste de altura:<\/strong> El\u00e9ctrico<\/li>\n<li><strong>Control de ajuste de altura:<\/strong> Interruptor ARRIBA\/ABAJO<\/li>\n<li><strong>Fuente de alimentaci\u00f3n:<\/strong> ~115\/230V 50\/60Hz<\/li>\n<\/ul>\n<p>La MT01 es compacta y eficiente, lo que la hace ideal para entornos en los que el espacio es limitado pero se requiere una gran funcionalidad. El ajuste el\u00e9ctrico de la altura permite un posicionamiento preciso, garantizando que tanto el profesional como el paciente est\u00e9n c\u00f3modos durante su uso. <\/p>\n","protected":false},"excerpt":{"rendered":"<p><strong>Mesa de instrumental motorizada MT01<\/strong><\/p>\n<p>La mesa de instrumental motorizada MT01 est\u00e1 dise\u00f1ada para proporcionar una plataforma estable y ajustable para diversos instrumentos oftalmol\u00f3gicos. Esta mesa se caracteriza por su dise\u00f1o elegante y funcional, que garantiza una f\u00e1cil integraci\u00f3n en cualquier entorno cl\u00ednico. <\/p>\n","protected":false},"featured_media":2328,"comment_status":"closed","ping_status":"closed","template":"","meta":{"_acf_changed":false},"product_brand":[],"product_cat":[202],"product_tag":[209,207,208],"class_list":{"0":"post-3351","1":"product","2":"type-product","3":"status-publish","4":"has-post-thumbnail","6":"product_cat-tablas","7":"product_tag-mesa-ajustable-para-instrumental-medico","8":"product_tag-mesa-elevadora-electrica","9":"product_tag-tabla-mt01","11":"first","12":"instock","13":"shipping-taxable","14":"product-type-simple"},"acf":[],"gallery_images":[2328,2330,2332,2334,2336,2338,2340,2342],"yoast_head":"<!-- This site is optimized with the Yoast SEO Premium plugin v27.4 (Yoast SEO v27.4) - https:\/\/yoast.com\/product\/yoast-seo-premium-wordpress\/ -->\n<title>Mesa el\u00e9ctrica para instrumental oftalmol\u00f3gico MT01 - Medinstrus<\/title>\n<meta name=\"description\" content=\"Descubre la ET01, una mesa elevadora el\u00e9ctrica dise\u00f1ada para sujetar y colocar diversos instrumentos de diagn\u00f3stico, mejorando la eficacia de los ex\u00e1menes.\" \/>\n<meta name=\"robots\" content=\"index, follow, max-snippet:-1, max-image-preview:large, max-video-preview:-1\" \/>\n<link rel=\"canonical\" href=\"https:\/\/medinstrus.lt\/es\/producto\/mt01\/\" \/>\n<meta property=\"og:locale\" content=\"es_ES\" \/>\n<meta property=\"og:type\" content=\"article\" \/>\n<meta property=\"og:title\" content=\"MT01\" \/>\n<meta property=\"og:description\" content=\"Descubre la ET01, una mesa elevadora el\u00e9ctrica dise\u00f1ada para sujetar y colocar diversos instrumentos de diagn\u00f3stico, mejorando la eficacia de los ex\u00e1menes.\" \/>\n<meta property=\"og:url\" content=\"https:\/\/medinstrus.lt\/es\/producto\/mt01\/\" \/>\n<meta property=\"og:site_name\" content=\"Medinstrus\" \/>\n<meta property=\"article:publisher\" content=\"https:\/\/www.facebook.com\/medinstrus\/\" \/>\n<meta property=\"og:image\" content=\"https:\/\/medinstrus.lt\/wp-content\/uploads\/2024\/04\/table-MT01.jpg\" \/>\n\t<meta property=\"og:image:width\" content=\"1000\" \/>\n\t<meta property=\"og:image:height\" content=\"1365\" \/>\n\t<meta property=\"og:image:type\" content=\"image\/jpeg\" \/>\n<meta name=\"twitter:card\" content=\"summary_large_image\" \/>\n<meta name=\"twitter:label1\" content=\"Tiempo de lectura\" \/>\n\t<meta name=\"twitter:data1\" content=\"1 minuto\" \/>\n<script type=\"application\/ld+json\" class=\"yoast-schema-graph\">{\"@context\":\"https:\\\/\\\/schema.org\",\"@graph\":[{\"@type\":\"WebPage\",\"@id\":\"https:\\\/\\\/medinstrus.lt\\\/es\\\/producto\\\/mt01\\\/\",\"url\":\"https:\\\/\\\/medinstrus.lt\\\/es\\\/producto\\\/mt01\\\/\",\"name\":\"Mesa el\u00e9ctrica para instrumental oftalmol\u00f3gico MT01 - Medinstrus\",\"isPartOf\":{\"@id\":\"https:\\\/\\\/medinstrus.lt\\\/es\\\/#website\"},\"primaryImageOfPage\":{\"@id\":\"https:\\\/\\\/medinstrus.lt\\\/es\\\/producto\\\/mt01\\\/#primaryimage\"},\"image\":{\"@id\":\"https:\\\/\\\/medinstrus.lt\\\/es\\\/producto\\\/mt01\\\/#primaryimage\"},\"thumbnailUrl\":\"https:\\\/\\\/medinstrus.lt\\\/wp-content\\\/uploads\\\/2024\\\/04\\\/table-MT01.jpg\",\"datePublished\":\"2024-04-23T08:04:22+00:00\",\"description\":\"Descubre la ET01, una mesa elevadora el\u00e9ctrica dise\u00f1ada para sujetar y colocar diversos instrumentos de diagn\u00f3stico, mejorando la eficacia de los ex\u00e1menes.\",\"breadcrumb\":{\"@id\":\"https:\\\/\\\/medinstrus.lt\\\/es\\\/producto\\\/mt01\\\/#breadcrumb\"},\"inLanguage\":\"es\",\"potentialAction\":[{\"@type\":\"ReadAction\",\"target\":[\"https:\\\/\\\/medinstrus.lt\\\/es\\\/producto\\\/mt01\\\/\"]}]},{\"@type\":\"ImageObject\",\"inLanguage\":\"es\",\"@id\":\"https:\\\/\\\/medinstrus.lt\\\/es\\\/producto\\\/mt01\\\/#primaryimage\",\"url\":\"https:\\\/\\\/medinstrus.lt\\\/wp-content\\\/uploads\\\/2024\\\/04\\\/table-MT01.jpg\",\"contentUrl\":\"https:\\\/\\\/medinstrus.lt\\\/wp-content\\\/uploads\\\/2024\\\/04\\\/table-MT01.jpg\",\"width\":1000,\"height\":1365,\"caption\":\"ET01 table designed for optimal instrument positioning\"},{\"@type\":\"BreadcrumbList\",\"@id\":\"https:\\\/\\\/medinstrus.lt\\\/es\\\/producto\\\/mt01\\\/#breadcrumb\",\"itemListElement\":[{\"@type\":\"ListItem\",\"position\":1,\"name\":\"Home\",\"item\":\"https:\\\/\\\/medinstrus.lt\\\/es\\\/pagina-de-inicio\\\/\"},{\"@type\":\"ListItem\",\"position\":2,\"name\":\"Tienda\",\"item\":\"https:\\\/\\\/medinstrus.lt\\\/es\\\/tienda\\\/\"},{\"@type\":\"ListItem\",\"position\":3,\"name\":\"MT01\"}]},{\"@type\":\"WebSite\",\"@id\":\"https:\\\/\\\/medinstrus.lt\\\/es\\\/#website\",\"url\":\"https:\\\/\\\/medinstrus.lt\\\/es\\\/\",\"name\":\"https:\\\/\\\/medinstrus.com\\\/\",\"description\":\"Simplicity combined with functionality.\",\"publisher\":{\"@id\":\"https:\\\/\\\/medinstrus.lt\\\/es\\\/#organization\"},\"potentialAction\":[{\"@type\":\"SearchAction\",\"target\":{\"@type\":\"EntryPoint\",\"urlTemplate\":\"https:\\\/\\\/medinstrus.lt\\\/es\\\/?s={search_term_string}\"},\"query-input\":{\"@type\":\"PropertyValueSpecification\",\"valueRequired\":true,\"valueName\":\"search_term_string\"}}],\"inLanguage\":\"es\"},{\"@type\":\"Organization\",\"@id\":\"https:\\\/\\\/medinstrus.lt\\\/es\\\/#organization\",\"name\":\"Medinstrus\",\"url\":\"https:\\\/\\\/medinstrus.lt\\\/es\\\/\",\"logo\":{\"@type\":\"ImageObject\",\"inLanguage\":\"es\",\"@id\":\"https:\\\/\\\/medinstrus.lt\\\/es\\\/#\\\/schema\\\/logo\\\/image\\\/\",\"url\":\"https:\\\/\\\/medinstrus.lt\\\/wp-content\\\/uploads\\\/2025\\\/02\\\/Medinstrus-v1.png\",\"contentUrl\":\"https:\\\/\\\/medinstrus.lt\\\/wp-content\\\/uploads\\\/2025\\\/02\\\/Medinstrus-v1.png\",\"width\":723,\"height\":96,\"caption\":\"Medinstrus\"},\"image\":{\"@id\":\"https:\\\/\\\/medinstrus.lt\\\/es\\\/#\\\/schema\\\/logo\\\/image\\\/\"},\"sameAs\":[\"https:\\\/\\\/www.facebook.com\\\/medinstrus\\\/\",\"https:\\\/\\\/www.instagram.com\\\/Medinstrus\"]}]}<\/script>\n<!-- \/ Yoast SEO Premium plugin. -->","yoast_head_json":{"title":"Mesa el\u00e9ctrica para instrumental oftalmol\u00f3gico MT01 - Medinstrus","description":"Descubre la ET01, una mesa elevadora el\u00e9ctrica dise\u00f1ada para sujetar y colocar diversos instrumentos de diagn\u00f3stico, mejorando la eficacia de los ex\u00e1menes.","robots":{"index":"index","follow":"follow","max-snippet":"max-snippet:-1","max-image-preview":"max-image-preview:large","max-video-preview":"max-video-preview:-1"},"canonical":"https:\/\/medinstrus.lt\/es\/producto\/mt01\/","og_locale":"es_ES","og_type":"article","og_title":"MT01","og_description":"Descubre la ET01, una mesa elevadora el\u00e9ctrica dise\u00f1ada para sujetar y colocar diversos instrumentos de diagn\u00f3stico, mejorando la eficacia de los ex\u00e1menes.","og_url":"https:\/\/medinstrus.lt\/es\/producto\/mt01\/","og_site_name":"Medinstrus","article_publisher":"https:\/\/www.facebook.com\/medinstrus\/","og_image":[{"width":1000,"height":1365,"url":"https:\/\/medinstrus.lt\/wp-content\/uploads\/2024\/04\/table-MT01.jpg","type":"image\/jpeg"}],"twitter_card":"summary_large_image","twitter_misc":{"Tiempo de lectura":"1 minuto"},"schema":{"@context":"https:\/\/schema.org","@graph":[{"@type":"WebPage","@id":"https:\/\/medinstrus.lt\/es\/producto\/mt01\/","url":"https:\/\/medinstrus.lt\/es\/producto\/mt01\/","name":"Mesa el\u00e9ctrica para instrumental oftalmol\u00f3gico MT01 - Medinstrus","isPartOf":{"@id":"https:\/\/medinstrus.lt\/es\/#website"},"primaryImageOfPage":{"@id":"https:\/\/medinstrus.lt\/es\/producto\/mt01\/#primaryimage"},"image":{"@id":"https:\/\/medinstrus.lt\/es\/producto\/mt01\/#primaryimage"},"thumbnailUrl":"https:\/\/medinstrus.lt\/wp-content\/uploads\/2024\/04\/table-MT01.jpg","datePublished":"2024-04-23T08:04:22+00:00","description":"Descubre la ET01, una mesa elevadora el\u00e9ctrica dise\u00f1ada para sujetar y colocar diversos instrumentos de diagn\u00f3stico, mejorando la eficacia de los ex\u00e1menes.","breadcrumb":{"@id":"https:\/\/medinstrus.lt\/es\/producto\/mt01\/#breadcrumb"},"inLanguage":"es","potentialAction":[{"@type":"ReadAction","target":["https:\/\/medinstrus.lt\/es\/producto\/mt01\/"]}]},{"@type":"ImageObject","inLanguage":"es","@id":"https:\/\/medinstrus.lt\/es\/producto\/mt01\/#primaryimage","url":"https:\/\/medinstrus.lt\/wp-content\/uploads\/2024\/04\/table-MT01.jpg","contentUrl":"https:\/\/medinstrus.lt\/wp-content\/uploads\/2024\/04\/table-MT01.jpg","width":1000,"height":1365,"caption":"ET01 table designed for optimal instrument positioning"},{"@type":"BreadcrumbList","@id":"https:\/\/medinstrus.lt\/es\/producto\/mt01\/#breadcrumb","itemListElement":[{"@type":"ListItem","position":1,"name":"Home","item":"https:\/\/medinstrus.lt\/es\/pagina-de-inicio\/"},{"@type":"ListItem","position":2,"name":"Tienda","item":"https:\/\/medinstrus.lt\/es\/tienda\/"},{"@type":"ListItem","position":3,"name":"MT01"}]},{"@type":"WebSite","@id":"https:\/\/medinstrus.lt\/es\/#website","url":"https:\/\/medinstrus.lt\/es\/","name":"https:\/\/medinstrus.com\/","description":"Simplicity combined with functionality.","publisher":{"@id":"https:\/\/medinstrus.lt\/es\/#organization"},"potentialAction":[{"@type":"SearchAction","target":{"@type":"EntryPoint","urlTemplate":"https:\/\/medinstrus.lt\/es\/?s={search_term_string}"},"query-input":{"@type":"PropertyValueSpecification","valueRequired":true,"valueName":"search_term_string"}}],"inLanguage":"es"},{"@type":"Organization","@id":"https:\/\/medinstrus.lt\/es\/#organization","name":"Medinstrus","url":"https:\/\/medinstrus.lt\/es\/","logo":{"@type":"ImageObject","inLanguage":"es","@id":"https:\/\/medinstrus.lt\/es\/#\/schema\/logo\/image\/","url":"https:\/\/medinstrus.lt\/wp-content\/uploads\/2025\/02\/Medinstrus-v1.png","contentUrl":"https:\/\/medinstrus.lt\/wp-content\/uploads\/2025\/02\/Medinstrus-v1.png","width":723,"height":96,"caption":"Medinstrus"},"image":{"@id":"https:\/\/medinstrus.lt\/es\/#\/schema\/logo\/image\/"},"sameAs":["https:\/\/www.facebook.com\/medinstrus\/","https:\/\/www.instagram.com\/Medinstrus"]}]}},"_links":{"self":[{"href":"https:\/\/medinstrus.lt\/es\/wp-json\/wp\/v2\/product\/3351","targetHints":{"allow":["GET"]}}],"collection":[{"href":"https:\/\/medinstrus.lt\/es\/wp-json\/wp\/v2\/product"}],"about":[{"href":"https:\/\/medinstrus.lt\/es\/wp-json\/wp\/v2\/types\/product"}],"replies":[{"embeddable":true,"href":"https:\/\/medinstrus.lt\/es\/wp-json\/wp\/v2\/comments?post=3351"}],"wp:featuredmedia":[{"embeddable":true,"href":"https:\/\/medinstrus.lt\/es\/wp-json\/wp\/v2\/media\/2328"}],"wp:attachment":[{"href":"https:\/\/medinstrus.lt\/es\/wp-json\/wp\/v2\/media?parent=3351"}],"wp:term":[{"taxonomy":"product_brand","embeddable":true,"href":"https:\/\/medinstrus.lt\/es\/wp-json\/wp\/v2\/product_brand?post=3351"},{"taxonomy":"product_cat","embeddable":true,"href":"https:\/\/medinstrus.lt\/es\/wp-json\/wp\/v2\/product_cat?post=3351"},{"taxonomy":"product_tag","embeddable":true,"href":"https:\/\/medinstrus.lt\/es\/wp-json\/wp\/v2\/product_tag?post=3351"}],"curies":[{"name":"wp","href":"https:\/\/api.w.org\/{rel}","templated":true}]}}