{"id":3348,"date":"2024-04-23T11:04:02","date_gmt":"2024-04-23T08:04:02","guid":{"rendered":"https:\/\/medinstrus.lt\/product\/presidencia-i\/"},"modified":"2024-04-23T11:04:02","modified_gmt":"2024-04-23T08:04:02","slug":"presidencia-i","status":"publish","type":"product","link":"https:\/\/medinstrus.lt\/es\/producto\/presidencia-i\/","title":{"rendered":"Presidencia I"},"content":{"rendered":"<p><strong>Caracter\u00edsticas principales:<\/strong><\/p>\n<ul>\n<li><strong>Dise\u00f1o ergon\u00f3mico:<\/strong> La silla est\u00e1 dise\u00f1ada para proporcionar un apoyo y una comodidad \u00f3ptimos, reduciendo la tensi\u00f3n durante los ex\u00e1menes largos.<\/li>\n<li><strong>Materiales de alta calidad:<\/strong> Fabricado con materiales duraderos y de alta calidad para garantizar un rendimiento duradero y un mantenimiento sencillo.<\/li>\n<li><strong>Atractivo est\u00e9tico:<\/strong> Disponible en varios colores y acabados para realzar el atractivo visual de tu cl\u00ednica.<\/li>\n<li><strong>F\u00e1cil instalaci\u00f3n:<\/strong> Dise\u00f1ado para una instalaci\u00f3n sencilla en varias bases de sillas.<\/li>\n<\/ul>\n<p><strong>Opciones de personalizaci\u00f3n:<\/strong><\/p>\n<p><strong>Colores:<\/strong><\/p>\n<ul>\n<li>Las partes met\u00e1licas de la silla pueden pintarse de varios colores para que combinen con la decoraci\u00f3n de tu cl\u00ednica.<\/li>\n<li>El asiento de la silla est\u00e1 disponible en varias opciones de tapicer\u00eda y colores, lo que te permite crear un aspecto cohesionado.<\/li>\n<\/ul>\n<p><strong>Opciones de reposapi\u00e9s:<\/strong><\/p>\n<ul>\n<li><strong>FR Fijo:<\/strong> Reposapi\u00e9s fijo que proporciona un apoyo estable.<\/li>\n<li><strong>FRT Basculante:<\/strong> Reposapi\u00e9s abatible para mayor flexibilidad y ahorro de espacio.<\/li>\n<li><strong>Tubo TFR:<\/strong> Reposapi\u00e9s de dise\u00f1o tubular que ofrece un apoyo robusto.<\/li>\n<\/ul>\n<p><strong>Opciones de reposabrazos:<\/strong><\/p>\n<ul>\n<li><strong>AR Fijo:<\/strong> Reposabrazos fijos para un apoyo consistente.<\/li>\n<li><strong>Apoyabrazos basculantes ART:<\/strong> Reposabrazos basculantes que facilitan el acceso y la gesti\u00f3n del espacio.<\/li>\n<li><strong>UART Reposabrazos basculantes con tapicer\u00eda:<\/strong> Reposabrazos basculantes con tapicer\u00eda adicional para mayor comodidad.<\/li>\n<\/ul>\n<p><strong>Caracter\u00edsticas adicionales:<\/strong><\/p>\n<ul>\n<li><strong>Almohada para ni\u00f1os:<\/strong> Una almohada opcional para acomodar a los pacientes m\u00e1s j\u00f3venes.<\/li>\n<li><strong>SA Deslizamiento manual: <\/strong>Mecanismo de deslizamiento manual para facilitar los ajustes.<\/li>\n<li><strong>Deslizamiento el\u00e9ctrico SAE:<\/strong> Deslizamiento el\u00e9ctrico para un posicionamiento sin esfuerzo.<\/li>\n<li><strong>Reposacabezas HR:<\/strong> Un reposacabezas opcional para mayor comodidad del paciente.<\/li>\n<li><strong>Funcionalidad reclinable:<\/strong> La silla puede reclinarse para proporcionar la m\u00e1xima comodidad durante los ex\u00e1menes y procedimientos.<\/li>\n<\/ul>\n<p>El Sill\u00f3n Oft\u00e1lmico est\u00e1 dise\u00f1ado para integrarse perfectamente con todas nuestras unidades de refracci\u00f3n y otros equipos oft\u00e1lmicos. Este alto grado de personalizaci\u00f3n garantiza que la silla satisfaga todas tus necesidades cl\u00ednicas, al tiempo que proporciona una experiencia c\u00f3moda y acogedora a tus pacientes. <\/p>\n","protected":false},"excerpt":{"rendered":"<p><strong>Silla Oft\u00e1lmica Tipo I<\/strong><\/p>\n<p>La Silla Tipo I tiene un reposacabezas integrado y un dise\u00f1o acanalado para mayor comodidad y atractivo est\u00e9tico.<\/p>\n<p>Nuestros Sillones Oft\u00e1lmicos est\u00e1n dise\u00f1ados para proporcionar una comodidad y versatilidad superiores tanto a los pacientes como a los profesionales. Este sill\u00f3n Tipo I puede personalizarse totalmente para satisfacer las necesidades espec\u00edficas y las preferencias est\u00e9ticas de tu cl\u00ednica. <\/p>\n","protected":false},"featured_media":2969,"comment_status":"closed","ping_status":"closed","template":"","meta":{"_acf_changed":false},"product_brand":[],"product_cat":[172],"product_tag":[173,194,192,193],"class_list":{"0":"post-3348","1":"product","2":"type-product","3":"status-publish","4":"has-post-thumbnail","6":"product_cat-sillas","7":"product_tag-comodidad-del-paciente","8":"product_tag-diseno-ergonomico","9":"product_tag-presidencia-i","10":"product_tag-silla-medica-moderna","12":"first","13":"instock","14":"shipping-taxable","15":"product-type-simple"},"acf":[],"gallery_images":[2396,2400,2402,2404,2406,2408,2410,2412,2414,2398,2468,2470,2460,2466,2464,2462,2472,2478,2476,2474,2480,2482,2484,2494,2492,2490,2488,2486],"yoast_head":"<!-- This site is optimized with the Yoast SEO Premium plugin v27.1 (Yoast SEO v27.3) - https:\/\/yoast.com\/product\/yoast-seo-premium-wordpress\/ -->\n<title>Sill\u00f3n de consulta oftalmol\u00f3gica I - Medinstrus<\/title>\n<meta name=\"description\" content=\"La Silla I integra un dise\u00f1o moderno con caracter\u00edsticas ergon\u00f3micas, adecuado para entornos m\u00e9dicos contempor\u00e1neos. Dise\u00f1ada para adaptarse a tu consulta.\" \/>\n<meta name=\"robots\" content=\"index, follow, max-snippet:-1, max-image-preview:large, max-video-preview:-1\" \/>\n<link rel=\"canonical\" href=\"https:\/\/medinstrus.lt\/es\/producto\/presidencia-i\/\" \/>\n<meta property=\"og:locale\" content=\"es_ES\" \/>\n<meta property=\"og:type\" content=\"article\" \/>\n<meta property=\"og:title\" content=\"Presidencia I\" \/>\n<meta property=\"og:description\" content=\"La Silla I integra un dise\u00f1o moderno con caracter\u00edsticas ergon\u00f3micas, adecuado para entornos m\u00e9dicos contempor\u00e1neos. Dise\u00f1ada para adaptarse a tu consulta.\" \/>\n<meta property=\"og:url\" content=\"https:\/\/medinstrus.lt\/es\/producto\/presidencia-i\/\" \/>\n<meta property=\"og:site_name\" content=\"Medinstrus\" \/>\n<meta property=\"article:publisher\" content=\"https:\/\/www.facebook.com\/medinstrus\/\" \/>\n<meta property=\"og:image\" content=\"https:\/\/medinstrus.lt\/wp-content\/uploads\/2024\/04\/Chair-I.png\" \/>\n\t<meta property=\"og:image:width\" content=\"1080\" \/>\n\t<meta property=\"og:image:height\" content=\"1350\" \/>\n\t<meta property=\"og:image:type\" content=\"image\/png\" \/>\n<meta name=\"twitter:card\" content=\"summary_large_image\" \/>\n<meta name=\"twitter:label1\" content=\"Tiempo de lectura\" \/>\n\t<meta name=\"twitter:data1\" content=\"2 minutos\" \/>\n<script type=\"application\/ld+json\" class=\"yoast-schema-graph\">{\"@context\":\"https:\\\/\\\/schema.org\",\"@graph\":[{\"@type\":\"WebPage\",\"@id\":\"https:\\\/\\\/medinstrus.lt\\\/es\\\/producto\\\/presidencia-i\\\/\",\"url\":\"https:\\\/\\\/medinstrus.lt\\\/es\\\/producto\\\/presidencia-i\\\/\",\"name\":\"Sill\u00f3n de consulta oftalmol\u00f3gica I - Medinstrus\",\"isPartOf\":{\"@id\":\"https:\\\/\\\/medinstrus.lt\\\/es\\\/#website\"},\"primaryImageOfPage\":{\"@id\":\"https:\\\/\\\/medinstrus.lt\\\/es\\\/producto\\\/presidencia-i\\\/#primaryimage\"},\"image\":{\"@id\":\"https:\\\/\\\/medinstrus.lt\\\/es\\\/producto\\\/presidencia-i\\\/#primaryimage\"},\"thumbnailUrl\":\"https:\\\/\\\/medinstrus.lt\\\/wp-content\\\/uploads\\\/2024\\\/04\\\/Chair-I.png\",\"datePublished\":\"2024-04-23T08:04:02+00:00\",\"description\":\"La Silla I integra un dise\u00f1o moderno con caracter\u00edsticas ergon\u00f3micas, adecuado para entornos m\u00e9dicos contempor\u00e1neos. Dise\u00f1ada para adaptarse a tu consulta.\",\"breadcrumb\":{\"@id\":\"https:\\\/\\\/medinstrus.lt\\\/es\\\/producto\\\/presidencia-i\\\/#breadcrumb\"},\"inLanguage\":\"es\",\"potentialAction\":[{\"@type\":\"ReadAction\",\"target\":[\"https:\\\/\\\/medinstrus.lt\\\/es\\\/producto\\\/presidencia-i\\\/\"]}]},{\"@type\":\"ImageObject\",\"inLanguage\":\"es\",\"@id\":\"https:\\\/\\\/medinstrus.lt\\\/es\\\/producto\\\/presidencia-i\\\/#primaryimage\",\"url\":\"https:\\\/\\\/medinstrus.lt\\\/wp-content\\\/uploads\\\/2024\\\/04\\\/Chair-I.png\",\"contentUrl\":\"https:\\\/\\\/medinstrus.lt\\\/wp-content\\\/uploads\\\/2024\\\/04\\\/Chair-I.png\",\"width\":1080,\"height\":1350,\"caption\":\"Chair I combines modern aesthetics with ergonomic comfort for patients.\"},{\"@type\":\"BreadcrumbList\",\"@id\":\"https:\\\/\\\/medinstrus.lt\\\/es\\\/producto\\\/presidencia-i\\\/#breadcrumb\",\"itemListElement\":[{\"@type\":\"ListItem\",\"position\":1,\"name\":\"Home\",\"item\":\"https:\\\/\\\/medinstrus.lt\\\/es\\\/pagina-de-inicio\\\/\"},{\"@type\":\"ListItem\",\"position\":2,\"name\":\"Tienda\",\"item\":\"https:\\\/\\\/medinstrus.lt\\\/es\\\/tienda\\\/\"},{\"@type\":\"ListItem\",\"position\":3,\"name\":\"Presidencia I\"}]},{\"@type\":\"WebSite\",\"@id\":\"https:\\\/\\\/medinstrus.lt\\\/es\\\/#website\",\"url\":\"https:\\\/\\\/medinstrus.lt\\\/es\\\/\",\"name\":\"https:\\\/\\\/medinstrus.com\\\/\",\"description\":\"Simplicity combined with functionality.\",\"publisher\":{\"@id\":\"https:\\\/\\\/medinstrus.lt\\\/es\\\/#organization\"},\"potentialAction\":[{\"@type\":\"SearchAction\",\"target\":{\"@type\":\"EntryPoint\",\"urlTemplate\":\"https:\\\/\\\/medinstrus.lt\\\/es\\\/?s={search_term_string}\"},\"query-input\":{\"@type\":\"PropertyValueSpecification\",\"valueRequired\":true,\"valueName\":\"search_term_string\"}}],\"inLanguage\":\"es\"},{\"@type\":\"Organization\",\"@id\":\"https:\\\/\\\/medinstrus.lt\\\/es\\\/#organization\",\"name\":\"Medinstrus\",\"url\":\"https:\\\/\\\/medinstrus.lt\\\/es\\\/\",\"logo\":{\"@type\":\"ImageObject\",\"inLanguage\":\"es\",\"@id\":\"https:\\\/\\\/medinstrus.lt\\\/es\\\/#\\\/schema\\\/logo\\\/image\\\/\",\"url\":\"https:\\\/\\\/medinstrus.lt\\\/wp-content\\\/uploads\\\/2025\\\/02\\\/Medinstrus-v1.png\",\"contentUrl\":\"https:\\\/\\\/medinstrus.lt\\\/wp-content\\\/uploads\\\/2025\\\/02\\\/Medinstrus-v1.png\",\"width\":723,\"height\":96,\"caption\":\"Medinstrus\"},\"image\":{\"@id\":\"https:\\\/\\\/medinstrus.lt\\\/es\\\/#\\\/schema\\\/logo\\\/image\\\/\"},\"sameAs\":[\"https:\\\/\\\/www.facebook.com\\\/medinstrus\\\/\",\"https:\\\/\\\/www.instagram.com\\\/Medinstrus\"]}]}<\/script>\n<!-- \/ Yoast SEO Premium plugin. -->","yoast_head_json":{"title":"Sill\u00f3n de consulta oftalmol\u00f3gica I - Medinstrus","description":"La Silla I integra un dise\u00f1o moderno con caracter\u00edsticas ergon\u00f3micas, adecuado para entornos m\u00e9dicos contempor\u00e1neos. Dise\u00f1ada para adaptarse a tu consulta.","robots":{"index":"index","follow":"follow","max-snippet":"max-snippet:-1","max-image-preview":"max-image-preview:large","max-video-preview":"max-video-preview:-1"},"canonical":"https:\/\/medinstrus.lt\/es\/producto\/presidencia-i\/","og_locale":"es_ES","og_type":"article","og_title":"Presidencia I","og_description":"La Silla I integra un dise\u00f1o moderno con caracter\u00edsticas ergon\u00f3micas, adecuado para entornos m\u00e9dicos contempor\u00e1neos. Dise\u00f1ada para adaptarse a tu consulta.","og_url":"https:\/\/medinstrus.lt\/es\/producto\/presidencia-i\/","og_site_name":"Medinstrus","article_publisher":"https:\/\/www.facebook.com\/medinstrus\/","og_image":[{"width":1080,"height":1350,"url":"https:\/\/medinstrus.lt\/wp-content\/uploads\/2024\/04\/Chair-I.png","type":"image\/png"}],"twitter_card":"summary_large_image","twitter_misc":{"Tiempo de lectura":"2 minutos"},"schema":{"@context":"https:\/\/schema.org","@graph":[{"@type":"WebPage","@id":"https:\/\/medinstrus.lt\/es\/producto\/presidencia-i\/","url":"https:\/\/medinstrus.lt\/es\/producto\/presidencia-i\/","name":"Sill\u00f3n de consulta oftalmol\u00f3gica I - Medinstrus","isPartOf":{"@id":"https:\/\/medinstrus.lt\/es\/#website"},"primaryImageOfPage":{"@id":"https:\/\/medinstrus.lt\/es\/producto\/presidencia-i\/#primaryimage"},"image":{"@id":"https:\/\/medinstrus.lt\/es\/producto\/presidencia-i\/#primaryimage"},"thumbnailUrl":"https:\/\/medinstrus.lt\/wp-content\/uploads\/2024\/04\/Chair-I.png","datePublished":"2024-04-23T08:04:02+00:00","description":"La Silla I integra un dise\u00f1o moderno con caracter\u00edsticas ergon\u00f3micas, adecuado para entornos m\u00e9dicos contempor\u00e1neos. Dise\u00f1ada para adaptarse a tu consulta.","breadcrumb":{"@id":"https:\/\/medinstrus.lt\/es\/producto\/presidencia-i\/#breadcrumb"},"inLanguage":"es","potentialAction":[{"@type":"ReadAction","target":["https:\/\/medinstrus.lt\/es\/producto\/presidencia-i\/"]}]},{"@type":"ImageObject","inLanguage":"es","@id":"https:\/\/medinstrus.lt\/es\/producto\/presidencia-i\/#primaryimage","url":"https:\/\/medinstrus.lt\/wp-content\/uploads\/2024\/04\/Chair-I.png","contentUrl":"https:\/\/medinstrus.lt\/wp-content\/uploads\/2024\/04\/Chair-I.png","width":1080,"height":1350,"caption":"Chair I combines modern aesthetics with ergonomic comfort for patients."},{"@type":"BreadcrumbList","@id":"https:\/\/medinstrus.lt\/es\/producto\/presidencia-i\/#breadcrumb","itemListElement":[{"@type":"ListItem","position":1,"name":"Home","item":"https:\/\/medinstrus.lt\/es\/pagina-de-inicio\/"},{"@type":"ListItem","position":2,"name":"Tienda","item":"https:\/\/medinstrus.lt\/es\/tienda\/"},{"@type":"ListItem","position":3,"name":"Presidencia I"}]},{"@type":"WebSite","@id":"https:\/\/medinstrus.lt\/es\/#website","url":"https:\/\/medinstrus.lt\/es\/","name":"https:\/\/medinstrus.com\/","description":"Simplicity combined with functionality.","publisher":{"@id":"https:\/\/medinstrus.lt\/es\/#organization"},"potentialAction":[{"@type":"SearchAction","target":{"@type":"EntryPoint","urlTemplate":"https:\/\/medinstrus.lt\/es\/?s={search_term_string}"},"query-input":{"@type":"PropertyValueSpecification","valueRequired":true,"valueName":"search_term_string"}}],"inLanguage":"es"},{"@type":"Organization","@id":"https:\/\/medinstrus.lt\/es\/#organization","name":"Medinstrus","url":"https:\/\/medinstrus.lt\/es\/","logo":{"@type":"ImageObject","inLanguage":"es","@id":"https:\/\/medinstrus.lt\/es\/#\/schema\/logo\/image\/","url":"https:\/\/medinstrus.lt\/wp-content\/uploads\/2025\/02\/Medinstrus-v1.png","contentUrl":"https:\/\/medinstrus.lt\/wp-content\/uploads\/2025\/02\/Medinstrus-v1.png","width":723,"height":96,"caption":"Medinstrus"},"image":{"@id":"https:\/\/medinstrus.lt\/es\/#\/schema\/logo\/image\/"},"sameAs":["https:\/\/www.facebook.com\/medinstrus\/","https:\/\/www.instagram.com\/Medinstrus"]}]}},"_links":{"self":[{"href":"https:\/\/medinstrus.lt\/es\/wp-json\/wp\/v2\/product\/3348","targetHints":{"allow":["GET"]}}],"collection":[{"href":"https:\/\/medinstrus.lt\/es\/wp-json\/wp\/v2\/product"}],"about":[{"href":"https:\/\/medinstrus.lt\/es\/wp-json\/wp\/v2\/types\/product"}],"replies":[{"embeddable":true,"href":"https:\/\/medinstrus.lt\/es\/wp-json\/wp\/v2\/comments?post=3348"}],"wp:featuredmedia":[{"embeddable":true,"href":"https:\/\/medinstrus.lt\/es\/wp-json\/wp\/v2\/media\/2969"}],"wp:attachment":[{"href":"https:\/\/medinstrus.lt\/es\/wp-json\/wp\/v2\/media?parent=3348"}],"wp:term":[{"taxonomy":"product_brand","embeddable":true,"href":"https:\/\/medinstrus.lt\/es\/wp-json\/wp\/v2\/product_brand?post=3348"},{"taxonomy":"product_cat","embeddable":true,"href":"https:\/\/medinstrus.lt\/es\/wp-json\/wp\/v2\/product_cat?post=3348"},{"taxonomy":"product_tag","embeddable":true,"href":"https:\/\/medinstrus.lt\/es\/wp-json\/wp\/v2\/product_tag?post=3348"}],"curies":[{"name":"wp","href":"https:\/\/api.w.org\/{rel}","templated":true}]}}