{"id":3338,"date":"2024-07-29T19:33:44","date_gmt":"2024-07-29T16:33:44","guid":{"rendered":"https:\/\/medinstrus.lt\/product\/elite\/"},"modified":"2024-07-29T19:33:44","modified_gmt":"2024-07-29T16:33:44","slug":"elite","status":"publish","type":"product","link":"https:\/\/medinstrus.lt\/es\/producto\/elite\/","title":{"rendered":"Elite"},"content":{"rendered":"<p><strong>Caracter\u00edsticas principales:<\/strong><\/p>\n<ul>\n<li><strong>Tablero deslizante motorizado<\/strong>: Acomoda dos instrumentos con un mecanismo deslizante motorizado, garantizando un flujo de trabajo eficaz y un f\u00e1cil acceso a los instrumentos.<\/li>\n<li><strong>Tablero Elevable:<\/strong> Dispone de una elevaci\u00f3n de 25 cm para una colocaci\u00f3n \u00f3ptima de los instrumentos.<\/li>\n<li><strong>Sill\u00f3n de paciente elevable: <\/strong>La altura del sill\u00f3n puede ajustarse de 48 cm a 63 cm (15 cm de elevaci\u00f3n), lo que garantiza la comodidad del paciente y un posicionamiento \u00f3ptimo.<\/li>\n<li><strong>Rotaci\u00f3n de 360\u00b0:<\/strong> Permite una rotaci\u00f3n completa para mayor flexibilidad en la colocaci\u00f3n del paciente.<\/li>\n<li><strong>Respaldo reclinable:<\/strong> Mejora la comodidad del paciente durante exploraciones m\u00e1s largas.<\/li>\n<li><strong>Iluminaci\u00f3n integrada: <\/strong>La unidad incluye una columna con una l\u00e1mpara LED superior con iluminaci\u00f3n ajustable para unas condiciones de examen precisas.<\/li>\n<li><strong>Soporte para proyector de gr\u00e1ficos:<\/strong> Viene con soporte para proyector de gr\u00e1ficos, lo que facilita la realizaci\u00f3n de pruebas oftalmol\u00f3gicas completas.<\/li>\n<\/ul>\n<p><strong>Gesti\u00f3n de la potencia de los instrumentos:<\/strong><\/p>\n<ul>\n<li>Transformadores de potencia ajustables integrados para l\u00e1mpara de hendidura\/oftalm\u00f3metro, que garantizan que todos tus dispositivos est\u00e9n alimentados y listos para usar.<\/li>\n<li>Toma de 230 V para instrumentos adicionales, como el autoalt\u00edmetro y el autofor\u00f3ptero.<\/li>\n<\/ul>\n<p><strong>Accesibilidad:<\/strong><\/p>\n<ul>\n<li>Dispone de una silla de paciente extra\u00edble para el acceso en silla de ruedas, lo que hace que la unidad sea inclusiva para todos los pacientes.<\/li>\n<\/ul>\n<p><strong>Opciones de personalizaci\u00f3n:<\/strong><\/p>\n<ul>\n<li><strong>Opciones de color:<\/strong> La ELITE est\u00e1 disponible en varios colores para las piezas met\u00e1licas y los tableros, lo que te permite personalizar la unidad para que coincida con la est\u00e9tica de tu consulta.<\/li>\n<li><strong>Escritorio del m\u00e9dico:<\/strong> Personalizable seg\u00fan las especificaciones del cliente, lo que mejora la integraci\u00f3n de la unidad en tu consulta.<\/li>\n<li><strong>Versi\u00f3n para zurdos:<\/strong> F\u00e1cilmente convertible en versi\u00f3n para zurdos, para adaptarse a las necesidades de distintos profesionales.<\/li>\n<\/ul>\n<p><strong>Caracter\u00edsticas opcionales:<\/strong><\/p>\n<ul>\n<li><strong>Brazo de for\u00f3ptero motorizado:<\/strong> Para una integraci\u00f3n y funcionamiento sin fisuras.<\/li>\n<li><strong>Reposapi\u00e9s:<\/strong> Disponible en versiones fija, basculante y tubular.<\/li>\n<li><strong>Reposabrazos:<\/strong> Las opciones incluyen reposabrazos fijos, abatibles o abatibles con tapicer\u00eda de silla.<\/li>\n<li><strong>Deslizamiento manual o motorizado de la silla<\/strong>: Opciones de deslizamiento manual (13 cm) o motorizado (14 cm) de la silla hacia delante y hacia atr\u00e1s.<\/li>\n<li>Mando de <strong>pedal<\/strong>: Para subir y bajar c\u00f3modamente la silla.<\/li>\n<li><strong>Cables de datos:<\/strong> Cables de datos instalados (Fire Wire, USB, RS232) para una conectividad integrada.<\/li>\n<li><strong>Armario con ruedas:<\/strong> Con tres cajones para almacenamiento adicional.<\/li>\n<li><strong>Soporte para panel operativo<\/strong>: Para el for\u00f3ptero digital.<\/li>\n<li><strong>\u00abAsistente de elevaci\u00f3n\u00bb:<\/strong> Sistema de correcci\u00f3n de altura.<\/li>\n<li><strong>Almohada para ni\u00f1os:<\/strong> Garantiza la comodidad de los pacientes m\u00e1s j\u00f3venes.<\/li>\n<\/ul>\n<p><strong>\u00bfPor qu\u00e9 elegir ELITE?<\/strong><\/p>\n<ul>\n<li><strong>Flujo de trabajo mejorado:<\/strong> El dise\u00f1o ergon\u00f3mico y las vers\u00e1tiles opciones de configuraci\u00f3n de la ELITE mejoran la eficiencia del flujo de trabajo, lo que permite a los facultativos realizar las exploraciones con mayor eficacia.<\/li>\n<li><strong>Confort para el paciente:<\/strong> La silla ajustable y las superficies de trabajo bien dise\u00f1adas garantizan la m\u00e1xima comodidad para los pacientes durante su visita.<\/li>\n<li><strong>Personalizaci\u00f3n:<\/strong> La posibilidad de personalizar la unidad para adaptarla a necesidades espec\u00edficas convierte a la ELITE en un complemento vers\u00e1til para cualquier consulta oftalmol\u00f3gica.<\/li>\n<li><strong>Aspecto profesional:<\/strong> El dise\u00f1o elegante y moderno de la ELITE contribuye a crear un entorno profesional y acogedor en la consulta.<\/li>\n<\/ul>\n","protected":false},"excerpt":{"rendered":"<p><strong>Unidad de refracci\u00f3n ELITE<\/strong><\/p>\n<p>La unidad de refracci\u00f3n ELITE est\u00e1 dise\u00f1ada para proporcionar un nivel superior de funcionalidad, personalizaci\u00f3n y comodidad tanto a los profesionales como a los pacientes. Sus funciones avanzadas y su dise\u00f1o ergon\u00f3mico la convierten en una opci\u00f3n excelente para las consultas oftalmol\u00f3gicas modernas. <\/p>\n<p>Eleva la atenci\u00f3n a tus pacientes y la eficiencia operativa con la ELITE, que ofrece una funcionalidad avanzada y opciones de dise\u00f1o personalizadas para satisfacer las necesidades \u00fanicas de tu consulta oftalmol\u00f3gica.<\/p>\n","protected":false},"featured_media":2120,"comment_status":"closed","ping_status":"closed","template":"","meta":{"_acf_changed":false},"product_brand":[],"product_cat":[162],"product_tag":[166,165,164],"class_list":{"0":"post-3338","1":"product","2":"type-product","3":"status-publish","4":"has-post-thumbnail","6":"product_cat-unidades-de-refraccion","7":"product_tag-clinicas-oftalmologicas-de-gama-alta","8":"product_tag-equipo-oftalmologico-premium","9":"product_tag-unidad-de-refraccion-elite","11":"first","12":"instock","13":"shipping-taxable","14":"product-type-simple"},"acf":[],"gallery_images":[2122,2124,2126,2128],"yoast_head":"<!-- This site is optimized with the Yoast SEO Premium plugin v27.4 (Yoast SEO v27.4) - https:\/\/yoast.com\/product\/yoast-seo-premium-wordpress\/ -->\n<title>Unidad de refracci\u00f3n Elite - Medinstrus<\/title>\n<meta name=\"description\" content=\"Experimenta la unidad de refracci\u00f3n Elite, que ofrece funciones y dise\u00f1o de primera calidad para cl\u00ednicas oftalmol\u00f3gicas de gama alta. Adapta nuestros productos a tus necesidades.\" \/>\n<meta name=\"robots\" content=\"index, follow, max-snippet:-1, max-image-preview:large, max-video-preview:-1\" \/>\n<link rel=\"canonical\" href=\"https:\/\/medinstrus.lt\/es\/producto\/elite\/\" \/>\n<meta property=\"og:locale\" content=\"es_ES\" \/>\n<meta property=\"og:type\" content=\"article\" \/>\n<meta property=\"og:title\" content=\"Elite\" \/>\n<meta property=\"og:description\" content=\"Experimenta la unidad de refracci\u00f3n Elite, que ofrece funciones y dise\u00f1o de primera calidad para cl\u00ednicas oftalmol\u00f3gicas de gama alta. Adapta nuestros productos a tus necesidades.\" \/>\n<meta property=\"og:url\" content=\"https:\/\/medinstrus.lt\/es\/producto\/elite\/\" \/>\n<meta property=\"og:site_name\" content=\"Medinstrus\" \/>\n<meta property=\"article:publisher\" content=\"https:\/\/www.facebook.com\/medinstrus\/\" \/>\n<meta property=\"og:image\" content=\"https:\/\/medinstrus.lt\/wp-content\/uploads\/2024\/07\/website-units-elite-medinstrus-1-scaled.jpg\" \/>\n\t<meta property=\"og:image:width\" content=\"1829\" \/>\n\t<meta property=\"og:image:height\" content=\"2560\" \/>\n\t<meta property=\"og:image:type\" content=\"image\/jpeg\" \/>\n<meta name=\"twitter:card\" content=\"summary_large_image\" \/>\n<meta name=\"twitter:label1\" content=\"Tiempo de lectura\" \/>\n\t<meta name=\"twitter:data1\" content=\"3 minutos\" \/>\n<script type=\"application\/ld+json\" class=\"yoast-schema-graph\">{\"@context\":\"https:\\\/\\\/schema.org\",\"@graph\":[{\"@type\":\"WebPage\",\"@id\":\"https:\\\/\\\/medinstrus.lt\\\/es\\\/producto\\\/elite\\\/\",\"url\":\"https:\\\/\\\/medinstrus.lt\\\/es\\\/producto\\\/elite\\\/\",\"name\":\"Unidad de refracci\u00f3n Elite - Medinstrus\",\"isPartOf\":{\"@id\":\"https:\\\/\\\/medinstrus.lt\\\/es\\\/#website\"},\"primaryImageOfPage\":{\"@id\":\"https:\\\/\\\/medinstrus.lt\\\/es\\\/producto\\\/elite\\\/#primaryimage\"},\"image\":{\"@id\":\"https:\\\/\\\/medinstrus.lt\\\/es\\\/producto\\\/elite\\\/#primaryimage\"},\"thumbnailUrl\":\"https:\\\/\\\/medinstrus.lt\\\/wp-content\\\/uploads\\\/2024\\\/07\\\/website-units-elite-medinstrus-1-scaled.jpg\",\"datePublished\":\"2024-07-29T16:33:44+00:00\",\"description\":\"Experimenta la unidad de refracci\u00f3n Elite, que ofrece funciones y dise\u00f1o de primera calidad para cl\u00ednicas oftalmol\u00f3gicas de gama alta. Adapta nuestros productos a tus necesidades.\",\"breadcrumb\":{\"@id\":\"https:\\\/\\\/medinstrus.lt\\\/es\\\/producto\\\/elite\\\/#breadcrumb\"},\"inLanguage\":\"es\",\"potentialAction\":[{\"@type\":\"ReadAction\",\"target\":[\"https:\\\/\\\/medinstrus.lt\\\/es\\\/producto\\\/elite\\\/\"]}]},{\"@type\":\"ImageObject\",\"inLanguage\":\"es\",\"@id\":\"https:\\\/\\\/medinstrus.lt\\\/es\\\/producto\\\/elite\\\/#primaryimage\",\"url\":\"https:\\\/\\\/medinstrus.lt\\\/wp-content\\\/uploads\\\/2024\\\/07\\\/website-units-elite-medinstrus-1-scaled.jpg\",\"contentUrl\":\"https:\\\/\\\/medinstrus.lt\\\/wp-content\\\/uploads\\\/2024\\\/07\\\/website-units-elite-medinstrus-1-scaled.jpg\",\"width\":1829,\"height\":2560,\"caption\":\"Elite refraction unit designed for high-end ophthalmic clinics\"},{\"@type\":\"BreadcrumbList\",\"@id\":\"https:\\\/\\\/medinstrus.lt\\\/es\\\/producto\\\/elite\\\/#breadcrumb\",\"itemListElement\":[{\"@type\":\"ListItem\",\"position\":1,\"name\":\"Home\",\"item\":\"https:\\\/\\\/medinstrus.lt\\\/es\\\/pagina-de-inicio\\\/\"},{\"@type\":\"ListItem\",\"position\":2,\"name\":\"Tienda\",\"item\":\"https:\\\/\\\/medinstrus.lt\\\/es\\\/tienda\\\/\"},{\"@type\":\"ListItem\",\"position\":3,\"name\":\"Elite\"}]},{\"@type\":\"WebSite\",\"@id\":\"https:\\\/\\\/medinstrus.lt\\\/es\\\/#website\",\"url\":\"https:\\\/\\\/medinstrus.lt\\\/es\\\/\",\"name\":\"https:\\\/\\\/medinstrus.com\\\/\",\"description\":\"Simplicity combined with functionality.\",\"publisher\":{\"@id\":\"https:\\\/\\\/medinstrus.lt\\\/es\\\/#organization\"},\"potentialAction\":[{\"@type\":\"SearchAction\",\"target\":{\"@type\":\"EntryPoint\",\"urlTemplate\":\"https:\\\/\\\/medinstrus.lt\\\/es\\\/?s={search_term_string}\"},\"query-input\":{\"@type\":\"PropertyValueSpecification\",\"valueRequired\":true,\"valueName\":\"search_term_string\"}}],\"inLanguage\":\"es\"},{\"@type\":\"Organization\",\"@id\":\"https:\\\/\\\/medinstrus.lt\\\/es\\\/#organization\",\"name\":\"Medinstrus\",\"url\":\"https:\\\/\\\/medinstrus.lt\\\/es\\\/\",\"logo\":{\"@type\":\"ImageObject\",\"inLanguage\":\"es\",\"@id\":\"https:\\\/\\\/medinstrus.lt\\\/es\\\/#\\\/schema\\\/logo\\\/image\\\/\",\"url\":\"https:\\\/\\\/medinstrus.lt\\\/wp-content\\\/uploads\\\/2025\\\/02\\\/Medinstrus-v1.png\",\"contentUrl\":\"https:\\\/\\\/medinstrus.lt\\\/wp-content\\\/uploads\\\/2025\\\/02\\\/Medinstrus-v1.png\",\"width\":723,\"height\":96,\"caption\":\"Medinstrus\"},\"image\":{\"@id\":\"https:\\\/\\\/medinstrus.lt\\\/es\\\/#\\\/schema\\\/logo\\\/image\\\/\"},\"sameAs\":[\"https:\\\/\\\/www.facebook.com\\\/medinstrus\\\/\",\"https:\\\/\\\/www.instagram.com\\\/Medinstrus\"]}]}<\/script>\n<!-- \/ Yoast SEO Premium plugin. -->","yoast_head_json":{"title":"Unidad de refracci\u00f3n Elite - Medinstrus","description":"Experimenta la unidad de refracci\u00f3n Elite, que ofrece funciones y dise\u00f1o de primera calidad para cl\u00ednicas oftalmol\u00f3gicas de gama alta. Adapta nuestros productos a tus necesidades.","robots":{"index":"index","follow":"follow","max-snippet":"max-snippet:-1","max-image-preview":"max-image-preview:large","max-video-preview":"max-video-preview:-1"},"canonical":"https:\/\/medinstrus.lt\/es\/producto\/elite\/","og_locale":"es_ES","og_type":"article","og_title":"Elite","og_description":"Experimenta la unidad de refracci\u00f3n Elite, que ofrece funciones y dise\u00f1o de primera calidad para cl\u00ednicas oftalmol\u00f3gicas de gama alta. Adapta nuestros productos a tus necesidades.","og_url":"https:\/\/medinstrus.lt\/es\/producto\/elite\/","og_site_name":"Medinstrus","article_publisher":"https:\/\/www.facebook.com\/medinstrus\/","og_image":[{"width":1829,"height":2560,"url":"https:\/\/medinstrus.lt\/wp-content\/uploads\/2024\/07\/website-units-elite-medinstrus-1-scaled.jpg","type":"image\/jpeg"}],"twitter_card":"summary_large_image","twitter_misc":{"Tiempo de lectura":"3 minutos"},"schema":{"@context":"https:\/\/schema.org","@graph":[{"@type":"WebPage","@id":"https:\/\/medinstrus.lt\/es\/producto\/elite\/","url":"https:\/\/medinstrus.lt\/es\/producto\/elite\/","name":"Unidad de refracci\u00f3n Elite - Medinstrus","isPartOf":{"@id":"https:\/\/medinstrus.lt\/es\/#website"},"primaryImageOfPage":{"@id":"https:\/\/medinstrus.lt\/es\/producto\/elite\/#primaryimage"},"image":{"@id":"https:\/\/medinstrus.lt\/es\/producto\/elite\/#primaryimage"},"thumbnailUrl":"https:\/\/medinstrus.lt\/wp-content\/uploads\/2024\/07\/website-units-elite-medinstrus-1-scaled.jpg","datePublished":"2024-07-29T16:33:44+00:00","description":"Experimenta la unidad de refracci\u00f3n Elite, que ofrece funciones y dise\u00f1o de primera calidad para cl\u00ednicas oftalmol\u00f3gicas de gama alta. Adapta nuestros productos a tus necesidades.","breadcrumb":{"@id":"https:\/\/medinstrus.lt\/es\/producto\/elite\/#breadcrumb"},"inLanguage":"es","potentialAction":[{"@type":"ReadAction","target":["https:\/\/medinstrus.lt\/es\/producto\/elite\/"]}]},{"@type":"ImageObject","inLanguage":"es","@id":"https:\/\/medinstrus.lt\/es\/producto\/elite\/#primaryimage","url":"https:\/\/medinstrus.lt\/wp-content\/uploads\/2024\/07\/website-units-elite-medinstrus-1-scaled.jpg","contentUrl":"https:\/\/medinstrus.lt\/wp-content\/uploads\/2024\/07\/website-units-elite-medinstrus-1-scaled.jpg","width":1829,"height":2560,"caption":"Elite refraction unit designed for high-end ophthalmic clinics"},{"@type":"BreadcrumbList","@id":"https:\/\/medinstrus.lt\/es\/producto\/elite\/#breadcrumb","itemListElement":[{"@type":"ListItem","position":1,"name":"Home","item":"https:\/\/medinstrus.lt\/es\/pagina-de-inicio\/"},{"@type":"ListItem","position":2,"name":"Tienda","item":"https:\/\/medinstrus.lt\/es\/tienda\/"},{"@type":"ListItem","position":3,"name":"Elite"}]},{"@type":"WebSite","@id":"https:\/\/medinstrus.lt\/es\/#website","url":"https:\/\/medinstrus.lt\/es\/","name":"https:\/\/medinstrus.com\/","description":"Simplicity combined with functionality.","publisher":{"@id":"https:\/\/medinstrus.lt\/es\/#organization"},"potentialAction":[{"@type":"SearchAction","target":{"@type":"EntryPoint","urlTemplate":"https:\/\/medinstrus.lt\/es\/?s={search_term_string}"},"query-input":{"@type":"PropertyValueSpecification","valueRequired":true,"valueName":"search_term_string"}}],"inLanguage":"es"},{"@type":"Organization","@id":"https:\/\/medinstrus.lt\/es\/#organization","name":"Medinstrus","url":"https:\/\/medinstrus.lt\/es\/","logo":{"@type":"ImageObject","inLanguage":"es","@id":"https:\/\/medinstrus.lt\/es\/#\/schema\/logo\/image\/","url":"https:\/\/medinstrus.lt\/wp-content\/uploads\/2025\/02\/Medinstrus-v1.png","contentUrl":"https:\/\/medinstrus.lt\/wp-content\/uploads\/2025\/02\/Medinstrus-v1.png","width":723,"height":96,"caption":"Medinstrus"},"image":{"@id":"https:\/\/medinstrus.lt\/es\/#\/schema\/logo\/image\/"},"sameAs":["https:\/\/www.facebook.com\/medinstrus\/","https:\/\/www.instagram.com\/Medinstrus"]}]}},"_links":{"self":[{"href":"https:\/\/medinstrus.lt\/es\/wp-json\/wp\/v2\/product\/3338","targetHints":{"allow":["GET"]}}],"collection":[{"href":"https:\/\/medinstrus.lt\/es\/wp-json\/wp\/v2\/product"}],"about":[{"href":"https:\/\/medinstrus.lt\/es\/wp-json\/wp\/v2\/types\/product"}],"replies":[{"embeddable":true,"href":"https:\/\/medinstrus.lt\/es\/wp-json\/wp\/v2\/comments?post=3338"}],"wp:featuredmedia":[{"embeddable":true,"href":"https:\/\/medinstrus.lt\/es\/wp-json\/wp\/v2\/media\/2120"}],"wp:attachment":[{"href":"https:\/\/medinstrus.lt\/es\/wp-json\/wp\/v2\/media?parent=3338"}],"wp:term":[{"taxonomy":"product_brand","embeddable":true,"href":"https:\/\/medinstrus.lt\/es\/wp-json\/wp\/v2\/product_brand?post=3338"},{"taxonomy":"product_cat","embeddable":true,"href":"https:\/\/medinstrus.lt\/es\/wp-json\/wp\/v2\/product_cat?post=3338"},{"taxonomy":"product_tag","embeddable":true,"href":"https:\/\/medinstrus.lt\/es\/wp-json\/wp\/v2\/product_tag?post=3338"}],"curies":[{"name":"wp","href":"https:\/\/api.w.org\/{rel}","templated":true}]}}