{"id":3333,"date":"2024-07-29T19:27:09","date_gmt":"2024-07-29T16:27:09","guid":{"rendered":"https:\/\/medinstrus.lt\/product\/deltaqp\/"},"modified":"2024-07-29T19:27:09","modified_gmt":"2024-07-29T16:27:09","slug":"deltaqp","status":"publish","type":"product","link":"https:\/\/medinstrus.lt\/es\/producto\/deltaqp\/","title":{"rendered":"DeltaQP"},"content":{"rendered":"<p><strong>Caracter\u00edsticas principales:<\/strong><\/p>\n<ul>\n<li><strong>Tablero elevable:<\/strong> Soporta dos instrumentos y cuenta con una elevaci\u00f3n de 25 cm para un posicionamiento \u00f3ptimo.<\/li>\n<\/ul>\n<p><strong>Variaciones del modelo:<\/strong><\/p>\n<ul>\n<li><strong>DQ01T, DQP01T:<\/strong> Tablero elevable con silla de altura fija.<\/li>\n<li><strong>DQ01C, DQP01C:<\/strong> Silla elevable con tablero de altura fija.<\/li>\n<li><strong>DQ01CT, DQP01CT:<\/strong> Silla elevable y tablero elevable para una m\u00e1xima ajustabilidad.<\/li>\n<li><strong>Sill\u00f3n de paciente elevable:<\/strong> La altura del sill\u00f3n puede ajustarse de 48 cm a 63 cm (15 cm de elevaci\u00f3n), lo que garantiza la comodidad del paciente y un posicionamiento \u00f3ptimo.<\/li>\n<li><strong>Rotaci\u00f3n de 360\u00b0:<\/strong> Permite una rotaci\u00f3n completa para mayor flexibilidad en la colocaci\u00f3n del paciente.<\/li>\n<li><strong>Respaldo reclinable:<\/strong> Mejora la comodidad del paciente durante exploraciones m\u00e1s largas.<\/li>\n<\/ul>\n<p><strong>Iluminaci\u00f3n integrada:<\/strong><\/p>\n<ul>\n<li>La columna incluye una l\u00e1mpara LED superior con iluminaci\u00f3n regulable para unas condiciones de examen precisas.<\/li>\n<li>Soporte para proyector de gr\u00e1ficos: Equipado con soporte para proyector de gr\u00e1ficos, lo que facilita la realizaci\u00f3n de pruebas oftalmol\u00f3gicas completas.<\/li>\n<\/ul>\n<p><strong>Gesti\u00f3n de la energ\u00eda de los instrumentos:<\/strong><\/p>\n<ul>\n<li>Transformadores de potencia ajustables integrados para l\u00e1mpara de hendidura\/oftalm\u00f3metro, que garantizan que todos tus dispositivos est\u00e9n alimentados y listos para usar.<\/li>\n<li>Toma de 230 V para instrumentos adicionales, como el autoalt\u00edmetro y el autofor\u00f3ptero.<\/li>\n<\/ul>\n<p><strong>Armario integrado:<\/strong><\/p>\n<ul>\n<li>Dispone de un caj\u00f3n para un juego de lentes de prueba y un caj\u00f3n adicional para almacenamiento extra, manteniendo organizado tu espacio de trabajo.<\/li>\n<\/ul>\n<p><strong>Accesibilidad:<\/strong><\/p>\n<ul>\n<li><strong>Silla extra\u00edble<\/strong>: Facilita el acceso en silla de ruedas, haciendo que la unidad sea inclusiva para todos los pacientes.<\/li>\n<li><strong>Brazo de for\u00f3ptero vertical motorizado (DeltaQP):<\/strong> Mejora la precisi\u00f3n y la facilidad de uso.<\/li>\n<\/ul>\n<p><strong>Opciones de personalizaci\u00f3n:<\/strong><\/p>\n<ul>\n<li><strong>Opciones de color:<\/strong> Disponible en varios colores para las piezas met\u00e1licas y los tableros, lo que te permite personalizar la unidad para que coincida con la est\u00e9tica de tu consulta.<\/li>\n<\/ul>\n<p><strong>Accesorios opcionales:<\/strong><\/p>\n<ul>\n<li><strong>Brazo de for\u00f3ptero:<\/strong> Para facilitar la integraci\u00f3n y el manejo.<\/li>\n<li><strong>Reposapi\u00e9s:<\/strong> Disponible en versiones fija, basculante y tubular.<\/li>\n<li><strong>Reposabrazos:<\/strong> Las opciones incluyen reposabrazos fijos, abatibles o abatibles con tapicer\u00eda de silla.<\/li>\n<li><strong>Deslizamiento manual o motorizado de la silla:<\/strong> Opciones de deslizamiento manual (13 cm) o motorizado (14 cm) de la silla hacia delante y hacia atr\u00e1s.<\/li>\n<li><strong>Mando de pedal:<\/strong> Para subir y bajar c\u00f3modamente la silla.<\/li>\n<li><strong>Cables de datos:<\/strong> Cables de datos instalados (Fire Wire, USB, RS232) para una conectividad integrada.<\/li>\n<li><strong>Armario con ruedas:<\/strong> Con tres cajones para almacenamiento adicional.<\/li>\n<li><strong>Soporte para panel operativo:<\/strong> Para el for\u00f3ptero digital.<\/li>\n<li><strong>Controlador de la luz de la sala:<\/strong> Para un mejor control de la iluminaci\u00f3n de la sala de reconocimiento<\/li>\n<li><strong>Almohada para ni\u00f1os:<\/strong> Garantiza la comodidad de los pacientes m\u00e1s j\u00f3venes.<\/li>\n<li><strong>Versi\u00f3n para zurdos:<\/strong> F\u00e1cilmente convertible en versi\u00f3n para zurdos, para adaptarse a las necesidades de distintos profesionales.<\/li>\n<\/ul>\n<p><strong>\u00bfPor qu\u00e9 elegir DeltaQ y DeltaQP?<\/strong><\/p>\n<ul>\n<li><strong>Flujo de trabajo mejorado:<\/strong> El dise\u00f1o ergon\u00f3mico y las vers\u00e1tiles opciones de configuraci\u00f3n mejoran la eficiencia del flujo de trabajo, lo que permite a los facultativos realizar los ex\u00e1menes con mayor eficacia.<\/li>\n<li><strong>Confort para el paciente:<\/strong> La silla ajustable y las superficies de trabajo bien dise\u00f1adas garantizan la m\u00e1xima comodidad para los pacientes durante su visita.<\/li>\n<li><strong>Personalizaci\u00f3n:<\/strong> La posibilidad de personalizar la unidad para adaptarla a necesidades espec\u00edficas hace que DeltaQ y DeltaQP sean adiciones vers\u00e1tiles a cualquier consulta oftalmol\u00f3gica.<\/li>\n<li><strong>Aspecto profesional:<\/strong> El dise\u00f1o elegante y moderno contribuye a crear un entorno profesional y acogedor en la consulta.<\/li>\n<\/ul>\n","protected":false},"excerpt":{"rendered":"<p><strong>Unidad de refracci\u00f3n DeltaQ y DeltaQP<\/strong><\/p>\n<p>Las unidades de refracci\u00f3n DeltaQ y DeltaQP est\u00e1n dise\u00f1adas para ofrecer una funcionalidad avanzada y una comodidad ergon\u00f3mica, lo que las hace ideales para las consultas oftalmol\u00f3gicas modernas. Estas unidades ofrecen una serie de funciones para adaptarse a las distintas necesidades de examen y garantizar un flujo de trabajo sin interrupciones. <\/p>\n<p>Eleva la atenci\u00f3n a tus pacientes y la eficacia operativa con DeltaQ y DeltaQP, que ofrecen una funcionalidad avanzada y opciones de dise\u00f1o personalizadas para satisfacer las necesidades \u00fanicas de tu consulta oftalmol\u00f3gica.<\/p>\n<p>&nbsp;<\/p>\n","protected":false},"featured_media":2949,"comment_status":"closed","ping_status":"closed","template":"","meta":{"_acf_changed":false},"product_brand":[],"product_cat":[162],"product_tag":[331],"class_list":{"0":"post-3333","1":"product","2":"type-product","3":"status-publish","4":"has-post-thumbnail","6":"product_cat-unidades-de-refraccion","7":"product_tag-puesto-de-trabajo-oftalmologico","9":"first","10":"instock","11":"shipping-taxable","12":"product-type-simple"},"acf":[],"gallery_images":[2102,2104,2106,2108],"yoast_head":"<!-- This site is optimized with the Yoast SEO Premium plugin v27.1 (Yoast SEO v27.4) - https:\/\/yoast.com\/product\/yoast-seo-premium-wordpress\/ -->\n<title>Unidad de refracci\u00f3n DeltaQP - Medinstrus<\/title>\n<meta name=\"description\" content=\"Presentamos la unidad de refracci\u00f3n DeltaQP, que combina funcionalidad y dise\u00f1o ergon\u00f3mico para una comodidad \u00f3ptima del paciente. Adapta nuestros productos a tus necesidades.\" \/>\n<meta name=\"robots\" content=\"index, follow, max-snippet:-1, max-image-preview:large, max-video-preview:-1\" \/>\n<link rel=\"canonical\" href=\"https:\/\/medinstrus.lt\/es\/producto\/deltaqp\/\" \/>\n<meta property=\"og:locale\" content=\"es_ES\" \/>\n<meta property=\"og:type\" content=\"article\" \/>\n<meta property=\"og:title\" content=\"DeltaQP\" \/>\n<meta property=\"og:description\" content=\"Presentamos la unidad de refracci\u00f3n DeltaQP, que combina funcionalidad y dise\u00f1o ergon\u00f3mico para una comodidad \u00f3ptima del paciente. Adapta nuestros productos a tus necesidades.\" \/>\n<meta property=\"og:url\" content=\"https:\/\/medinstrus.lt\/es\/producto\/deltaqp\/\" \/>\n<meta property=\"og:site_name\" content=\"Medinstrus\" \/>\n<meta property=\"article:publisher\" content=\"https:\/\/www.facebook.com\/medinstrus\/\" \/>\n<meta property=\"og:image\" content=\"https:\/\/medinstrus.lt\/wp-content\/uploads\/2024\/07\/DELTAQP-svetainei-1.png\" \/>\n\t<meta property=\"og:image:width\" content=\"1080\" \/>\n\t<meta property=\"og:image:height\" content=\"1350\" \/>\n\t<meta property=\"og:image:type\" content=\"image\/png\" \/>\n<meta name=\"twitter:card\" content=\"summary_large_image\" \/>\n<meta name=\"twitter:label1\" content=\"Tiempo de lectura\" \/>\n\t<meta name=\"twitter:data1\" content=\"3 minutos\" \/>\n<script type=\"application\/ld+json\" class=\"yoast-schema-graph\">{\"@context\":\"https:\\\/\\\/schema.org\",\"@graph\":[{\"@type\":\"WebPage\",\"@id\":\"https:\\\/\\\/medinstrus.lt\\\/es\\\/producto\\\/deltaqp\\\/\",\"url\":\"https:\\\/\\\/medinstrus.lt\\\/es\\\/producto\\\/deltaqp\\\/\",\"name\":\"Unidad de refracci\u00f3n DeltaQP - Medinstrus\",\"isPartOf\":{\"@id\":\"https:\\\/\\\/medinstrus.lt\\\/es\\\/#website\"},\"primaryImageOfPage\":{\"@id\":\"https:\\\/\\\/medinstrus.lt\\\/es\\\/producto\\\/deltaqp\\\/#primaryimage\"},\"image\":{\"@id\":\"https:\\\/\\\/medinstrus.lt\\\/es\\\/producto\\\/deltaqp\\\/#primaryimage\"},\"thumbnailUrl\":\"https:\\\/\\\/medinstrus.lt\\\/wp-content\\\/uploads\\\/2024\\\/07\\\/DELTAQP-svetainei-1.png\",\"datePublished\":\"2024-07-29T16:27:09+00:00\",\"description\":\"Presentamos la unidad de refracci\u00f3n DeltaQP, que combina funcionalidad y dise\u00f1o ergon\u00f3mico para una comodidad \u00f3ptima del paciente. Adapta nuestros productos a tus necesidades.\",\"breadcrumb\":{\"@id\":\"https:\\\/\\\/medinstrus.lt\\\/es\\\/producto\\\/deltaqp\\\/#breadcrumb\"},\"inLanguage\":\"es\",\"potentialAction\":[{\"@type\":\"ReadAction\",\"target\":[\"https:\\\/\\\/medinstrus.lt\\\/es\\\/producto\\\/deltaqp\\\/\"]}]},{\"@type\":\"ImageObject\",\"inLanguage\":\"es\",\"@id\":\"https:\\\/\\\/medinstrus.lt\\\/es\\\/producto\\\/deltaqp\\\/#primaryimage\",\"url\":\"https:\\\/\\\/medinstrus.lt\\\/wp-content\\\/uploads\\\/2024\\\/07\\\/DELTAQP-svetainei-1.png\",\"contentUrl\":\"https:\\\/\\\/medinstrus.lt\\\/wp-content\\\/uploads\\\/2024\\\/07\\\/DELTAQP-svetainei-1.png\",\"width\":1080,\"height\":1350,\"caption\":\"DeltaQP refraction unit ensuring optimal patient comfort\"},{\"@type\":\"BreadcrumbList\",\"@id\":\"https:\\\/\\\/medinstrus.lt\\\/es\\\/producto\\\/deltaqp\\\/#breadcrumb\",\"itemListElement\":[{\"@type\":\"ListItem\",\"position\":1,\"name\":\"Home\",\"item\":\"https:\\\/\\\/medinstrus.lt\\\/es\\\/pagina-de-inicio\\\/\"},{\"@type\":\"ListItem\",\"position\":2,\"name\":\"Tienda\",\"item\":\"https:\\\/\\\/medinstrus.lt\\\/es\\\/tienda\\\/\"},{\"@type\":\"ListItem\",\"position\":3,\"name\":\"DeltaQP\"}]},{\"@type\":\"WebSite\",\"@id\":\"https:\\\/\\\/medinstrus.lt\\\/es\\\/#website\",\"url\":\"https:\\\/\\\/medinstrus.lt\\\/es\\\/\",\"name\":\"https:\\\/\\\/medinstrus.com\\\/\",\"description\":\"Simplicity combined with functionality.\",\"publisher\":{\"@id\":\"https:\\\/\\\/medinstrus.lt\\\/es\\\/#organization\"},\"potentialAction\":[{\"@type\":\"SearchAction\",\"target\":{\"@type\":\"EntryPoint\",\"urlTemplate\":\"https:\\\/\\\/medinstrus.lt\\\/es\\\/?s={search_term_string}\"},\"query-input\":{\"@type\":\"PropertyValueSpecification\",\"valueRequired\":true,\"valueName\":\"search_term_string\"}}],\"inLanguage\":\"es\"},{\"@type\":\"Organization\",\"@id\":\"https:\\\/\\\/medinstrus.lt\\\/es\\\/#organization\",\"name\":\"Medinstrus\",\"url\":\"https:\\\/\\\/medinstrus.lt\\\/es\\\/\",\"logo\":{\"@type\":\"ImageObject\",\"inLanguage\":\"es\",\"@id\":\"https:\\\/\\\/medinstrus.lt\\\/es\\\/#\\\/schema\\\/logo\\\/image\\\/\",\"url\":\"https:\\\/\\\/medinstrus.lt\\\/wp-content\\\/uploads\\\/2025\\\/02\\\/Medinstrus-v1.png\",\"contentUrl\":\"https:\\\/\\\/medinstrus.lt\\\/wp-content\\\/uploads\\\/2025\\\/02\\\/Medinstrus-v1.png\",\"width\":723,\"height\":96,\"caption\":\"Medinstrus\"},\"image\":{\"@id\":\"https:\\\/\\\/medinstrus.lt\\\/es\\\/#\\\/schema\\\/logo\\\/image\\\/\"},\"sameAs\":[\"https:\\\/\\\/www.facebook.com\\\/medinstrus\\\/\",\"https:\\\/\\\/www.instagram.com\\\/Medinstrus\"]}]}<\/script>\n<!-- \/ Yoast SEO Premium plugin. -->","yoast_head_json":{"title":"Unidad de refracci\u00f3n DeltaQP - Medinstrus","description":"Presentamos la unidad de refracci\u00f3n DeltaQP, que combina funcionalidad y dise\u00f1o ergon\u00f3mico para una comodidad \u00f3ptima del paciente. Adapta nuestros productos a tus necesidades.","robots":{"index":"index","follow":"follow","max-snippet":"max-snippet:-1","max-image-preview":"max-image-preview:large","max-video-preview":"max-video-preview:-1"},"canonical":"https:\/\/medinstrus.lt\/es\/producto\/deltaqp\/","og_locale":"es_ES","og_type":"article","og_title":"DeltaQP","og_description":"Presentamos la unidad de refracci\u00f3n DeltaQP, que combina funcionalidad y dise\u00f1o ergon\u00f3mico para una comodidad \u00f3ptima del paciente. Adapta nuestros productos a tus necesidades.","og_url":"https:\/\/medinstrus.lt\/es\/producto\/deltaqp\/","og_site_name":"Medinstrus","article_publisher":"https:\/\/www.facebook.com\/medinstrus\/","og_image":[{"width":1080,"height":1350,"url":"https:\/\/medinstrus.lt\/wp-content\/uploads\/2024\/07\/DELTAQP-svetainei-1.png","type":"image\/png"}],"twitter_card":"summary_large_image","twitter_misc":{"Tiempo de lectura":"3 minutos"},"schema":{"@context":"https:\/\/schema.org","@graph":[{"@type":"WebPage","@id":"https:\/\/medinstrus.lt\/es\/producto\/deltaqp\/","url":"https:\/\/medinstrus.lt\/es\/producto\/deltaqp\/","name":"Unidad de refracci\u00f3n DeltaQP - Medinstrus","isPartOf":{"@id":"https:\/\/medinstrus.lt\/es\/#website"},"primaryImageOfPage":{"@id":"https:\/\/medinstrus.lt\/es\/producto\/deltaqp\/#primaryimage"},"image":{"@id":"https:\/\/medinstrus.lt\/es\/producto\/deltaqp\/#primaryimage"},"thumbnailUrl":"https:\/\/medinstrus.lt\/wp-content\/uploads\/2024\/07\/DELTAQP-svetainei-1.png","datePublished":"2024-07-29T16:27:09+00:00","description":"Presentamos la unidad de refracci\u00f3n DeltaQP, que combina funcionalidad y dise\u00f1o ergon\u00f3mico para una comodidad \u00f3ptima del paciente. Adapta nuestros productos a tus necesidades.","breadcrumb":{"@id":"https:\/\/medinstrus.lt\/es\/producto\/deltaqp\/#breadcrumb"},"inLanguage":"es","potentialAction":[{"@type":"ReadAction","target":["https:\/\/medinstrus.lt\/es\/producto\/deltaqp\/"]}]},{"@type":"ImageObject","inLanguage":"es","@id":"https:\/\/medinstrus.lt\/es\/producto\/deltaqp\/#primaryimage","url":"https:\/\/medinstrus.lt\/wp-content\/uploads\/2024\/07\/DELTAQP-svetainei-1.png","contentUrl":"https:\/\/medinstrus.lt\/wp-content\/uploads\/2024\/07\/DELTAQP-svetainei-1.png","width":1080,"height":1350,"caption":"DeltaQP refraction unit ensuring optimal patient comfort"},{"@type":"BreadcrumbList","@id":"https:\/\/medinstrus.lt\/es\/producto\/deltaqp\/#breadcrumb","itemListElement":[{"@type":"ListItem","position":1,"name":"Home","item":"https:\/\/medinstrus.lt\/es\/pagina-de-inicio\/"},{"@type":"ListItem","position":2,"name":"Tienda","item":"https:\/\/medinstrus.lt\/es\/tienda\/"},{"@type":"ListItem","position":3,"name":"DeltaQP"}]},{"@type":"WebSite","@id":"https:\/\/medinstrus.lt\/es\/#website","url":"https:\/\/medinstrus.lt\/es\/","name":"https:\/\/medinstrus.com\/","description":"Simplicity combined with functionality.","publisher":{"@id":"https:\/\/medinstrus.lt\/es\/#organization"},"potentialAction":[{"@type":"SearchAction","target":{"@type":"EntryPoint","urlTemplate":"https:\/\/medinstrus.lt\/es\/?s={search_term_string}"},"query-input":{"@type":"PropertyValueSpecification","valueRequired":true,"valueName":"search_term_string"}}],"inLanguage":"es"},{"@type":"Organization","@id":"https:\/\/medinstrus.lt\/es\/#organization","name":"Medinstrus","url":"https:\/\/medinstrus.lt\/es\/","logo":{"@type":"ImageObject","inLanguage":"es","@id":"https:\/\/medinstrus.lt\/es\/#\/schema\/logo\/image\/","url":"https:\/\/medinstrus.lt\/wp-content\/uploads\/2025\/02\/Medinstrus-v1.png","contentUrl":"https:\/\/medinstrus.lt\/wp-content\/uploads\/2025\/02\/Medinstrus-v1.png","width":723,"height":96,"caption":"Medinstrus"},"image":{"@id":"https:\/\/medinstrus.lt\/es\/#\/schema\/logo\/image\/"},"sameAs":["https:\/\/www.facebook.com\/medinstrus\/","https:\/\/www.instagram.com\/Medinstrus"]}]}},"_links":{"self":[{"href":"https:\/\/medinstrus.lt\/es\/wp-json\/wp\/v2\/product\/3333","targetHints":{"allow":["GET"]}}],"collection":[{"href":"https:\/\/medinstrus.lt\/es\/wp-json\/wp\/v2\/product"}],"about":[{"href":"https:\/\/medinstrus.lt\/es\/wp-json\/wp\/v2\/types\/product"}],"replies":[{"embeddable":true,"href":"https:\/\/medinstrus.lt\/es\/wp-json\/wp\/v2\/comments?post=3333"}],"wp:featuredmedia":[{"embeddable":true,"href":"https:\/\/medinstrus.lt\/es\/wp-json\/wp\/v2\/media\/2949"}],"wp:attachment":[{"href":"https:\/\/medinstrus.lt\/es\/wp-json\/wp\/v2\/media?parent=3333"}],"wp:term":[{"taxonomy":"product_brand","embeddable":true,"href":"https:\/\/medinstrus.lt\/es\/wp-json\/wp\/v2\/product_brand?post=3333"},{"taxonomy":"product_cat","embeddable":true,"href":"https:\/\/medinstrus.lt\/es\/wp-json\/wp\/v2\/product_cat?post=3333"},{"taxonomy":"product_tag","embeddable":true,"href":"https:\/\/medinstrus.lt\/es\/wp-json\/wp\/v2\/product_tag?post=3333"}],"curies":[{"name":"wp","href":"https:\/\/api.w.org\/{rel}","templated":true}]}}