{"id":3601,"date":"2024-04-16T13:24:35","date_gmt":"2024-04-16T10:24:35","guid":{"rendered":"https:\/\/medinstrus.lt\/hazte-socio\/"},"modified":"2024-04-16T13:24:35","modified_gmt":"2024-04-16T10:24:35","slug":"hazte-socio","status":"publish","type":"page","link":"https:\/\/medinstrus.lt\/es\/hazte-socio\/","title":{"rendered":"Hazte socio"},"content":{"rendered":"<h5 style=\"font-weight: 400;\"><span style=\"color: #828b8b;\">Hazte socio<\/span><\/h5>\n<h2>En nuestra empresa, damos prioridad al cultivo de asociaciones duraderas con cada uno de nuestros distribuidores.<\/h2>\n<p>Dedicados a facilitar el crecimiento y la prosperidad de sus negocios. Nuestro enfoque va m\u00e1s all\u00e1 de la simple entrega de productos y accesorios superiores, tambi\u00e9n hacemos hincapi\u00e9 en equipar a nuestros socios con las herramientas necesarias para el \u00e9xito. Esto incluye ofrecer materiales promocionales de alto calibre y prestar un apoyo inquebrantable a trav\u00e9s de diversos canales.  <\/p>\n<p>Ya sea a trav\u00e9s de la asistencia personalizada de nuestro competente equipo de atenci\u00f3n al cliente, la comodidad de nuestra aplicaci\u00f3n para smartphone de f\u00e1cil uso o las oportunidades de participaci\u00f3n que se presentan en nuestras vibrantes plataformas de redes sociales, nos comprometemos a capacitar a nuestros distribuidores en cada paso del camino. Al fomentar estas relaciones de colaboraci\u00f3n, garantizamos el crecimiento y los logros mutuos en el din\u00e1mico panorama del comercio. <\/p>\n","protected":false},"excerpt":{"rendered":"<p>Hazte socio En nuestra empresa, damos prioridad al cultivo de asociaciones duraderas con cada uno de nuestros distribuidores. Dedicados a facilitar el crecimiento y la prosperidad de sus negocios. Nuestro enfoque va m\u00e1s all\u00e1 de la simple entrega de productos y accesorios superiores, tambi\u00e9n hacemos hincapi\u00e9 en equipar a nuestros socios con las herramientas necesarias para el \u00e9xito. Esto incluye ofrecer materiales promocionales de alto calibre y prestar un apoyo inquebrantable a trav\u00e9s de diversos canales. Ya sea a trav\u00e9s&#8230;<\/p>\n","protected":false},"author":1,"featured_media":0,"parent":0,"menu_order":0,"comment_status":"closed","ping_status":"closed","template":"page-templates\/b2b.php","meta":{"_acf_changed":false,"footnotes":""},"class_list":["post-3601","page","type-page","status-publish","hentry"],"acf":[],"yoast_head":"<!-- This site is optimized with the Yoast SEO Premium plugin v27.4 (Yoast SEO v27.4) - https:\/\/yoast.com\/product\/yoast-seo-premium-wordpress\/ -->\n<title>Hazte socio - Medinstrus<\/title>\n<meta name=\"robots\" content=\"index, follow, max-snippet:-1, max-image-preview:large, max-video-preview:-1\" \/>\n<link rel=\"canonical\" href=\"https:\/\/medinstrus.lt\/es\/hazte-socio\/\" \/>\n<meta property=\"og:locale\" content=\"es_ES\" \/>\n<meta property=\"og:type\" content=\"article\" \/>\n<meta property=\"og:title\" content=\"Hazte socio\" \/>\n<meta property=\"og:description\" content=\"Hazte socio En nuestra empresa, damos prioridad al cultivo de asociaciones duraderas con cada uno de nuestros distribuidores. Dedicados a facilitar el crecimiento y la prosperidad de sus negocios. Nuestro enfoque va m\u00e1s all\u00e1 de la simple entrega de productos y accesorios superiores, tambi\u00e9n hacemos hincapi\u00e9 en equipar a nuestros socios con las herramientas necesarias para el \u00e9xito. Esto incluye ofrecer materiales promocionales de alto calibre y prestar un apoyo inquebrantable a trav\u00e9s de diversos canales. Ya sea a trav\u00e9s...\" \/>\n<meta property=\"og:url\" content=\"https:\/\/medinstrus.lt\/es\/hazte-socio\/\" \/>\n<meta property=\"og:site_name\" content=\"Medinstrus\" \/>\n<meta property=\"article:publisher\" content=\"https:\/\/www.facebook.com\/medinstrus\/\" \/>\n<meta name=\"twitter:card\" content=\"summary_large_image\" \/>\n<meta name=\"twitter:label1\" content=\"Tiempo de lectura\" \/>\n\t<meta name=\"twitter:data1\" content=\"1 minuto\" \/>\n<script type=\"application\/ld+json\" class=\"yoast-schema-graph\">{\"@context\":\"https:\\\/\\\/schema.org\",\"@graph\":[{\"@type\":\"WebPage\",\"@id\":\"https:\\\/\\\/medinstrus.lt\\\/es\\\/hazte-socio\\\/\",\"url\":\"https:\\\/\\\/medinstrus.lt\\\/es\\\/hazte-socio\\\/\",\"name\":\"Hazte socio - Medinstrus\",\"isPartOf\":{\"@id\":\"https:\\\/\\\/medinstrus.lt\\\/es\\\/#website\"},\"datePublished\":\"2024-04-16T10:24:35+00:00\",\"breadcrumb\":{\"@id\":\"https:\\\/\\\/medinstrus.lt\\\/es\\\/hazte-socio\\\/#breadcrumb\"},\"inLanguage\":\"es\",\"potentialAction\":[{\"@type\":\"ReadAction\",\"target\":[\"https:\\\/\\\/medinstrus.lt\\\/es\\\/hazte-socio\\\/\"]}]},{\"@type\":\"BreadcrumbList\",\"@id\":\"https:\\\/\\\/medinstrus.lt\\\/es\\\/hazte-socio\\\/#breadcrumb\",\"itemListElement\":[{\"@type\":\"ListItem\",\"position\":1,\"name\":\"Home\",\"item\":\"https:\\\/\\\/medinstrus.lt\\\/es\\\/pagina-de-inicio\\\/\"},{\"@type\":\"ListItem\",\"position\":2,\"name\":\"Hazte socio\"}]},{\"@type\":\"WebSite\",\"@id\":\"https:\\\/\\\/medinstrus.lt\\\/es\\\/#website\",\"url\":\"https:\\\/\\\/medinstrus.lt\\\/es\\\/\",\"name\":\"https:\\\/\\\/medinstrus.com\\\/\",\"description\":\"Simplicity combined with functionality.\",\"publisher\":{\"@id\":\"https:\\\/\\\/medinstrus.lt\\\/es\\\/#organization\"},\"potentialAction\":[{\"@type\":\"SearchAction\",\"target\":{\"@type\":\"EntryPoint\",\"urlTemplate\":\"https:\\\/\\\/medinstrus.lt\\\/es\\\/?s={search_term_string}\"},\"query-input\":{\"@type\":\"PropertyValueSpecification\",\"valueRequired\":true,\"valueName\":\"search_term_string\"}}],\"inLanguage\":\"es\"},{\"@type\":\"Organization\",\"@id\":\"https:\\\/\\\/medinstrus.lt\\\/es\\\/#organization\",\"name\":\"Medinstrus\",\"url\":\"https:\\\/\\\/medinstrus.lt\\\/es\\\/\",\"logo\":{\"@type\":\"ImageObject\",\"inLanguage\":\"es\",\"@id\":\"https:\\\/\\\/medinstrus.lt\\\/es\\\/#\\\/schema\\\/logo\\\/image\\\/\",\"url\":\"https:\\\/\\\/medinstrus.lt\\\/wp-content\\\/uploads\\\/2025\\\/02\\\/Medinstrus-v1.png\",\"contentUrl\":\"https:\\\/\\\/medinstrus.lt\\\/wp-content\\\/uploads\\\/2025\\\/02\\\/Medinstrus-v1.png\",\"width\":723,\"height\":96,\"caption\":\"Medinstrus\"},\"image\":{\"@id\":\"https:\\\/\\\/medinstrus.lt\\\/es\\\/#\\\/schema\\\/logo\\\/image\\\/\"},\"sameAs\":[\"https:\\\/\\\/www.facebook.com\\\/medinstrus\\\/\",\"https:\\\/\\\/www.instagram.com\\\/Medinstrus\"]}]}<\/script>\n<!-- \/ Yoast SEO Premium plugin. -->","yoast_head_json":{"title":"Hazte socio - Medinstrus","robots":{"index":"index","follow":"follow","max-snippet":"max-snippet:-1","max-image-preview":"max-image-preview:large","max-video-preview":"max-video-preview:-1"},"canonical":"https:\/\/medinstrus.lt\/es\/hazte-socio\/","og_locale":"es_ES","og_type":"article","og_title":"Hazte socio","og_description":"Hazte socio En nuestra empresa, damos prioridad al cultivo de asociaciones duraderas con cada uno de nuestros distribuidores. Dedicados a facilitar el crecimiento y la prosperidad de sus negocios. Nuestro enfoque va m\u00e1s all\u00e1 de la simple entrega de productos y accesorios superiores, tambi\u00e9n hacemos hincapi\u00e9 en equipar a nuestros socios con las herramientas necesarias para el \u00e9xito. Esto incluye ofrecer materiales promocionales de alto calibre y prestar un apoyo inquebrantable a trav\u00e9s de diversos canales. Ya sea a trav\u00e9s...","og_url":"https:\/\/medinstrus.lt\/es\/hazte-socio\/","og_site_name":"Medinstrus","article_publisher":"https:\/\/www.facebook.com\/medinstrus\/","twitter_card":"summary_large_image","twitter_misc":{"Tiempo de lectura":"1 minuto"},"schema":{"@context":"https:\/\/schema.org","@graph":[{"@type":"WebPage","@id":"https:\/\/medinstrus.lt\/es\/hazte-socio\/","url":"https:\/\/medinstrus.lt\/es\/hazte-socio\/","name":"Hazte socio - Medinstrus","isPartOf":{"@id":"https:\/\/medinstrus.lt\/es\/#website"},"datePublished":"2024-04-16T10:24:35+00:00","breadcrumb":{"@id":"https:\/\/medinstrus.lt\/es\/hazte-socio\/#breadcrumb"},"inLanguage":"es","potentialAction":[{"@type":"ReadAction","target":["https:\/\/medinstrus.lt\/es\/hazte-socio\/"]}]},{"@type":"BreadcrumbList","@id":"https:\/\/medinstrus.lt\/es\/hazte-socio\/#breadcrumb","itemListElement":[{"@type":"ListItem","position":1,"name":"Home","item":"https:\/\/medinstrus.lt\/es\/pagina-de-inicio\/"},{"@type":"ListItem","position":2,"name":"Hazte socio"}]},{"@type":"WebSite","@id":"https:\/\/medinstrus.lt\/es\/#website","url":"https:\/\/medinstrus.lt\/es\/","name":"https:\/\/medinstrus.com\/","description":"Simplicity combined with functionality.","publisher":{"@id":"https:\/\/medinstrus.lt\/es\/#organization"},"potentialAction":[{"@type":"SearchAction","target":{"@type":"EntryPoint","urlTemplate":"https:\/\/medinstrus.lt\/es\/?s={search_term_string}"},"query-input":{"@type":"PropertyValueSpecification","valueRequired":true,"valueName":"search_term_string"}}],"inLanguage":"es"},{"@type":"Organization","@id":"https:\/\/medinstrus.lt\/es\/#organization","name":"Medinstrus","url":"https:\/\/medinstrus.lt\/es\/","logo":{"@type":"ImageObject","inLanguage":"es","@id":"https:\/\/medinstrus.lt\/es\/#\/schema\/logo\/image\/","url":"https:\/\/medinstrus.lt\/wp-content\/uploads\/2025\/02\/Medinstrus-v1.png","contentUrl":"https:\/\/medinstrus.lt\/wp-content\/uploads\/2025\/02\/Medinstrus-v1.png","width":723,"height":96,"caption":"Medinstrus"},"image":{"@id":"https:\/\/medinstrus.lt\/es\/#\/schema\/logo\/image\/"},"sameAs":["https:\/\/www.facebook.com\/medinstrus\/","https:\/\/www.instagram.com\/Medinstrus"]}]}},"_links":{"self":[{"href":"https:\/\/medinstrus.lt\/es\/wp-json\/wp\/v2\/pages\/3601","targetHints":{"allow":["GET"]}}],"collection":[{"href":"https:\/\/medinstrus.lt\/es\/wp-json\/wp\/v2\/pages"}],"about":[{"href":"https:\/\/medinstrus.lt\/es\/wp-json\/wp\/v2\/types\/page"}],"author":[{"embeddable":true,"href":"https:\/\/medinstrus.lt\/es\/wp-json\/wp\/v2\/users\/1"}],"replies":[{"embeddable":true,"href":"https:\/\/medinstrus.lt\/es\/wp-json\/wp\/v2\/comments?post=3601"}],"version-history":[{"count":0,"href":"https:\/\/medinstrus.lt\/es\/wp-json\/wp\/v2\/pages\/3601\/revisions"}],"wp:attachment":[{"href":"https:\/\/medinstrus.lt\/es\/wp-json\/wp\/v2\/media?parent=3601"}],"curies":[{"name":"wp","href":"https:\/\/api.w.org\/{rel}","templated":true}]}}