{"id":3462,"date":"2024-10-30T19:56:11","date_gmt":"2024-10-30T17:56:11","guid":{"rendered":"https:\/\/medinstrus.lt\/proyecto-ue\/"},"modified":"2024-10-30T19:56:11","modified_gmt":"2024-10-30T17:56:11","slug":"proyecto-ue","status":"publish","type":"page","link":"https:\/\/medinstrus.lt\/es\/proyecto-ue\/","title":{"rendered":"Proyecto UE"},"content":{"rendered":"<p><img loading=\"lazy\" decoding=\"async\" class=\"alignnone size-medium wp-image-1078\" src=\"https:\/\/medinstrus.lt\/wp-content\/uploads\/2024\/10\/es-parama-Picture-1-300x63.jpg\" alt=\"\" width=\"300\" height=\"63\" srcset=\"https:\/\/medinstrus.lt\/wp-content\/uploads\/2024\/10\/es-parama-Picture-1-300x63.jpg 300w, https:\/\/medinstrus.lt\/wp-content\/uploads\/2024\/10\/es-parama-Picture-1-1024x217.jpg 1024w, https:\/\/medinstrus.lt\/wp-content\/uploads\/2024\/10\/es-parama-Picture-1-768x162.jpg 768w, https:\/\/medinstrus.lt\/wp-content\/uploads\/2024\/10\/es-parama-Picture-1.jpg 1300w\" sizes=\"auto, (max-width: 300px) 100vw, 300px\" \/><\/p>\n<p>UAB \u00abMedinstrus\u00bb \u012fgyvendina projekt\u0105 \u00abUAB \u00abMedinstrus\u00bb eksporto rink\u0173 pl\u0117tra dalyvaujant parodose ir sertifikuojant produkcij\u0105\u00bb. Projekto veiklos nukreiptos UAB \u00abMedinstrus\u00bb produkcijos eksporto skatinimui, nauj\u0173 eksporto rink\u0173 paie\u0161kai ir jau esam\u0173 rink\u0173 pl\u0117trai, \u012fmon\u0117s konkurencingumo didinimui. <\/p>\n<p>Projektas \u012fgyvendinamas pagal 2022-2030 met\u0173 pl\u0117tros programos valdytojos Lietuvos Respublikos Ekonomikos ir inovacij\u0173 ministerijos Ekonomikos transformacijos ir konkurencingumo pl\u0117tros programos pa\u017eangos priemon\u0117s Nr. 05-001-01-11-04 \u00ab\u012egyvendinti eksporto konkurencingumo augim\u0105 skatinan\u010dias priemones\u00bb veikl\u0105 \u00abMV\u012e veiklos tarptauti\u0161kumo ir nauj\u0173 eksporto rink\u0173 identifikavimo veikl\u0173 skatinimas (Vidurio ir vakar\u0173 Lietuvos regionas)\u00bb<\/p>\n<p>Bendra projekto vert\u0117 148 376 Eur, i\u0161 kuri\u0173 74 188 Eur skirta i\u0161 Europos regionin\u0117s pl\u0117tros fondo.<\/p>\n<p>Projekto veikl\u0173 \u012fgyvendinimo trukm\u0117 nuo 2024 sausio iki 2026 spalio.<\/p>\n<p>M\u00e1s informaci\u00f3n: www.esinvesticijos.lt<\/p>\n","protected":false},"excerpt":{"rendered":"<p>UAB \u00abMedinstrus\u00bb \u012fgyvendina projekt\u0105 \u00abUAB \u00abMedinstrus\u00bb eksporto rink\u0173 pl\u0117tra dalyvaujant parodose ir sertifikuojant produkcij\u0105\u00bb. Projekto veiklos nukreiptos UAB \u00abMedinstrus\u00bb produkcijos eksporto skatinimui, nauj\u0173 eksporto rink\u0173 paie\u0161kai ir jau esam\u0173 rink\u0173 pl\u0117trai, \u012fmon\u0117s konkurencingumo didinimui. Projektas \u012fgyvendinamas pagal 2022-2030 met\u0173 pl\u0117tros programos valdytojos Lietuvos Respublikos Ekonomikos ir inovacij\u0173 ministerijos Ekonomikos transformacijos ir konkurencingumo pl\u0117tros programos pa\u017eangos priemon\u0117s Nr. 05-001-01-11-04 \u00ab\u012egyvendinti eksporto konkurencingumo augim\u0105 skatinan\u010dias priemones\u00bb veikl\u0105 \u00abMV\u012e veiklos tarptauti\u0161kumo ir nauj\u0173 eksporto rink\u0173 identifikavimo veikl\u0173 skatinimas (Vidurio ir vakar\u0173 Lietuvos regionas)\u00bb&#8230;<\/p>\n","protected":false},"author":2,"featured_media":0,"parent":0,"menu_order":0,"comment_status":"closed","ping_status":"closed","template":"","meta":{"_acf_changed":false,"footnotes":""},"class_list":["post-3462","page","type-page","status-publish","hentry"],"acf":[],"yoast_head":"<!-- This site is optimized with the Yoast SEO Premium plugin v27.4 (Yoast SEO v27.4) - https:\/\/yoast.com\/product\/yoast-seo-premium-wordpress\/ -->\n<title>Proyecto UE - Medinstrus<\/title>\n<meta name=\"robots\" content=\"index, follow, max-snippet:-1, max-image-preview:large, max-video-preview:-1\" \/>\n<link rel=\"canonical\" href=\"https:\/\/medinstrus.lt\/es\/proyecto-ue\/\" \/>\n<meta property=\"og:locale\" content=\"es_ES\" \/>\n<meta property=\"og:type\" content=\"article\" \/>\n<meta property=\"og:title\" content=\"Proyecto UE\" \/>\n<meta property=\"og:description\" content=\"UAB \u00abMedinstrus\u00bb \u012fgyvendina projekt\u0105 \u00abUAB \u00abMedinstrus\u00bb eksporto rink\u0173 pl\u0117tra dalyvaujant parodose ir sertifikuojant produkcij\u0105\u00bb. Projekto veiklos nukreiptos UAB \u00abMedinstrus\u00bb produkcijos eksporto skatinimui, nauj\u0173 eksporto rink\u0173 paie\u0161kai ir jau esam\u0173 rink\u0173 pl\u0117trai, \u012fmon\u0117s konkurencingumo didinimui. Projektas \u012fgyvendinamas pagal 2022-2030 met\u0173 pl\u0117tros programos valdytojos Lietuvos Respublikos Ekonomikos ir inovacij\u0173 ministerijos Ekonomikos transformacijos ir konkurencingumo pl\u0117tros programos pa\u017eangos priemon\u0117s Nr. 05-001-01-11-04 \u00ab\u012egyvendinti eksporto konkurencingumo augim\u0105 skatinan\u010dias priemones\u00bb veikl\u0105 \u00abMV\u012e veiklos tarptauti\u0161kumo ir nauj\u0173 eksporto rink\u0173 identifikavimo veikl\u0173 skatinimas (Vidurio ir vakar\u0173 Lietuvos regionas)\u00bb...\" \/>\n<meta property=\"og:url\" content=\"https:\/\/medinstrus.lt\/es\/proyecto-ue\/\" \/>\n<meta property=\"og:site_name\" content=\"Medinstrus\" \/>\n<meta property=\"article:publisher\" content=\"https:\/\/www.facebook.com\/medinstrus\/\" \/>\n<meta property=\"og:image\" content=\"https:\/\/medinstrus.lt\/wp-content\/uploads\/2024\/10\/es-parama-Picture-1.jpg\" \/>\n\t<meta property=\"og:image:width\" content=\"1300\" \/>\n\t<meta property=\"og:image:height\" content=\"275\" \/>\n\t<meta property=\"og:image:type\" content=\"image\/jpeg\" \/>\n<meta name=\"twitter:card\" content=\"summary_large_image\" \/>\n<meta name=\"twitter:label1\" content=\"Tiempo de lectura\" \/>\n\t<meta name=\"twitter:data1\" content=\"1 minuto\" \/>\n<script type=\"application\/ld+json\" class=\"yoast-schema-graph\">{\"@context\":\"https:\\\/\\\/schema.org\",\"@graph\":[{\"@type\":\"WebPage\",\"@id\":\"https:\\\/\\\/medinstrus.lt\\\/es\\\/proyecto-ue\\\/\",\"url\":\"https:\\\/\\\/medinstrus.lt\\\/es\\\/proyecto-ue\\\/\",\"name\":\"Proyecto UE - Medinstrus\",\"isPartOf\":{\"@id\":\"https:\\\/\\\/medinstrus.lt\\\/es\\\/#website\"},\"primaryImageOfPage\":{\"@id\":\"https:\\\/\\\/medinstrus.lt\\\/es\\\/proyecto-ue\\\/#primaryimage\"},\"image\":{\"@id\":\"https:\\\/\\\/medinstrus.lt\\\/es\\\/proyecto-ue\\\/#primaryimage\"},\"thumbnailUrl\":\"https:\\\/\\\/medinstrus.lt\\\/wp-content\\\/uploads\\\/2024\\\/10\\\/es-parama-Picture-1-300x63.jpg\",\"datePublished\":\"2024-10-30T17:56:11+00:00\",\"breadcrumb\":{\"@id\":\"https:\\\/\\\/medinstrus.lt\\\/es\\\/proyecto-ue\\\/#breadcrumb\"},\"inLanguage\":\"es\",\"potentialAction\":[{\"@type\":\"ReadAction\",\"target\":[\"https:\\\/\\\/medinstrus.lt\\\/es\\\/proyecto-ue\\\/\"]}]},{\"@type\":\"ImageObject\",\"inLanguage\":\"es\",\"@id\":\"https:\\\/\\\/medinstrus.lt\\\/es\\\/proyecto-ue\\\/#primaryimage\",\"url\":\"https:\\\/\\\/medinstrus.lt\\\/wp-content\\\/uploads\\\/2024\\\/10\\\/es-parama-Picture-1-300x63.jpg\",\"contentUrl\":\"https:\\\/\\\/medinstrus.lt\\\/wp-content\\\/uploads\\\/2024\\\/10\\\/es-parama-Picture-1-300x63.jpg\"},{\"@type\":\"BreadcrumbList\",\"@id\":\"https:\\\/\\\/medinstrus.lt\\\/es\\\/proyecto-ue\\\/#breadcrumb\",\"itemListElement\":[{\"@type\":\"ListItem\",\"position\":1,\"name\":\"Home\",\"item\":\"https:\\\/\\\/medinstrus.lt\\\/es\\\/pagina-de-inicio\\\/\"},{\"@type\":\"ListItem\",\"position\":2,\"name\":\"Proyecto UE\"}]},{\"@type\":\"WebSite\",\"@id\":\"https:\\\/\\\/medinstrus.lt\\\/es\\\/#website\",\"url\":\"https:\\\/\\\/medinstrus.lt\\\/es\\\/\",\"name\":\"https:\\\/\\\/medinstrus.com\\\/\",\"description\":\"Simplicity combined with functionality.\",\"publisher\":{\"@id\":\"https:\\\/\\\/medinstrus.lt\\\/es\\\/#organization\"},\"potentialAction\":[{\"@type\":\"SearchAction\",\"target\":{\"@type\":\"EntryPoint\",\"urlTemplate\":\"https:\\\/\\\/medinstrus.lt\\\/es\\\/?s={search_term_string}\"},\"query-input\":{\"@type\":\"PropertyValueSpecification\",\"valueRequired\":true,\"valueName\":\"search_term_string\"}}],\"inLanguage\":\"es\"},{\"@type\":\"Organization\",\"@id\":\"https:\\\/\\\/medinstrus.lt\\\/es\\\/#organization\",\"name\":\"Medinstrus\",\"url\":\"https:\\\/\\\/medinstrus.lt\\\/es\\\/\",\"logo\":{\"@type\":\"ImageObject\",\"inLanguage\":\"es\",\"@id\":\"https:\\\/\\\/medinstrus.lt\\\/es\\\/#\\\/schema\\\/logo\\\/image\\\/\",\"url\":\"https:\\\/\\\/medinstrus.lt\\\/wp-content\\\/uploads\\\/2025\\\/02\\\/Medinstrus-v1.png\",\"contentUrl\":\"https:\\\/\\\/medinstrus.lt\\\/wp-content\\\/uploads\\\/2025\\\/02\\\/Medinstrus-v1.png\",\"width\":723,\"height\":96,\"caption\":\"Medinstrus\"},\"image\":{\"@id\":\"https:\\\/\\\/medinstrus.lt\\\/es\\\/#\\\/schema\\\/logo\\\/image\\\/\"},\"sameAs\":[\"https:\\\/\\\/www.facebook.com\\\/medinstrus\\\/\",\"https:\\\/\\\/www.instagram.com\\\/Medinstrus\"]}]}<\/script>\n<!-- \/ Yoast SEO Premium plugin. -->","yoast_head_json":{"title":"Proyecto UE - Medinstrus","robots":{"index":"index","follow":"follow","max-snippet":"max-snippet:-1","max-image-preview":"max-image-preview:large","max-video-preview":"max-video-preview:-1"},"canonical":"https:\/\/medinstrus.lt\/es\/proyecto-ue\/","og_locale":"es_ES","og_type":"article","og_title":"Proyecto UE","og_description":"UAB \u00abMedinstrus\u00bb \u012fgyvendina projekt\u0105 \u00abUAB \u00abMedinstrus\u00bb eksporto rink\u0173 pl\u0117tra dalyvaujant parodose ir sertifikuojant produkcij\u0105\u00bb. Projekto veiklos nukreiptos UAB \u00abMedinstrus\u00bb produkcijos eksporto skatinimui, nauj\u0173 eksporto rink\u0173 paie\u0161kai ir jau esam\u0173 rink\u0173 pl\u0117trai, \u012fmon\u0117s konkurencingumo didinimui. Projektas \u012fgyvendinamas pagal 2022-2030 met\u0173 pl\u0117tros programos valdytojos Lietuvos Respublikos Ekonomikos ir inovacij\u0173 ministerijos Ekonomikos transformacijos ir konkurencingumo pl\u0117tros programos pa\u017eangos priemon\u0117s Nr. 05-001-01-11-04 \u00ab\u012egyvendinti eksporto konkurencingumo augim\u0105 skatinan\u010dias priemones\u00bb veikl\u0105 \u00abMV\u012e veiklos tarptauti\u0161kumo ir nauj\u0173 eksporto rink\u0173 identifikavimo veikl\u0173 skatinimas (Vidurio ir vakar\u0173 Lietuvos regionas)\u00bb...","og_url":"https:\/\/medinstrus.lt\/es\/proyecto-ue\/","og_site_name":"Medinstrus","article_publisher":"https:\/\/www.facebook.com\/medinstrus\/","og_image":[{"width":1300,"height":275,"url":"https:\/\/medinstrus.lt\/wp-content\/uploads\/2024\/10\/es-parama-Picture-1.jpg","type":"image\/jpeg"}],"twitter_card":"summary_large_image","twitter_misc":{"Tiempo de lectura":"1 minuto"},"schema":{"@context":"https:\/\/schema.org","@graph":[{"@type":"WebPage","@id":"https:\/\/medinstrus.lt\/es\/proyecto-ue\/","url":"https:\/\/medinstrus.lt\/es\/proyecto-ue\/","name":"Proyecto UE - Medinstrus","isPartOf":{"@id":"https:\/\/medinstrus.lt\/es\/#website"},"primaryImageOfPage":{"@id":"https:\/\/medinstrus.lt\/es\/proyecto-ue\/#primaryimage"},"image":{"@id":"https:\/\/medinstrus.lt\/es\/proyecto-ue\/#primaryimage"},"thumbnailUrl":"https:\/\/medinstrus.lt\/wp-content\/uploads\/2024\/10\/es-parama-Picture-1-300x63.jpg","datePublished":"2024-10-30T17:56:11+00:00","breadcrumb":{"@id":"https:\/\/medinstrus.lt\/es\/proyecto-ue\/#breadcrumb"},"inLanguage":"es","potentialAction":[{"@type":"ReadAction","target":["https:\/\/medinstrus.lt\/es\/proyecto-ue\/"]}]},{"@type":"ImageObject","inLanguage":"es","@id":"https:\/\/medinstrus.lt\/es\/proyecto-ue\/#primaryimage","url":"https:\/\/medinstrus.lt\/wp-content\/uploads\/2024\/10\/es-parama-Picture-1-300x63.jpg","contentUrl":"https:\/\/medinstrus.lt\/wp-content\/uploads\/2024\/10\/es-parama-Picture-1-300x63.jpg"},{"@type":"BreadcrumbList","@id":"https:\/\/medinstrus.lt\/es\/proyecto-ue\/#breadcrumb","itemListElement":[{"@type":"ListItem","position":1,"name":"Home","item":"https:\/\/medinstrus.lt\/es\/pagina-de-inicio\/"},{"@type":"ListItem","position":2,"name":"Proyecto UE"}]},{"@type":"WebSite","@id":"https:\/\/medinstrus.lt\/es\/#website","url":"https:\/\/medinstrus.lt\/es\/","name":"https:\/\/medinstrus.com\/","description":"Simplicity combined with functionality.","publisher":{"@id":"https:\/\/medinstrus.lt\/es\/#organization"},"potentialAction":[{"@type":"SearchAction","target":{"@type":"EntryPoint","urlTemplate":"https:\/\/medinstrus.lt\/es\/?s={search_term_string}"},"query-input":{"@type":"PropertyValueSpecification","valueRequired":true,"valueName":"search_term_string"}}],"inLanguage":"es"},{"@type":"Organization","@id":"https:\/\/medinstrus.lt\/es\/#organization","name":"Medinstrus","url":"https:\/\/medinstrus.lt\/es\/","logo":{"@type":"ImageObject","inLanguage":"es","@id":"https:\/\/medinstrus.lt\/es\/#\/schema\/logo\/image\/","url":"https:\/\/medinstrus.lt\/wp-content\/uploads\/2025\/02\/Medinstrus-v1.png","contentUrl":"https:\/\/medinstrus.lt\/wp-content\/uploads\/2025\/02\/Medinstrus-v1.png","width":723,"height":96,"caption":"Medinstrus"},"image":{"@id":"https:\/\/medinstrus.lt\/es\/#\/schema\/logo\/image\/"},"sameAs":["https:\/\/www.facebook.com\/medinstrus\/","https:\/\/www.instagram.com\/Medinstrus"]}]}},"_links":{"self":[{"href":"https:\/\/medinstrus.lt\/es\/wp-json\/wp\/v2\/pages\/3462","targetHints":{"allow":["GET"]}}],"collection":[{"href":"https:\/\/medinstrus.lt\/es\/wp-json\/wp\/v2\/pages"}],"about":[{"href":"https:\/\/medinstrus.lt\/es\/wp-json\/wp\/v2\/types\/page"}],"author":[{"embeddable":true,"href":"https:\/\/medinstrus.lt\/es\/wp-json\/wp\/v2\/users\/2"}],"replies":[{"embeddable":true,"href":"https:\/\/medinstrus.lt\/es\/wp-json\/wp\/v2\/comments?post=3462"}],"version-history":[{"count":0,"href":"https:\/\/medinstrus.lt\/es\/wp-json\/wp\/v2\/pages\/3462\/revisions"}],"wp:attachment":[{"href":"https:\/\/medinstrus.lt\/es\/wp-json\/wp\/v2\/media?parent=3462"}],"curies":[{"name":"wp","href":"https:\/\/api.w.org\/{rel}","templated":true}]}}