{"id":3459,"date":"2024-10-30T19:49:58","date_gmt":"2024-10-30T17:49:58","guid":{"rendered":"https:\/\/medinstrus.lt\/politica-de-calidad\/"},"modified":"2024-10-30T19:49:58","modified_gmt":"2024-10-30T17:49:58","slug":"politica-de-calidad","status":"publish","type":"page","link":"https:\/\/medinstrus.lt\/es\/politica-de-calidad\/","title":{"rendered":"Pol\u00edtica de calidad"},"content":{"rendered":"<p><strong>Medinstrus<\/strong> &#8211; Fabricante de equipos m\u00e9dicos profesionales, desde 2001. Nuestra actividad principal &#8211; fabricaci\u00f3n, instalaci\u00f3n y mantenimiento de equipos y mobiliario oft\u00e1lmico. <\/p>\n<p><strong>Misi\u00f3n Medinstrus<\/strong><\/p>\n<p>Ofrecer constantemente innovaciones en el campo de los equipos oftalmol\u00f3gicos, para contribuir a una asistencia sanitaria avanzada y de alto nivel.<\/p>\n<p><strong>Visi\u00f3n Medinstrus<\/strong><\/p>\n<p>Fabricante l\u00edder y reconocido en Europa de equipos y mobiliario oftalmol\u00f3gico, reconocible y distinguido por su alta calidad, fiabilidad y durabilidad.<\/p>\n<p><strong>Principios de funcionamiento<\/strong><\/p>\n<p><strong>LLAMA<\/strong><strong>A<\/strong><br \/><strong>Ll\u00e1manos<\/strong>: estamos siempre aqu\u00ed, dispuestos a resolver todas tus tareas.<\/p>\n<p><strong>CONF\u00cdA<\/strong><br \/><strong>Mantenemos nuestra palabra<\/strong>: asumimos la responsabilidad personal de nuestro trabajo de principio a fin.<\/p>\n<p><strong>HECHO<\/strong><br \/><strong>Somos flexibles<\/strong>: satisfacemos las necesidades individuales de los clientes, escuchamos sus ofertas y expectativas.<br \/><strong>Innovaciones: nuestro d\u00eda a d\u00eda<\/strong>. Cada minuto pensamos qu\u00e9 innovaciones podemos crear, qu\u00e9 podemos hacer mejor, c\u00f3mo mejorar los productos existentes. <\/p>\n<p>Para satisfacer las expectativas de las partes interesadas, hemos implantado un sistema de gesti\u00f3n de la calidad que cumple los requisitos de la norma ISO 9001. Teniendo esto en cuenta, nos comprometemos a <\/p>\n<ul>\n<li>Aplica esta pol\u00edtica de calidad dentro y fuera de la empresa;<\/li>\n<li>Desarrollar relaciones a largo plazo y mutuamente beneficiosas con los clientes;<\/li>\n<li>Mejorar continuamente el sistema de gesti\u00f3n de la calidad.<\/li>\n<\/ul>\n<p>La pol\u00edtica de calidad se revisa constantemente, es accesible a todas las partes interesadas, es conocida y comprendida por todos los empleados y personas que trabajan en nombre de la empresa.<\/p>\n","protected":false},"excerpt":{"rendered":"<p>Medinstrus &#8211; Fabricante de equipos m\u00e9dicos profesionales, desde 2001. Nuestra actividad principal &#8211; fabricaci\u00f3n, instalaci\u00f3n y mantenimiento de equipos y mobiliario oft\u00e1lmico. Misi\u00f3n Medinstrus Ofrecer constantemente innovaciones en el campo de los equipos oftalmol\u00f3gicos, para contribuir a una asistencia sanitaria avanzada y de alto nivel. Visi\u00f3n Medinstrus Fabricante l\u00edder y reconocido en Europa de equipos y mobiliario oftalmol\u00f3gico, reconocible y distinguido por su alta calidad, fiabilidad y durabilidad. Principios de funcionamiento LLAMAALl\u00e1manos: estamos siempre aqu\u00ed, dispuestos a resolver todas tus&#8230;<\/p>\n","protected":false},"author":2,"featured_media":0,"parent":0,"menu_order":0,"comment_status":"closed","ping_status":"closed","template":"","meta":{"_acf_changed":false,"footnotes":""},"class_list":["post-3459","page","type-page","status-publish","hentry"],"acf":[],"yoast_head":"<!-- This site is optimized with the Yoast SEO Premium plugin v27.4 (Yoast SEO v27.4) - https:\/\/yoast.com\/product\/yoast-seo-premium-wordpress\/ -->\n<title>Pol\u00edtica de calidad - Medinstrus<\/title>\n<meta name=\"robots\" content=\"index, follow, max-snippet:-1, max-image-preview:large, max-video-preview:-1\" \/>\n<link rel=\"canonical\" href=\"https:\/\/medinstrus.lt\/es\/politica-de-calidad\/\" \/>\n<meta property=\"og:locale\" content=\"es_ES\" \/>\n<meta property=\"og:type\" content=\"article\" \/>\n<meta property=\"og:title\" content=\"Pol\u00edtica de calidad\" \/>\n<meta property=\"og:description\" content=\"Medinstrus &#8211; Fabricante de equipos m\u00e9dicos profesionales, desde 2001. Nuestra actividad principal &#8211; fabricaci\u00f3n, instalaci\u00f3n y mantenimiento de equipos y mobiliario oft\u00e1lmico. Misi\u00f3n Medinstrus Ofrecer constantemente innovaciones en el campo de los equipos oftalmol\u00f3gicos, para contribuir a una asistencia sanitaria avanzada y de alto nivel. Visi\u00f3n Medinstrus Fabricante l\u00edder y reconocido en Europa de equipos y mobiliario oftalmol\u00f3gico, reconocible y distinguido por su alta calidad, fiabilidad y durabilidad. Principios de funcionamiento LLAMAALl\u00e1manos: estamos siempre aqu\u00ed, dispuestos a resolver todas tus...\" \/>\n<meta property=\"og:url\" content=\"https:\/\/medinstrus.lt\/es\/politica-de-calidad\/\" \/>\n<meta property=\"og:site_name\" content=\"Medinstrus\" \/>\n<meta property=\"article:publisher\" content=\"https:\/\/www.facebook.com\/medinstrus\/\" \/>\n<meta name=\"twitter:card\" content=\"summary_large_image\" \/>\n<meta name=\"twitter:label1\" content=\"Tiempo de lectura\" \/>\n\t<meta name=\"twitter:data1\" content=\"1 minuto\" \/>\n<script type=\"application\/ld+json\" class=\"yoast-schema-graph\">{\"@context\":\"https:\\\/\\\/schema.org\",\"@graph\":[{\"@type\":\"WebPage\",\"@id\":\"https:\\\/\\\/medinstrus.lt\\\/es\\\/politica-de-calidad\\\/\",\"url\":\"https:\\\/\\\/medinstrus.lt\\\/es\\\/politica-de-calidad\\\/\",\"name\":\"Pol\u00edtica de calidad - Medinstrus\",\"isPartOf\":{\"@id\":\"https:\\\/\\\/medinstrus.lt\\\/es\\\/#website\"},\"datePublished\":\"2024-10-30T17:49:58+00:00\",\"breadcrumb\":{\"@id\":\"https:\\\/\\\/medinstrus.lt\\\/es\\\/politica-de-calidad\\\/#breadcrumb\"},\"inLanguage\":\"es\",\"potentialAction\":[{\"@type\":\"ReadAction\",\"target\":[\"https:\\\/\\\/medinstrus.lt\\\/es\\\/politica-de-calidad\\\/\"]}]},{\"@type\":\"BreadcrumbList\",\"@id\":\"https:\\\/\\\/medinstrus.lt\\\/es\\\/politica-de-calidad\\\/#breadcrumb\",\"itemListElement\":[{\"@type\":\"ListItem\",\"position\":1,\"name\":\"Home\",\"item\":\"https:\\\/\\\/medinstrus.lt\\\/es\\\/pagina-de-inicio\\\/\"},{\"@type\":\"ListItem\",\"position\":2,\"name\":\"Pol\u00edtica de calidad\"}]},{\"@type\":\"WebSite\",\"@id\":\"https:\\\/\\\/medinstrus.lt\\\/es\\\/#website\",\"url\":\"https:\\\/\\\/medinstrus.lt\\\/es\\\/\",\"name\":\"https:\\\/\\\/medinstrus.com\\\/\",\"description\":\"Simplicity combined with functionality.\",\"publisher\":{\"@id\":\"https:\\\/\\\/medinstrus.lt\\\/es\\\/#organization\"},\"potentialAction\":[{\"@type\":\"SearchAction\",\"target\":{\"@type\":\"EntryPoint\",\"urlTemplate\":\"https:\\\/\\\/medinstrus.lt\\\/es\\\/?s={search_term_string}\"},\"query-input\":{\"@type\":\"PropertyValueSpecification\",\"valueRequired\":true,\"valueName\":\"search_term_string\"}}],\"inLanguage\":\"es\"},{\"@type\":\"Organization\",\"@id\":\"https:\\\/\\\/medinstrus.lt\\\/es\\\/#organization\",\"name\":\"Medinstrus\",\"url\":\"https:\\\/\\\/medinstrus.lt\\\/es\\\/\",\"logo\":{\"@type\":\"ImageObject\",\"inLanguage\":\"es\",\"@id\":\"https:\\\/\\\/medinstrus.lt\\\/es\\\/#\\\/schema\\\/logo\\\/image\\\/\",\"url\":\"https:\\\/\\\/medinstrus.lt\\\/wp-content\\\/uploads\\\/2025\\\/02\\\/Medinstrus-v1.png\",\"contentUrl\":\"https:\\\/\\\/medinstrus.lt\\\/wp-content\\\/uploads\\\/2025\\\/02\\\/Medinstrus-v1.png\",\"width\":723,\"height\":96,\"caption\":\"Medinstrus\"},\"image\":{\"@id\":\"https:\\\/\\\/medinstrus.lt\\\/es\\\/#\\\/schema\\\/logo\\\/image\\\/\"},\"sameAs\":[\"https:\\\/\\\/www.facebook.com\\\/medinstrus\\\/\",\"https:\\\/\\\/www.instagram.com\\\/Medinstrus\"]}]}<\/script>\n<!-- \/ Yoast SEO Premium plugin. -->","yoast_head_json":{"title":"Pol\u00edtica de calidad - Medinstrus","robots":{"index":"index","follow":"follow","max-snippet":"max-snippet:-1","max-image-preview":"max-image-preview:large","max-video-preview":"max-video-preview:-1"},"canonical":"https:\/\/medinstrus.lt\/es\/politica-de-calidad\/","og_locale":"es_ES","og_type":"article","og_title":"Pol\u00edtica de calidad","og_description":"Medinstrus &#8211; Fabricante de equipos m\u00e9dicos profesionales, desde 2001. Nuestra actividad principal &#8211; fabricaci\u00f3n, instalaci\u00f3n y mantenimiento de equipos y mobiliario oft\u00e1lmico. Misi\u00f3n Medinstrus Ofrecer constantemente innovaciones en el campo de los equipos oftalmol\u00f3gicos, para contribuir a una asistencia sanitaria avanzada y de alto nivel. Visi\u00f3n Medinstrus Fabricante l\u00edder y reconocido en Europa de equipos y mobiliario oftalmol\u00f3gico, reconocible y distinguido por su alta calidad, fiabilidad y durabilidad. Principios de funcionamiento LLAMAALl\u00e1manos: estamos siempre aqu\u00ed, dispuestos a resolver todas tus...","og_url":"https:\/\/medinstrus.lt\/es\/politica-de-calidad\/","og_site_name":"Medinstrus","article_publisher":"https:\/\/www.facebook.com\/medinstrus\/","twitter_card":"summary_large_image","twitter_misc":{"Tiempo de lectura":"1 minuto"},"schema":{"@context":"https:\/\/schema.org","@graph":[{"@type":"WebPage","@id":"https:\/\/medinstrus.lt\/es\/politica-de-calidad\/","url":"https:\/\/medinstrus.lt\/es\/politica-de-calidad\/","name":"Pol\u00edtica de calidad - Medinstrus","isPartOf":{"@id":"https:\/\/medinstrus.lt\/es\/#website"},"datePublished":"2024-10-30T17:49:58+00:00","breadcrumb":{"@id":"https:\/\/medinstrus.lt\/es\/politica-de-calidad\/#breadcrumb"},"inLanguage":"es","potentialAction":[{"@type":"ReadAction","target":["https:\/\/medinstrus.lt\/es\/politica-de-calidad\/"]}]},{"@type":"BreadcrumbList","@id":"https:\/\/medinstrus.lt\/es\/politica-de-calidad\/#breadcrumb","itemListElement":[{"@type":"ListItem","position":1,"name":"Home","item":"https:\/\/medinstrus.lt\/es\/pagina-de-inicio\/"},{"@type":"ListItem","position":2,"name":"Pol\u00edtica de calidad"}]},{"@type":"WebSite","@id":"https:\/\/medinstrus.lt\/es\/#website","url":"https:\/\/medinstrus.lt\/es\/","name":"https:\/\/medinstrus.com\/","description":"Simplicity combined with functionality.","publisher":{"@id":"https:\/\/medinstrus.lt\/es\/#organization"},"potentialAction":[{"@type":"SearchAction","target":{"@type":"EntryPoint","urlTemplate":"https:\/\/medinstrus.lt\/es\/?s={search_term_string}"},"query-input":{"@type":"PropertyValueSpecification","valueRequired":true,"valueName":"search_term_string"}}],"inLanguage":"es"},{"@type":"Organization","@id":"https:\/\/medinstrus.lt\/es\/#organization","name":"Medinstrus","url":"https:\/\/medinstrus.lt\/es\/","logo":{"@type":"ImageObject","inLanguage":"es","@id":"https:\/\/medinstrus.lt\/es\/#\/schema\/logo\/image\/","url":"https:\/\/medinstrus.lt\/wp-content\/uploads\/2025\/02\/Medinstrus-v1.png","contentUrl":"https:\/\/medinstrus.lt\/wp-content\/uploads\/2025\/02\/Medinstrus-v1.png","width":723,"height":96,"caption":"Medinstrus"},"image":{"@id":"https:\/\/medinstrus.lt\/es\/#\/schema\/logo\/image\/"},"sameAs":["https:\/\/www.facebook.com\/medinstrus\/","https:\/\/www.instagram.com\/Medinstrus"]}]}},"_links":{"self":[{"href":"https:\/\/medinstrus.lt\/es\/wp-json\/wp\/v2\/pages\/3459","targetHints":{"allow":["GET"]}}],"collection":[{"href":"https:\/\/medinstrus.lt\/es\/wp-json\/wp\/v2\/pages"}],"about":[{"href":"https:\/\/medinstrus.lt\/es\/wp-json\/wp\/v2\/types\/page"}],"author":[{"embeddable":true,"href":"https:\/\/medinstrus.lt\/es\/wp-json\/wp\/v2\/users\/2"}],"replies":[{"embeddable":true,"href":"https:\/\/medinstrus.lt\/es\/wp-json\/wp\/v2\/comments?post=3459"}],"version-history":[{"count":0,"href":"https:\/\/medinstrus.lt\/es\/wp-json\/wp\/v2\/pages\/3459\/revisions"}],"wp:attachment":[{"href":"https:\/\/medinstrus.lt\/es\/wp-json\/wp\/v2\/media?parent=3459"}],"curies":[{"name":"wp","href":"https:\/\/api.w.org\/{rel}","templated":true}]}}