{"id":3568,"date":"2024-04-23T11:03:24","date_gmt":"2024-04-23T08:03:24","guid":{"rendered":"https:\/\/medinstrus.lt\/product\/mds14\/"},"modified":"2024-04-23T11:03:24","modified_gmt":"2024-04-23T08:03:24","slug":"mds14","status":"publish","type":"product","link":"https:\/\/medinstrus.lt\/de\/produkt\/mds14\/","title":{"rendered":"MDS14"},"content":{"rendered":"<p><strong>Wichtige Merkmale:<\/strong><\/p>\n<ul>\n<li><strong>Erh\u00f6hter Stuhl:<\/strong> Die H\u00f6he des Stuhls kann von 48 cm bis 63 cm (15 cm Hub) eingestellt werden, um den Komfort des Patienten und eine optimale Positionierung w\u00e4hrend der Untersuchung zu gew\u00e4hrleisten.<\/li>\n<li><strong>360\u00b0-Drehung:<\/strong> Der Stuhl kann vollst\u00e4ndig gedreht werden und bietet so Flexibilit\u00e4t bei der Positionierung des Patienten.<\/li>\n<\/ul>\n<p><strong>Feste und verschiebbare Tischplattenoptionen:<\/strong><\/p>\n<ul>\n<li>Das Modell MDS14 verf\u00fcgt \u00fcber einen h\u00f6henverstellbaren Stuhl und eine Tischplatte mit fester H\u00f6he f\u00fcr ein Instrument.<\/li>\n<li>Das Modell MDS14S verf\u00fcgt \u00fcber einen h\u00f6henverstellbaren Stuhl und eine in der H\u00f6he verschiebbare Tischplatte f\u00fcr die Instrumente, die ein effizientes Instrumentenmanagement und eine effiziente Patientenversorgung erm\u00f6glichen.<\/li>\n<\/ul>\n<p><strong>Integrierte Beleuchtung:<\/strong><\/p>\n<ul>\n<li>Ausgestattet mit einer S\u00e4ule mit einer LED-Kopfleuchte mit einstellbarer Beleuchtung f\u00fcr pr\u00e4zise Untersuchungsbedingungen.<\/li>\n<\/ul>\n<p><strong>Chart Projektor Unterst\u00fctzung:<\/strong><\/p>\n<ul>\n<li>Inklusive Unterst\u00fctzung f\u00fcr einen Diagrammprojektor, um umfassende Sehtests zu erm\u00f6glichen.<\/li>\n<\/ul>\n<p><strong>Instrument Power Management:<\/strong><\/p>\n<ul>\n<li>Integrierte, einstellbare Transformatoren f\u00fcr Spaltlampe\/Ophthalmometer, die sicherstellen, dass alle Ihre Ger\u00e4te mit Strom versorgt werden und einsatzbereit sind.<\/li>\n<li>230V-Steckdose f\u00fcr zus\u00e4tzliche Instrumente wie Auto-Objektivmesser und Auto-Phoropter.<\/li>\n<\/ul>\n<p><strong>Anpassungsm\u00f6glichkeiten:<\/strong><\/p>\n<ul>\n<li><strong>Farbauswahl:<\/strong> Das MDS14 ist in verschiedenen Farben f\u00fcr Metallteile und Tischplatten erh\u00e4ltlich, so dass Sie das Ger\u00e4t an die \u00c4sthetik Ihrer Praxis anpassen k\u00f6nnen.<\/li>\n<li><strong>Rechts-Links konvertierbar:<\/strong> Einfacher Umbau beim Kunden vor Ort, um unterschiedliche Bed\u00fcrfnisse der Anwender zu erf\u00fcllen.<\/li>\n<\/ul>\n<p><strong>Optionales Zubeh\u00f6r:<\/strong><\/p>\n<ul>\n<li><strong>Phoropter Arm:<\/strong> F\u00fcr die einfache Integration eines Phoropters.<\/li>\n<li><strong>Fu\u00dfst\u00fctze:<\/strong> Erh\u00e4ltlich in fester, hochklappbarer und Rohrversion.<\/li>\n<li><strong>Armlehnen:<\/strong> Als Optionen sind feststehende, hochklappbare oder hochklappbare Armlehnen mit Stuhlpolsterung erh\u00e4ltlich.<\/li>\n<li><strong>Stuhl mit verstellbarer R\u00fcckenlehne:<\/strong> Verbessert den Patientenkomfort bei l\u00e4ngeren Untersuchungen.<\/li>\n<li><strong>Manuelle oder motorisierte Stuhlverschiebung:<\/strong> Optionen f\u00fcr manuelles (13 cm) oder motorisiertes (14 cm) Vorw\u00e4rts- und R\u00fcckw\u00e4rtsschieben des Stuhls.<\/li>\n<li><strong>Steuerung per Fu\u00dfschalter:<\/strong> Zum bequemen Auf- und Abbewegen des Stuhls.<\/li>\n<li><strong>Anpassbare Schubladenoptionen<\/strong> &#8211; Entwickelt, um sich nahtlos in die Workstation zu integrieren.<\/li>\n<li><strong>Datenkabel:<\/strong> Eingebaute Datenkabel (Fire Wire, USB, RS232) f\u00fcr integrierte Konnektivit\u00e4t.<\/li>\n<li><strong>Schrank auf Rollen:<\/strong> Mit drei Schubladen f\u00fcr zus\u00e4tzlichen Stauraum.<\/li>\n<li><strong>St\u00e4nder f\u00fcr Operational Panel:<\/strong> F\u00fcr den digitalen Phoropter.<\/li>\n<li><strong>Liftboy-Assistent:<\/strong> H\u00f6henkorrektursystem f\u00fcr das Modell MDS14S.<\/li>\n<li><strong>Kissen f\u00fcr Kinder:<\/strong> Sorgt f\u00fcr Komfort bei kleinen Patienten.<\/li>\n<\/ul>\n<p><strong>Warum MDS14 w\u00e4hlen?<\/strong><\/p>\n<ul>\n<li><strong>Verbesserter Arbeitsablauf:<\/strong> Das ergonomische Design und die vielseitigen Konfigurationsm\u00f6glichkeiten des MDS14 verbessern die Effizienz des Arbeitsablaufs und erm\u00f6glichen es den \u00c4rzten, Untersuchungen effektiver durchzuf\u00fchren.<\/li>\n<li><strong>Patientenkomfort:<\/strong> Der verstellbare Stuhl und die gut gestalteten Arbeitsfl\u00e4chen gew\u00e4hrleisten maximalen Komfort f\u00fcr die Patienten w\u00e4hrend ihres Besuchs.<\/li>\n<li><strong>Anpassung:<\/strong> Die M\u00f6glichkeit, das Ger\u00e4t an spezielle Bed\u00fcrfnisse anzupassen, macht dasMDS14 zu einer vielseitigen Erg\u00e4nzung f\u00fcr jede Augenarztpraxis.<\/li>\n<li><strong>Professionelles Erscheinungsbild:<\/strong> Das schlanke und moderne Design des MDS14 tr\u00e4gt zu einer professionellen und einladenden Praxisumgebung bei.<\/li>\n<\/ul>\n<p>Verbessern Sie Ihre Patientenversorgung und Ihre betriebliche Effizienz mit dem MDS14, der fortschrittliche Funktionen und individuelle Designoptionen bietet, um die einzigartigen Anforderungen Ihrer Augenarztpraxis zu erf\u00fcllen.<\/p>\n","protected":false},"excerpt":{"rendered":"<p><strong>Refraktionseinheit MDS14<\/strong><\/p>\n<p>Das MDS14 Refraktionsger\u00e4t ist eine hochentwickelte und anpassbare L\u00f6sung, die die Effizienz und den Komfort von augen\u00e4rztlichen Untersuchungen verbessert. Es bietet eine Vielzahl von Funktionen, um den unterschiedlichen Anforderungen der Praxis gerecht zu werden. <\/p>\n","protected":false},"featured_media":2794,"comment_status":"closed","ping_status":"closed","template":"","meta":{"_acf_changed":false},"product_brand":[],"product_cat":[163],"product_tag":[327,325,282,278],"class_list":{"0":"post-3568","1":"product","2":"type-product","3":"status-publish","4":"has-post-thumbnail","6":"product_cat-refraktionseinheiten","7":"product_tag-arbeitsplatz-fur-ophthalmologen","8":"product_tag-fortschrittliche-ophthalmologische-technologie","9":"product_tag-moderne-ophthalmologische-ausrustung","10":"product_tag-ophthalmologische-ausrustung","12":"first","13":"instock","14":"shipping-taxable","15":"product-type-simple"},"acf":[],"gallery_images":[2832,2826,2830,2838,2822,2836,2810,2820,2824,2828,2834,2325,2321,2323],"yoast_head":"<!-- This site is optimized with the Yoast SEO Premium plugin v27.4 (Yoast SEO v27.4) - https:\/\/yoast.com\/product\/yoast-seo-premium-wordpress\/ -->\n<title>MDS14 - Medinstrus<\/title>\n<meta name=\"robots\" content=\"index, follow, max-snippet:-1, max-image-preview:large, max-video-preview:-1\" \/>\n<link rel=\"canonical\" href=\"https:\/\/medinstrus.lt\/de\/produkt\/mds14\/\" \/>\n<meta property=\"og:locale\" content=\"de_DE\" \/>\n<meta property=\"og:type\" content=\"article\" \/>\n<meta property=\"og:title\" content=\"MDS14\" \/>\n<meta property=\"og:description\" content=\"Refraktionseinheit MDS14 Das MDS14 Refraktionsger\u00e4t ist eine hochentwickelte und anpassbare L\u00f6sung, die die Effizienz und den Komfort von augen\u00e4rztlichen Untersuchungen verbessert. Es bietet eine Vielzahl von Funktionen, um den unterschiedlichen Anforderungen der Praxis gerecht zu werden.\" \/>\n<meta property=\"og:url\" content=\"https:\/\/medinstrus.lt\/de\/produkt\/mds14\/\" \/>\n<meta property=\"og:site_name\" content=\"Medinstrus\" \/>\n<meta property=\"article:publisher\" content=\"https:\/\/www.facebook.com\/medinstrus\/\" \/>\n<meta property=\"og:image\" content=\"https:\/\/medinstrus.lt\/wp-content\/uploads\/2025\/01\/1.png\" \/>\n\t<meta property=\"og:image:width\" content=\"1080\" \/>\n\t<meta property=\"og:image:height\" content=\"1350\" \/>\n\t<meta property=\"og:image:type\" content=\"image\/png\" \/>\n<meta name=\"twitter:card\" content=\"summary_large_image\" \/>\n<meta name=\"twitter:label1\" content=\"Gesch\u00e4tzte Lesezeit\" \/>\n\t<meta name=\"twitter:data1\" content=\"2\u00a0Minuten\" \/>\n<script type=\"application\/ld+json\" class=\"yoast-schema-graph\">{\"@context\":\"https:\\\/\\\/schema.org\",\"@graph\":[{\"@type\":\"WebPage\",\"@id\":\"https:\\\/\\\/medinstrus.lt\\\/de\\\/produkt\\\/mds14\\\/\",\"url\":\"https:\\\/\\\/medinstrus.lt\\\/de\\\/produkt\\\/mds14\\\/\",\"name\":\"MDS14 - Medinstrus\",\"isPartOf\":{\"@id\":\"https:\\\/\\\/medinstrus.lt\\\/de\\\/#website\"},\"primaryImageOfPage\":{\"@id\":\"https:\\\/\\\/medinstrus.lt\\\/de\\\/produkt\\\/mds14\\\/#primaryimage\"},\"image\":{\"@id\":\"https:\\\/\\\/medinstrus.lt\\\/de\\\/produkt\\\/mds14\\\/#primaryimage\"},\"thumbnailUrl\":\"https:\\\/\\\/medinstrus.lt\\\/wp-content\\\/uploads\\\/2025\\\/01\\\/1.png\",\"datePublished\":\"2024-04-23T08:03:24+00:00\",\"breadcrumb\":{\"@id\":\"https:\\\/\\\/medinstrus.lt\\\/de\\\/produkt\\\/mds14\\\/#breadcrumb\"},\"inLanguage\":\"de\",\"potentialAction\":[{\"@type\":\"ReadAction\",\"target\":[\"https:\\\/\\\/medinstrus.lt\\\/de\\\/produkt\\\/mds14\\\/\"]}]},{\"@type\":\"ImageObject\",\"inLanguage\":\"de\",\"@id\":\"https:\\\/\\\/medinstrus.lt\\\/de\\\/produkt\\\/mds14\\\/#primaryimage\",\"url\":\"https:\\\/\\\/medinstrus.lt\\\/wp-content\\\/uploads\\\/2025\\\/01\\\/1.png\",\"contentUrl\":\"https:\\\/\\\/medinstrus.lt\\\/wp-content\\\/uploads\\\/2025\\\/01\\\/1.png\",\"width\":1080,\"height\":1350,\"caption\":\"MDS14 refraction unit ensuring efficient eye examinations\"},{\"@type\":\"BreadcrumbList\",\"@id\":\"https:\\\/\\\/medinstrus.lt\\\/de\\\/produkt\\\/mds14\\\/#breadcrumb\",\"itemListElement\":[{\"@type\":\"ListItem\",\"position\":1,\"name\":\"Home\",\"item\":\"https:\\\/\\\/medinstrus.lt\\\/de\\\/homepage\\\/\"},{\"@type\":\"ListItem\",\"position\":2,\"name\":\"Shop\",\"item\":\"https:\\\/\\\/medinstrus.lt\\\/de\\\/shop\\\/\"},{\"@type\":\"ListItem\",\"position\":3,\"name\":\"MDS14\"}]},{\"@type\":\"WebSite\",\"@id\":\"https:\\\/\\\/medinstrus.lt\\\/de\\\/#website\",\"url\":\"https:\\\/\\\/medinstrus.lt\\\/de\\\/\",\"name\":\"https:\\\/\\\/medinstrus.com\\\/\",\"description\":\"Simplicity combined with functionality.\",\"publisher\":{\"@id\":\"https:\\\/\\\/medinstrus.lt\\\/de\\\/#organization\"},\"potentialAction\":[{\"@type\":\"SearchAction\",\"target\":{\"@type\":\"EntryPoint\",\"urlTemplate\":\"https:\\\/\\\/medinstrus.lt\\\/de\\\/?s={search_term_string}\"},\"query-input\":{\"@type\":\"PropertyValueSpecification\",\"valueRequired\":true,\"valueName\":\"search_term_string\"}}],\"inLanguage\":\"de\"},{\"@type\":\"Organization\",\"@id\":\"https:\\\/\\\/medinstrus.lt\\\/de\\\/#organization\",\"name\":\"Medinstrus\",\"url\":\"https:\\\/\\\/medinstrus.lt\\\/de\\\/\",\"logo\":{\"@type\":\"ImageObject\",\"inLanguage\":\"de\",\"@id\":\"https:\\\/\\\/medinstrus.lt\\\/de\\\/#\\\/schema\\\/logo\\\/image\\\/\",\"url\":\"https:\\\/\\\/medinstrus.lt\\\/wp-content\\\/uploads\\\/2025\\\/02\\\/Medinstrus-v1.png\",\"contentUrl\":\"https:\\\/\\\/medinstrus.lt\\\/wp-content\\\/uploads\\\/2025\\\/02\\\/Medinstrus-v1.png\",\"width\":723,\"height\":96,\"caption\":\"Medinstrus\"},\"image\":{\"@id\":\"https:\\\/\\\/medinstrus.lt\\\/de\\\/#\\\/schema\\\/logo\\\/image\\\/\"},\"sameAs\":[\"https:\\\/\\\/www.facebook.com\\\/medinstrus\\\/\",\"https:\\\/\\\/www.instagram.com\\\/Medinstrus\"]}]}<\/script>\n<!-- \/ Yoast SEO Premium plugin. -->","yoast_head_json":{"title":"MDS14 - Medinstrus","robots":{"index":"index","follow":"follow","max-snippet":"max-snippet:-1","max-image-preview":"max-image-preview:large","max-video-preview":"max-video-preview:-1"},"canonical":"https:\/\/medinstrus.lt\/de\/produkt\/mds14\/","og_locale":"de_DE","og_type":"article","og_title":"MDS14","og_description":"Refraktionseinheit MDS14 Das MDS14 Refraktionsger\u00e4t ist eine hochentwickelte und anpassbare L\u00f6sung, die die Effizienz und den Komfort von augen\u00e4rztlichen Untersuchungen verbessert. Es bietet eine Vielzahl von Funktionen, um den unterschiedlichen Anforderungen der Praxis gerecht zu werden.","og_url":"https:\/\/medinstrus.lt\/de\/produkt\/mds14\/","og_site_name":"Medinstrus","article_publisher":"https:\/\/www.facebook.com\/medinstrus\/","og_image":[{"width":1080,"height":1350,"url":"https:\/\/medinstrus.lt\/wp-content\/uploads\/2025\/01\/1.png","type":"image\/png"}],"twitter_card":"summary_large_image","twitter_misc":{"Gesch\u00e4tzte Lesezeit":"2\u00a0Minuten"},"schema":{"@context":"https:\/\/schema.org","@graph":[{"@type":"WebPage","@id":"https:\/\/medinstrus.lt\/de\/produkt\/mds14\/","url":"https:\/\/medinstrus.lt\/de\/produkt\/mds14\/","name":"MDS14 - Medinstrus","isPartOf":{"@id":"https:\/\/medinstrus.lt\/de\/#website"},"primaryImageOfPage":{"@id":"https:\/\/medinstrus.lt\/de\/produkt\/mds14\/#primaryimage"},"image":{"@id":"https:\/\/medinstrus.lt\/de\/produkt\/mds14\/#primaryimage"},"thumbnailUrl":"https:\/\/medinstrus.lt\/wp-content\/uploads\/2025\/01\/1.png","datePublished":"2024-04-23T08:03:24+00:00","breadcrumb":{"@id":"https:\/\/medinstrus.lt\/de\/produkt\/mds14\/#breadcrumb"},"inLanguage":"de","potentialAction":[{"@type":"ReadAction","target":["https:\/\/medinstrus.lt\/de\/produkt\/mds14\/"]}]},{"@type":"ImageObject","inLanguage":"de","@id":"https:\/\/medinstrus.lt\/de\/produkt\/mds14\/#primaryimage","url":"https:\/\/medinstrus.lt\/wp-content\/uploads\/2025\/01\/1.png","contentUrl":"https:\/\/medinstrus.lt\/wp-content\/uploads\/2025\/01\/1.png","width":1080,"height":1350,"caption":"MDS14 refraction unit ensuring efficient eye examinations"},{"@type":"BreadcrumbList","@id":"https:\/\/medinstrus.lt\/de\/produkt\/mds14\/#breadcrumb","itemListElement":[{"@type":"ListItem","position":1,"name":"Home","item":"https:\/\/medinstrus.lt\/de\/homepage\/"},{"@type":"ListItem","position":2,"name":"Shop","item":"https:\/\/medinstrus.lt\/de\/shop\/"},{"@type":"ListItem","position":3,"name":"MDS14"}]},{"@type":"WebSite","@id":"https:\/\/medinstrus.lt\/de\/#website","url":"https:\/\/medinstrus.lt\/de\/","name":"https:\/\/medinstrus.com\/","description":"Simplicity combined with functionality.","publisher":{"@id":"https:\/\/medinstrus.lt\/de\/#organization"},"potentialAction":[{"@type":"SearchAction","target":{"@type":"EntryPoint","urlTemplate":"https:\/\/medinstrus.lt\/de\/?s={search_term_string}"},"query-input":{"@type":"PropertyValueSpecification","valueRequired":true,"valueName":"search_term_string"}}],"inLanguage":"de"},{"@type":"Organization","@id":"https:\/\/medinstrus.lt\/de\/#organization","name":"Medinstrus","url":"https:\/\/medinstrus.lt\/de\/","logo":{"@type":"ImageObject","inLanguage":"de","@id":"https:\/\/medinstrus.lt\/de\/#\/schema\/logo\/image\/","url":"https:\/\/medinstrus.lt\/wp-content\/uploads\/2025\/02\/Medinstrus-v1.png","contentUrl":"https:\/\/medinstrus.lt\/wp-content\/uploads\/2025\/02\/Medinstrus-v1.png","width":723,"height":96,"caption":"Medinstrus"},"image":{"@id":"https:\/\/medinstrus.lt\/de\/#\/schema\/logo\/image\/"},"sameAs":["https:\/\/www.facebook.com\/medinstrus\/","https:\/\/www.instagram.com\/Medinstrus"]}]}},"_links":{"self":[{"href":"https:\/\/medinstrus.lt\/de\/wp-json\/wp\/v2\/product\/3568","targetHints":{"allow":["GET"]}}],"collection":[{"href":"https:\/\/medinstrus.lt\/de\/wp-json\/wp\/v2\/product"}],"about":[{"href":"https:\/\/medinstrus.lt\/de\/wp-json\/wp\/v2\/types\/product"}],"replies":[{"embeddable":true,"href":"https:\/\/medinstrus.lt\/de\/wp-json\/wp\/v2\/comments?post=3568"}],"wp:featuredmedia":[{"embeddable":true,"href":"https:\/\/medinstrus.lt\/de\/wp-json\/wp\/v2\/media\/2794"}],"wp:attachment":[{"href":"https:\/\/medinstrus.lt\/de\/wp-json\/wp\/v2\/media?parent=3568"}],"wp:term":[{"taxonomy":"product_brand","embeddable":true,"href":"https:\/\/medinstrus.lt\/de\/wp-json\/wp\/v2\/product_brand?post=3568"},{"taxonomy":"product_cat","embeddable":true,"href":"https:\/\/medinstrus.lt\/de\/wp-json\/wp\/v2\/product_cat?post=3568"},{"taxonomy":"product_tag","embeddable":true,"href":"https:\/\/medinstrus.lt\/de\/wp-json\/wp\/v2\/product_tag?post=3568"}],"curies":[{"name":"wp","href":"https:\/\/api.w.org\/{rel}","templated":true}]}}