{"id":3563,"date":"2024-04-23T11:00:57","date_gmt":"2024-04-23T08:00:57","guid":{"rendered":"https:\/\/medinstrus.lt\/product\/drohne-4\/"},"modified":"2024-04-23T11:00:57","modified_gmt":"2024-04-23T08:00:57","slug":"drohne-4","status":"publish","type":"product","link":"https:\/\/medinstrus.lt\/de\/produkt\/drohne-4\/","title":{"rendered":"Drohne 4"},"content":{"rendered":"<p><strong><strong>Wichtige Merkmale:<\/strong><\/strong><\/p>\n<ul>\n<li><strong><strong>Erweiterte Multi-Instrumenten-Kapazit\u00e4t: <\/strong><\/strong>Der DRONE 4 unterst\u00fctzt bis zu 4 Instrumente auf der Tischplatte, zusammen mit einem Phoropterarm und einem Projektor, was umfassende Augenuntersuchungen mit Leichtigkeit erm\u00f6glicht.<\/li>\n<li><strong>Ergonomische Exzellenz: <\/strong>Das Ger\u00e4t wurde mit Blick auf den Komfort von Patienten und \u00c4rzten entwickelt und verf\u00fcgt \u00fcber einen verstellbaren Patientenstuhl und eine integrierte, verstellbare Beleuchtung f\u00fcr pr\u00e4zise Untersuchungen.<\/li>\n<li><strong>Atemberaubende Individualisierung: <\/strong>Personalisieren Sie Ihren DRONE 4 mit einer Vielzahl von Farboptionen f\u00fcr Metallteile, Stuhl und Tischplatte. Gestalten Sie ein Ger\u00e4t, das den Stil Ihrer Praxis widerspiegelt und ihr professionelles Erscheinungsbild unterstreicht. <\/li>\n<li><strong>Modular und vollst\u00e4ndig anpassbar: <\/strong>Passen Sie den DRONE 4 mit seinem modularen Design an Ihre speziellen Bed\u00fcrfnisse an, damit er f\u00fcr jede Augenarztpraxis ma\u00dfgeschneidert ist. Verbessern Sie Ihre Patientenversorgung und Ihre betriebliche Effizienz mit dem DRONE 4, dem Inbegriff von Innovation und individueller Anpassung bei Refraktionsger\u00e4ten. <\/li>\n<\/ul>\n","protected":false},"excerpt":{"rendered":"<p><strong>Refraktion DRONE 4<\/strong><\/p>\n<p>Entdecken Sie die ultimative Effizienz in der Augenheilkunde mit der DRONE 4, einem vollautomatischen Refraktionsger\u00e4t, das Ihre Praxis rationalisiert.<\/p>\n","protected":false},"featured_media":2816,"comment_status":"closed","ping_status":"closed","template":"","meta":{"_acf_changed":false},"product_brand":[],"product_cat":[163],"product_tag":[327,324,325,326,278],"class_list":{"0":"post-3563","1":"product","2":"type-product","3":"status-publish","4":"has-post-thumbnail","6":"product_cat-refraktionseinheiten","7":"product_tag-arbeitsplatz-fur-ophthalmologen","8":"product_tag-drohne-4-refraktionseinheit","9":"product_tag-fortschrittliche-ophthalmologische-technologie","10":"product_tag-nahtlose-integration","11":"product_tag-ophthalmologische-ausrustung","13":"first","14":"instock","15":"shipping-taxable","16":"product-type-simple"},"acf":[],"gallery_images":[2065,2067,2069,2071,2073,2075,2077,2079,2081,2083,2085,2087,2089,2091,2093,2095],"yoast_head":"<!-- This site is optimized with the Yoast SEO Premium plugin v27.4 (Yoast SEO v27.4) - https:\/\/yoast.com\/product\/yoast-seo-premium-wordpress\/ -->\n<title>Refraktionseinheit Drohne - Medinstrus<\/title>\n<meta name=\"description\" content=\"Entdecken Sie das Refraktionsger\u00e4t Drone 4, das mit fortschrittlicher Technologie ausgestattet ist und sich nahtlos in jede Augenarztpraxis integrieren l\u00e4sst.\" \/>\n<meta name=\"robots\" content=\"index, follow, max-snippet:-1, max-image-preview:large, max-video-preview:-1\" \/>\n<link rel=\"canonical\" href=\"https:\/\/medinstrus.lt\/de\/produkt\/drohne-4\/\" \/>\n<meta property=\"og:locale\" content=\"de_DE\" \/>\n<meta property=\"og:type\" content=\"article\" \/>\n<meta property=\"og:title\" content=\"Drohne 4\" \/>\n<meta property=\"og:description\" content=\"Entdecken Sie das Refraktionsger\u00e4t Drone 4, das mit fortschrittlicher Technologie ausgestattet ist und sich nahtlos in jede Augenarztpraxis integrieren l\u00e4sst.\" \/>\n<meta property=\"og:url\" content=\"https:\/\/medinstrus.lt\/de\/produkt\/drohne-4\/\" \/>\n<meta property=\"og:site_name\" content=\"Medinstrus\" \/>\n<meta property=\"article:publisher\" content=\"https:\/\/www.facebook.com\/medinstrus\/\" \/>\n<meta property=\"og:image\" content=\"https:\/\/medinstrus.lt\/wp-content\/uploads\/2024\/04\/DRONE-4-svetainei.png\" \/>\n\t<meta property=\"og:image:width\" content=\"1080\" \/>\n\t<meta property=\"og:image:height\" content=\"1350\" \/>\n\t<meta property=\"og:image:type\" content=\"image\/png\" \/>\n<meta name=\"twitter:card\" content=\"summary_large_image\" \/>\n<meta name=\"twitter:label1\" content=\"Gesch\u00e4tzte Lesezeit\" \/>\n\t<meta name=\"twitter:data1\" content=\"1\u00a0Minute\" \/>\n<script type=\"application\/ld+json\" class=\"yoast-schema-graph\">{\"@context\":\"https:\\\/\\\/schema.org\",\"@graph\":[{\"@type\":\"WebPage\",\"@id\":\"https:\\\/\\\/medinstrus.lt\\\/de\\\/produkt\\\/drohne-4\\\/\",\"url\":\"https:\\\/\\\/medinstrus.lt\\\/de\\\/produkt\\\/drohne-4\\\/\",\"name\":\"Refraktionseinheit Drohne - Medinstrus\",\"isPartOf\":{\"@id\":\"https:\\\/\\\/medinstrus.lt\\\/de\\\/#website\"},\"primaryImageOfPage\":{\"@id\":\"https:\\\/\\\/medinstrus.lt\\\/de\\\/produkt\\\/drohne-4\\\/#primaryimage\"},\"image\":{\"@id\":\"https:\\\/\\\/medinstrus.lt\\\/de\\\/produkt\\\/drohne-4\\\/#primaryimage\"},\"thumbnailUrl\":\"https:\\\/\\\/medinstrus.lt\\\/wp-content\\\/uploads\\\/2024\\\/04\\\/DRONE-4-svetainei.png\",\"datePublished\":\"2024-04-23T08:00:57+00:00\",\"description\":\"Entdecken Sie das Refraktionsger\u00e4t Drone 4, das mit fortschrittlicher Technologie ausgestattet ist und sich nahtlos in jede Augenarztpraxis integrieren l\u00e4sst.\",\"breadcrumb\":{\"@id\":\"https:\\\/\\\/medinstrus.lt\\\/de\\\/produkt\\\/drohne-4\\\/#breadcrumb\"},\"inLanguage\":\"de\",\"potentialAction\":[{\"@type\":\"ReadAction\",\"target\":[\"https:\\\/\\\/medinstrus.lt\\\/de\\\/produkt\\\/drohne-4\\\/\"]}]},{\"@type\":\"ImageObject\",\"inLanguage\":\"de\",\"@id\":\"https:\\\/\\\/medinstrus.lt\\\/de\\\/produkt\\\/drohne-4\\\/#primaryimage\",\"url\":\"https:\\\/\\\/medinstrus.lt\\\/wp-content\\\/uploads\\\/2024\\\/04\\\/DRONE-4-svetainei.png\",\"contentUrl\":\"https:\\\/\\\/medinstrus.lt\\\/wp-content\\\/uploads\\\/2024\\\/04\\\/DRONE-4-svetainei.png\",\"width\":1080,\"height\":1350,\"caption\":\"Drone 4 refraction unit seamlessly integrating into ophthalmic practices\"},{\"@type\":\"BreadcrumbList\",\"@id\":\"https:\\\/\\\/medinstrus.lt\\\/de\\\/produkt\\\/drohne-4\\\/#breadcrumb\",\"itemListElement\":[{\"@type\":\"ListItem\",\"position\":1,\"name\":\"Home\",\"item\":\"https:\\\/\\\/medinstrus.lt\\\/de\\\/homepage\\\/\"},{\"@type\":\"ListItem\",\"position\":2,\"name\":\"Shop\",\"item\":\"https:\\\/\\\/medinstrus.lt\\\/de\\\/shop\\\/\"},{\"@type\":\"ListItem\",\"position\":3,\"name\":\"Drohne 4\"}]},{\"@type\":\"WebSite\",\"@id\":\"https:\\\/\\\/medinstrus.lt\\\/de\\\/#website\",\"url\":\"https:\\\/\\\/medinstrus.lt\\\/de\\\/\",\"name\":\"https:\\\/\\\/medinstrus.com\\\/\",\"description\":\"Simplicity combined with functionality.\",\"publisher\":{\"@id\":\"https:\\\/\\\/medinstrus.lt\\\/de\\\/#organization\"},\"potentialAction\":[{\"@type\":\"SearchAction\",\"target\":{\"@type\":\"EntryPoint\",\"urlTemplate\":\"https:\\\/\\\/medinstrus.lt\\\/de\\\/?s={search_term_string}\"},\"query-input\":{\"@type\":\"PropertyValueSpecification\",\"valueRequired\":true,\"valueName\":\"search_term_string\"}}],\"inLanguage\":\"de\"},{\"@type\":\"Organization\",\"@id\":\"https:\\\/\\\/medinstrus.lt\\\/de\\\/#organization\",\"name\":\"Medinstrus\",\"url\":\"https:\\\/\\\/medinstrus.lt\\\/de\\\/\",\"logo\":{\"@type\":\"ImageObject\",\"inLanguage\":\"de\",\"@id\":\"https:\\\/\\\/medinstrus.lt\\\/de\\\/#\\\/schema\\\/logo\\\/image\\\/\",\"url\":\"https:\\\/\\\/medinstrus.lt\\\/wp-content\\\/uploads\\\/2025\\\/02\\\/Medinstrus-v1.png\",\"contentUrl\":\"https:\\\/\\\/medinstrus.lt\\\/wp-content\\\/uploads\\\/2025\\\/02\\\/Medinstrus-v1.png\",\"width\":723,\"height\":96,\"caption\":\"Medinstrus\"},\"image\":{\"@id\":\"https:\\\/\\\/medinstrus.lt\\\/de\\\/#\\\/schema\\\/logo\\\/image\\\/\"},\"sameAs\":[\"https:\\\/\\\/www.facebook.com\\\/medinstrus\\\/\",\"https:\\\/\\\/www.instagram.com\\\/Medinstrus\"]}]}<\/script>\n<!-- \/ Yoast SEO Premium plugin. -->","yoast_head_json":{"title":"Refraktionseinheit Drohne - Medinstrus","description":"Entdecken Sie das Refraktionsger\u00e4t Drone 4, das mit fortschrittlicher Technologie ausgestattet ist und sich nahtlos in jede Augenarztpraxis integrieren l\u00e4sst.","robots":{"index":"index","follow":"follow","max-snippet":"max-snippet:-1","max-image-preview":"max-image-preview:large","max-video-preview":"max-video-preview:-1"},"canonical":"https:\/\/medinstrus.lt\/de\/produkt\/drohne-4\/","og_locale":"de_DE","og_type":"article","og_title":"Drohne 4","og_description":"Entdecken Sie das Refraktionsger\u00e4t Drone 4, das mit fortschrittlicher Technologie ausgestattet ist und sich nahtlos in jede Augenarztpraxis integrieren l\u00e4sst.","og_url":"https:\/\/medinstrus.lt\/de\/produkt\/drohne-4\/","og_site_name":"Medinstrus","article_publisher":"https:\/\/www.facebook.com\/medinstrus\/","og_image":[{"width":1080,"height":1350,"url":"https:\/\/medinstrus.lt\/wp-content\/uploads\/2024\/04\/DRONE-4-svetainei.png","type":"image\/png"}],"twitter_card":"summary_large_image","twitter_misc":{"Gesch\u00e4tzte Lesezeit":"1\u00a0Minute"},"schema":{"@context":"https:\/\/schema.org","@graph":[{"@type":"WebPage","@id":"https:\/\/medinstrus.lt\/de\/produkt\/drohne-4\/","url":"https:\/\/medinstrus.lt\/de\/produkt\/drohne-4\/","name":"Refraktionseinheit Drohne - Medinstrus","isPartOf":{"@id":"https:\/\/medinstrus.lt\/de\/#website"},"primaryImageOfPage":{"@id":"https:\/\/medinstrus.lt\/de\/produkt\/drohne-4\/#primaryimage"},"image":{"@id":"https:\/\/medinstrus.lt\/de\/produkt\/drohne-4\/#primaryimage"},"thumbnailUrl":"https:\/\/medinstrus.lt\/wp-content\/uploads\/2024\/04\/DRONE-4-svetainei.png","datePublished":"2024-04-23T08:00:57+00:00","description":"Entdecken Sie das Refraktionsger\u00e4t Drone 4, das mit fortschrittlicher Technologie ausgestattet ist und sich nahtlos in jede Augenarztpraxis integrieren l\u00e4sst.","breadcrumb":{"@id":"https:\/\/medinstrus.lt\/de\/produkt\/drohne-4\/#breadcrumb"},"inLanguage":"de","potentialAction":[{"@type":"ReadAction","target":["https:\/\/medinstrus.lt\/de\/produkt\/drohne-4\/"]}]},{"@type":"ImageObject","inLanguage":"de","@id":"https:\/\/medinstrus.lt\/de\/produkt\/drohne-4\/#primaryimage","url":"https:\/\/medinstrus.lt\/wp-content\/uploads\/2024\/04\/DRONE-4-svetainei.png","contentUrl":"https:\/\/medinstrus.lt\/wp-content\/uploads\/2024\/04\/DRONE-4-svetainei.png","width":1080,"height":1350,"caption":"Drone 4 refraction unit seamlessly integrating into ophthalmic practices"},{"@type":"BreadcrumbList","@id":"https:\/\/medinstrus.lt\/de\/produkt\/drohne-4\/#breadcrumb","itemListElement":[{"@type":"ListItem","position":1,"name":"Home","item":"https:\/\/medinstrus.lt\/de\/homepage\/"},{"@type":"ListItem","position":2,"name":"Shop","item":"https:\/\/medinstrus.lt\/de\/shop\/"},{"@type":"ListItem","position":3,"name":"Drohne 4"}]},{"@type":"WebSite","@id":"https:\/\/medinstrus.lt\/de\/#website","url":"https:\/\/medinstrus.lt\/de\/","name":"https:\/\/medinstrus.com\/","description":"Simplicity combined with functionality.","publisher":{"@id":"https:\/\/medinstrus.lt\/de\/#organization"},"potentialAction":[{"@type":"SearchAction","target":{"@type":"EntryPoint","urlTemplate":"https:\/\/medinstrus.lt\/de\/?s={search_term_string}"},"query-input":{"@type":"PropertyValueSpecification","valueRequired":true,"valueName":"search_term_string"}}],"inLanguage":"de"},{"@type":"Organization","@id":"https:\/\/medinstrus.lt\/de\/#organization","name":"Medinstrus","url":"https:\/\/medinstrus.lt\/de\/","logo":{"@type":"ImageObject","inLanguage":"de","@id":"https:\/\/medinstrus.lt\/de\/#\/schema\/logo\/image\/","url":"https:\/\/medinstrus.lt\/wp-content\/uploads\/2025\/02\/Medinstrus-v1.png","contentUrl":"https:\/\/medinstrus.lt\/wp-content\/uploads\/2025\/02\/Medinstrus-v1.png","width":723,"height":96,"caption":"Medinstrus"},"image":{"@id":"https:\/\/medinstrus.lt\/de\/#\/schema\/logo\/image\/"},"sameAs":["https:\/\/www.facebook.com\/medinstrus\/","https:\/\/www.instagram.com\/Medinstrus"]}]}},"_links":{"self":[{"href":"https:\/\/medinstrus.lt\/de\/wp-json\/wp\/v2\/product\/3563","targetHints":{"allow":["GET"]}}],"collection":[{"href":"https:\/\/medinstrus.lt\/de\/wp-json\/wp\/v2\/product"}],"about":[{"href":"https:\/\/medinstrus.lt\/de\/wp-json\/wp\/v2\/types\/product"}],"replies":[{"embeddable":true,"href":"https:\/\/medinstrus.lt\/de\/wp-json\/wp\/v2\/comments?post=3563"}],"wp:featuredmedia":[{"embeddable":true,"href":"https:\/\/medinstrus.lt\/de\/wp-json\/wp\/v2\/media\/2816"}],"wp:attachment":[{"href":"https:\/\/medinstrus.lt\/de\/wp-json\/wp\/v2\/media?parent=3563"}],"wp:term":[{"taxonomy":"product_brand","embeddable":true,"href":"https:\/\/medinstrus.lt\/de\/wp-json\/wp\/v2\/product_brand?post=3563"},{"taxonomy":"product_cat","embeddable":true,"href":"https:\/\/medinstrus.lt\/de\/wp-json\/wp\/v2\/product_cat?post=3563"},{"taxonomy":"product_tag","embeddable":true,"href":"https:\/\/medinstrus.lt\/de\/wp-json\/wp\/v2\/product_tag?post=3563"}],"curies":[{"name":"wp","href":"https:\/\/api.w.org\/{rel}","templated":true}]}}