{"id":3559,"date":"2024-04-23T11:02:22","date_gmt":"2024-04-23T08:02:22","guid":{"rendered":"https:\/\/medinstrus.lt\/product\/zulu-2r\/"},"modified":"2024-04-23T11:02:22","modified_gmt":"2024-04-23T08:02:22","slug":"zulu-2r","status":"publish","type":"product","link":"https:\/\/medinstrus.lt\/de\/produkt\/zulu-2r\/","title":{"rendered":"Zulu 2R"},"content":{"rendered":"<p><strong>Wichtige Merkmale:<\/strong><\/p>\n<ul>\n<li><strong>Kapazit\u00e4t f\u00fcr zwei Instrumente:<\/strong> Die drehbare Tischplatte kann zwei Instrumente aufnehmen und ist in jeder Position arretierbar, was Flexibilit\u00e4t und Effizienz bei Untersuchungen gew\u00e4hrleistet.<\/li>\n<li><strong>Erh\u00f6hte Flexibilit\u00e4t:<\/strong> Dieses Ger\u00e4t ist f\u00fcr Multi-Instrumenten-Setups konzipiert und erm\u00f6glicht eine schnelle und effiziente Patientenversorgung.<\/li>\n<li><strong>Individuelle Farbgestaltung:<\/strong> Gestalten Sie Ihr Zulu 2R mit verschiedenen Farboptionen f\u00fcr die Metallteile, den Stuhl und die Tischplatte, um eine professionelle und einladende Praxisumgebung zu schaffen.<\/li>\n<\/ul>\n<p><strong>Anpassung und Personalisierung:<\/strong><\/p>\n<p>Jedes Ger\u00e4t der Zulu-Serie bietet umfangreiche Anpassungsm\u00f6glichkeiten, damit es sich nahtlos in die Umgebung Ihrer Praxis einf\u00fcgt. Sie k\u00f6nnen aus einer Vielzahl von Farben f\u00fcr die Metallteile, den Stuhl und die Tischplatte w\u00e4hlen. So k\u00f6nnen Sie ein Ger\u00e4t zusammenstellen, das den Stil Ihrer Praxis widerspiegelt und das professionelle Erscheinungsbild verbessert. <\/p>\n<p>Dar\u00fcber hinaus sorgt das ergonomische Design der St\u00fchle und Arbeitsfl\u00e4chen f\u00fcr Komfort bei Patienten und \u00c4rzten und tr\u00e4gt zu einem angenehmeren und effizienteren Untersuchungsprozess bei. Integrierte Kabelmanagementsysteme sorgen f\u00fcr einen sauberen und organisierten Arbeitsbereich, reduzieren das Durcheinander und erh\u00f6hen die Sicherheit. <\/p>\n<p><strong>Warum die Zulu-Serie?<\/strong><\/p>\n<ul>\n<li><strong>Verbesserter Arbeitsablauf:<\/strong> Das ergonomische und modulare Design der Zulu-Serie verbessert die Effizienz des Arbeitsablaufs und erm\u00f6glicht es dem Arzt, Untersuchungen effektiver durchzuf\u00fchren.<\/li>\n<li><strong>Patientenkomfort:<\/strong> Verstellbare Patientenst\u00fchle und gut gestaltete Arbeitsfl\u00e4chen sorgen f\u00fcr maximalen Komfort f\u00fcr die Patienten w\u00e4hrend ihres Besuchs.<\/li>\n<li><strong>Personalisierung:<\/strong> Die M\u00f6glichkeit, jedes Ger\u00e4t an die spezifischen Bed\u00fcrfnisse anzupassen, macht die Zulu-Serie zu einer vielseitigen Erg\u00e4nzung f\u00fcr jede Augenarztpraxis.<\/li>\n<li><strong>Professionelles Erscheinungsbild:<\/strong> Das schlanke und moderne Design der Zulu-Serie tr\u00e4gt zu einer professionellen und einladenden Praxisumgebung bei.<\/li>\n<\/ul>\n<p>Verbessern Sie Ihre Patientenversorgung und Ihre betriebliche Effizienz mit der Zulu-Serie, die fortschrittliche Funktionen und individuelle Designoptionen bietet, um die einzigartigen Anforderungen Ihrer Augenarztpraxis zu erf\u00fcllen.<\/p>\n","protected":false},"excerpt":{"rendered":"<p><strong>Refraktionseinheit Zulu 2R<\/strong><\/p>\n<p>Der Zulu 2R ist ein modernes Refraktionsger\u00e4t mit einer drehbaren Tischplatte, die zwei Instrumente tr\u00e4gt. Dieses Design erm\u00f6glicht nahtlose \u00dcberg\u00e4nge zwischen den Instrumenten und ist damit ideal f\u00fcr vielbesch\u00e4ftigte Praxen. <\/p>\n","protected":false},"featured_media":2942,"comment_status":"closed","ping_status":"closed","template":"","meta":{"_acf_changed":false},"product_brand":[],"product_cat":[163],"product_tag":[327],"class_list":{"0":"post-3559","1":"product","2":"type-product","3":"status-publish","4":"has-post-thumbnail","6":"product_cat-refraktionseinheiten","7":"product_tag-arbeitsplatz-fur-ophthalmologen","9":"first","10":"instock","11":"shipping-taxable","12":"product-type-simple"},"acf":[],"gallery_images":[2237,2239,2241,2243,2245,2247,2249,2251,2253,2255,2257,2259,2261],"yoast_head":"<!-- This site is optimized with the Yoast SEO Premium plugin v27.4 (Yoast SEO v27.4) - https:\/\/yoast.com\/product\/yoast-seo-premium-wordpress\/ -->\n<title>Zulu 2R - Medinstrus<\/title>\n<meta name=\"robots\" content=\"index, follow, max-snippet:-1, max-image-preview:large, max-video-preview:-1\" \/>\n<link rel=\"canonical\" href=\"https:\/\/medinstrus.lt\/de\/produkt\/zulu-2r\/\" \/>\n<meta property=\"og:locale\" content=\"de_DE\" \/>\n<meta property=\"og:type\" content=\"article\" \/>\n<meta property=\"og:title\" content=\"Zulu 2R\" \/>\n<meta property=\"og:description\" content=\"Refraktionseinheit Zulu 2R Der Zulu 2R ist ein modernes Refraktionsger\u00e4t mit einer drehbaren Tischplatte, die zwei Instrumente tr\u00e4gt. Dieses Design erm\u00f6glicht nahtlose \u00dcberg\u00e4nge zwischen den Instrumenten und ist damit ideal f\u00fcr vielbesch\u00e4ftigte Praxen.\" \/>\n<meta property=\"og:url\" content=\"https:\/\/medinstrus.lt\/de\/produkt\/zulu-2r\/\" \/>\n<meta property=\"og:site_name\" content=\"Medinstrus\" \/>\n<meta property=\"article:publisher\" content=\"https:\/\/www.facebook.com\/medinstrus\/\" \/>\n<meta property=\"og:image\" content=\"https:\/\/medinstrus.lt\/wp-content\/uploads\/2024\/04\/Zulu2R-svetainei.png\" \/>\n\t<meta property=\"og:image:width\" content=\"1080\" \/>\n\t<meta property=\"og:image:height\" content=\"1350\" \/>\n\t<meta property=\"og:image:type\" content=\"image\/png\" \/>\n<meta name=\"twitter:card\" content=\"summary_large_image\" \/>\n<meta name=\"twitter:label1\" content=\"Gesch\u00e4tzte Lesezeit\" \/>\n\t<meta name=\"twitter:data1\" content=\"2\u00a0Minuten\" \/>\n<script type=\"application\/ld+json\" class=\"yoast-schema-graph\">{\"@context\":\"https:\\\/\\\/schema.org\",\"@graph\":[{\"@type\":\"WebPage\",\"@id\":\"https:\\\/\\\/medinstrus.lt\\\/de\\\/produkt\\\/zulu-2r\\\/\",\"url\":\"https:\\\/\\\/medinstrus.lt\\\/de\\\/produkt\\\/zulu-2r\\\/\",\"name\":\"Zulu 2R - Medinstrus\",\"isPartOf\":{\"@id\":\"https:\\\/\\\/medinstrus.lt\\\/de\\\/#website\"},\"primaryImageOfPage\":{\"@id\":\"https:\\\/\\\/medinstrus.lt\\\/de\\\/produkt\\\/zulu-2r\\\/#primaryimage\"},\"image\":{\"@id\":\"https:\\\/\\\/medinstrus.lt\\\/de\\\/produkt\\\/zulu-2r\\\/#primaryimage\"},\"thumbnailUrl\":\"https:\\\/\\\/medinstrus.lt\\\/wp-content\\\/uploads\\\/2024\\\/04\\\/Zulu2R-svetainei.png\",\"datePublished\":\"2024-04-23T08:02:22+00:00\",\"breadcrumb\":{\"@id\":\"https:\\\/\\\/medinstrus.lt\\\/de\\\/produkt\\\/zulu-2r\\\/#breadcrumb\"},\"inLanguage\":\"de\",\"potentialAction\":[{\"@type\":\"ReadAction\",\"target\":[\"https:\\\/\\\/medinstrus.lt\\\/de\\\/produkt\\\/zulu-2r\\\/\"]}]},{\"@type\":\"ImageObject\",\"inLanguage\":\"de\",\"@id\":\"https:\\\/\\\/medinstrus.lt\\\/de\\\/produkt\\\/zulu-2r\\\/#primaryimage\",\"url\":\"https:\\\/\\\/medinstrus.lt\\\/wp-content\\\/uploads\\\/2024\\\/04\\\/Zulu2R-svetainei.png\",\"contentUrl\":\"https:\\\/\\\/medinstrus.lt\\\/wp-content\\\/uploads\\\/2024\\\/04\\\/Zulu2R-svetainei.png\",\"width\":1080,\"height\":1350,\"caption\":\"The Zulu 2R\u2019s rotating tabletop allows seamless switching between two instruments.\"},{\"@type\":\"BreadcrumbList\",\"@id\":\"https:\\\/\\\/medinstrus.lt\\\/de\\\/produkt\\\/zulu-2r\\\/#breadcrumb\",\"itemListElement\":[{\"@type\":\"ListItem\",\"position\":1,\"name\":\"Home\",\"item\":\"https:\\\/\\\/medinstrus.lt\\\/de\\\/homepage\\\/\"},{\"@type\":\"ListItem\",\"position\":2,\"name\":\"Shop\",\"item\":\"https:\\\/\\\/medinstrus.lt\\\/de\\\/shop\\\/\"},{\"@type\":\"ListItem\",\"position\":3,\"name\":\"Zulu 2R\"}]},{\"@type\":\"WebSite\",\"@id\":\"https:\\\/\\\/medinstrus.lt\\\/de\\\/#website\",\"url\":\"https:\\\/\\\/medinstrus.lt\\\/de\\\/\",\"name\":\"https:\\\/\\\/medinstrus.com\\\/\",\"description\":\"Simplicity combined with functionality.\",\"publisher\":{\"@id\":\"https:\\\/\\\/medinstrus.lt\\\/de\\\/#organization\"},\"potentialAction\":[{\"@type\":\"SearchAction\",\"target\":{\"@type\":\"EntryPoint\",\"urlTemplate\":\"https:\\\/\\\/medinstrus.lt\\\/de\\\/?s={search_term_string}\"},\"query-input\":{\"@type\":\"PropertyValueSpecification\",\"valueRequired\":true,\"valueName\":\"search_term_string\"}}],\"inLanguage\":\"de\"},{\"@type\":\"Organization\",\"@id\":\"https:\\\/\\\/medinstrus.lt\\\/de\\\/#organization\",\"name\":\"Medinstrus\",\"url\":\"https:\\\/\\\/medinstrus.lt\\\/de\\\/\",\"logo\":{\"@type\":\"ImageObject\",\"inLanguage\":\"de\",\"@id\":\"https:\\\/\\\/medinstrus.lt\\\/de\\\/#\\\/schema\\\/logo\\\/image\\\/\",\"url\":\"https:\\\/\\\/medinstrus.lt\\\/wp-content\\\/uploads\\\/2025\\\/02\\\/Medinstrus-v1.png\",\"contentUrl\":\"https:\\\/\\\/medinstrus.lt\\\/wp-content\\\/uploads\\\/2025\\\/02\\\/Medinstrus-v1.png\",\"width\":723,\"height\":96,\"caption\":\"Medinstrus\"},\"image\":{\"@id\":\"https:\\\/\\\/medinstrus.lt\\\/de\\\/#\\\/schema\\\/logo\\\/image\\\/\"},\"sameAs\":[\"https:\\\/\\\/www.facebook.com\\\/medinstrus\\\/\",\"https:\\\/\\\/www.instagram.com\\\/Medinstrus\"]}]}<\/script>\n<!-- \/ Yoast SEO Premium plugin. -->","yoast_head_json":{"title":"Zulu 2R - Medinstrus","robots":{"index":"index","follow":"follow","max-snippet":"max-snippet:-1","max-image-preview":"max-image-preview:large","max-video-preview":"max-video-preview:-1"},"canonical":"https:\/\/medinstrus.lt\/de\/produkt\/zulu-2r\/","og_locale":"de_DE","og_type":"article","og_title":"Zulu 2R","og_description":"Refraktionseinheit Zulu 2R Der Zulu 2R ist ein modernes Refraktionsger\u00e4t mit einer drehbaren Tischplatte, die zwei Instrumente tr\u00e4gt. Dieses Design erm\u00f6glicht nahtlose \u00dcberg\u00e4nge zwischen den Instrumenten und ist damit ideal f\u00fcr vielbesch\u00e4ftigte Praxen.","og_url":"https:\/\/medinstrus.lt\/de\/produkt\/zulu-2r\/","og_site_name":"Medinstrus","article_publisher":"https:\/\/www.facebook.com\/medinstrus\/","og_image":[{"width":1080,"height":1350,"url":"https:\/\/medinstrus.lt\/wp-content\/uploads\/2024\/04\/Zulu2R-svetainei.png","type":"image\/png"}],"twitter_card":"summary_large_image","twitter_misc":{"Gesch\u00e4tzte Lesezeit":"2\u00a0Minuten"},"schema":{"@context":"https:\/\/schema.org","@graph":[{"@type":"WebPage","@id":"https:\/\/medinstrus.lt\/de\/produkt\/zulu-2r\/","url":"https:\/\/medinstrus.lt\/de\/produkt\/zulu-2r\/","name":"Zulu 2R - Medinstrus","isPartOf":{"@id":"https:\/\/medinstrus.lt\/de\/#website"},"primaryImageOfPage":{"@id":"https:\/\/medinstrus.lt\/de\/produkt\/zulu-2r\/#primaryimage"},"image":{"@id":"https:\/\/medinstrus.lt\/de\/produkt\/zulu-2r\/#primaryimage"},"thumbnailUrl":"https:\/\/medinstrus.lt\/wp-content\/uploads\/2024\/04\/Zulu2R-svetainei.png","datePublished":"2024-04-23T08:02:22+00:00","breadcrumb":{"@id":"https:\/\/medinstrus.lt\/de\/produkt\/zulu-2r\/#breadcrumb"},"inLanguage":"de","potentialAction":[{"@type":"ReadAction","target":["https:\/\/medinstrus.lt\/de\/produkt\/zulu-2r\/"]}]},{"@type":"ImageObject","inLanguage":"de","@id":"https:\/\/medinstrus.lt\/de\/produkt\/zulu-2r\/#primaryimage","url":"https:\/\/medinstrus.lt\/wp-content\/uploads\/2024\/04\/Zulu2R-svetainei.png","contentUrl":"https:\/\/medinstrus.lt\/wp-content\/uploads\/2024\/04\/Zulu2R-svetainei.png","width":1080,"height":1350,"caption":"The Zulu 2R\u2019s rotating tabletop allows seamless switching between two instruments."},{"@type":"BreadcrumbList","@id":"https:\/\/medinstrus.lt\/de\/produkt\/zulu-2r\/#breadcrumb","itemListElement":[{"@type":"ListItem","position":1,"name":"Home","item":"https:\/\/medinstrus.lt\/de\/homepage\/"},{"@type":"ListItem","position":2,"name":"Shop","item":"https:\/\/medinstrus.lt\/de\/shop\/"},{"@type":"ListItem","position":3,"name":"Zulu 2R"}]},{"@type":"WebSite","@id":"https:\/\/medinstrus.lt\/de\/#website","url":"https:\/\/medinstrus.lt\/de\/","name":"https:\/\/medinstrus.com\/","description":"Simplicity combined with functionality.","publisher":{"@id":"https:\/\/medinstrus.lt\/de\/#organization"},"potentialAction":[{"@type":"SearchAction","target":{"@type":"EntryPoint","urlTemplate":"https:\/\/medinstrus.lt\/de\/?s={search_term_string}"},"query-input":{"@type":"PropertyValueSpecification","valueRequired":true,"valueName":"search_term_string"}}],"inLanguage":"de"},{"@type":"Organization","@id":"https:\/\/medinstrus.lt\/de\/#organization","name":"Medinstrus","url":"https:\/\/medinstrus.lt\/de\/","logo":{"@type":"ImageObject","inLanguage":"de","@id":"https:\/\/medinstrus.lt\/de\/#\/schema\/logo\/image\/","url":"https:\/\/medinstrus.lt\/wp-content\/uploads\/2025\/02\/Medinstrus-v1.png","contentUrl":"https:\/\/medinstrus.lt\/wp-content\/uploads\/2025\/02\/Medinstrus-v1.png","width":723,"height":96,"caption":"Medinstrus"},"image":{"@id":"https:\/\/medinstrus.lt\/de\/#\/schema\/logo\/image\/"},"sameAs":["https:\/\/www.facebook.com\/medinstrus\/","https:\/\/www.instagram.com\/Medinstrus"]}]}},"_links":{"self":[{"href":"https:\/\/medinstrus.lt\/de\/wp-json\/wp\/v2\/product\/3559","targetHints":{"allow":["GET"]}}],"collection":[{"href":"https:\/\/medinstrus.lt\/de\/wp-json\/wp\/v2\/product"}],"about":[{"href":"https:\/\/medinstrus.lt\/de\/wp-json\/wp\/v2\/types\/product"}],"replies":[{"embeddable":true,"href":"https:\/\/medinstrus.lt\/de\/wp-json\/wp\/v2\/comments?post=3559"}],"wp:featuredmedia":[{"embeddable":true,"href":"https:\/\/medinstrus.lt\/de\/wp-json\/wp\/v2\/media\/2942"}],"wp:attachment":[{"href":"https:\/\/medinstrus.lt\/de\/wp-json\/wp\/v2\/media?parent=3559"}],"wp:term":[{"taxonomy":"product_brand","embeddable":true,"href":"https:\/\/medinstrus.lt\/de\/wp-json\/wp\/v2\/product_brand?post=3559"},{"taxonomy":"product_cat","embeddable":true,"href":"https:\/\/medinstrus.lt\/de\/wp-json\/wp\/v2\/product_cat?post=3559"},{"taxonomy":"product_tag","embeddable":true,"href":"https:\/\/medinstrus.lt\/de\/wp-json\/wp\/v2\/product_tag?post=3559"}],"curies":[{"name":"wp","href":"https:\/\/api.w.org\/{rel}","templated":true}]}}