{"id":3557,"date":"2024-07-11T10:36:11","date_gmt":"2024-07-11T07:36:11","guid":{"rendered":"https:\/\/medinstrus.lt\/product\/alcol-aluminium-saeule\/"},"modified":"2024-07-11T10:36:11","modified_gmt":"2024-07-11T07:36:11","slug":"alcol-aluminium-saeule","status":"publish","type":"product","link":"https:\/\/medinstrus.lt\/de\/produkt\/alcol-aluminium-saeule\/","title":{"rendered":"ALCOL &#8211; Aluminium-S\u00e4ule"},"content":{"rendered":"<p><strong>Wichtige Merkmale:<\/strong><\/p>\n<ul>\n<li><strong>Vielseitige Kompatibilit\u00e4t:<\/strong> Entwickelt, um eine Reihe von ophthalmologischen Ger\u00e4ten zu unterst\u00fctzen, einschlie\u00dflich Kopflampen, Phoropterarme, Projektoren und Monitorhalterungen;<\/li>\n<li><strong>Robuste Konstruktion:<\/strong> Hergestellt aus hochwertigem Aluminium, das eine lange Lebensdauer im klinischen Umfeld gew\u00e4hrleistet;<\/li>\n<li><strong>Stabile Unterst\u00fctzung:<\/strong> Bietet einen zuverl\u00e4ssigen und stabilen Halt f\u00fcr die angeschlossenen Ger\u00e4te und verbessert so die Genauigkeit und Effizienz der Untersuchungen;<\/li>\n<li><strong>Einfache Installation:<\/strong> Das benutzerfreundliche Design sorgt f\u00fcr eine unkomplizierte Installation und l\u00e4sst sich nahtlos in verschiedene klinische Einrichtungen integrieren;<\/li>\n<li><strong>Optionale Komponente:<\/strong> Kann als optionale Komponente f\u00fcr die DeltaQP Refraktionseinheit verwendet werden.<\/li>\n<\/ul>\n<p><strong>Spezifikationen:<\/strong><\/p>\n<ul>\n<li><strong>Material:<\/strong> Hochwertiges Aluminium;<\/li>\n<li><strong>Kompatibilit\u00e4t:<\/strong> Geeignet f\u00fcr Deckenlampen, Phoropterarme, Projektoren, Monitorhalterungen und mehr;<\/li>\n<li><strong>Farbe:<\/strong> Erh\u00e4ltlich in verschiedenen Ausf\u00fchrungen, passend zu Ihrer klinischen Umgebung.<\/li>\n<\/ul>\n<p>Optimieren Sie Ihre klinische Einrichtung mit der ALCOL-Aluminiums\u00e4ule, die eine stabile und vielseitige Unterst\u00fctzung f\u00fcr eine Reihe von ophthalmologischen Ger\u00e4ten bietet. Ihre robuste Konstruktion und einfache Integration machen sie zu einer unverzichtbaren Erg\u00e4nzung f\u00fcr jede moderne Augenarztpraxis und gew\u00e4hrleisten pr\u00e4zise und effiziente Untersuchungen. <\/p>\n<p>&nbsp;<\/p>\n<p>&nbsp;<\/p>\n","protected":false},"excerpt":{"rendered":"<p>Die ALCOL-Aluminiums\u00e4ule ist ein vielseitiges und robustes Tr\u00e4gersystem f\u00fcr verschiedene ophthalmologische Ger\u00e4te, einschlie\u00dflich Deckenlampen, Phoropterarme, Projektoren, Monitorhalterungen und mehr. Diese S\u00e4ule ist ein unverzichtbares Zubeh\u00f6r f\u00fcr die Optimierung Ihrer klinischen Einrichtung. Sie bietet Stabilit\u00e4t und Flexibilit\u00e4t, um die Effizienz der Untersuchung zu steigern. <\/p>\n","protected":false},"featured_media":2990,"comment_status":"closed","ping_status":"closed","template":"","meta":{"_acf_changed":false},"product_brand":[],"product_cat":[287],"product_tag":[],"class_list":{"0":"post-3557","1":"product","2":"type-product","3":"status-publish","4":"has-post-thumbnail","6":"product_cat-zubehor","8":"first","9":"instock","10":"shipping-taxable","11":"product-type-simple"},"acf":[],"gallery_images":[573],"yoast_head":"<!-- This site is optimized with the Yoast SEO Premium plugin v27.1 (Yoast SEO v27.3) - https:\/\/yoast.com\/product\/yoast-seo-premium-wordpress\/ -->\n<title>ALCOL - Aluminium-S\u00e4ule - Medinstrus<\/title>\n<meta name=\"robots\" content=\"index, follow, max-snippet:-1, max-image-preview:large, max-video-preview:-1\" \/>\n<link rel=\"canonical\" href=\"https:\/\/medinstrus.lt\/de\/produkt\/alcol-aluminium-saeule\/\" \/>\n<meta property=\"og:locale\" content=\"de_DE\" \/>\n<meta property=\"og:type\" content=\"article\" \/>\n<meta property=\"og:title\" content=\"ALCOL - Aluminium-S\u00e4ule\" \/>\n<meta property=\"og:description\" content=\"Die ALCOL-Aluminiums\u00e4ule ist ein vielseitiges und robustes Tr\u00e4gersystem f\u00fcr verschiedene ophthalmologische Ger\u00e4te, einschlie\u00dflich Deckenlampen, Phoropterarme, Projektoren, Monitorhalterungen und mehr. Diese S\u00e4ule ist ein unverzichtbares Zubeh\u00f6r f\u00fcr die Optimierung Ihrer klinischen Einrichtung. Sie bietet Stabilit\u00e4t und Flexibilit\u00e4t, um die Effizienz der Untersuchung zu steigern.\" \/>\n<meta property=\"og:url\" content=\"https:\/\/medinstrus.lt\/de\/produkt\/alcol-aluminium-saeule\/\" \/>\n<meta property=\"og:site_name\" content=\"Medinstrus\" \/>\n<meta property=\"article:publisher\" content=\"https:\/\/www.facebook.com\/medinstrus\/\" \/>\n<meta property=\"og:image\" content=\"https:\/\/medinstrus.lt\/wp-content\/uploads\/2024\/07\/medinstrus-ALCOL-Alliuminium-column-back.png\" \/>\n\t<meta property=\"og:image:width\" content=\"1080\" \/>\n\t<meta property=\"og:image:height\" content=\"1350\" \/>\n\t<meta property=\"og:image:type\" content=\"image\/png\" \/>\n<meta name=\"twitter:card\" content=\"summary_large_image\" \/>\n<meta name=\"twitter:label1\" content=\"Gesch\u00e4tzte Lesezeit\" \/>\n\t<meta name=\"twitter:data1\" content=\"1\u00a0Minute\" \/>\n<script type=\"application\/ld+json\" class=\"yoast-schema-graph\">{\"@context\":\"https:\\\/\\\/schema.org\",\"@graph\":[{\"@type\":\"WebPage\",\"@id\":\"https:\\\/\\\/medinstrus.lt\\\/de\\\/produkt\\\/alcol-aluminium-saeule\\\/\",\"url\":\"https:\\\/\\\/medinstrus.lt\\\/de\\\/produkt\\\/alcol-aluminium-saeule\\\/\",\"name\":\"ALCOL - Aluminium-S\u00e4ule - Medinstrus\",\"isPartOf\":{\"@id\":\"https:\\\/\\\/medinstrus.lt\\\/de\\\/#website\"},\"primaryImageOfPage\":{\"@id\":\"https:\\\/\\\/medinstrus.lt\\\/de\\\/produkt\\\/alcol-aluminium-saeule\\\/#primaryimage\"},\"image\":{\"@id\":\"https:\\\/\\\/medinstrus.lt\\\/de\\\/produkt\\\/alcol-aluminium-saeule\\\/#primaryimage\"},\"thumbnailUrl\":\"https:\\\/\\\/medinstrus.lt\\\/wp-content\\\/uploads\\\/2024\\\/07\\\/medinstrus-ALCOL-Alliuminium-column-back.png\",\"datePublished\":\"2024-07-11T07:36:11+00:00\",\"breadcrumb\":{\"@id\":\"https:\\\/\\\/medinstrus.lt\\\/de\\\/produkt\\\/alcol-aluminium-saeule\\\/#breadcrumb\"},\"inLanguage\":\"de\",\"potentialAction\":[{\"@type\":\"ReadAction\",\"target\":[\"https:\\\/\\\/medinstrus.lt\\\/de\\\/produkt\\\/alcol-aluminium-saeule\\\/\"]}]},{\"@type\":\"ImageObject\",\"inLanguage\":\"de\",\"@id\":\"https:\\\/\\\/medinstrus.lt\\\/de\\\/produkt\\\/alcol-aluminium-saeule\\\/#primaryimage\",\"url\":\"https:\\\/\\\/medinstrus.lt\\\/wp-content\\\/uploads\\\/2024\\\/07\\\/medinstrus-ALCOL-Alliuminium-column-back.png\",\"contentUrl\":\"https:\\\/\\\/medinstrus.lt\\\/wp-content\\\/uploads\\\/2024\\\/07\\\/medinstrus-ALCOL-Alliuminium-column-back.png\",\"width\":1080,\"height\":1350},{\"@type\":\"BreadcrumbList\",\"@id\":\"https:\\\/\\\/medinstrus.lt\\\/de\\\/produkt\\\/alcol-aluminium-saeule\\\/#breadcrumb\",\"itemListElement\":[{\"@type\":\"ListItem\",\"position\":1,\"name\":\"Home\",\"item\":\"https:\\\/\\\/medinstrus.lt\\\/de\\\/homepage\\\/\"},{\"@type\":\"ListItem\",\"position\":2,\"name\":\"Shop\",\"item\":\"https:\\\/\\\/medinstrus.lt\\\/de\\\/shop\\\/\"},{\"@type\":\"ListItem\",\"position\":3,\"name\":\"ALCOL &#8211; Aluminium-S\u00e4ule\"}]},{\"@type\":\"WebSite\",\"@id\":\"https:\\\/\\\/medinstrus.lt\\\/de\\\/#website\",\"url\":\"https:\\\/\\\/medinstrus.lt\\\/de\\\/\",\"name\":\"https:\\\/\\\/medinstrus.com\\\/\",\"description\":\"Simplicity combined with functionality.\",\"publisher\":{\"@id\":\"https:\\\/\\\/medinstrus.lt\\\/de\\\/#organization\"},\"potentialAction\":[{\"@type\":\"SearchAction\",\"target\":{\"@type\":\"EntryPoint\",\"urlTemplate\":\"https:\\\/\\\/medinstrus.lt\\\/de\\\/?s={search_term_string}\"},\"query-input\":{\"@type\":\"PropertyValueSpecification\",\"valueRequired\":true,\"valueName\":\"search_term_string\"}}],\"inLanguage\":\"de\"},{\"@type\":\"Organization\",\"@id\":\"https:\\\/\\\/medinstrus.lt\\\/de\\\/#organization\",\"name\":\"Medinstrus\",\"url\":\"https:\\\/\\\/medinstrus.lt\\\/de\\\/\",\"logo\":{\"@type\":\"ImageObject\",\"inLanguage\":\"de\",\"@id\":\"https:\\\/\\\/medinstrus.lt\\\/de\\\/#\\\/schema\\\/logo\\\/image\\\/\",\"url\":\"https:\\\/\\\/medinstrus.lt\\\/wp-content\\\/uploads\\\/2025\\\/02\\\/Medinstrus-v1.png\",\"contentUrl\":\"https:\\\/\\\/medinstrus.lt\\\/wp-content\\\/uploads\\\/2025\\\/02\\\/Medinstrus-v1.png\",\"width\":723,\"height\":96,\"caption\":\"Medinstrus\"},\"image\":{\"@id\":\"https:\\\/\\\/medinstrus.lt\\\/de\\\/#\\\/schema\\\/logo\\\/image\\\/\"},\"sameAs\":[\"https:\\\/\\\/www.facebook.com\\\/medinstrus\\\/\",\"https:\\\/\\\/www.instagram.com\\\/Medinstrus\"]}]}<\/script>\n<!-- \/ Yoast SEO Premium plugin. -->","yoast_head_json":{"title":"ALCOL - Aluminium-S\u00e4ule - Medinstrus","robots":{"index":"index","follow":"follow","max-snippet":"max-snippet:-1","max-image-preview":"max-image-preview:large","max-video-preview":"max-video-preview:-1"},"canonical":"https:\/\/medinstrus.lt\/de\/produkt\/alcol-aluminium-saeule\/","og_locale":"de_DE","og_type":"article","og_title":"ALCOL - Aluminium-S\u00e4ule","og_description":"Die ALCOL-Aluminiums\u00e4ule ist ein vielseitiges und robustes Tr\u00e4gersystem f\u00fcr verschiedene ophthalmologische Ger\u00e4te, einschlie\u00dflich Deckenlampen, Phoropterarme, Projektoren, Monitorhalterungen und mehr. Diese S\u00e4ule ist ein unverzichtbares Zubeh\u00f6r f\u00fcr die Optimierung Ihrer klinischen Einrichtung. Sie bietet Stabilit\u00e4t und Flexibilit\u00e4t, um die Effizienz der Untersuchung zu steigern.","og_url":"https:\/\/medinstrus.lt\/de\/produkt\/alcol-aluminium-saeule\/","og_site_name":"Medinstrus","article_publisher":"https:\/\/www.facebook.com\/medinstrus\/","og_image":[{"width":1080,"height":1350,"url":"https:\/\/medinstrus.lt\/wp-content\/uploads\/2024\/07\/medinstrus-ALCOL-Alliuminium-column-back.png","type":"image\/png"}],"twitter_card":"summary_large_image","twitter_misc":{"Gesch\u00e4tzte Lesezeit":"1\u00a0Minute"},"schema":{"@context":"https:\/\/schema.org","@graph":[{"@type":"WebPage","@id":"https:\/\/medinstrus.lt\/de\/produkt\/alcol-aluminium-saeule\/","url":"https:\/\/medinstrus.lt\/de\/produkt\/alcol-aluminium-saeule\/","name":"ALCOL - Aluminium-S\u00e4ule - Medinstrus","isPartOf":{"@id":"https:\/\/medinstrus.lt\/de\/#website"},"primaryImageOfPage":{"@id":"https:\/\/medinstrus.lt\/de\/produkt\/alcol-aluminium-saeule\/#primaryimage"},"image":{"@id":"https:\/\/medinstrus.lt\/de\/produkt\/alcol-aluminium-saeule\/#primaryimage"},"thumbnailUrl":"https:\/\/medinstrus.lt\/wp-content\/uploads\/2024\/07\/medinstrus-ALCOL-Alliuminium-column-back.png","datePublished":"2024-07-11T07:36:11+00:00","breadcrumb":{"@id":"https:\/\/medinstrus.lt\/de\/produkt\/alcol-aluminium-saeule\/#breadcrumb"},"inLanguage":"de","potentialAction":[{"@type":"ReadAction","target":["https:\/\/medinstrus.lt\/de\/produkt\/alcol-aluminium-saeule\/"]}]},{"@type":"ImageObject","inLanguage":"de","@id":"https:\/\/medinstrus.lt\/de\/produkt\/alcol-aluminium-saeule\/#primaryimage","url":"https:\/\/medinstrus.lt\/wp-content\/uploads\/2024\/07\/medinstrus-ALCOL-Alliuminium-column-back.png","contentUrl":"https:\/\/medinstrus.lt\/wp-content\/uploads\/2024\/07\/medinstrus-ALCOL-Alliuminium-column-back.png","width":1080,"height":1350},{"@type":"BreadcrumbList","@id":"https:\/\/medinstrus.lt\/de\/produkt\/alcol-aluminium-saeule\/#breadcrumb","itemListElement":[{"@type":"ListItem","position":1,"name":"Home","item":"https:\/\/medinstrus.lt\/de\/homepage\/"},{"@type":"ListItem","position":2,"name":"Shop","item":"https:\/\/medinstrus.lt\/de\/shop\/"},{"@type":"ListItem","position":3,"name":"ALCOL &#8211; Aluminium-S\u00e4ule"}]},{"@type":"WebSite","@id":"https:\/\/medinstrus.lt\/de\/#website","url":"https:\/\/medinstrus.lt\/de\/","name":"https:\/\/medinstrus.com\/","description":"Simplicity combined with functionality.","publisher":{"@id":"https:\/\/medinstrus.lt\/de\/#organization"},"potentialAction":[{"@type":"SearchAction","target":{"@type":"EntryPoint","urlTemplate":"https:\/\/medinstrus.lt\/de\/?s={search_term_string}"},"query-input":{"@type":"PropertyValueSpecification","valueRequired":true,"valueName":"search_term_string"}}],"inLanguage":"de"},{"@type":"Organization","@id":"https:\/\/medinstrus.lt\/de\/#organization","name":"Medinstrus","url":"https:\/\/medinstrus.lt\/de\/","logo":{"@type":"ImageObject","inLanguage":"de","@id":"https:\/\/medinstrus.lt\/de\/#\/schema\/logo\/image\/","url":"https:\/\/medinstrus.lt\/wp-content\/uploads\/2025\/02\/Medinstrus-v1.png","contentUrl":"https:\/\/medinstrus.lt\/wp-content\/uploads\/2025\/02\/Medinstrus-v1.png","width":723,"height":96,"caption":"Medinstrus"},"image":{"@id":"https:\/\/medinstrus.lt\/de\/#\/schema\/logo\/image\/"},"sameAs":["https:\/\/www.facebook.com\/medinstrus\/","https:\/\/www.instagram.com\/Medinstrus"]}]}},"_links":{"self":[{"href":"https:\/\/medinstrus.lt\/de\/wp-json\/wp\/v2\/product\/3557","targetHints":{"allow":["GET"]}}],"collection":[{"href":"https:\/\/medinstrus.lt\/de\/wp-json\/wp\/v2\/product"}],"about":[{"href":"https:\/\/medinstrus.lt\/de\/wp-json\/wp\/v2\/types\/product"}],"replies":[{"embeddable":true,"href":"https:\/\/medinstrus.lt\/de\/wp-json\/wp\/v2\/comments?post=3557"}],"wp:featuredmedia":[{"embeddable":true,"href":"https:\/\/medinstrus.lt\/de\/wp-json\/wp\/v2\/media\/2990"}],"wp:attachment":[{"href":"https:\/\/medinstrus.lt\/de\/wp-json\/wp\/v2\/media?parent=3557"}],"wp:term":[{"taxonomy":"product_brand","embeddable":true,"href":"https:\/\/medinstrus.lt\/de\/wp-json\/wp\/v2\/product_brand?post=3557"},{"taxonomy":"product_cat","embeddable":true,"href":"https:\/\/medinstrus.lt\/de\/wp-json\/wp\/v2\/product_cat?post=3557"},{"taxonomy":"product_tag","embeddable":true,"href":"https:\/\/medinstrus.lt\/de\/wp-json\/wp\/v2\/product_tag?post=3557"}],"curies":[{"name":"wp","href":"https:\/\/api.w.org\/{rel}","templated":true}]}}