{"id":3548,"date":"2024-07-11T11:45:59","date_gmt":"2024-07-11T08:45:59","guid":{"rendered":"https:\/\/medinstrus.lt\/product\/fr-feste-seitliche-fussstuetze-fuer-stuhl\/"},"modified":"2024-07-11T11:45:59","modified_gmt":"2024-07-11T08:45:59","slug":"fr-feste-seitliche-fussstuetze-fuer-stuhl","status":"publish","type":"product","link":"https:\/\/medinstrus.lt\/de\/produkt\/fr-feste-seitliche-fussstuetze-fuer-stuhl\/","title":{"rendered":"FR &#8211; Feste seitliche Fu\u00dfst\u00fctze f\u00fcr Stuhl"},"content":{"rendered":"<p><strong>Wichtige Merkmale:<\/strong><\/p>\n<ul>\n<li><strong>Erh\u00f6hter Komfort:<\/strong> Bietet eine stabile und bequeme Plattform f\u00fcr die F\u00fc\u00dfe der Patienten und verbessert so die gesamte Untersuchungserfahrung;<\/li>\n<li><strong>Robuste Konstruktion:<\/strong> Hergestellt aus hochwertigen Materialien, die eine lange Lebensdauer und eine hohe Leistung im klinischen Umfeld gew\u00e4hrleisten;<\/li>\n<li><strong>Festes Design:<\/strong> Das feste Seitendesign bietet zuverl\u00e4ssigen Halt ohne jegliche Bewegung und gew\u00e4hrleistet Stabilit\u00e4t w\u00e4hrend der gesamten Untersuchung;<\/li>\n<li><strong>Einfache Installation:<\/strong> Einfach an verschiedenen Stuhlmodellen zu befestigen, was ihn zu einer vielseitigen Erg\u00e4nzung Ihrer klinischen Ausr\u00fcstung macht;<\/li>\n<li><strong>Anti-Rutsch-Oberfl\u00e4che:<\/strong> Die rutschfeste Oberfl\u00e4che verhindert ein Ausrutschen der F\u00fc\u00dfe und erh\u00f6ht so die Sicherheit und den Komfort des Patienten.<\/li>\n<\/ul>\n<p><strong>Spezifikationen:<\/strong><\/p>\n<ul>\n<li><strong>Material:<\/strong> Hochwertiges, langlebiges Metall mit Anti-Rutsch-Beschichtung<\/li>\n<li><strong>Farbe:<\/strong> Unterschiedlich<\/li>\n<li><strong>Kompatibilit\u00e4t:<\/strong> Kompatibel mit allen unseren Augenarztstuhlmodellen.<\/li>\n<\/ul>\n<p>Verbessern Sie den Patientenkomfort und die Stabilit\u00e4t w\u00e4hrend augen\u00e4rztlicher Untersuchungen mit der FR Fixed Side Foot Rest for Chair. Das robuste Design und die einfache Installation machen sie zu einer wertvollen Erg\u00e4nzung f\u00fcr jede moderne Augenarztpraxis. Sie sorgt daf\u00fcr, dass die Patienten w\u00e4hrend ihres gesamten Besuchs entspannt und bequem bleiben k\u00f6nnen. <\/p>\n<p>&nbsp;<\/p>\n","protected":false},"excerpt":{"rendered":"<p>Die FR Fixed Side Foot Rest for Chair wurde entwickelt, um Patienten w\u00e4hrend augen\u00e4rztlicher Untersuchungen mehr Komfort und Unterst\u00fctzung zu bieten. Diese Fu\u00dfst\u00fctze sorgt daf\u00fcr, dass die Patienten eine entspannte und stabile Haltung einnehmen k\u00f6nnen, was zu genaueren und effizienteren klinischen Verfahren beitr\u00e4gt. <\/p>\n","protected":false},"featured_media":3002,"comment_status":"closed","ping_status":"closed","template":"","meta":{"_acf_changed":false},"product_brand":[],"product_cat":[287],"product_tag":[],"class_list":{"0":"post-3548","1":"product","2":"type-product","3":"status-publish","4":"has-post-thumbnail","6":"product_cat-zubehor","8":"first","9":"instock","10":"shipping-taxable","11":"product-type-simple"},"acf":[],"gallery_images":[583,584],"yoast_head":"<!-- This site is optimized with the Yoast SEO Premium plugin v27.1 (Yoast SEO v27.3) - https:\/\/yoast.com\/product\/yoast-seo-premium-wordpress\/ -->\n<title>FR - Feste seitliche Fu\u00dfst\u00fctze f\u00fcr Stuhl - Medinstrus<\/title>\n<meta name=\"robots\" content=\"index, follow, max-snippet:-1, max-image-preview:large, max-video-preview:-1\" \/>\n<link rel=\"canonical\" href=\"https:\/\/medinstrus.lt\/de\/produkt\/fr-feste-seitliche-fussstuetze-fuer-stuhl\/\" \/>\n<meta property=\"og:locale\" content=\"de_DE\" \/>\n<meta property=\"og:type\" content=\"article\" \/>\n<meta property=\"og:title\" content=\"FR - Feste seitliche Fu\u00dfst\u00fctze f\u00fcr Stuhl\" \/>\n<meta property=\"og:description\" content=\"Die FR Fixed Side Foot Rest for Chair wurde entwickelt, um Patienten w\u00e4hrend augen\u00e4rztlicher Untersuchungen mehr Komfort und Unterst\u00fctzung zu bieten. Diese Fu\u00dfst\u00fctze sorgt daf\u00fcr, dass die Patienten eine entspannte und stabile Haltung einnehmen k\u00f6nnen, was zu genaueren und effizienteren klinischen Verfahren beitr\u00e4gt.\" \/>\n<meta property=\"og:url\" content=\"https:\/\/medinstrus.lt\/de\/produkt\/fr-feste-seitliche-fussstuetze-fuer-stuhl\/\" \/>\n<meta property=\"og:site_name\" content=\"Medinstrus\" \/>\n<meta property=\"article:publisher\" content=\"https:\/\/www.facebook.com\/medinstrus\/\" \/>\n<meta property=\"og:image\" content=\"https:\/\/medinstrus.lt\/wp-content\/uploads\/2024\/07\/medinstrus-FR-Foot-rest-for-the-chair-FIXED-side-scaled.jpg.png\" \/>\n\t<meta property=\"og:image:width\" content=\"1080\" \/>\n\t<meta property=\"og:image:height\" content=\"1350\" \/>\n\t<meta property=\"og:image:type\" content=\"image\/png\" \/>\n<meta name=\"twitter:card\" content=\"summary_large_image\" \/>\n<meta name=\"twitter:label1\" content=\"Gesch\u00e4tzte Lesezeit\" \/>\n\t<meta name=\"twitter:data1\" content=\"1\u00a0Minute\" \/>\n<script type=\"application\/ld+json\" class=\"yoast-schema-graph\">{\"@context\":\"https:\\\/\\\/schema.org\",\"@graph\":[{\"@type\":\"WebPage\",\"@id\":\"https:\\\/\\\/medinstrus.lt\\\/de\\\/produkt\\\/fr-feste-seitliche-fussstuetze-fuer-stuhl\\\/\",\"url\":\"https:\\\/\\\/medinstrus.lt\\\/de\\\/produkt\\\/fr-feste-seitliche-fussstuetze-fuer-stuhl\\\/\",\"name\":\"FR - Feste seitliche Fu\u00dfst\u00fctze f\u00fcr Stuhl - Medinstrus\",\"isPartOf\":{\"@id\":\"https:\\\/\\\/medinstrus.lt\\\/de\\\/#website\"},\"primaryImageOfPage\":{\"@id\":\"https:\\\/\\\/medinstrus.lt\\\/de\\\/produkt\\\/fr-feste-seitliche-fussstuetze-fuer-stuhl\\\/#primaryimage\"},\"image\":{\"@id\":\"https:\\\/\\\/medinstrus.lt\\\/de\\\/produkt\\\/fr-feste-seitliche-fussstuetze-fuer-stuhl\\\/#primaryimage\"},\"thumbnailUrl\":\"https:\\\/\\\/medinstrus.lt\\\/wp-content\\\/uploads\\\/2024\\\/07\\\/medinstrus-FR-Foot-rest-for-the-chair-FIXED-side-scaled.jpg.png\",\"datePublished\":\"2024-07-11T08:45:59+00:00\",\"breadcrumb\":{\"@id\":\"https:\\\/\\\/medinstrus.lt\\\/de\\\/produkt\\\/fr-feste-seitliche-fussstuetze-fuer-stuhl\\\/#breadcrumb\"},\"inLanguage\":\"de\",\"potentialAction\":[{\"@type\":\"ReadAction\",\"target\":[\"https:\\\/\\\/medinstrus.lt\\\/de\\\/produkt\\\/fr-feste-seitliche-fussstuetze-fuer-stuhl\\\/\"]}]},{\"@type\":\"ImageObject\",\"inLanguage\":\"de\",\"@id\":\"https:\\\/\\\/medinstrus.lt\\\/de\\\/produkt\\\/fr-feste-seitliche-fussstuetze-fuer-stuhl\\\/#primaryimage\",\"url\":\"https:\\\/\\\/medinstrus.lt\\\/wp-content\\\/uploads\\\/2024\\\/07\\\/medinstrus-FR-Foot-rest-for-the-chair-FIXED-side-scaled.jpg.png\",\"contentUrl\":\"https:\\\/\\\/medinstrus.lt\\\/wp-content\\\/uploads\\\/2024\\\/07\\\/medinstrus-FR-Foot-rest-for-the-chair-FIXED-side-scaled.jpg.png\",\"width\":1080,\"height\":1350},{\"@type\":\"BreadcrumbList\",\"@id\":\"https:\\\/\\\/medinstrus.lt\\\/de\\\/produkt\\\/fr-feste-seitliche-fussstuetze-fuer-stuhl\\\/#breadcrumb\",\"itemListElement\":[{\"@type\":\"ListItem\",\"position\":1,\"name\":\"Home\",\"item\":\"https:\\\/\\\/medinstrus.lt\\\/de\\\/homepage\\\/\"},{\"@type\":\"ListItem\",\"position\":2,\"name\":\"Shop\",\"item\":\"https:\\\/\\\/medinstrus.lt\\\/de\\\/shop\\\/\"},{\"@type\":\"ListItem\",\"position\":3,\"name\":\"FR &#8211; Feste seitliche Fu\u00dfst\u00fctze f\u00fcr Stuhl\"}]},{\"@type\":\"WebSite\",\"@id\":\"https:\\\/\\\/medinstrus.lt\\\/de\\\/#website\",\"url\":\"https:\\\/\\\/medinstrus.lt\\\/de\\\/\",\"name\":\"https:\\\/\\\/medinstrus.com\\\/\",\"description\":\"Simplicity combined with functionality.\",\"publisher\":{\"@id\":\"https:\\\/\\\/medinstrus.lt\\\/de\\\/#organization\"},\"potentialAction\":[{\"@type\":\"SearchAction\",\"target\":{\"@type\":\"EntryPoint\",\"urlTemplate\":\"https:\\\/\\\/medinstrus.lt\\\/de\\\/?s={search_term_string}\"},\"query-input\":{\"@type\":\"PropertyValueSpecification\",\"valueRequired\":true,\"valueName\":\"search_term_string\"}}],\"inLanguage\":\"de\"},{\"@type\":\"Organization\",\"@id\":\"https:\\\/\\\/medinstrus.lt\\\/de\\\/#organization\",\"name\":\"Medinstrus\",\"url\":\"https:\\\/\\\/medinstrus.lt\\\/de\\\/\",\"logo\":{\"@type\":\"ImageObject\",\"inLanguage\":\"de\",\"@id\":\"https:\\\/\\\/medinstrus.lt\\\/de\\\/#\\\/schema\\\/logo\\\/image\\\/\",\"url\":\"https:\\\/\\\/medinstrus.lt\\\/wp-content\\\/uploads\\\/2025\\\/02\\\/Medinstrus-v1.png\",\"contentUrl\":\"https:\\\/\\\/medinstrus.lt\\\/wp-content\\\/uploads\\\/2025\\\/02\\\/Medinstrus-v1.png\",\"width\":723,\"height\":96,\"caption\":\"Medinstrus\"},\"image\":{\"@id\":\"https:\\\/\\\/medinstrus.lt\\\/de\\\/#\\\/schema\\\/logo\\\/image\\\/\"},\"sameAs\":[\"https:\\\/\\\/www.facebook.com\\\/medinstrus\\\/\",\"https:\\\/\\\/www.instagram.com\\\/Medinstrus\"]}]}<\/script>\n<!-- \/ Yoast SEO Premium plugin. -->","yoast_head_json":{"title":"FR - Feste seitliche Fu\u00dfst\u00fctze f\u00fcr Stuhl - Medinstrus","robots":{"index":"index","follow":"follow","max-snippet":"max-snippet:-1","max-image-preview":"max-image-preview:large","max-video-preview":"max-video-preview:-1"},"canonical":"https:\/\/medinstrus.lt\/de\/produkt\/fr-feste-seitliche-fussstuetze-fuer-stuhl\/","og_locale":"de_DE","og_type":"article","og_title":"FR - Feste seitliche Fu\u00dfst\u00fctze f\u00fcr Stuhl","og_description":"Die FR Fixed Side Foot Rest for Chair wurde entwickelt, um Patienten w\u00e4hrend augen\u00e4rztlicher Untersuchungen mehr Komfort und Unterst\u00fctzung zu bieten. Diese Fu\u00dfst\u00fctze sorgt daf\u00fcr, dass die Patienten eine entspannte und stabile Haltung einnehmen k\u00f6nnen, was zu genaueren und effizienteren klinischen Verfahren beitr\u00e4gt.","og_url":"https:\/\/medinstrus.lt\/de\/produkt\/fr-feste-seitliche-fussstuetze-fuer-stuhl\/","og_site_name":"Medinstrus","article_publisher":"https:\/\/www.facebook.com\/medinstrus\/","og_image":[{"width":1080,"height":1350,"url":"https:\/\/medinstrus.lt\/wp-content\/uploads\/2024\/07\/medinstrus-FR-Foot-rest-for-the-chair-FIXED-side-scaled.jpg.png","type":"image\/png"}],"twitter_card":"summary_large_image","twitter_misc":{"Gesch\u00e4tzte Lesezeit":"1\u00a0Minute"},"schema":{"@context":"https:\/\/schema.org","@graph":[{"@type":"WebPage","@id":"https:\/\/medinstrus.lt\/de\/produkt\/fr-feste-seitliche-fussstuetze-fuer-stuhl\/","url":"https:\/\/medinstrus.lt\/de\/produkt\/fr-feste-seitliche-fussstuetze-fuer-stuhl\/","name":"FR - Feste seitliche Fu\u00dfst\u00fctze f\u00fcr Stuhl - Medinstrus","isPartOf":{"@id":"https:\/\/medinstrus.lt\/de\/#website"},"primaryImageOfPage":{"@id":"https:\/\/medinstrus.lt\/de\/produkt\/fr-feste-seitliche-fussstuetze-fuer-stuhl\/#primaryimage"},"image":{"@id":"https:\/\/medinstrus.lt\/de\/produkt\/fr-feste-seitliche-fussstuetze-fuer-stuhl\/#primaryimage"},"thumbnailUrl":"https:\/\/medinstrus.lt\/wp-content\/uploads\/2024\/07\/medinstrus-FR-Foot-rest-for-the-chair-FIXED-side-scaled.jpg.png","datePublished":"2024-07-11T08:45:59+00:00","breadcrumb":{"@id":"https:\/\/medinstrus.lt\/de\/produkt\/fr-feste-seitliche-fussstuetze-fuer-stuhl\/#breadcrumb"},"inLanguage":"de","potentialAction":[{"@type":"ReadAction","target":["https:\/\/medinstrus.lt\/de\/produkt\/fr-feste-seitliche-fussstuetze-fuer-stuhl\/"]}]},{"@type":"ImageObject","inLanguage":"de","@id":"https:\/\/medinstrus.lt\/de\/produkt\/fr-feste-seitliche-fussstuetze-fuer-stuhl\/#primaryimage","url":"https:\/\/medinstrus.lt\/wp-content\/uploads\/2024\/07\/medinstrus-FR-Foot-rest-for-the-chair-FIXED-side-scaled.jpg.png","contentUrl":"https:\/\/medinstrus.lt\/wp-content\/uploads\/2024\/07\/medinstrus-FR-Foot-rest-for-the-chair-FIXED-side-scaled.jpg.png","width":1080,"height":1350},{"@type":"BreadcrumbList","@id":"https:\/\/medinstrus.lt\/de\/produkt\/fr-feste-seitliche-fussstuetze-fuer-stuhl\/#breadcrumb","itemListElement":[{"@type":"ListItem","position":1,"name":"Home","item":"https:\/\/medinstrus.lt\/de\/homepage\/"},{"@type":"ListItem","position":2,"name":"Shop","item":"https:\/\/medinstrus.lt\/de\/shop\/"},{"@type":"ListItem","position":3,"name":"FR &#8211; Feste seitliche Fu\u00dfst\u00fctze f\u00fcr Stuhl"}]},{"@type":"WebSite","@id":"https:\/\/medinstrus.lt\/de\/#website","url":"https:\/\/medinstrus.lt\/de\/","name":"https:\/\/medinstrus.com\/","description":"Simplicity combined with functionality.","publisher":{"@id":"https:\/\/medinstrus.lt\/de\/#organization"},"potentialAction":[{"@type":"SearchAction","target":{"@type":"EntryPoint","urlTemplate":"https:\/\/medinstrus.lt\/de\/?s={search_term_string}"},"query-input":{"@type":"PropertyValueSpecification","valueRequired":true,"valueName":"search_term_string"}}],"inLanguage":"de"},{"@type":"Organization","@id":"https:\/\/medinstrus.lt\/de\/#organization","name":"Medinstrus","url":"https:\/\/medinstrus.lt\/de\/","logo":{"@type":"ImageObject","inLanguage":"de","@id":"https:\/\/medinstrus.lt\/de\/#\/schema\/logo\/image\/","url":"https:\/\/medinstrus.lt\/wp-content\/uploads\/2025\/02\/Medinstrus-v1.png","contentUrl":"https:\/\/medinstrus.lt\/wp-content\/uploads\/2025\/02\/Medinstrus-v1.png","width":723,"height":96,"caption":"Medinstrus"},"image":{"@id":"https:\/\/medinstrus.lt\/de\/#\/schema\/logo\/image\/"},"sameAs":["https:\/\/www.facebook.com\/medinstrus\/","https:\/\/www.instagram.com\/Medinstrus"]}]}},"_links":{"self":[{"href":"https:\/\/medinstrus.lt\/de\/wp-json\/wp\/v2\/product\/3548","targetHints":{"allow":["GET"]}}],"collection":[{"href":"https:\/\/medinstrus.lt\/de\/wp-json\/wp\/v2\/product"}],"about":[{"href":"https:\/\/medinstrus.lt\/de\/wp-json\/wp\/v2\/types\/product"}],"replies":[{"embeddable":true,"href":"https:\/\/medinstrus.lt\/de\/wp-json\/wp\/v2\/comments?post=3548"}],"wp:featuredmedia":[{"embeddable":true,"href":"https:\/\/medinstrus.lt\/de\/wp-json\/wp\/v2\/media\/3002"}],"wp:attachment":[{"href":"https:\/\/medinstrus.lt\/de\/wp-json\/wp\/v2\/media?parent=3548"}],"wp:term":[{"taxonomy":"product_brand","embeddable":true,"href":"https:\/\/medinstrus.lt\/de\/wp-json\/wp\/v2\/product_brand?post=3548"},{"taxonomy":"product_cat","embeddable":true,"href":"https:\/\/medinstrus.lt\/de\/wp-json\/wp\/v2\/product_cat?post=3548"},{"taxonomy":"product_tag","embeddable":true,"href":"https:\/\/medinstrus.lt\/de\/wp-json\/wp\/v2\/product_tag?post=3548"}],"curies":[{"name":"wp","href":"https:\/\/api.w.org\/{rel}","templated":true}]}}