{"id":3546,"date":"2024-07-11T13:43:42","date_gmt":"2024-07-11T10:43:42","guid":{"rendered":"https:\/\/medinstrus.lt\/product\/ep-vertikaler-elektrischer-phoropterarm\/"},"modified":"2024-07-11T13:43:42","modified_gmt":"2024-07-11T10:43:42","slug":"ep-vertikaler-elektrischer-phoropterarm","status":"publish","type":"product","link":"https:\/\/medinstrus.lt\/de\/produkt\/ep-vertikaler-elektrischer-phoropterarm\/","title":{"rendered":"EP &#8211; Vertikaler elektrischer Phoropterarm"},"content":{"rendered":"<p><strong>Wichtige Merkmale:<\/strong><\/p>\n<ul>\n<li><strong>Elektrisch betrieben:<\/strong> Ein elektrischer Mechanismus sorgt f\u00fcr eine einfache und pr\u00e4zise Einstellung, was die Belastung verringert und die Benutzung erleichtert;<\/li>\n<li><strong>Langlebige Konstruktion:<\/strong> Hergestellt aus hochwertigen Materialien, um eine lang anhaltende Leistung und Zuverl\u00e4ssigkeit im klinischen Umfeld zu gew\u00e4hrleisten;<\/li>\n<li><strong>Sanfte Bewegung:<\/strong> Sorgt f\u00fcr eine gleichm\u00e4\u00dfige und stabile Positionierung des Phoropters und verbessert so die Genauigkeit der ophthalmologischen Messungen und Beurteilungen;<\/li>\n<li><strong>Einfache Installation:<\/strong> Entwickelt f\u00fcr die einfache Installation auf kompatiblen St\u00e4ndern und Untersuchungseinheiten;<\/li>\n<li><strong>Verbesserte Pr\u00e4zision:<\/strong> Erm\u00f6glicht eine pr\u00e4zise Positionierung des Phoropters und verbessert so die Genauigkeit und Effizienz von Untersuchungen.<\/li>\n<\/ul>\n<p><strong>Spezifikationen:<\/strong><\/p>\n<ul>\n<li><strong>Material: <\/strong>Hochwertige, langlebige Metall- und Kunststoffkomponenten<\/li>\n<li><strong>Farbe: <\/strong>Verschiedene Farben<\/li>\n<li><strong>Kompatibilit\u00e4t:<\/strong> Kompatibel mit allen Phoroptern und unseren Untersuchungseinheiten<\/li>\n<\/ul>\n<p>Optimieren Sie die Effizienz und Genauigkeit Ihrer ophthalmologischen Untersuchungen mit dem vertikalen elektrischen Phoropterarm EP. Seine robuste Konstruktion und sein benutzerfreundliches Design machen ihn zu einem unverzichtbaren Werkzeug f\u00fcr jede moderne Augenarztpraxis, das sowohl den Patienten als auch den \u00c4rzten ein H\u00f6chstma\u00df an Komfort und Pr\u00e4zision bietet. <\/p>\n<p>&nbsp;<\/p>\n","protected":false},"excerpt":{"rendered":"<p>Der EP Vertical Electrical Phoropter Arm wurde entwickelt, um eine pr\u00e4zise und m\u00fchelose Positionierung des Phoropters zu erm\u00f6glichen und so die Effizienz und Genauigkeit von ophthalmologischen Untersuchungen zu verbessern. Dieser elektrisch betriebene Arm sorgt f\u00fcr eine reibungslose und stabile Bewegung und bietet so optimalen Patientenkomfort und Komfort f\u00fcr den Arzt. <\/p>\n","protected":false},"featured_media":2996,"comment_status":"closed","ping_status":"closed","template":"","meta":{"_acf_changed":false},"product_brand":[],"product_cat":[287],"product_tag":[],"class_list":{"0":"post-3546","1":"product","2":"type-product","3":"status-publish","4":"has-post-thumbnail","6":"product_cat-zubehor","8":"first","9":"instock","10":"shipping-taxable","11":"product-type-simple"},"acf":[],"gallery_images":[607],"yoast_head":"<!-- This site is optimized with the Yoast SEO Premium plugin v27.1 (Yoast SEO v27.4) - https:\/\/yoast.com\/product\/yoast-seo-premium-wordpress\/ -->\n<title>EP - Vertikaler elektrischer Phoropterarm - Medinstrus<\/title>\n<meta name=\"robots\" content=\"index, follow, max-snippet:-1, max-image-preview:large, max-video-preview:-1\" \/>\n<link rel=\"canonical\" href=\"https:\/\/medinstrus.lt\/de\/produkt\/ep-vertikaler-elektrischer-phoropterarm\/\" \/>\n<meta property=\"og:locale\" content=\"de_DE\" \/>\n<meta property=\"og:type\" content=\"article\" \/>\n<meta property=\"og:title\" content=\"EP - Vertikaler elektrischer Phoropterarm\" \/>\n<meta property=\"og:description\" content=\"Der EP Vertical Electrical Phoropter Arm wurde entwickelt, um eine pr\u00e4zise und m\u00fchelose Positionierung des Phoropters zu erm\u00f6glichen und so die Effizienz und Genauigkeit von ophthalmologischen Untersuchungen zu verbessern. Dieser elektrisch betriebene Arm sorgt f\u00fcr eine reibungslose und stabile Bewegung und bietet so optimalen Patientenkomfort und Komfort f\u00fcr den Arzt.\" \/>\n<meta property=\"og:url\" content=\"https:\/\/medinstrus.lt\/de\/produkt\/ep-vertikaler-elektrischer-phoropterarm\/\" \/>\n<meta property=\"og:site_name\" content=\"Medinstrus\" \/>\n<meta property=\"article:publisher\" content=\"https:\/\/www.facebook.com\/medinstrus\/\" \/>\n<meta property=\"og:image\" content=\"https:\/\/medinstrus.lt\/wp-content\/uploads\/2024\/07\/Medinstrus_accessoires_EP_Vertical_Electrical_Phoropter_arm_top-scaled.jpg.png\" \/>\n\t<meta property=\"og:image:width\" content=\"1080\" \/>\n\t<meta property=\"og:image:height\" content=\"1350\" \/>\n\t<meta property=\"og:image:type\" content=\"image\/png\" \/>\n<meta name=\"twitter:card\" content=\"summary_large_image\" \/>\n<meta name=\"twitter:label1\" content=\"Gesch\u00e4tzte Lesezeit\" \/>\n\t<meta name=\"twitter:data1\" content=\"1\u00a0Minute\" \/>\n<script type=\"application\/ld+json\" class=\"yoast-schema-graph\">{\"@context\":\"https:\\\/\\\/schema.org\",\"@graph\":[{\"@type\":\"WebPage\",\"@id\":\"https:\\\/\\\/medinstrus.lt\\\/de\\\/produkt\\\/ep-vertikaler-elektrischer-phoropterarm\\\/\",\"url\":\"https:\\\/\\\/medinstrus.lt\\\/de\\\/produkt\\\/ep-vertikaler-elektrischer-phoropterarm\\\/\",\"name\":\"EP - Vertikaler elektrischer Phoropterarm - Medinstrus\",\"isPartOf\":{\"@id\":\"https:\\\/\\\/medinstrus.lt\\\/de\\\/#website\"},\"primaryImageOfPage\":{\"@id\":\"https:\\\/\\\/medinstrus.lt\\\/de\\\/produkt\\\/ep-vertikaler-elektrischer-phoropterarm\\\/#primaryimage\"},\"image\":{\"@id\":\"https:\\\/\\\/medinstrus.lt\\\/de\\\/produkt\\\/ep-vertikaler-elektrischer-phoropterarm\\\/#primaryimage\"},\"thumbnailUrl\":\"https:\\\/\\\/medinstrus.lt\\\/wp-content\\\/uploads\\\/2024\\\/07\\\/Medinstrus_accessoires_EP_Vertical_Electrical_Phoropter_arm_top-scaled.jpg.png\",\"datePublished\":\"2024-07-11T10:43:42+00:00\",\"breadcrumb\":{\"@id\":\"https:\\\/\\\/medinstrus.lt\\\/de\\\/produkt\\\/ep-vertikaler-elektrischer-phoropterarm\\\/#breadcrumb\"},\"inLanguage\":\"de\",\"potentialAction\":[{\"@type\":\"ReadAction\",\"target\":[\"https:\\\/\\\/medinstrus.lt\\\/de\\\/produkt\\\/ep-vertikaler-elektrischer-phoropterarm\\\/\"]}]},{\"@type\":\"ImageObject\",\"inLanguage\":\"de\",\"@id\":\"https:\\\/\\\/medinstrus.lt\\\/de\\\/produkt\\\/ep-vertikaler-elektrischer-phoropterarm\\\/#primaryimage\",\"url\":\"https:\\\/\\\/medinstrus.lt\\\/wp-content\\\/uploads\\\/2024\\\/07\\\/Medinstrus_accessoires_EP_Vertical_Electrical_Phoropter_arm_top-scaled.jpg.png\",\"contentUrl\":\"https:\\\/\\\/medinstrus.lt\\\/wp-content\\\/uploads\\\/2024\\\/07\\\/Medinstrus_accessoires_EP_Vertical_Electrical_Phoropter_arm_top-scaled.jpg.png\",\"width\":1080,\"height\":1350},{\"@type\":\"BreadcrumbList\",\"@id\":\"https:\\\/\\\/medinstrus.lt\\\/de\\\/produkt\\\/ep-vertikaler-elektrischer-phoropterarm\\\/#breadcrumb\",\"itemListElement\":[{\"@type\":\"ListItem\",\"position\":1,\"name\":\"Home\",\"item\":\"https:\\\/\\\/medinstrus.lt\\\/de\\\/homepage\\\/\"},{\"@type\":\"ListItem\",\"position\":2,\"name\":\"Shop\",\"item\":\"https:\\\/\\\/medinstrus.lt\\\/de\\\/shop\\\/\"},{\"@type\":\"ListItem\",\"position\":3,\"name\":\"EP &#8211; Vertikaler elektrischer Phoropterarm\"}]},{\"@type\":\"WebSite\",\"@id\":\"https:\\\/\\\/medinstrus.lt\\\/de\\\/#website\",\"url\":\"https:\\\/\\\/medinstrus.lt\\\/de\\\/\",\"name\":\"https:\\\/\\\/medinstrus.com\\\/\",\"description\":\"Simplicity combined with functionality.\",\"publisher\":{\"@id\":\"https:\\\/\\\/medinstrus.lt\\\/de\\\/#organization\"},\"potentialAction\":[{\"@type\":\"SearchAction\",\"target\":{\"@type\":\"EntryPoint\",\"urlTemplate\":\"https:\\\/\\\/medinstrus.lt\\\/de\\\/?s={search_term_string}\"},\"query-input\":{\"@type\":\"PropertyValueSpecification\",\"valueRequired\":true,\"valueName\":\"search_term_string\"}}],\"inLanguage\":\"de\"},{\"@type\":\"Organization\",\"@id\":\"https:\\\/\\\/medinstrus.lt\\\/de\\\/#organization\",\"name\":\"Medinstrus\",\"url\":\"https:\\\/\\\/medinstrus.lt\\\/de\\\/\",\"logo\":{\"@type\":\"ImageObject\",\"inLanguage\":\"de\",\"@id\":\"https:\\\/\\\/medinstrus.lt\\\/de\\\/#\\\/schema\\\/logo\\\/image\\\/\",\"url\":\"https:\\\/\\\/medinstrus.lt\\\/wp-content\\\/uploads\\\/2025\\\/02\\\/Medinstrus-v1.png\",\"contentUrl\":\"https:\\\/\\\/medinstrus.lt\\\/wp-content\\\/uploads\\\/2025\\\/02\\\/Medinstrus-v1.png\",\"width\":723,\"height\":96,\"caption\":\"Medinstrus\"},\"image\":{\"@id\":\"https:\\\/\\\/medinstrus.lt\\\/de\\\/#\\\/schema\\\/logo\\\/image\\\/\"},\"sameAs\":[\"https:\\\/\\\/www.facebook.com\\\/medinstrus\\\/\",\"https:\\\/\\\/www.instagram.com\\\/Medinstrus\"]}]}<\/script>\n<!-- \/ Yoast SEO Premium plugin. -->","yoast_head_json":{"title":"EP - Vertikaler elektrischer Phoropterarm - Medinstrus","robots":{"index":"index","follow":"follow","max-snippet":"max-snippet:-1","max-image-preview":"max-image-preview:large","max-video-preview":"max-video-preview:-1"},"canonical":"https:\/\/medinstrus.lt\/de\/produkt\/ep-vertikaler-elektrischer-phoropterarm\/","og_locale":"de_DE","og_type":"article","og_title":"EP - Vertikaler elektrischer Phoropterarm","og_description":"Der EP Vertical Electrical Phoropter Arm wurde entwickelt, um eine pr\u00e4zise und m\u00fchelose Positionierung des Phoropters zu erm\u00f6glichen und so die Effizienz und Genauigkeit von ophthalmologischen Untersuchungen zu verbessern. Dieser elektrisch betriebene Arm sorgt f\u00fcr eine reibungslose und stabile Bewegung und bietet so optimalen Patientenkomfort und Komfort f\u00fcr den Arzt.","og_url":"https:\/\/medinstrus.lt\/de\/produkt\/ep-vertikaler-elektrischer-phoropterarm\/","og_site_name":"Medinstrus","article_publisher":"https:\/\/www.facebook.com\/medinstrus\/","og_image":[{"width":1080,"height":1350,"url":"https:\/\/medinstrus.lt\/wp-content\/uploads\/2024\/07\/Medinstrus_accessoires_EP_Vertical_Electrical_Phoropter_arm_top-scaled.jpg.png","type":"image\/png"}],"twitter_card":"summary_large_image","twitter_misc":{"Gesch\u00e4tzte Lesezeit":"1\u00a0Minute"},"schema":{"@context":"https:\/\/schema.org","@graph":[{"@type":"WebPage","@id":"https:\/\/medinstrus.lt\/de\/produkt\/ep-vertikaler-elektrischer-phoropterarm\/","url":"https:\/\/medinstrus.lt\/de\/produkt\/ep-vertikaler-elektrischer-phoropterarm\/","name":"EP - Vertikaler elektrischer Phoropterarm - Medinstrus","isPartOf":{"@id":"https:\/\/medinstrus.lt\/de\/#website"},"primaryImageOfPage":{"@id":"https:\/\/medinstrus.lt\/de\/produkt\/ep-vertikaler-elektrischer-phoropterarm\/#primaryimage"},"image":{"@id":"https:\/\/medinstrus.lt\/de\/produkt\/ep-vertikaler-elektrischer-phoropterarm\/#primaryimage"},"thumbnailUrl":"https:\/\/medinstrus.lt\/wp-content\/uploads\/2024\/07\/Medinstrus_accessoires_EP_Vertical_Electrical_Phoropter_arm_top-scaled.jpg.png","datePublished":"2024-07-11T10:43:42+00:00","breadcrumb":{"@id":"https:\/\/medinstrus.lt\/de\/produkt\/ep-vertikaler-elektrischer-phoropterarm\/#breadcrumb"},"inLanguage":"de","potentialAction":[{"@type":"ReadAction","target":["https:\/\/medinstrus.lt\/de\/produkt\/ep-vertikaler-elektrischer-phoropterarm\/"]}]},{"@type":"ImageObject","inLanguage":"de","@id":"https:\/\/medinstrus.lt\/de\/produkt\/ep-vertikaler-elektrischer-phoropterarm\/#primaryimage","url":"https:\/\/medinstrus.lt\/wp-content\/uploads\/2024\/07\/Medinstrus_accessoires_EP_Vertical_Electrical_Phoropter_arm_top-scaled.jpg.png","contentUrl":"https:\/\/medinstrus.lt\/wp-content\/uploads\/2024\/07\/Medinstrus_accessoires_EP_Vertical_Electrical_Phoropter_arm_top-scaled.jpg.png","width":1080,"height":1350},{"@type":"BreadcrumbList","@id":"https:\/\/medinstrus.lt\/de\/produkt\/ep-vertikaler-elektrischer-phoropterarm\/#breadcrumb","itemListElement":[{"@type":"ListItem","position":1,"name":"Home","item":"https:\/\/medinstrus.lt\/de\/homepage\/"},{"@type":"ListItem","position":2,"name":"Shop","item":"https:\/\/medinstrus.lt\/de\/shop\/"},{"@type":"ListItem","position":3,"name":"EP &#8211; Vertikaler elektrischer Phoropterarm"}]},{"@type":"WebSite","@id":"https:\/\/medinstrus.lt\/de\/#website","url":"https:\/\/medinstrus.lt\/de\/","name":"https:\/\/medinstrus.com\/","description":"Simplicity combined with functionality.","publisher":{"@id":"https:\/\/medinstrus.lt\/de\/#organization"},"potentialAction":[{"@type":"SearchAction","target":{"@type":"EntryPoint","urlTemplate":"https:\/\/medinstrus.lt\/de\/?s={search_term_string}"},"query-input":{"@type":"PropertyValueSpecification","valueRequired":true,"valueName":"search_term_string"}}],"inLanguage":"de"},{"@type":"Organization","@id":"https:\/\/medinstrus.lt\/de\/#organization","name":"Medinstrus","url":"https:\/\/medinstrus.lt\/de\/","logo":{"@type":"ImageObject","inLanguage":"de","@id":"https:\/\/medinstrus.lt\/de\/#\/schema\/logo\/image\/","url":"https:\/\/medinstrus.lt\/wp-content\/uploads\/2025\/02\/Medinstrus-v1.png","contentUrl":"https:\/\/medinstrus.lt\/wp-content\/uploads\/2025\/02\/Medinstrus-v1.png","width":723,"height":96,"caption":"Medinstrus"},"image":{"@id":"https:\/\/medinstrus.lt\/de\/#\/schema\/logo\/image\/"},"sameAs":["https:\/\/www.facebook.com\/medinstrus\/","https:\/\/www.instagram.com\/Medinstrus"]}]}},"_links":{"self":[{"href":"https:\/\/medinstrus.lt\/de\/wp-json\/wp\/v2\/product\/3546","targetHints":{"allow":["GET"]}}],"collection":[{"href":"https:\/\/medinstrus.lt\/de\/wp-json\/wp\/v2\/product"}],"about":[{"href":"https:\/\/medinstrus.lt\/de\/wp-json\/wp\/v2\/types\/product"}],"replies":[{"embeddable":true,"href":"https:\/\/medinstrus.lt\/de\/wp-json\/wp\/v2\/comments?post=3546"}],"wp:featuredmedia":[{"embeddable":true,"href":"https:\/\/medinstrus.lt\/de\/wp-json\/wp\/v2\/media\/2996"}],"wp:attachment":[{"href":"https:\/\/medinstrus.lt\/de\/wp-json\/wp\/v2\/media?parent=3546"}],"wp:term":[{"taxonomy":"product_brand","embeddable":true,"href":"https:\/\/medinstrus.lt\/de\/wp-json\/wp\/v2\/product_brand?post=3546"},{"taxonomy":"product_cat","embeddable":true,"href":"https:\/\/medinstrus.lt\/de\/wp-json\/wp\/v2\/product_cat?post=3546"},{"taxonomy":"product_tag","embeddable":true,"href":"https:\/\/medinstrus.lt\/de\/wp-json\/wp\/v2\/product_tag?post=3546"}],"curies":[{"name":"wp","href":"https:\/\/api.w.org\/{rel}","templated":true}]}}