{"id":3543,"date":"2024-07-11T11:57:00","date_gmt":"2024-07-11T08:57:00","guid":{"rendered":"https:\/\/medinstrus.lt\/product\/tfr-roehrenfoermige-fussstuetze\/"},"modified":"2024-07-11T11:57:00","modified_gmt":"2024-07-11T08:57:00","slug":"tfr-roehrenfoermige-fussstuetze","status":"publish","type":"product","link":"https:\/\/medinstrus.lt\/de\/produkt\/tfr-roehrenfoermige-fussstuetze\/","title":{"rendered":"TFR &#8211; R\u00f6hrenf\u00f6rmige Fu\u00dfst\u00fctze"},"content":{"rendered":"<p><strong>Wichtige Merkmale:<\/strong><\/p>\n<ul>\n<li><strong>Ergonomisches Design:<\/strong> Das r\u00f6hrenf\u00f6rmige Design bietet eine bequeme und ergonomische Unterst\u00fctzung f\u00fcr die F\u00fc\u00dfe der Patienten und verbessert die gesamte Untersuchungserfahrung;<\/li>\n<li><strong>Robuste Konstruktion:<\/strong> Hergestellt aus hochwertigen Materialien, die eine lange Lebensdauer und eine hohe Leistung im klinischen Umfeld gew\u00e4hrleisten;<\/li>\n<li><strong>Einfache Installation:<\/strong> Entwickelt f\u00fcr eine schnelle und unkomplizierte Installation, kompatibel mit einer Vielzahl von Stuhlmodellen;<\/li>\n<li><strong>Stabile Unterst\u00fctzung:<\/strong> Bietet eine stabile Plattform f\u00fcr die F\u00fc\u00dfe des Patienten, verhindert ein Abrutschen und sorgt f\u00fcr einen sicheren Stand;<\/li>\n<li><strong>Geringer Wartungsaufwand:<\/strong> Das schlichte Design und die hochwertigen Materialien machen es leicht zu reinigen und zu pflegen und sorgen daf\u00fcr, dass es in hervorragendem Zustand bleibt.<\/li>\n<\/ul>\n<p><strong>Spezifikationen:<\/strong><\/p>\n<ul>\n<li><strong>Material:<\/strong> Hochwertiges, langlebiges Metall<\/li>\n<li><strong>Farbe:<\/strong> Verschiedene Farben<\/li>\n<li><strong>Kompatibilit\u00e4t:<\/strong> Kompatibel mit allen Modellen unserer ophthalmologischen St\u00fchle<\/li>\n<\/ul>\n<p>Verbessern Sie den Komfort und die Stabilit\u00e4t des Patienten w\u00e4hrend augen\u00e4rztlicher Untersuchungen mit der TFR Tube Type Foot Rest. Ihre robuste Konstruktion und ihr ergonomisches Design machen sie zu einer wertvollen Erg\u00e4nzung f\u00fcr jede moderne Augenarztpraxis. Sie sorgt daf\u00fcr, dass die Patienten w\u00e4hrend ihres gesamten Besuchs entspannt und bequem bleiben. <\/p>\n<p>&nbsp;<\/p>\n","protected":false},"excerpt":{"rendered":"<p>Die r\u00f6hrenf\u00f6rmige Fu\u00dfst\u00fctze TFR wurde entwickelt, um Patienten bei augen\u00e4rztlichen Untersuchungen eine robuste und komfortable Unterst\u00fctzung zu bieten. Diese Fu\u00dfst\u00fctze ist r\u00f6hrenf\u00f6rmig und bietet Stabilit\u00e4t und Benutzerfreundlichkeit, so dass die Patienten w\u00e4hrend der gesamten Untersuchung eine entspannte Haltung einnehmen k\u00f6nnen. <\/p>\n","protected":false},"featured_media":3030,"comment_status":"closed","ping_status":"closed","template":"","meta":{"_acf_changed":false},"product_brand":[],"product_cat":[287],"product_tag":[],"class_list":{"0":"post-3543","1":"product","2":"type-product","3":"status-publish","4":"has-post-thumbnail","6":"product_cat-zubehor","8":"first","9":"instock","10":"shipping-taxable","11":"product-type-simple"},"acf":[],"gallery_images":[592,593,594],"yoast_head":"<!-- This site is optimized with the Yoast SEO Premium plugin v27.1 (Yoast SEO v27.4) - https:\/\/yoast.com\/product\/yoast-seo-premium-wordpress\/ -->\n<title>TFR - R\u00f6hrenf\u00f6rmige Fu\u00dfst\u00fctze - Medinstrus<\/title>\n<meta name=\"robots\" content=\"index, follow, max-snippet:-1, max-image-preview:large, max-video-preview:-1\" \/>\n<link rel=\"canonical\" href=\"https:\/\/medinstrus.lt\/de\/produkt\/tfr-roehrenfoermige-fussstuetze\/\" \/>\n<meta property=\"og:locale\" content=\"de_DE\" \/>\n<meta property=\"og:type\" content=\"article\" \/>\n<meta property=\"og:title\" content=\"TFR - R\u00f6hrenf\u00f6rmige Fu\u00dfst\u00fctze\" \/>\n<meta property=\"og:description\" content=\"Die r\u00f6hrenf\u00f6rmige Fu\u00dfst\u00fctze TFR wurde entwickelt, um Patienten bei augen\u00e4rztlichen Untersuchungen eine robuste und komfortable Unterst\u00fctzung zu bieten. Diese Fu\u00dfst\u00fctze ist r\u00f6hrenf\u00f6rmig und bietet Stabilit\u00e4t und Benutzerfreundlichkeit, so dass die Patienten w\u00e4hrend der gesamten Untersuchung eine entspannte Haltung einnehmen k\u00f6nnen.\" \/>\n<meta property=\"og:url\" content=\"https:\/\/medinstrus.lt\/de\/produkt\/tfr-roehrenfoermige-fussstuetze\/\" \/>\n<meta property=\"og:site_name\" content=\"Medinstrus\" \/>\n<meta property=\"article:publisher\" content=\"https:\/\/www.facebook.com\/medinstrus\/\" \/>\n<meta property=\"og:image\" content=\"https:\/\/medinstrus.lt\/wp-content\/uploads\/2024\/07\/medinstrus-TFR-Tube-type-foot-rest-b-scaled.jpg.png\" \/>\n\t<meta property=\"og:image:width\" content=\"1080\" \/>\n\t<meta property=\"og:image:height\" content=\"1350\" \/>\n\t<meta property=\"og:image:type\" content=\"image\/png\" \/>\n<meta name=\"twitter:card\" content=\"summary_large_image\" \/>\n<meta name=\"twitter:label1\" content=\"Gesch\u00e4tzte Lesezeit\" \/>\n\t<meta name=\"twitter:data1\" content=\"1\u00a0Minute\" \/>\n<script type=\"application\/ld+json\" class=\"yoast-schema-graph\">{\"@context\":\"https:\\\/\\\/schema.org\",\"@graph\":[{\"@type\":\"WebPage\",\"@id\":\"https:\\\/\\\/medinstrus.lt\\\/de\\\/produkt\\\/tfr-roehrenfoermige-fussstuetze\\\/\",\"url\":\"https:\\\/\\\/medinstrus.lt\\\/de\\\/produkt\\\/tfr-roehrenfoermige-fussstuetze\\\/\",\"name\":\"TFR - R\u00f6hrenf\u00f6rmige Fu\u00dfst\u00fctze - Medinstrus\",\"isPartOf\":{\"@id\":\"https:\\\/\\\/medinstrus.lt\\\/de\\\/#website\"},\"primaryImageOfPage\":{\"@id\":\"https:\\\/\\\/medinstrus.lt\\\/de\\\/produkt\\\/tfr-roehrenfoermige-fussstuetze\\\/#primaryimage\"},\"image\":{\"@id\":\"https:\\\/\\\/medinstrus.lt\\\/de\\\/produkt\\\/tfr-roehrenfoermige-fussstuetze\\\/#primaryimage\"},\"thumbnailUrl\":\"https:\\\/\\\/medinstrus.lt\\\/wp-content\\\/uploads\\\/2024\\\/07\\\/medinstrus-TFR-Tube-type-foot-rest-b-scaled.jpg.png\",\"datePublished\":\"2024-07-11T08:57:00+00:00\",\"breadcrumb\":{\"@id\":\"https:\\\/\\\/medinstrus.lt\\\/de\\\/produkt\\\/tfr-roehrenfoermige-fussstuetze\\\/#breadcrumb\"},\"inLanguage\":\"de\",\"potentialAction\":[{\"@type\":\"ReadAction\",\"target\":[\"https:\\\/\\\/medinstrus.lt\\\/de\\\/produkt\\\/tfr-roehrenfoermige-fussstuetze\\\/\"]}]},{\"@type\":\"ImageObject\",\"inLanguage\":\"de\",\"@id\":\"https:\\\/\\\/medinstrus.lt\\\/de\\\/produkt\\\/tfr-roehrenfoermige-fussstuetze\\\/#primaryimage\",\"url\":\"https:\\\/\\\/medinstrus.lt\\\/wp-content\\\/uploads\\\/2024\\\/07\\\/medinstrus-TFR-Tube-type-foot-rest-b-scaled.jpg.png\",\"contentUrl\":\"https:\\\/\\\/medinstrus.lt\\\/wp-content\\\/uploads\\\/2024\\\/07\\\/medinstrus-TFR-Tube-type-foot-rest-b-scaled.jpg.png\",\"width\":1080,\"height\":1350},{\"@type\":\"BreadcrumbList\",\"@id\":\"https:\\\/\\\/medinstrus.lt\\\/de\\\/produkt\\\/tfr-roehrenfoermige-fussstuetze\\\/#breadcrumb\",\"itemListElement\":[{\"@type\":\"ListItem\",\"position\":1,\"name\":\"Home\",\"item\":\"https:\\\/\\\/medinstrus.lt\\\/de\\\/homepage\\\/\"},{\"@type\":\"ListItem\",\"position\":2,\"name\":\"Shop\",\"item\":\"https:\\\/\\\/medinstrus.lt\\\/de\\\/shop\\\/\"},{\"@type\":\"ListItem\",\"position\":3,\"name\":\"TFR &#8211; R\u00f6hrenf\u00f6rmige Fu\u00dfst\u00fctze\"}]},{\"@type\":\"WebSite\",\"@id\":\"https:\\\/\\\/medinstrus.lt\\\/de\\\/#website\",\"url\":\"https:\\\/\\\/medinstrus.lt\\\/de\\\/\",\"name\":\"https:\\\/\\\/medinstrus.com\\\/\",\"description\":\"Simplicity combined with functionality.\",\"publisher\":{\"@id\":\"https:\\\/\\\/medinstrus.lt\\\/de\\\/#organization\"},\"potentialAction\":[{\"@type\":\"SearchAction\",\"target\":{\"@type\":\"EntryPoint\",\"urlTemplate\":\"https:\\\/\\\/medinstrus.lt\\\/de\\\/?s={search_term_string}\"},\"query-input\":{\"@type\":\"PropertyValueSpecification\",\"valueRequired\":true,\"valueName\":\"search_term_string\"}}],\"inLanguage\":\"de\"},{\"@type\":\"Organization\",\"@id\":\"https:\\\/\\\/medinstrus.lt\\\/de\\\/#organization\",\"name\":\"Medinstrus\",\"url\":\"https:\\\/\\\/medinstrus.lt\\\/de\\\/\",\"logo\":{\"@type\":\"ImageObject\",\"inLanguage\":\"de\",\"@id\":\"https:\\\/\\\/medinstrus.lt\\\/de\\\/#\\\/schema\\\/logo\\\/image\\\/\",\"url\":\"https:\\\/\\\/medinstrus.lt\\\/wp-content\\\/uploads\\\/2025\\\/02\\\/Medinstrus-v1.png\",\"contentUrl\":\"https:\\\/\\\/medinstrus.lt\\\/wp-content\\\/uploads\\\/2025\\\/02\\\/Medinstrus-v1.png\",\"width\":723,\"height\":96,\"caption\":\"Medinstrus\"},\"image\":{\"@id\":\"https:\\\/\\\/medinstrus.lt\\\/de\\\/#\\\/schema\\\/logo\\\/image\\\/\"},\"sameAs\":[\"https:\\\/\\\/www.facebook.com\\\/medinstrus\\\/\",\"https:\\\/\\\/www.instagram.com\\\/Medinstrus\"]}]}<\/script>\n<!-- \/ Yoast SEO Premium plugin. -->","yoast_head_json":{"title":"TFR - R\u00f6hrenf\u00f6rmige Fu\u00dfst\u00fctze - Medinstrus","robots":{"index":"index","follow":"follow","max-snippet":"max-snippet:-1","max-image-preview":"max-image-preview:large","max-video-preview":"max-video-preview:-1"},"canonical":"https:\/\/medinstrus.lt\/de\/produkt\/tfr-roehrenfoermige-fussstuetze\/","og_locale":"de_DE","og_type":"article","og_title":"TFR - R\u00f6hrenf\u00f6rmige Fu\u00dfst\u00fctze","og_description":"Die r\u00f6hrenf\u00f6rmige Fu\u00dfst\u00fctze TFR wurde entwickelt, um Patienten bei augen\u00e4rztlichen Untersuchungen eine robuste und komfortable Unterst\u00fctzung zu bieten. Diese Fu\u00dfst\u00fctze ist r\u00f6hrenf\u00f6rmig und bietet Stabilit\u00e4t und Benutzerfreundlichkeit, so dass die Patienten w\u00e4hrend der gesamten Untersuchung eine entspannte Haltung einnehmen k\u00f6nnen.","og_url":"https:\/\/medinstrus.lt\/de\/produkt\/tfr-roehrenfoermige-fussstuetze\/","og_site_name":"Medinstrus","article_publisher":"https:\/\/www.facebook.com\/medinstrus\/","og_image":[{"width":1080,"height":1350,"url":"https:\/\/medinstrus.lt\/wp-content\/uploads\/2024\/07\/medinstrus-TFR-Tube-type-foot-rest-b-scaled.jpg.png","type":"image\/png"}],"twitter_card":"summary_large_image","twitter_misc":{"Gesch\u00e4tzte Lesezeit":"1\u00a0Minute"},"schema":{"@context":"https:\/\/schema.org","@graph":[{"@type":"WebPage","@id":"https:\/\/medinstrus.lt\/de\/produkt\/tfr-roehrenfoermige-fussstuetze\/","url":"https:\/\/medinstrus.lt\/de\/produkt\/tfr-roehrenfoermige-fussstuetze\/","name":"TFR - R\u00f6hrenf\u00f6rmige Fu\u00dfst\u00fctze - Medinstrus","isPartOf":{"@id":"https:\/\/medinstrus.lt\/de\/#website"},"primaryImageOfPage":{"@id":"https:\/\/medinstrus.lt\/de\/produkt\/tfr-roehrenfoermige-fussstuetze\/#primaryimage"},"image":{"@id":"https:\/\/medinstrus.lt\/de\/produkt\/tfr-roehrenfoermige-fussstuetze\/#primaryimage"},"thumbnailUrl":"https:\/\/medinstrus.lt\/wp-content\/uploads\/2024\/07\/medinstrus-TFR-Tube-type-foot-rest-b-scaled.jpg.png","datePublished":"2024-07-11T08:57:00+00:00","breadcrumb":{"@id":"https:\/\/medinstrus.lt\/de\/produkt\/tfr-roehrenfoermige-fussstuetze\/#breadcrumb"},"inLanguage":"de","potentialAction":[{"@type":"ReadAction","target":["https:\/\/medinstrus.lt\/de\/produkt\/tfr-roehrenfoermige-fussstuetze\/"]}]},{"@type":"ImageObject","inLanguage":"de","@id":"https:\/\/medinstrus.lt\/de\/produkt\/tfr-roehrenfoermige-fussstuetze\/#primaryimage","url":"https:\/\/medinstrus.lt\/wp-content\/uploads\/2024\/07\/medinstrus-TFR-Tube-type-foot-rest-b-scaled.jpg.png","contentUrl":"https:\/\/medinstrus.lt\/wp-content\/uploads\/2024\/07\/medinstrus-TFR-Tube-type-foot-rest-b-scaled.jpg.png","width":1080,"height":1350},{"@type":"BreadcrumbList","@id":"https:\/\/medinstrus.lt\/de\/produkt\/tfr-roehrenfoermige-fussstuetze\/#breadcrumb","itemListElement":[{"@type":"ListItem","position":1,"name":"Home","item":"https:\/\/medinstrus.lt\/de\/homepage\/"},{"@type":"ListItem","position":2,"name":"Shop","item":"https:\/\/medinstrus.lt\/de\/shop\/"},{"@type":"ListItem","position":3,"name":"TFR &#8211; R\u00f6hrenf\u00f6rmige Fu\u00dfst\u00fctze"}]},{"@type":"WebSite","@id":"https:\/\/medinstrus.lt\/de\/#website","url":"https:\/\/medinstrus.lt\/de\/","name":"https:\/\/medinstrus.com\/","description":"Simplicity combined with functionality.","publisher":{"@id":"https:\/\/medinstrus.lt\/de\/#organization"},"potentialAction":[{"@type":"SearchAction","target":{"@type":"EntryPoint","urlTemplate":"https:\/\/medinstrus.lt\/de\/?s={search_term_string}"},"query-input":{"@type":"PropertyValueSpecification","valueRequired":true,"valueName":"search_term_string"}}],"inLanguage":"de"},{"@type":"Organization","@id":"https:\/\/medinstrus.lt\/de\/#organization","name":"Medinstrus","url":"https:\/\/medinstrus.lt\/de\/","logo":{"@type":"ImageObject","inLanguage":"de","@id":"https:\/\/medinstrus.lt\/de\/#\/schema\/logo\/image\/","url":"https:\/\/medinstrus.lt\/wp-content\/uploads\/2025\/02\/Medinstrus-v1.png","contentUrl":"https:\/\/medinstrus.lt\/wp-content\/uploads\/2025\/02\/Medinstrus-v1.png","width":723,"height":96,"caption":"Medinstrus"},"image":{"@id":"https:\/\/medinstrus.lt\/de\/#\/schema\/logo\/image\/"},"sameAs":["https:\/\/www.facebook.com\/medinstrus\/","https:\/\/www.instagram.com\/Medinstrus"]}]}},"_links":{"self":[{"href":"https:\/\/medinstrus.lt\/de\/wp-json\/wp\/v2\/product\/3543","targetHints":{"allow":["GET"]}}],"collection":[{"href":"https:\/\/medinstrus.lt\/de\/wp-json\/wp\/v2\/product"}],"about":[{"href":"https:\/\/medinstrus.lt\/de\/wp-json\/wp\/v2\/types\/product"}],"replies":[{"embeddable":true,"href":"https:\/\/medinstrus.lt\/de\/wp-json\/wp\/v2\/comments?post=3543"}],"wp:featuredmedia":[{"embeddable":true,"href":"https:\/\/medinstrus.lt\/de\/wp-json\/wp\/v2\/media\/3030"}],"wp:attachment":[{"href":"https:\/\/medinstrus.lt\/de\/wp-json\/wp\/v2\/media?parent=3543"}],"wp:term":[{"taxonomy":"product_brand","embeddable":true,"href":"https:\/\/medinstrus.lt\/de\/wp-json\/wp\/v2\/product_brand?post=3543"},{"taxonomy":"product_cat","embeddable":true,"href":"https:\/\/medinstrus.lt\/de\/wp-json\/wp\/v2\/product_cat?post=3543"},{"taxonomy":"product_tag","embeddable":true,"href":"https:\/\/medinstrus.lt\/de\/wp-json\/wp\/v2\/product_tag?post=3543"}],"curies":[{"name":"wp","href":"https:\/\/api.w.org\/{rel}","templated":true}]}}