{"id":3540,"date":"2024-07-11T12:03:26","date_gmt":"2024-07-11T09:03:26","guid":{"rendered":"https:\/\/medinstrus.lt\/product\/f-fussschaltersteuerung\/"},"modified":"2024-07-11T12:03:26","modified_gmt":"2024-07-11T09:03:26","slug":"f-fussschaltersteuerung","status":"publish","type":"product","link":"https:\/\/medinstrus.lt\/de\/produkt\/f-fussschaltersteuerung\/","title":{"rendered":"F &#8211; Fu\u00dfschaltersteuerung"},"content":{"rendered":"<p><strong>Wichtige Merkmale:<\/strong><\/p>\n<ul>\n<li><strong>Freih\u00e4ndiger Betrieb:<\/strong> Erm\u00f6glicht eine effiziente, freih\u00e4ndige Steuerung der Ger\u00e4te, was den Arbeitsablauf verbessert und den Bedarf an manuellen Einstellungen reduziert;<\/li>\n<li><strong>Langlebiges Design:<\/strong> Hergestellt aus hochwertigen Materialien, um Langlebigkeit und zuverl\u00e4ssige Leistung in einer klinischen Umgebung zu gew\u00e4hrleisten;<\/li>\n<li><strong>Ergonomischer Gebrauch:<\/strong> Entwickelt f\u00fcr die bequeme Nutzung \u00fcber l\u00e4ngere Zeitr\u00e4ume, um die Erm\u00fcdung der F\u00fc\u00dfe zu minimieren;<\/li>\n<li><strong>Kompakt und leicht:<\/strong> L\u00e4sst sich leicht in verschiedene klinische Umgebungen integrieren, ohne \u00fcberm\u00e4\u00dfig viel Platz einzunehmen.<\/li>\n<\/ul>\n<p><strong>Spezifikationen:<\/strong><\/p>\n<ul>\n<li><strong>Material:<\/strong> Hochwertiger, langlebiger Kunststoff<\/li>\n<li><strong>Tastenfunktionen: <\/strong>Stuhl auf\/ab oder Tisch auf\/ab oder Stuhl verschieben<\/li>\n<\/ul>\n<p>R\u00fcsten Sie Ihre Augenarztpraxis mit dem F Foot Switch Control auf und sorgen Sie f\u00fcr einen reibungslosen und effizienten Betrieb Ihrer Ger\u00e4te.<\/p>\n<p>&nbsp;<\/p>\n","protected":false},"excerpt":{"rendered":"<p>Der F Foot Switch Control ist ein unverzichtbares Zubeh\u00f6r f\u00fcr die freih\u00e4ndige Bedienung von ophthalmologischen Ger\u00e4ten. Dieser Fu\u00dfschalter wurde entwickelt, um die Effizienz des Arbeitsablaufs zu verbessern. Er erm\u00f6glicht es dem Arzt, pr\u00e4zise Einstellungen vorzunehmen, ohne seine Arbeit zu unterbrechen. <\/p>\n","protected":false},"featured_media":2998,"comment_status":"closed","ping_status":"closed","template":"","meta":{"_acf_changed":false},"product_brand":[],"product_cat":[287],"product_tag":[],"class_list":{"0":"post-3540","1":"product","2":"type-product","3":"status-publish","4":"has-post-thumbnail","6":"product_cat-zubehor","8":"first","9":"instock","10":"shipping-taxable","11":"product-type-simple"},"acf":[],"gallery_images":[],"yoast_head":"<!-- This site is optimized with the Yoast SEO Premium plugin v27.1 (Yoast SEO v27.3) - https:\/\/yoast.com\/product\/yoast-seo-premium-wordpress\/ -->\n<title>F - Fu\u00dfschaltersteuerung - Medinstrus<\/title>\n<meta name=\"robots\" content=\"index, follow, max-snippet:-1, max-image-preview:large, max-video-preview:-1\" \/>\n<link rel=\"canonical\" href=\"https:\/\/medinstrus.lt\/de\/produkt\/f-fussschaltersteuerung\/\" \/>\n<meta property=\"og:locale\" content=\"de_DE\" \/>\n<meta property=\"og:type\" content=\"article\" \/>\n<meta property=\"og:title\" content=\"F - Fu\u00dfschaltersteuerung\" \/>\n<meta property=\"og:description\" content=\"Der F Foot Switch Control ist ein unverzichtbares Zubeh\u00f6r f\u00fcr die freih\u00e4ndige Bedienung von ophthalmologischen Ger\u00e4ten. Dieser Fu\u00dfschalter wurde entwickelt, um die Effizienz des Arbeitsablaufs zu verbessern. Er erm\u00f6glicht es dem Arzt, pr\u00e4zise Einstellungen vorzunehmen, ohne seine Arbeit zu unterbrechen.\" \/>\n<meta property=\"og:url\" content=\"https:\/\/medinstrus.lt\/de\/produkt\/f-fussschaltersteuerung\/\" \/>\n<meta property=\"og:site_name\" content=\"Medinstrus\" \/>\n<meta property=\"article:publisher\" content=\"https:\/\/www.facebook.com\/medinstrus\/\" \/>\n<meta property=\"og:image\" content=\"https:\/\/medinstrus.lt\/wp-content\/uploads\/2024\/07\/F-Foot-switch-control.jpg.png\" \/>\n\t<meta property=\"og:image:width\" content=\"1080\" \/>\n\t<meta property=\"og:image:height\" content=\"1350\" \/>\n\t<meta property=\"og:image:type\" content=\"image\/png\" \/>\n<meta name=\"twitter:card\" content=\"summary_large_image\" \/>\n<meta name=\"twitter:label1\" content=\"Gesch\u00e4tzte Lesezeit\" \/>\n\t<meta name=\"twitter:data1\" content=\"1\u00a0Minute\" \/>\n<script type=\"application\/ld+json\" class=\"yoast-schema-graph\">{\"@context\":\"https:\\\/\\\/schema.org\",\"@graph\":[{\"@type\":\"WebPage\",\"@id\":\"https:\\\/\\\/medinstrus.lt\\\/de\\\/produkt\\\/f-fussschaltersteuerung\\\/\",\"url\":\"https:\\\/\\\/medinstrus.lt\\\/de\\\/produkt\\\/f-fussschaltersteuerung\\\/\",\"name\":\"F - Fu\u00dfschaltersteuerung - Medinstrus\",\"isPartOf\":{\"@id\":\"https:\\\/\\\/medinstrus.lt\\\/de\\\/#website\"},\"primaryImageOfPage\":{\"@id\":\"https:\\\/\\\/medinstrus.lt\\\/de\\\/produkt\\\/f-fussschaltersteuerung\\\/#primaryimage\"},\"image\":{\"@id\":\"https:\\\/\\\/medinstrus.lt\\\/de\\\/produkt\\\/f-fussschaltersteuerung\\\/#primaryimage\"},\"thumbnailUrl\":\"https:\\\/\\\/medinstrus.lt\\\/wp-content\\\/uploads\\\/2024\\\/07\\\/F-Foot-switch-control.jpg.png\",\"datePublished\":\"2024-07-11T09:03:26+00:00\",\"breadcrumb\":{\"@id\":\"https:\\\/\\\/medinstrus.lt\\\/de\\\/produkt\\\/f-fussschaltersteuerung\\\/#breadcrumb\"},\"inLanguage\":\"de\",\"potentialAction\":[{\"@type\":\"ReadAction\",\"target\":[\"https:\\\/\\\/medinstrus.lt\\\/de\\\/produkt\\\/f-fussschaltersteuerung\\\/\"]}]},{\"@type\":\"ImageObject\",\"inLanguage\":\"de\",\"@id\":\"https:\\\/\\\/medinstrus.lt\\\/de\\\/produkt\\\/f-fussschaltersteuerung\\\/#primaryimage\",\"url\":\"https:\\\/\\\/medinstrus.lt\\\/wp-content\\\/uploads\\\/2024\\\/07\\\/F-Foot-switch-control.jpg.png\",\"contentUrl\":\"https:\\\/\\\/medinstrus.lt\\\/wp-content\\\/uploads\\\/2024\\\/07\\\/F-Foot-switch-control.jpg.png\",\"width\":1080,\"height\":1350},{\"@type\":\"BreadcrumbList\",\"@id\":\"https:\\\/\\\/medinstrus.lt\\\/de\\\/produkt\\\/f-fussschaltersteuerung\\\/#breadcrumb\",\"itemListElement\":[{\"@type\":\"ListItem\",\"position\":1,\"name\":\"Home\",\"item\":\"https:\\\/\\\/medinstrus.lt\\\/de\\\/homepage\\\/\"},{\"@type\":\"ListItem\",\"position\":2,\"name\":\"Shop\",\"item\":\"https:\\\/\\\/medinstrus.lt\\\/de\\\/shop\\\/\"},{\"@type\":\"ListItem\",\"position\":3,\"name\":\"F &#8211; Fu\u00dfschaltersteuerung\"}]},{\"@type\":\"WebSite\",\"@id\":\"https:\\\/\\\/medinstrus.lt\\\/de\\\/#website\",\"url\":\"https:\\\/\\\/medinstrus.lt\\\/de\\\/\",\"name\":\"https:\\\/\\\/medinstrus.com\\\/\",\"description\":\"Simplicity combined with functionality.\",\"publisher\":{\"@id\":\"https:\\\/\\\/medinstrus.lt\\\/de\\\/#organization\"},\"potentialAction\":[{\"@type\":\"SearchAction\",\"target\":{\"@type\":\"EntryPoint\",\"urlTemplate\":\"https:\\\/\\\/medinstrus.lt\\\/de\\\/?s={search_term_string}\"},\"query-input\":{\"@type\":\"PropertyValueSpecification\",\"valueRequired\":true,\"valueName\":\"search_term_string\"}}],\"inLanguage\":\"de\"},{\"@type\":\"Organization\",\"@id\":\"https:\\\/\\\/medinstrus.lt\\\/de\\\/#organization\",\"name\":\"Medinstrus\",\"url\":\"https:\\\/\\\/medinstrus.lt\\\/de\\\/\",\"logo\":{\"@type\":\"ImageObject\",\"inLanguage\":\"de\",\"@id\":\"https:\\\/\\\/medinstrus.lt\\\/de\\\/#\\\/schema\\\/logo\\\/image\\\/\",\"url\":\"https:\\\/\\\/medinstrus.lt\\\/wp-content\\\/uploads\\\/2025\\\/02\\\/Medinstrus-v1.png\",\"contentUrl\":\"https:\\\/\\\/medinstrus.lt\\\/wp-content\\\/uploads\\\/2025\\\/02\\\/Medinstrus-v1.png\",\"width\":723,\"height\":96,\"caption\":\"Medinstrus\"},\"image\":{\"@id\":\"https:\\\/\\\/medinstrus.lt\\\/de\\\/#\\\/schema\\\/logo\\\/image\\\/\"},\"sameAs\":[\"https:\\\/\\\/www.facebook.com\\\/medinstrus\\\/\",\"https:\\\/\\\/www.instagram.com\\\/Medinstrus\"]}]}<\/script>\n<!-- \/ Yoast SEO Premium plugin. -->","yoast_head_json":{"title":"F - Fu\u00dfschaltersteuerung - Medinstrus","robots":{"index":"index","follow":"follow","max-snippet":"max-snippet:-1","max-image-preview":"max-image-preview:large","max-video-preview":"max-video-preview:-1"},"canonical":"https:\/\/medinstrus.lt\/de\/produkt\/f-fussschaltersteuerung\/","og_locale":"de_DE","og_type":"article","og_title":"F - Fu\u00dfschaltersteuerung","og_description":"Der F Foot Switch Control ist ein unverzichtbares Zubeh\u00f6r f\u00fcr die freih\u00e4ndige Bedienung von ophthalmologischen Ger\u00e4ten. Dieser Fu\u00dfschalter wurde entwickelt, um die Effizienz des Arbeitsablaufs zu verbessern. Er erm\u00f6glicht es dem Arzt, pr\u00e4zise Einstellungen vorzunehmen, ohne seine Arbeit zu unterbrechen.","og_url":"https:\/\/medinstrus.lt\/de\/produkt\/f-fussschaltersteuerung\/","og_site_name":"Medinstrus","article_publisher":"https:\/\/www.facebook.com\/medinstrus\/","og_image":[{"width":1080,"height":1350,"url":"https:\/\/medinstrus.lt\/wp-content\/uploads\/2024\/07\/F-Foot-switch-control.jpg.png","type":"image\/png"}],"twitter_card":"summary_large_image","twitter_misc":{"Gesch\u00e4tzte Lesezeit":"1\u00a0Minute"},"schema":{"@context":"https:\/\/schema.org","@graph":[{"@type":"WebPage","@id":"https:\/\/medinstrus.lt\/de\/produkt\/f-fussschaltersteuerung\/","url":"https:\/\/medinstrus.lt\/de\/produkt\/f-fussschaltersteuerung\/","name":"F - Fu\u00dfschaltersteuerung - Medinstrus","isPartOf":{"@id":"https:\/\/medinstrus.lt\/de\/#website"},"primaryImageOfPage":{"@id":"https:\/\/medinstrus.lt\/de\/produkt\/f-fussschaltersteuerung\/#primaryimage"},"image":{"@id":"https:\/\/medinstrus.lt\/de\/produkt\/f-fussschaltersteuerung\/#primaryimage"},"thumbnailUrl":"https:\/\/medinstrus.lt\/wp-content\/uploads\/2024\/07\/F-Foot-switch-control.jpg.png","datePublished":"2024-07-11T09:03:26+00:00","breadcrumb":{"@id":"https:\/\/medinstrus.lt\/de\/produkt\/f-fussschaltersteuerung\/#breadcrumb"},"inLanguage":"de","potentialAction":[{"@type":"ReadAction","target":["https:\/\/medinstrus.lt\/de\/produkt\/f-fussschaltersteuerung\/"]}]},{"@type":"ImageObject","inLanguage":"de","@id":"https:\/\/medinstrus.lt\/de\/produkt\/f-fussschaltersteuerung\/#primaryimage","url":"https:\/\/medinstrus.lt\/wp-content\/uploads\/2024\/07\/F-Foot-switch-control.jpg.png","contentUrl":"https:\/\/medinstrus.lt\/wp-content\/uploads\/2024\/07\/F-Foot-switch-control.jpg.png","width":1080,"height":1350},{"@type":"BreadcrumbList","@id":"https:\/\/medinstrus.lt\/de\/produkt\/f-fussschaltersteuerung\/#breadcrumb","itemListElement":[{"@type":"ListItem","position":1,"name":"Home","item":"https:\/\/medinstrus.lt\/de\/homepage\/"},{"@type":"ListItem","position":2,"name":"Shop","item":"https:\/\/medinstrus.lt\/de\/shop\/"},{"@type":"ListItem","position":3,"name":"F &#8211; Fu\u00dfschaltersteuerung"}]},{"@type":"WebSite","@id":"https:\/\/medinstrus.lt\/de\/#website","url":"https:\/\/medinstrus.lt\/de\/","name":"https:\/\/medinstrus.com\/","description":"Simplicity combined with functionality.","publisher":{"@id":"https:\/\/medinstrus.lt\/de\/#organization"},"potentialAction":[{"@type":"SearchAction","target":{"@type":"EntryPoint","urlTemplate":"https:\/\/medinstrus.lt\/de\/?s={search_term_string}"},"query-input":{"@type":"PropertyValueSpecification","valueRequired":true,"valueName":"search_term_string"}}],"inLanguage":"de"},{"@type":"Organization","@id":"https:\/\/medinstrus.lt\/de\/#organization","name":"Medinstrus","url":"https:\/\/medinstrus.lt\/de\/","logo":{"@type":"ImageObject","inLanguage":"de","@id":"https:\/\/medinstrus.lt\/de\/#\/schema\/logo\/image\/","url":"https:\/\/medinstrus.lt\/wp-content\/uploads\/2025\/02\/Medinstrus-v1.png","contentUrl":"https:\/\/medinstrus.lt\/wp-content\/uploads\/2025\/02\/Medinstrus-v1.png","width":723,"height":96,"caption":"Medinstrus"},"image":{"@id":"https:\/\/medinstrus.lt\/de\/#\/schema\/logo\/image\/"},"sameAs":["https:\/\/www.facebook.com\/medinstrus\/","https:\/\/www.instagram.com\/Medinstrus"]}]}},"_links":{"self":[{"href":"https:\/\/medinstrus.lt\/de\/wp-json\/wp\/v2\/product\/3540","targetHints":{"allow":["GET"]}}],"collection":[{"href":"https:\/\/medinstrus.lt\/de\/wp-json\/wp\/v2\/product"}],"about":[{"href":"https:\/\/medinstrus.lt\/de\/wp-json\/wp\/v2\/types\/product"}],"replies":[{"embeddable":true,"href":"https:\/\/medinstrus.lt\/de\/wp-json\/wp\/v2\/comments?post=3540"}],"wp:featuredmedia":[{"embeddable":true,"href":"https:\/\/medinstrus.lt\/de\/wp-json\/wp\/v2\/media\/2998"}],"wp:attachment":[{"href":"https:\/\/medinstrus.lt\/de\/wp-json\/wp\/v2\/media?parent=3540"}],"wp:term":[{"taxonomy":"product_brand","embeddable":true,"href":"https:\/\/medinstrus.lt\/de\/wp-json\/wp\/v2\/product_brand?post=3540"},{"taxonomy":"product_cat","embeddable":true,"href":"https:\/\/medinstrus.lt\/de\/wp-json\/wp\/v2\/product_cat?post=3540"},{"taxonomy":"product_tag","embeddable":true,"href":"https:\/\/medinstrus.lt\/de\/wp-json\/wp\/v2\/product_tag?post=3540"}],"curies":[{"name":"wp","href":"https:\/\/api.w.org\/{rel}","templated":true}]}}