{"id":3435,"date":"2025-03-27T14:23:35","date_gmt":"2025-03-27T12:23:35","guid":{"rendered":"https:\/\/medinstrus.lt\/product\/incab\/"},"modified":"2025-03-27T14:23:35","modified_gmt":"2025-03-27T12:23:35","slug":"incab","status":"publish","type":"product","link":"https:\/\/medinstrus.lt\/de\/produkt\/incab\/","title":{"rendered":"InCAB"},"content":{"rendered":"<p data-start=\"0\" data-end=\"30\"><strong data-start=\"0\" data-end=\"30\">InCAB<\/strong><\/p>\n<p data-start=\"32\" data-end=\"294\">Dieser vielseitige Schrank ist f\u00fcr die bequeme Aufbewahrung von Testlinsen-Sets ohne integrierten Einsatz konzipiert und bietet somit volle Flexibilit\u00e4t f\u00fcr eine individuelle Organisation. Die ger\u00e4umigen Schubladen lassen sich je nach Bedarf mit Linsenf\u00e4chern oder anderen Konfigurationen best\u00fccken. <\/p>\n<p data-start=\"296\" data-end=\"309\"><strong data-start=\"296\" data-end=\"309\">Merkmale:<\/strong><\/p>\n<ul data-start=\"310\" data-end=\"604\">\n<li data-start=\"310\" data-end=\"368\">Entwickelt f\u00fcr die Aufbewahrung von Testlinsen ohne integrierten Einsatz<\/li>\n<li data-start=\"369\" data-end=\"419\">Vollst\u00e4ndig anpassbar in Gr\u00f6\u00dfe, Layout und Farben<\/li>\n<li data-start=\"420\" data-end=\"488\">Mehrere Schubladen f\u00fcr die organisierte Aufbewahrung von Objektiven und Zubeh\u00f6r<\/li>\n<li data-start=\"489\" data-end=\"543\">Hochwertige Materialien und leichtg\u00e4ngige Schubladen<\/li>\n<li data-start=\"544\" data-end=\"604\">Ideal f\u00fcr optische Praxen, Kliniken oder Untersuchungsr\u00e4ume<\/li>\n<\/ul>\n<p data-start=\"606\" data-end=\"761\" data-is-last-node=\"\" data-is-only-node=\"\">Dieser Schrank bietet ein perfektes Gleichgewicht zwischen Anpassungsf\u00e4higkeit und professionellem Aussehen, was ihn zu einer zuverl\u00e4ssigen Aufbewahrungsl\u00f6sung macht, die auf Ihre W\u00fcnsche zugeschnitten ist.<\/p>\n<div class=\"btn-bubble-icon\"> <\/div>\n","protected":false},"excerpt":{"rendered":"<p>Dieser vielseitige Schrank ist f\u00fcr die bequeme Aufbewahrung von Testlinsen-Sets ohne integrierten Einsatz konzipiert und bietet somit volle Flexibilit\u00e4t f\u00fcr eine individuelle Organisation. Die ger\u00e4umigen Schubladen lassen sich je nach Bedarf mit Linsenf\u00e4chern oder anderen Konfigurationen best\u00fccken. <\/p>\n","protected":false},"featured_media":3162,"comment_status":"closed","ping_status":"closed","template":"","meta":{"_acf_changed":false},"product_brand":[],"product_cat":[287],"product_tag":[],"class_list":{"0":"post-3435","1":"product","2":"type-product","3":"status-publish","4":"has-post-thumbnail","6":"product_cat-zubehor","8":"first","9":"instock","10":"shipping-taxable","11":"product-type-simple"},"acf":[],"gallery_images":[],"yoast_head":"<!-- This site is optimized with the Yoast SEO Premium plugin v27.4 (Yoast SEO v27.4) - https:\/\/yoast.com\/product\/yoast-seo-premium-wordpress\/ -->\n<title>InCAB - Medinstrus<\/title>\n<meta name=\"robots\" content=\"index, follow, max-snippet:-1, max-image-preview:large, max-video-preview:-1\" \/>\n<link rel=\"canonical\" href=\"https:\/\/medinstrus.lt\/de\/produkt\/incab\/\" \/>\n<meta property=\"og:locale\" content=\"de_DE\" \/>\n<meta property=\"og:type\" content=\"article\" \/>\n<meta property=\"og:title\" content=\"InCAB\" \/>\n<meta property=\"og:description\" content=\"Dieser vielseitige Schrank ist f\u00fcr die bequeme Aufbewahrung von Testlinsen-Sets ohne integrierten Einsatz konzipiert und bietet somit volle Flexibilit\u00e4t f\u00fcr eine individuelle Organisation. Die ger\u00e4umigen Schubladen lassen sich je nach Bedarf mit Linsenf\u00e4chern oder anderen Konfigurationen best\u00fccken.\" \/>\n<meta property=\"og:url\" content=\"https:\/\/medinstrus.lt\/de\/produkt\/incab\/\" \/>\n<meta property=\"og:site_name\" content=\"Medinstrus\" \/>\n<meta property=\"article:publisher\" content=\"https:\/\/www.facebook.com\/medinstrus\/\" \/>\n<meta property=\"og:image\" content=\"https:\/\/medinstrus.lt\/wp-content\/uploads\/2025\/03\/cabinet.jpg\" \/>\n\t<meta property=\"og:image:width\" content=\"1417\" \/>\n\t<meta property=\"og:image:height\" content=\"945\" \/>\n\t<meta property=\"og:image:type\" content=\"image\/jpeg\" \/>\n<meta name=\"twitter:card\" content=\"summary_large_image\" \/>\n<meta name=\"twitter:label1\" content=\"Gesch\u00e4tzte Lesezeit\" \/>\n\t<meta name=\"twitter:data1\" content=\"1\u00a0Minute\" \/>\n<script type=\"application\/ld+json\" class=\"yoast-schema-graph\">{\"@context\":\"https:\\\/\\\/schema.org\",\"@graph\":[{\"@type\":\"WebPage\",\"@id\":\"https:\\\/\\\/medinstrus.lt\\\/de\\\/produkt\\\/incab\\\/\",\"url\":\"https:\\\/\\\/medinstrus.lt\\\/de\\\/produkt\\\/incab\\\/\",\"name\":\"InCAB - Medinstrus\",\"isPartOf\":{\"@id\":\"https:\\\/\\\/medinstrus.lt\\\/de\\\/#website\"},\"primaryImageOfPage\":{\"@id\":\"https:\\\/\\\/medinstrus.lt\\\/de\\\/produkt\\\/incab\\\/#primaryimage\"},\"image\":{\"@id\":\"https:\\\/\\\/medinstrus.lt\\\/de\\\/produkt\\\/incab\\\/#primaryimage\"},\"thumbnailUrl\":\"https:\\\/\\\/medinstrus.lt\\\/wp-content\\\/uploads\\\/2025\\\/03\\\/cabinet.jpg\",\"datePublished\":\"2025-03-27T12:23:35+00:00\",\"breadcrumb\":{\"@id\":\"https:\\\/\\\/medinstrus.lt\\\/de\\\/produkt\\\/incab\\\/#breadcrumb\"},\"inLanguage\":\"de\",\"potentialAction\":[{\"@type\":\"ReadAction\",\"target\":[\"https:\\\/\\\/medinstrus.lt\\\/de\\\/produkt\\\/incab\\\/\"]}]},{\"@type\":\"ImageObject\",\"inLanguage\":\"de\",\"@id\":\"https:\\\/\\\/medinstrus.lt\\\/de\\\/produkt\\\/incab\\\/#primaryimage\",\"url\":\"https:\\\/\\\/medinstrus.lt\\\/wp-content\\\/uploads\\\/2025\\\/03\\\/cabinet.jpg\",\"contentUrl\":\"https:\\\/\\\/medinstrus.lt\\\/wp-content\\\/uploads\\\/2025\\\/03\\\/cabinet.jpg\",\"width\":1417,\"height\":945,\"caption\":\"Incab storage cabinet with wood finish and trial lens tray compartments.\"},{\"@type\":\"BreadcrumbList\",\"@id\":\"https:\\\/\\\/medinstrus.lt\\\/de\\\/produkt\\\/incab\\\/#breadcrumb\",\"itemListElement\":[{\"@type\":\"ListItem\",\"position\":1,\"name\":\"Home\",\"item\":\"https:\\\/\\\/medinstrus.lt\\\/de\\\/homepage\\\/\"},{\"@type\":\"ListItem\",\"position\":2,\"name\":\"Shop\",\"item\":\"https:\\\/\\\/medinstrus.lt\\\/de\\\/shop\\\/\"},{\"@type\":\"ListItem\",\"position\":3,\"name\":\"InCAB\"}]},{\"@type\":\"WebSite\",\"@id\":\"https:\\\/\\\/medinstrus.lt\\\/de\\\/#website\",\"url\":\"https:\\\/\\\/medinstrus.lt\\\/de\\\/\",\"name\":\"https:\\\/\\\/medinstrus.com\\\/\",\"description\":\"Simplicity combined with functionality.\",\"publisher\":{\"@id\":\"https:\\\/\\\/medinstrus.lt\\\/de\\\/#organization\"},\"potentialAction\":[{\"@type\":\"SearchAction\",\"target\":{\"@type\":\"EntryPoint\",\"urlTemplate\":\"https:\\\/\\\/medinstrus.lt\\\/de\\\/?s={search_term_string}\"},\"query-input\":{\"@type\":\"PropertyValueSpecification\",\"valueRequired\":true,\"valueName\":\"search_term_string\"}}],\"inLanguage\":\"de\"},{\"@type\":\"Organization\",\"@id\":\"https:\\\/\\\/medinstrus.lt\\\/de\\\/#organization\",\"name\":\"Medinstrus\",\"url\":\"https:\\\/\\\/medinstrus.lt\\\/de\\\/\",\"logo\":{\"@type\":\"ImageObject\",\"inLanguage\":\"de\",\"@id\":\"https:\\\/\\\/medinstrus.lt\\\/de\\\/#\\\/schema\\\/logo\\\/image\\\/\",\"url\":\"https:\\\/\\\/medinstrus.lt\\\/wp-content\\\/uploads\\\/2025\\\/02\\\/Medinstrus-v1.png\",\"contentUrl\":\"https:\\\/\\\/medinstrus.lt\\\/wp-content\\\/uploads\\\/2025\\\/02\\\/Medinstrus-v1.png\",\"width\":723,\"height\":96,\"caption\":\"Medinstrus\"},\"image\":{\"@id\":\"https:\\\/\\\/medinstrus.lt\\\/de\\\/#\\\/schema\\\/logo\\\/image\\\/\"},\"sameAs\":[\"https:\\\/\\\/www.facebook.com\\\/medinstrus\\\/\",\"https:\\\/\\\/www.instagram.com\\\/Medinstrus\"]}]}<\/script>\n<!-- \/ Yoast SEO Premium plugin. -->","yoast_head_json":{"title":"InCAB - Medinstrus","robots":{"index":"index","follow":"follow","max-snippet":"max-snippet:-1","max-image-preview":"max-image-preview:large","max-video-preview":"max-video-preview:-1"},"canonical":"https:\/\/medinstrus.lt\/de\/produkt\/incab\/","og_locale":"de_DE","og_type":"article","og_title":"InCAB","og_description":"Dieser vielseitige Schrank ist f\u00fcr die bequeme Aufbewahrung von Testlinsen-Sets ohne integrierten Einsatz konzipiert und bietet somit volle Flexibilit\u00e4t f\u00fcr eine individuelle Organisation. Die ger\u00e4umigen Schubladen lassen sich je nach Bedarf mit Linsenf\u00e4chern oder anderen Konfigurationen best\u00fccken.","og_url":"https:\/\/medinstrus.lt\/de\/produkt\/incab\/","og_site_name":"Medinstrus","article_publisher":"https:\/\/www.facebook.com\/medinstrus\/","og_image":[{"width":1417,"height":945,"url":"https:\/\/medinstrus.lt\/wp-content\/uploads\/2025\/03\/cabinet.jpg","type":"image\/jpeg"}],"twitter_card":"summary_large_image","twitter_misc":{"Gesch\u00e4tzte Lesezeit":"1\u00a0Minute"},"schema":{"@context":"https:\/\/schema.org","@graph":[{"@type":"WebPage","@id":"https:\/\/medinstrus.lt\/de\/produkt\/incab\/","url":"https:\/\/medinstrus.lt\/de\/produkt\/incab\/","name":"InCAB - Medinstrus","isPartOf":{"@id":"https:\/\/medinstrus.lt\/de\/#website"},"primaryImageOfPage":{"@id":"https:\/\/medinstrus.lt\/de\/produkt\/incab\/#primaryimage"},"image":{"@id":"https:\/\/medinstrus.lt\/de\/produkt\/incab\/#primaryimage"},"thumbnailUrl":"https:\/\/medinstrus.lt\/wp-content\/uploads\/2025\/03\/cabinet.jpg","datePublished":"2025-03-27T12:23:35+00:00","breadcrumb":{"@id":"https:\/\/medinstrus.lt\/de\/produkt\/incab\/#breadcrumb"},"inLanguage":"de","potentialAction":[{"@type":"ReadAction","target":["https:\/\/medinstrus.lt\/de\/produkt\/incab\/"]}]},{"@type":"ImageObject","inLanguage":"de","@id":"https:\/\/medinstrus.lt\/de\/produkt\/incab\/#primaryimage","url":"https:\/\/medinstrus.lt\/wp-content\/uploads\/2025\/03\/cabinet.jpg","contentUrl":"https:\/\/medinstrus.lt\/wp-content\/uploads\/2025\/03\/cabinet.jpg","width":1417,"height":945,"caption":"Incab storage cabinet with wood finish and trial lens tray compartments."},{"@type":"BreadcrumbList","@id":"https:\/\/medinstrus.lt\/de\/produkt\/incab\/#breadcrumb","itemListElement":[{"@type":"ListItem","position":1,"name":"Home","item":"https:\/\/medinstrus.lt\/de\/homepage\/"},{"@type":"ListItem","position":2,"name":"Shop","item":"https:\/\/medinstrus.lt\/de\/shop\/"},{"@type":"ListItem","position":3,"name":"InCAB"}]},{"@type":"WebSite","@id":"https:\/\/medinstrus.lt\/de\/#website","url":"https:\/\/medinstrus.lt\/de\/","name":"https:\/\/medinstrus.com\/","description":"Simplicity combined with functionality.","publisher":{"@id":"https:\/\/medinstrus.lt\/de\/#organization"},"potentialAction":[{"@type":"SearchAction","target":{"@type":"EntryPoint","urlTemplate":"https:\/\/medinstrus.lt\/de\/?s={search_term_string}"},"query-input":{"@type":"PropertyValueSpecification","valueRequired":true,"valueName":"search_term_string"}}],"inLanguage":"de"},{"@type":"Organization","@id":"https:\/\/medinstrus.lt\/de\/#organization","name":"Medinstrus","url":"https:\/\/medinstrus.lt\/de\/","logo":{"@type":"ImageObject","inLanguage":"de","@id":"https:\/\/medinstrus.lt\/de\/#\/schema\/logo\/image\/","url":"https:\/\/medinstrus.lt\/wp-content\/uploads\/2025\/02\/Medinstrus-v1.png","contentUrl":"https:\/\/medinstrus.lt\/wp-content\/uploads\/2025\/02\/Medinstrus-v1.png","width":723,"height":96,"caption":"Medinstrus"},"image":{"@id":"https:\/\/medinstrus.lt\/de\/#\/schema\/logo\/image\/"},"sameAs":["https:\/\/www.facebook.com\/medinstrus\/","https:\/\/www.instagram.com\/Medinstrus"]}]}},"_links":{"self":[{"href":"https:\/\/medinstrus.lt\/de\/wp-json\/wp\/v2\/product\/3435","targetHints":{"allow":["GET"]}}],"collection":[{"href":"https:\/\/medinstrus.lt\/de\/wp-json\/wp\/v2\/product"}],"about":[{"href":"https:\/\/medinstrus.lt\/de\/wp-json\/wp\/v2\/types\/product"}],"replies":[{"embeddable":true,"href":"https:\/\/medinstrus.lt\/de\/wp-json\/wp\/v2\/comments?post=3435"}],"wp:featuredmedia":[{"embeddable":true,"href":"https:\/\/medinstrus.lt\/de\/wp-json\/wp\/v2\/media\/3162"}],"wp:attachment":[{"href":"https:\/\/medinstrus.lt\/de\/wp-json\/wp\/v2\/media?parent=3435"}],"wp:term":[{"taxonomy":"product_brand","embeddable":true,"href":"https:\/\/medinstrus.lt\/de\/wp-json\/wp\/v2\/product_brand?post=3435"},{"taxonomy":"product_cat","embeddable":true,"href":"https:\/\/medinstrus.lt\/de\/wp-json\/wp\/v2\/product_cat?post=3435"},{"taxonomy":"product_tag","embeddable":true,"href":"https:\/\/medinstrus.lt\/de\/wp-json\/wp\/v2\/product_tag?post=3435"}],"curies":[{"name":"wp","href":"https:\/\/api.w.org\/{rel}","templated":true}]}}