{"id":3433,"date":"2025-03-24T10:35:35","date_gmt":"2025-03-24T08:35:35","guid":{"rendered":"https:\/\/medinstrus.lt\/product\/bedienfeld-instand\/"},"modified":"2025-03-24T10:35:35","modified_gmt":"2025-03-24T08:35:35","slug":"bedienfeld-instand","status":"publish","type":"product","link":"https:\/\/medinstrus.lt\/de\/produkt\/bedienfeld-instand\/","title":{"rendered":"Bedienfeld InSTAND"},"content":{"rendered":"<p data-start=\"0\" data-end=\"27\"><strong data-start=\"0\" data-end=\"27\">InSTAND-Bedienfeld<\/strong><\/p>\n<p data-start=\"29\" data-end=\"382\">Der InSTAND ist ein kompakter und eleganter, freistehender St\u00e4nder, der urspr\u00fcnglich dazu entwickelt wurde, das Bedienfeld eines automatischen Phoroptersystems zu halten und zu st\u00fctzen. Dank seiner Vielseitigkeit kann er jedoch auch f\u00fcr verschiedene andere Zwecke verwendet werden, z. B. als bequeme Ablagefl\u00e4che f\u00fcr pers\u00f6nliche Gegenst\u00e4nde wie Brillen oder Zubeh\u00f6r w\u00e4hrend der Augenuntersuchung. <\/p>\n<p data-start=\"384\" data-end=\"397\">Wichtige Merkmale:<\/p>\n<ul data-start=\"398\" data-end=\"636\">\n<li data-start=\"398\" data-end=\"471\">Stabiles, ergonomisches Design, geeignet f\u00fcr medizinische oder optische Umgebungen<\/li>\n<li data-start=\"472\" data-end=\"521\">Freistehende Konstruktion, leicht umsetzbar<\/li>\n<li data-start=\"522\" data-end=\"575\">Kann in verschiedenen Farben oder Ausf\u00fchrungen angepasst werden<\/li>\n<li data-start=\"576\" data-end=\"636\">Ideal f\u00fcr die Montage am Schaltschrank, aber flexibel in der Funktion<\/li>\n<\/ul>\n<p data-start=\"638\" data-end=\"707\" data-is-last-node=\"\" data-is-only-node=\"\">Perfekt f\u00fcr Kliniken, die sowohl Funktionalit\u00e4t als auch \u00e4sthetische Harmonie suchen.<\/p>\n","protected":false},"excerpt":{"rendered":"<p data-start=\"29\" data-end=\"382\">Der InSTAND ist ein kompakter und eleganter, freistehender St\u00e4nder, der urspr\u00fcnglich dazu entwickelt wurde, das Bedienfeld eines automatischen Phoroptersystems zu halten und zu st\u00fctzen. Dank seiner Vielseitigkeit kann er jedoch auch f\u00fcr verschiedene andere Zwecke verwendet werden, z. B. als bequeme Ablagefl\u00e4che f\u00fcr pers\u00f6nliche Gegenst\u00e4nde wie Brillen oder Zubeh\u00f6r w\u00e4hrend der Augenuntersuchung. <\/p>\n<p>&nbsp;<\/p>\n<div class=\"btn-bubble-icon\"> <\/div>\n","protected":false},"featured_media":3140,"comment_status":"closed","ping_status":"closed","template":"","meta":{"_acf_changed":false},"product_brand":[],"product_cat":[287],"product_tag":[171],"class_list":{"0":"post-3433","1":"product","2":"type-product","3":"status-publish","4":"has-post-thumbnail","6":"product_cat-zubehor","7":"product_tag-medizinische-mobel","9":"first","10":"instock","11":"shipping-taxable","12":"product-type-simple"},"acf":[],"gallery_images":[],"yoast_head":"<!-- This site is optimized with the Yoast SEO Premium plugin v27.4 (Yoast SEO v27.4) - https:\/\/yoast.com\/product\/yoast-seo-premium-wordpress\/ -->\n<title>Bedienfeld InSTAND - Medinstrus<\/title>\n<meta name=\"robots\" content=\"index, follow, max-snippet:-1, max-image-preview:large, max-video-preview:-1\" \/>\n<link rel=\"canonical\" href=\"https:\/\/medinstrus.lt\/de\/produkt\/bedienfeld-instand\/\" \/>\n<meta property=\"og:locale\" content=\"de_DE\" \/>\n<meta property=\"og:type\" content=\"article\" \/>\n<meta property=\"og:title\" content=\"Bedienfeld InSTAND\" \/>\n<meta property=\"og:description\" content=\"Der InSTAND ist ein kompakter und eleganter, freistehender St\u00e4nder, der urspr\u00fcnglich dazu entwickelt wurde, das Bedienfeld eines automatischen Phoroptersystems zu halten und zu st\u00fctzen. Dank seiner Vielseitigkeit kann er jedoch auch f\u00fcr verschiedene andere Zwecke verwendet werden, z. B. als bequeme Ablagefl\u00e4che f\u00fcr pers\u00f6nliche Gegenst\u00e4nde wie Brillen oder Zubeh\u00f6r w\u00e4hrend der Augenuntersuchung. &nbsp;\" \/>\n<meta property=\"og:url\" content=\"https:\/\/medinstrus.lt\/de\/produkt\/bedienfeld-instand\/\" \/>\n<meta property=\"og:site_name\" content=\"Medinstrus\" \/>\n<meta property=\"article:publisher\" content=\"https:\/\/www.facebook.com\/medinstrus\/\" \/>\n<meta property=\"og:image\" content=\"https:\/\/medinstrus.lt\/wp-content\/uploads\/2025\/03\/stand.jpg\" \/>\n\t<meta property=\"og:image:width\" content=\"945\" \/>\n\t<meta property=\"og:image:height\" content=\"1417\" \/>\n\t<meta property=\"og:image:type\" content=\"image\/jpeg\" \/>\n<meta name=\"twitter:card\" content=\"summary_large_image\" \/>\n<meta name=\"twitter:label1\" content=\"Gesch\u00e4tzte Lesezeit\" \/>\n\t<meta name=\"twitter:data1\" content=\"1\u00a0Minute\" \/>\n<script type=\"application\/ld+json\" class=\"yoast-schema-graph\">{\"@context\":\"https:\\\/\\\/schema.org\",\"@graph\":[{\"@type\":\"WebPage\",\"@id\":\"https:\\\/\\\/medinstrus.lt\\\/de\\\/produkt\\\/bedienfeld-instand\\\/\",\"url\":\"https:\\\/\\\/medinstrus.lt\\\/de\\\/produkt\\\/bedienfeld-instand\\\/\",\"name\":\"Bedienfeld InSTAND - Medinstrus\",\"isPartOf\":{\"@id\":\"https:\\\/\\\/medinstrus.lt\\\/de\\\/#website\"},\"primaryImageOfPage\":{\"@id\":\"https:\\\/\\\/medinstrus.lt\\\/de\\\/produkt\\\/bedienfeld-instand\\\/#primaryimage\"},\"image\":{\"@id\":\"https:\\\/\\\/medinstrus.lt\\\/de\\\/produkt\\\/bedienfeld-instand\\\/#primaryimage\"},\"thumbnailUrl\":\"https:\\\/\\\/medinstrus.lt\\\/wp-content\\\/uploads\\\/2025\\\/03\\\/stand.jpg\",\"datePublished\":\"2025-03-24T08:35:35+00:00\",\"breadcrumb\":{\"@id\":\"https:\\\/\\\/medinstrus.lt\\\/de\\\/produkt\\\/bedienfeld-instand\\\/#breadcrumb\"},\"inLanguage\":\"de\",\"potentialAction\":[{\"@type\":\"ReadAction\",\"target\":[\"https:\\\/\\\/medinstrus.lt\\\/de\\\/produkt\\\/bedienfeld-instand\\\/\"]}]},{\"@type\":\"ImageObject\",\"inLanguage\":\"de\",\"@id\":\"https:\\\/\\\/medinstrus.lt\\\/de\\\/produkt\\\/bedienfeld-instand\\\/#primaryimage\",\"url\":\"https:\\\/\\\/medinstrus.lt\\\/wp-content\\\/uploads\\\/2025\\\/03\\\/stand.jpg\",\"contentUrl\":\"https:\\\/\\\/medinstrus.lt\\\/wp-content\\\/uploads\\\/2025\\\/03\\\/stand.jpg\",\"width\":945,\"height\":1417,\"caption\":\"Operation Panel Instand with vertical design and red wood top.\"},{\"@type\":\"BreadcrumbList\",\"@id\":\"https:\\\/\\\/medinstrus.lt\\\/de\\\/produkt\\\/bedienfeld-instand\\\/#breadcrumb\",\"itemListElement\":[{\"@type\":\"ListItem\",\"position\":1,\"name\":\"Home\",\"item\":\"https:\\\/\\\/medinstrus.lt\\\/de\\\/homepage\\\/\"},{\"@type\":\"ListItem\",\"position\":2,\"name\":\"Shop\",\"item\":\"https:\\\/\\\/medinstrus.lt\\\/de\\\/shop\\\/\"},{\"@type\":\"ListItem\",\"position\":3,\"name\":\"Bedienfeld InSTAND\"}]},{\"@type\":\"WebSite\",\"@id\":\"https:\\\/\\\/medinstrus.lt\\\/de\\\/#website\",\"url\":\"https:\\\/\\\/medinstrus.lt\\\/de\\\/\",\"name\":\"https:\\\/\\\/medinstrus.com\\\/\",\"description\":\"Simplicity combined with functionality.\",\"publisher\":{\"@id\":\"https:\\\/\\\/medinstrus.lt\\\/de\\\/#organization\"},\"potentialAction\":[{\"@type\":\"SearchAction\",\"target\":{\"@type\":\"EntryPoint\",\"urlTemplate\":\"https:\\\/\\\/medinstrus.lt\\\/de\\\/?s={search_term_string}\"},\"query-input\":{\"@type\":\"PropertyValueSpecification\",\"valueRequired\":true,\"valueName\":\"search_term_string\"}}],\"inLanguage\":\"de\"},{\"@type\":\"Organization\",\"@id\":\"https:\\\/\\\/medinstrus.lt\\\/de\\\/#organization\",\"name\":\"Medinstrus\",\"url\":\"https:\\\/\\\/medinstrus.lt\\\/de\\\/\",\"logo\":{\"@type\":\"ImageObject\",\"inLanguage\":\"de\",\"@id\":\"https:\\\/\\\/medinstrus.lt\\\/de\\\/#\\\/schema\\\/logo\\\/image\\\/\",\"url\":\"https:\\\/\\\/medinstrus.lt\\\/wp-content\\\/uploads\\\/2025\\\/02\\\/Medinstrus-v1.png\",\"contentUrl\":\"https:\\\/\\\/medinstrus.lt\\\/wp-content\\\/uploads\\\/2025\\\/02\\\/Medinstrus-v1.png\",\"width\":723,\"height\":96,\"caption\":\"Medinstrus\"},\"image\":{\"@id\":\"https:\\\/\\\/medinstrus.lt\\\/de\\\/#\\\/schema\\\/logo\\\/image\\\/\"},\"sameAs\":[\"https:\\\/\\\/www.facebook.com\\\/medinstrus\\\/\",\"https:\\\/\\\/www.instagram.com\\\/Medinstrus\"]}]}<\/script>\n<!-- \/ Yoast SEO Premium plugin. -->","yoast_head_json":{"title":"Bedienfeld InSTAND - Medinstrus","robots":{"index":"index","follow":"follow","max-snippet":"max-snippet:-1","max-image-preview":"max-image-preview:large","max-video-preview":"max-video-preview:-1"},"canonical":"https:\/\/medinstrus.lt\/de\/produkt\/bedienfeld-instand\/","og_locale":"de_DE","og_type":"article","og_title":"Bedienfeld InSTAND","og_description":"Der InSTAND ist ein kompakter und eleganter, freistehender St\u00e4nder, der urspr\u00fcnglich dazu entwickelt wurde, das Bedienfeld eines automatischen Phoroptersystems zu halten und zu st\u00fctzen. Dank seiner Vielseitigkeit kann er jedoch auch f\u00fcr verschiedene andere Zwecke verwendet werden, z. B. als bequeme Ablagefl\u00e4che f\u00fcr pers\u00f6nliche Gegenst\u00e4nde wie Brillen oder Zubeh\u00f6r w\u00e4hrend der Augenuntersuchung. &nbsp;","og_url":"https:\/\/medinstrus.lt\/de\/produkt\/bedienfeld-instand\/","og_site_name":"Medinstrus","article_publisher":"https:\/\/www.facebook.com\/medinstrus\/","og_image":[{"width":945,"height":1417,"url":"https:\/\/medinstrus.lt\/wp-content\/uploads\/2025\/03\/stand.jpg","type":"image\/jpeg"}],"twitter_card":"summary_large_image","twitter_misc":{"Gesch\u00e4tzte Lesezeit":"1\u00a0Minute"},"schema":{"@context":"https:\/\/schema.org","@graph":[{"@type":"WebPage","@id":"https:\/\/medinstrus.lt\/de\/produkt\/bedienfeld-instand\/","url":"https:\/\/medinstrus.lt\/de\/produkt\/bedienfeld-instand\/","name":"Bedienfeld InSTAND - Medinstrus","isPartOf":{"@id":"https:\/\/medinstrus.lt\/de\/#website"},"primaryImageOfPage":{"@id":"https:\/\/medinstrus.lt\/de\/produkt\/bedienfeld-instand\/#primaryimage"},"image":{"@id":"https:\/\/medinstrus.lt\/de\/produkt\/bedienfeld-instand\/#primaryimage"},"thumbnailUrl":"https:\/\/medinstrus.lt\/wp-content\/uploads\/2025\/03\/stand.jpg","datePublished":"2025-03-24T08:35:35+00:00","breadcrumb":{"@id":"https:\/\/medinstrus.lt\/de\/produkt\/bedienfeld-instand\/#breadcrumb"},"inLanguage":"de","potentialAction":[{"@type":"ReadAction","target":["https:\/\/medinstrus.lt\/de\/produkt\/bedienfeld-instand\/"]}]},{"@type":"ImageObject","inLanguage":"de","@id":"https:\/\/medinstrus.lt\/de\/produkt\/bedienfeld-instand\/#primaryimage","url":"https:\/\/medinstrus.lt\/wp-content\/uploads\/2025\/03\/stand.jpg","contentUrl":"https:\/\/medinstrus.lt\/wp-content\/uploads\/2025\/03\/stand.jpg","width":945,"height":1417,"caption":"Operation Panel Instand with vertical design and red wood top."},{"@type":"BreadcrumbList","@id":"https:\/\/medinstrus.lt\/de\/produkt\/bedienfeld-instand\/#breadcrumb","itemListElement":[{"@type":"ListItem","position":1,"name":"Home","item":"https:\/\/medinstrus.lt\/de\/homepage\/"},{"@type":"ListItem","position":2,"name":"Shop","item":"https:\/\/medinstrus.lt\/de\/shop\/"},{"@type":"ListItem","position":3,"name":"Bedienfeld InSTAND"}]},{"@type":"WebSite","@id":"https:\/\/medinstrus.lt\/de\/#website","url":"https:\/\/medinstrus.lt\/de\/","name":"https:\/\/medinstrus.com\/","description":"Simplicity combined with functionality.","publisher":{"@id":"https:\/\/medinstrus.lt\/de\/#organization"},"potentialAction":[{"@type":"SearchAction","target":{"@type":"EntryPoint","urlTemplate":"https:\/\/medinstrus.lt\/de\/?s={search_term_string}"},"query-input":{"@type":"PropertyValueSpecification","valueRequired":true,"valueName":"search_term_string"}}],"inLanguage":"de"},{"@type":"Organization","@id":"https:\/\/medinstrus.lt\/de\/#organization","name":"Medinstrus","url":"https:\/\/medinstrus.lt\/de\/","logo":{"@type":"ImageObject","inLanguage":"de","@id":"https:\/\/medinstrus.lt\/de\/#\/schema\/logo\/image\/","url":"https:\/\/medinstrus.lt\/wp-content\/uploads\/2025\/02\/Medinstrus-v1.png","contentUrl":"https:\/\/medinstrus.lt\/wp-content\/uploads\/2025\/02\/Medinstrus-v1.png","width":723,"height":96,"caption":"Medinstrus"},"image":{"@id":"https:\/\/medinstrus.lt\/de\/#\/schema\/logo\/image\/"},"sameAs":["https:\/\/www.facebook.com\/medinstrus\/","https:\/\/www.instagram.com\/Medinstrus"]}]}},"_links":{"self":[{"href":"https:\/\/medinstrus.lt\/de\/wp-json\/wp\/v2\/product\/3433","targetHints":{"allow":["GET"]}}],"collection":[{"href":"https:\/\/medinstrus.lt\/de\/wp-json\/wp\/v2\/product"}],"about":[{"href":"https:\/\/medinstrus.lt\/de\/wp-json\/wp\/v2\/types\/product"}],"replies":[{"embeddable":true,"href":"https:\/\/medinstrus.lt\/de\/wp-json\/wp\/v2\/comments?post=3433"}],"wp:featuredmedia":[{"embeddable":true,"href":"https:\/\/medinstrus.lt\/de\/wp-json\/wp\/v2\/media\/3140"}],"wp:attachment":[{"href":"https:\/\/medinstrus.lt\/de\/wp-json\/wp\/v2\/media?parent=3433"}],"wp:term":[{"taxonomy":"product_brand","embeddable":true,"href":"https:\/\/medinstrus.lt\/de\/wp-json\/wp\/v2\/product_brand?post=3433"},{"taxonomy":"product_cat","embeddable":true,"href":"https:\/\/medinstrus.lt\/de\/wp-json\/wp\/v2\/product_cat?post=3433"},{"taxonomy":"product_tag","embeddable":true,"href":"https:\/\/medinstrus.lt\/de\/wp-json\/wp\/v2\/product_tag?post=3433"}],"curies":[{"name":"wp","href":"https:\/\/api.w.org\/{rel}","templated":true}]}}