{"id":3429,"date":"2025-03-05T11:35:36","date_gmt":"2025-03-05T09:35:36","guid":{"rendered":"https:\/\/medinstrus.lt\/product\/schreibtisch-des-arztes-v2\/"},"modified":"2025-03-05T11:35:36","modified_gmt":"2025-03-05T09:35:36","slug":"schreibtisch-des-arztes-v2","status":"publish","type":"product","link":"https:\/\/medinstrus.lt\/de\/produkt\/schreibtisch-des-arztes-v2\/","title":{"rendered":"Schreibtisch des Arztes V2"},"content":{"rendered":"<div>\n<p class=\"x_MsoNormal\"><strong>Wichtige Merkmale:<\/strong><\/p>\n<\/div>\n<ul>\n<li class=\"x_MsoNormal\"><strong>Ger\u00e4umiges Design<\/strong> &#8211; Gro\u00dfe Arbeitsfl\u00e4che f\u00fcr nahtloses Workflow-Management.<\/li>\n<li class=\"x_MsoNormal\"><strong>Ergonomisches Layout<\/strong> &#8211; Durchdachtes Design f\u00fcr Komfort bei l\u00e4ngerem Gebrauch.<\/li>\n<li class=\"x_MsoNormal\"><strong>Langlebige Konstruktion<\/strong> &#8211; Stabile Metallbeine sorgen f\u00fcr Stabilit\u00e4t und Langlebigkeit.<\/li>\n<li class=\"x_MsoNormal\"><strong>Integriertes Kabelmanagement<\/strong> &#8211; Integrierte Kabeldurchf\u00fchrungen f\u00fcr einen sauberen und organisierten Arbeitsbereich<\/li>\n<li class=\"x_MsoNormal\"><strong>Erweiterte Kabelorganisation<\/strong> &#8211; Hinter dem Schreibtisch befindet sich ein spezieller Bereich, in dem die Kabel sicher untergebracht und organisiert werden k\u00f6nnen.  <\/li>\n<li class=\"x_MsoNormal\"><strong>Vielseitiges Computerregal <\/strong>&#8211; Kann auf beiden Seiten, innerhalb oder au\u00dferhalb der Schreibtischbeine montiert werden.<\/li>\n<\/ul>\n<div>\n<p class=\"x_MsoNormal\"><b> <\/b><\/p>\n<\/div>\n<div>\n<p class=\"x_MsoNormal\"><strong>Optional:<\/strong><\/p>\n<\/div>\n<ul>\n<li class=\"x_MsoNormal\"><strong>Anpassbare Schubladenoptionen<\/strong>.<\/li>\n<li class=\"x_MsoNormal\"><strong>Ein Stauschrank ist<\/strong> f\u00fcr zus\u00e4tzliche Funktionalit\u00e4t und Organisation <strong>verf\u00fcgbar<\/strong>.<\/li>\n<\/ul>\n<div>\n<p class=\"x_MsoNormal\"> <strong>Farbauswahl <\/strong>&#8211; Passen Sie die Oberfl\u00e4che der Fassade und der Metallf\u00fc\u00dfe an Ihre Einrichtung an.<\/p>\n<p>&nbsp;<\/p>\n<\/div>\n<div>\n<p class=\"x_MsoNormal\"><strong>Technische Daten:<\/strong><\/p>\n<\/div>\n<ul>\n<li class=\"x_MsoNormal\"><strong>H\u00f6he des Schreibtisches:<\/strong> 77cm<\/li>\n<li class=\"x_MsoNormal\"><strong>L\u00e4nge des Schreibtisches:<\/strong> 130 &#8211; 220cm*<\/li>\n<li class=\"x_MsoNormal\"><strong>Breite des Schreibtisches:<\/strong> 60 &#8211; 90cm*<\/li>\n<\/ul>\n<div>\n<p class=\"x_MsoNormal\">*Variiert je nach gew\u00e4hlten Optionen<\/p>\n<\/div>\n","protected":false},"excerpt":{"rendered":"<p><strong>Schreibtisch des Arztes V2<\/strong><\/p>\n<p>Verbessern Sie Ihren medizinischen Arbeitsplatz mit diesem <strong>ergonomischen Arztschreibtisch,<\/strong> der auf Effizienz und Komfort ausgelegt ist. Mit seiner ger\u00e4umigen, zweifarbigen Arbeitsfl\u00e4che bietet dieser Schreibtisch reichlich Platz f\u00fcr Unterlagen und Ger\u00e4te. <\/p>\n","protected":false},"featured_media":3058,"comment_status":"closed","ping_status":"closed","template":"","meta":{"_acf_changed":false},"product_brand":[],"product_cat":[308],"product_tag":[315,312,319,311,316,314,313,321,317,320,309,310,318],"class_list":{"0":"post-3429","1":"product","2":"type-product","3":"status-publish","4":"has-post-thumbnail","6":"product_cat-schreibtische-der-arzte","7":"product_tag-anpassbarer-medizinischer-schreibtisch","8":"product_tag-arbeitsplatz-im-gesundheitswesen","9":"product_tag-ergonomischer-arbeitsbereich","10":"product_tag-ergonomischer-medizinischer-schreibtisch","11":"product_tag-kabelmanagement","12":"product_tag-krankenhausmobel","13":"product_tag-langlebiger-arztschreibtisch","14":"product_tag-medizinische-buroorganisation","15":"product_tag-medizinischer-arbeitsbereich","16":"product_tag-moderne-mobel-fur-das-gesundheitswesen","17":"product_tag-schreibtisch-des-arztes","18":"product_tag-schreibtisch-in-der-arztpraxis","19":"product_tag-verstellbarer-schreibtisch","21":"first","22":"instock","23":"shipping-taxable","24":"product-type-simple"},"acf":[],"gallery_images":[3062,3064,3066,3068],"yoast_head":"<!-- This site is optimized with the Yoast SEO Premium plugin v27.4 (Yoast SEO v27.4) - https:\/\/yoast.com\/product\/yoast-seo-premium-wordpress\/ -->\n<title>Ergonomischer Arztschreibtisch V2 - Medinstrus<\/title>\n<meta name=\"description\" content=\"R\u00fcsten Sie Ihren medizinischen Arbeitsplatz mit einem ergonomischen und langlebigen Arztschreibtisch auf, der \u00fcber eine ger\u00e4umige Arbeitsfl\u00e4che und ein integriertes Kabelmanagement verf\u00fcgt.\" \/>\n<meta name=\"robots\" content=\"index, follow, max-snippet:-1, max-image-preview:large, max-video-preview:-1\" \/>\n<link rel=\"canonical\" href=\"https:\/\/medinstrus.lt\/de\/produkt\/schreibtisch-des-arztes-v2\/\" \/>\n<meta property=\"og:locale\" content=\"de_DE\" \/>\n<meta property=\"og:type\" content=\"article\" \/>\n<meta property=\"og:title\" content=\"Schreibtisch des Arztes V2\" \/>\n<meta property=\"og:description\" content=\"R\u00fcsten Sie Ihren medizinischen Arbeitsplatz mit einem ergonomischen und langlebigen Arztschreibtisch auf, der \u00fcber eine ger\u00e4umige Arbeitsfl\u00e4che und ein integriertes Kabelmanagement verf\u00fcgt.\" \/>\n<meta property=\"og:url\" content=\"https:\/\/medinstrus.lt\/de\/produkt\/schreibtisch-des-arztes-v2\/\" \/>\n<meta property=\"og:site_name\" content=\"Medinstrus\" \/>\n<meta property=\"article:publisher\" content=\"https:\/\/www.facebook.com\/medinstrus\/\" \/>\n<meta property=\"og:image\" content=\"https:\/\/medinstrus.lt\/wp-content\/uploads\/2025\/03\/Pagrindine.png\" \/>\n\t<meta property=\"og:image:width\" content=\"1080\" \/>\n\t<meta property=\"og:image:height\" content=\"1350\" \/>\n\t<meta property=\"og:image:type\" content=\"image\/png\" \/>\n<meta name=\"twitter:card\" content=\"summary_large_image\" \/>\n<meta name=\"twitter:label1\" content=\"Gesch\u00e4tzte Lesezeit\" \/>\n\t<meta name=\"twitter:data1\" content=\"1\u00a0Minute\" \/>\n<script type=\"application\/ld+json\" class=\"yoast-schema-graph\">{\"@context\":\"https:\\\/\\\/schema.org\",\"@graph\":[{\"@type\":\"WebPage\",\"@id\":\"https:\\\/\\\/medinstrus.lt\\\/de\\\/produkt\\\/schreibtisch-des-arztes-v2\\\/\",\"url\":\"https:\\\/\\\/medinstrus.lt\\\/de\\\/produkt\\\/schreibtisch-des-arztes-v2\\\/\",\"name\":\"Ergonomischer Arztschreibtisch V2 - Medinstrus\",\"isPartOf\":{\"@id\":\"https:\\\/\\\/medinstrus.lt\\\/de\\\/#website\"},\"primaryImageOfPage\":{\"@id\":\"https:\\\/\\\/medinstrus.lt\\\/de\\\/produkt\\\/schreibtisch-des-arztes-v2\\\/#primaryimage\"},\"image\":{\"@id\":\"https:\\\/\\\/medinstrus.lt\\\/de\\\/produkt\\\/schreibtisch-des-arztes-v2\\\/#primaryimage\"},\"thumbnailUrl\":\"https:\\\/\\\/medinstrus.lt\\\/wp-content\\\/uploads\\\/2025\\\/03\\\/Pagrindine.png\",\"datePublished\":\"2025-03-05T09:35:36+00:00\",\"description\":\"R\u00fcsten Sie Ihren medizinischen Arbeitsplatz mit einem ergonomischen und langlebigen Arztschreibtisch auf, der \u00fcber eine ger\u00e4umige Arbeitsfl\u00e4che und ein integriertes Kabelmanagement verf\u00fcgt.\",\"breadcrumb\":{\"@id\":\"https:\\\/\\\/medinstrus.lt\\\/de\\\/produkt\\\/schreibtisch-des-arztes-v2\\\/#breadcrumb\"},\"inLanguage\":\"de\",\"potentialAction\":[{\"@type\":\"ReadAction\",\"target\":[\"https:\\\/\\\/medinstrus.lt\\\/de\\\/produkt\\\/schreibtisch-des-arztes-v2\\\/\"]}]},{\"@type\":\"ImageObject\",\"inLanguage\":\"de\",\"@id\":\"https:\\\/\\\/medinstrus.lt\\\/de\\\/produkt\\\/schreibtisch-des-arztes-v2\\\/#primaryimage\",\"url\":\"https:\\\/\\\/medinstrus.lt\\\/wp-content\\\/uploads\\\/2025\\\/03\\\/Pagrindine.png\",\"contentUrl\":\"https:\\\/\\\/medinstrus.lt\\\/wp-content\\\/uploads\\\/2025\\\/03\\\/Pagrindine.png\",\"width\":1080,\"height\":1350,\"caption\":\"A stylish and functional ergonomic doctor's desk with a spacious dual-tone work surface, integrated cable management, and optional storage solutions.\"},{\"@type\":\"BreadcrumbList\",\"@id\":\"https:\\\/\\\/medinstrus.lt\\\/de\\\/produkt\\\/schreibtisch-des-arztes-v2\\\/#breadcrumb\",\"itemListElement\":[{\"@type\":\"ListItem\",\"position\":1,\"name\":\"Home\",\"item\":\"https:\\\/\\\/medinstrus.lt\\\/de\\\/homepage\\\/\"},{\"@type\":\"ListItem\",\"position\":2,\"name\":\"Shop\",\"item\":\"https:\\\/\\\/medinstrus.lt\\\/de\\\/shop\\\/\"},{\"@type\":\"ListItem\",\"position\":3,\"name\":\"Schreibtisch des Arztes V2\"}]},{\"@type\":\"WebSite\",\"@id\":\"https:\\\/\\\/medinstrus.lt\\\/de\\\/#website\",\"url\":\"https:\\\/\\\/medinstrus.lt\\\/de\\\/\",\"name\":\"https:\\\/\\\/medinstrus.com\\\/\",\"description\":\"Simplicity combined with functionality.\",\"publisher\":{\"@id\":\"https:\\\/\\\/medinstrus.lt\\\/de\\\/#organization\"},\"potentialAction\":[{\"@type\":\"SearchAction\",\"target\":{\"@type\":\"EntryPoint\",\"urlTemplate\":\"https:\\\/\\\/medinstrus.lt\\\/de\\\/?s={search_term_string}\"},\"query-input\":{\"@type\":\"PropertyValueSpecification\",\"valueRequired\":true,\"valueName\":\"search_term_string\"}}],\"inLanguage\":\"de\"},{\"@type\":\"Organization\",\"@id\":\"https:\\\/\\\/medinstrus.lt\\\/de\\\/#organization\",\"name\":\"Medinstrus\",\"url\":\"https:\\\/\\\/medinstrus.lt\\\/de\\\/\",\"logo\":{\"@type\":\"ImageObject\",\"inLanguage\":\"de\",\"@id\":\"https:\\\/\\\/medinstrus.lt\\\/de\\\/#\\\/schema\\\/logo\\\/image\\\/\",\"url\":\"https:\\\/\\\/medinstrus.lt\\\/wp-content\\\/uploads\\\/2025\\\/02\\\/Medinstrus-v1.png\",\"contentUrl\":\"https:\\\/\\\/medinstrus.lt\\\/wp-content\\\/uploads\\\/2025\\\/02\\\/Medinstrus-v1.png\",\"width\":723,\"height\":96,\"caption\":\"Medinstrus\"},\"image\":{\"@id\":\"https:\\\/\\\/medinstrus.lt\\\/de\\\/#\\\/schema\\\/logo\\\/image\\\/\"},\"sameAs\":[\"https:\\\/\\\/www.facebook.com\\\/medinstrus\\\/\",\"https:\\\/\\\/www.instagram.com\\\/Medinstrus\"]}]}<\/script>\n<!-- \/ Yoast SEO Premium plugin. -->","yoast_head_json":{"title":"Ergonomischer Arztschreibtisch V2 - Medinstrus","description":"R\u00fcsten Sie Ihren medizinischen Arbeitsplatz mit einem ergonomischen und langlebigen Arztschreibtisch auf, der \u00fcber eine ger\u00e4umige Arbeitsfl\u00e4che und ein integriertes Kabelmanagement verf\u00fcgt.","robots":{"index":"index","follow":"follow","max-snippet":"max-snippet:-1","max-image-preview":"max-image-preview:large","max-video-preview":"max-video-preview:-1"},"canonical":"https:\/\/medinstrus.lt\/de\/produkt\/schreibtisch-des-arztes-v2\/","og_locale":"de_DE","og_type":"article","og_title":"Schreibtisch des Arztes V2","og_description":"R\u00fcsten Sie Ihren medizinischen Arbeitsplatz mit einem ergonomischen und langlebigen Arztschreibtisch auf, der \u00fcber eine ger\u00e4umige Arbeitsfl\u00e4che und ein integriertes Kabelmanagement verf\u00fcgt.","og_url":"https:\/\/medinstrus.lt\/de\/produkt\/schreibtisch-des-arztes-v2\/","og_site_name":"Medinstrus","article_publisher":"https:\/\/www.facebook.com\/medinstrus\/","og_image":[{"width":1080,"height":1350,"url":"https:\/\/medinstrus.lt\/wp-content\/uploads\/2025\/03\/Pagrindine.png","type":"image\/png"}],"twitter_card":"summary_large_image","twitter_misc":{"Gesch\u00e4tzte Lesezeit":"1\u00a0Minute"},"schema":{"@context":"https:\/\/schema.org","@graph":[{"@type":"WebPage","@id":"https:\/\/medinstrus.lt\/de\/produkt\/schreibtisch-des-arztes-v2\/","url":"https:\/\/medinstrus.lt\/de\/produkt\/schreibtisch-des-arztes-v2\/","name":"Ergonomischer Arztschreibtisch V2 - Medinstrus","isPartOf":{"@id":"https:\/\/medinstrus.lt\/de\/#website"},"primaryImageOfPage":{"@id":"https:\/\/medinstrus.lt\/de\/produkt\/schreibtisch-des-arztes-v2\/#primaryimage"},"image":{"@id":"https:\/\/medinstrus.lt\/de\/produkt\/schreibtisch-des-arztes-v2\/#primaryimage"},"thumbnailUrl":"https:\/\/medinstrus.lt\/wp-content\/uploads\/2025\/03\/Pagrindine.png","datePublished":"2025-03-05T09:35:36+00:00","description":"R\u00fcsten Sie Ihren medizinischen Arbeitsplatz mit einem ergonomischen und langlebigen Arztschreibtisch auf, der \u00fcber eine ger\u00e4umige Arbeitsfl\u00e4che und ein integriertes Kabelmanagement verf\u00fcgt.","breadcrumb":{"@id":"https:\/\/medinstrus.lt\/de\/produkt\/schreibtisch-des-arztes-v2\/#breadcrumb"},"inLanguage":"de","potentialAction":[{"@type":"ReadAction","target":["https:\/\/medinstrus.lt\/de\/produkt\/schreibtisch-des-arztes-v2\/"]}]},{"@type":"ImageObject","inLanguage":"de","@id":"https:\/\/medinstrus.lt\/de\/produkt\/schreibtisch-des-arztes-v2\/#primaryimage","url":"https:\/\/medinstrus.lt\/wp-content\/uploads\/2025\/03\/Pagrindine.png","contentUrl":"https:\/\/medinstrus.lt\/wp-content\/uploads\/2025\/03\/Pagrindine.png","width":1080,"height":1350,"caption":"A stylish and functional ergonomic doctor's desk with a spacious dual-tone work surface, integrated cable management, and optional storage solutions."},{"@type":"BreadcrumbList","@id":"https:\/\/medinstrus.lt\/de\/produkt\/schreibtisch-des-arztes-v2\/#breadcrumb","itemListElement":[{"@type":"ListItem","position":1,"name":"Home","item":"https:\/\/medinstrus.lt\/de\/homepage\/"},{"@type":"ListItem","position":2,"name":"Shop","item":"https:\/\/medinstrus.lt\/de\/shop\/"},{"@type":"ListItem","position":3,"name":"Schreibtisch des Arztes V2"}]},{"@type":"WebSite","@id":"https:\/\/medinstrus.lt\/de\/#website","url":"https:\/\/medinstrus.lt\/de\/","name":"https:\/\/medinstrus.com\/","description":"Simplicity combined with functionality.","publisher":{"@id":"https:\/\/medinstrus.lt\/de\/#organization"},"potentialAction":[{"@type":"SearchAction","target":{"@type":"EntryPoint","urlTemplate":"https:\/\/medinstrus.lt\/de\/?s={search_term_string}"},"query-input":{"@type":"PropertyValueSpecification","valueRequired":true,"valueName":"search_term_string"}}],"inLanguage":"de"},{"@type":"Organization","@id":"https:\/\/medinstrus.lt\/de\/#organization","name":"Medinstrus","url":"https:\/\/medinstrus.lt\/de\/","logo":{"@type":"ImageObject","inLanguage":"de","@id":"https:\/\/medinstrus.lt\/de\/#\/schema\/logo\/image\/","url":"https:\/\/medinstrus.lt\/wp-content\/uploads\/2025\/02\/Medinstrus-v1.png","contentUrl":"https:\/\/medinstrus.lt\/wp-content\/uploads\/2025\/02\/Medinstrus-v1.png","width":723,"height":96,"caption":"Medinstrus"},"image":{"@id":"https:\/\/medinstrus.lt\/de\/#\/schema\/logo\/image\/"},"sameAs":["https:\/\/www.facebook.com\/medinstrus\/","https:\/\/www.instagram.com\/Medinstrus"]}]}},"_links":{"self":[{"href":"https:\/\/medinstrus.lt\/de\/wp-json\/wp\/v2\/product\/3429","targetHints":{"allow":["GET"]}}],"collection":[{"href":"https:\/\/medinstrus.lt\/de\/wp-json\/wp\/v2\/product"}],"about":[{"href":"https:\/\/medinstrus.lt\/de\/wp-json\/wp\/v2\/types\/product"}],"replies":[{"embeddable":true,"href":"https:\/\/medinstrus.lt\/de\/wp-json\/wp\/v2\/comments?post=3429"}],"wp:featuredmedia":[{"embeddable":true,"href":"https:\/\/medinstrus.lt\/de\/wp-json\/wp\/v2\/media\/3058"}],"wp:attachment":[{"href":"https:\/\/medinstrus.lt\/de\/wp-json\/wp\/v2\/media?parent=3429"}],"wp:term":[{"taxonomy":"product_brand","embeddable":true,"href":"https:\/\/medinstrus.lt\/de\/wp-json\/wp\/v2\/product_brand?post=3429"},{"taxonomy":"product_cat","embeddable":true,"href":"https:\/\/medinstrus.lt\/de\/wp-json\/wp\/v2\/product_cat?post=3429"},{"taxonomy":"product_tag","embeddable":true,"href":"https:\/\/medinstrus.lt\/de\/wp-json\/wp\/v2\/product_tag?post=3429"}],"curies":[{"name":"wp","href":"https:\/\/api.w.org\/{rel}","templated":true}]}}