{"id":3403,"date":"2024-07-13T14:19:07","date_gmt":"2024-07-13T11:19:07","guid":{"rendered":"https:\/\/medinstrus.lt\/product\/hoehenverstellbarer-befestigungsring-fuer-ausbalancierten-phoropterarm\/"},"modified":"2024-07-13T14:19:07","modified_gmt":"2024-07-13T11:19:07","slug":"hoehenverstellbarer-befestigungsring-fuer-ausbalancierten-phoropterarm","status":"publish","type":"product","link":"https:\/\/medinstrus.lt\/de\/produkt\/hoehenverstellbarer-befestigungsring-fuer-ausbalancierten-phoropterarm\/","title":{"rendered":"H\u00f6henverstellbarer Befestigungsring f\u00fcr ausbalancierten Phoropterarm"},"content":{"rendered":"<p><strong>Wichtige Merkmale:<\/strong><\/p>\n<ul>\n<li><strong>H\u00f6henverstellbar:<\/strong> Erm\u00f6glicht eine einfache und pr\u00e4zise H\u00f6henverstellung des Phoropterarms, um eine optimale Positionierung f\u00fcr verschiedene Patientengr\u00f6\u00dfen und Untersuchungsanforderungen zu gew\u00e4hrleisten;<\/li>\n<li><strong>Sichere Fixierung:<\/strong> Bietet eine stabile und sichere Verbindung, die jede unerw\u00fcnschte Bewegung des Phoropterarms w\u00e4hrend des Gebrauchs verhindert;<\/li>\n<li><strong>Einfache Installation:<\/strong> Entwickelt f\u00fcr eine schnelle und unkomplizierte Installation am Mast, was die Aufbauzeit minimiert und die Effizienz erh\u00f6ht;<\/li>\n<li><strong>Kompaktes Design:<\/strong> Dank seiner kompakten Gr\u00f6\u00dfe f\u00fcgt er sich nahtlos in die vorhandene Einrichtung ein, ohne unn\u00f6tig viel Platz zu beanspruchen.<\/li>\n<\/ul>\n<p><strong>Spezifikationen:<\/strong><\/p>\n<ul>\n<li><strong>Material:<\/strong> Hochwertiges, langlebiges Metall<\/li>\n<li><strong>Kompatibilit\u00e4t:<\/strong> Speziell f\u00fcr die Verwendung mit ausbalancierten Phoropterarmen entwickelt.<\/li>\n<\/ul>\n","protected":false},"excerpt":{"rendered":"<p>Der h\u00f6henverstellbare Montagering ist ein unverzichtbares Zubeh\u00f6rteil, mit dem Sie den ausbalancierten Phoropterarm an einer Stange befestigen und stabilisieren k\u00f6nnen, um eine pr\u00e4zise H\u00f6heneinstellung zu erm\u00f6glichen. Dieser Montagering sorgt daf\u00fcr, dass Ihr Phoropterarm fest an seinem Platz bleibt und optimiert die Einrichtung f\u00fcr genaue und komfortable Patientenuntersuchungen. <\/p>\n","protected":false},"featured_media":2978,"comment_status":"closed","ping_status":"closed","template":"","meta":{"_acf_changed":false},"product_brand":[],"product_cat":[287],"product_tag":[],"class_list":{"0":"post-3403","1":"product","2":"type-product","3":"status-publish","4":"has-post-thumbnail","6":"product_cat-zubehor","8":"first","9":"instock","10":"shipping-taxable","11":"product-type-simple"},"acf":[],"gallery_images":[],"yoast_head":"<!-- This site is optimized with the Yoast SEO Premium plugin v27.1 (Yoast SEO v27.4) - https:\/\/yoast.com\/product\/yoast-seo-premium-wordpress\/ -->\n<title>H\u00f6henverstellbarer Befestigungsring f\u00fcr ausbalancierten Phoropterarm - Medinstrus<\/title>\n<meta name=\"robots\" content=\"index, follow, max-snippet:-1, max-image-preview:large, max-video-preview:-1\" \/>\n<link rel=\"canonical\" href=\"https:\/\/medinstrus.lt\/de\/produkt\/hoehenverstellbarer-befestigungsring-fuer-ausbalancierten-phoropterarm\/\" \/>\n<meta property=\"og:locale\" content=\"de_DE\" \/>\n<meta property=\"og:type\" content=\"article\" \/>\n<meta property=\"og:title\" content=\"H\u00f6henverstellbarer Befestigungsring f\u00fcr ausbalancierten Phoropterarm\" \/>\n<meta property=\"og:description\" content=\"Der h\u00f6henverstellbare Montagering ist ein unverzichtbares Zubeh\u00f6rteil, mit dem Sie den ausbalancierten Phoropterarm an einer Stange befestigen und stabilisieren k\u00f6nnen, um eine pr\u00e4zise H\u00f6heneinstellung zu erm\u00f6glichen. Dieser Montagering sorgt daf\u00fcr, dass Ihr Phoropterarm fest an seinem Platz bleibt und optimiert die Einrichtung f\u00fcr genaue und komfortable Patientenuntersuchungen.\" \/>\n<meta property=\"og:url\" content=\"https:\/\/medinstrus.lt\/de\/produkt\/hoehenverstellbarer-befestigungsring-fuer-ausbalancierten-phoropterarm\/\" \/>\n<meta property=\"og:site_name\" content=\"Medinstrus\" \/>\n<meta property=\"article:publisher\" content=\"https:\/\/www.facebook.com\/medinstrus\/\" \/>\n<meta property=\"og:image\" content=\"https:\/\/medinstrus.lt\/wp-content\/uploads\/2024\/07\/Adjustable-height-mounting-ring-for-counterbalanced-phoropter-arm.png\" \/>\n\t<meta property=\"og:image:width\" content=\"1080\" \/>\n\t<meta property=\"og:image:height\" content=\"1350\" \/>\n\t<meta property=\"og:image:type\" content=\"image\/png\" \/>\n<meta name=\"twitter:card\" content=\"summary_large_image\" \/>\n<meta name=\"twitter:label1\" content=\"Gesch\u00e4tzte Lesezeit\" \/>\n\t<meta name=\"twitter:data1\" content=\"1\u00a0Minute\" \/>\n<script type=\"application\/ld+json\" class=\"yoast-schema-graph\">{\"@context\":\"https:\\\/\\\/schema.org\",\"@graph\":[{\"@type\":\"WebPage\",\"@id\":\"https:\\\/\\\/medinstrus.lt\\\/de\\\/produkt\\\/hoehenverstellbarer-befestigungsring-fuer-ausbalancierten-phoropterarm\\\/\",\"url\":\"https:\\\/\\\/medinstrus.lt\\\/de\\\/produkt\\\/hoehenverstellbarer-befestigungsring-fuer-ausbalancierten-phoropterarm\\\/\",\"name\":\"H\u00f6henverstellbarer Befestigungsring f\u00fcr ausbalancierten Phoropterarm - Medinstrus\",\"isPartOf\":{\"@id\":\"https:\\\/\\\/medinstrus.lt\\\/de\\\/#website\"},\"primaryImageOfPage\":{\"@id\":\"https:\\\/\\\/medinstrus.lt\\\/de\\\/produkt\\\/hoehenverstellbarer-befestigungsring-fuer-ausbalancierten-phoropterarm\\\/#primaryimage\"},\"image\":{\"@id\":\"https:\\\/\\\/medinstrus.lt\\\/de\\\/produkt\\\/hoehenverstellbarer-befestigungsring-fuer-ausbalancierten-phoropterarm\\\/#primaryimage\"},\"thumbnailUrl\":\"https:\\\/\\\/medinstrus.lt\\\/wp-content\\\/uploads\\\/2024\\\/07\\\/Adjustable-height-mounting-ring-for-counterbalanced-phoropter-arm.png\",\"datePublished\":\"2024-07-13T11:19:07+00:00\",\"breadcrumb\":{\"@id\":\"https:\\\/\\\/medinstrus.lt\\\/de\\\/produkt\\\/hoehenverstellbarer-befestigungsring-fuer-ausbalancierten-phoropterarm\\\/#breadcrumb\"},\"inLanguage\":\"de\",\"potentialAction\":[{\"@type\":\"ReadAction\",\"target\":[\"https:\\\/\\\/medinstrus.lt\\\/de\\\/produkt\\\/hoehenverstellbarer-befestigungsring-fuer-ausbalancierten-phoropterarm\\\/\"]}]},{\"@type\":\"ImageObject\",\"inLanguage\":\"de\",\"@id\":\"https:\\\/\\\/medinstrus.lt\\\/de\\\/produkt\\\/hoehenverstellbarer-befestigungsring-fuer-ausbalancierten-phoropterarm\\\/#primaryimage\",\"url\":\"https:\\\/\\\/medinstrus.lt\\\/wp-content\\\/uploads\\\/2024\\\/07\\\/Adjustable-height-mounting-ring-for-counterbalanced-phoropter-arm.png\",\"contentUrl\":\"https:\\\/\\\/medinstrus.lt\\\/wp-content\\\/uploads\\\/2024\\\/07\\\/Adjustable-height-mounting-ring-for-counterbalanced-phoropter-arm.png\",\"width\":1080,\"height\":1350},{\"@type\":\"BreadcrumbList\",\"@id\":\"https:\\\/\\\/medinstrus.lt\\\/de\\\/produkt\\\/hoehenverstellbarer-befestigungsring-fuer-ausbalancierten-phoropterarm\\\/#breadcrumb\",\"itemListElement\":[{\"@type\":\"ListItem\",\"position\":1,\"name\":\"Home\",\"item\":\"https:\\\/\\\/medinstrus.lt\\\/de\\\/homepage\\\/\"},{\"@type\":\"ListItem\",\"position\":2,\"name\":\"Shop\",\"item\":\"https:\\\/\\\/medinstrus.lt\\\/de\\\/shop\\\/\"},{\"@type\":\"ListItem\",\"position\":3,\"name\":\"H\u00f6henverstellbarer Befestigungsring f\u00fcr ausbalancierten Phoropterarm\"}]},{\"@type\":\"WebSite\",\"@id\":\"https:\\\/\\\/medinstrus.lt\\\/de\\\/#website\",\"url\":\"https:\\\/\\\/medinstrus.lt\\\/de\\\/\",\"name\":\"https:\\\/\\\/medinstrus.com\\\/\",\"description\":\"Simplicity combined with functionality.\",\"publisher\":{\"@id\":\"https:\\\/\\\/medinstrus.lt\\\/de\\\/#organization\"},\"potentialAction\":[{\"@type\":\"SearchAction\",\"target\":{\"@type\":\"EntryPoint\",\"urlTemplate\":\"https:\\\/\\\/medinstrus.lt\\\/de\\\/?s={search_term_string}\"},\"query-input\":{\"@type\":\"PropertyValueSpecification\",\"valueRequired\":true,\"valueName\":\"search_term_string\"}}],\"inLanguage\":\"de\"},{\"@type\":\"Organization\",\"@id\":\"https:\\\/\\\/medinstrus.lt\\\/de\\\/#organization\",\"name\":\"Medinstrus\",\"url\":\"https:\\\/\\\/medinstrus.lt\\\/de\\\/\",\"logo\":{\"@type\":\"ImageObject\",\"inLanguage\":\"de\",\"@id\":\"https:\\\/\\\/medinstrus.lt\\\/de\\\/#\\\/schema\\\/logo\\\/image\\\/\",\"url\":\"https:\\\/\\\/medinstrus.lt\\\/wp-content\\\/uploads\\\/2025\\\/02\\\/Medinstrus-v1.png\",\"contentUrl\":\"https:\\\/\\\/medinstrus.lt\\\/wp-content\\\/uploads\\\/2025\\\/02\\\/Medinstrus-v1.png\",\"width\":723,\"height\":96,\"caption\":\"Medinstrus\"},\"image\":{\"@id\":\"https:\\\/\\\/medinstrus.lt\\\/de\\\/#\\\/schema\\\/logo\\\/image\\\/\"},\"sameAs\":[\"https:\\\/\\\/www.facebook.com\\\/medinstrus\\\/\",\"https:\\\/\\\/www.instagram.com\\\/Medinstrus\"]}]}<\/script>\n<!-- \/ Yoast SEO Premium plugin. -->","yoast_head_json":{"title":"H\u00f6henverstellbarer Befestigungsring f\u00fcr ausbalancierten Phoropterarm - Medinstrus","robots":{"index":"index","follow":"follow","max-snippet":"max-snippet:-1","max-image-preview":"max-image-preview:large","max-video-preview":"max-video-preview:-1"},"canonical":"https:\/\/medinstrus.lt\/de\/produkt\/hoehenverstellbarer-befestigungsring-fuer-ausbalancierten-phoropterarm\/","og_locale":"de_DE","og_type":"article","og_title":"H\u00f6henverstellbarer Befestigungsring f\u00fcr ausbalancierten Phoropterarm","og_description":"Der h\u00f6henverstellbare Montagering ist ein unverzichtbares Zubeh\u00f6rteil, mit dem Sie den ausbalancierten Phoropterarm an einer Stange befestigen und stabilisieren k\u00f6nnen, um eine pr\u00e4zise H\u00f6heneinstellung zu erm\u00f6glichen. Dieser Montagering sorgt daf\u00fcr, dass Ihr Phoropterarm fest an seinem Platz bleibt und optimiert die Einrichtung f\u00fcr genaue und komfortable Patientenuntersuchungen.","og_url":"https:\/\/medinstrus.lt\/de\/produkt\/hoehenverstellbarer-befestigungsring-fuer-ausbalancierten-phoropterarm\/","og_site_name":"Medinstrus","article_publisher":"https:\/\/www.facebook.com\/medinstrus\/","og_image":[{"width":1080,"height":1350,"url":"https:\/\/medinstrus.lt\/wp-content\/uploads\/2024\/07\/Adjustable-height-mounting-ring-for-counterbalanced-phoropter-arm.png","type":"image\/png"}],"twitter_card":"summary_large_image","twitter_misc":{"Gesch\u00e4tzte Lesezeit":"1\u00a0Minute"},"schema":{"@context":"https:\/\/schema.org","@graph":[{"@type":"WebPage","@id":"https:\/\/medinstrus.lt\/de\/produkt\/hoehenverstellbarer-befestigungsring-fuer-ausbalancierten-phoropterarm\/","url":"https:\/\/medinstrus.lt\/de\/produkt\/hoehenverstellbarer-befestigungsring-fuer-ausbalancierten-phoropterarm\/","name":"H\u00f6henverstellbarer Befestigungsring f\u00fcr ausbalancierten Phoropterarm - Medinstrus","isPartOf":{"@id":"https:\/\/medinstrus.lt\/de\/#website"},"primaryImageOfPage":{"@id":"https:\/\/medinstrus.lt\/de\/produkt\/hoehenverstellbarer-befestigungsring-fuer-ausbalancierten-phoropterarm\/#primaryimage"},"image":{"@id":"https:\/\/medinstrus.lt\/de\/produkt\/hoehenverstellbarer-befestigungsring-fuer-ausbalancierten-phoropterarm\/#primaryimage"},"thumbnailUrl":"https:\/\/medinstrus.lt\/wp-content\/uploads\/2024\/07\/Adjustable-height-mounting-ring-for-counterbalanced-phoropter-arm.png","datePublished":"2024-07-13T11:19:07+00:00","breadcrumb":{"@id":"https:\/\/medinstrus.lt\/de\/produkt\/hoehenverstellbarer-befestigungsring-fuer-ausbalancierten-phoropterarm\/#breadcrumb"},"inLanguage":"de","potentialAction":[{"@type":"ReadAction","target":["https:\/\/medinstrus.lt\/de\/produkt\/hoehenverstellbarer-befestigungsring-fuer-ausbalancierten-phoropterarm\/"]}]},{"@type":"ImageObject","inLanguage":"de","@id":"https:\/\/medinstrus.lt\/de\/produkt\/hoehenverstellbarer-befestigungsring-fuer-ausbalancierten-phoropterarm\/#primaryimage","url":"https:\/\/medinstrus.lt\/wp-content\/uploads\/2024\/07\/Adjustable-height-mounting-ring-for-counterbalanced-phoropter-arm.png","contentUrl":"https:\/\/medinstrus.lt\/wp-content\/uploads\/2024\/07\/Adjustable-height-mounting-ring-for-counterbalanced-phoropter-arm.png","width":1080,"height":1350},{"@type":"BreadcrumbList","@id":"https:\/\/medinstrus.lt\/de\/produkt\/hoehenverstellbarer-befestigungsring-fuer-ausbalancierten-phoropterarm\/#breadcrumb","itemListElement":[{"@type":"ListItem","position":1,"name":"Home","item":"https:\/\/medinstrus.lt\/de\/homepage\/"},{"@type":"ListItem","position":2,"name":"Shop","item":"https:\/\/medinstrus.lt\/de\/shop\/"},{"@type":"ListItem","position":3,"name":"H\u00f6henverstellbarer Befestigungsring f\u00fcr ausbalancierten Phoropterarm"}]},{"@type":"WebSite","@id":"https:\/\/medinstrus.lt\/de\/#website","url":"https:\/\/medinstrus.lt\/de\/","name":"https:\/\/medinstrus.com\/","description":"Simplicity combined with functionality.","publisher":{"@id":"https:\/\/medinstrus.lt\/de\/#organization"},"potentialAction":[{"@type":"SearchAction","target":{"@type":"EntryPoint","urlTemplate":"https:\/\/medinstrus.lt\/de\/?s={search_term_string}"},"query-input":{"@type":"PropertyValueSpecification","valueRequired":true,"valueName":"search_term_string"}}],"inLanguage":"de"},{"@type":"Organization","@id":"https:\/\/medinstrus.lt\/de\/#organization","name":"Medinstrus","url":"https:\/\/medinstrus.lt\/de\/","logo":{"@type":"ImageObject","inLanguage":"de","@id":"https:\/\/medinstrus.lt\/de\/#\/schema\/logo\/image\/","url":"https:\/\/medinstrus.lt\/wp-content\/uploads\/2025\/02\/Medinstrus-v1.png","contentUrl":"https:\/\/medinstrus.lt\/wp-content\/uploads\/2025\/02\/Medinstrus-v1.png","width":723,"height":96,"caption":"Medinstrus"},"image":{"@id":"https:\/\/medinstrus.lt\/de\/#\/schema\/logo\/image\/"},"sameAs":["https:\/\/www.facebook.com\/medinstrus\/","https:\/\/www.instagram.com\/Medinstrus"]}]}},"_links":{"self":[{"href":"https:\/\/medinstrus.lt\/de\/wp-json\/wp\/v2\/product\/3403","targetHints":{"allow":["GET"]}}],"collection":[{"href":"https:\/\/medinstrus.lt\/de\/wp-json\/wp\/v2\/product"}],"about":[{"href":"https:\/\/medinstrus.lt\/de\/wp-json\/wp\/v2\/types\/product"}],"replies":[{"embeddable":true,"href":"https:\/\/medinstrus.lt\/de\/wp-json\/wp\/v2\/comments?post=3403"}],"wp:featuredmedia":[{"embeddable":true,"href":"https:\/\/medinstrus.lt\/de\/wp-json\/wp\/v2\/media\/2978"}],"wp:attachment":[{"href":"https:\/\/medinstrus.lt\/de\/wp-json\/wp\/v2\/media?parent=3403"}],"wp:term":[{"taxonomy":"product_brand","embeddable":true,"href":"https:\/\/medinstrus.lt\/de\/wp-json\/wp\/v2\/product_brand?post=3403"},{"taxonomy":"product_cat","embeddable":true,"href":"https:\/\/medinstrus.lt\/de\/wp-json\/wp\/v2\/product_cat?post=3403"},{"taxonomy":"product_tag","embeddable":true,"href":"https:\/\/medinstrus.lt\/de\/wp-json\/wp\/v2\/product_tag?post=3403"}],"curies":[{"name":"wp","href":"https:\/\/api.w.org\/{rel}","templated":true}]}}