{"id":3399,"date":"2024-07-13T14:14:55","date_gmt":"2024-07-13T11:14:55","guid":{"rendered":"https:\/\/medinstrus.lt\/product\/anschlusskasten-fuer-lokale-raumlichtsteuerung\/"},"modified":"2024-07-13T14:14:55","modified_gmt":"2024-07-13T11:14:55","slug":"anschlusskasten-fuer-lokale-raumlichtsteuerung","status":"publish","type":"product","link":"https:\/\/medinstrus.lt\/de\/produkt\/anschlusskasten-fuer-lokale-raumlichtsteuerung\/","title":{"rendered":"Anschlusskasten f\u00fcr lokale Raumlichtsteuerung"},"content":{"rendered":"<p><strong>Wichtige Merkmale:<\/strong><\/p>\n<ul>\n<li><strong>Zentralisierte Steuerung:<\/strong> Bietet einen zentralen Anschlusspunkt f\u00fcr die Verwaltung der Raumbeleuchtung und verbessert so die Kontrolle und Effizienz;<\/li>\n<li><strong>Einfache Integration:<\/strong> Entwickelt f\u00fcr die problemlose Integration in bestehende Beleuchtungssysteme, was die Installation und den Betrieb vereinfacht;<\/li>\n<li><strong>Langlebige Konstruktion:<\/strong> Hergestellt aus hochwertigen Materialien, um Zuverl\u00e4ssigkeit und Langlebigkeit in anspruchsvollen klinischen Umgebungen zu gew\u00e4hrleisten;<\/li>\n<li><strong>Kompaktes Design:<\/strong> Seine kompakte Gr\u00f6\u00dfe erm\u00f6glicht eine flexible Platzierung und eine einfache Integration in verschiedene klinische Einrichtungen;<\/li>\n<li><strong>Verbesserte Sicherheit:<\/strong> Die Sicherheitsfunktionen sorgen f\u00fcr sichere und zuverl\u00e4ssige Verbindungen und minimieren das Risiko von elektrischen Problemen.<\/li>\n<\/ul>\n<p><strong>Spezifikationen:<\/strong><\/p>\n<ul>\n<li><strong>Material:<\/strong> Hochwertiger, langlebiger Kunststoff<\/li>\n<li><strong>Konnektivit\u00e4t:<\/strong> DALI oder Halogen<\/li>\n<\/ul>\n<p>Verbessern Sie die Effizienz und Kontrolle Ihrer klinischen Beleuchtung mit der Local Room Light Controller Anschlussbox, einem zuverl\u00e4ssigen und unverzichtbaren Werkzeug f\u00fcr moderne Augenarztpraxen.<\/p>\n","protected":false},"excerpt":{"rendered":"<p>Die Local Room Light Controller Anschlussbox ist eine wichtige Komponente f\u00fcr die Verwaltung der Raumbeleuchtung in klinischen Umgebungen. Diese Anschlussbox erleichtert die nahtlose Steuerung und Integration von Beleuchtungssystemen und gew\u00e4hrleistet eine optimale Beleuchtung f\u00fcr verschiedene klinische Verfahren. <\/p>\n","protected":false},"featured_media":3014,"comment_status":"closed","ping_status":"closed","template":"","meta":{"_acf_changed":false},"product_brand":[],"product_cat":[287],"product_tag":[],"class_list":{"0":"post-3399","1":"product","2":"type-product","3":"status-publish","4":"has-post-thumbnail","6":"product_cat-zubehor","8":"first","9":"instock","10":"shipping-taxable","11":"product-type-simple"},"acf":[],"gallery_images":[],"yoast_head":"<!-- This site is optimized with the Yoast SEO Premium plugin v27.4 (Yoast SEO v27.4) - https:\/\/yoast.com\/product\/yoast-seo-premium-wordpress\/ -->\n<title>Anschlusskasten f\u00fcr lokale Raumlichtsteuerung - Medinstrus<\/title>\n<meta name=\"robots\" content=\"index, follow, max-snippet:-1, max-image-preview:large, max-video-preview:-1\" \/>\n<link rel=\"canonical\" href=\"https:\/\/medinstrus.lt\/de\/produkt\/anschlusskasten-fuer-lokale-raumlichtsteuerung\/\" \/>\n<meta property=\"og:locale\" content=\"de_DE\" \/>\n<meta property=\"og:type\" content=\"article\" \/>\n<meta property=\"og:title\" content=\"Anschlusskasten f\u00fcr lokale Raumlichtsteuerung\" \/>\n<meta property=\"og:description\" content=\"Die Local Room Light Controller Anschlussbox ist eine wichtige Komponente f\u00fcr die Verwaltung der Raumbeleuchtung in klinischen Umgebungen. Diese Anschlussbox erleichtert die nahtlose Steuerung und Integration von Beleuchtungssystemen und gew\u00e4hrleistet eine optimale Beleuchtung f\u00fcr verschiedene klinische Verfahren.\" \/>\n<meta property=\"og:url\" content=\"https:\/\/medinstrus.lt\/de\/produkt\/anschlusskasten-fuer-lokale-raumlichtsteuerung\/\" \/>\n<meta property=\"og:site_name\" content=\"Medinstrus\" \/>\n<meta property=\"article:publisher\" content=\"https:\/\/www.facebook.com\/medinstrus\/\" \/>\n<meta property=\"og:image\" content=\"https:\/\/medinstrus.lt\/wp-content\/uploads\/2024\/07\/Local-Room-Light-controller-connection-box1.jpg.png\" \/>\n\t<meta property=\"og:image:width\" content=\"1080\" \/>\n\t<meta property=\"og:image:height\" content=\"1350\" \/>\n\t<meta property=\"og:image:type\" content=\"image\/png\" \/>\n<meta name=\"twitter:card\" content=\"summary_large_image\" \/>\n<meta name=\"twitter:label1\" content=\"Gesch\u00e4tzte Lesezeit\" \/>\n\t<meta name=\"twitter:data1\" content=\"1\u00a0Minute\" \/>\n<script type=\"application\/ld+json\" class=\"yoast-schema-graph\">{\"@context\":\"https:\\\/\\\/schema.org\",\"@graph\":[{\"@type\":\"WebPage\",\"@id\":\"https:\\\/\\\/medinstrus.lt\\\/de\\\/produkt\\\/anschlusskasten-fuer-lokale-raumlichtsteuerung\\\/\",\"url\":\"https:\\\/\\\/medinstrus.lt\\\/de\\\/produkt\\\/anschlusskasten-fuer-lokale-raumlichtsteuerung\\\/\",\"name\":\"Anschlusskasten f\u00fcr lokale Raumlichtsteuerung - Medinstrus\",\"isPartOf\":{\"@id\":\"https:\\\/\\\/medinstrus.lt\\\/de\\\/#website\"},\"primaryImageOfPage\":{\"@id\":\"https:\\\/\\\/medinstrus.lt\\\/de\\\/produkt\\\/anschlusskasten-fuer-lokale-raumlichtsteuerung\\\/#primaryimage\"},\"image\":{\"@id\":\"https:\\\/\\\/medinstrus.lt\\\/de\\\/produkt\\\/anschlusskasten-fuer-lokale-raumlichtsteuerung\\\/#primaryimage\"},\"thumbnailUrl\":\"https:\\\/\\\/medinstrus.lt\\\/wp-content\\\/uploads\\\/2024\\\/07\\\/Local-Room-Light-controller-connection-box1.jpg.png\",\"datePublished\":\"2024-07-13T11:14:55+00:00\",\"breadcrumb\":{\"@id\":\"https:\\\/\\\/medinstrus.lt\\\/de\\\/produkt\\\/anschlusskasten-fuer-lokale-raumlichtsteuerung\\\/#breadcrumb\"},\"inLanguage\":\"de\",\"potentialAction\":[{\"@type\":\"ReadAction\",\"target\":[\"https:\\\/\\\/medinstrus.lt\\\/de\\\/produkt\\\/anschlusskasten-fuer-lokale-raumlichtsteuerung\\\/\"]}]},{\"@type\":\"ImageObject\",\"inLanguage\":\"de\",\"@id\":\"https:\\\/\\\/medinstrus.lt\\\/de\\\/produkt\\\/anschlusskasten-fuer-lokale-raumlichtsteuerung\\\/#primaryimage\",\"url\":\"https:\\\/\\\/medinstrus.lt\\\/wp-content\\\/uploads\\\/2024\\\/07\\\/Local-Room-Light-controller-connection-box1.jpg.png\",\"contentUrl\":\"https:\\\/\\\/medinstrus.lt\\\/wp-content\\\/uploads\\\/2024\\\/07\\\/Local-Room-Light-controller-connection-box1.jpg.png\",\"width\":1080,\"height\":1350},{\"@type\":\"BreadcrumbList\",\"@id\":\"https:\\\/\\\/medinstrus.lt\\\/de\\\/produkt\\\/anschlusskasten-fuer-lokale-raumlichtsteuerung\\\/#breadcrumb\",\"itemListElement\":[{\"@type\":\"ListItem\",\"position\":1,\"name\":\"Home\",\"item\":\"https:\\\/\\\/medinstrus.lt\\\/de\\\/homepage\\\/\"},{\"@type\":\"ListItem\",\"position\":2,\"name\":\"Shop\",\"item\":\"https:\\\/\\\/medinstrus.lt\\\/de\\\/shop\\\/\"},{\"@type\":\"ListItem\",\"position\":3,\"name\":\"Anschlusskasten f\u00fcr lokale Raumlichtsteuerung\"}]},{\"@type\":\"WebSite\",\"@id\":\"https:\\\/\\\/medinstrus.lt\\\/de\\\/#website\",\"url\":\"https:\\\/\\\/medinstrus.lt\\\/de\\\/\",\"name\":\"https:\\\/\\\/medinstrus.com\\\/\",\"description\":\"Simplicity combined with functionality.\",\"publisher\":{\"@id\":\"https:\\\/\\\/medinstrus.lt\\\/de\\\/#organization\"},\"potentialAction\":[{\"@type\":\"SearchAction\",\"target\":{\"@type\":\"EntryPoint\",\"urlTemplate\":\"https:\\\/\\\/medinstrus.lt\\\/de\\\/?s={search_term_string}\"},\"query-input\":{\"@type\":\"PropertyValueSpecification\",\"valueRequired\":true,\"valueName\":\"search_term_string\"}}],\"inLanguage\":\"de\"},{\"@type\":\"Organization\",\"@id\":\"https:\\\/\\\/medinstrus.lt\\\/de\\\/#organization\",\"name\":\"Medinstrus\",\"url\":\"https:\\\/\\\/medinstrus.lt\\\/de\\\/\",\"logo\":{\"@type\":\"ImageObject\",\"inLanguage\":\"de\",\"@id\":\"https:\\\/\\\/medinstrus.lt\\\/de\\\/#\\\/schema\\\/logo\\\/image\\\/\",\"url\":\"https:\\\/\\\/medinstrus.lt\\\/wp-content\\\/uploads\\\/2025\\\/02\\\/Medinstrus-v1.png\",\"contentUrl\":\"https:\\\/\\\/medinstrus.lt\\\/wp-content\\\/uploads\\\/2025\\\/02\\\/Medinstrus-v1.png\",\"width\":723,\"height\":96,\"caption\":\"Medinstrus\"},\"image\":{\"@id\":\"https:\\\/\\\/medinstrus.lt\\\/de\\\/#\\\/schema\\\/logo\\\/image\\\/\"},\"sameAs\":[\"https:\\\/\\\/www.facebook.com\\\/medinstrus\\\/\",\"https:\\\/\\\/www.instagram.com\\\/Medinstrus\"]}]}<\/script>\n<!-- \/ Yoast SEO Premium plugin. -->","yoast_head_json":{"title":"Anschlusskasten f\u00fcr lokale Raumlichtsteuerung - Medinstrus","robots":{"index":"index","follow":"follow","max-snippet":"max-snippet:-1","max-image-preview":"max-image-preview:large","max-video-preview":"max-video-preview:-1"},"canonical":"https:\/\/medinstrus.lt\/de\/produkt\/anschlusskasten-fuer-lokale-raumlichtsteuerung\/","og_locale":"de_DE","og_type":"article","og_title":"Anschlusskasten f\u00fcr lokale Raumlichtsteuerung","og_description":"Die Local Room Light Controller Anschlussbox ist eine wichtige Komponente f\u00fcr die Verwaltung der Raumbeleuchtung in klinischen Umgebungen. Diese Anschlussbox erleichtert die nahtlose Steuerung und Integration von Beleuchtungssystemen und gew\u00e4hrleistet eine optimale Beleuchtung f\u00fcr verschiedene klinische Verfahren.","og_url":"https:\/\/medinstrus.lt\/de\/produkt\/anschlusskasten-fuer-lokale-raumlichtsteuerung\/","og_site_name":"Medinstrus","article_publisher":"https:\/\/www.facebook.com\/medinstrus\/","og_image":[{"width":1080,"height":1350,"url":"https:\/\/medinstrus.lt\/wp-content\/uploads\/2024\/07\/Local-Room-Light-controller-connection-box1.jpg.png","type":"image\/png"}],"twitter_card":"summary_large_image","twitter_misc":{"Gesch\u00e4tzte Lesezeit":"1\u00a0Minute"},"schema":{"@context":"https:\/\/schema.org","@graph":[{"@type":"WebPage","@id":"https:\/\/medinstrus.lt\/de\/produkt\/anschlusskasten-fuer-lokale-raumlichtsteuerung\/","url":"https:\/\/medinstrus.lt\/de\/produkt\/anschlusskasten-fuer-lokale-raumlichtsteuerung\/","name":"Anschlusskasten f\u00fcr lokale Raumlichtsteuerung - Medinstrus","isPartOf":{"@id":"https:\/\/medinstrus.lt\/de\/#website"},"primaryImageOfPage":{"@id":"https:\/\/medinstrus.lt\/de\/produkt\/anschlusskasten-fuer-lokale-raumlichtsteuerung\/#primaryimage"},"image":{"@id":"https:\/\/medinstrus.lt\/de\/produkt\/anschlusskasten-fuer-lokale-raumlichtsteuerung\/#primaryimage"},"thumbnailUrl":"https:\/\/medinstrus.lt\/wp-content\/uploads\/2024\/07\/Local-Room-Light-controller-connection-box1.jpg.png","datePublished":"2024-07-13T11:14:55+00:00","breadcrumb":{"@id":"https:\/\/medinstrus.lt\/de\/produkt\/anschlusskasten-fuer-lokale-raumlichtsteuerung\/#breadcrumb"},"inLanguage":"de","potentialAction":[{"@type":"ReadAction","target":["https:\/\/medinstrus.lt\/de\/produkt\/anschlusskasten-fuer-lokale-raumlichtsteuerung\/"]}]},{"@type":"ImageObject","inLanguage":"de","@id":"https:\/\/medinstrus.lt\/de\/produkt\/anschlusskasten-fuer-lokale-raumlichtsteuerung\/#primaryimage","url":"https:\/\/medinstrus.lt\/wp-content\/uploads\/2024\/07\/Local-Room-Light-controller-connection-box1.jpg.png","contentUrl":"https:\/\/medinstrus.lt\/wp-content\/uploads\/2024\/07\/Local-Room-Light-controller-connection-box1.jpg.png","width":1080,"height":1350},{"@type":"BreadcrumbList","@id":"https:\/\/medinstrus.lt\/de\/produkt\/anschlusskasten-fuer-lokale-raumlichtsteuerung\/#breadcrumb","itemListElement":[{"@type":"ListItem","position":1,"name":"Home","item":"https:\/\/medinstrus.lt\/de\/homepage\/"},{"@type":"ListItem","position":2,"name":"Shop","item":"https:\/\/medinstrus.lt\/de\/shop\/"},{"@type":"ListItem","position":3,"name":"Anschlusskasten f\u00fcr lokale Raumlichtsteuerung"}]},{"@type":"WebSite","@id":"https:\/\/medinstrus.lt\/de\/#website","url":"https:\/\/medinstrus.lt\/de\/","name":"https:\/\/medinstrus.com\/","description":"Simplicity combined with functionality.","publisher":{"@id":"https:\/\/medinstrus.lt\/de\/#organization"},"potentialAction":[{"@type":"SearchAction","target":{"@type":"EntryPoint","urlTemplate":"https:\/\/medinstrus.lt\/de\/?s={search_term_string}"},"query-input":{"@type":"PropertyValueSpecification","valueRequired":true,"valueName":"search_term_string"}}],"inLanguage":"de"},{"@type":"Organization","@id":"https:\/\/medinstrus.lt\/de\/#organization","name":"Medinstrus","url":"https:\/\/medinstrus.lt\/de\/","logo":{"@type":"ImageObject","inLanguage":"de","@id":"https:\/\/medinstrus.lt\/de\/#\/schema\/logo\/image\/","url":"https:\/\/medinstrus.lt\/wp-content\/uploads\/2025\/02\/Medinstrus-v1.png","contentUrl":"https:\/\/medinstrus.lt\/wp-content\/uploads\/2025\/02\/Medinstrus-v1.png","width":723,"height":96,"caption":"Medinstrus"},"image":{"@id":"https:\/\/medinstrus.lt\/de\/#\/schema\/logo\/image\/"},"sameAs":["https:\/\/www.facebook.com\/medinstrus\/","https:\/\/www.instagram.com\/Medinstrus"]}]}},"_links":{"self":[{"href":"https:\/\/medinstrus.lt\/de\/wp-json\/wp\/v2\/product\/3399","targetHints":{"allow":["GET"]}}],"collection":[{"href":"https:\/\/medinstrus.lt\/de\/wp-json\/wp\/v2\/product"}],"about":[{"href":"https:\/\/medinstrus.lt\/de\/wp-json\/wp\/v2\/types\/product"}],"replies":[{"embeddable":true,"href":"https:\/\/medinstrus.lt\/de\/wp-json\/wp\/v2\/comments?post=3399"}],"wp:featuredmedia":[{"embeddable":true,"href":"https:\/\/medinstrus.lt\/de\/wp-json\/wp\/v2\/media\/3014"}],"wp:attachment":[{"href":"https:\/\/medinstrus.lt\/de\/wp-json\/wp\/v2\/media?parent=3399"}],"wp:term":[{"taxonomy":"product_brand","embeddable":true,"href":"https:\/\/medinstrus.lt\/de\/wp-json\/wp\/v2\/product_brand?post=3399"},{"taxonomy":"product_cat","embeddable":true,"href":"https:\/\/medinstrus.lt\/de\/wp-json\/wp\/v2\/product_cat?post=3399"},{"taxonomy":"product_tag","embeddable":true,"href":"https:\/\/medinstrus.lt\/de\/wp-json\/wp\/v2\/product_tag?post=3399"}],"curies":[{"name":"wp","href":"https:\/\/api.w.org\/{rel}","templated":true}]}}