{"id":3392,"date":"2024-07-13T14:05:38","date_gmt":"2024-07-13T11:05:38","guid":{"rendered":"https:\/\/medinstrus.lt\/product\/hsa-fixierungsadapter-fuer-spezielle-hs-kinnstuetze\/"},"modified":"2024-07-13T14:05:38","modified_gmt":"2024-07-13T11:05:38","slug":"hsa-fixierungsadapter-fuer-spezielle-hs-kinnstuetze","status":"publish","type":"product","link":"https:\/\/medinstrus.lt\/de\/produkt\/hsa-fixierungsadapter-fuer-spezielle-hs-kinnstuetze\/","title":{"rendered":"HSA &#8211; Fixierungsadapter f\u00fcr spezielle HS-Kinnst\u00fctze"},"content":{"rendered":"<p><strong>Wichtige Merkmale:<\/strong><\/p>\n<ul>\n<li><strong>Spezielles Design:<\/strong> Speziell entwickelt f\u00fcr spezielle HS-Kinnst\u00fctzen, die eine sichere und stabile Verbindung gew\u00e4hrleisten;<\/li>\n<li><strong>Zuverl\u00e4ssige Fixierung:<\/strong> Verbessert die Stabilit\u00e4t der Kinnst\u00fctze und gew\u00e4hrleistet eine pr\u00e4zise und genaue Positionierung des Patienten;<\/li>\n<li><strong>Einfache Installation:<\/strong> Erm\u00f6glicht eine schnelle und unkomplizierte Installation, wodurch die Einrichtungszeit verk\u00fcrzt und die Effizienz gesteigert wird;<\/li>\n<li><strong>Optimierte Leistung:<\/strong> Sorgt daf\u00fcr, dass die Kinnst\u00fctze fest an ihrem Platz bleibt und verbessert so die Genauigkeit und Zuverl\u00e4ssigkeit von augen\u00e4rztlichen Untersuchungen.<\/li>\n<\/ul>\n<p><strong>Spezifikationen:<\/strong><\/p>\n<ul>\n<li><strong>Material:<\/strong> Hochwertiges, langlebiges Metall<\/li>\n<\/ul>\n","protected":false},"excerpt":{"rendered":"<p>Der HSA Fixierungsadapter f\u00fcr spezielle HS-Kinnst\u00fctzen ist ein spezielles Bauteil zur Sicherung und Stabilisierung von HS-Kinnst\u00fctzensystemen. Dieser Adapter sorgt f\u00fcr eine feste und zuverl\u00e4ssige Verbindung und optimiert so die Leistung und Genauigkeit von ophthalmologischen Untersuchungen. <\/p>\n","protected":false},"featured_media":3006,"comment_status":"closed","ping_status":"closed","template":"","meta":{"_acf_changed":false},"product_brand":[],"product_cat":[287],"product_tag":[],"class_list":{"0":"post-3392","1":"product","2":"type-product","3":"status-publish","4":"has-post-thumbnail","6":"product_cat-zubehor","8":"first","9":"instock","10":"shipping-taxable","11":"product-type-simple"},"acf":[],"gallery_images":[],"yoast_head":"<!-- This site is optimized with the Yoast SEO Premium plugin v27.1 (Yoast SEO v27.3) - https:\/\/yoast.com\/product\/yoast-seo-premium-wordpress\/ -->\n<title>HSA - Fixierungsadapter f\u00fcr spezielle HS-Kinnst\u00fctze - Medinstrus<\/title>\n<meta name=\"robots\" content=\"index, follow, max-snippet:-1, max-image-preview:large, max-video-preview:-1\" \/>\n<link rel=\"canonical\" href=\"https:\/\/medinstrus.lt\/de\/produkt\/hsa-fixierungsadapter-fuer-spezielle-hs-kinnstuetze\/\" \/>\n<meta property=\"og:locale\" content=\"de_DE\" \/>\n<meta property=\"og:type\" content=\"article\" \/>\n<meta property=\"og:title\" content=\"HSA - Fixierungsadapter f\u00fcr spezielle HS-Kinnst\u00fctze\" \/>\n<meta property=\"og:description\" content=\"Der HSA Fixierungsadapter f\u00fcr spezielle HS-Kinnst\u00fctzen ist ein spezielles Bauteil zur Sicherung und Stabilisierung von HS-Kinnst\u00fctzensystemen. Dieser Adapter sorgt f\u00fcr eine feste und zuverl\u00e4ssige Verbindung und optimiert so die Leistung und Genauigkeit von ophthalmologischen Untersuchungen.\" \/>\n<meta property=\"og:url\" content=\"https:\/\/medinstrus.lt\/de\/produkt\/hsa-fixierungsadapter-fuer-spezielle-hs-kinnstuetze\/\" \/>\n<meta property=\"og:site_name\" content=\"Medinstrus\" \/>\n<meta property=\"article:publisher\" content=\"https:\/\/www.facebook.com\/medinstrus\/\" \/>\n<meta property=\"og:image\" content=\"https:\/\/medinstrus.lt\/wp-content\/uploads\/2024\/07\/HSA-Adapter-for-HS-chinrest-set-1.jpg.png\" \/>\n\t<meta property=\"og:image:width\" content=\"1080\" \/>\n\t<meta property=\"og:image:height\" content=\"1350\" \/>\n\t<meta property=\"og:image:type\" content=\"image\/png\" \/>\n<meta name=\"twitter:card\" content=\"summary_large_image\" \/>\n<script type=\"application\/ld+json\" class=\"yoast-schema-graph\">{\"@context\":\"https:\\\/\\\/schema.org\",\"@graph\":[{\"@type\":\"WebPage\",\"@id\":\"https:\\\/\\\/medinstrus.lt\\\/de\\\/produkt\\\/hsa-fixierungsadapter-fuer-spezielle-hs-kinnstuetze\\\/\",\"url\":\"https:\\\/\\\/medinstrus.lt\\\/de\\\/produkt\\\/hsa-fixierungsadapter-fuer-spezielle-hs-kinnstuetze\\\/\",\"name\":\"HSA - Fixierungsadapter f\u00fcr spezielle HS-Kinnst\u00fctze - Medinstrus\",\"isPartOf\":{\"@id\":\"https:\\\/\\\/medinstrus.lt\\\/de\\\/#website\"},\"primaryImageOfPage\":{\"@id\":\"https:\\\/\\\/medinstrus.lt\\\/de\\\/produkt\\\/hsa-fixierungsadapter-fuer-spezielle-hs-kinnstuetze\\\/#primaryimage\"},\"image\":{\"@id\":\"https:\\\/\\\/medinstrus.lt\\\/de\\\/produkt\\\/hsa-fixierungsadapter-fuer-spezielle-hs-kinnstuetze\\\/#primaryimage\"},\"thumbnailUrl\":\"https:\\\/\\\/medinstrus.lt\\\/wp-content\\\/uploads\\\/2024\\\/07\\\/HSA-Adapter-for-HS-chinrest-set-1.jpg.png\",\"datePublished\":\"2024-07-13T11:05:38+00:00\",\"breadcrumb\":{\"@id\":\"https:\\\/\\\/medinstrus.lt\\\/de\\\/produkt\\\/hsa-fixierungsadapter-fuer-spezielle-hs-kinnstuetze\\\/#breadcrumb\"},\"inLanguage\":\"de\",\"potentialAction\":[{\"@type\":\"ReadAction\",\"target\":[\"https:\\\/\\\/medinstrus.lt\\\/de\\\/produkt\\\/hsa-fixierungsadapter-fuer-spezielle-hs-kinnstuetze\\\/\"]}]},{\"@type\":\"ImageObject\",\"inLanguage\":\"de\",\"@id\":\"https:\\\/\\\/medinstrus.lt\\\/de\\\/produkt\\\/hsa-fixierungsadapter-fuer-spezielle-hs-kinnstuetze\\\/#primaryimage\",\"url\":\"https:\\\/\\\/medinstrus.lt\\\/wp-content\\\/uploads\\\/2024\\\/07\\\/HSA-Adapter-for-HS-chinrest-set-1.jpg.png\",\"contentUrl\":\"https:\\\/\\\/medinstrus.lt\\\/wp-content\\\/uploads\\\/2024\\\/07\\\/HSA-Adapter-for-HS-chinrest-set-1.jpg.png\",\"width\":1080,\"height\":1350},{\"@type\":\"BreadcrumbList\",\"@id\":\"https:\\\/\\\/medinstrus.lt\\\/de\\\/produkt\\\/hsa-fixierungsadapter-fuer-spezielle-hs-kinnstuetze\\\/#breadcrumb\",\"itemListElement\":[{\"@type\":\"ListItem\",\"position\":1,\"name\":\"Home\",\"item\":\"https:\\\/\\\/medinstrus.lt\\\/de\\\/homepage\\\/\"},{\"@type\":\"ListItem\",\"position\":2,\"name\":\"Shop\",\"item\":\"https:\\\/\\\/medinstrus.lt\\\/de\\\/shop\\\/\"},{\"@type\":\"ListItem\",\"position\":3,\"name\":\"HSA &#8211; Fixierungsadapter f\u00fcr spezielle HS-Kinnst\u00fctze\"}]},{\"@type\":\"WebSite\",\"@id\":\"https:\\\/\\\/medinstrus.lt\\\/de\\\/#website\",\"url\":\"https:\\\/\\\/medinstrus.lt\\\/de\\\/\",\"name\":\"https:\\\/\\\/medinstrus.com\\\/\",\"description\":\"Simplicity combined with functionality.\",\"publisher\":{\"@id\":\"https:\\\/\\\/medinstrus.lt\\\/de\\\/#organization\"},\"potentialAction\":[{\"@type\":\"SearchAction\",\"target\":{\"@type\":\"EntryPoint\",\"urlTemplate\":\"https:\\\/\\\/medinstrus.lt\\\/de\\\/?s={search_term_string}\"},\"query-input\":{\"@type\":\"PropertyValueSpecification\",\"valueRequired\":true,\"valueName\":\"search_term_string\"}}],\"inLanguage\":\"de\"},{\"@type\":\"Organization\",\"@id\":\"https:\\\/\\\/medinstrus.lt\\\/de\\\/#organization\",\"name\":\"Medinstrus\",\"url\":\"https:\\\/\\\/medinstrus.lt\\\/de\\\/\",\"logo\":{\"@type\":\"ImageObject\",\"inLanguage\":\"de\",\"@id\":\"https:\\\/\\\/medinstrus.lt\\\/de\\\/#\\\/schema\\\/logo\\\/image\\\/\",\"url\":\"https:\\\/\\\/medinstrus.lt\\\/wp-content\\\/uploads\\\/2025\\\/02\\\/Medinstrus-v1.png\",\"contentUrl\":\"https:\\\/\\\/medinstrus.lt\\\/wp-content\\\/uploads\\\/2025\\\/02\\\/Medinstrus-v1.png\",\"width\":723,\"height\":96,\"caption\":\"Medinstrus\"},\"image\":{\"@id\":\"https:\\\/\\\/medinstrus.lt\\\/de\\\/#\\\/schema\\\/logo\\\/image\\\/\"},\"sameAs\":[\"https:\\\/\\\/www.facebook.com\\\/medinstrus\\\/\",\"https:\\\/\\\/www.instagram.com\\\/Medinstrus\"]}]}<\/script>\n<!-- \/ Yoast SEO Premium plugin. -->","yoast_head_json":{"title":"HSA - Fixierungsadapter f\u00fcr spezielle HS-Kinnst\u00fctze - Medinstrus","robots":{"index":"index","follow":"follow","max-snippet":"max-snippet:-1","max-image-preview":"max-image-preview:large","max-video-preview":"max-video-preview:-1"},"canonical":"https:\/\/medinstrus.lt\/de\/produkt\/hsa-fixierungsadapter-fuer-spezielle-hs-kinnstuetze\/","og_locale":"de_DE","og_type":"article","og_title":"HSA - Fixierungsadapter f\u00fcr spezielle HS-Kinnst\u00fctze","og_description":"Der HSA Fixierungsadapter f\u00fcr spezielle HS-Kinnst\u00fctzen ist ein spezielles Bauteil zur Sicherung und Stabilisierung von HS-Kinnst\u00fctzensystemen. Dieser Adapter sorgt f\u00fcr eine feste und zuverl\u00e4ssige Verbindung und optimiert so die Leistung und Genauigkeit von ophthalmologischen Untersuchungen.","og_url":"https:\/\/medinstrus.lt\/de\/produkt\/hsa-fixierungsadapter-fuer-spezielle-hs-kinnstuetze\/","og_site_name":"Medinstrus","article_publisher":"https:\/\/www.facebook.com\/medinstrus\/","og_image":[{"width":1080,"height":1350,"url":"https:\/\/medinstrus.lt\/wp-content\/uploads\/2024\/07\/HSA-Adapter-for-HS-chinrest-set-1.jpg.png","type":"image\/png"}],"twitter_card":"summary_large_image","schema":{"@context":"https:\/\/schema.org","@graph":[{"@type":"WebPage","@id":"https:\/\/medinstrus.lt\/de\/produkt\/hsa-fixierungsadapter-fuer-spezielle-hs-kinnstuetze\/","url":"https:\/\/medinstrus.lt\/de\/produkt\/hsa-fixierungsadapter-fuer-spezielle-hs-kinnstuetze\/","name":"HSA - Fixierungsadapter f\u00fcr spezielle HS-Kinnst\u00fctze - Medinstrus","isPartOf":{"@id":"https:\/\/medinstrus.lt\/de\/#website"},"primaryImageOfPage":{"@id":"https:\/\/medinstrus.lt\/de\/produkt\/hsa-fixierungsadapter-fuer-spezielle-hs-kinnstuetze\/#primaryimage"},"image":{"@id":"https:\/\/medinstrus.lt\/de\/produkt\/hsa-fixierungsadapter-fuer-spezielle-hs-kinnstuetze\/#primaryimage"},"thumbnailUrl":"https:\/\/medinstrus.lt\/wp-content\/uploads\/2024\/07\/HSA-Adapter-for-HS-chinrest-set-1.jpg.png","datePublished":"2024-07-13T11:05:38+00:00","breadcrumb":{"@id":"https:\/\/medinstrus.lt\/de\/produkt\/hsa-fixierungsadapter-fuer-spezielle-hs-kinnstuetze\/#breadcrumb"},"inLanguage":"de","potentialAction":[{"@type":"ReadAction","target":["https:\/\/medinstrus.lt\/de\/produkt\/hsa-fixierungsadapter-fuer-spezielle-hs-kinnstuetze\/"]}]},{"@type":"ImageObject","inLanguage":"de","@id":"https:\/\/medinstrus.lt\/de\/produkt\/hsa-fixierungsadapter-fuer-spezielle-hs-kinnstuetze\/#primaryimage","url":"https:\/\/medinstrus.lt\/wp-content\/uploads\/2024\/07\/HSA-Adapter-for-HS-chinrest-set-1.jpg.png","contentUrl":"https:\/\/medinstrus.lt\/wp-content\/uploads\/2024\/07\/HSA-Adapter-for-HS-chinrest-set-1.jpg.png","width":1080,"height":1350},{"@type":"BreadcrumbList","@id":"https:\/\/medinstrus.lt\/de\/produkt\/hsa-fixierungsadapter-fuer-spezielle-hs-kinnstuetze\/#breadcrumb","itemListElement":[{"@type":"ListItem","position":1,"name":"Home","item":"https:\/\/medinstrus.lt\/de\/homepage\/"},{"@type":"ListItem","position":2,"name":"Shop","item":"https:\/\/medinstrus.lt\/de\/shop\/"},{"@type":"ListItem","position":3,"name":"HSA &#8211; Fixierungsadapter f\u00fcr spezielle HS-Kinnst\u00fctze"}]},{"@type":"WebSite","@id":"https:\/\/medinstrus.lt\/de\/#website","url":"https:\/\/medinstrus.lt\/de\/","name":"https:\/\/medinstrus.com\/","description":"Simplicity combined with functionality.","publisher":{"@id":"https:\/\/medinstrus.lt\/de\/#organization"},"potentialAction":[{"@type":"SearchAction","target":{"@type":"EntryPoint","urlTemplate":"https:\/\/medinstrus.lt\/de\/?s={search_term_string}"},"query-input":{"@type":"PropertyValueSpecification","valueRequired":true,"valueName":"search_term_string"}}],"inLanguage":"de"},{"@type":"Organization","@id":"https:\/\/medinstrus.lt\/de\/#organization","name":"Medinstrus","url":"https:\/\/medinstrus.lt\/de\/","logo":{"@type":"ImageObject","inLanguage":"de","@id":"https:\/\/medinstrus.lt\/de\/#\/schema\/logo\/image\/","url":"https:\/\/medinstrus.lt\/wp-content\/uploads\/2025\/02\/Medinstrus-v1.png","contentUrl":"https:\/\/medinstrus.lt\/wp-content\/uploads\/2025\/02\/Medinstrus-v1.png","width":723,"height":96,"caption":"Medinstrus"},"image":{"@id":"https:\/\/medinstrus.lt\/de\/#\/schema\/logo\/image\/"},"sameAs":["https:\/\/www.facebook.com\/medinstrus\/","https:\/\/www.instagram.com\/Medinstrus"]}]}},"_links":{"self":[{"href":"https:\/\/medinstrus.lt\/de\/wp-json\/wp\/v2\/product\/3392","targetHints":{"allow":["GET"]}}],"collection":[{"href":"https:\/\/medinstrus.lt\/de\/wp-json\/wp\/v2\/product"}],"about":[{"href":"https:\/\/medinstrus.lt\/de\/wp-json\/wp\/v2\/types\/product"}],"replies":[{"embeddable":true,"href":"https:\/\/medinstrus.lt\/de\/wp-json\/wp\/v2\/comments?post=3392"}],"wp:featuredmedia":[{"embeddable":true,"href":"https:\/\/medinstrus.lt\/de\/wp-json\/wp\/v2\/media\/3006"}],"wp:attachment":[{"href":"https:\/\/medinstrus.lt\/de\/wp-json\/wp\/v2\/media?parent=3392"}],"wp:term":[{"taxonomy":"product_brand","embeddable":true,"href":"https:\/\/medinstrus.lt\/de\/wp-json\/wp\/v2\/product_brand?post=3392"},{"taxonomy":"product_cat","embeddable":true,"href":"https:\/\/medinstrus.lt\/de\/wp-json\/wp\/v2\/product_cat?post=3392"},{"taxonomy":"product_tag","embeddable":true,"href":"https:\/\/medinstrus.lt\/de\/wp-json\/wp\/v2\/product_tag?post=3392"}],"curies":[{"name":"wp","href":"https:\/\/api.w.org\/{rel}","templated":true}]}}