{"id":3389,"date":"2024-07-11T14:01:18","date_gmt":"2024-07-11T11:01:18","guid":{"rendered":"https:\/\/medinstrus.lt\/product\/lppower-linea-motorisierter-phoropterarm\/"},"modified":"2024-07-11T14:01:18","modified_gmt":"2024-07-11T11:01:18","slug":"lppower-linea-motorisierter-phoropterarm","status":"publish","type":"product","link":"https:\/\/medinstrus.lt\/de\/produkt\/lppower-linea-motorisierter-phoropterarm\/","title":{"rendered":"LPPower &#8211; LINEA motorisierter Phoropterarm"},"content":{"rendered":"<p><strong>Wichtige Merkmale:<\/strong><\/p>\n<ul>\n<li><strong>Motorisierte Bedienung:<\/strong> Ein elektrischer Mechanismus sorgt f\u00fcr eine einfache und pr\u00e4zise horizontale Verstellung, was die Belastung verringert und die Benutzung erleichtert;<\/li>\n<li><strong>Erstklassige Qualit\u00e4t:<\/strong> Entwickelt aus hochwertigen Materialien, um Langlebigkeit und zuverl\u00e4ssige Leistung in einer klinischen Umgebung zu gew\u00e4hrleisten;<\/li>\n<li><strong>Leichtg\u00e4ngige Bewegung:<\/strong> Erm\u00f6glicht eine m\u00fchelose und stabile Positionierung des Phoropters und verbessert so die Genauigkeit der ophthalmologischen Messungen und Beurteilungen;<\/li>\n<li><strong>Pr\u00e4zise Einstellung:<\/strong> Erm\u00f6glicht eine pr\u00e4zise Kontrolle und Einstellung und verbessert so die Effizienz der Untersuchungen;<\/li>\n<li><strong>Einfache Installation:<\/strong> f\u00fcr eine unkomplizierte Installation auf kompatiblen St\u00e4ndern und Untersuchungseinheiten konzipiert;<\/li>\n<li><strong>Vielseitige Kompatibilit\u00e4t:<\/strong> Kompatibel mit allen Phoroptern und unseren Refraktionsger\u00e4ten, die sich nahtlos in verschiedene Setups integrieren lassen;<\/li>\n<li><strong>Mehrere Farben verf\u00fcgbar:<\/strong> Erh\u00e4ltlich in einer Vielzahl von Farben, die zu Ihrer klinischen Umgebung und Ihren Vorlieben passen.<\/li>\n<\/ul>\n<p>Verbessern Sie die Effizienz und Genauigkeit Ihrer ophthalmologischen Untersuchungen mit dem motorisierten LPPower LINEA Phoropterarm. Seine robuste Konstruktion und sein benutzerfreundliches Design machen ihn zu einem unverzichtbaren Werkzeug f\u00fcr jede moderne Augenarztpraxis, das sowohl Patienten als auch \u00c4rzten ein H\u00f6chstma\u00df an Komfort und Pr\u00e4zision bietet. <\/p>\n<p>&nbsp;<\/p>\n<p>&nbsp;<\/p>\n","protected":false},"excerpt":{"rendered":"<p>Der motorisierte LPPower LINEA Phoropterarm wurde entwickelt, um eine pr\u00e4zise und m\u00fchelose motorisierte horizontale Bewegung des Phoropters zu erm\u00f6glichen und so die Effizienz und Genauigkeit von ophthalmologischen Untersuchungen zu verbessern. Dieser motorisierte Arm sorgt f\u00fcr einen reibungslosen und stabilen Betrieb, der optimalen Patientenkomfort und die Bequemlichkeit des Arztes erm\u00f6glicht. <\/p>\n","protected":false},"featured_media":2031,"comment_status":"closed","ping_status":"closed","template":"","meta":{"_acf_changed":false},"product_brand":[],"product_cat":[287],"product_tag":[],"class_list":{"0":"post-3389","1":"product","2":"type-product","3":"status-publish","4":"has-post-thumbnail","6":"product_cat-zubehor","8":"first","9":"instock","10":"shipping-taxable","11":"product-type-simple"},"acf":[],"gallery_images":[2031,2029],"yoast_head":"<!-- This site is optimized with the Yoast SEO Premium plugin v27.4 (Yoast SEO v27.4) - https:\/\/yoast.com\/product\/yoast-seo-premium-wordpress\/ -->\n<title>LPPower - LINEA motorisierter Phoropterarm - Medinstrus<\/title>\n<meta name=\"robots\" content=\"index, follow, max-snippet:-1, max-image-preview:large, max-video-preview:-1\" \/>\n<link rel=\"canonical\" href=\"https:\/\/medinstrus.lt\/de\/produkt\/lppower-linea-motorisierter-phoropterarm\/\" \/>\n<meta property=\"og:locale\" content=\"de_DE\" \/>\n<meta property=\"og:type\" content=\"article\" \/>\n<meta property=\"og:title\" content=\"LPPower - LINEA motorisierter Phoropterarm\" \/>\n<meta property=\"og:description\" content=\"Der motorisierte LPPower LINEA Phoropterarm wurde entwickelt, um eine pr\u00e4zise und m\u00fchelose motorisierte horizontale Bewegung des Phoropters zu erm\u00f6glichen und so die Effizienz und Genauigkeit von ophthalmologischen Untersuchungen zu verbessern. Dieser motorisierte Arm sorgt f\u00fcr einen reibungslosen und stabilen Betrieb, der optimalen Patientenkomfort und die Bequemlichkeit des Arztes erm\u00f6glicht.\" \/>\n<meta property=\"og:url\" content=\"https:\/\/medinstrus.lt\/de\/produkt\/lppower-linea-motorisierter-phoropterarm\/\" \/>\n<meta property=\"og:site_name\" content=\"Medinstrus\" \/>\n<meta property=\"article:publisher\" content=\"https:\/\/www.facebook.com\/medinstrus\/\" \/>\n<meta property=\"og:image\" content=\"https:\/\/medinstrus.lt\/wp-content\/uploads\/2024\/07\/Medinstrus-accessoires-LPPower-Phoropter-arm-LIN-A-POWER-motorized-scaled.jpg\" \/>\n\t<meta property=\"og:image:width\" content=\"2560\" \/>\n\t<meta property=\"og:image:height\" content=\"1707\" \/>\n\t<meta property=\"og:image:type\" content=\"image\/jpeg\" \/>\n<meta name=\"twitter:card\" content=\"summary_large_image\" \/>\n<meta name=\"twitter:label1\" content=\"Gesch\u00e4tzte Lesezeit\" \/>\n\t<meta name=\"twitter:data1\" content=\"1\u00a0Minute\" \/>\n<script type=\"application\/ld+json\" class=\"yoast-schema-graph\">{\"@context\":\"https:\\\/\\\/schema.org\",\"@graph\":[{\"@type\":\"WebPage\",\"@id\":\"https:\\\/\\\/medinstrus.lt\\\/de\\\/produkt\\\/lppower-linea-motorisierter-phoropterarm\\\/\",\"url\":\"https:\\\/\\\/medinstrus.lt\\\/de\\\/produkt\\\/lppower-linea-motorisierter-phoropterarm\\\/\",\"name\":\"LPPower - LINEA motorisierter Phoropterarm - Medinstrus\",\"isPartOf\":{\"@id\":\"https:\\\/\\\/medinstrus.lt\\\/de\\\/#website\"},\"primaryImageOfPage\":{\"@id\":\"https:\\\/\\\/medinstrus.lt\\\/de\\\/produkt\\\/lppower-linea-motorisierter-phoropterarm\\\/#primaryimage\"},\"image\":{\"@id\":\"https:\\\/\\\/medinstrus.lt\\\/de\\\/produkt\\\/lppower-linea-motorisierter-phoropterarm\\\/#primaryimage\"},\"thumbnailUrl\":\"https:\\\/\\\/medinstrus.lt\\\/wp-content\\\/uploads\\\/2024\\\/07\\\/Medinstrus-accessoires-LPPower-Phoropter-arm-LIN-A-POWER-motorized-scaled.jpg\",\"datePublished\":\"2024-07-11T11:01:18+00:00\",\"breadcrumb\":{\"@id\":\"https:\\\/\\\/medinstrus.lt\\\/de\\\/produkt\\\/lppower-linea-motorisierter-phoropterarm\\\/#breadcrumb\"},\"inLanguage\":\"de\",\"potentialAction\":[{\"@type\":\"ReadAction\",\"target\":[\"https:\\\/\\\/medinstrus.lt\\\/de\\\/produkt\\\/lppower-linea-motorisierter-phoropterarm\\\/\"]}]},{\"@type\":\"ImageObject\",\"inLanguage\":\"de\",\"@id\":\"https:\\\/\\\/medinstrus.lt\\\/de\\\/produkt\\\/lppower-linea-motorisierter-phoropterarm\\\/#primaryimage\",\"url\":\"https:\\\/\\\/medinstrus.lt\\\/wp-content\\\/uploads\\\/2024\\\/07\\\/Medinstrus-accessoires-LPPower-Phoropter-arm-LIN-A-POWER-motorized-scaled.jpg\",\"contentUrl\":\"https:\\\/\\\/medinstrus.lt\\\/wp-content\\\/uploads\\\/2024\\\/07\\\/Medinstrus-accessoires-LPPower-Phoropter-arm-LIN-A-POWER-motorized-scaled.jpg\",\"width\":2560,\"height\":1707},{\"@type\":\"BreadcrumbList\",\"@id\":\"https:\\\/\\\/medinstrus.lt\\\/de\\\/produkt\\\/lppower-linea-motorisierter-phoropterarm\\\/#breadcrumb\",\"itemListElement\":[{\"@type\":\"ListItem\",\"position\":1,\"name\":\"Home\",\"item\":\"https:\\\/\\\/medinstrus.lt\\\/de\\\/homepage\\\/\"},{\"@type\":\"ListItem\",\"position\":2,\"name\":\"Shop\",\"item\":\"https:\\\/\\\/medinstrus.lt\\\/de\\\/shop\\\/\"},{\"@type\":\"ListItem\",\"position\":3,\"name\":\"LPPower &#8211; LINEA motorisierter Phoropterarm\"}]},{\"@type\":\"WebSite\",\"@id\":\"https:\\\/\\\/medinstrus.lt\\\/de\\\/#website\",\"url\":\"https:\\\/\\\/medinstrus.lt\\\/de\\\/\",\"name\":\"https:\\\/\\\/medinstrus.com\\\/\",\"description\":\"Simplicity combined with functionality.\",\"publisher\":{\"@id\":\"https:\\\/\\\/medinstrus.lt\\\/de\\\/#organization\"},\"potentialAction\":[{\"@type\":\"SearchAction\",\"target\":{\"@type\":\"EntryPoint\",\"urlTemplate\":\"https:\\\/\\\/medinstrus.lt\\\/de\\\/?s={search_term_string}\"},\"query-input\":{\"@type\":\"PropertyValueSpecification\",\"valueRequired\":true,\"valueName\":\"search_term_string\"}}],\"inLanguage\":\"de\"},{\"@type\":\"Organization\",\"@id\":\"https:\\\/\\\/medinstrus.lt\\\/de\\\/#organization\",\"name\":\"Medinstrus\",\"url\":\"https:\\\/\\\/medinstrus.lt\\\/de\\\/\",\"logo\":{\"@type\":\"ImageObject\",\"inLanguage\":\"de\",\"@id\":\"https:\\\/\\\/medinstrus.lt\\\/de\\\/#\\\/schema\\\/logo\\\/image\\\/\",\"url\":\"https:\\\/\\\/medinstrus.lt\\\/wp-content\\\/uploads\\\/2025\\\/02\\\/Medinstrus-v1.png\",\"contentUrl\":\"https:\\\/\\\/medinstrus.lt\\\/wp-content\\\/uploads\\\/2025\\\/02\\\/Medinstrus-v1.png\",\"width\":723,\"height\":96,\"caption\":\"Medinstrus\"},\"image\":{\"@id\":\"https:\\\/\\\/medinstrus.lt\\\/de\\\/#\\\/schema\\\/logo\\\/image\\\/\"},\"sameAs\":[\"https:\\\/\\\/www.facebook.com\\\/medinstrus\\\/\",\"https:\\\/\\\/www.instagram.com\\\/Medinstrus\"]}]}<\/script>\n<!-- \/ Yoast SEO Premium plugin. -->","yoast_head_json":{"title":"LPPower - LINEA motorisierter Phoropterarm - Medinstrus","robots":{"index":"index","follow":"follow","max-snippet":"max-snippet:-1","max-image-preview":"max-image-preview:large","max-video-preview":"max-video-preview:-1"},"canonical":"https:\/\/medinstrus.lt\/de\/produkt\/lppower-linea-motorisierter-phoropterarm\/","og_locale":"de_DE","og_type":"article","og_title":"LPPower - LINEA motorisierter Phoropterarm","og_description":"Der motorisierte LPPower LINEA Phoropterarm wurde entwickelt, um eine pr\u00e4zise und m\u00fchelose motorisierte horizontale Bewegung des Phoropters zu erm\u00f6glichen und so die Effizienz und Genauigkeit von ophthalmologischen Untersuchungen zu verbessern. Dieser motorisierte Arm sorgt f\u00fcr einen reibungslosen und stabilen Betrieb, der optimalen Patientenkomfort und die Bequemlichkeit des Arztes erm\u00f6glicht.","og_url":"https:\/\/medinstrus.lt\/de\/produkt\/lppower-linea-motorisierter-phoropterarm\/","og_site_name":"Medinstrus","article_publisher":"https:\/\/www.facebook.com\/medinstrus\/","og_image":[{"width":2560,"height":1707,"url":"https:\/\/medinstrus.lt\/wp-content\/uploads\/2024\/07\/Medinstrus-accessoires-LPPower-Phoropter-arm-LIN-A-POWER-motorized-scaled.jpg","type":"image\/jpeg"}],"twitter_card":"summary_large_image","twitter_misc":{"Gesch\u00e4tzte Lesezeit":"1\u00a0Minute"},"schema":{"@context":"https:\/\/schema.org","@graph":[{"@type":"WebPage","@id":"https:\/\/medinstrus.lt\/de\/produkt\/lppower-linea-motorisierter-phoropterarm\/","url":"https:\/\/medinstrus.lt\/de\/produkt\/lppower-linea-motorisierter-phoropterarm\/","name":"LPPower - LINEA motorisierter Phoropterarm - Medinstrus","isPartOf":{"@id":"https:\/\/medinstrus.lt\/de\/#website"},"primaryImageOfPage":{"@id":"https:\/\/medinstrus.lt\/de\/produkt\/lppower-linea-motorisierter-phoropterarm\/#primaryimage"},"image":{"@id":"https:\/\/medinstrus.lt\/de\/produkt\/lppower-linea-motorisierter-phoropterarm\/#primaryimage"},"thumbnailUrl":"https:\/\/medinstrus.lt\/wp-content\/uploads\/2024\/07\/Medinstrus-accessoires-LPPower-Phoropter-arm-LIN-A-POWER-motorized-scaled.jpg","datePublished":"2024-07-11T11:01:18+00:00","breadcrumb":{"@id":"https:\/\/medinstrus.lt\/de\/produkt\/lppower-linea-motorisierter-phoropterarm\/#breadcrumb"},"inLanguage":"de","potentialAction":[{"@type":"ReadAction","target":["https:\/\/medinstrus.lt\/de\/produkt\/lppower-linea-motorisierter-phoropterarm\/"]}]},{"@type":"ImageObject","inLanguage":"de","@id":"https:\/\/medinstrus.lt\/de\/produkt\/lppower-linea-motorisierter-phoropterarm\/#primaryimage","url":"https:\/\/medinstrus.lt\/wp-content\/uploads\/2024\/07\/Medinstrus-accessoires-LPPower-Phoropter-arm-LIN-A-POWER-motorized-scaled.jpg","contentUrl":"https:\/\/medinstrus.lt\/wp-content\/uploads\/2024\/07\/Medinstrus-accessoires-LPPower-Phoropter-arm-LIN-A-POWER-motorized-scaled.jpg","width":2560,"height":1707},{"@type":"BreadcrumbList","@id":"https:\/\/medinstrus.lt\/de\/produkt\/lppower-linea-motorisierter-phoropterarm\/#breadcrumb","itemListElement":[{"@type":"ListItem","position":1,"name":"Home","item":"https:\/\/medinstrus.lt\/de\/homepage\/"},{"@type":"ListItem","position":2,"name":"Shop","item":"https:\/\/medinstrus.lt\/de\/shop\/"},{"@type":"ListItem","position":3,"name":"LPPower &#8211; LINEA motorisierter Phoropterarm"}]},{"@type":"WebSite","@id":"https:\/\/medinstrus.lt\/de\/#website","url":"https:\/\/medinstrus.lt\/de\/","name":"https:\/\/medinstrus.com\/","description":"Simplicity combined with functionality.","publisher":{"@id":"https:\/\/medinstrus.lt\/de\/#organization"},"potentialAction":[{"@type":"SearchAction","target":{"@type":"EntryPoint","urlTemplate":"https:\/\/medinstrus.lt\/de\/?s={search_term_string}"},"query-input":{"@type":"PropertyValueSpecification","valueRequired":true,"valueName":"search_term_string"}}],"inLanguage":"de"},{"@type":"Organization","@id":"https:\/\/medinstrus.lt\/de\/#organization","name":"Medinstrus","url":"https:\/\/medinstrus.lt\/de\/","logo":{"@type":"ImageObject","inLanguage":"de","@id":"https:\/\/medinstrus.lt\/de\/#\/schema\/logo\/image\/","url":"https:\/\/medinstrus.lt\/wp-content\/uploads\/2025\/02\/Medinstrus-v1.png","contentUrl":"https:\/\/medinstrus.lt\/wp-content\/uploads\/2025\/02\/Medinstrus-v1.png","width":723,"height":96,"caption":"Medinstrus"},"image":{"@id":"https:\/\/medinstrus.lt\/de\/#\/schema\/logo\/image\/"},"sameAs":["https:\/\/www.facebook.com\/medinstrus\/","https:\/\/www.instagram.com\/Medinstrus"]}]}},"_links":{"self":[{"href":"https:\/\/medinstrus.lt\/de\/wp-json\/wp\/v2\/product\/3389","targetHints":{"allow":["GET"]}}],"collection":[{"href":"https:\/\/medinstrus.lt\/de\/wp-json\/wp\/v2\/product"}],"about":[{"href":"https:\/\/medinstrus.lt\/de\/wp-json\/wp\/v2\/types\/product"}],"replies":[{"embeddable":true,"href":"https:\/\/medinstrus.lt\/de\/wp-json\/wp\/v2\/comments?post=3389"}],"wp:featuredmedia":[{"embeddable":true,"href":"https:\/\/medinstrus.lt\/de\/wp-json\/wp\/v2\/media\/2031"}],"wp:attachment":[{"href":"https:\/\/medinstrus.lt\/de\/wp-json\/wp\/v2\/media?parent=3389"}],"wp:term":[{"taxonomy":"product_brand","embeddable":true,"href":"https:\/\/medinstrus.lt\/de\/wp-json\/wp\/v2\/product_brand?post=3389"},{"taxonomy":"product_cat","embeddable":true,"href":"https:\/\/medinstrus.lt\/de\/wp-json\/wp\/v2\/product_cat?post=3389"},{"taxonomy":"product_tag","embeddable":true,"href":"https:\/\/medinstrus.lt\/de\/wp-json\/wp\/v2\/product_tag?post=3389"}],"curies":[{"name":"wp","href":"https:\/\/api.w.org\/{rel}","templated":true}]}}