{"id":3383,"date":"2024-07-29T20:33:21","date_gmt":"2024-07-29T17:33:21","guid":{"rendered":"https:\/\/medinstrus.lt\/product\/inspired\/"},"modified":"2024-07-29T20:33:21","modified_gmt":"2024-07-29T17:33:21","slug":"inspired","status":"publish","type":"product","link":"https:\/\/medinstrus.lt\/de\/produkt\/inspired\/","title":{"rendered":"INSPIRED"},"content":{"rendered":"<p><strong>Wichtige Merkmale:<\/strong><\/p>\n<p><strong>Vielseitige Tischplattenoptionen:<\/strong><\/p>\n<ul>\n<li><strong>Modell In01S:<\/strong> Verschiebbare Tischplatte f\u00fcr zwei Instrumente, die einen einfachen Zugang und eine sichere Verriegelung vor dem Patienten erm\u00f6glicht.<\/li>\n<li><strong>Modell In01R:<\/strong> Drehbare Tischplatte f\u00fcr zwei Instrumente, arretierbar in jeder Position f\u00fcr Flexibilit\u00e4t bei Untersuchungen.<\/li>\n<\/ul>\n<p><strong>Ergonomischer und verstellbarer Stuhl:<\/strong><\/p>\n<ul>\n<li>Der Stuhl verf\u00fcgt \u00fcber eine vertikale Bewegung, die \u00fcber ein integriertes Touchpanel auf der Tischplatte und einen optionalen Fu\u00dfschalter eingestellt werden kann.<\/li>\n<li>Die verstellbare R\u00fcckenlehne, die Kopfst\u00fctze und die verschiedenen Armlehnenoptionen (fest, hochklappbar oder mit Stuhlpolsterung) sorgen f\u00fcr den Komfort des Patienten.<\/li>\n<li>Der Stuhl kann f\u00fcr eine optimale Positionierung manuell (13 cm) oder motorisch (14 cm) nach vorne und hinten geschoben werden.<\/li>\n<\/ul>\n<p><strong>Integrierte Beleuchtung:<\/strong><\/p>\n<ul>\n<li>S\u00e4ule mit LED-Kopfleuchte mit einstellbarer Beleuchtung f\u00fcr pr\u00e4zise Untersuchungsbedingungen.<\/li>\n<li>Unterst\u00fctzung f\u00fcr Kartenprojektor und zus\u00e4tzliche Instrumente, wie z.B. Auto-Objektivmesser und Auto-Phoropter.<\/li>\n<\/ul>\n<p><strong>Zug\u00e4nglichkeit<\/strong>:<\/p>\n<ul>\n<li>Der abnehmbare Stuhl ist f\u00fcr den Zugang mit dem Rollstuhl geeignet und erm\u00f6glicht so die Inklusion aller Patienten.<\/li>\n<li>Verstellbare Kinnst\u00fctzen und Fu\u00dfst\u00fctzen (fest, hochklappbar oder als Rohr).<\/li>\n<\/ul>\n<p><strong>Umfassende Energieoptionen:<\/strong><\/p>\n<ul>\n<li>Integrierte einstellbare Transformatoren f\u00fcr Spaltlampe\/Ophthalmometer.<\/li>\n<li>230V-Steckdose f\u00fcr zus\u00e4tzliche Ger\u00e4te, damit alle Ihre Ger\u00e4te mit Strom versorgt werden und einsatzbereit sind.<\/li>\n<\/ul>\n<p><strong>Anpassungsm\u00f6glichkeiten:<\/strong><\/p>\n<ul>\n<li><strong>Farbauswahl:<\/strong> Das INSPIRED-Ger\u00e4t ist in einer Vielzahl von Farben f\u00fcr Metallteile, Stuhl und Tischplatte erh\u00e4ltlich, so dass Sie das Ger\u00e4t an die \u00c4sthetik Ihrer Praxis anpassen k\u00f6nnen.<\/li>\n<li><strong>Konvertierung f\u00fcr Linksh\u00e4nder:<\/strong> Leicht in eine Linksh\u00e4nderversion umwandelbar, so dass es sich an die Bed\u00fcrfnisse eines jeden Arztes anpassen l\u00e4sst.<\/li>\n<li><strong>Optionales Zubeh\u00f6r:<\/strong> Installierte Datenkabel (Fire Wire, USB, RS232), ein St\u00e4nder f\u00fcr das Bedienfeld eines digitalen Phoropters, ein Schrank auf Rollen mit Schubladen und ein Kopfkissen f\u00fcr Kinder.<\/li>\n<\/ul>\n<p><strong>Zus\u00e4tzliche Merkmale:<\/strong><\/p>\n<ul>\n<li><strong>Touch-Bedienfeld:<\/strong> Integriertes Touch-Bedienfeld f\u00fcr einfache Einstellungen.<\/li>\n<li><strong>Motorisierte Stuhlschiebevorrichtung:<\/strong> Erm\u00f6glicht sanfte Vorw\u00e4rts- und R\u00fcckw\u00e4rtsbewegungen.<\/li>\n<li><strong>Verstellbarer Adapter f\u00fcr die Kinnst\u00fctze:<\/strong> Sorgt f\u00fcr eine pr\u00e4zise Positionierung bei Untersuchungen.<\/li>\n<li><strong>Behindertengerechter Zugang:<\/strong> Das Ger\u00e4t ist so konzipiert, dass es auch Patienten mit Behinderungen aufnehmen kann, was seine Vielseitigkeit erh\u00f6ht.<\/li>\n<\/ul>\n","protected":false},"excerpt":{"rendered":"<p><strong>Refraktionseinheit INSPIRED<\/strong><\/p>\n<p>Das INSPIRED Refraktionsger\u00e4t ist eine hochentwickelte und vollst\u00e4ndig anpassbare L\u00f6sung, die die Effizienz und den Komfort von augen\u00e4rztlichen Untersuchungen verbessert. Es kombiniert fortschrittliche Funktionalit\u00e4t mit einem schlanken, modernen Design und ist damit eine ideale Erg\u00e4nzung f\u00fcr jede professionelle Praxis. <\/p>\n<p>Das INSPIRED Refraktionsger\u00e4t kombiniert fortschrittliche Technologie mit ergonomischem Design und bietet eine vollst\u00e4ndig anpassbare und effiziente L\u00f6sung f\u00fcr moderne Augenarztpraxen. Verbessern Sie Ihre Patientenversorgung und rationalisieren Sie Ihren Arbeitsablauf mit diesem hochmodernen Ger\u00e4t. <\/p>\n","protected":false},"featured_media":2133,"comment_status":"closed","ping_status":"closed","template":"","meta":{"_acf_changed":false},"product_brand":[],"product_cat":[163],"product_tag":[281,280,282],"class_list":{"0":"post-3383","1":"product","2":"type-product","3":"status-publish","4":"has-post-thumbnail","6":"product_cat-refraktionseinheiten","7":"product_tag-innovatives-design","8":"product_tag-inspired-refraktionseinheit","9":"product_tag-moderne-ophthalmologische-ausrustung","11":"first","12":"instock","13":"shipping-taxable","14":"product-type-simple"},"acf":[],"gallery_images":[2137,2135,2131],"yoast_head":"<!-- This site is optimized with the Yoast SEO Premium plugin v27.4 (Yoast SEO v27.4) - https:\/\/yoast.com\/product\/yoast-seo-premium-wordpress\/ -->\n<title>Ophthalmologisches Refraktionsger\u00e4t Inspiriert - Medinstrus<\/title>\n<meta name=\"description\" content=\"Entdecken Sie das INSPIRED Refraktionsger\u00e4t, das innovatives Design mit Funktionalit\u00e4t f\u00fcr moderne Augenarztpraxen verbindet. Individuell anpassbar an Ihre Bed\u00fcrfnisse.\" \/>\n<meta name=\"robots\" content=\"index, follow, max-snippet:-1, max-image-preview:large, max-video-preview:-1\" \/>\n<link rel=\"canonical\" href=\"https:\/\/medinstrus.lt\/de\/produkt\/inspired\/\" \/>\n<meta property=\"og:locale\" content=\"de_DE\" \/>\n<meta property=\"og:type\" content=\"article\" \/>\n<meta property=\"og:title\" content=\"INSPIRED\" \/>\n<meta property=\"og:description\" content=\"Entdecken Sie das INSPIRED Refraktionsger\u00e4t, das innovatives Design mit Funktionalit\u00e4t f\u00fcr moderne Augenarztpraxen verbindet. Individuell anpassbar an Ihre Bed\u00fcrfnisse.\" \/>\n<meta property=\"og:url\" content=\"https:\/\/medinstrus.lt\/de\/produkt\/inspired\/\" \/>\n<meta property=\"og:site_name\" content=\"Medinstrus\" \/>\n<meta property=\"article:publisher\" content=\"https:\/\/www.facebook.com\/medinstrus\/\" \/>\n<meta property=\"og:image\" content=\"https:\/\/medinstrus.lt\/wp-content\/uploads\/2024\/07\/website-units-inspired-medinstrus-2-scaled.jpg\" \/>\n\t<meta property=\"og:image:width\" content=\"2250\" \/>\n\t<meta property=\"og:image:height\" content=\"2560\" \/>\n\t<meta property=\"og:image:type\" content=\"image\/jpeg\" \/>\n<meta name=\"twitter:card\" content=\"summary_large_image\" \/>\n<meta name=\"twitter:label1\" content=\"Gesch\u00e4tzte Lesezeit\" \/>\n\t<meta name=\"twitter:data1\" content=\"2\u00a0Minuten\" \/>\n<script type=\"application\/ld+json\" class=\"yoast-schema-graph\">{\"@context\":\"https:\\\/\\\/schema.org\",\"@graph\":[{\"@type\":\"WebPage\",\"@id\":\"https:\\\/\\\/medinstrus.lt\\\/de\\\/produkt\\\/inspired\\\/\",\"url\":\"https:\\\/\\\/medinstrus.lt\\\/de\\\/produkt\\\/inspired\\\/\",\"name\":\"Ophthalmologisches Refraktionsger\u00e4t Inspiriert - Medinstrus\",\"isPartOf\":{\"@id\":\"https:\\\/\\\/medinstrus.lt\\\/de\\\/#website\"},\"primaryImageOfPage\":{\"@id\":\"https:\\\/\\\/medinstrus.lt\\\/de\\\/produkt\\\/inspired\\\/#primaryimage\"},\"image\":{\"@id\":\"https:\\\/\\\/medinstrus.lt\\\/de\\\/produkt\\\/inspired\\\/#primaryimage\"},\"thumbnailUrl\":\"https:\\\/\\\/medinstrus.lt\\\/wp-content\\\/uploads\\\/2024\\\/07\\\/website-units-inspired-medinstrus-2-scaled.jpg\",\"datePublished\":\"2024-07-29T17:33:21+00:00\",\"description\":\"Entdecken Sie das INSPIRED Refraktionsger\u00e4t, das innovatives Design mit Funktionalit\u00e4t f\u00fcr moderne Augenarztpraxen verbindet. Individuell anpassbar an Ihre Bed\u00fcrfnisse.\",\"breadcrumb\":{\"@id\":\"https:\\\/\\\/medinstrus.lt\\\/de\\\/produkt\\\/inspired\\\/#breadcrumb\"},\"inLanguage\":\"de\",\"potentialAction\":[{\"@type\":\"ReadAction\",\"target\":[\"https:\\\/\\\/medinstrus.lt\\\/de\\\/produkt\\\/inspired\\\/\"]}]},{\"@type\":\"ImageObject\",\"inLanguage\":\"de\",\"@id\":\"https:\\\/\\\/medinstrus.lt\\\/de\\\/produkt\\\/inspired\\\/#primaryimage\",\"url\":\"https:\\\/\\\/medinstrus.lt\\\/wp-content\\\/uploads\\\/2024\\\/07\\\/website-units-inspired-medinstrus-2-scaled.jpg\",\"contentUrl\":\"https:\\\/\\\/medinstrus.lt\\\/wp-content\\\/uploads\\\/2024\\\/07\\\/website-units-inspired-medinstrus-2-scaled.jpg\",\"width\":2250,\"height\":2560,\"caption\":\"INSPIRED refraction unit for modern ophthalmic practices\"},{\"@type\":\"BreadcrumbList\",\"@id\":\"https:\\\/\\\/medinstrus.lt\\\/de\\\/produkt\\\/inspired\\\/#breadcrumb\",\"itemListElement\":[{\"@type\":\"ListItem\",\"position\":1,\"name\":\"Home\",\"item\":\"https:\\\/\\\/medinstrus.lt\\\/de\\\/homepage\\\/\"},{\"@type\":\"ListItem\",\"position\":2,\"name\":\"Shop\",\"item\":\"https:\\\/\\\/medinstrus.lt\\\/de\\\/shop\\\/\"},{\"@type\":\"ListItem\",\"position\":3,\"name\":\"INSPIRED\"}]},{\"@type\":\"WebSite\",\"@id\":\"https:\\\/\\\/medinstrus.lt\\\/de\\\/#website\",\"url\":\"https:\\\/\\\/medinstrus.lt\\\/de\\\/\",\"name\":\"https:\\\/\\\/medinstrus.com\\\/\",\"description\":\"Simplicity combined with functionality.\",\"publisher\":{\"@id\":\"https:\\\/\\\/medinstrus.lt\\\/de\\\/#organization\"},\"potentialAction\":[{\"@type\":\"SearchAction\",\"target\":{\"@type\":\"EntryPoint\",\"urlTemplate\":\"https:\\\/\\\/medinstrus.lt\\\/de\\\/?s={search_term_string}\"},\"query-input\":{\"@type\":\"PropertyValueSpecification\",\"valueRequired\":true,\"valueName\":\"search_term_string\"}}],\"inLanguage\":\"de\"},{\"@type\":\"Organization\",\"@id\":\"https:\\\/\\\/medinstrus.lt\\\/de\\\/#organization\",\"name\":\"Medinstrus\",\"url\":\"https:\\\/\\\/medinstrus.lt\\\/de\\\/\",\"logo\":{\"@type\":\"ImageObject\",\"inLanguage\":\"de\",\"@id\":\"https:\\\/\\\/medinstrus.lt\\\/de\\\/#\\\/schema\\\/logo\\\/image\\\/\",\"url\":\"https:\\\/\\\/medinstrus.lt\\\/wp-content\\\/uploads\\\/2025\\\/02\\\/Medinstrus-v1.png\",\"contentUrl\":\"https:\\\/\\\/medinstrus.lt\\\/wp-content\\\/uploads\\\/2025\\\/02\\\/Medinstrus-v1.png\",\"width\":723,\"height\":96,\"caption\":\"Medinstrus\"},\"image\":{\"@id\":\"https:\\\/\\\/medinstrus.lt\\\/de\\\/#\\\/schema\\\/logo\\\/image\\\/\"},\"sameAs\":[\"https:\\\/\\\/www.facebook.com\\\/medinstrus\\\/\",\"https:\\\/\\\/www.instagram.com\\\/Medinstrus\"]}]}<\/script>\n<!-- \/ Yoast SEO Premium plugin. -->","yoast_head_json":{"title":"Ophthalmologisches Refraktionsger\u00e4t Inspiriert - Medinstrus","description":"Entdecken Sie das INSPIRED Refraktionsger\u00e4t, das innovatives Design mit Funktionalit\u00e4t f\u00fcr moderne Augenarztpraxen verbindet. Individuell anpassbar an Ihre Bed\u00fcrfnisse.","robots":{"index":"index","follow":"follow","max-snippet":"max-snippet:-1","max-image-preview":"max-image-preview:large","max-video-preview":"max-video-preview:-1"},"canonical":"https:\/\/medinstrus.lt\/de\/produkt\/inspired\/","og_locale":"de_DE","og_type":"article","og_title":"INSPIRED","og_description":"Entdecken Sie das INSPIRED Refraktionsger\u00e4t, das innovatives Design mit Funktionalit\u00e4t f\u00fcr moderne Augenarztpraxen verbindet. Individuell anpassbar an Ihre Bed\u00fcrfnisse.","og_url":"https:\/\/medinstrus.lt\/de\/produkt\/inspired\/","og_site_name":"Medinstrus","article_publisher":"https:\/\/www.facebook.com\/medinstrus\/","og_image":[{"width":2250,"height":2560,"url":"https:\/\/medinstrus.lt\/wp-content\/uploads\/2024\/07\/website-units-inspired-medinstrus-2-scaled.jpg","type":"image\/jpeg"}],"twitter_card":"summary_large_image","twitter_misc":{"Gesch\u00e4tzte Lesezeit":"2\u00a0Minuten"},"schema":{"@context":"https:\/\/schema.org","@graph":[{"@type":"WebPage","@id":"https:\/\/medinstrus.lt\/de\/produkt\/inspired\/","url":"https:\/\/medinstrus.lt\/de\/produkt\/inspired\/","name":"Ophthalmologisches Refraktionsger\u00e4t Inspiriert - Medinstrus","isPartOf":{"@id":"https:\/\/medinstrus.lt\/de\/#website"},"primaryImageOfPage":{"@id":"https:\/\/medinstrus.lt\/de\/produkt\/inspired\/#primaryimage"},"image":{"@id":"https:\/\/medinstrus.lt\/de\/produkt\/inspired\/#primaryimage"},"thumbnailUrl":"https:\/\/medinstrus.lt\/wp-content\/uploads\/2024\/07\/website-units-inspired-medinstrus-2-scaled.jpg","datePublished":"2024-07-29T17:33:21+00:00","description":"Entdecken Sie das INSPIRED Refraktionsger\u00e4t, das innovatives Design mit Funktionalit\u00e4t f\u00fcr moderne Augenarztpraxen verbindet. Individuell anpassbar an Ihre Bed\u00fcrfnisse.","breadcrumb":{"@id":"https:\/\/medinstrus.lt\/de\/produkt\/inspired\/#breadcrumb"},"inLanguage":"de","potentialAction":[{"@type":"ReadAction","target":["https:\/\/medinstrus.lt\/de\/produkt\/inspired\/"]}]},{"@type":"ImageObject","inLanguage":"de","@id":"https:\/\/medinstrus.lt\/de\/produkt\/inspired\/#primaryimage","url":"https:\/\/medinstrus.lt\/wp-content\/uploads\/2024\/07\/website-units-inspired-medinstrus-2-scaled.jpg","contentUrl":"https:\/\/medinstrus.lt\/wp-content\/uploads\/2024\/07\/website-units-inspired-medinstrus-2-scaled.jpg","width":2250,"height":2560,"caption":"INSPIRED refraction unit for modern ophthalmic practices"},{"@type":"BreadcrumbList","@id":"https:\/\/medinstrus.lt\/de\/produkt\/inspired\/#breadcrumb","itemListElement":[{"@type":"ListItem","position":1,"name":"Home","item":"https:\/\/medinstrus.lt\/de\/homepage\/"},{"@type":"ListItem","position":2,"name":"Shop","item":"https:\/\/medinstrus.lt\/de\/shop\/"},{"@type":"ListItem","position":3,"name":"INSPIRED"}]},{"@type":"WebSite","@id":"https:\/\/medinstrus.lt\/de\/#website","url":"https:\/\/medinstrus.lt\/de\/","name":"https:\/\/medinstrus.com\/","description":"Simplicity combined with functionality.","publisher":{"@id":"https:\/\/medinstrus.lt\/de\/#organization"},"potentialAction":[{"@type":"SearchAction","target":{"@type":"EntryPoint","urlTemplate":"https:\/\/medinstrus.lt\/de\/?s={search_term_string}"},"query-input":{"@type":"PropertyValueSpecification","valueRequired":true,"valueName":"search_term_string"}}],"inLanguage":"de"},{"@type":"Organization","@id":"https:\/\/medinstrus.lt\/de\/#organization","name":"Medinstrus","url":"https:\/\/medinstrus.lt\/de\/","logo":{"@type":"ImageObject","inLanguage":"de","@id":"https:\/\/medinstrus.lt\/de\/#\/schema\/logo\/image\/","url":"https:\/\/medinstrus.lt\/wp-content\/uploads\/2025\/02\/Medinstrus-v1.png","contentUrl":"https:\/\/medinstrus.lt\/wp-content\/uploads\/2025\/02\/Medinstrus-v1.png","width":723,"height":96,"caption":"Medinstrus"},"image":{"@id":"https:\/\/medinstrus.lt\/de\/#\/schema\/logo\/image\/"},"sameAs":["https:\/\/www.facebook.com\/medinstrus\/","https:\/\/www.instagram.com\/Medinstrus"]}]}},"_links":{"self":[{"href":"https:\/\/medinstrus.lt\/de\/wp-json\/wp\/v2\/product\/3383","targetHints":{"allow":["GET"]}}],"collection":[{"href":"https:\/\/medinstrus.lt\/de\/wp-json\/wp\/v2\/product"}],"about":[{"href":"https:\/\/medinstrus.lt\/de\/wp-json\/wp\/v2\/types\/product"}],"replies":[{"embeddable":true,"href":"https:\/\/medinstrus.lt\/de\/wp-json\/wp\/v2\/comments?post=3383"}],"wp:featuredmedia":[{"embeddable":true,"href":"https:\/\/medinstrus.lt\/de\/wp-json\/wp\/v2\/media\/2133"}],"wp:attachment":[{"href":"https:\/\/medinstrus.lt\/de\/wp-json\/wp\/v2\/media?parent=3383"}],"wp:term":[{"taxonomy":"product_brand","embeddable":true,"href":"https:\/\/medinstrus.lt\/de\/wp-json\/wp\/v2\/product_brand?post=3383"},{"taxonomy":"product_cat","embeddable":true,"href":"https:\/\/medinstrus.lt\/de\/wp-json\/wp\/v2\/product_cat?post=3383"},{"taxonomy":"product_tag","embeddable":true,"href":"https:\/\/medinstrus.lt\/de\/wp-json\/wp\/v2\/product_tag?post=3383"}],"curies":[{"name":"wp","href":"https:\/\/api.w.org\/{rel}","templated":true}]}}